{"id":12565,"date":"2024-10-07T10:40:10","date_gmt":"2024-10-07T08:40:10","guid":{"rendered":"https:\/\/strangercam.com\/?page_id=12565"},"modified":"2025-02-04T09:34:08","modified_gmt":"2025-02-04T07:34:08","slug":"chamet","status":"publish","type":"page","link":"https:\/\/strangercam.com\/cs\/chamet\/","title":{"rendered":"Chamet"},"content":{"rendered":"<p>Hled\u00e1te \u017eiv\u00e9 video <a href=\"https:\/\/strangercam.com\/cs\/chatroulette\/\">chat<\/a> aplikace na <a href=\"https:\/\/strangercam.com\/cs\/coomeet\/\">Seznamte se s<\/a> nov\u00e9 lidi, zapojit se do rozhovor\u016f v re\u00e1ln\u00e9m \u010dase nebo jednodu\u0161e pozn\u00e1vat nov\u00e9 kultury? Chamet nab\u00edz\u00ed interaktivn\u00ed platformu pro videohovory jeden na jednoho, \u017eiv\u00e9 p\u0159enosy a skupinov\u00e9 chaty, kter\u00e1 spojuje u\u017eivatele po cel\u00e9m sv\u011bt\u011b. V tomto podrobn\u00e9m p\u0159ehledu se sezn\u00e1m\u00edme s kl\u00ed\u010dov\u00fdmi funkcemi slu\u017eby Chamet, jej\u00edm fungov\u00e1n\u00edm a s t\u00edm, \u010d\u00edm se li\u0161\u00ed od jin\u00fdch slu\u017eeb. <a href=\"https:\/\/strangercam.com\/cs\/rabbit-video-chat\/\">videochat<\/a> aplikac\u00ed na trhu.<\/p>\n<h2>Co je to Chamet?<\/h2>\n<p>Chamet je <strong>aplikace pro videochat<\/strong> k dispozici na za\u0159\u00edzen\u00edch se syst\u00e9mem iOS i Android. Jej\u00edm hlavn\u00edm c\u00edlem je pom\u00e1hat u\u017eivatel\u016fm:<\/p>\n<ul>\n<li><strong>Pozn\u00e1v\u00e1n\u00ed nov\u00fdch lid\u00ed<\/strong>: Objevte \u010derstv\u00e9 tv\u00e1\u0159e z cel\u00e9ho sv\u011bta.<\/li>\n<li><strong>Zapojte se do smyslupln\u00fdch rozhovor\u016f<\/strong>: Navazujte konverzace prost\u0159ednictv\u00edm \u017eiv\u00fdch videohovor\u016f nebo skupinov\u00fdch sezen\u00ed.<\/li>\n<li><strong>U\u017eijte si p\u0159eklady v re\u00e1ln\u00e9m \u010dase<\/strong>: P\u0159ekonejte jazykov\u00e9 bari\u00e9ry a spojte se s mezin\u00e1rodn\u00ed komunitou.<\/li>\n<li><strong>Pozn\u00e1v\u00e1n\u00ed r\u016fzn\u00fdch kultur<\/strong>: Poznejte r\u016fzn\u00e9 \u017eivotn\u00ed styly a prost\u0159ed\u00ed.<\/li>\n<\/ul>\n<p>Chamet kombinuje spont\u00e1nnost n\u00e1hodn\u00fdch videochat\u016f s u\u017eivatelsky p\u0159\u00edv\u011btiv\u00fdmi funkcemi, jako jsou zna\u010dky z\u00e1jm\u016f, virtu\u00e1ln\u00ed d\u00e1rky a m\u011bna v aplikaci, kter\u00e9 zlep\u0161uj\u00ed celkov\u00fd z\u00e1\u017eitek.<\/p>\n<h2>Kl\u00ed\u010dov\u00e9 vlastnosti<\/h2>\n<h3>1. \u017div\u00e9 videohovory<\/h3>\n<p>J\u00e1dro Chamet je <strong>individu\u00e1ln\u00ed videochaty<\/strong> kter\u00e9 v\u00e1m umo\u017en\u00ed okam\u017eit\u011b nav\u00e1zat kontakt s nov\u00fdmi lidmi. Hovor m\u016f\u017eete zah\u00e1jit pouh\u00fdm klepnut\u00edm, a pokud v\u00e1s konverzace nezaujme, m\u016f\u017eete se rychle p\u0159esunout a naj\u00edt jin\u00fd prot\u011bj\u0161ek.<\/p>\n<h3>2. Glob\u00e1ln\u00ed p\u00e1rov\u00e1n\u00ed<\/h3>\n<p>Chamet v\u00e1s spojuje s u\u017eivateli z r\u016fzn\u00fdch zem\u00ed, \u010d\u00edm\u017e zaji\u0161\u0165uje skute\u010dn\u00e9. <strong>glob\u00e1ln\u00ed komunita<\/strong>. To je ide\u00e1ln\u00ed pro v\u0161echny, kte\u0159\u00ed si cht\u011bj\u00ed procvi\u010dit nov\u00e9 jazyky nebo poznat r\u016fzn\u00e9 kultury z prvn\u00ed ruky.<\/p>\n<h3>3. P\u0159eklad v re\u00e1ln\u00e9m \u010dase<\/h3>\n<p>Pro p\u0159ekon\u00e1n\u00ed jazykov\u00fdch bari\u00e9r nab\u00edz\u00ed Chamet vestav\u011bn\u00fd p\u0159eklada\u010d, kter\u00fd dok\u00e1\u017ee automaticky p\u0159ekl\u00e1dat zpr\u00e1vy b\u011bhem videohovor\u016f. Tato funkce pom\u00e1h\u00e1 vytv\u00e1\u0159et hlad\u0161\u00ed konverzace bez ohledu na v\u00e1\u0161 rodn\u00fd jazyk.<\/p>\n<h3>4. Skupinov\u00e9 \u017eiv\u00e9 p\u0159enosy<\/h3>\n<p>Krom\u011b individu\u00e1ln\u00edch hovor\u016f podporuje Chamet tak\u00e9 skupinov\u00e9 \u017eiv\u00e9 p\u0159enosy, kdy se do virtu\u00e1ln\u00ed \u201cm\u00edstnosti\u201d m\u016f\u017ee p\u0159ipojit v\u00edce u\u017eivatel\u016f. Hostitel\u00e9 mohou komunikovat se sv\u00fdmi div\u00e1ky, co\u017e je ide\u00e1ln\u00ed pro:<\/p>\n<ul>\n<li><strong>Virtu\u00e1ln\u00ed ve\u010d\u00edrky<\/strong><\/li>\n<li><strong>Sezen\u00ed s ot\u00e1zkami a odpov\u011b\u010fmi<\/strong><\/li>\n<li><strong>Jazykov\u00e9 v\u00fdm\u011bnn\u00e9 skupiny<\/strong><\/li>\n<li><strong>P\u0159\u00edle\u017eitostn\u00e9 posezen\u00ed s p\u0159\u00e1teli<\/strong><\/li>\n<\/ul>\n<h3>5. Virtu\u00e1ln\u00ed d\u00e1rky a m\u011bna v aplikaci<\/h3>\n<p>Chamet obsahuje virtu\u00e1ln\u00ed ekonomiku s mo\u017enost\u00ed n\u00e1kupu. <strong>mince<\/strong>. Tyto mince lze pou\u017e\u00edt k pos\u00edl\u00e1n\u00ed z\u00e1bavy <strong>virtu\u00e1ln\u00ed d\u00e1rky<\/strong>-jako jsou samolepky a speci\u00e1ln\u00ed efekty - hostitel\u016fm nebo nov\u00fdm p\u0159\u00e1tel\u016fm. D\u00e1rky p\u0159id\u00e1vaj\u00ed vrstvu interakce a pom\u00e1haj\u00ed u\u017eivatel\u016fm vyniknout b\u011bhem p\u0159epln\u011bn\u00fdch \u017eiv\u00fdch p\u0159enos\u016f.<\/p>\n<h2>Jak Chamet funguje<\/h2>\n<h3>1. Rychl\u00e1 registrace<\/h3>\n<p>U\u017eivatel\u00e9 mohou <strong>zaregistrovat se<\/strong> prost\u0159ednictv\u00edm r\u016fzn\u00fdch metod, jako jsou:<\/p>\n<ul>\n<li>Ov\u011b\u0159en\u00ed telefonn\u00edho \u010d\u00edsla<\/li>\n<li>\u00fa\u010dty na soci\u00e1ln\u00edch s\u00edt\u00edch (jako je Facebook nebo Google)<\/li>\n<\/ul>\n<p>Po registraci si m\u016f\u017eete vytvo\u0159it stru\u010dn\u00fd profil a p\u0159izp\u016fsobit si ho pomoc\u00ed fotografi\u00ed nebo kr\u00e1tk\u00e9ho \u017eivotopisu.<\/p>\n<h3>2. Nastaven\u00ed a p\u0159i\u0159azen\u00ed profilu<\/h3>\n<p>Po registraci m\u00e1te mo\u017enost:<\/p>\n<ul>\n<li><strong>Zvolte si preference<\/strong> (nap\u0159. jazyky nebo z\u00e1jmy).<\/li>\n<li><strong>Povolen\u00ed zji\u0161\u0165ov\u00e1n\u00ed polohy<\/strong> pro v\u00edce lokalizovan\u00fdch chat\u016f<\/li>\n<li><strong>Pou\u017eit\u00ed z\u00e1jmov\u00fdch zna\u010dek<\/strong> naj\u00edt u\u017eivatele, kte\u0159\u00ed sd\u00edlej\u00ed va\u0161e kon\u00ed\u010dky.<\/li>\n<\/ul>\n<p>Algoritmus Chamet v\u00e1m pak pom\u016f\u017ee spojit se s u\u017eivateli v re\u00e1ln\u00e9m \u010dase.<\/p>\n<h3>3. Bezpe\u010dnostn\u00ed opat\u0159en\u00ed v aplikaci<\/h3>\n<p>P\u0159ed zah\u00e1jen\u00edm jak\u00e9koli videorelace nab\u00edz\u00ed Chamet z\u00e1kladn\u00ed n\u00e1stroje pro moderov\u00e1n\u00ed a ov\u011b\u0159ov\u00e1n\u00ed, kter\u00e9 zaji\u0161\u0165uj\u00ed, \u017ee u\u017eivatel\u00e9 na platform\u011b dodr\u017euj\u00ed pravidla komunity.<\/p>\n<h2>Bezpe\u010dnost a st\u0159\u00eddmost<\/h2>\n<p><a href=\"https:\/\/strangercam.com\/cs\/chathub\/\">N\u00e1hodn\u00fd videochat<\/a> aplikace se n\u011bkdy mohou setkat s nevhodn\u00fdm nebo \u0161kodliv\u00fdm obsahem. Spole\u010dnost Chamet \u0159e\u0161\u00ed tento probl\u00e9m t\u00edm, \u017ee:<\/p>\n<ul>\n<li><strong>Filtrov\u00e1n\u00ed obsahu pomoc\u00ed um\u011bl\u00e9 inteligence<\/strong>: Syst\u00e9m automaticky detekuje explicitn\u00ed nebo problematick\u00e9 chov\u00e1n\u00ed.<\/li>\n<li><strong>Hl\u00e1\u0161en\u00ed a blokov\u00e1n\u00ed<\/strong>: U\u017eivatel\u00e9 mohou snadno nahl\u00e1sit naru\u0161itele a zablokovat jim budouc\u00ed kontakt.<\/li>\n<li><strong>Pokyny Spole\u010denstv\u00ed<\/strong>: Chamet uplat\u0148uje pravidla proti explicitn\u00edmu nebo \u0161kodliv\u00e9mu chov\u00e1n\u00ed, p\u0159i\u010dem\u017e p\u0159i opakovan\u00e9m poru\u0161en\u00ed je mo\u017en\u00e9 pozastaven\u00ed \u00fa\u010dtu.<\/li>\n<\/ul>\n<h2>V\u00fdhody a nev\u00fdhody produktu Chamet<\/h2>\n<p>Jako ka\u017ed\u00e1 platforma m\u00e1 i Chamet sv\u00e9 v\u00fdhody a nev\u00fdhody. Zde je jejich stru\u010dn\u00fd p\u0159ehled:<\/p>\n<table>\n<thead>\n<tr>\n<th>Klady<\/th>\n<th>Nev\u00fdhody<\/th>\n<\/tr>\n<\/thead>\n<tbody>\n<tr>\n<td>\n<ul>\n<li>P\u0159eklad v re\u00e1ln\u00e9m \u010dase pro zm\u00edrn\u011bn\u00ed jazykov\u00fdch bari\u00e9r<\/li>\n<li>R\u016fzn\u00e9 funkce, v\u010detn\u011b skupinov\u00fdch stream\u016f a virtu\u00e1ln\u00edch d\u00e1rk\u016f.<\/li>\n<li>Snadn\u00e1 registrace s v\u00edce mo\u017enostmi registrace<\/li>\n<li>Siln\u00e1 glob\u00e1ln\u00ed u\u017eivatelsk\u00e1 z\u00e1kladna pro r\u016fznorod\u00e9 interakce<\/li>\n<li>Vestav\u011bn\u00e9 n\u00e1stroje pro moderov\u00e1n\u00ed pro bezpe\u010dn\u011bj\u0161\u00ed konverzace<\/li>\n<\/ul>\n<\/td>\n<td>\n<ul>\n<li>N\u011bkter\u00e9 funkce uzam\u010den\u00e9 za n\u00e1kupy v aplikaci<\/li>\n<li>Mo\u017enost setk\u00e1n\u00ed s nevhodn\u00fdm obsahem (i kdy\u017e moderovan\u00fdm).<\/li>\n<li>Vy\u0161\u0161\u00ed spot\u0159eba dat pro videohovory v rozli\u0161en\u00ed HD<\/li>\n<li>Ekonomika zalo\u017een\u00e1 na minc\u00edch m\u016f\u017ee podporovat \u010dast\u00e9 utr\u00e1cen\u00ed<\/li>\n<\/ul>\n<\/td>\n<\/tr>\n<\/tbody>\n<\/table>\n<h2>Tipy, jak z\u00edskat co nejv\u00edce ze syst\u00e9mu Chamet<\/h2>\n<h3>1. Vypl\u0148te sv\u016fj profil<\/h3>\n<p>P\u0159idejte jasn\u00fd profilov\u00fd obr\u00e1zek a seznam z\u00e1jm\u016f nebo jazyk\u016f, kter\u00fdmi mluv\u00edte. Zv\u00fd\u0161\u00edte tak \u0161anci na nav\u00e1z\u00e1n\u00ed zaj\u00edmav\u00e9 konverzace a nav\u00e1z\u00e1n\u00ed kontaktu.<\/p>\n<h3>2. P\u0159eklad v re\u00e1ln\u00e9m \u010dase pou\u017e\u00edvejte rozumn\u011b<\/h3>\n<p>Procvi\u010dte si aktivn\u00ed poslech a pou\u017eijte funkci p\u0159ekladu, abyste porozum\u011bli nuanc\u00edm. D\u00edky tomu budou va\u0161e videohovory plynulej\u0161\u00ed a p\u0159\u00ednosn\u011bj\u0161\u00ed.<\/p>\n<h3>3. Vyu\u017eijte skupinov\u00e9 \u017eiv\u00e9 p\u0159enosy<\/h3>\n<p>P\u0159ipojte se ke skupinov\u00e9mu sezen\u00ed na t\u00e9ma, kter\u00e9 m\u00e1te r\u00e1di, nebo ho uspo\u0159\u00e1dejte. Je to skv\u011bl\u00fd zp\u016fsob, jak naj\u00edt podobn\u011b sm\u00fd\u0161lej\u00edc\u00ed u\u017eivatele a vyvolat \u017eiv\u00e9 diskuse.<\/p>\n<h3>4. Z\u016fsta\u0148te v bezpe\u010d\u00ed online<\/h3>\n<ul>\n<li>Vyvarujte se sd\u00edlen\u00ed osobn\u00edch \u00fadaj\u016f (adresa, finan\u010dn\u00ed \u00fadaje) na ve\u0159ejn\u00fdch streamech.<\/li>\n<li>Okam\u017eit\u011b nahlaste jak\u00e9koli podez\u0159el\u00e9 nebo ur\u00e1\u017eliv\u00e9 chov\u00e1n\u00ed.<\/li>\n<\/ul>\n<h2>Srovn\u00e1n\u00ed s jin\u00fdmi aplikacemi pro videochat<\/h2>\n<p>Chamet sout\u011b\u017e\u00ed na p\u0159epln\u011bn\u00e9m trhu vedle popul\u00e1rn\u00edch aplikac\u00ed pro n\u00e1hodn\u00fd videochat. Odli\u0161uje se t\u00edm, \u017ee:<\/p>\n<ul>\n<li><strong>P\u0159eklady v re\u00e1ln\u00e9m \u010dase<\/strong>: Bezprobl\u00e9mov\u00e1 konverzace mezi kulturami.<\/li>\n<li><strong>Skupinov\u00e9 \u017eiv\u00e9 p\u0159enosy<\/strong>: Umo\u017e\u0148uje interakci v\u00edce u\u017eivatel\u016f, zat\u00edmco mnoho n\u00e1hodn\u00fdch aplikac\u00ed se dr\u017e\u00ed hovor\u016f jeden na jednoho.<\/li>\n<li><strong>Interaktivn\u00ed virtu\u00e1ln\u00ed d\u00e1rky<\/strong>: Z\u00e1bavn\u00fd zp\u016fsob, jak projevit uzn\u00e1n\u00ed nebo se odli\u0161it od ostatn\u00edch div\u00e1k\u016f.<\/li>\n<\/ul>\n<h2>Z\u00e1v\u011br<\/h2>\n<p>Chamet vynik\u00e1 v aplikaci videochatu <a href=\"https:\/\/strangercam.com\/cs\/mocospace\/\">prostor<\/a> kombinuje glob\u00e1ln\u00ed komunitu s interaktivn\u00edmi funkcemi, jako jsou \u017eiv\u00e9 p\u0159eklady, virtu\u00e1ln\u00ed d\u00e1rky a skupinov\u00e9 p\u0159enosy. A\u0165 u\u017e si chcete naj\u00edt p\u0159\u00e1tele nap\u0159\u00ed\u010d kontinenty, zdokonalit sv\u00e9 jazykov\u00e9 dovednosti nebo prost\u011b jen vyzkou\u0161et nov\u00fd druh spole\u010densk\u00e9ho zapojen\u00ed, Chamet nab\u00edz\u00ed mnoho zp\u016fsob\u016f, jak se spojit v re\u00e1ln\u00e9m \u010dase.<br \/>\nD\u016frazem na bezpe\u010dnost a z\u00e1bavu oslovuje Chamet \u0161irokou u\u017eivatelskou z\u00e1kladnu - od p\u0159\u00edle\u017eitostn\u00fdch chatuj\u00edc\u00edch a\u017e po nad\u0161ence soci\u00e1ln\u00edch m\u00e9di\u00ed, kte\u0159\u00ed hledaj\u00ed osobn\u011bj\u0161\u00ed formu online interakce. Pokud jste p\u0159ipraveni navazovat nov\u00e1 digit\u00e1ln\u00ed p\u0159\u00e1telstv\u00ed a pozn\u00e1vat virtu\u00e1ln\u00ed kultury po cel\u00e9m sv\u011bt\u011b, vyzkou\u0161ejte Chamet a zjist\u011bte, kdo v\u00e1s \u010dek\u00e1 na druh\u00e9m konci va\u0161eho p\u0159\u00ed\u0161t\u00edho videohovoru.<\/p>","protected":false},"excerpt":{"rendered":"<p>Are you searching for a lively video chat app to meet new people, engage in real-time conversations, or simply explore new cultures? Chamet offers an interactive platform for one-on-one video calls, live streams, and group chats, bringing users together across the globe. In this detailed overview, we\u2019ll delve into Chamet\u2019s key features, how it works, [&hellip;]<\/p>\n","protected":false},"author":6,"featured_media":0,"parent":0,"menu_order":0,"comment_status":"closed","ping_status":"closed","template":"","meta":{"footnotes":""},"class_list":["post-12565","page","type-page","status-publish","hentry"],"yoast_head":"<!-- This site is optimized with the Yoast SEO plugin v26.9 - https:\/\/yoast.com\/product\/yoast-seo-wordpress\/ -->\n<title>Chamet - Global Video Connections &amp; Chat - StrangerCam.com<\/title>\n<meta name=\"description\" content=\"Discover Chamet, the ultimate online platform connecting you to free video chat rooms and live streams. Join Chamet today!\" \/>\n<meta name=\"robots\" content=\"index, follow, max-snippet:-1, max-image-preview:large, max-video-preview:-1\" \/>\n<link rel=\"canonical\" href=\"https:\/\/strangercam.com\/cs\/chamet\/\" \/>\n<meta property=\"og:locale\" content=\"cs_CZ\" \/>\n<meta property=\"og:type\" content=\"article\" \/>\n<meta property=\"og:title\" content=\"Chamet - Global Video Connections &amp; Chat - StrangerCam.com\" \/>\n<meta property=\"og:description\" content=\"Discover Chamet, the ultimate online platform connecting you to free video chat rooms and live streams. Join Chamet today!\" \/>\n<meta property=\"og:url\" content=\"https:\/\/strangercam.com\/cs\/chamet\/\" \/>\n<meta property=\"og:site_name\" content=\"Strangercam\" \/>\n<meta property=\"article:publisher\" content=\"https:\/\/www.facebook.com\/strangercam\" \/>\n<meta property=\"article:modified_time\" content=\"2025-02-04T07:34:08+00:00\" \/>\n<meta property=\"og:image\" content=\"https:\/\/strangercam.com\/wp-content\/uploads\/2021\/10\/Untitled-2.png\" \/>\n\t<meta property=\"og:image:width\" content=\"800\" \/>\n\t<meta property=\"og:image:height\" content=\"532\" \/>\n\t<meta property=\"og:image:type\" content=\"image\/png\" \/>\n<meta name=\"twitter:card\" content=\"summary_large_image\" \/>\n<meta name=\"twitter:site\" content=\"@strangercamapp\" \/>\n<meta name=\"twitter:label1\" content=\"Odhadovan\u00e1 doba \u010dten\u00ed\" \/>\n\t<meta name=\"twitter:data1\" content=\"4 minuty\" \/>\n<script type=\"application\/ld+json\" class=\"yoast-schema-graph\">{\"@context\":\"https:\/\/schema.org\",\"@graph\":[{\"@type\":\"WebPage\",\"@id\":\"https:\/\/strangercam.com\/chamet\/\",\"url\":\"https:\/\/strangercam.com\/chamet\/\",\"name\":\"Chamet - Global Video Connections & Chat - StrangerCam.com\",\"isPartOf\":{\"@id\":\"https:\/\/strangercam.com\/#website\"},\"datePublished\":\"2024-10-07T08:40:10+00:00\",\"dateModified\":\"2025-02-04T07:34:08+00:00\",\"description\":\"Discover Chamet, the ultimate online platform connecting you to free video chat rooms and live streams. Join Chamet today!\",\"breadcrumb\":{\"@id\":\"https:\/\/strangercam.com\/chamet\/#breadcrumb\"},\"inLanguage\":\"cs\",\"potentialAction\":[{\"@type\":\"ReadAction\",\"target\":[\"https:\/\/strangercam.com\/chamet\/\"]}]},{\"@type\":\"BreadcrumbList\",\"@id\":\"https:\/\/strangercam.com\/chamet\/#breadcrumb\",\"itemListElement\":[{\"@type\":\"ListItem\",\"position\":1,\"name\":\"Home\",\"item\":\"https:\/\/strangercam.com\/\"},{\"@type\":\"ListItem\",\"position\":2,\"name\":\"Chamet\"}]},{\"@type\":\"WebSite\",\"@id\":\"https:\/\/strangercam.com\/#website\",\"url\":\"https:\/\/strangercam.com\/\",\"name\":\"Strangercam\",\"description\":\"Random Video Chat with Strangers\",\"publisher\":{\"@id\":\"https:\/\/strangercam.com\/#organization\"},\"alternateName\":\"Strangercam.com\",\"potentialAction\":[{\"@type\":\"SearchAction\",\"target\":{\"@type\":\"EntryPoint\",\"urlTemplate\":\"https:\/\/strangercam.com\/?s={search_term_string}\"},\"query-input\":{\"@type\":\"PropertyValueSpecification\",\"valueRequired\":true,\"valueName\":\"search_term_string\"}}],\"inLanguage\":\"cs\"},{\"@type\":\"Organization\",\"@id\":\"https:\/\/strangercam.com\/#organization\",\"name\":\"Strangercam\",\"alternateName\":\"Strangercam.com\",\"url\":\"https:\/\/strangercam.com\/\",\"logo\":{\"@type\":\"ImageObject\",\"inLanguage\":\"cs\",\"@id\":\"https:\/\/strangercam.com\/#\/schema\/logo\/image\/\",\"url\":\"https:\/\/strangercam.com\/wp-content\/uploads\/2020\/11\/cropped-new-favicon-black.png\",\"contentUrl\":\"https:\/\/strangercam.com\/wp-content\/uploads\/2020\/11\/cropped-new-favicon-black.png\",\"width\":512,\"height\":512,\"caption\":\"Strangercam\"},\"image\":{\"@id\":\"https:\/\/strangercam.com\/#\/schema\/logo\/image\/\"},\"sameAs\":[\"https:\/\/www.facebook.com\/strangercam\",\"https:\/\/x.com\/strangercamapp\"]}]}<\/script>\n<!-- \/ Yoast SEO plugin. -->","yoast_head_json":{"title":"Chamet - Glob\u00e1ln\u00ed videospojen\u00ed a chat - StrangerCam.com","description":"Objevte Chamet, dokonalou online platformu, kter\u00e1 v\u00e1s spojuje s bezplatn\u00fdmi videochaty a \u017eiv\u00fdmi p\u0159enosy. P\u0159ipojte se k Chametu je\u0161t\u011b dnes!","robots":{"index":"index","follow":"follow","max-snippet":"max-snippet:-1","max-image-preview":"max-image-preview:large","max-video-preview":"max-video-preview:-1"},"canonical":"https:\/\/strangercam.com\/cs\/chamet\/","og_locale":"cs_CZ","og_type":"article","og_title":"Chamet - Global Video Connections & Chat - StrangerCam.com","og_description":"Discover Chamet, the ultimate online platform connecting you to free video chat rooms and live streams. Join Chamet today!","og_url":"https:\/\/strangercam.com\/cs\/chamet\/","og_site_name":"Strangercam","article_publisher":"https:\/\/www.facebook.com\/strangercam","article_modified_time":"2025-02-04T07:34:08+00:00","og_image":[{"width":800,"height":532,"url":"https:\/\/strangercam.com\/wp-content\/uploads\/2021\/10\/Untitled-2.png","type":"image\/png"}],"twitter_card":"summary_large_image","twitter_site":"@strangercamapp","twitter_misc":{"Odhadovan\u00e1 doba \u010dten\u00ed":"4 minuty"},"schema":{"@context":"https:\/\/schema.org","@graph":[{"@type":"WebPage","@id":"https:\/\/strangercam.com\/chamet\/","url":"https:\/\/strangercam.com\/chamet\/","name":"Chamet - Glob\u00e1ln\u00ed videospojen\u00ed a chat - StrangerCam.com","isPartOf":{"@id":"https:\/\/strangercam.com\/#website"},"datePublished":"2024-10-07T08:40:10+00:00","dateModified":"2025-02-04T07:34:08+00:00","description":"Objevte Chamet, dokonalou online platformu, kter\u00e1 v\u00e1s spojuje s bezplatn\u00fdmi videochaty a \u017eiv\u00fdmi p\u0159enosy. P\u0159ipojte se k Chametu je\u0161t\u011b dnes!","breadcrumb":{"@id":"https:\/\/strangercam.com\/chamet\/#breadcrumb"},"inLanguage":"cs","potentialAction":[{"@type":"ReadAction","target":["https:\/\/strangercam.com\/chamet\/"]}]},{"@type":"BreadcrumbList","@id":"https:\/\/strangercam.com\/chamet\/#breadcrumb","itemListElement":[{"@type":"ListItem","position":1,"name":"Home","item":"https:\/\/strangercam.com\/"},{"@type":"ListItem","position":2,"name":"Chamet"}]},{"@type":"WebSite","@id":"https:\/\/strangercam.com\/#website","url":"https:\/\/strangercam.com\/","name":"Strangercam","description":"N\u00e1hodn\u00fd videochat s ciz\u00edmi lidmi","publisher":{"@id":"https:\/\/strangercam.com\/#organization"},"alternateName":"Strangercam.com","potentialAction":[{"@type":"SearchAction","target":{"@type":"EntryPoint","urlTemplate":"https:\/\/strangercam.com\/?s={search_term_string}"},"query-input":{"@type":"PropertyValueSpecification","valueRequired":true,"valueName":"search_term_string"}}],"inLanguage":"cs"},{"@type":"Organization","@id":"https:\/\/strangercam.com\/#organization","name":"Strangercam","alternateName":"Strangercam.com","url":"https:\/\/strangercam.com\/","logo":{"@type":"ImageObject","inLanguage":"cs","@id":"https:\/\/strangercam.com\/#\/schema\/logo\/image\/","url":"https:\/\/strangercam.com\/wp-content\/uploads\/2020\/11\/cropped-new-favicon-black.png","contentUrl":"https:\/\/strangercam.com\/wp-content\/uploads\/2020\/11\/cropped-new-favicon-black.png","width":512,"height":512,"caption":"Strangercam"},"image":{"@id":"https:\/\/strangercam.com\/#\/schema\/logo\/image\/"},"sameAs":["https:\/\/www.facebook.com\/strangercam","https:\/\/x.com\/strangercamapp"]}]}},"_links":{"self":[{"href":"https:\/\/strangercam.com\/cs\/wp-json\/wp\/v2\/pages\/12565","targetHints":{"allow":["GET"]}}],"collection":[{"href":"https:\/\/strangercam.com\/cs\/wp-json\/wp\/v2\/pages"}],"about":[{"href":"https:\/\/strangercam.com\/cs\/wp-json\/wp\/v2\/types\/page"}],"author":[{"embeddable":true,"href":"https:\/\/strangercam.com\/cs\/wp-json\/wp\/v2\/users\/6"}],"replies":[{"embeddable":true,"href":"https:\/\/strangercam.com\/cs\/wp-json\/wp\/v2\/comments?post=12565"}],"version-history":[{"count":2,"href":"https:\/\/strangercam.com\/cs\/wp-json\/wp\/v2\/pages\/12565\/revisions"}],"predecessor-version":[{"id":12688,"href":"https:\/\/strangercam.com\/cs\/wp-json\/wp\/v2\/pages\/12565\/revisions\/12688"}],"wp:attachment":[{"href":"https:\/\/strangercam.com\/cs\/wp-json\/wp\/v2\/media?parent=12565"}],"curies":[{"name":"wp","href":"https:\/\/api.w.org\/{rel}","templated":true}]}}