{"id":12559,"date":"2024-09-30T14:05:14","date_gmt":"2024-09-30T12:05:14","guid":{"rendered":"https:\/\/strangercam.com\/?page_id=12559"},"modified":"2025-06-16T13:32:29","modified_gmt":"2025-06-16T11:32:29","slug":"shagle","status":"publish","type":"page","link":"https:\/\/strangercam.com\/cs\/shagle\/","title":{"rendered":"Shagle"},"content":{"rendered":"<p>Ve st\u00e1le propojen\u011bj\u0161\u00edm sv\u011bt\u011b je touha <a href=\"https:\/\/strangercam.com\/cs\/coomeet\/\">Seznamte se s<\/a> nov\u00fdch lid\u00ed a pozn\u00e1v\u00e1n\u00ed r\u016fzn\u00fdch kultur se v\u00fdrazn\u011b roz\u0161\u00ed\u0159ila. Shagle tuto pot\u0159ebu \u0159e\u0161\u00ed t\u00edm, \u017ee poskytuje platformu, kter\u00e1 spojuje u\u017eivatele prost\u0159ednictv\u00edm n\u00e1hodn\u00fdch videochat\u016f po cel\u00e9m sv\u011bt\u011b. D\u00edky funkc\u00edm, jako jsou filtry podle pohlav\u00ed a m\u00edsta, virtu\u00e1ln\u00ed masky a u\u017eivatelsky p\u0159\u00edv\u011btiv\u00e9 rozhran\u00ed, usnad\u0148uje Shagle spont\u00e1nn\u00ed interakce a kulturn\u00ed v\u00fdm\u011bny v re\u00e1ln\u00e9m \u010dase. Tato recenze poskytuje hloubkovou anal\u00fdzu funkc\u00ed, u\u017eivatelsk\u00fdch zku\u0161enost\u00ed, cenov\u00fdch mo\u017enost\u00ed, bezpe\u010dnostn\u00edch opat\u0159en\u00ed a postaven\u00ed spole\u010dnosti Shagle ve srovn\u00e1n\u00ed s konkurenc\u00ed.<\/p>\n<h2>P\u0159ehled spole\u010dnosti Shagle<\/h2>\n<p>Spole\u010dnost Shagle, kter\u00e1 byla uvedena na trh v roce 2017, se rychle stala v\u00fdznamn\u00fdm hr\u00e1\u010dem v oblasti online videa. <a href=\"https:\/\/strangercam.com\/cs\/chatroulette\/\">chat<\/a> platformy. Byla vytvo\u0159ena s c\u00edlem umo\u017enit u\u017eivatel\u016fm okam\u017eit\u011b se spojit s ciz\u00edmi lidmi po cel\u00e9m sv\u011bt\u011b a podpo\u0159it glob\u00e1ln\u00ed komunitu lid\u00ed, kte\u0159\u00ed hledaj\u00ed nov\u00e1 p\u0159\u00e1telstv\u00ed, procvi\u010duj\u00ed si jazyky nebo jednodu\u0161e vedou zaj\u00edmav\u00e9 rozhovory. S miliony u\u017eivatel\u016f z r\u016fzn\u00fdch zem\u00ed nab\u00edz\u00ed Shagle rozmanit\u00e9 a dynamick\u00e9 prost\u0159ed\u00ed pro interakci v re\u00e1ln\u00e9m \u010dase.<\/p>\n<h2>Kl\u00ed\u010dov\u00e9 vlastnosti<\/h2>\n<h3>N\u00e1hodn\u00fd videochat<\/h3>\n<p>Srdcem spole\u010dnosti Shagle je jej\u00ed <a href=\"https:\/\/strangercam.com\/cs\/chathub\/\">n\u00e1hodn\u00fd videochat<\/a> funk\u010dnost. U\u017eivatel\u00e9 jsou n\u00e1hodn\u011b spojov\u00e1ni s dal\u0161\u00edmi lidmi z cel\u00e9ho sv\u011bta, co\u017e umo\u017e\u0148uje spont\u00e1nn\u00ed a vzru\u0161uj\u00edc\u00ed konverzace. Tato funkce funguje hladce a poskytuje vysoce kvalitn\u00ed video a audio streamy, kter\u00e9 zaji\u0161\u0165uj\u00ed poutav\u00fd z\u00e1\u017eitek.<\/p>\n<h3>Filtry pohlav\u00ed a polohy<\/h3>\n<p>Pro p\u0159izp\u016fsoben\u00ed interakc\u00ed nab\u00edz\u00ed spole\u010dnost Shagle filtry podle pohlav\u00ed a polohy:<\/p>\n<ul>\n<li><strong>Genderov\u00e9 filtry<\/strong>: U\u017eivatel\u00e9 si mohou vybrat, zda cht\u011bj\u00ed chatovat s osobami ur\u010dit\u00e9ho pohlav\u00ed, a p\u0159izp\u016fsobit tak z\u00e1\u017eitek sv\u00fdm preferenc\u00edm.<\/li>\n<li><strong>Filtry um\u00edst\u011bn\u00ed<\/strong>: Umo\u017e\u0148uje u\u017eivatel\u016fm spojit se s lidmi z jednotliv\u00fdch zem\u00ed a usnad\u0148uje kulturn\u00ed v\u00fdm\u011bnu nebo jazykovou praxi.<\/li>\n<\/ul>\n<p>Tyto filtry zvy\u0161uj\u00ed relevanci shod a zvy\u0161uj\u00ed spokojenost u\u017eivatel\u016f.<\/p>\n<h3>Virtu\u00e1ln\u00ed masky<\/h3>\n<p>Spole\u010dnost Shagle ch\u00e1pe, \u017ee n\u011bkte\u0159\u00ed u\u017eivatel\u00e9 mohou preferovat anonymitu, a proto poskytuje virtu\u00e1ln\u00ed masky:<\/p>\n<ul>\n<li><strong>Mo\u017enosti anonymity<\/strong>: U\u017eivatel\u00e9 si mohou b\u011bhem videochat\u016f p\u0159ekr\u00fdt obli\u010dej digit\u00e1ln\u00edmi maskami, kter\u00e9 jim zajist\u00ed soukrom\u00ed.<\/li>\n<li><strong>Z\u00e1bavn\u00e9 a poutav\u00e9<\/strong>: Masky mohou tak\u00e9 zpest\u0159it konverzaci a pomoci u\u017eivatel\u016fm c\u00edtit se pohodln\u011bji.<\/li>\n<\/ul>\n<h3>Mo\u017enost textov\u00e9ho chatu<\/h3>\n<p>U\u017eivatel\u016fm, kte\u0159\u00ed nemaj\u00ed p\u0159\u00edstup k webov\u00e9 kame\u0159e nebo necht\u011bj\u00ed pou\u017e\u00edvat video, nab\u00edz\u00ed Shagle textovou funkci. <a href=\"https:\/\/strangercam.com\/cs\/chat-alternative\/\">alternativa chatu<\/a>:<\/p>\n<ul>\n<li><strong>Flexibilita<\/strong>: Plynul\u00e9 p\u0159ep\u00edn\u00e1n\u00ed mezi re\u017eimy videochatu a textov\u00e9ho chatu.<\/li>\n<li><strong>P\u0159\u00edstupnost<\/strong>: Zaji\u0161\u0165uje, \u017ee se u\u017eivatel\u00e9 mohou p\u0159ipojit a komunikovat i bez videa.<\/li>\n<\/ul>\n<h3>Kompatibilita s mobiln\u00edmi za\u0159\u00edzen\u00edmi<\/h3>\n<p>Spole\u010dnost Shagle si uv\u011bdomuje d\u016fle\u017eitost dostupnosti a poskytuje:<\/p>\n<ul>\n<li><strong>Webov\u00e9 str\u00e1nky vhodn\u00e9 pro mobiln\u00ed za\u0159\u00edzen\u00ed<\/strong>: Platforma je optimalizov\u00e1na pro pou\u017eit\u00ed v chytr\u00fdch telefonech a tabletech prost\u0159ednictv\u00edm webov\u00fdch prohl\u00ed\u017ee\u010d\u016f.<\/li>\n<li><strong>Nen\u00ed nutn\u00e1 \u017e\u00e1dn\u00e1 aplikace<\/strong>: U\u017eivatel\u00e9 maj\u00ed p\u0159\u00edstup ke v\u0161em funkc\u00edm bez nutnosti stahovat samostatnou aplikaci.<\/li>\n<\/ul>\n<h2>Zku\u0161enosti u\u017eivatel\u016f<\/h2>\n<h3>Rozhran\u00ed a design<\/h3>\n<p>Shagle se m\u016f\u017ee pochlubit \u010dist\u00fdm a intuitivn\u00edm rozhran\u00edm:<\/p>\n<ul>\n<li><strong>Snadn\u00e1 navigace<\/strong>: Jednoduch\u00e9 rozvr\u017een\u00ed s jasn\u011b ozna\u010den\u00fdmi funkcemi.<\/li>\n<li><strong>Rychl\u00fd p\u0159\u00edstup<\/strong>: U\u017eivatel\u00e9 mohou za\u010d\u00edt chatovat pomoc\u00ed n\u011bkolika kliknut\u00ed.<\/li>\n<li><strong>Modern\u00ed estetika<\/strong>: Design je modern\u00ed a vizu\u00e1ln\u011b p\u0159ita\u017eliv\u00fd.<\/li>\n<\/ul>\n<h3>Proces registrace<\/h3>\n<p>Shagle umo\u017e\u0148uje u\u017eivatel\u016fm za\u010d\u00edt pou\u017e\u00edvat platformu bez povinn\u00e9 registrace:<\/p>\n<ul>\n<li><strong>Registrace nen\u00ed nutn\u00e1<\/strong>: Okam\u017eit\u00fd p\u0159\u00edstup k z\u00e1kladn\u00edm funkc\u00edm.<\/li>\n<li><strong>Voliteln\u00e9 vytvo\u0159en\u00ed \u00fa\u010dtu<\/strong>: U\u017eivatel\u00e9 se mohou zaregistrovat, aby z\u00edskali p\u0159\u00edstup k dal\u0161\u00edm funkc\u00edm nebo ulo\u017eili p\u0159edvolby.<\/li>\n<li><strong>Zam\u011b\u0159en\u00ed na ochranu soukrom\u00ed<\/strong>: Vy\u017eaduje se minimum osobn\u00edch \u00fadaj\u016f, co\u017e zvy\u0161uje soukrom\u00ed u\u017eivatele.<\/li>\n<\/ul>\n<h3>V\u00fdkon a spolehlivost<\/h3>\n<p>Shagle je navr\u017een pro optim\u00e1ln\u00ed v\u00fdkon:<\/p>\n<ul>\n<li><strong>Vysoce kvalitn\u00ed streamov\u00e1n\u00ed<\/strong>: Poskytuje spolehlivou kvalitu obrazu a zvuku.<\/li>\n<li><strong>Rychl\u00e1 p\u0159ipojen\u00ed<\/strong>: Rychl\u00e9 p\u00e1rov\u00e1n\u00ed s ostatn\u00edmi u\u017eivateli zkracuje \u010dekac\u00ed dobu.<\/li>\n<li><strong>Stabiln\u00ed platforma<\/strong>: Minim\u00e1ln\u00ed prostoje zaji\u0161\u0165uj\u00ed st\u00e1lou dostupnost.<\/li>\n<\/ul>\n<h2>Ceny a mo\u017enosti p\u0159edplatn\u00e9ho<\/h2>\n<p>Zat\u00edmco mnoho funkc\u00ed Shagle je k dispozici zdarma, platforma nab\u00edz\u00ed pr\u00e9miov\u00e9 p\u0159edplatn\u00e9, tzv. <strong>Shagle Plus<\/strong> pro u\u017eivatele, kte\u0159\u00ed hledaj\u00ed lep\u0161\u00ed z\u00e1\u017eitky.<\/p>\n<h3>Voln\u00e9 funkce<\/h3>\n<ul>\n<li><strong>N\u00e1hodn\u00fd videochat<\/strong>: Neomezen\u00fd p\u0159\u00edstup k n\u00e1hodn\u00fdm videochat\u016fm.<\/li>\n<li><strong>Filtr podle pohlav\u00ed<\/strong>: Z\u00e1kladn\u00ed p\u0159\u00edstup k v\u00fdb\u011bru pohlav\u00ed.<\/li>\n<li><strong>Virtu\u00e1ln\u00ed masky<\/strong>: Pou\u017e\u00edv\u00e1n\u00ed virtu\u00e1ln\u00edch masek b\u011bhem chat\u016f.<\/li>\n<li><strong>Textov\u00fd chat<\/strong>: Mo\u017enost zapojit se do textov\u00fdch konverzac\u00ed.<\/li>\n<\/ul>\n<h3>Shagle Plus V\u00fdhody<\/h3>\n<p>P\u0159edplatn\u00e9 slu\u017eby Shagle Plus odemyk\u00e1 dal\u0161\u00ed funkce:<\/p>\n<ul>\n<li><strong>Roz\u0161\u00ed\u0159en\u00e9 filtry pro pohlav\u00ed<\/strong>: P\u0159esn\u011bj\u0161\u00ed mo\u017enosti v\u00fdb\u011bru.<\/li>\n<li><strong>Filtry um\u00edst\u011bn\u00ed<\/strong>: Mo\u017enost v\u00fdb\u011bru konkr\u00e9tn\u00edch zem\u00ed pro p\u0159ipojen\u00ed.<\/li>\n<li><strong>Zku\u0161enosti bez reklam<\/strong>: Odstran\u011bn\u00ed reklam pro nep\u0159eru\u0161ovan\u00e9 chatov\u00e1n\u00ed.<\/li>\n<li><strong>Exkluzivn\u00ed virtu\u00e1ln\u00ed masky<\/strong>: P\u0159\u00edstup k \u0161ir\u0161\u00ed \u0161k\u00e1le masek.<\/li>\n<li><strong>Funkce op\u011btovn\u00e9ho p\u0159ipojen\u00ed<\/strong>: Mo\u017enost op\u011btovn\u00e9ho p\u0159ipojen\u00ed k p\u0159edchoz\u00edm u\u017eivatel\u016fm.<\/li>\n<\/ul>\n<h3>Pl\u00e1ny p\u0159edplatn\u00e9ho<\/h3>\n<p>Shagle Plus nab\u00edz\u00ed flexibiln\u00ed mo\u017enosti p\u0159edplatn\u00e9ho:<\/p>\n<ul>\n<li><strong>T\u00fddenn\u00ed pl\u00e1n<\/strong>: Ide\u00e1ln\u00ed pro kr\u00e1tkodob\u00e9 pou\u017eit\u00ed nebo zkou\u0161ku.<\/li>\n<li><strong>M\u011bs\u00ed\u010dn\u00ed pl\u00e1n<\/strong>: Cenov\u011b v\u00fdhodn\u00e9 pro pravideln\u00e9 u\u017eivatele.<\/li>\n<li><strong>Ro\u010dn\u00ed pl\u00e1n<\/strong>: Poskytuje v\u00fdrazn\u00e9 \u00faspory p\u0159i dlouhodob\u00e9m z\u00e1vazku.<\/li>\n<\/ul>\n<p>Ceny jsou konkurenceschopn\u00e9 a odr\u00e1\u017eej\u00ed dodate\u010dnou hodnotu, kterou poskytuj\u00ed pr\u00e9miov\u00e9 funkce.<\/p>\n<h2>V\u00fdhody a nev\u00fdhody<\/h2>\n<h3>Klady<\/h3>\n<ul>\n<li><strong>U\u017eivatelsky p\u0159\u00edv\u011btiv\u00e9 rozhran\u00ed<\/strong>: Jednoduch\u00fd a intuitivn\u00ed design zvy\u0161uje pou\u017eitelnost.<\/li>\n<li><strong>Glob\u00e1ln\u00ed u\u017eivatelsk\u00e1 z\u00e1kladna<\/strong>: Spojte se s lidmi z cel\u00e9ho sv\u011bta.<\/li>\n<li><strong>\u017d\u00e1dn\u00e1 povinn\u00e1 registrace<\/strong>: Okam\u017eit\u00fd p\u0159\u00edstup k z\u00e1kladn\u00edm funkc\u00edm bez nutnosti registrace.<\/li>\n<li><strong>Flexibiln\u00ed filtry<\/strong>: Filtry pohlav\u00ed a polohy p\u0159izp\u016fsobuj\u00ed z\u00e1\u017eitek.<\/li>\n<li><strong>Mo\u017enosti anonymity<\/strong>: Virtu\u00e1ln\u00ed masky poskytuj\u00ed soukrom\u00ed a z\u00e1bavu.<\/li>\n<\/ul>\n<h3>Nev\u00fdhody<\/h3>\n<ul>\n<li><strong>Omezen\u00fd po\u010det bezplatn\u00fdch filtr\u016f<\/strong>: Pokro\u010dil\u00e9 filtry jsou vyhrazeny pouze pro p\u0159edplatitele pr\u00e9miov\u00fdch slu\u017eeb.<\/li>\n<li><strong>Inzer\u00e1ty<\/strong>: Bezplatn\u00e1 verze obsahuje reklamy, kter\u00e9 mohou p\u0159eru\u0161it z\u00e1\u017eitek.<\/li>\n<li><strong>Potenci\u00e1l nevhodn\u00e9ho obsahu<\/strong>: U\u017eivatel\u00e9 se mohou setkat s nevhodn\u00fdm chov\u00e1n\u00edm i p\u0159es snahu o moderov\u00e1n\u00ed.<\/li>\n<li><strong>\u017d\u00e1dn\u00e1 specializovan\u00e1 mobiln\u00ed aplikace<\/strong>: Absence mobiln\u00ed aplikace m\u016f\u017ee m\u00edt vliv na pohodl\u00ed n\u011bkter\u00fdch u\u017eivatel\u016f.<\/li>\n<\/ul>\n<h2>Bezpe\u010dnost a ochrana soukrom\u00ed u\u017eivatel\u016f<\/h2>\n<h3>Z\u00e1sady moderov\u00e1n\u00ed<\/h3>\n<p>Spole\u010dnost Shagle se zav\u00e1zala zajistit bezpe\u010dn\u00e9 prost\u0159ed\u00ed:<\/p>\n<ul>\n<li><strong>Automatizovan\u00e9 moderov\u00e1n\u00ed<\/strong>: Pou\u017e\u00edv\u00e1 technologii pro detekci a blokov\u00e1n\u00ed nevhodn\u00e9ho obsahu.<\/li>\n<li><strong>Hl\u00e1\u0161en\u00ed u\u017eivatel\u016f<\/strong>: Umo\u017e\u0148uje u\u017eivatel\u016fm nahl\u00e1sit nespr\u00e1vn\u00e9 chov\u00e1n\u00ed nebo poru\u0161en\u00ed p\u0159edpis\u016f.<\/li>\n<li><strong>Pokyny Spole\u010denstv\u00ed<\/strong>: Jsou stanovena jasn\u00e1 pravidla, kter\u00e1 podporuj\u00ed respektuj\u00edc\u00ed interakce.<\/li>\n<\/ul>\n<h3>Opat\u0159en\u00ed na ochranu soukrom\u00ed<\/h3>\n<ul>\n<li><strong>Ochrana \u00fadaj\u016f<\/strong>: Dodr\u017eov\u00e1n\u00ed z\u00e1kon\u016f o ochran\u011b osobn\u00edch \u00fadaj\u016f zaji\u0161\u0165uje bezpe\u010dnost u\u017eivatelsk\u00fdch dat.<\/li>\n<li><strong>Anonymn\u00ed pou\u017eit\u00ed<\/strong>: U\u017eivatel\u00e9 mohou chatovat, ani\u017e by sd\u011blovali sv\u00e9 osobn\u00ed \u00fadaje.<\/li>\n<li><strong>Funkce ovl\u00e1d\u00e1n\u00ed<\/strong>: Mo\u017enost odpojit, zablokovat nebo nahl\u00e1sit jin\u00e9 u\u017eivatele.<\/li>\n<\/ul>\n<h3>Bezpe\u010dnostn\u00ed tipy pro u\u017eivatele<\/h3>\n<ul>\n<li><strong>Ochrana osobn\u00edch \u00fadaj\u016f<\/strong>: Vyvarujte se sd\u00edlen\u00ed citliv\u00fdch \u00fadaj\u016f.<\/li>\n<li><strong>Pou\u017e\u00edvejte filtry s rozmyslem<\/strong>: P\u0159izp\u016fsobte p\u0159ipojen\u00ed preferovan\u00fdm demografick\u00fdm skupin\u00e1m.<\/li>\n<li><strong>Bu\u010fte obez\u0159etn\u00ed<\/strong>: D\u016fv\u011b\u0159ujte instinkt\u016fm a odpojte se od nep\u0159\u00edjemn\u00fdch situac\u00ed.<\/li>\n<li><strong>Nahl\u00e1\u0161en\u00ed poru\u0161en\u00ed<\/strong>: Pomozte udr\u017eovat bezpe\u010dnou komunitu t\u00edm, \u017ee budete hl\u00e1sit probl\u00e9my.<\/li>\n<\/ul>\n<h2>Srovn\u00e1n\u00ed s konkurenc\u00ed<\/h2>\n<h3>Shagle vs. Omegle<\/h3>\n<ul>\n<li><strong>Funkce<\/strong>: Shagle nab\u00edz\u00ed filtry podle pohlav\u00ed a polohy, zat\u00edmco <a href=\"https:\/\/strangercam.com\/cs\/omegle\/\">Omegle<\/a> m\u00e1 omezen\u00e9 mo\u017enosti filtrov\u00e1n\u00ed.<\/li>\n<li><strong>U\u017eivatelsk\u00e9 rozhran\u00ed<\/strong>: Rozhran\u00ed aplikace Shagle je modern\u011bj\u0161\u00ed a u\u017eivatelsky p\u0159\u00edv\u011btiv\u011bj\u0161\u00ed.<\/li>\n<li><strong>Mo\u017enosti anonymity<\/strong>: Ob\u011b platformy umo\u017e\u0148uj\u00ed anonymn\u00ed chatov\u00e1n\u00ed, ale Shagle poskytuje virtu\u00e1ln\u00ed masky.<\/li>\n<\/ul>\n<h3>Shagle vs. Chatroulette<\/h3>\n<ul>\n<li><strong>Moderov\u00e1n\u00ed<\/strong>: Spole\u010dnost Shagle uplat\u0148uje p\u0159\u00edsn\u011bj\u0161\u00ed z\u00e1sady moderov\u00e1n\u00ed, aby omezila nevhodn\u00fd obsah.<\/li>\n<li><strong>Filtry<\/strong>: Shagle nab\u00edz\u00ed pokro\u010dilej\u0161\u00ed mo\u017enosti filtrov\u00e1n\u00ed.<\/li>\n<li><strong>Dal\u0161\u00ed funkce<\/strong>: Virtu\u00e1ln\u00ed masky a mo\u017enosti textov\u00e9ho chatu d\u00e1vaj\u00ed modelu Shagle v\u00fdhodu.<\/li>\n<\/ul>\n<h3>Shagle vs. Chatrandom<\/h3>\n<ul>\n<li><strong>U\u017eivatelsk\u00e1 z\u00e1kladna<\/strong>: Ob\u011b maj\u00ed velk\u00e9 glob\u00e1ln\u00ed komunity.<\/li>\n<li><strong>Funkce<\/strong>: Chatrandom nab\u00edz\u00ed v\u00edce re\u017eim\u016f chatu, zat\u00edmco Shagle se zam\u011b\u0159uje na vylep\u0161en\u00ed z\u00e1\u017eitku jeden na jednoho.<\/li>\n<li><strong>Pr\u00e9miov\u00e9 mo\u017enosti<\/strong>: Oba nab\u00edzej\u00ed pr\u00e9miov\u00e9 p\u0159edplatn\u00e9 s podobn\u00fdmi v\u00fdhodami.<\/li>\n<\/ul>\n<h2>Z\u00e1v\u011br<\/h2>\n<p>Shagle p\u0159edstavuje zaj\u00edmavou platformu pro jednotlivce, kte\u0159\u00ed se cht\u011bj\u00ed spojit s ostatn\u00edmi prost\u0159ednictv\u00edm n\u00e1hodn\u00fdch videochat\u016f. D\u00edky d\u016frazu na u\u017eivatelsk\u00fd z\u00e1\u017eitek a funkc\u00edm, jako jsou filtry pohlav\u00ed a polohy, virtu\u00e1ln\u00ed masky a u\u017eivatelsky p\u0159\u00edv\u011btiv\u00e9 rozhran\u00ed, p\u0159edstavuje v\u00fdjime\u010dnou volbu na trhu. P\u0159esto\u017ee existuj\u00ed oblasti, kter\u00e9 je t\u0159eba zlep\u0161it, nap\u0159\u00edklad roz\u0161\u00ed\u0159it bezplatn\u00e9 funkce a vyvinout speci\u00e1ln\u00ed mobiln\u00ed aplikaci, Shagle \u00fa\u010dinn\u011b usnad\u0148uje glob\u00e1ln\u00ed spojen\u00ed a kulturn\u00ed v\u00fdm\u011bny. U\u017eivatel\u00e9, kte\u0159\u00ed hledaj\u00ed spont\u00e1nn\u00ed interakce a p\u0159\u00edle\u017eitost setkat se s lidmi z r\u016fzn\u00fdch \u010d\u00e1st\u00ed sv\u011bta, najdou v Shagle cenn\u00fd zdroj informac\u00ed.<\/p>","protected":false},"excerpt":{"rendered":"<p>In an increasingly connected world, the desire to meet new people and experience different cultures has grown significantly. Shagle addresses this need by providing a platform that connects users through random video chats globally. Offering features like gender and location filters, virtual masks, and a user-friendly interface, Shagle facilitates spontaneous interactions and cultural exchanges in [&hellip;]<\/p>\n","protected":false},"author":7,"featured_media":0,"parent":0,"menu_order":0,"comment_status":"closed","ping_status":"closed","template":"","meta":{"footnotes":""},"class_list":["post-12559","page","type-page","status-publish","hentry"],"yoast_head":"<!-- This site is optimized with the Yoast SEO plugin v26.9 - https:\/\/yoast.com\/product\/yoast-seo-wordpress\/ -->\n<title>Shagle - Alternatives &amp; Reviews of Chat Sites - StrangerCam<\/title>\n<meta name=\"description\" content=\"Discover the best Video Chat Sites, complete with ratings and reviews. Enjoy free cam chats that let you meet new people.\" \/>\n<meta name=\"robots\" content=\"index, follow, max-snippet:-1, max-image-preview:large, max-video-preview:-1\" \/>\n<link rel=\"canonical\" href=\"https:\/\/strangercam.com\/cs\/shagle\/\" \/>\n<meta property=\"og:locale\" content=\"cs_CZ\" \/>\n<meta property=\"og:type\" content=\"article\" \/>\n<meta property=\"og:title\" content=\"Shagle - Alternatives &amp; Reviews of Chat Sites - StrangerCam\" \/>\n<meta property=\"og:description\" content=\"Discover the best Video Chat Sites, complete with ratings and reviews. Enjoy free cam chats that let you meet new people.\" \/>\n<meta property=\"og:url\" content=\"https:\/\/strangercam.com\/cs\/shagle\/\" \/>\n<meta property=\"og:site_name\" content=\"Strangercam\" \/>\n<meta property=\"article:publisher\" content=\"https:\/\/www.facebook.com\/strangercam\" \/>\n<meta property=\"article:modified_time\" content=\"2025-06-16T11:32:29+00:00\" \/>\n<meta property=\"og:image\" content=\"https:\/\/strangercam.com\/wp-content\/uploads\/2021\/10\/Untitled-2.png\" \/>\n\t<meta property=\"og:image:width\" content=\"800\" \/>\n\t<meta property=\"og:image:height\" content=\"532\" \/>\n\t<meta property=\"og:image:type\" content=\"image\/png\" \/>\n<meta name=\"twitter:card\" content=\"summary_large_image\" \/>\n<meta name=\"twitter:site\" content=\"@strangercamapp\" \/>\n<meta name=\"twitter:label1\" content=\"Odhadovan\u00e1 doba \u010dten\u00ed\" \/>\n\t<meta name=\"twitter:data1\" content=\"5 minut\" \/>\n<script type=\"application\/ld+json\" class=\"yoast-schema-graph\">{\"@context\":\"https:\/\/schema.org\",\"@graph\":[{\"@type\":\"WebPage\",\"@id\":\"https:\/\/strangercam.com\/shagle\/\",\"url\":\"https:\/\/strangercam.com\/shagle\/\",\"name\":\"Shagle - Alternatives & Reviews of Chat Sites - StrangerCam\",\"isPartOf\":{\"@id\":\"https:\/\/strangercam.com\/#website\"},\"datePublished\":\"2024-09-30T12:05:14+00:00\",\"dateModified\":\"2025-06-16T11:32:29+00:00\",\"description\":\"Discover the best Video Chat Sites, complete with ratings and reviews. Enjoy free cam chats that let you meet new people.\",\"breadcrumb\":{\"@id\":\"https:\/\/strangercam.com\/shagle\/#breadcrumb\"},\"inLanguage\":\"cs\",\"potentialAction\":[{\"@type\":\"ReadAction\",\"target\":[\"https:\/\/strangercam.com\/shagle\/\"]}]},{\"@type\":\"BreadcrumbList\",\"@id\":\"https:\/\/strangercam.com\/shagle\/#breadcrumb\",\"itemListElement\":[{\"@type\":\"ListItem\",\"position\":1,\"name\":\"Home\",\"item\":\"https:\/\/strangercam.com\/\"},{\"@type\":\"ListItem\",\"position\":2,\"name\":\"Shagle\"}]},{\"@type\":\"WebSite\",\"@id\":\"https:\/\/strangercam.com\/#website\",\"url\":\"https:\/\/strangercam.com\/\",\"name\":\"Strangercam\",\"description\":\"Random Video Chat with Strangers\",\"publisher\":{\"@id\":\"https:\/\/strangercam.com\/#organization\"},\"alternateName\":\"Strangercam.com\",\"potentialAction\":[{\"@type\":\"SearchAction\",\"target\":{\"@type\":\"EntryPoint\",\"urlTemplate\":\"https:\/\/strangercam.com\/?s={search_term_string}\"},\"query-input\":{\"@type\":\"PropertyValueSpecification\",\"valueRequired\":true,\"valueName\":\"search_term_string\"}}],\"inLanguage\":\"cs\"},{\"@type\":\"Organization\",\"@id\":\"https:\/\/strangercam.com\/#organization\",\"name\":\"Strangercam\",\"alternateName\":\"Strangercam.com\",\"url\":\"https:\/\/strangercam.com\/\",\"logo\":{\"@type\":\"ImageObject\",\"inLanguage\":\"cs\",\"@id\":\"https:\/\/strangercam.com\/#\/schema\/logo\/image\/\",\"url\":\"https:\/\/strangercam.com\/wp-content\/uploads\/2020\/11\/cropped-new-favicon-black.png\",\"contentUrl\":\"https:\/\/strangercam.com\/wp-content\/uploads\/2020\/11\/cropped-new-favicon-black.png\",\"width\":512,\"height\":512,\"caption\":\"Strangercam\"},\"image\":{\"@id\":\"https:\/\/strangercam.com\/#\/schema\/logo\/image\/\"},\"sameAs\":[\"https:\/\/www.facebook.com\/strangercam\",\"https:\/\/x.com\/strangercamapp\"]}]}<\/script>\n<!-- \/ Yoast SEO plugin. -->","yoast_head_json":{"title":"Shagle - Alternativy a recenze chatovac\u00edch web\u016f - StrangerCam","description":"Objevte nejlep\u0161\u00ed str\u00e1nky videochatu s hodnocen\u00edm a recenzemi. U\u017eijte si bezplatn\u00e9 chatov\u00e1n\u00ed p\u0159es kamery, kter\u00e9 v\u00e1m umo\u017en\u00ed poznat nov\u00e9 lidi.","robots":{"index":"index","follow":"follow","max-snippet":"max-snippet:-1","max-image-preview":"max-image-preview:large","max-video-preview":"max-video-preview:-1"},"canonical":"https:\/\/strangercam.com\/cs\/shagle\/","og_locale":"cs_CZ","og_type":"article","og_title":"Shagle - Alternatives & Reviews of Chat Sites - StrangerCam","og_description":"Discover the best Video Chat Sites, complete with ratings and reviews. Enjoy free cam chats that let you meet new people.","og_url":"https:\/\/strangercam.com\/cs\/shagle\/","og_site_name":"Strangercam","article_publisher":"https:\/\/www.facebook.com\/strangercam","article_modified_time":"2025-06-16T11:32:29+00:00","og_image":[{"width":800,"height":532,"url":"https:\/\/strangercam.com\/wp-content\/uploads\/2021\/10\/Untitled-2.png","type":"image\/png"}],"twitter_card":"summary_large_image","twitter_site":"@strangercamapp","twitter_misc":{"Odhadovan\u00e1 doba \u010dten\u00ed":"5 minut"},"schema":{"@context":"https:\/\/schema.org","@graph":[{"@type":"WebPage","@id":"https:\/\/strangercam.com\/shagle\/","url":"https:\/\/strangercam.com\/shagle\/","name":"Shagle - Alternativy a recenze chatovac\u00edch web\u016f - StrangerCam","isPartOf":{"@id":"https:\/\/strangercam.com\/#website"},"datePublished":"2024-09-30T12:05:14+00:00","dateModified":"2025-06-16T11:32:29+00:00","description":"Objevte nejlep\u0161\u00ed str\u00e1nky videochatu s hodnocen\u00edm a recenzemi. U\u017eijte si bezplatn\u00e9 chatov\u00e1n\u00ed p\u0159es kamery, kter\u00e9 v\u00e1m umo\u017en\u00ed poznat nov\u00e9 lidi.","breadcrumb":{"@id":"https:\/\/strangercam.com\/shagle\/#breadcrumb"},"inLanguage":"cs","potentialAction":[{"@type":"ReadAction","target":["https:\/\/strangercam.com\/shagle\/"]}]},{"@type":"BreadcrumbList","@id":"https:\/\/strangercam.com\/shagle\/#breadcrumb","itemListElement":[{"@type":"ListItem","position":1,"name":"Home","item":"https:\/\/strangercam.com\/"},{"@type":"ListItem","position":2,"name":"Shagle"}]},{"@type":"WebSite","@id":"https:\/\/strangercam.com\/#website","url":"https:\/\/strangercam.com\/","name":"Strangercam","description":"N\u00e1hodn\u00fd videochat s ciz\u00edmi lidmi","publisher":{"@id":"https:\/\/strangercam.com\/#organization"},"alternateName":"Strangercam.com","potentialAction":[{"@type":"SearchAction","target":{"@type":"EntryPoint","urlTemplate":"https:\/\/strangercam.com\/?s={search_term_string}"},"query-input":{"@type":"PropertyValueSpecification","valueRequired":true,"valueName":"search_term_string"}}],"inLanguage":"cs"},{"@type":"Organization","@id":"https:\/\/strangercam.com\/#organization","name":"Strangercam","alternateName":"Strangercam.com","url":"https:\/\/strangercam.com\/","logo":{"@type":"ImageObject","inLanguage":"cs","@id":"https:\/\/strangercam.com\/#\/schema\/logo\/image\/","url":"https:\/\/strangercam.com\/wp-content\/uploads\/2020\/11\/cropped-new-favicon-black.png","contentUrl":"https:\/\/strangercam.com\/wp-content\/uploads\/2020\/11\/cropped-new-favicon-black.png","width":512,"height":512,"caption":"Strangercam"},"image":{"@id":"https:\/\/strangercam.com\/#\/schema\/logo\/image\/"},"sameAs":["https:\/\/www.facebook.com\/strangercam","https:\/\/x.com\/strangercamapp"]}]}},"_links":{"self":[{"href":"https:\/\/strangercam.com\/cs\/wp-json\/wp\/v2\/pages\/12559","targetHints":{"allow":["GET"]}}],"collection":[{"href":"https:\/\/strangercam.com\/cs\/wp-json\/wp\/v2\/pages"}],"about":[{"href":"https:\/\/strangercam.com\/cs\/wp-json\/wp\/v2\/types\/page"}],"author":[{"embeddable":true,"href":"https:\/\/strangercam.com\/cs\/wp-json\/wp\/v2\/users\/7"}],"replies":[{"embeddable":true,"href":"https:\/\/strangercam.com\/cs\/wp-json\/wp\/v2\/comments?post=12559"}],"version-history":[{"count":1,"href":"https:\/\/strangercam.com\/cs\/wp-json\/wp\/v2\/pages\/12559\/revisions"}],"predecessor-version":[{"id":12870,"href":"https:\/\/strangercam.com\/cs\/wp-json\/wp\/v2\/pages\/12559\/revisions\/12870"}],"wp:attachment":[{"href":"https:\/\/strangercam.com\/cs\/wp-json\/wp\/v2\/media?parent=12559"}],"curies":[{"name":"wp","href":"https:\/\/api.w.org\/{rel}","templated":true}]}}