{"id":12485,"date":"2024-09-30T12:13:20","date_gmt":"2024-09-30T10:13:20","guid":{"rendered":"https:\/\/strangercam.com\/?page_id=12485"},"modified":"2025-06-16T13:29:26","modified_gmt":"2025-06-16T11:29:26","slug":"chatrandom","status":"publish","type":"page","link":"https:\/\/strangercam.com\/cs\/chatrandom\/","title":{"rendered":"Chatrandom"},"content":{"rendered":"<p>Chatrandom je platforma, kter\u00e1 umo\u017e\u0148uje u\u017eivatel\u016fm zapojit se do n\u00e1hodn\u00fdch videochat\u016f s ciz\u00edmi lidmi po cel\u00e9m sv\u011bt\u011b a reaguje na rostouc\u00ed z\u00e1jem o pozn\u00e1v\u00e1n\u00ed nov\u00fdch lid\u00ed a r\u016fzn\u00fdch kultur. Tato recenze zkoum\u00e1 r\u016fzn\u00e9 aspekty slu\u017eby Chatrandom, v\u010detn\u011b jej\u00edch funkc\u00ed, u\u017eivatelsk\u00fdch zku\u0161enost\u00ed, cenov\u00fdch mo\u017enost\u00ed, bezpe\u010dnostn\u00edch opat\u0159en\u00ed a srovn\u00e1n\u00ed s konkurenc\u00ed.<\/p>\n<h2>P\u0159ehled slu\u017eby Chatrandom<\/h2>\n<p>Spole\u010dnost Chatrandom byla zalo\u017eena v roce 2011 a rychle se stala v\u00fdznamn\u00fdm hr\u00e1\u010dem v oblasti n\u00e1hodn\u00fdch vide\u00ed. <a href=\"https:\/\/strangercam.com\/cs\/chatroulette\/\">chat<\/a> platformy. Byla vytvo\u0159ena s c\u00edlem napodobit spont\u00e1nn\u00ed interakce v re\u00e1ln\u00e9m \u017eivot\u011b v online prost\u0159ed\u00ed, prolomit geografick\u00e9 bari\u00e9ry a sbl\u00ed\u017eit lidi. Chatrandom m\u00e1 miliony u\u017eivatel\u016f po cel\u00e9m sv\u011bt\u011b a poskytuje jednotlivc\u016fm p\u0159\u00edstupn\u00fd zp\u016fsob, jak se spojit, komunikovat a zkoumat r\u016fzn\u00e9 perspektivy.<\/p>\n<h2>Kl\u00ed\u010dov\u00e9 vlastnosti<\/h2>\n<h3>N\u00e1hodn\u00fd videochat<\/h3>\n<p>Hlavn\u00ed funkc\u00ed aplikace Chatrandom je n\u00e1hodn\u00fd v\u00fdb\u011br. <a href=\"https:\/\/strangercam.com\/cs\/coomeet\/\">Videochat<\/a>, kter\u00e1 spojuje u\u017eivatele s ciz\u00edmi lidmi pro videohovory jeden na jednoho. Tato funkce je navr\u017eena s ohledem na jednoduchost a snadnost pou\u017eit\u00ed - u\u017eivatel\u00e9 mohou za\u010d\u00edt chatovat pouh\u00fdm kliknut\u00edm, bez nutnosti registrace.<\/p>\n<h3>Filtry pohlav\u00ed a polohy<\/h3>\n<p>Pro lep\u0161\u00ed personalizaci nab\u00edz\u00ed Chatrandom filtry, kter\u00e9 u\u017eivatel\u016fm umo\u017e\u0148uj\u00ed zadat pohlav\u00ed a polohu lid\u00ed, se kter\u00fdmi se cht\u011bj\u00ed spojit. Tyto filtry jsou u\u017eite\u010dn\u00e9 zejm\u00e9na pro ty, kte\u0159\u00ed si cht\u011bj\u00ed procvi\u010dit nov\u00fd jazyk nebo se spojit s lidmi z ur\u010dit\u00e9ho regionu.<\/p>\n<h3>V\u00edce re\u017eim\u016f chatu<\/h3>\n<p>Chatrandom nab\u00edz\u00ed r\u016fzn\u00e9 re\u017eimy chatu, kter\u00e9 vyhovuj\u00ed r\u016fzn\u00fdm preferenc\u00edm:<\/p>\n<ul>\n<li><strong>Cam4 Chat<\/strong>: Umo\u017e\u0148uje skupinov\u00e9 videochaty a\u017e se \u010dty\u0159mi u\u017eivateli najednou, co\u017e podporuje komunitn\u011bj\u0161\u00ed atmosf\u00e9ru.<\/li>\n<li><strong>Gay chat<\/strong>: Sekce ur\u010den\u00e1 pro gaye, kter\u00e1 zaji\u0161\u0165uje bezpe\u010dn\u00e9 a p\u0159\u00edv\u011btiv\u00e9 prost\u0159ed\u00ed pro komunitu LGBTQ+.<\/li>\n<li><strong>Chatovac\u00ed m\u00edstnosti<\/strong>: Tematick\u00e9 chatovac\u00ed m\u00edstnosti, kde se u\u017eivatel\u00e9 mohou zapojit do skupinov\u00fdch diskus\u00ed na z\u00e1klad\u011b spole\u010dn\u00fdch z\u00e1jm\u016f nebo t\u00e9mat.<\/li>\n<li><strong>Textov\u00fd chat<\/strong>: Mo\u017enost pro u\u017eivatele, kte\u0159\u00ed d\u00e1vaj\u00ed p\u0159ednost zas\u00edl\u00e1n\u00ed zpr\u00e1v p\u0159ed videem, umo\u017e\u0148uje anonymn\u00ed konverzaci bez webov\u00e9 kamery.<\/li>\n<\/ul>\n<h3>Kompatibilita s mobiln\u00edmi za\u0159\u00edzen\u00edmi<\/h3>\n<p>Chatrandom si uv\u011bdomuje d\u016fle\u017eitost mobility a nab\u00edz\u00ed mobiln\u00ed aplikaci kompatibiln\u00ed se za\u0159\u00edzen\u00edmi se syst\u00e9my iOS i Android. Aplikace zachov\u00e1v\u00e1 v\u0161echny funkce desktopov\u00e9 verze a umo\u017e\u0148uje u\u017eivatel\u016fm p\u0159ipojit se odkudkoli a kdykoli.<\/p>\n<h3>Jazykov\u00e1 podpora<\/h3>\n<p>Chatrandom podporuje v\u00edce jazyk\u016f, tak\u017ee je p\u0159\u00edstupn\u00fd pro glob\u00e1ln\u00ed publikum. U\u017eivatel\u00e9 si mohou vybrat preferovan\u00fd jazyk, co\u017e zvy\u0161uje pou\u017eitelnost a roz\u0161i\u0159uje atraktivitu platformy.<\/p>\n<h2>Zku\u0161enosti u\u017eivatel\u016f<\/h2>\n<h3>Rozhran\u00ed a design<\/h3>\n<p>Chatrandom se m\u016f\u017ee pochlubit \u010dist\u00fdm a intuitivn\u00edm rozhran\u00edm. Rozlo\u017een\u00ed je p\u0159ehledn\u00e9 a z\u00e1kladn\u00ed funkce jsou snadno dostupn\u00e9 z hlavn\u00ed obrazovky. Tato jednoduchost zaji\u0161\u0165uje, \u017ee se v platform\u011b bez pot\u00ed\u017e\u00ed zorientuj\u00ed i u\u017eivatel\u00e9, kte\u0159\u00ed ji pou\u017e\u00edvaj\u00ed poprv\u00e9.<\/p>\n<h3>Registrace a p\u0159\u00edstupnost<\/h3>\n<p>Jednou z p\u0159ednost\u00ed platformy je jej\u00ed dostupnost. U\u017eivatel\u00e9 mohou za\u010d\u00edt pou\u017e\u00edvat z\u00e1kladn\u00ed funkce bez registrace, co\u017e odstra\u0148uje p\u0159ek\u00e1\u017eky vstupu. Pro z\u00e1jemce o pokro\u010dil\u00e9 funkce nebo personalizaci je proces registrace rychl\u00fd a vy\u017eaduje minimum informac\u00ed.<\/p>\n<h3>V\u00fdkon a spolehlivost<\/h3>\n<p>Chatrandom je optimalizov\u00e1n pro v\u00fdkon a nab\u00edz\u00ed vysoce kvalitn\u00ed streamov\u00e1n\u00ed videa s minim\u00e1ln\u00edm zpo\u017ed\u011bn\u00edm. Servery platformy jsou robustn\u00ed a jsou schopny zvl\u00e1dnout velk\u00fd po\u010det sou\u010dasn\u00fdch u\u017eivatel\u016f bez v\u00fdrazn\u00fdch v\u00fdpadk\u016f nebo probl\u00e9m\u016f s v\u00fdkonem.<\/p>\n<h2>Ceny a mo\u017enosti p\u0159edplatn\u00e9ho<\/h2>\n<p>Zat\u00edmco mnoho funkc\u00ed Chatrandom je k dispozici zdarma, platforma nab\u00edz\u00ed pr\u00e9miov\u00e9 p\u0159edplatn\u00e9 s n\u00e1zvem. <strong>Chatrandom Plus<\/strong> pro u\u017eivatele, kte\u0159\u00ed hledaj\u00ed lep\u0161\u00ed z\u00e1\u017eitek.<\/p>\n<h3>Chatrandom Plus V\u00fdhody<\/h3>\n<ul>\n<li><strong>Pokro\u010dil\u00e9 filtry<\/strong>: P\u0159\u00edstup ke specifi\u010dt\u011bj\u0161\u00edm filtr\u016fm pohlav\u00ed a m\u00edsta, v\u010detn\u011b mo\u017enosti vybrat v\u00edce zem\u00ed.<\/li>\n<li><strong>Zku\u0161enosti bez reklam<\/strong>: Odstran\u00ed v\u0161echny reklamy a zajist\u00ed nep\u0159eru\u0161ovan\u00e9 pou\u017e\u00edv\u00e1n\u00ed.<\/li>\n<li><strong>Odznak VIP<\/strong>: V\u00fdrazn\u00fd odznak, kter\u00fd zd\u016fraz\u0148uje pr\u00e9miov\u00fd status u\u017eivatele v r\u00e1mci komunity.<\/li>\n<li><strong>Prioritn\u00ed podpora<\/strong>: Rychlej\u0161\u00ed reakce t\u00fdmu z\u00e1kaznick\u00e9 podpory.<\/li>\n<\/ul>\n<h3>Pl\u00e1ny p\u0159edplatn\u00e9ho<\/h3>\n<p>Chatrandom Plus nab\u00edz\u00ed flexibiln\u00ed mo\u017enosti p\u0159edplatn\u00e9ho:<\/p>\n<ul>\n<li><strong>M\u011bs\u00ed\u010dn\u00ed pl\u00e1n<\/strong>: Ide\u00e1ln\u00ed pro u\u017eivatele, kte\u0159\u00ed cht\u011bj\u00ed vyzkou\u0161et pr\u00e9miov\u00e9 funkce bez dlouhodob\u00e9ho z\u00e1vazku.<\/li>\n<li><strong>\u010ctvrtletn\u00ed pl\u00e1n<\/strong>: Nab\u00edz\u00ed zv\u00fdhodn\u011bnou sazbu ve srovn\u00e1n\u00ed s m\u011bs\u00ed\u010dn\u00edm tarifem.<\/li>\n<li><strong>Ro\u010dn\u00ed pl\u00e1n<\/strong>: Dlouhodob\u00fdm u\u017eivatel\u016fm poskytuje nejv\u00fdhodn\u011bj\u0161\u00ed cenu s v\u00fdraznou \u00fasporou oproti m\u011bs\u00ed\u010dn\u00edmu tarifu.<\/li>\n<\/ul>\n<p>Cena je konkurenceschopn\u00e1 a odr\u00e1\u017e\u00ed dodate\u010dnou hodnotu, kterou poskytuj\u00ed pr\u00e9miov\u00e9 funkce.<\/p>\n<h2>V\u00fdhody a nev\u00fdhody<\/h2>\n<h3>Klady<\/h3>\n<ul>\n<li><strong>U\u017eivatelsky p\u0159\u00edv\u011btiv\u00e9 rozhran\u00ed<\/strong>: Jednoduch\u00fd design zaji\u0161\u0165uje snadn\u00e9 pou\u017eit\u00ed pro v\u0161echny u\u017eivatele.<\/li>\n<li><strong>\u017d\u00e1dn\u00e1 povinn\u00e1 registrace<\/strong>: Okam\u017eit\u00fd p\u0159\u00edstup k z\u00e1kladn\u00edm funkc\u00edm bez nutnosti m\u00edt \u00fa\u010det.<\/li>\n<li><strong>Glob\u00e1ln\u00ed konektivita<\/strong>: Propojuje u\u017eivatele po cel\u00e9m sv\u011bt\u011b a podporuje kulturn\u00ed v\u00fdm\u011bnu a rozmanit\u00e9 interakce.<\/li>\n<li><strong>R\u016fzn\u00e9 re\u017eimy chatu<\/strong>: R\u016fzn\u00e9 mo\u017enosti vyhovuj\u00ed r\u016fzn\u00fdm preferenc\u00edm, v\u010detn\u011b skupinov\u00fdch chat\u016f a textov\u00fdch zpr\u00e1v.<\/li>\n<li><strong>Dostupnost mobiln\u00ed aplikace<\/strong>: Pln\u00e1 funk\u010dnost na mobiln\u00edch za\u0159\u00edzen\u00edch zvy\u0161uje dostupnost.<\/li>\n<\/ul>\n<h3>Nev\u00fdhody<\/h3>\n<ul>\n<li><strong>Omezen\u00e9 funkce pro u\u017eivatele zdarma<\/strong>: Pokro\u010dil\u00e9 filtry a n\u011bkter\u00e9 re\u017eimy chatu vy\u017eaduj\u00ed pr\u00e9miov\u00e9 p\u0159edplatn\u00e9.<\/li>\n<li><strong>Ned\u016fsledn\u00e9 moderov\u00e1n\u00ed<\/strong>: Navzdory snaze m\u016f\u017ee doj\u00edt k tomu, \u017ee proklouzne n\u011bjak\u00fd nevhodn\u00fd obsah nebo chov\u00e1n\u00ed.<\/li>\n<li><strong>Reklamy ve verzi zdarma<\/strong>: Reklamy mohou b\u00fdt ru\u0161iv\u00e9 a mohou naru\u0161ovat u\u017eivatelsk\u00fd z\u00e1\u017eitek.<\/li>\n<li><strong>Potenci\u00e1ln\u00ed obavy o ochranu soukrom\u00ed<\/strong>: Stejn\u011b jako u ka\u017ed\u00e9 online platformy mus\u00ed b\u00fdt u\u017eivatel\u00e9 opatrn\u00ed p\u0159i sd\u00edlen\u00ed osobn\u00edch \u00fadaj\u016f.<\/li>\n<\/ul>\n<h2>Bezpe\u010dnost a ochrana soukrom\u00ed u\u017eivatel\u016f<\/h2>\n<h3>Z\u00e1sady moderov\u00e1n\u00ed<\/h3>\n<p>Chatrandom zam\u011bstn\u00e1v\u00e1 t\u00fdm moder\u00e1tor\u016f a automatick\u00fdch syst\u00e9m\u016f, kter\u00e9 monitoruj\u00ed platformu, zda neobsahuje nevhodn\u00fd obsah a chov\u00e1n\u00ed. U\u017eivatel\u00e9 mohou hl\u00e1sit poru\u0161en\u00ed pravidel a obvykle jsou rychle p\u0159ij\u00edm\u00e1na opat\u0159en\u00ed k zachov\u00e1n\u00ed bezpe\u010dn\u00e9ho prost\u0159ed\u00ed.<\/p>\n<h3>Opat\u0159en\u00ed na ochranu soukrom\u00ed<\/h3>\n<ul>\n<li><strong>Anonymn\u00ed chatov\u00e1n\u00ed<\/strong>: U\u017eivatel\u00e9 nemus\u00ed poskytovat osobn\u00ed \u00fadaje, aby mohli pou\u017e\u00edvat z\u00e1kladn\u00ed funkce.<\/li>\n<li><strong>Ochrana \u00fadaj\u016f<\/strong>: Chatrandom dodr\u017euje z\u00e1kony a p\u0159edpisy o ochran\u011b osobn\u00edch \u00fadaj\u016f a zaji\u0161\u0165uje ochranu u\u017eivatelsk\u00fdch dat.<\/li>\n<li><strong>Blokov\u00e1n\u00ed a hl\u00e1\u0161en\u00ed<\/strong>: U\u017eivatel\u00e9 maj\u00ed mo\u017enost blokovat ostatn\u00ed u\u017eivatele a nahl\u00e1sit jak\u00e9koli pochyben\u00ed p\u0159\u00edmo prost\u0159ednictv\u00edm platformy.<\/li>\n<\/ul>\n<h3>Tipy pro u\u017eivatele<\/h3>\n<ul>\n<li><strong>Ochrana osobn\u00edch \u00fadaj\u016f<\/strong>: Vyvarujte se sd\u00edlen\u00ed citliv\u00fdch \u00fadaj\u016f, jako je cel\u00e9 jm\u00e9no, adresa nebo finan\u010dn\u00ed informace.<\/li>\n<li><strong>Pou\u017e\u00edvejte filtry s rozmyslem<\/strong>: Vyu\u017eijte dostupn\u00e9 filtry a spojte se s u\u017eivateli, kte\u0159\u00ed odpov\u00eddaj\u00ed va\u0161im preferenc\u00edm, co\u017e m\u016f\u017ee zv\u00fd\u0161it bezpe\u010dnost.<\/li>\n<li><strong>Bu\u010fte obez\u0159etn\u00ed<\/strong>: D\u016fv\u011b\u0159ujte sv\u00fdm instinkt\u016fm a odpojte se od konverzace, kter\u00e1 je v\u00e1m nep\u0159\u00edjemn\u00e1.<\/li>\n<\/ul>\n<h2>Srovn\u00e1n\u00ed s konkurenc\u00ed<\/h2>\n<h3>Chatrandom vs. Omegle<\/h3>\n<ul>\n<li><strong>Funkce<\/strong>: Chatrandom nab\u00edz\u00ed v\u00edce funkc\u00ed, jako je v\u00edce re\u017eim\u016f chatu a pokro\u010dil\u00e9 filtry, zat\u00edmco <a href=\"https:\/\/strangercam.com\/cs\/omegle\/\">Omegle<\/a> se zam\u011b\u0159uje p\u0159edev\u0161\u00edm na z\u00e1kladn\u00ed n\u00e1hodn\u00e9 chaty.<\/li>\n<li><strong>U\u017eivatelsk\u00e9 rozhran\u00ed<\/strong>: Rozhran\u00ed aplikace Chatrandom je modern\u011bj\u0161\u00ed a u\u017eivatelsky p\u0159\u00edv\u011btiv\u011bj\u0161\u00ed ne\u017e minimalistick\u00fd design aplikace Omegle.<\/li>\n<li><strong>Mobiln\u00ed aplikace<\/strong>: Chatrandom poskytuje mobiln\u00ed aplikaci, kter\u00e1 nab\u00edz\u00ed lep\u0161\u00ed dostupnost, zat\u00edmco Omegle je omezen na webov\u00e9 prohl\u00ed\u017ee\u010de.<\/li>\n<\/ul>\n<h3>Chatrandom vs. Chatroulette<\/h3>\n<ul>\n<li><strong>Velikost komunity<\/strong>: Ob\u011b platformy maj\u00ed velkou u\u017eivatelskou z\u00e1kladnu, ale Chatrandom m\u00e1 \u010dasto vy\u0161\u0161\u00ed po\u010det aktivn\u00edch u\u017eivatel\u016f v dan\u00e9m okam\u017eiku.<\/li>\n<li><strong>Bezpe\u010dnostn\u00ed opat\u0159en\u00ed<\/strong>: Chatrandom m\u00e1 robustn\u011bj\u0161\u00ed syst\u00e9my moderov\u00e1n\u00ed a hl\u00e1\u0161en\u00ed.<\/li>\n<li><strong>Dal\u0161\u00ed funkce<\/strong>: V\u00edce re\u017eim\u016f a filtr\u016f chatu Chatrandom poskytuje ve srovn\u00e1n\u00ed s jednoduchou nab\u00eddkou n\u00e1hodn\u00e9ho chatu Chatroulette v\u00edce z\u00e1\u017eitk\u016f na m\u00edru.<\/li>\n<\/ul>\n<h3>Chatrandom vs. Tinychat<\/h3>\n<ul>\n<li><strong>Re\u017eimy chatu<\/strong>: <a href=\"https:\/\/strangercam.com\/cs\/tinychat\/\">Tinychat<\/a> se zam\u011b\u0159uje na skupinov\u00e9 videochaty a \u017eiv\u00e9 vys\u00edl\u00e1n\u00ed, zat\u00edmco Chatrandom nab\u00edz\u00ed mo\u017enost individu\u00e1ln\u00edho i skupinov\u00e9ho chatu.<\/li>\n<li><strong>U\u017eivatelsk\u00e1 z\u00e1kladna<\/strong>: Chatrandom m\u00e1 rozmanit\u011bj\u0161\u00ed celosv\u011btovou u\u017eivatelskou z\u00e1kladnu, co\u017e zvy\u0161uje mo\u017enost navazov\u00e1n\u00ed mezin\u00e1rodn\u00edch kontakt\u016f.<\/li>\n<li><strong>Snadn\u00e9 pou\u017e\u00edv\u00e1n\u00ed<\/strong>: D\u00edky politice neregistrace pro z\u00e1kladn\u00ed funkce je Chatrandom p\u0159\u00edstupn\u011bj\u0161\u00ed nov\u00fdm u\u017eivatel\u016fm.<\/li>\n<\/ul>\n<h2>Z\u00e1v\u011br<\/h2>\n<p>Chatrandom vynik\u00e1 v p\u0159epln\u011bn\u00e9m prostoru <a href=\"https:\/\/strangercam.com\/cs\/chathub\/\">n\u00e1hodn\u00fd videochat<\/a> platformy t\u00edm, \u017ee nab\u00edz\u00ed u\u017eivatelsky p\u0159\u00edv\u011btiv\u00e9 rozhran\u00ed, r\u016fzn\u00e9 re\u017eimy chatu a funkce, kter\u00e9 vyhovuj\u00ed r\u016fznorod\u00e9mu publiku. Jej\u00ed snaha o glob\u00e1ln\u00ed propojen\u00ed lid\u00ed je patrn\u00e1 z jazykov\u00e9 podpory a rozs\u00e1hl\u00e9 u\u017eivatelsk\u00e9 z\u00e1kladny. I kdy\u017e existuj\u00ed oblasti, kter\u00e9 je t\u0159eba zlep\u0161it, zejm\u00e9na v oblasti moderov\u00e1n\u00ed a roz\u0161i\u0159ov\u00e1n\u00ed bezplatn\u00fdch funkc\u00ed, Chatrandom poskytuje cennou slu\u017ebu t\u011bm, kte\u0159\u00ed se cht\u011bj\u00ed zapojit do spont\u00e1nn\u00edch konverzac\u00ed a roz\u0161\u00ed\u0159it si obzory. A\u0165 u\u017e hled\u00e1te nov\u00e1 p\u0159\u00e1telstv\u00ed, procvi\u010dov\u00e1n\u00ed jazyk\u016f nebo prost\u011b jen z\u00e1bavn\u00fd zp\u016fsob tr\u00e1ven\u00ed \u010dasu, Chatrandom nab\u00edz\u00ed platformu, kterou stoj\u00ed za to prozkoumat.<\/p>","protected":false},"excerpt":{"rendered":"<p>Chatrandom is a platform that enables users to engage in random video chats with strangers worldwide, addressing the growing interest in meeting new people and experiencing diverse cultures. This review examines various aspects of Chatrandom, including its features, user experience, pricing options, safety measures, and comparison with competitors. Overview of Chatrandom Established in 2011, Chatrandom [&hellip;]<\/p>\n","protected":false},"author":7,"featured_media":0,"parent":0,"menu_order":0,"comment_status":"closed","ping_status":"closed","template":"","meta":{"footnotes":""},"class_list":["post-12485","page","type-page","status-publish","hentry"],"yoast_head":"<!-- This site is optimized with the Yoast SEO plugin v26.9 - https:\/\/yoast.com\/product\/yoast-seo-wordpress\/ -->\n<title>Chatrandom - Alternatives &amp; Reviews of Chat Sites - StrangerCam<\/title>\n<meta name=\"description\" content=\"Discover the best Video Chat Sites, complete with ratings and reviews. Enjoy free cam chats that let you meet new people.\" \/>\n<meta name=\"robots\" content=\"index, follow, max-snippet:-1, max-image-preview:large, max-video-preview:-1\" \/>\n<link rel=\"canonical\" href=\"https:\/\/strangercam.com\/cs\/chatrandom\/\" \/>\n<meta property=\"og:locale\" content=\"cs_CZ\" \/>\n<meta property=\"og:type\" content=\"article\" \/>\n<meta property=\"og:title\" content=\"Chatrandom - Alternatives &amp; Reviews of Chat Sites - StrangerCam\" \/>\n<meta property=\"og:description\" content=\"Discover the best Video Chat Sites, complete with ratings and reviews. Enjoy free cam chats that let you meet new people.\" \/>\n<meta property=\"og:url\" content=\"https:\/\/strangercam.com\/cs\/chatrandom\/\" \/>\n<meta property=\"og:site_name\" content=\"Strangercam\" \/>\n<meta property=\"article:publisher\" content=\"https:\/\/www.facebook.com\/strangercam\" \/>\n<meta property=\"article:modified_time\" content=\"2025-06-16T11:29:26+00:00\" \/>\n<meta property=\"og:image\" content=\"https:\/\/strangercam.com\/wp-content\/uploads\/2021\/10\/Untitled-2.png\" \/>\n\t<meta property=\"og:image:width\" content=\"800\" \/>\n\t<meta property=\"og:image:height\" content=\"532\" \/>\n\t<meta property=\"og:image:type\" content=\"image\/png\" \/>\n<meta name=\"twitter:card\" content=\"summary_large_image\" \/>\n<meta name=\"twitter:site\" content=\"@strangercamapp\" \/>\n<meta name=\"twitter:label1\" content=\"Odhadovan\u00e1 doba \u010dten\u00ed\" \/>\n\t<meta name=\"twitter:data1\" content=\"6 minut\" \/>\n<script type=\"application\/ld+json\" class=\"yoast-schema-graph\">{\"@context\":\"https:\/\/schema.org\",\"@graph\":[{\"@type\":\"WebPage\",\"@id\":\"https:\/\/strangercam.com\/chatrandom\/\",\"url\":\"https:\/\/strangercam.com\/chatrandom\/\",\"name\":\"Chatrandom - Alternatives & Reviews of Chat Sites - StrangerCam\",\"isPartOf\":{\"@id\":\"https:\/\/strangercam.com\/#website\"},\"datePublished\":\"2024-09-30T10:13:20+00:00\",\"dateModified\":\"2025-06-16T11:29:26+00:00\",\"description\":\"Discover the best Video Chat Sites, complete with ratings and reviews. Enjoy free cam chats that let you meet new people.\",\"breadcrumb\":{\"@id\":\"https:\/\/strangercam.com\/chatrandom\/#breadcrumb\"},\"inLanguage\":\"cs\",\"potentialAction\":[{\"@type\":\"ReadAction\",\"target\":[\"https:\/\/strangercam.com\/chatrandom\/\"]}]},{\"@type\":\"BreadcrumbList\",\"@id\":\"https:\/\/strangercam.com\/chatrandom\/#breadcrumb\",\"itemListElement\":[{\"@type\":\"ListItem\",\"position\":1,\"name\":\"Home\",\"item\":\"https:\/\/strangercam.com\/\"},{\"@type\":\"ListItem\",\"position\":2,\"name\":\"Chatrandom\"}]},{\"@type\":\"WebSite\",\"@id\":\"https:\/\/strangercam.com\/#website\",\"url\":\"https:\/\/strangercam.com\/\",\"name\":\"Strangercam\",\"description\":\"Random Video Chat with Strangers\",\"publisher\":{\"@id\":\"https:\/\/strangercam.com\/#organization\"},\"alternateName\":\"Strangercam.com\",\"potentialAction\":[{\"@type\":\"SearchAction\",\"target\":{\"@type\":\"EntryPoint\",\"urlTemplate\":\"https:\/\/strangercam.com\/?s={search_term_string}\"},\"query-input\":{\"@type\":\"PropertyValueSpecification\",\"valueRequired\":true,\"valueName\":\"search_term_string\"}}],\"inLanguage\":\"cs\"},{\"@type\":\"Organization\",\"@id\":\"https:\/\/strangercam.com\/#organization\",\"name\":\"Strangercam\",\"alternateName\":\"Strangercam.com\",\"url\":\"https:\/\/strangercam.com\/\",\"logo\":{\"@type\":\"ImageObject\",\"inLanguage\":\"cs\",\"@id\":\"https:\/\/strangercam.com\/#\/schema\/logo\/image\/\",\"url\":\"https:\/\/strangercam.com\/wp-content\/uploads\/2020\/11\/cropped-new-favicon-black.png\",\"contentUrl\":\"https:\/\/strangercam.com\/wp-content\/uploads\/2020\/11\/cropped-new-favicon-black.png\",\"width\":512,\"height\":512,\"caption\":\"Strangercam\"},\"image\":{\"@id\":\"https:\/\/strangercam.com\/#\/schema\/logo\/image\/\"},\"sameAs\":[\"https:\/\/www.facebook.com\/strangercam\",\"https:\/\/x.com\/strangercamapp\"]}]}<\/script>\n<!-- \/ Yoast SEO plugin. -->","yoast_head_json":{"title":"Chatrandom - Alternativy a recenze chatovac\u00edch web\u016f - StrangerCam","description":"Objevte nejlep\u0161\u00ed str\u00e1nky videochatu s hodnocen\u00edm a recenzemi. U\u017eijte si bezplatn\u00e9 chatov\u00e1n\u00ed p\u0159es kamery, kter\u00e9 v\u00e1m umo\u017en\u00ed poznat nov\u00e9 lidi.","robots":{"index":"index","follow":"follow","max-snippet":"max-snippet:-1","max-image-preview":"max-image-preview:large","max-video-preview":"max-video-preview:-1"},"canonical":"https:\/\/strangercam.com\/cs\/chatrandom\/","og_locale":"cs_CZ","og_type":"article","og_title":"Chatrandom - Alternatives & Reviews of Chat Sites - StrangerCam","og_description":"Discover the best Video Chat Sites, complete with ratings and reviews. Enjoy free cam chats that let you meet new people.","og_url":"https:\/\/strangercam.com\/cs\/chatrandom\/","og_site_name":"Strangercam","article_publisher":"https:\/\/www.facebook.com\/strangercam","article_modified_time":"2025-06-16T11:29:26+00:00","og_image":[{"width":800,"height":532,"url":"https:\/\/strangercam.com\/wp-content\/uploads\/2021\/10\/Untitled-2.png","type":"image\/png"}],"twitter_card":"summary_large_image","twitter_site":"@strangercamapp","twitter_misc":{"Odhadovan\u00e1 doba \u010dten\u00ed":"6 minut"},"schema":{"@context":"https:\/\/schema.org","@graph":[{"@type":"WebPage","@id":"https:\/\/strangercam.com\/chatrandom\/","url":"https:\/\/strangercam.com\/chatrandom\/","name":"Chatrandom - Alternativy a recenze chatovac\u00edch web\u016f - StrangerCam","isPartOf":{"@id":"https:\/\/strangercam.com\/#website"},"datePublished":"2024-09-30T10:13:20+00:00","dateModified":"2025-06-16T11:29:26+00:00","description":"Objevte nejlep\u0161\u00ed str\u00e1nky videochatu s hodnocen\u00edm a recenzemi. U\u017eijte si bezplatn\u00e9 chatov\u00e1n\u00ed p\u0159es kamery, kter\u00e9 v\u00e1m umo\u017en\u00ed poznat nov\u00e9 lidi.","breadcrumb":{"@id":"https:\/\/strangercam.com\/chatrandom\/#breadcrumb"},"inLanguage":"cs","potentialAction":[{"@type":"ReadAction","target":["https:\/\/strangercam.com\/chatrandom\/"]}]},{"@type":"BreadcrumbList","@id":"https:\/\/strangercam.com\/chatrandom\/#breadcrumb","itemListElement":[{"@type":"ListItem","position":1,"name":"Home","item":"https:\/\/strangercam.com\/"},{"@type":"ListItem","position":2,"name":"Chatrandom"}]},{"@type":"WebSite","@id":"https:\/\/strangercam.com\/#website","url":"https:\/\/strangercam.com\/","name":"Strangercam","description":"N\u00e1hodn\u00fd videochat s ciz\u00edmi lidmi","publisher":{"@id":"https:\/\/strangercam.com\/#organization"},"alternateName":"Strangercam.com","potentialAction":[{"@type":"SearchAction","target":{"@type":"EntryPoint","urlTemplate":"https:\/\/strangercam.com\/?s={search_term_string}"},"query-input":{"@type":"PropertyValueSpecification","valueRequired":true,"valueName":"search_term_string"}}],"inLanguage":"cs"},{"@type":"Organization","@id":"https:\/\/strangercam.com\/#organization","name":"Strangercam","alternateName":"Strangercam.com","url":"https:\/\/strangercam.com\/","logo":{"@type":"ImageObject","inLanguage":"cs","@id":"https:\/\/strangercam.com\/#\/schema\/logo\/image\/","url":"https:\/\/strangercam.com\/wp-content\/uploads\/2020\/11\/cropped-new-favicon-black.png","contentUrl":"https:\/\/strangercam.com\/wp-content\/uploads\/2020\/11\/cropped-new-favicon-black.png","width":512,"height":512,"caption":"Strangercam"},"image":{"@id":"https:\/\/strangercam.com\/#\/schema\/logo\/image\/"},"sameAs":["https:\/\/www.facebook.com\/strangercam","https:\/\/x.com\/strangercamapp"]}]}},"_links":{"self":[{"href":"https:\/\/strangercam.com\/cs\/wp-json\/wp\/v2\/pages\/12485","targetHints":{"allow":["GET"]}}],"collection":[{"href":"https:\/\/strangercam.com\/cs\/wp-json\/wp\/v2\/pages"}],"about":[{"href":"https:\/\/strangercam.com\/cs\/wp-json\/wp\/v2\/types\/page"}],"author":[{"embeddable":true,"href":"https:\/\/strangercam.com\/cs\/wp-json\/wp\/v2\/users\/7"}],"replies":[{"embeddable":true,"href":"https:\/\/strangercam.com\/cs\/wp-json\/wp\/v2\/comments?post=12485"}],"version-history":[{"count":1,"href":"https:\/\/strangercam.com\/cs\/wp-json\/wp\/v2\/pages\/12485\/revisions"}],"predecessor-version":[{"id":12865,"href":"https:\/\/strangercam.com\/cs\/wp-json\/wp\/v2\/pages\/12485\/revisions\/12865"}],"wp:attachment":[{"href":"https:\/\/strangercam.com\/cs\/wp-json\/wp\/v2\/media?parent=12485"}],"curies":[{"name":"wp","href":"https:\/\/api.w.org\/{rel}","templated":true}]}}