{"id":12414,"date":"2024-06-10T14:11:20","date_gmt":"2024-06-10T12:11:20","guid":{"rendered":"https:\/\/strangercam.com\/?page_id=12414"},"modified":"2024-06-10T14:11:59","modified_gmt":"2024-06-10T12:11:59","slug":"chatbychance","status":"publish","type":"page","link":"https:\/\/strangercam.com\/cs\/chatbychance\/","title":{"rendered":"ChatbyChance"},"content":{"rendered":"<p data-pm-slice=\"1 1 []\">Hled\u00e1te vzru\u0161uj\u00edc\u00ed zp\u016fsob, jak nav\u00e1zat online kontakt s nov\u00fdmi lidmi? Pono\u0159te se do sv\u011bta ChatbyChance, kde je ka\u017ed\u00e1 konverzace p\u0159ekvapen\u00edm. Podobn\u011b jako u jin\u00fdch n\u00e1hodn\u00fdch vide\u00ed <a href=\"https:\/\/strangercam.com\/cs\/chatroulette\/\">chat<\/a> stejn\u011b jako platformy Strangercam a Chatrandom nab\u00edz\u00ed ChatbyChance vzru\u0161uj\u00edc\u00ed z\u00e1\u017eitek pro ty, kte\u0159\u00ed hledaj\u00ed spont\u00e1nn\u00ed interakce.<\/p>\n<p>Ve spole\u010dnosti ChatbyChance v\u011b\u0159\u00edme ve vzru\u0161en\u00ed z ne\u010dekan\u00fdch spojen\u00ed a radost ze setk\u00e1n\u00ed s cizinci z cel\u00e9ho sv\u011bta. A\u0165 u\u017e hled\u00e1te nov\u00e9 p\u0159\u00e1tele, chcete v\u00e9st poutav\u00e9 rozhovory nebo si jen kr\u00e1tit \u010das n\u00e1hodn\u00fdmi chaty, ChatbyChance je va\u0161\u00ed branou k nekone\u010dn\u00fdm mo\u017enostem.<\/p>\n<p>Join prozkoum\u00e1me dynamick\u00fd sv\u011bt ChatbyChance, kde v\u00e1s ka\u017ed\u00e9 kliknut\u00ed p\u0159ivede tv\u00e1\u0159\u00ed v tv\u00e1\u0159 nov\u00e9mu dobrodru\u017estv\u00ed. P\u0159ipravte se za\u017e\u00edt vzru\u0161en\u00ed z n\u00e1hodn\u00fdch videochat\u016f jako nikdy p\u0159edt\u00edm.<\/p>\n<h2 id=\"overview-of-chatbychance\">P\u0159ehled slu\u017eby ChatbyChance<\/h2>\n<h3 id=\"what-is-chatbychance\">Co je ChatbyChance?<\/h3>\n<p>ChatbyChance pat\u0159\u00ed mezi obl\u00edben\u00e9 platformy, jako jsou StrangerCam, Chatrandom, EmeraldChat a dal\u0161\u00ed, kter\u00e9 nab\u00edzej\u00ed. <a href=\"https:\/\/strangercam.com\/cs\/chathub\/\">n\u00e1hodn\u00fd videochat<\/a> slu\u017eby. U\u017eivatel\u00e9 se mohou spojit s ciz\u00edmi lidmi po cel\u00e9m sv\u011bt\u011b prost\u0159ednictv\u00edm videochat\u016f, co\u017e vytv\u00e1\u0159\u00ed prostor pro spont\u00e1nn\u00ed interakci a navazov\u00e1n\u00ed nov\u00fdch p\u0159\u00e1telstv\u00ed. P\u0159edpoklad platformy spo\u010d\u00edv\u00e1 ve vzru\u0161uj\u00edc\u00edm z\u00e1\u017eitku z nep\u0159edv\u00eddateln\u00e9ho a vzru\u0161uj\u00edc\u00edho setk\u00e1v\u00e1n\u00ed s nov\u00fdmi lidmi online.<\/p>\n<h3 id=\"key-features-and-functionalities\">Kl\u00ed\u010dov\u00e9 vlastnosti a funkce<\/h3>\n<p>Podobn\u011b jako jin\u00e9 n\u00e1hodn\u00e9 webov\u00e9 str\u00e1nky pro videochat, ChatbyChance poskytuje u\u017eivatel\u016fm n\u00e1sleduj\u00edc\u00ed kl\u00ed\u010dov\u00e9 funkce a vlastnosti:<\/p>\n<ul class=\"list-disc list-outside leading-3 -mt-2 tight\" data-tight=\"true\">\n<li class=\"leading-normal -mb-2\">Okam\u017eit\u00e9 spojen\u00ed s ciz\u00edmi lidmi pro n\u00e1hodn\u00e9 videochaty.<\/li>\n<li class=\"leading-normal -mb-2\">Anonymita, kter\u00e1 umo\u017e\u0148uje komunikovat s ostatn\u00edmi bez prozrazen\u00ed osobn\u00edch \u00fadaj\u016f.<\/li>\n<li class=\"leading-normal -mb-2\">Glob\u00e1ln\u00ed dosah, kter\u00fd u\u017eivatel\u016fm umo\u017e\u0148uje spojit se s lidmi z r\u016fzn\u00fdch zem\u00ed.<\/li>\n<li class=\"leading-normal -mb-2\">U\u017eivatelsky p\u0159\u00edv\u011btiv\u00e9 rozhran\u00ed pro bezprobl\u00e9mov\u00e9 chatov\u00e1n\u00ed.<\/li>\n<li class=\"leading-normal -mb-2\">Mo\u017enosti filtrov\u00e1n\u00ed p\u0159ipojen\u00ed na z\u00e1klad\u011b preferenc\u00ed, jako je pohlav\u00ed nebo poloha.<\/li>\n<li class=\"leading-normal -mb-2\">N\u00e1hodn\u00e1 shoda, kter\u00e1 umo\u017e\u0148uje za\u017e\u00edt r\u016fzn\u00e9 interakce s r\u016fzn\u00fdmi u\u017eivateli.<\/li>\n<\/ul>\n<p>ChatbyChance, stejn\u011b jako jeho prot\u011bj\u0161ky, je ur\u010den pro jednotlivce, kte\u0159\u00ed hledaj\u00ed nov\u00e9 z\u00e1\u017eitky a cht\u011bj\u00ed se zapojit do online rozhovor\u016f s r\u016fzn\u00fdmi lidmi prost\u0159ednictv\u00edm spont\u00e1nn\u00edch videochat\u016f.<\/p>\n<h2 id=\"user-experience-on-chatbychance\">U\u017eivatelsk\u00e9 zku\u0161enosti na ChatbyChance<\/h2>\n<h3 id=\"user-interface-and-design\">U\u017eivatelsk\u00e9 rozhran\u00ed a design<\/h3>\n<p>Co se t\u00fd\u010de u\u017eivatelsk\u00e9ho rozhran\u00ed a designu ChatbyChance, sd\u00edl\u00ed podobnosti s dal\u0161\u00edmi popul\u00e1rn\u00edmi platformami pro n\u00e1hodn\u00fd videochat, jako jsou StrangerCam, Chatrandom a dal\u0161\u00ed. <a href=\"https:\/\/strangercam.com\/cs\/emerald-chat\/\">Emerald<\/a> Chat. Rozlo\u017een\u00ed je typicky intuitivn\u00ed a p\u0159ehledn\u00e9, tak\u017ee u\u017eivatel\u00e9 se mohou snadno pohybovat po webu a bez n\u00e1mahy zahajovat n\u00e1hodn\u00e9 videochaty s ciz\u00edmi lidmi. Design se \u010dasto zam\u011b\u0159uje na jednoduchost a zaji\u0161\u0165uje, aby u\u017eivatel\u00e9 rychle pochopili, jak zah\u00e1jit nebo ukon\u010dit relaci chatu, upravit nastaven\u00ed nebo zapojit dal\u0161\u00ed funkce, kter\u00e9 platforma nab\u00edz\u00ed.<\/p>\n<h3 id=\"real-user-reviews-and-feedback\">Recenze a zp\u011btn\u00e1 vazba skute\u010dn\u00fdch u\u017eivatel\u016f<\/h3>\n<p>Recenze a zp\u011btn\u00e1 vazba skute\u010dn\u00fdch u\u017eivatel\u016f hraj\u00ed v\u00fdznamnou roli p\u0159i utv\u00e1\u0159en\u00ed vn\u00edm\u00e1n\u00ed platforem, jako je ChatbyChance, v online komunit\u011b. Stejn\u011b jako ostatn\u00ed n\u00e1hodn\u00e9 webov\u00e9 str\u00e1nky s videochatem, i ChatbyChance dost\u00e1v\u00e1 od u\u017eivatel\u016f z cel\u00e9ho sv\u011bta r\u016fznorod\u00e9 recenze. N\u011bkte\u0159\u00ed u\u017eivatel\u00e9 vyzdvihuj\u00ed vzru\u0161en\u00ed ze setk\u00e1v\u00e1n\u00ed s nov\u00fdmi lidmi a poutav\u00fdch konverzac\u00ed, p\u0159i\u010dem\u017e zd\u016fraz\u0148uj\u00ed spont\u00e1nnost a vzru\u0161uj\u00edc\u00ed charakter platformy. Jin\u00ed mohou zmi\u0148ovat aspekty, jako je kvalita p\u0159ipojen\u00ed, rozmanitost osob, s nimi\u017e se setk\u00e1vaj\u00ed, nebo celkov\u00fd u\u017eivatelsk\u00fd z\u00e1\u017eitek.<\/p>\n<p>Celkov\u011b lze \u0159\u00edci, \u017ee recenze a zp\u011btn\u00e1 vazba skute\u010dn\u00fdch u\u017eivatel\u016f poskytuj\u00ed cenn\u00e9 informace o siln\u00fdch str\u00e1nk\u00e1ch a oblastech, kter\u00e9 je t\u0159eba zlep\u0161it, a pom\u00e1haj\u00ed potenci\u00e1ln\u00edm u\u017eivatel\u016fm u\u010dinit informovan\u00e9 rozhodnut\u00ed o zapojen\u00ed platformy pro jejich pot\u0159eby n\u00e1hodn\u00e9ho videochatu.<\/p>\n<h2 id=\"safety-and-security-measures\">Bezpe\u010dnostn\u00ed opat\u0159en\u00ed<\/h2>\n<h3 id=\"privacy-concerns-and-user-safety\">Obavy o soukrom\u00ed a bezpe\u010dnost u\u017eivatel\u016f<\/h3>\n<p>Pokud jde o n\u00e1hodn\u00e9 webov\u00e9 str\u00e1nky s videochatem, jako je ChatbyChance, je nejd\u016fle\u017eit\u011bj\u0161\u00ed zachovat soukrom\u00ed a bezpe\u010dnost u\u017eivatel\u016f. Tyto platformy, v\u010detn\u011b StrangerCam a Chatrandom, up\u0159ednost\u0148uj\u00ed vytv\u00e1\u0159en\u00ed bezpe\u010dn\u00e9ho prost\u0159ed\u00ed pro sv\u00e9 u\u017eivatele, kte\u0159\u00ed se mohou zapojit do spont\u00e1nn\u00edch online spojen\u00ed.<\/p>\n<p>Bezpe\u010dnost u\u017eivatel\u016f je zaji\u0161t\u011bna r\u016fzn\u00fdmi opat\u0159en\u00edmi, jako je monitorov\u00e1n\u00ed chatu, syst\u00e9my hl\u00e1\u0161en\u00ed nevhodn\u00e9ho chov\u00e1n\u00ed a komunitn\u00ed pokyny, kter\u00e9 mus\u00ed u\u017eivatel\u00e9 p\u0159\u00edsn\u011b dodr\u017eovat. Tyto platformy vyz\u00fdvaj\u00ed u\u017eivatele, aby hl\u00e1sili jak\u00e9koli podez\u0159el\u00e9 nebo zneu\u017e\u00edvaj\u00edc\u00ed chov\u00e1n\u00ed, co\u017e umo\u017e\u0148uje rychle p\u0159ijmout opat\u0159en\u00ed k \u0159e\u0161en\u00ed probl\u00e9m\u016f a udr\u017een\u00ed pozitivn\u00ed u\u017eivatelsk\u00e9 zku\u0161enosti.<\/p>\n<h3 id=\"data-protection-policies\">Z\u00e1sady ochrany \u00fadaj\u016f<\/h3>\n<p>Webov\u00e9 str\u00e1nky n\u00e1hodn\u00e9ho videochatu maj\u00ed zavedeny d\u016fkladn\u00e9 z\u00e1sady ochrany \u00fadaj\u016f, kter\u00e9 chr\u00e1n\u00ed informace o u\u017eivatel\u00edch. Platformy jako ChatbyChance, StrangerCam a Chatrandom pou\u017e\u00edvaj\u00ed \u0161ifrovac\u00ed protokoly pro zabezpe\u010den\u00ed p\u0159enosu dat b\u011bhem videochat\u016f. Krom\u011b toho maj\u00ed p\u0159\u00edsn\u00e9 z\u00e1sady t\u00fdkaj\u00edc\u00ed se shroma\u017e\u010fov\u00e1n\u00ed, ukl\u00e1d\u00e1n\u00ed a sd\u00edlen\u00ed u\u017eivatelsk\u00fdch \u00fadaj\u016f, aby chr\u00e1nily soukrom\u00ed u\u017eivatel\u016f.<\/p>\n<p>Tyto platformy dodr\u017euj\u00ed p\u0159\u00edsn\u00e9 p\u0159edpisy o ochran\u011b osobn\u00edch \u00fadaj\u016f a pravideln\u011b aktualizuj\u00ed sv\u00e1 bezpe\u010dnostn\u00ed opat\u0159en\u00ed, \u010d\u00edm\u017e zaji\u0161\u0165uj\u00ed d\u016fv\u011brnost a bezpe\u010dnost informac\u00ed o u\u017eivatel\u00edch. U\u017eivatel\u00e9 se mohou s klidn\u00fdm sv\u011bdom\u00edm zapojit do n\u00e1hodn\u00fdch videochat\u016f, proto\u017ee v\u011bd\u00ed, \u017ee jejich \u00fadaje jsou chr\u00e1n\u011bny a jejich soukrom\u00ed je respektov\u00e1no.<\/p>\n<h2 id=\"comparing-chatbychance-to-other-chat-platforms\">Porovn\u00e1n\u00ed ChatbyChance s jin\u00fdmi chatovac\u00edmi platformami<\/h2>\n<h3 id=\"unique-selling-propositions\">Jedine\u010dn\u00e9 prodejn\u00ed nab\u00eddky<\/h3>\n<p>P\u0159i porovn\u00e1n\u00ed ChatbyChance s jin\u00fdmi chatovac\u00edmi platformami, jako jsou StrangerCam, Chatrandom a EmeraldChat, zjist\u00edme, \u017ee v\u0161echny nab\u00edzej\u00ed podobn\u00e9 funkce jako n\u00e1hodn\u00e9 webov\u00e9 str\u00e1nky pro videochat. Tyto platformy poskytuj\u00ed u\u017eivatel\u016fm vzru\u0161uj\u00edc\u00ed p\u0159\u00edle\u017eitost <a href=\"https:\/\/strangercam.com\/cs\/coomeet\/\">Seznamte se s<\/a> cizinci z cel\u00e9ho sv\u011bta prost\u0159ednictv\u00edm spont\u00e1nn\u00edch videokonverzac\u00ed. P\u0159ita\u017elivost t\u011bchto setk\u00e1n\u00ed spo\u010d\u00edv\u00e1 v jejich nep\u0159edv\u00eddatelnosti a v mo\u017enosti nav\u00e1zat nov\u00e9 kontakty v online prost\u0159ed\u00ed.<\/p>\n<h3 id=\"limitations-and-drawbacks\">Omezen\u00ed a nev\u00fdhody<\/h3>\n<p>I kdy\u017e m\u00e1 ChatbyChance podobn\u00e9 rysy jako jin\u00e9 platformy pro n\u00e1hodn\u00fd videochat, pot\u00fdk\u00e1 se tak\u00e9 s b\u011b\u017en\u00fdmi omezen\u00edmi a nev\u00fdhodami, kter\u00e9 jsou tomuto typu slu\u017eeb vlastn\u00ed. Jednou z hlavn\u00edch nev\u00fdhod je nedostatek kontroly nad t\u00edm, s k\u00fdm se u\u017eivatel\u00e9 mohou b\u011bhem n\u00e1hodn\u00fdch videochat\u016f setkat, co\u017e m\u016f\u017ee n\u011bkdy v\u00e9st k nep\u0159\u00edjemn\u00fdm interakc\u00edm nebo setk\u00e1n\u00ed s nevhodn\u00fdm obsahem. Anonymita, kterou tyto platformy nab\u00edzej\u00ed, m\u016f\u017ee nav\u00edc p\u0159edstavovat riziko pro bezpe\u010dnost a soukrom\u00ed u\u017eivatel\u016f, proto\u017ee u\u017eivatel\u00e9 nemus\u00ed v\u017edy zn\u00e1t skute\u010dnou identitu osob, s nimi\u017e chatuj\u00ed.<\/p>\n<p>Tato omezen\u00ed zd\u016fraz\u0148uj\u00ed, \u017ee u\u017eivatel\u00e9 mus\u00ed b\u00fdt p\u0159i n\u00e1hodn\u00fdch videochatech na platform\u00e1ch, jako je ChatbyChance, obez\u0159etn\u00ed a diskr\u00e9tn\u00ed. Je nezbytn\u00e9 m\u00edt na pam\u011bti potenci\u00e1ln\u00ed rizika spojen\u00e1 s interakc\u00ed s ciz\u00edmi lidmi online a p\u0159i pou\u017e\u00edv\u00e1n\u00ed t\u011bchto slu\u017eeb up\u0159ednost\u0148ovat osobn\u00ed bezpe\u010dnost a soukrom\u00ed.<\/p>\n<h2 id=\"conclusion\">Z\u00e1v\u011br<\/h2>\n<p>Ve sv\u011bt\u011b, kde na spojen\u00edch z\u00e1le\u017e\u00ed v\u00edce ne\u017e kdy jindy, poskytuj\u00ed platformy jako ChatbyChance prostor pro spont\u00e1nn\u00ed interakce. Prozkoumali jsme jedine\u010dn\u00e9 funkce a u\u017eivatelsk\u00e9 zku\u0161enosti, kter\u00fdmi se ChatbyChance odli\u0161uje od sv\u00fdch prot\u011bj\u0161k\u016f. P\u0159esto\u017ee je l\u00e1kadlo pozn\u00e1v\u00e1n\u00ed nov\u00fdch lid\u00ed po cel\u00e9m sv\u011bt\u011b nepopirateln\u00e9, je nezbytn\u00e9 pohybovat se na t\u011bchto platform\u00e1ch s rozvahou. Jak jsme vid\u011bli, bezpe\u010dnost a soukrom\u00ed u\u017eivatel\u016f z\u016fst\u00e1vaj\u00ed v oblasti n\u00e1hodn\u00fdch videochat\u016f kl\u00ed\u010dov\u00fdmi aspekty. Pokud u\u017eivatel\u00e9 vyv\u00e1\u017e\u00ed vzru\u0161en\u00ed z neo\u010dek\u00e1van\u00fdch setk\u00e1n\u00ed s uv\u00e1\u017eliv\u00fdm p\u0159\u00edstupem k osobn\u00ed bezpe\u010dnosti, mohou maxim\u00e1ln\u011b vyu\u017e\u00edt toho, co ChatbyChance a podobn\u00e9 platformy nab\u00edzej\u00ed. P\u0159ijm\u011bte vzru\u0161en\u00ed z nezn\u00e1m\u00e9ho, ale v\u017edy d\u00e1vejte p\u0159ednost sv\u00e9mu bezpe\u010d\u00ed v digit\u00e1ln\u00edm prost\u0159ed\u00ed n\u00e1hodn\u00fdch spojen\u00ed.<\/p>\n<h2 id=\"frequently-asked-questions\">\u010casto kladen\u00e9 ot\u00e1zky<\/h2>\n<h3 id=\"what-is-chatbychance\">Co je ChatbyChance?<\/h3>\n<p>ChatbyChance je platforma pro spont\u00e1nn\u00ed online spojen\u00ed prost\u0159ednictv\u00edm n\u00e1hodn\u00fdch videochat\u016f. Umo\u017e\u0148uje u\u017eivatel\u016fm okam\u017eit\u011b a anonymn\u011b pozn\u00e1vat nov\u00e9 lidi.<\/p>\n<h3 id=\"how-does-chatbychance-differ-from-other-platforms-like-strangercam-and-chatrandom\">Jak se ChatbyChance li\u0161\u00ed od jin\u00fdch platforem, jako jsou StrangerCam a Chatrandom?<\/h3>\n<p>ChatbyChance vynik\u00e1 d\u016frazem na okam\u017eit\u00e9 spojen\u00ed, glob\u00e1ln\u00ed dosah, anonymitu a u\u017eivatelsky p\u0159\u00edv\u011btiv\u00e9 rozhran\u00ed. Nab\u00edz\u00ed vzru\u0161uj\u00edc\u00ed z\u00e1\u017eitek z rychl\u00e9ho setk\u00e1n\u00ed s ciz\u00edmi lidmi.<\/p>\n<h3 id=\"what-do-user-reviews-say-about-chatbychance\">Co \u0159\u00edkaj\u00ed u\u017eivatelsk\u00e9 recenze o ChatbyChance?<\/h3>\n<p>U\u017eivatelsk\u00e9 recenze zd\u016fraz\u0148uj\u00ed vzru\u0161en\u00ed ze setk\u00e1n\u00ed s nov\u00fdmi lidmi na ChatbyChance. Skute\u010dn\u00ed u\u017eivatel\u00e9 platformy utv\u00e1\u0159ej\u00ed jej\u00ed vn\u00edm\u00e1n\u00ed a sd\u00edlej\u00ed vzru\u0161en\u00ed ze spont\u00e1nn\u00edch spojen\u00ed.<\/p>\n<h3 id=\"what-are-the-pros-and-cons-of-using-platforms-like-chatbychance\">Jak\u00e9 jsou v\u00fdhody a nev\u00fdhody pou\u017e\u00edv\u00e1n\u00ed platforem, jako je ChatbyChance?<\/h3>\n<p>Platformy jako ChatbyChance sice nab\u00edzej\u00ed zaj\u00edmav\u00e9 p\u0159\u00edle\u017eitosti k setk\u00e1v\u00e1n\u00ed s ciz\u00edmi lidmi po cel\u00e9m sv\u011bt\u011b, ale chyb\u00ed jim kontrola nad setk\u00e1v\u00e1n\u00edm. U\u017eivatel\u00e9 by m\u011bli up\u0159ednostnit osobn\u00ed bezpe\u010dnost a soukrom\u00ed.<\/p>","protected":false},"excerpt":{"rendered":"<p>Looking for an exciting way to connect with new people online? Dive into the world of ChatbyChance, where every conversation is a surprise waiting to happen. Similar to other random video chat platforms like Strangercam and Chatrandom, ChatbyChance offers a thrilling experience for those seeking spontaneous interactions. At ChatbyChance, we believe in the thrill of [&hellip;]<\/p>\n","protected":false},"author":6,"featured_media":12415,"parent":0,"menu_order":0,"comment_status":"closed","ping_status":"closed","template":"","meta":{"footnotes":""},"class_list":["post-12414","page","type-page","status-publish","has-post-thumbnail","hentry"],"yoast_head":"<!-- This site is optimized with the Yoast SEO plugin v26.9 - https:\/\/yoast.com\/product\/yoast-seo-wordpress\/ -->\n<title>ChatbyChance Random Video Chat - StrangerCam.com<\/title>\n<meta name=\"description\" content=\"Like ChatbyChance? Come chat with more than 5.000.000 strangers on Stranger Cam for Free! Turn on your cam and find new friends &amp; maby a match!\" \/>\n<meta name=\"robots\" content=\"index, follow, max-snippet:-1, max-image-preview:large, max-video-preview:-1\" \/>\n<link rel=\"canonical\" href=\"https:\/\/strangercam.com\/cs\/chatbychance\/\" \/>\n<meta property=\"og:locale\" content=\"cs_CZ\" \/>\n<meta property=\"og:type\" content=\"article\" \/>\n<meta property=\"og:title\" content=\"ChatbyChance Random Video Chat - StrangerCam.com\" \/>\n<meta property=\"og:description\" content=\"Like ChatbyChance? Come chat with more than 5.000.000 strangers on Stranger Cam for Free! Turn on your cam and find new friends &amp; maby a match!\" \/>\n<meta property=\"og:url\" content=\"https:\/\/strangercam.com\/cs\/chatbychance\/\" \/>\n<meta property=\"og:site_name\" content=\"Strangercam\" \/>\n<meta property=\"article:publisher\" content=\"https:\/\/www.facebook.com\/strangercam\" \/>\n<meta property=\"article:modified_time\" content=\"2024-06-10T12:11:59+00:00\" \/>\n<meta property=\"og:image\" content=\"https:\/\/strangercam.com\/wp-content\/uploads\/2021\/10\/Untitled-2.png\" \/>\n\t<meta property=\"og:image:width\" content=\"800\" \/>\n\t<meta property=\"og:image:height\" content=\"532\" \/>\n\t<meta property=\"og:image:type\" content=\"image\/png\" \/>\n<meta name=\"twitter:card\" content=\"summary_large_image\" \/>\n<meta name=\"twitter:site\" content=\"@strangercamapp\" \/>\n<meta name=\"twitter:label1\" content=\"Odhadovan\u00e1 doba \u010dten\u00ed\" \/>\n\t<meta name=\"twitter:data1\" content=\"1 minuta\" \/>\n<script type=\"application\/ld+json\" class=\"yoast-schema-graph\">{\"@context\":\"https:\/\/schema.org\",\"@graph\":[{\"@type\":\"WebPage\",\"@id\":\"https:\/\/strangercam.com\/chatbychance\/\",\"url\":\"https:\/\/strangercam.com\/chatbychance\/\",\"name\":\"ChatbyChance Random Video Chat - StrangerCam.com\",\"isPartOf\":{\"@id\":\"https:\/\/strangercam.com\/#website\"},\"primaryImageOfPage\":{\"@id\":\"https:\/\/strangercam.com\/chatbychance\/#primaryimage\"},\"image\":{\"@id\":\"https:\/\/strangercam.com\/chatbychance\/#primaryimage\"},\"thumbnailUrl\":\"https:\/\/strangercam.com\/wp-content\/uploads\/2024\/06\/ChatbyChance.avif\",\"datePublished\":\"2024-06-10T12:11:20+00:00\",\"dateModified\":\"2024-06-10T12:11:59+00:00\",\"description\":\"Like ChatbyChance? Come chat with more than 5.000.000 strangers on Stranger Cam for Free! Turn on your cam and find new friends & maby a match!\",\"breadcrumb\":{\"@id\":\"https:\/\/strangercam.com\/chatbychance\/#breadcrumb\"},\"inLanguage\":\"cs\",\"potentialAction\":[{\"@type\":\"ReadAction\",\"target\":[\"https:\/\/strangercam.com\/chatbychance\/\"]}]},{\"@type\":\"ImageObject\",\"inLanguage\":\"cs\",\"@id\":\"https:\/\/strangercam.com\/chatbychance\/#primaryimage\",\"url\":\"https:\/\/strangercam.com\/wp-content\/uploads\/2024\/06\/ChatbyChance.avif\",\"contentUrl\":\"https:\/\/strangercam.com\/wp-content\/uploads\/2024\/06\/ChatbyChance.avif\",\"width\":1876,\"height\":878},{\"@type\":\"BreadcrumbList\",\"@id\":\"https:\/\/strangercam.com\/chatbychance\/#breadcrumb\",\"itemListElement\":[{\"@type\":\"ListItem\",\"position\":1,\"name\":\"Home\",\"item\":\"https:\/\/strangercam.com\/\"},{\"@type\":\"ListItem\",\"position\":2,\"name\":\"ChatbyChance\"}]},{\"@type\":\"WebSite\",\"@id\":\"https:\/\/strangercam.com\/#website\",\"url\":\"https:\/\/strangercam.com\/\",\"name\":\"Strangercam\",\"description\":\"Random Video Chat with Strangers\",\"publisher\":{\"@id\":\"https:\/\/strangercam.com\/#organization\"},\"alternateName\":\"Strangercam.com\",\"potentialAction\":[{\"@type\":\"SearchAction\",\"target\":{\"@type\":\"EntryPoint\",\"urlTemplate\":\"https:\/\/strangercam.com\/?s={search_term_string}\"},\"query-input\":{\"@type\":\"PropertyValueSpecification\",\"valueRequired\":true,\"valueName\":\"search_term_string\"}}],\"inLanguage\":\"cs\"},{\"@type\":\"Organization\",\"@id\":\"https:\/\/strangercam.com\/#organization\",\"name\":\"Strangercam\",\"alternateName\":\"Strangercam.com\",\"url\":\"https:\/\/strangercam.com\/\",\"logo\":{\"@type\":\"ImageObject\",\"inLanguage\":\"cs\",\"@id\":\"https:\/\/strangercam.com\/#\/schema\/logo\/image\/\",\"url\":\"https:\/\/strangercam.com\/wp-content\/uploads\/2020\/11\/cropped-new-favicon-black.png\",\"contentUrl\":\"https:\/\/strangercam.com\/wp-content\/uploads\/2020\/11\/cropped-new-favicon-black.png\",\"width\":512,\"height\":512,\"caption\":\"Strangercam\"},\"image\":{\"@id\":\"https:\/\/strangercam.com\/#\/schema\/logo\/image\/\"},\"sameAs\":[\"https:\/\/www.facebook.com\/strangercam\",\"https:\/\/x.com\/strangercamapp\"]}]}<\/script>\n<!-- \/ Yoast SEO plugin. -->","yoast_head_json":{"title":"ChatbyChance N\u00e1hodn\u00fd videochat - StrangerCam.com","description":"L\u00edb\u00ed se v\u00e1m ChatbyChance? Poj\u010fte chatovat s v\u00edce ne\u017e 5.000.000 cizinci na Stranger Cam zdarma! Zapn\u011bte kameru a najd\u011bte nov\u00e9 p\u0159\u00e1tele &amp; maby z\u00e1pas!","robots":{"index":"index","follow":"follow","max-snippet":"max-snippet:-1","max-image-preview":"max-image-preview:large","max-video-preview":"max-video-preview:-1"},"canonical":"https:\/\/strangercam.com\/cs\/chatbychance\/","og_locale":"cs_CZ","og_type":"article","og_title":"ChatbyChance Random Video Chat - StrangerCam.com","og_description":"Like ChatbyChance? Come chat with more than 5.000.000 strangers on Stranger Cam for Free! Turn on your cam and find new friends & maby a match!","og_url":"https:\/\/strangercam.com\/cs\/chatbychance\/","og_site_name":"Strangercam","article_publisher":"https:\/\/www.facebook.com\/strangercam","article_modified_time":"2024-06-10T12:11:59+00:00","og_image":[{"width":800,"height":532,"url":"https:\/\/strangercam.com\/wp-content\/uploads\/2021\/10\/Untitled-2.png","type":"image\/png"}],"twitter_card":"summary_large_image","twitter_site":"@strangercamapp","twitter_misc":{"Odhadovan\u00e1 doba \u010dten\u00ed":"1 minuta"},"schema":{"@context":"https:\/\/schema.org","@graph":[{"@type":"WebPage","@id":"https:\/\/strangercam.com\/chatbychance\/","url":"https:\/\/strangercam.com\/chatbychance\/","name":"ChatbyChance N\u00e1hodn\u00fd videochat - StrangerCam.com","isPartOf":{"@id":"https:\/\/strangercam.com\/#website"},"primaryImageOfPage":{"@id":"https:\/\/strangercam.com\/chatbychance\/#primaryimage"},"image":{"@id":"https:\/\/strangercam.com\/chatbychance\/#primaryimage"},"thumbnailUrl":"https:\/\/strangercam.com\/wp-content\/uploads\/2024\/06\/ChatbyChance.avif","datePublished":"2024-06-10T12:11:20+00:00","dateModified":"2024-06-10T12:11:59+00:00","description":"L\u00edb\u00ed se v\u00e1m ChatbyChance? Poj\u010fte chatovat s v\u00edce ne\u017e 5.000.000 cizinci na Stranger Cam zdarma! Zapn\u011bte kameru a najd\u011bte nov\u00e9 p\u0159\u00e1tele &amp; maby z\u00e1pas!","breadcrumb":{"@id":"https:\/\/strangercam.com\/chatbychance\/#breadcrumb"},"inLanguage":"cs","potentialAction":[{"@type":"ReadAction","target":["https:\/\/strangercam.com\/chatbychance\/"]}]},{"@type":"ImageObject","inLanguage":"cs","@id":"https:\/\/strangercam.com\/chatbychance\/#primaryimage","url":"https:\/\/strangercam.com\/wp-content\/uploads\/2024\/06\/ChatbyChance.avif","contentUrl":"https:\/\/strangercam.com\/wp-content\/uploads\/2024\/06\/ChatbyChance.avif","width":1876,"height":878},{"@type":"BreadcrumbList","@id":"https:\/\/strangercam.com\/chatbychance\/#breadcrumb","itemListElement":[{"@type":"ListItem","position":1,"name":"Home","item":"https:\/\/strangercam.com\/"},{"@type":"ListItem","position":2,"name":"ChatbyChance"}]},{"@type":"WebSite","@id":"https:\/\/strangercam.com\/#website","url":"https:\/\/strangercam.com\/","name":"Strangercam","description":"N\u00e1hodn\u00fd videochat s ciz\u00edmi lidmi","publisher":{"@id":"https:\/\/strangercam.com\/#organization"},"alternateName":"Strangercam.com","potentialAction":[{"@type":"SearchAction","target":{"@type":"EntryPoint","urlTemplate":"https:\/\/strangercam.com\/?s={search_term_string}"},"query-input":{"@type":"PropertyValueSpecification","valueRequired":true,"valueName":"search_term_string"}}],"inLanguage":"cs"},{"@type":"Organization","@id":"https:\/\/strangercam.com\/#organization","name":"Strangercam","alternateName":"Strangercam.com","url":"https:\/\/strangercam.com\/","logo":{"@type":"ImageObject","inLanguage":"cs","@id":"https:\/\/strangercam.com\/#\/schema\/logo\/image\/","url":"https:\/\/strangercam.com\/wp-content\/uploads\/2020\/11\/cropped-new-favicon-black.png","contentUrl":"https:\/\/strangercam.com\/wp-content\/uploads\/2020\/11\/cropped-new-favicon-black.png","width":512,"height":512,"caption":"Strangercam"},"image":{"@id":"https:\/\/strangercam.com\/#\/schema\/logo\/image\/"},"sameAs":["https:\/\/www.facebook.com\/strangercam","https:\/\/x.com\/strangercamapp"]}]}},"_links":{"self":[{"href":"https:\/\/strangercam.com\/cs\/wp-json\/wp\/v2\/pages\/12414","targetHints":{"allow":["GET"]}}],"collection":[{"href":"https:\/\/strangercam.com\/cs\/wp-json\/wp\/v2\/pages"}],"about":[{"href":"https:\/\/strangercam.com\/cs\/wp-json\/wp\/v2\/types\/page"}],"author":[{"embeddable":true,"href":"https:\/\/strangercam.com\/cs\/wp-json\/wp\/v2\/users\/6"}],"replies":[{"embeddable":true,"href":"https:\/\/strangercam.com\/cs\/wp-json\/wp\/v2\/comments?post=12414"}],"version-history":[{"count":0,"href":"https:\/\/strangercam.com\/cs\/wp-json\/wp\/v2\/pages\/12414\/revisions"}],"wp:featuredmedia":[{"embeddable":true,"href":"https:\/\/strangercam.com\/cs\/wp-json\/wp\/v2\/media\/12415"}],"wp:attachment":[{"href":"https:\/\/strangercam.com\/cs\/wp-json\/wp\/v2\/media?parent=12414"}],"curies":[{"name":"wp","href":"https:\/\/api.w.org\/{rel}","templated":true}]}}