{"id":12341,"date":"2024-02-07T12:40:26","date_gmt":"2024-02-07T10:40:26","guid":{"rendered":"https:\/\/strangercam.com\/?page_id=12341"},"modified":"2024-02-07T12:50:49","modified_gmt":"2024-02-07T10:50:49","slug":"cleefchat","status":"publish","type":"page","link":"https:\/\/strangercam.com\/cs\/cleefchat\/","title":{"rendered":"CleefChat"},"content":{"rendered":"<p>V dne\u0161n\u00ed digit\u00e1ln\u00ed dob\u011b je nejd\u016fle\u017eit\u011bj\u0161\u00ed naj\u00edt spolehlivou a poutavou platformu pro online komunikaci. A pr\u00e1v\u011b zde je CleefChat, n\u011bmeck\u00e1 spole\u010dnost, kter\u00e1 se zab\u00fdv\u00e1 <a href=\"https:\/\/strangercam.com\/cs\/chatroom2000\/\">chatovac\u00ed m\u00edstnost<\/a> webov\u00e9 str\u00e1nky, vstupuje do hry. N\u00e1\u0161 pr\u016fzkum CleefChat odhalil platformu, kter\u00e1 nejen\u017ee spl\u0148uje modern\u00ed po\u017eadavky na digit\u00e1ln\u00ed interakci, ale tak\u00e9 p\u0159id\u00e1v\u00e1 jedine\u010dn\u00fd n\u00e1dech z\u00e1\u017eitku z chatu. Od snadn\u00e9ho pou\u017e\u00edv\u00e1n\u00ed a\u017e po komplexn\u00ed sadu funkc\u00ed vynik\u00e1 CleefChat jako c\u00edl pro ty, kte\u0159\u00ed se cht\u011bj\u00ed spojit, sd\u00edlet a zapojit se do online komunikace. Poj\u010fme se hloub\u011bji pono\u0159it do toho, co d\u011bl\u00e1 z CleefChat p\u0159edn\u00ed platformu pro chatovac\u00ed m\u00edstnosti v N\u011bmecku.<\/p>\n<h2>Co je CleefChat?<\/h2>\n<p>CleefChat je inovativn\u00ed online platforma, kter\u00e1 sdru\u017euje jednotlivce v dynamick\u00e9m a interaktivn\u00edm prost\u0159ed\u00ed chatu. Zrodila se z touhy vytvo\u0159it <a href=\"https:\/\/strangercam.com\/cs\/mocospace\/\">prostor<\/a> kde mohou lid\u00e9 voln\u011b komunikovat, sd\u00edlet my\u0161lenky a navazovat kontakty, se CleefChat rychle prosadil v n\u011bmecky mluv\u00edc\u00edm sv\u011bt\u011b. D\u00edky sv\u00e9mu u\u017eivatelsky p\u0159\u00edv\u011btiv\u00e9mu rozhran\u00ed a robustn\u00ed infrastruktu\u0159e je ide\u00e1ln\u00ed volbou pro u\u017eivatele v\u0161ech v\u011bkov\u00fdch kategori\u00ed a prost\u0159ed\u00ed, kte\u0159\u00ed hledaj\u00ed v\u0161e od p\u0159\u00edle\u017eitostn\u00fdch chat\u016f a\u017e po hlub\u0161\u00ed diskuse.<\/p>\n<h2>Je pou\u017e\u00edv\u00e1n\u00ed CleefChatu zdarma?<\/h2>\n<p>Jedn\u00edm z nejp\u0159ita\u017eliv\u011bj\u0161\u00edch aspekt\u016f modelu CleefChat je jeho dostupnost. Ano, CleefChat je zcela <a href=\"https:\/\/strangercam.com\/cs\/chat4free\/\">zdarma<\/a> co\u017e okam\u017eit\u011b sni\u017euje bari\u00e9ru pro nov\u00e9 u\u017eivatele, kte\u0159\u00ed se cht\u011bj\u00ed k platform\u011b p\u0159ipojit. Tento bezplatn\u00fd p\u0159\u00edstup zaji\u0161\u0165uje, \u017ee se do chatu m\u016f\u017ee zapojit r\u016fznorod\u00e1 skupina osob, d\u00edky \u010demu\u017e jsou konverzace v chatu bohat\u0161\u00ed a rozmanit\u011bj\u0161\u00ed. P\u0159esto\u017ee CleefChat nab\u00edz\u00ed bezplatn\u00fd p\u0159\u00edstup, zachov\u00e1v\u00e1 vysokou kvalitu slu\u017eeb a zaji\u0161\u0165uje u\u017eivatel\u016fm pozitivn\u00ed a nep\u0159eru\u0161ovanou zku\u0161enost.<\/p>\n<h2>Jak pou\u017e\u00edvat<\/h2>\n<p>Pou\u017e\u00edv\u00e1n\u00ed CleefChat je jednoduch\u00e9, co\u017e odr\u00e1\u017e\u00ed snahu platformy o u\u017eivatelskou p\u0159\u00edv\u011btivost. Chcete-li za\u010d\u00edt, sta\u010d\u00ed nav\u0161t\u00edvit webov\u00e9 str\u00e1nky CleefChat, vybrat si chatovac\u00ed m\u00edstnost, kter\u00e1 v\u00e1s zaj\u00edm\u00e1, a zadat p\u0159ezd\u00edvku, pokud chcete z\u016fstat v anonymit\u011b. Odtud se m\u016f\u017eete za\u010d\u00edt zapojovat do konverzac\u00ed, sd\u00edlet sv\u00e9 my\u0161lenky a navazovat kontakty s ostatn\u00edmi. Platforma nab\u00edz\u00ed tak\u00e9 funkce soukrom\u00fdch zpr\u00e1v, kter\u00e9 umo\u017e\u0148uj\u00ed osobn\u011bj\u0161\u00ed konverzace mimo ve\u0159ejn\u00e9 chatovac\u00ed m\u00edstnosti.<\/p>\n<h2>K \u010demu je CleefChat nejlep\u0161\u00ed?<\/h2>\n<p>CleefChat vynik\u00e1 jako univerz\u00e1ln\u00ed platforma, kter\u00e1 uspokoj\u00ed \u0161irokou \u0161k\u00e1lu z\u00e1jm\u016f a pot\u0159eb. A\u0165 u\u017e hled\u00e1te m\u00edsto, kde byste mohli diskutovat o aktu\u00e1ln\u00edch ud\u00e1lostech, sd\u00edlet sv\u00e9 nejnov\u011bj\u0161\u00ed kon\u00ed\u010dky nebo hledat radu v osobn\u00edch z\u00e1le\u017eitostech, rozmanit\u00e9 chatovac\u00ed m\u00edstnosti CleefChatu nab\u00edzej\u00ed prostor pro v\u0161echno. Obzvl\u00e1\u0161t\u011b p\u0159\u00ednosn\u00e9 jsou pro ty, kte\u0159\u00ed cht\u011bj\u00ed komunikovat s n\u011bmecky mluv\u00edc\u00edm publikem, a\u0165 u\u017e za \u00fa\u010delem jazykov\u00e9ho tr\u00e9ninku, kulturn\u00ed v\u00fdm\u011bny nebo setk\u00e1v\u00e1n\u00ed s m\u00edstn\u00edmi obyvateli.<\/p>\n<h2>Jak\u00e9 funkce nab\u00edz\u00ed CleefChat?<\/h2>\n<p>CleefChat vynik\u00e1 bohatou sadou funkc\u00ed, kter\u00e9 jsou navr\u017eeny tak, aby zlep\u0161ily u\u017eivatelsk\u00fd z\u00e1\u017eitek. Mezi kl\u00ed\u010dov\u00e9 funkce pat\u0159\u00ed:<\/p>\n<ul>\n<li><strong>R\u016fzn\u00e9 chatovac\u00ed m\u00edstnosti<\/strong>: D\u00edky r\u016fzn\u00fdm t\u00e9mat\u016fm mohou u\u017eivatel\u00e9 naj\u00edt nebo vytvo\u0159it chatovac\u00ed m\u00edstnosti, kter\u00e9 odpov\u00eddaj\u00ed jejich z\u00e1jm\u016fm.<\/li>\n<li><strong>Soukrom\u00e9 zpr\u00e1vy<\/strong>: Pro ty, kte\u0159\u00ed hledaj\u00ed intimn\u011bj\u0161\u00ed konverzace, je neoceniteln\u00e1 funkce soukrom\u00fdch zpr\u00e1v.<\/li>\n<li><strong>Profily u\u017eivatel\u016f<\/strong>: Anonymita je sice mo\u017en\u00e1, ale u\u017eivatel\u00e9 si tak\u00e9 mohou vytvo\u0159it profily a sd\u00edlet o sob\u011b v\u00edce informac\u00ed.<\/li>\n<li><strong>N\u00e1stroje pro moderov\u00e1n\u00ed<\/strong>: Aby bylo zaji\u0161t\u011bno bezpe\u010dn\u00e9 a p\u0159\u00edjemn\u00e9 prost\u0159ed\u00ed, poskytuje CleefChat n\u00e1stroje pro moderov\u00e1n\u00ed, kter\u00e9 udr\u017euj\u00ed platformu bez nevhodn\u00e9ho obsahu.<\/li>\n<\/ul>\n<h2>Co je to CleefChat Alternative?<\/h2>\n<p>A\u010dkoli CleefChat nab\u00edz\u00ed robustn\u00ed platformu pro online chaty, existuje n\u011bkolik alternativ pro ty, kte\u0159\u00ed hledaj\u00ed jin\u00e9 zku\u0161enosti nebo dal\u0161\u00ed funkce. Mezi obl\u00edben\u00e9 alternativy pat\u0159\u00ed Discord, kter\u00fd se zam\u011b\u0159uje na komunitn\u00ed a hern\u00ed chaty, Slack, kter\u00fd je ur\u010den pro profesion\u00e1ln\u00ed a t\u00fdmovou komunikaci, a WhatsApp, zn\u00e1m\u00fd sv\u00fdm \u0161irok\u00fdm vyu\u017eit\u00edm a koncov\u00fdm \u0161ifrov\u00e1n\u00edm zpr\u00e1v. Ka\u017ed\u00e1 platforma m\u00e1 sv\u00e9 jedine\u010dn\u00e9 p\u0159ednosti, ale CleefChat z\u016fst\u00e1v\u00e1 preferovanou volbou pro ty, kte\u0159\u00ed oce\u0148uj\u00ed jednoduchost, komunitu a zam\u011b\u0159en\u00ed na n\u011bmecky mluv\u00edc\u00ed u\u017eivatele.<\/p>\n<h2>Z\u00e1v\u011br<\/h2>\n<p>CleefChat se etablovala jako p\u0159edn\u00ed platforma pro chatovac\u00ed m\u00edstnosti v N\u011bmecku, kter\u00e1 nab\u00edz\u00ed kombinaci jednoduchosti, rozmanitosti a konektivity. D\u00edky sv\u00e9mu z\u00e1vazku poskytovat bezplatn\u00e9, p\u0159\u00edstupn\u00e9 a funk\u010dn\u011b bohat\u00e9 prost\u0159ed\u00ed je v\u00fdjime\u010dnou volbou pro online komunikaci. A\u0165 u\u017e se chcete zapojit do \u017eiv\u00fdch diskus\u00ed, nav\u00e1zat kontakt s nov\u00fdmi p\u0159\u00e1teli nebo pozn\u00e1vat n\u011bmeckou kulturu, CleefChat nab\u00edz\u00ed dokonalou platformu, kter\u00e1 obohat\u00ed va\u0161e online spole\u010densk\u00e9 z\u00e1\u017eitky. Jak se nad\u00e1le pohybujeme v digit\u00e1ln\u00edm sv\u011bt\u011b, platformy jako CleefChat n\u00e1m p\u0159ipom\u00ednaj\u00ed s\u00edlu komunity a nekone\u010dn\u00e9 mo\u017enosti online interakce.<\/p>\n<h2>\u010casto kladen\u00e9 ot\u00e1zky<\/h2>\n<h3>Je CleefChat dostupn\u00fd po cel\u00e9m sv\u011bt\u011b?<\/h3>\n<p>Ano, CleefChat je dostupn\u00fd po cel\u00e9m sv\u011bt\u011b a nab\u00edz\u00ed glob\u00e1ln\u00ed platformu pro p\u0159ipojen\u00ed u\u017eivatel\u016f. A\u010dkoli je prim\u00e1rn\u011b ur\u010dena n\u011bmecky mluv\u00edc\u00edmu publiku, jej\u00ed inkluzivn\u00ed prost\u0159ed\u00ed v\u00edt\u00e1 jednotlivce ze v\u0161ech kout\u016f sv\u011bta.<\/p>\n<h3>Mus\u00edm se registrovat, abych mohl pou\u017e\u00edvat CleefChat?<\/h3>\n<p>Ne, jednou ze skv\u011bl\u00fdch funkc\u00ed slu\u017eby CleefChat je, \u017ee pro vstup do chatovac\u00edch m\u00edstnost\u00ed a \u00fa\u010dast v diskus\u00edch nen\u00ed nutn\u00e1 registrace. U\u017eivatel\u00e9 maj\u00ed mo\u017enost <a href=\"https:\/\/strangercam.com\/cs\/chatroulette\/\">chat<\/a> anonymn\u011b nebo si pro svou relaci zvolit p\u0159ezd\u00edvku.<\/p>\n<h3>Mohu si na CleefChatu vytvo\u0159it vlastn\u00ed chatovac\u00ed m\u00edstnost?<\/h3>\n<p>Ano, CleefChat umo\u017e\u0148uje u\u017eivatel\u016fm vytv\u00e1\u0159et vlastn\u00ed chatovac\u00ed m\u00edstnosti. Tato funkce umo\u017e\u0148uje u\u017eivatel\u016fm p\u0159izp\u016fsobit t\u00e9mata chatovac\u00edch m\u00edstnost\u00ed, co\u017e usnad\u0148uje shroma\u017e\u010fov\u00e1n\u00ed podobn\u011b sm\u00fd\u0161lej\u00edc\u00edch osob pro konkr\u00e9tn\u00ed diskuse nebo z\u00e1jmy.<\/p>\n<h3>Jak CleefChat zaji\u0161\u0165uje bezpe\u010dnost a soukrom\u00ed u\u017eivatel\u016f?<\/h3>\n<p>Spole\u010dnost CleefChat bere bezpe\u010dnost a soukrom\u00ed u\u017eivatel\u016f v\u00e1\u017en\u011b. Zav\u00e1d\u00ed r\u016fzn\u00e9 moder\u00e1torsk\u00e9 n\u00e1stroje a z\u00e1sady, kter\u00e9 monitoruj\u00ed aktivity v chatu a odstra\u0148uj\u00ed nevhodn\u00fd obsah. Krom\u011b toho je k dispozici mo\u017enost anonymn\u00edho <a href=\"https:\/\/strangercam.com\/cs\/chatingly\/\">chatov\u00e1n\u00ed<\/a> pom\u00e1h\u00e1 chr\u00e1nit soukrom\u00ed u\u017eivatel\u016f.<\/p>\n<h3>Existuj\u00ed n\u011bjak\u00e1 v\u011bkov\u00e1 omezen\u00ed pro pou\u017e\u00edv\u00e1n\u00ed CleefChatu?<\/h3>\n<p>CleefChat je navr\u017een jako bezpe\u010dn\u00e1 a vst\u0159\u00edcn\u00e1 platforma pro \u0161irok\u00e9 publikum. Obecn\u011b se v\u0161ak doporu\u010duje, aby u\u017eivatel\u00e9 mlad\u0161\u00ed 13 let z\u00edskali p\u0159ed pou\u017eit\u00edm str\u00e1nek souhlas rodi\u010d\u016f v souladu s obecn\u00fdmi pokyny pro bezpe\u010dnost na internetu.<\/p>\n<h3>Jak mohu nahl\u00e1sit nevhodn\u00e9 chov\u00e1n\u00ed na CleefChatu?<\/h3>\n<p>CleefChat poskytuje u\u017eivatel\u016fm n\u00e1stroje pro nahl\u00e1\u0161en\u00ed nevhodn\u00e9ho chov\u00e1n\u00ed nebo obsahu p\u0159\u00edmo v r\u00e1mci platformy. Tato funkce pom\u00e1h\u00e1 udr\u017eovat respektuj\u00edc\u00ed a bezpe\u010dn\u00e9 prost\u0159ed\u00ed pro v\u0161echny u\u017eivatele.<\/p>\n<h3>Mohu CleefChat pou\u017e\u00edvat na sv\u00e9m mobiln\u00edm za\u0159\u00edzen\u00ed?<\/h3>\n<p>CleefChat je sice prim\u00e1rn\u011b webov\u00e1 platforma, ale jej\u00ed webov\u00e9 str\u00e1nky jsou optimalizov\u00e1ny pro mobiln\u00ed pou\u017eit\u00ed a umo\u017e\u0148uj\u00ed u\u017eivatel\u016fm p\u0159\u00edstup k chatovac\u00edm m\u00edstnostem a funkc\u00edm z chytr\u00fdch telefon\u016f a tablet\u016f.<\/p>\n<h3>Podporuje CleefChat v\u00edce jazyk\u016f?<\/h3>\n<p>CleefChat se prim\u00e1rn\u011b zam\u011b\u0159uje na n\u011bmecky mluv\u00edc\u00ed komunitu, ale platformu mohou vyu\u017e\u00edvat i u\u017eivatel\u00e9 jin\u00fdch jazyk\u016f, kte\u0159\u00ed se cht\u011bj\u00ed spojit s n\u011bmecky mluv\u00edc\u00edmi u\u017eivateli nebo se \u00fa\u010dastnit mezin\u00e1rodn\u00edch chat\u016f.<\/p>\n<h3>\u010c\u00edm se CleefChat li\u0161\u00ed od ostatn\u00edch webov\u00fdch str\u00e1nek s chatem?<\/h3>\n<p>CleefChat se vyzna\u010duje zam\u011b\u0159en\u00edm na jednoduchost, komunitu a u\u017eivatelsky p\u0159\u00edv\u011btiv\u00e9 prost\u0159ed\u00ed. Od ostatn\u00edch platforem se odli\u0161uje sv\u00fdm odhodl\u00e1n\u00edm podporovat bezpe\u010dn\u00e9 a zaj\u00edmav\u00e9 prost\u0159ed\u00ed nejen pro n\u011bmecky mluv\u00edc\u00ed u\u017eivatele.<\/p>\n<h3>Mohu na CleefChatu naj\u00edt podporu v p\u0159\u00edpad\u011b technick\u00fdch probl\u00e9m\u016f?<\/h3>\n<p>Ano, CleefChat poskytuje podporu u\u017eivatel\u016fm, kte\u0159\u00ed se pot\u00fdkaj\u00ed s technick\u00fdmi probl\u00e9my. Pomoc lze obvykle vyhledat v sekci n\u00e1pov\u011bdy na webov\u00fdch str\u00e1nk\u00e1ch, kde u\u017eivatel\u00e9 naleznou nej\u010dast\u011bj\u0161\u00ed dotazy a kontaktn\u00ed informace pro dal\u0161\u00ed pomoc.<\/p>","protected":false},"excerpt":{"rendered":"<p>In today&#8217;s digital era, finding a reliable and engaging platform for online communication is paramount. That&#8217;s where CleefChat, a German chatroom website, comes into play. Our exploration into CleefChat has revealed a platform that not only meets the modern demands of digital interaction but also adds a unique touch to the chatroom experience. From its [&hellip;]<\/p>\n","protected":false},"author":6,"featured_media":559,"parent":0,"menu_order":0,"comment_status":"closed","ping_status":"closed","template":"","meta":{"footnotes":""},"class_list":["post-12341","page","type-page","status-publish","has-post-thumbnail","hentry"],"yoast_head":"<!-- This site is optimized with the Yoast SEO plugin v27.4 - https:\/\/yoast.com\/product\/yoast-seo-wordpress\/ -->\n<title>CleefChat - Chat without Registering - StrangerCam<\/title>\n<meta name=\"description\" content=\"Like CleefChat? Join our 100% anonymous chatroom site with girls and strangers on StrangerCam for Free with CleefChat!\" \/>\n<meta name=\"robots\" content=\"index, follow, max-snippet:-1, max-image-preview:large, max-video-preview:-1\" \/>\n<link rel=\"canonical\" href=\"https:\/\/strangercam.com\/cs\/cleefchat\/\" \/>\n<meta property=\"og:locale\" content=\"cs_CZ\" \/>\n<meta property=\"og:type\" content=\"article\" \/>\n<meta property=\"og:title\" content=\"CleefChat - Chat without Registering - StrangerCam\" \/>\n<meta property=\"og:description\" content=\"Like CleefChat? Join our 100% anonymous chatroom site with girls and strangers on StrangerCam for Free with CleefChat!\" \/>\n<meta property=\"og:url\" content=\"https:\/\/strangercam.com\/cs\/cleefchat\/\" \/>\n<meta property=\"og:site_name\" content=\"Strangercam\" \/>\n<meta property=\"article:publisher\" content=\"https:\/\/www.facebook.com\/strangercam\" \/>\n<meta property=\"article:modified_time\" content=\"2024-02-07T10:50:49+00:00\" \/>\n<meta property=\"og:image\" content=\"https:\/\/strangercam.com\/wp-content\/uploads\/2020\/11\/stranger-cam-1.png\" \/>\n\t<meta property=\"og:image:width\" content=\"800\" \/>\n\t<meta property=\"og:image:height\" content=\"800\" \/>\n\t<meta property=\"og:image:type\" content=\"image\/png\" \/>\n<meta name=\"twitter:card\" content=\"summary_large_image\" \/>\n<meta name=\"twitter:site\" content=\"@strangercamapp\" \/>\n<meta name=\"twitter:label1\" content=\"Odhadovan\u00e1 doba \u010dten\u00ed\" \/>\n\t<meta name=\"twitter:data1\" content=\"5 minut\" \/>\n<script type=\"application\/ld+json\" class=\"yoast-schema-graph\">{\"@context\":\"https:\\\/\\\/schema.org\",\"@graph\":[{\"@type\":\"WebPage\",\"@id\":\"https:\\\/\\\/strangercam.com\\\/cleefchat\\\/\",\"url\":\"https:\\\/\\\/strangercam.com\\\/cleefchat\\\/\",\"name\":\"CleefChat - Chat without Registering - StrangerCam\",\"isPartOf\":{\"@id\":\"https:\\\/\\\/strangercam.com\\\/#website\"},\"primaryImageOfPage\":{\"@id\":\"https:\\\/\\\/strangercam.com\\\/cleefchat\\\/#primaryimage\"},\"image\":{\"@id\":\"https:\\\/\\\/strangercam.com\\\/cleefchat\\\/#primaryimage\"},\"thumbnailUrl\":\"https:\\\/\\\/strangercam.com\\\/wp-content\\\/uploads\\\/2020\\\/11\\\/stranger-cam-1.png\",\"datePublished\":\"2024-02-07T10:40:26+00:00\",\"dateModified\":\"2024-02-07T10:50:49+00:00\",\"description\":\"Like CleefChat? Join our 100% anonymous chatroom site with girls and strangers on StrangerCam for Free with CleefChat!\",\"breadcrumb\":{\"@id\":\"https:\\\/\\\/strangercam.com\\\/cleefchat\\\/#breadcrumb\"},\"inLanguage\":\"cs\",\"potentialAction\":[{\"@type\":\"ReadAction\",\"target\":[\"https:\\\/\\\/strangercam.com\\\/cleefchat\\\/\"]}]},{\"@type\":\"ImageObject\",\"inLanguage\":\"cs\",\"@id\":\"https:\\\/\\\/strangercam.com\\\/cleefchat\\\/#primaryimage\",\"url\":\"https:\\\/\\\/strangercam.com\\\/wp-content\\\/uploads\\\/2020\\\/11\\\/stranger-cam-1.png\",\"contentUrl\":\"https:\\\/\\\/strangercam.com\\\/wp-content\\\/uploads\\\/2020\\\/11\\\/stranger-cam-1.png\",\"width\":800,\"height\":800,\"caption\":\"stranger cam random video chat\"},{\"@type\":\"BreadcrumbList\",\"@id\":\"https:\\\/\\\/strangercam.com\\\/cleefchat\\\/#breadcrumb\",\"itemListElement\":[{\"@type\":\"ListItem\",\"position\":1,\"name\":\"Home\",\"item\":\"https:\\\/\\\/strangercam.com\\\/\"},{\"@type\":\"ListItem\",\"position\":2,\"name\":\"CleefChat\"}]},{\"@type\":\"WebSite\",\"@id\":\"https:\\\/\\\/strangercam.com\\\/#website\",\"url\":\"https:\\\/\\\/strangercam.com\\\/\",\"name\":\"Strangercam\",\"description\":\"Random Video Chat with Strangers\",\"publisher\":{\"@id\":\"https:\\\/\\\/strangercam.com\\\/#organization\"},\"alternateName\":\"Strangercam.com\",\"potentialAction\":[{\"@type\":\"SearchAction\",\"target\":{\"@type\":\"EntryPoint\",\"urlTemplate\":\"https:\\\/\\\/strangercam.com\\\/?s={search_term_string}\"},\"query-input\":{\"@type\":\"PropertyValueSpecification\",\"valueRequired\":true,\"valueName\":\"search_term_string\"}}],\"inLanguage\":\"cs\"},{\"@type\":\"Organization\",\"@id\":\"https:\\\/\\\/strangercam.com\\\/#organization\",\"name\":\"Strangercam\",\"alternateName\":\"Strangercam.com\",\"url\":\"https:\\\/\\\/strangercam.com\\\/\",\"logo\":{\"@type\":\"ImageObject\",\"inLanguage\":\"cs\",\"@id\":\"https:\\\/\\\/strangercam.com\\\/#\\\/schema\\\/logo\\\/image\\\/\",\"url\":\"https:\\\/\\\/strangercam.com\\\/wp-content\\\/uploads\\\/2020\\\/11\\\/cropped-new-favicon-black.png\",\"contentUrl\":\"https:\\\/\\\/strangercam.com\\\/wp-content\\\/uploads\\\/2020\\\/11\\\/cropped-new-favicon-black.png\",\"width\":512,\"height\":512,\"caption\":\"Strangercam\"},\"image\":{\"@id\":\"https:\\\/\\\/strangercam.com\\\/#\\\/schema\\\/logo\\\/image\\\/\"},\"sameAs\":[\"https:\\\/\\\/www.facebook.com\\\/strangercam\",\"https:\\\/\\\/x.com\\\/strangercamapp\"]}]}<\/script>\n<!-- \/ Yoast SEO plugin. -->","yoast_head_json":{"title":"CleefChat - Chat bez registrace - StrangerCam","description":"L\u00edb\u00ed se v\u00e1m CleefChat? P\u0159ipojte se k na\u0161\u00ed 100% anonymn\u00ed chatovac\u00ed m\u00edstnosti s d\u00edvkami a cizinci na StrangerCam zdarma s CleefChat!","robots":{"index":"index","follow":"follow","max-snippet":"max-snippet:-1","max-image-preview":"max-image-preview:large","max-video-preview":"max-video-preview:-1"},"canonical":"https:\/\/strangercam.com\/cs\/cleefchat\/","og_locale":"cs_CZ","og_type":"article","og_title":"CleefChat - Chat without Registering - StrangerCam","og_description":"Like CleefChat? Join our 100% anonymous chatroom site with girls and strangers on StrangerCam for Free with CleefChat!","og_url":"https:\/\/strangercam.com\/cs\/cleefchat\/","og_site_name":"Strangercam","article_publisher":"https:\/\/www.facebook.com\/strangercam","article_modified_time":"2024-02-07T10:50:49+00:00","og_image":[{"width":800,"height":800,"url":"https:\/\/strangercam.com\/wp-content\/uploads\/2020\/11\/stranger-cam-1.png","type":"image\/png"}],"twitter_card":"summary_large_image","twitter_site":"@strangercamapp","twitter_misc":{"Odhadovan\u00e1 doba \u010dten\u00ed":"5 minut"},"schema":{"@context":"https:\/\/schema.org","@graph":[{"@type":"WebPage","@id":"https:\/\/strangercam.com\/cleefchat\/","url":"https:\/\/strangercam.com\/cleefchat\/","name":"CleefChat - Chat bez registrace - StrangerCam","isPartOf":{"@id":"https:\/\/strangercam.com\/#website"},"primaryImageOfPage":{"@id":"https:\/\/strangercam.com\/cleefchat\/#primaryimage"},"image":{"@id":"https:\/\/strangercam.com\/cleefchat\/#primaryimage"},"thumbnailUrl":"https:\/\/strangercam.com\/wp-content\/uploads\/2020\/11\/stranger-cam-1.png","datePublished":"2024-02-07T10:40:26+00:00","dateModified":"2024-02-07T10:50:49+00:00","description":"L\u00edb\u00ed se v\u00e1m CleefChat? P\u0159ipojte se k na\u0161\u00ed 100% anonymn\u00ed chatovac\u00ed m\u00edstnosti s d\u00edvkami a cizinci na StrangerCam zdarma s CleefChat!","breadcrumb":{"@id":"https:\/\/strangercam.com\/cleefchat\/#breadcrumb"},"inLanguage":"cs","potentialAction":[{"@type":"ReadAction","target":["https:\/\/strangercam.com\/cleefchat\/"]}]},{"@type":"ImageObject","inLanguage":"cs","@id":"https:\/\/strangercam.com\/cleefchat\/#primaryimage","url":"https:\/\/strangercam.com\/wp-content\/uploads\/2020\/11\/stranger-cam-1.png","contentUrl":"https:\/\/strangercam.com\/wp-content\/uploads\/2020\/11\/stranger-cam-1.png","width":800,"height":800,"caption":"stranger cam random video chat"},{"@type":"BreadcrumbList","@id":"https:\/\/strangercam.com\/cleefchat\/#breadcrumb","itemListElement":[{"@type":"ListItem","position":1,"name":"Home","item":"https:\/\/strangercam.com\/"},{"@type":"ListItem","position":2,"name":"CleefChat"}]},{"@type":"WebSite","@id":"https:\/\/strangercam.com\/#website","url":"https:\/\/strangercam.com\/","name":"Strangercam","description":"N\u00e1hodn\u00fd videochat s ciz\u00edmi lidmi","publisher":{"@id":"https:\/\/strangercam.com\/#organization"},"alternateName":"Strangercam.com","potentialAction":[{"@type":"SearchAction","target":{"@type":"EntryPoint","urlTemplate":"https:\/\/strangercam.com\/?s={search_term_string}"},"query-input":{"@type":"PropertyValueSpecification","valueRequired":true,"valueName":"search_term_string"}}],"inLanguage":"cs"},{"@type":"Organization","@id":"https:\/\/strangercam.com\/#organization","name":"Strangercam","alternateName":"Strangercam.com","url":"https:\/\/strangercam.com\/","logo":{"@type":"ImageObject","inLanguage":"cs","@id":"https:\/\/strangercam.com\/#\/schema\/logo\/image\/","url":"https:\/\/strangercam.com\/wp-content\/uploads\/2020\/11\/cropped-new-favicon-black.png","contentUrl":"https:\/\/strangercam.com\/wp-content\/uploads\/2020\/11\/cropped-new-favicon-black.png","width":512,"height":512,"caption":"Strangercam"},"image":{"@id":"https:\/\/strangercam.com\/#\/schema\/logo\/image\/"},"sameAs":["https:\/\/www.facebook.com\/strangercam","https:\/\/x.com\/strangercamapp"]}]}},"_links":{"self":[{"href":"https:\/\/strangercam.com\/cs\/wp-json\/wp\/v2\/pages\/12341","targetHints":{"allow":["GET"]}}],"collection":[{"href":"https:\/\/strangercam.com\/cs\/wp-json\/wp\/v2\/pages"}],"about":[{"href":"https:\/\/strangercam.com\/cs\/wp-json\/wp\/v2\/types\/page"}],"author":[{"embeddable":true,"href":"https:\/\/strangercam.com\/cs\/wp-json\/wp\/v2\/users\/6"}],"replies":[{"embeddable":true,"href":"https:\/\/strangercam.com\/cs\/wp-json\/wp\/v2\/comments?post=12341"}],"version-history":[{"count":0,"href":"https:\/\/strangercam.com\/cs\/wp-json\/wp\/v2\/pages\/12341\/revisions"}],"wp:featuredmedia":[{"embeddable":true,"href":"https:\/\/strangercam.com\/cs\/wp-json\/wp\/v2\/media\/559"}],"wp:attachment":[{"href":"https:\/\/strangercam.com\/cs\/wp-json\/wp\/v2\/media?parent=12341"}],"curies":[{"name":"wp","href":"https:\/\/api.w.org\/{rel}","templated":true}]}}