{"id":12254,"date":"2025-09-29T10:09:11","date_gmt":"2025-09-29T08:09:11","guid":{"rendered":"https:\/\/strangercam.com\/?page_id=12254"},"modified":"2025-09-29T12:07:57","modified_gmt":"2025-09-29T10:07:57","slug":"americky-nahodny-videohovor","status":"publish","type":"page","link":"https:\/\/strangercam.com\/cs\/american-random-video-call\/","title":{"rendered":"Americk\u00fd n\u00e1hodn\u00fd videohovor"},"content":{"rendered":"<p>Hled\u00e1te americkou platformu pro n\u00e1hodn\u00e9 videohovory? Jste na spr\u00e1vn\u00e9m m\u00edst\u011b. V roce 2025 hledaj\u00ed tis\u00edce lid\u00ed zp\u016fsoby, jak se okam\u017eit\u011b spojit s ciz\u00edmi lidmi ve Spojen\u00fdch st\u00e1tech - a\u0165 u\u017e za \u00fa\u010delem nav\u00e1z\u00e1n\u00ed nov\u00fdch p\u0159\u00e1telstv\u00ed, nez\u00e1vazn\u00e9 konverzace nebo prost\u00e9ho pozn\u00e1v\u00e1n\u00ed americk\u00e9 kultury online. Na rozd\u00edl od tradi\u010dn\u00edch seznamovac\u00edch aplikac\u00ed nebo soci\u00e1ln\u00edch s\u00edt\u00ed v\u00e1m platformy pro n\u00e1hodn\u00e9 videohovory umo\u017en\u00ed setkat se se skute\u010dn\u00fdmi lidmi tv\u00e1\u0159\u00ed v tv\u00e1\u0159 b\u011bhem n\u011bkolika sekund.<\/p>\n<p>D\u00edky slu\u017eb\u00e1m, jako je StrangerCam, se m\u016f\u017eete p\u0159ipojit k americk\u00e9mu n\u00e1hodn\u00e9mu videohovoru hned te\u010f. \u017d\u00e1dn\u00e1 registrace, \u017e\u00e1dn\u00e9 poplatky, \u017e\u00e1dn\u00e9 \u010dek\u00e1n\u00ed - jen okam\u017eit\u00e9 videohovory s lidmi v USA i mimo n\u011b.<\/p>\n<p>Tento pr\u016fvodce v\u00e1m vysv\u011btl\u00ed v\u0161e, co pot\u0159ebujete v\u011bd\u011bt: co jsou americk\u00e9 n\u00e1hodn\u00e9 videohovory, pro\u010d jsou popul\u00e1rn\u00ed, jak funguj\u00ed, jak\u00e9 funkce hledat, srovn\u00e1n\u00ed nejlep\u0161\u00edch platforem, bezpe\u010dnostn\u00ed tipy a pro\u010d je dnes StrangerCam jednou z nejlep\u0161\u00edch voleb.<\/p>\n<h2>Co je americk\u00fd n\u00e1hodn\u00fd videohovor?<\/h2>\n<p>Americk\u00fd n\u00e1hodn\u00fd videohovor je online videohovor jeden na jednoho. <a href=\"https:\/\/strangercam.com\/cs\/chathub\/\">chat<\/a> kter\u00e1 v\u00e1s spoj\u00ed s cizinci ve Spojen\u00fdch st\u00e1tech. Zku\u0161enost je jednoduch\u00e1:<\/p>\n<ul>\n<li>Kliknete na tla\u010d\u00edtko.<\/li>\n<li>Okam\u017eit\u011b se spoj\u00edte s n\u011bk\u00fdm nov\u00fdm v USA.<\/li>\n<li>Pomoc\u00ed webov\u00e9 kamery a mikrofonu m\u016f\u017eete hovo\u0159it tv\u00e1\u0159\u00ed v tv\u00e1\u0159.<\/li>\n<li>Nel\u00edb\u00ed se v\u00e1m z\u00e1pas? Klikn\u011bte na tla\u010d\u00edtko Dal\u0161\u00ed a pokra\u010dujte d\u00e1l.<\/li>\n<\/ul>\n<p>Na rozd\u00edl od seznamovac\u00edch aplikac\u00ed zde nemus\u00edte \u010dekat na shodu ani ps\u00e1t dlouh\u00e9 \u017eivotopisy. Je to p\u0159\u00edm\u00e9, z\u00e1bavn\u00e9 a nep\u0159edv\u00eddateln\u00e9.<\/p>\n<h2>Pro\u010d lid\u00e9 miluj\u00ed americk\u00fd n\u00e1hodn\u00fd videohovor<\/h2>\n<p>Spojen\u00ed s ciz\u00edmi lidmi v USA je z\u0159ejm\u00e9:<\/p>\n<ul>\n<li>Kulturn\u00ed zv\u011bdavost: Seznamte se s Ameri\u010dany z r\u016fzn\u00fdch st\u00e1t\u016f, z r\u016fzn\u00fdch prost\u0159ed\u00ed a s r\u016fzn\u00fdmi \u017eivotn\u00edmi styly.<\/li>\n<li>Procvi\u010dov\u00e1n\u00ed angli\u010dtiny: Mnoho zahrani\u010dn\u00edch u\u017eivatel\u016f vyu\u017e\u00edv\u00e1 americk\u00e9 n\u00e1hodn\u00e9 videohovory ke zlep\u0161en\u00ed sv\u00fdch jazykov\u00fdch dovednost\u00ed.<\/li>\n<li>P\u0159\u00e1telstv\u00ed a flirtov\u00e1n\u00ed: N\u00e1hodn\u00fd chat je ide\u00e1ln\u00ed, a\u0165 u\u017e chcete nez\u00e1vazn\u011b konverzovat nebo hrav\u011b flirtovat.<\/li>\n<li>Spont\u00e1nnost: Ka\u017ed\u00fd hovor je jin\u00fd - nikdy nev\u00edte, koho potk\u00e1te p\u0159\u00ed\u0161t\u011b.<\/li>\n<li>P\u0159\u00edstupnost: Je bezplatn\u00e1, okam\u017eit\u00e1 a nevy\u017eaduje registraci.<\/li>\n<\/ul>\n<h2>Jak funguje americk\u00fd n\u00e1hodn\u00fd videohovor?<\/h2>\n<p>Sta\u010d\u00ed k tomu jen n\u011bkolik krok\u016f:<\/p>\n<ol>\n<li>Otev\u0159ete platformu (nap\u0159\u00edklad StrangerCam).<\/li>\n<li>Povolen\u00ed p\u0159\u00edstupu ke kame\u0159e a mikrofonu.<\/li>\n<li>Klikn\u011bte na tla\u010d\u00edtko \"Zah\u00e1jit videohovor\".<\/li>\n<li>Okam\u017eit\u011b se spojte s cizincem v Americe.<\/li>\n<li>Chcete-li se sezn\u00e1mit s n\u011bk\u00fdm nov\u00fdm, klikn\u011bte kdykoli na tla\u010d\u00edtko \"Dal\u0161\u00ed\".<\/li>\n<\/ol>\n<p>To je v\u0161e - rychl\u00e9, snadn\u00e9 a v\u017edy zdarma.<\/p>\n<h2>Funkce, kter\u00e9 je t\u0159eba hledat v americk\u00e9 platform\u011b pro n\u00e1hodn\u00e9 videohovory<\/h2>\n<p>Ne v\u0161echny platformy poskytuj\u00ed stejn\u00fd z\u00e1\u017eitek. Zde je to nejd\u016fle\u017eit\u011bj\u0161\u00ed:<\/p>\n<ul>\n<li>Filtry um\u00edst\u011bn\u00ed: Mo\u017enost porovn\u00e1vat konkr\u00e9tn\u011b s u\u017eivateli v USA.<\/li>\n<li>Voln\u00fd p\u0159\u00edstup: Neomezen\u00e9 pou\u017e\u00edv\u00e1n\u00ed bez skryt\u00fdch platebn\u00edch bari\u00e9r.<\/li>\n<li>\u017d\u00e1dn\u00e1 registrace: Okam\u017eit\u00e9 chatov\u00e1n\u00ed bez \u00fa\u010dt\u016f.<\/li>\n<li>P\u0159\u00e1telsk\u00e9 pro mobiln\u00ed za\u0159\u00edzen\u00ed: Funguje bez probl\u00e9m\u016f v syst\u00e9mech iOS a Android.<\/li>\n<li>Bezpe\u010dn\u00e9 moderov\u00e1n\u00ed: Ochrana proti bot\u016fm a nevhodn\u00e9mu obsahu.<\/li>\n<li>Kvalita videa: \u010cist\u00fd obraz a zvuk pro skute\u010dn\u00e1 p\u0159ipojen\u00ed.<\/li>\n<\/ul>\n<h2>Nejlep\u0161\u00ed americk\u00e9 platformy pro n\u00e1hodn\u00e9 videohovory v roce 2025<\/h2>\n<p>Pod\u00edvejte se na srovn\u00e1n\u00ed nejobl\u00edben\u011bj\u0161\u00edch slu\u017eeb sou\u010dasnosti:<\/p>\n<table>\n<thead>\n<tr>\n<th>Platforma<\/th>\n<th align=\"center\">Voln\u00fd p\u0159\u00edstup<\/th>\n<th align=\"center\">Filtr polohy USA<\/th>\n<th align=\"center\">Pot\u0159ebn\u00e1 registrace<\/th>\n<th align=\"center\">Mobiln\u00ed podpora<\/th>\n<th align=\"center\">Moderov\u00e1n\u00ed<\/th>\n<th>Pozn\u00e1mky<\/th>\n<\/tr>\n<\/thead>\n<tbody>\n<tr>\n<td>StrangerCam<\/td>\n<td align=\"center\">\u2705<\/td>\n<td align=\"center\">\u2705 (zdarma)<\/td>\n<td align=\"center\">\u274c<\/td>\n<td align=\"center\">\u2705<\/td>\n<td align=\"center\">\u2705<\/td>\n<td>Nejlep\u0161\u00ed celkov\u011b: zdarma, zam\u011b\u0159eno na USA<\/td>\n<\/tr>\n<tr>\n<td><a href=\"https:\/\/strangercam.com\/cs\/chatroulette\/\">Chatroulette<\/a><\/td>\n<td align=\"center\">\u2705<\/td>\n<td align=\"center\">\u274c<\/td>\n<td align=\"center\">\u274c<\/td>\n<td align=\"center\">\u2705<\/td>\n<td align=\"center\">\u2705<\/td>\n<td>Klasick\u00e9, pouze n\u00e1hodn\u00e9<\/td>\n<\/tr>\n<tr>\n<td>Chatrandom<\/td>\n<td align=\"center\">\u2705<\/td>\n<td align=\"center\">\u2705 (Placen\u00e9)<\/td>\n<td align=\"center\">\u274c<\/td>\n<td align=\"center\">\u2705<\/td>\n<td align=\"center\">\u2705<\/td>\n<td>Obl\u00edben\u00e9, ale n\u00e1kladn\u00e9 upgrady<\/td>\n<\/tr>\n<tr>\n<td><a href=\"https:\/\/strangercam.com\/cs\/ometv\/\">OmeTV<\/a><\/td>\n<td align=\"center\">\u2705<\/td>\n<td align=\"center\">\u274c<\/td>\n<td align=\"center\">\u274c<\/td>\n<td align=\"center\">\u2705<\/td>\n<td align=\"center\">\u2705<\/td>\n<td>Aplikace s glob\u00e1ln\u00edm zam\u011b\u0159en\u00edm<\/td>\n<\/tr>\n<tr>\n<td>Shagle<\/td>\n<td align=\"center\">\u2705<\/td>\n<td align=\"center\">\u2705 (Placen\u00e9)<\/td>\n<td align=\"center\">\u274c<\/td>\n<td align=\"center\">\u2705<\/td>\n<td align=\"center\">\u2705<\/td>\n<td>Uzam\u010den\u00e9 pr\u00e9miov\u00e9 funkce<\/td>\n<\/tr>\n<tr>\n<td><a href=\"https:\/\/strangercam.com\/cs\/coomeet\/\">CooMeet<\/a><\/td>\n<td align=\"center\">\u274c (zku\u0161ebn\u00ed verze)<\/td>\n<td align=\"center\">\u2705<\/td>\n<td align=\"center\">\u2705<\/td>\n<td align=\"center\">\u2705<\/td>\n<td align=\"center\">\u2705<\/td>\n<td>Placen\u00e9, zam\u011b\u0159en\u00e9 na setk\u00e1v\u00e1n\u00ed mu\u017e\u016f se \u017eenami<\/td>\n<\/tr>\n<\/tbody>\n<\/table>\n<p>StrangerCam je jedna z m\u00e1la platforem, kter\u00e1 nab\u00edz\u00ed bezplatn\u00e9 n\u00e1hodn\u00e9 videohovory s Ameri\u010dany - bez registrace a s neomezen\u00fdm pou\u017eit\u00edm.<\/p>\n<h2>Pro\u010d je StrangerCam nejlep\u0161\u00ed volbou<\/h2>\n<p>Zde je d\u016fvod, pro\u010d je slu\u017eba StrangerCam ide\u00e1ln\u00ed pro ka\u017ed\u00e9ho, kdo hled\u00e1 \"americk\u00fd n\u00e1hodn\u00fd videohovor\":<\/p>\n<ul>\n<li>Zcela zdarma a neomezen\u011b - \u017e\u00e1dn\u00e9 zku\u0161ebn\u00ed ani kreditn\u00ed syst\u00e9my.<\/li>\n<li>USA Location Matching - Seznamte se se skute\u010dn\u00fdmi lidmi ve Spojen\u00fdch st\u00e1tech.<\/li>\n<li>Nen\u00ed nutn\u00e1 registrace - z\u016fsta\u0148te v anonymit\u011b a za\u010dn\u011bte okam\u017eit\u011b.<\/li>\n<li>Bezpe\u010dn\u00e9 a moderovan\u00e9 - vy\u0161\u0161\u00ed bezpe\u010dnost ne\u017e u star\u00fdch platforem typu Omegle.<\/li>\n<li>P\u0159ipraveno pro mobiln\u00ed za\u0159\u00edzen\u00ed a stoln\u00ed po\u010d\u00edta\u010de - funguje kdekoli a kdykoli.<\/li>\n<li>R\u016fznorod\u00e1 u\u017eivatelsk\u00e1 z\u00e1kladna - seznamte se s Ameri\u010dany od pob\u0159e\u017e\u00ed k pob\u0159e\u017e\u00ed.<\/li>\n<\/ul>\n<h2>Zku\u0161enosti skute\u010dn\u00fdch u\u017eivatel\u016f<\/h2>\n<blockquote><p>\"Cht\u011bl jsem si procvi\u010dit angli\u010dtinu a hledal jsem americk\u00e9 n\u00e1hodn\u00e9 videohovory. StrangerCam m\u011b b\u011bhem n\u011bkolika minut spojila s lidmi z New Yorku a Kalifornie.\"<br \/>\n- Daniel, 24 let (\u0160pan\u011blsko)<\/p><\/blockquote>\n<blockquote><p>\"Setk\u00e1n\u00ed s n\u00e1hodn\u00fdmi Ameri\u010dany je tak z\u00e1bavn\u00e9 - n\u011bkdy je neform\u00e1ln\u00ed, jindy flirtuj\u00edc\u00ed, ale v\u017edy vzru\u0161uj\u00edc\u00ed.\"<br \/>\n- Sophia, 21 let (Kanada)<\/p><\/blockquote>\n<blockquote><p>\"Na rozd\u00edl od jin\u00fdch web\u016f je tento skute\u010dn\u011b zdarma. \u017d\u00e1dn\u00e1 registrace, \u017e\u00e1dn\u00e9 triky.\"<br \/>\n- Ryan, 29 let (USA)<\/p><\/blockquote>\n<blockquote><p>\"M\u011bl jsem u\u017e skv\u011bl\u00e9 rozhovory s lidmi z Texasu, Floridy a Chicaga. Je to skute\u010dn\u00e9 a bezpe\u010dn\u00e9.\"<br \/>\n- Leah, 20 let (N\u011bmecko)<\/p><\/blockquote>\n<h2>Bezpe\u010dnostn\u00ed tipy pro americk\u00e9 n\u00e1hodn\u00e9 videohovory<\/h2>\n<p>Chatov\u00e1n\u00ed s ciz\u00edmi lidmi v USA je sice z\u00e1bavn\u00e9, ale v\u017edy dbejte na bezpe\u010dnost:<\/p>\n<ul>\n<li>Nikdy nesd\u011blujte osobn\u00ed \u00fadaje (telefon, adresu, pracovi\u0161t\u011b).<\/li>\n<li>B\u011bhem chat\u016f se vyh\u00fdbejte podez\u0159el\u00fdm odkaz\u016fm.<\/li>\n<li>Pokud je v\u00e1m n\u011bkdo nep\u0159\u00edjemn\u00fd, pou\u017eijte funkci P\u0159esko\u010dit\/Blokovat.<\/li>\n<li>P\u0159ed zapnut\u00edm webov\u00e9 kamery zkontrolujte pozad\u00ed.<\/li>\n<li>M\u00edsto sv\u00e9ho skute\u010dn\u00e9ho jm\u00e9na pou\u017e\u00edvejte p\u0159ezd\u00edvku.<\/li>\n<li>Respektujte v\u011bkov\u00e1 pravidla platformy - pokud je v\u00e1m m\u00e9n\u011b ne\u017e 18 let, nepou\u017e\u00edvejte chat pro dosp\u011bl\u00e9.<\/li>\n<\/ul>\n<h2>Jak za\u010d\u00edt - krok za krokem<\/h2>\n<p>Zde najdete n\u00e1vod, jak zah\u00e1jit prvn\u00ed americk\u00fd n\u00e1hodn\u00fd videohovor:<\/p>\n<ol>\n<li>Otev\u0159ete StrangerCam v prohl\u00ed\u017ee\u010di nebo v mobilu.<\/li>\n<li>Povolen\u00ed p\u0159\u00edstupu ke kame\u0159e a mikrofonu.<\/li>\n<li>Vyberte filtr USA (je-li k dispozici).<\/li>\n<li>Klikn\u011bte na tla\u010d\u00edtko Spustit chat.<\/li>\n<li>Okam\u017eit\u011b se seznamte s cizincem z Ameriky.<\/li>\n<li>Kdykoli se m\u016f\u017eete sezn\u00e1mit s n\u011bk\u00fdm nov\u00fdm, stiskn\u011bte tla\u010d\u00edtko Dal\u0161\u00ed.<\/li>\n<\/ol>\n<p>V roce 2025 nebyla popt\u00e1vka po americk\u00fdch n\u00e1hodn\u00fdch videohovorech nikdy vy\u0161\u0161\u00ed. Lid\u00e9 po cel\u00e9m sv\u011bt\u011b jsou zv\u011bdav\u00ed na spojen\u00ed s Ameri\u010dany za \u00fa\u010delem p\u0159\u00e1telstv\u00ed, z\u00e1bavy a kulturn\u00ed v\u00fdm\u011bny.<\/p>\n<p>Platformy jako StrangerCam to usnad\u0148uj\u00ed: bezplatn\u00e9, okam\u017eit\u00e9 a bezpe\u010dn\u00e9 videohovory se skute\u010dn\u00fdmi lidmi v USA. \u017d\u00e1dn\u00e1 registrace, \u017e\u00e1dn\u00e9 skryt\u00e9 poplatky - jen spont\u00e1nn\u00ed spojen\u00ed s Ameri\u010dany na jedno kliknut\u00ed.<\/p>\n<p>Jste p\u0159ipraveni poznat n\u011bkoho nov\u00e9ho? Za\u010dn\u011bte sv\u016fj americk\u00fd n\u00e1hodn\u00fd videohovor je\u0161t\u011b dnes a uvid\u00edte, s k\u00fdm se spoj\u00edte p\u0159\u00ed\u0161t\u011b.<\/p>","protected":false},"excerpt":{"rendered":"<p>Looking for an American random video call platform? You\u2019re in the right place. In 2025, thousands of people search for ways to connect instantly with strangers in the United States\u2014whether to make new friends, enjoy casual conversations, or simply explore American culture online. Unlike traditional dating apps or social networks, random video call platforms let [&hellip;]<\/p>\n","protected":false},"author":8,"featured_media":0,"parent":0,"menu_order":0,"comment_status":"closed","ping_status":"closed","template":"","meta":{"footnotes":""},"class_list":["post-12254","page","type-page","status-publish","hentry"],"yoast_head":"<!-- This site is optimized with the Yoast SEO plugin v27.4 - https:\/\/yoast.com\/product\/yoast-seo-wordpress\/ -->\n<title>American Random Video Call with Video Chat on Strangercam.com<\/title>\n<meta name=\"description\" content=\"Liking American Random Video Call? Join millions on StrangerCam.com! Start a random video chat, turn on your cam, and meet strangers instantly.\" \/>\n<meta name=\"robots\" content=\"index, follow, max-snippet:-1, max-image-preview:large, max-video-preview:-1\" \/>\n<link rel=\"canonical\" href=\"https:\/\/strangercam.com\/cs\/americky-nahodny-videohovor\/\" \/>\n<meta property=\"og:locale\" content=\"cs_CZ\" \/>\n<meta property=\"og:type\" content=\"article\" \/>\n<meta property=\"og:title\" content=\"American Random Video Call with Video Chat on Strangercam.com\" \/>\n<meta property=\"og:description\" content=\"Liking American Random Video Call? Join millions on StrangerCam.com! Start a random video chat, turn on your cam, and meet strangers instantly.\" \/>\n<meta property=\"og:url\" content=\"https:\/\/strangercam.com\/cs\/americky-nahodny-videohovor\/\" \/>\n<meta property=\"og:site_name\" content=\"Strangercam\" \/>\n<meta property=\"article:publisher\" content=\"https:\/\/www.facebook.com\/strangercam\" \/>\n<meta property=\"article:modified_time\" content=\"2025-09-29T10:07:57+00:00\" \/>\n<meta property=\"og:image\" content=\"https:\/\/strangercam.com\/wp-content\/uploads\/2021\/10\/Untitled-2.png\" \/>\n\t<meta property=\"og:image:width\" content=\"800\" \/>\n\t<meta property=\"og:image:height\" content=\"532\" \/>\n\t<meta property=\"og:image:type\" content=\"image\/png\" \/>\n<meta name=\"twitter:card\" content=\"summary_large_image\" \/>\n<meta name=\"twitter:site\" content=\"@strangercamapp\" \/>\n<meta name=\"twitter:label1\" content=\"Odhadovan\u00e1 doba \u010dten\u00ed\" \/>\n\t<meta name=\"twitter:data1\" content=\"4 minuty\" \/>\n<script type=\"application\/ld+json\" class=\"yoast-schema-graph\">{\"@context\":\"https:\\\/\\\/schema.org\",\"@graph\":[{\"@type\":\"WebPage\",\"@id\":\"https:\\\/\\\/strangercam.com\\\/american-random-video-call\\\/\",\"url\":\"https:\\\/\\\/strangercam.com\\\/american-random-video-call\\\/\",\"name\":\"American Random Video Call with Video Chat on Strangercam.com\",\"isPartOf\":{\"@id\":\"https:\\\/\\\/strangercam.com\\\/#website\"},\"datePublished\":\"2025-09-29T08:09:11+00:00\",\"dateModified\":\"2025-09-29T10:07:57+00:00\",\"description\":\"Liking American Random Video Call? Join millions on StrangerCam.com! Start a random video chat, turn on your cam, and meet strangers instantly.\",\"breadcrumb\":{\"@id\":\"https:\\\/\\\/strangercam.com\\\/american-random-video-call\\\/#breadcrumb\"},\"inLanguage\":\"cs\",\"potentialAction\":[{\"@type\":\"ReadAction\",\"target\":[\"https:\\\/\\\/strangercam.com\\\/american-random-video-call\\\/\"]}]},{\"@type\":\"BreadcrumbList\",\"@id\":\"https:\\\/\\\/strangercam.com\\\/american-random-video-call\\\/#breadcrumb\",\"itemListElement\":[{\"@type\":\"ListItem\",\"position\":1,\"name\":\"Home\",\"item\":\"https:\\\/\\\/strangercam.com\\\/\"},{\"@type\":\"ListItem\",\"position\":2,\"name\":\"American Random Video Call\"}]},{\"@type\":\"WebSite\",\"@id\":\"https:\\\/\\\/strangercam.com\\\/#website\",\"url\":\"https:\\\/\\\/strangercam.com\\\/\",\"name\":\"Strangercam\",\"description\":\"Random Video Chat with Strangers\",\"publisher\":{\"@id\":\"https:\\\/\\\/strangercam.com\\\/#organization\"},\"alternateName\":\"Strangercam.com\",\"potentialAction\":[{\"@type\":\"SearchAction\",\"target\":{\"@type\":\"EntryPoint\",\"urlTemplate\":\"https:\\\/\\\/strangercam.com\\\/?s={search_term_string}\"},\"query-input\":{\"@type\":\"PropertyValueSpecification\",\"valueRequired\":true,\"valueName\":\"search_term_string\"}}],\"inLanguage\":\"cs\"},{\"@type\":\"Organization\",\"@id\":\"https:\\\/\\\/strangercam.com\\\/#organization\",\"name\":\"Strangercam\",\"alternateName\":\"Strangercam.com\",\"url\":\"https:\\\/\\\/strangercam.com\\\/\",\"logo\":{\"@type\":\"ImageObject\",\"inLanguage\":\"cs\",\"@id\":\"https:\\\/\\\/strangercam.com\\\/#\\\/schema\\\/logo\\\/image\\\/\",\"url\":\"https:\\\/\\\/strangercam.com\\\/wp-content\\\/uploads\\\/2020\\\/11\\\/cropped-new-favicon-black.png\",\"contentUrl\":\"https:\\\/\\\/strangercam.com\\\/wp-content\\\/uploads\\\/2020\\\/11\\\/cropped-new-favicon-black.png\",\"width\":512,\"height\":512,\"caption\":\"Strangercam\"},\"image\":{\"@id\":\"https:\\\/\\\/strangercam.com\\\/#\\\/schema\\\/logo\\\/image\\\/\"},\"sameAs\":[\"https:\\\/\\\/www.facebook.com\\\/strangercam\",\"https:\\\/\\\/x.com\\\/strangercamapp\"]}]}<\/script>\n<!-- \/ Yoast SEO plugin. -->","yoast_head_json":{"title":"Americk\u00fd n\u00e1hodn\u00fd videohovor s videochatem na Strangercam.com","description":"L\u00edb\u00ed se v\u00e1m americk\u00fd n\u00e1hodn\u00fd videohovor? Join miliony na StrangerCam.com! Spus\u0165te n\u00e1hodn\u00fd videochat, zapn\u011bte kameru a okam\u017eit\u011b se seznamte s ciz\u00edmi lidmi.","robots":{"index":"index","follow":"follow","max-snippet":"max-snippet:-1","max-image-preview":"max-image-preview:large","max-video-preview":"max-video-preview:-1"},"canonical":"https:\/\/strangercam.com\/cs\/americky-nahodny-videohovor\/","og_locale":"cs_CZ","og_type":"article","og_title":"American Random Video Call with Video Chat on Strangercam.com","og_description":"Liking American Random Video Call? Join millions on StrangerCam.com! Start a random video chat, turn on your cam, and meet strangers instantly.","og_url":"https:\/\/strangercam.com\/cs\/americky-nahodny-videohovor\/","og_site_name":"Strangercam","article_publisher":"https:\/\/www.facebook.com\/strangercam","article_modified_time":"2025-09-29T10:07:57+00:00","og_image":[{"width":800,"height":532,"url":"https:\/\/strangercam.com\/wp-content\/uploads\/2021\/10\/Untitled-2.png","type":"image\/png"}],"twitter_card":"summary_large_image","twitter_site":"@strangercamapp","twitter_misc":{"Odhadovan\u00e1 doba \u010dten\u00ed":"4 minuty"},"schema":{"@context":"https:\/\/schema.org","@graph":[{"@type":"WebPage","@id":"https:\/\/strangercam.com\/american-random-video-call\/","url":"https:\/\/strangercam.com\/american-random-video-call\/","name":"Americk\u00fd n\u00e1hodn\u00fd videohovor s videochatem na Strangercam.com","isPartOf":{"@id":"https:\/\/strangercam.com\/#website"},"datePublished":"2025-09-29T08:09:11+00:00","dateModified":"2025-09-29T10:07:57+00:00","description":"L\u00edb\u00ed se v\u00e1m americk\u00fd n\u00e1hodn\u00fd videohovor? Join miliony na StrangerCam.com! Spus\u0165te n\u00e1hodn\u00fd videochat, zapn\u011bte kameru a okam\u017eit\u011b se seznamte s ciz\u00edmi lidmi.","breadcrumb":{"@id":"https:\/\/strangercam.com\/american-random-video-call\/#breadcrumb"},"inLanguage":"cs","potentialAction":[{"@type":"ReadAction","target":["https:\/\/strangercam.com\/american-random-video-call\/"]}]},{"@type":"BreadcrumbList","@id":"https:\/\/strangercam.com\/american-random-video-call\/#breadcrumb","itemListElement":[{"@type":"ListItem","position":1,"name":"Home","item":"https:\/\/strangercam.com\/"},{"@type":"ListItem","position":2,"name":"American Random Video Call"}]},{"@type":"WebSite","@id":"https:\/\/strangercam.com\/#website","url":"https:\/\/strangercam.com\/","name":"Strangercam","description":"N\u00e1hodn\u00fd videochat s ciz\u00edmi lidmi","publisher":{"@id":"https:\/\/strangercam.com\/#organization"},"alternateName":"Strangercam.com","potentialAction":[{"@type":"SearchAction","target":{"@type":"EntryPoint","urlTemplate":"https:\/\/strangercam.com\/?s={search_term_string}"},"query-input":{"@type":"PropertyValueSpecification","valueRequired":true,"valueName":"search_term_string"}}],"inLanguage":"cs"},{"@type":"Organization","@id":"https:\/\/strangercam.com\/#organization","name":"Strangercam","alternateName":"Strangercam.com","url":"https:\/\/strangercam.com\/","logo":{"@type":"ImageObject","inLanguage":"cs","@id":"https:\/\/strangercam.com\/#\/schema\/logo\/image\/","url":"https:\/\/strangercam.com\/wp-content\/uploads\/2020\/11\/cropped-new-favicon-black.png","contentUrl":"https:\/\/strangercam.com\/wp-content\/uploads\/2020\/11\/cropped-new-favicon-black.png","width":512,"height":512,"caption":"Strangercam"},"image":{"@id":"https:\/\/strangercam.com\/#\/schema\/logo\/image\/"},"sameAs":["https:\/\/www.facebook.com\/strangercam","https:\/\/x.com\/strangercamapp"]}]}},"_links":{"self":[{"href":"https:\/\/strangercam.com\/cs\/wp-json\/wp\/v2\/pages\/12254","targetHints":{"allow":["GET"]}}],"collection":[{"href":"https:\/\/strangercam.com\/cs\/wp-json\/wp\/v2\/pages"}],"about":[{"href":"https:\/\/strangercam.com\/cs\/wp-json\/wp\/v2\/types\/page"}],"author":[{"embeddable":true,"href":"https:\/\/strangercam.com\/cs\/wp-json\/wp\/v2\/users\/8"}],"replies":[{"embeddable":true,"href":"https:\/\/strangercam.com\/cs\/wp-json\/wp\/v2\/comments?post=12254"}],"version-history":[{"count":2,"href":"https:\/\/strangercam.com\/cs\/wp-json\/wp\/v2\/pages\/12254\/revisions"}],"predecessor-version":[{"id":13051,"href":"https:\/\/strangercam.com\/cs\/wp-json\/wp\/v2\/pages\/12254\/revisions\/13051"}],"wp:attachment":[{"href":"https:\/\/strangercam.com\/cs\/wp-json\/wp\/v2\/media?parent=12254"}],"curies":[{"name":"wp","href":"https:\/\/api.w.org\/{rel}","templated":true}]}}