{"id":11954,"date":"2025-07-24T09:21:22","date_gmt":"2025-07-24T07:21:22","guid":{"rendered":"https:\/\/strangercam.com\/?page_id=11954"},"modified":"2025-07-24T09:26:04","modified_gmt":"2025-07-24T07:26:04","slug":"luckycrush","status":"publish","type":"page","link":"https:\/\/strangercam.com\/cs\/luckycrush\/","title":{"rendered":"LuckyCrush"},"content":{"rendered":"<p>Ve sv\u011bt\u011b nekone\u010dn\u00e9ho swipov\u00e1n\u00ed a povrchn\u00edch textov\u00fdch chat\u016f se platformy jako LuckyCrush zam\u011b\u0159uj\u00ed na \u017eiv\u00e9, individu\u00e1ln\u00ed kontakty s ciz\u00edmi lidmi opa\u010dn\u00e9ho pohlav\u00ed a ot\u0159\u00e1saj\u00ed tak online seznamkami a n\u00e1hodn\u00fdmi videochaty. LuckyCrush nen\u00ed jen dal\u0161\u00ed z \u0159ady <a href=\"https:\/\/strangercam.com\/cs\/bazookamera\/\">cam<\/a> je to jedine\u010dn\u00e1 hern\u00ed platforma, kter\u00e1 je navr\u017eena tak, aby spojovala mu\u017ee se \u017eenami (a naopak) z cel\u00e9ho sv\u011bta pro okam\u017eit\u00e9 soukrom\u00e9 videokonverzace, kter\u00e9 \u010dasto st\u00edraj\u00ed hranice mezi rychl\u00fdm rand\u011bn\u00edm a flirtov\u00e1n\u00edm. <a href=\"https:\/\/strangercam.com\/cs\/chatroulette\/\">ruleta<\/a>.<\/p>\n<p>Je v\u0161ak LuckyCrush skute\u010dn\u00fd? Jak funguje, pro koho je ur\u010den a stoj\u00ed za v\u00e1\u0161 \u010das a pen\u00edze? Tento podrobn\u00fd p\u0159ehled obsahuje v\u0161e, co pot\u0159ebujete v\u011bd\u011bt o LuckyCrush v roce 2025: jeho funkce, u\u017eivatelskou z\u00e1kladnu, ceny, bezpe\u010dnost a jak se vyrovn\u00e1 rostouc\u00edmu z\u00e1stupu web\u016f pro videochat.<\/p>\n<h2>Co je LuckyCrush?<\/h2>\n<p>LuckyCrush je inovativn\u00ed webov\u00e1 str\u00e1nka pro n\u00e1hodn\u00fd videochat, kter\u00e1 spojuje mu\u017ee a \u017eeny v \u017eiv\u00fdch, soukrom\u00fdch videohovorech jeden na jednoho. Na rozd\u00edl od v\u011bt\u0161iny n\u00e1hodn\u00fdch chatovac\u00edch platforem, kter\u00e9 spojuj\u00ed kohokoli s k\u00fdmkoli, LuckyCrush spojuje pouze mu\u017ee se \u017eenami a \u017eeny s mu\u017ei, \u010d\u00edm\u017e vytv\u00e1\u0159\u00ed prost\u0159ed\u00ed, kter\u00e9 je rovn\u00fdm d\u00edlem flirtov\u00e1n\u00edm, rand\u011bn\u00edm a z\u00e1bavou.<\/p>\n<p>Platforma je zalo\u017eena na prohl\u00ed\u017ee\u010di, funguje celosv\u011btov\u011b a slibuje okam\u017eit\u00fd p\u0159\u00edstup - \u017e\u00e1dn\u00e9 zdlouhav\u00e9 p\u0159ihla\u0161ov\u00e1n\u00ed, \u017e\u00e1dn\u00e9 proch\u00e1zen\u00ed a vypl\u0148ov\u00e1n\u00ed profil\u016f. A\u0165 u\u017e hled\u00e1te rychl\u00fd flirt, nov\u00e9ho p\u0159\u00edtele, nebo dokonce digit\u00e1ln\u00ed rom\u00e1nek, LuckyCrush p\u0159in\u00e1\u0161\u00ed modern\u00ed verzi rychl\u00e9ho rand\u011bn\u00ed s videem v re\u00e1ln\u00e9m \u010dase.<\/p>\n<h2>Jak\u00fd je \u00fa\u010del slu\u017eby LuckyCrush?<\/h2>\n<p>Spole\u010dnost LuckyCrush byla vytvo\u0159ena s c\u00edlem vy\u0159e\u0161it dv\u011b hlavn\u00ed mezery ve sv\u011bt\u011b online chatu a seznamov\u00e1n\u00ed:<\/p>\n<ul>\n<li>Nedostatek skute\u010dn\u00e9ho p\u00e1rov\u00e1n\u00ed mu\u017e\u016f a \u017een ve v\u011bt\u0161in\u011b n\u00e1hodn\u00fdch chatovac\u00edch str\u00e1nek<\/li>\n<li>Popt\u00e1vka po spont\u00e1nn\u00edch, neskriptovan\u00fdch a osobn\u00edch video interakc\u00edch<\/li>\n<\/ul>\n<p>Jej\u00edm posl\u00e1n\u00edm je umo\u017enit rychl\u00e9 a snadn\u00e9 sezn\u00e1men\u00ed a flirtov\u00e1n\u00ed s nezadan\u00fdmi lidmi po cel\u00e9m sv\u011bt\u011b, a to ve form\u00e1tu, kter\u00fd p\u0159ipom\u00edn\u00e1 n\u011bco mezi rychl\u00fdm rand\u011bn\u00edm a p\u016fvodn\u00ed chatovac\u00ed ruletou, ale je p\u0159izp\u016fsoben lidem, kte\u0159\u00ed hledaj\u00ed chemii, nikoli jen nez\u00e1vaznou konverzaci.<\/p>\n<p>A\u0165 u\u017e se chcete pobavit, flirtovat, procvi\u010dit si jin\u00fd jazyk nebo nav\u00e1zat nov\u00e9 kontakty z r\u016fzn\u00fdch kultur, LuckyCrush v\u00e1m to umo\u017en\u00ed b\u011bhem n\u011bkolika sekund.<\/p>\n<h2>Kl\u00ed\u010dov\u00e9 vlastnosti<\/h2>\n<p>1. Videochat jeden na jednoho, v\u017edy mu\u017e-\u017eena<br \/>\nHlavn\u00ed funkc\u00ed aplikace LuckyCrush je algoritmus p\u00e1rov\u00e1n\u00ed podle pohlav\u00ed: mu\u017ei jsou v\u017edy p\u00e1rov\u00e1ni se \u017eenami a naopak. To je jedine\u010dn\u00e9 mezi <a href=\"https:\/\/strangercam.com\/cs\/chat-z-kamery-do-kamery\/\">cam chat<\/a> platformy a pom\u00e1h\u00e1 udr\u017eovat rovnov\u00e1hu a anga\u017eovanost.<\/p>\n<p>2. Okam\u017eit\u00e1 shoda, bez nutnosti registrace<br \/>\nChatovat m\u016f\u017eete za\u010d\u00edt ihned po v\u00fdb\u011bru pohlav\u00ed. Proces je okam\u017eit\u00fd a anonymn\u00ed - nen\u00ed t\u0159eba se zdlouhav\u011b registrovat ani ov\u011b\u0159ovat.<\/p>\n<p>3. Rychl\u00e9 p\u0159eskakov\u00e1n\u00ed a n\u00e1hodn\u00e9 p\u00e1rov\u00e1n\u00ed<br \/>\nPokud se v\u00e1m nepoda\u0159ilo naj\u00edt shodu, klikn\u011bte na tla\u010d\u00edtko \"Dal\u0161\u00ed\" a vytvo\u0159te nov\u00e9 p\u0159ipojen\u00ed. Za p\u0159esko\u010den\u00ed nehroz\u00ed \u017e\u00e1dn\u00e9 sankce ani \u010dek\u00e1n\u00ed ve front\u00e1ch.<\/p>\n<p>4. Glob\u00e1ln\u00ed dosah<br \/>\nLuckyCrush je skute\u010dn\u011b mezin\u00e1rodn\u00ed a spojuje lidi z v\u00edce ne\u017e 100 zem\u00ed. To z n\u011bj d\u011bl\u00e1 skv\u011bl\u00e9 m\u00edsto pro mezikulturn\u00ed konverzace, jazykovou v\u00fdm\u011bnu nebo jen pro zji\u0161t\u011bn\u00ed, jak vypad\u00e1 seznamov\u00e1n\u00ed v jin\u00fdch \u010d\u00e1stech sv\u011bta.<\/p>\n<p>5. Vestav\u011bn\u00fd textov\u00fd chat<br \/>\nKrom\u011b videa m\u016f\u017eete v okn\u011b chatu pos\u00edlat tak\u00e9 textov\u00e9 zpr\u00e1vy. To je u\u017eite\u010dn\u00e9 pro prolomen\u00ed led\u016f, sd\u00edlen\u00ed odkaz\u016f nebo komunikaci v jin\u00e9m jazyce.<\/p>\n<p>6. Anonymita a soukrom\u00ed<br \/>\nNikdy nemus\u00edte uv\u00e1d\u011bt sv\u00e9 skute\u010dn\u00e9 jm\u00e9no, e-mail ani osobn\u00ed \u00fadaje. Vy\u017eadov\u00e1na je pouze va\u0161e webov\u00e1 kamera, a dokud se nerozhodnete sd\u00edlet v\u00edce informac\u00ed, z\u016fstanete v anonymit\u011b.<\/p>\n<p>7. Placen\u00e9 a bezplatn\u00e9 mo\u017enosti<br \/>\nNov\u00ed u\u017eivatel\u00e9 dostanou zku\u0161ebn\u00ed minuty zdarma, aby si platformu vyzkou\u0161eli. Pot\u00e9 je nutn\u00e9 zakoupit kredity nebo minuty, tak\u017ee po po\u010d\u00e1te\u010dn\u00ed zku\u0161ebn\u00ed verzi je slu\u017eba LuckyCrush placen\u00e1 za ka\u017edou minutu.<\/p>\n<h2>Je LuckyCrush zdarma?<\/h2>\n<p>LuckyCrush je zdarma k vyzkou\u0161en\u00ed - v\u0161ichni nov\u00ed u\u017eivatel\u00e9 dostanou n\u011bkolik minut bezplatn\u00e9ho chatu, aby si platformu vyzkou\u0161eli. Pokud v\u0161ak cht\u011bj\u00ed u\u017eivatel\u00e9 pokra\u010dovat v chatu i po skon\u010den\u00ed zku\u0161ebn\u00ed doby, mus\u00ed si zakoupit kredity, kter\u00e9 se b\u011bhem videochat\u016f utr\u00e1cej\u00ed po minut\u00e1ch.<\/p>\n<p>Cenov\u00fd model platformy zaji\u0161\u0165uje skute\u010dn\u00e9 u\u017eivatele a br\u00e1n\u00ed bot\u016fm, spamu a trollingu. Mezi placen\u00e9 funkce pat\u0159\u00ed:<\/p>\n<ul>\n<li>Pokra\u010dov\u00e1n\u00ed videochatu po zku\u0161ebn\u00ed dob\u011b<\/li>\n<li>Neomezen\u00fd p\u0159\u00edstup k nov\u00fdm z\u00e1pas\u016fm<\/li>\n<li>Shoda s vy\u0161\u0161\u00ed prioritou<\/li>\n<\/ul>\n<p>Ceny jsou v dan\u00e9m odv\u011btv\u00ed konkurenceschopn\u00e9 a jsou jasn\u011b uvedeny na webu. \u010casto jsou nab\u00edzeny bonusov\u00e9 bal\u00ed\u010dky a sez\u00f3nn\u00ed nab\u00eddky, kter\u00e9 jsou nav\u00edc v\u00fdhodn\u00e9.<\/p>\n<h2>Kdo pou\u017e\u00edv\u00e1 LuckyCrush?<\/h2>\n<p>Spole\u010dnost LuckyCrush si rychle vytvo\u0159ila rozmanitou mezin\u00e1rodn\u00ed u\u017eivatelskou z\u00e1kladnu, kter\u00e1 zahrnuje:<\/p>\n<ul>\n<li>Mu\u017ei a \u017eeny ve v\u011bku 18-40 let (v\u011bt\u0161ina ve v\u011bku 18-35 let).<\/li>\n<li>U\u017eivatel\u00e9 ze Severn\u00ed Ameriky, Evropy, Ji\u017en\u00ed Ameriky, Indie, Turecka, jihov\u00fdchodn\u00ed Asie a dal\u0161\u00edch zem\u00ed.<\/li>\n<li>Lid\u00e9, kte\u0159\u00ed hledaj\u00ed z\u00e1bavn\u00e1, flirtuj\u00edc\u00ed nebo dokonce romantick\u00e1 video setk\u00e1n\u00ed.<\/li>\n<li>Studenti jazyk\u016f, cestovatel\u00e9 a z\u00e1jemci o jin\u00e9 kultury<\/li>\n<\/ul>\n<p>LuckyCrush je atraktivn\u00ed zejm\u00e9na pro nezadan\u00e9, expaty a lidi, kte\u0159\u00ed hledaj\u00ed z\u00e1\u017eitek, kter\u00fd kombinuje rychl\u00e9 rand\u011bn\u00ed a vzru\u0161en\u00ed z n\u00e1hodn\u00e9 interakce na\u017eivo. Vzhledem k tomu, \u017ee mu\u017ei a \u017eeny jsou v\u017edy sp\u00e1rov\u00e1ni spole\u010dn\u011b, je pom\u011br pohlav\u00ed vyv\u00e1\u017een\u011bj\u0161\u00ed ne\u017e na v\u011bt\u0161in\u011b n\u00e1hodn\u00fdch kamerov\u00fdch str\u00e1nek.<\/p>\n<h2>Bezpe\u010dnost, soukrom\u00ed a moderov\u00e1n\u00ed<\/h2>\n<p>LuckyCrush je navr\u017een tak, aby byl co nejbezpe\u010dn\u011bj\u0161\u00ed a nejsoukrom\u011bj\u0161\u00ed pro platformu \u017eiv\u00fdch kamer:<\/p>\n<h3>Ochrana osobn\u00edch \u00fadaj\u016f<\/h3>\n<ul>\n<li>Nejsou vy\u017eadov\u00e1na \u017e\u00e1dn\u00e1 jm\u00e9na, e-maily ani \u00fa\u010dty na soci\u00e1ln\u00edch s\u00edt\u00edch.<\/li>\n<li>K chatu je nutn\u00fd pouze p\u0159\u00edstup k webkame\u0159e\/mikrofonu<\/li>\n<li>\u017d\u00e1dn\u00fd profil se nevytvo\u0159\u00ed, pokud nechcete ulo\u017eit z\u00e1pasy.<\/li>\n<\/ul>\n<h3>Moderov\u00e1n\u00ed<\/h3>\n<ul>\n<li>N\u00e1stroje pro hl\u00e1\u0161en\u00ed a blokov\u00e1n\u00ed jsou v\u017edy k dispozici<\/li>\n<li>Lidsk\u00e1 moderace pom\u00e1h\u00e1 odstra\u0148ovat zneu\u017e\u00edvaj\u00edc\u00ed, spamuj\u00edc\u00ed nebo fale\u0161n\u00e9 u\u017eivatele.<\/li>\n<li>Pokyny komunity podporuj\u00ed ohledupln\u00e9 flirtov\u00e1n\u00ed a pozitivn\u00ed chov\u00e1n\u00ed.<\/li>\n<li>Zejm\u00e9na u\u017eivatelky vyu\u017e\u00edvaj\u00ed dal\u0161\u00ed bezpe\u010dnostn\u00ed n\u00e1stroje k blokov\u00e1n\u00ed nebo hl\u00e1\u0161en\u00ed obt\u011b\u017eov\u00e1n\u00ed.<\/li>\n<\/ul>\n<h3>U\u017eivatelsk\u00e9 ovl\u00e1d\u00e1n\u00ed<\/h3>\n<ul>\n<li>P\u0159esko\u010den\u00ed nebo okam\u017eit\u00e9 ukon\u010den\u00ed chatu<\/li>\n<li>Sd\u00edlejte tolik nebo tak m\u00e1lo osobn\u00edch \u00fadaj\u016f, kolik chcete.<\/li>\n<li>neust\u00e1l\u00e1 kontrola opr\u00e1vn\u011bn\u00ed kamery a mikrofonu<\/li>\n<\/ul>\n<p>Slu\u017eba LuckyCrush je ur\u010dena pouze pro dosp\u011bl\u00e9 (18+) a u\u017eivatel\u016fm se doporu\u010duje, aby nikdy nesd\u00edleli citliv\u00e9 informace nebo nep\u0159ech\u00e1zeli na jin\u00e9 platformy, dokud se nebudou c\u00edtit pohodln\u011b.<\/p>\n<h2>Zku\u0161enosti u\u017eivatel\u016f a design<\/h2>\n<p>LuckyCrush je jedn\u00edm z nejl\u00e9pe vybrou\u0161en\u00fdch a u\u017eivatelsky p\u0159\u00edv\u011btiv\u00fdch m\u00edst pro n\u00e1hodn\u00fd videochat:<\/p>\n<ul>\n<li>Domovsk\u00e1 str\u00e1nka obsahuje p\u0159ehledn\u00e9 tla\u010d\u00edtko Start a v\u00fdb\u011br pohlav\u00ed.<\/li>\n<li>Okna videochatu jsou velk\u00e1 a responzivn\u00ed, funguj\u00ed v po\u010d\u00edta\u010dov\u00fdch i mobiln\u00edch prohl\u00ed\u017ee\u010d\u00edch.<\/li>\n<li>Ovl\u00e1d\u00e1n\u00ed p\u0159eskakov\u00e1n\u00ed, ztlumen\u00ed, hl\u00e1\u0161en\u00ed a ukon\u010dov\u00e1n\u00ed chat\u016f je intuitivn\u00ed a snadno se hled\u00e1.<\/li>\n<li>Minim\u00e1ln\u00ed doba na\u010d\u00edt\u00e1n\u00ed a t\u00e9m\u011b\u0159 okam\u017eit\u00e9 porovn\u00e1v\u00e1n\u00ed mezi u\u017eivateli<\/li>\n<li>Jednoduch\u00e9, p\u0159ehledn\u00e9 rozvr\u017een\u00ed s p\u0159ehledn\u00fdmi informacemi o cen\u00e1ch a zdroji n\u00e1pov\u011bdy<\/li>\n<\/ul>\n<p>Str\u00e1nky jsou optimalizovan\u00e9 pro rychlost a ochranu soukrom\u00ed, bez otravn\u00fdch reklam a vyskakovac\u00edch oken, kter\u00e9 by v\u00e1s zdr\u017eovaly.<\/p>\n<h2>LuckyCrush vs Ostatn\u00ed str\u00e1nky videochatu<\/h2>\n<p>Jak se LuckyCrush porovnat s ostatn\u00edmi top cam chat a n\u00e1hodn\u00e9 video chodit s n\u011bk\u00fdm weby?<\/p>\n<table>\n<thead>\n<tr>\n<th>Funkce<\/th>\n<th>LuckyCrush<\/th>\n<th><a href=\"https:\/\/strangercam.com\/cs\/omegle\/\">Omegle<\/a> (uzav\u0159eno)<\/th>\n<th>Chatrandom<\/th>\n<th><a href=\"https:\/\/strangercam.com\/cs\/coomeet\/\">CooMeet<\/a><\/th>\n<th>Chatspin<\/th>\n<\/tr>\n<\/thead>\n<tbody>\n<tr>\n<td>Shoda pohlav\u00ed<\/td>\n<td>Ano<\/td>\n<td>Ne<\/td>\n<td>Ne<\/td>\n<td>Ano<\/td>\n<td>Ano<\/td>\n<\/tr>\n<tr>\n<td>Pot\u0159ebn\u00e1 registrace<\/td>\n<td>Ne<\/td>\n<td>Ne<\/td>\n<td>Voliteln\u011b<\/td>\n<td>Ano<\/td>\n<td>Voliteln\u011b<\/td>\n<\/tr>\n<tr>\n<td>Bezplatn\u00e9 pou\u017eit\u00ed<\/td>\n<td>Pouze zku\u0161ebn\u00ed verze<\/td>\n<td>Ano<\/td>\n<td>Ano\/plat\u00ed se<\/td>\n<td>Pouze zku\u0161ebn\u00ed verze<\/td>\n<td>Ano\/plat\u00ed se<\/td>\n<\/tr>\n<tr>\n<td>Videochat jeden na jednoho<\/td>\n<td>Ano<\/td>\n<td>Ano<\/td>\n<td>Ano<\/td>\n<td>Ano<\/td>\n<td>Ano<\/td>\n<\/tr>\n<tr>\n<td>Mezin\u00e1rodn\u00ed pokryt\u00ed<\/td>\n<td>Ano<\/td>\n<td>Ano<\/td>\n<td>Ano<\/td>\n<td>Ano<\/td>\n<td>Ano<\/td>\n<\/tr>\n<tr>\n<td>Placen\u00e9 aktualizace<\/td>\n<td>Ano<\/td>\n<td>Ne<\/td>\n<td>Ano<\/td>\n<td>Ano<\/td>\n<td>Ano<\/td>\n<\/tr>\n<tr>\n<td>N\u00e1stroje pro moderov\u00e1n\u00ed<\/td>\n<td>Siln\u00fd<\/td>\n<td>Z\u00e1kladn\u00ed<\/td>\n<td>M\u00edrn\u00e1<\/td>\n<td>Siln\u00fd<\/td>\n<td>M\u00edrn\u00e1<\/td>\n<\/tr>\n<\/tbody>\n<\/table>\n<p>Shrnut\u00ed: LuckyCrush vynik\u00e1 sv\u00fdm p\u00e1rov\u00e1n\u00edm mu\u017esk\u00fdch a \u017eensk\u00fdch vide\u00ed, strukturou placen\u00ed za minutu a designem na pr\u00e9miov\u00e9 \u00farovni, kter\u00fd nab\u00edz\u00ed jin\u00fd z\u00e1\u017eitek ne\u017e str\u00e1nky, kter\u00e9 jednodu\u0161e spojuj\u00ed kohokoli s k\u00fdmkoli.<\/p>\n<h2>V\u00fdhody a nev\u00fdhody<\/h2>\n<p>Klady:<\/p>\n<ul>\n<li>Shoda mu\u017esk\u00e9ho a \u017eensk\u00e9ho videochatu, skv\u011bl\u00e1 pro flirtov\u00e1n\u00ed<\/li>\n<li>Bezplatn\u00e1 zku\u0161ebn\u00ed verze pro vyzkou\u0161en\u00ed platformy<\/li>\n<li>Glob\u00e1ln\u00ed dosah s r\u016fzn\u00fdmi u\u017eivateli<\/li>\n<li>Nevy\u017eaduje se \u017e\u00e1dn\u00e1 registrace ani osobn\u00ed \u00fadaje<\/li>\n<li>Modern\u00ed, responzivn\u00ed design pro po\u010d\u00edta\u010de i mobiln\u00ed za\u0159\u00edzen\u00ed<\/li>\n<li>Siln\u00e9 bezpe\u010dnostn\u00ed funkce a funkce hl\u00e1\u0161en\u00ed<\/li>\n<\/ul>\n<p>Nev\u00fdhody:<\/p>\n<ul>\n<li>Dal\u0161\u00ed pou\u017e\u00edv\u00e1n\u00ed vy\u017eaduje placen\u00e9 kredity (platba za minutu)<\/li>\n<li>\u017d\u00e1dn\u00e9 p\u00e1rov\u00e1n\u00ed stejn\u00e9ho pohlav\u00ed (v sou\u010dasn\u00e9 dob\u011b pouze mu\u017ei a \u017eeny)<\/li>\n<li>\u017d\u00e1dn\u00e9 profily nebo seznamy p\u0159\u00e1tel pro n\u00e1sledn\u00e9 sledov\u00e1n\u00ed<\/li>\n<li>N\u011bkte\u0159\u00ed u\u017eivatel\u00e9 mohou rychle opou\u0161t\u011bt chaty nebo je \u010dasto p\u0159eskakovat.<\/li>\n<li>Vstup je mo\u017en\u00fd pouze od 18 let<\/li>\n<\/ul>\n<h2>Ide\u00e1ln\u00ed p\u0159\u00edpady pou\u017eit\u00ed<\/h2>\n<p>LuckyCrush je ide\u00e1ln\u00ed pro:<\/p>\n<ul>\n<li>Singles hledaj\u00ed instantn\u00ed video rychlost chodit s n\u011bk\u00fdm nebo flirtov\u00e1n\u00ed<\/li>\n<li>Dosp\u011bl\u00ed, kte\u0159\u00ed se cht\u011bj\u00ed setkat s lidmi z jin\u00fdch kultur v re\u00e1ln\u00e9m \u010dase.<\/li>\n<li>Studenti jazyk\u016f a cestovatel\u00e9 se z\u00e1jmem o glob\u00e1ln\u00ed chat<\/li>\n<li>U\u017eivatel\u00e9, kte\u0159\u00ed si cen\u00ed soukrom\u00ed, spont\u00e1nnosti a \u017eiv\u00e9ho lidsk\u00e9ho kontaktu.<\/li>\n<\/ul>\n<p>Je m\u00e9n\u011b ide\u00e1ln\u00ed pro:<\/p>\n<ul>\n<li>Lid\u00e9 hledaj\u00edc\u00ed zcela zdarma, neomezen\u00fd chat<\/li>\n<li>U\u017eivatel\u00e9, kter\u00fdm vad\u00ed video nebo p\u0159\u00edtomnost p\u0159ed kamerou.<\/li>\n<li>Ti, kte\u0159\u00ed hledaj\u00ed dlouhodob\u00e9 seznamov\u00e1n\u00ed na z\u00e1klad\u011b profilu<\/li>\n<li>U\u017eivatel\u00e9 mlad\u0161\u00ed 18 let (pouze dosp\u011bl\u00ed)<\/li>\n<\/ul>\n<p>LuckyCrush je v\u00fdjime\u010dn\u00fd v oblasti n\u00e1hodn\u00e9ho videochatu a seznamov\u00e1n\u00ed, proto\u017ee nab\u00edz\u00ed jedine\u010dnou kombinaci rychlosti, soukrom\u00ed a skute\u010dn\u00e9ho flirtu. Zam\u011b\u0159uje se na p\u00e1rov\u00e1n\u00ed mu\u017e\u016f a \u017een a p\u0159in\u00e1\u0161\u00ed vybrou\u0161en\u00e9 a bezpe\u010dn\u00e9 u\u017eivatelsk\u00e9 prost\u0159ed\u00ed, a proto usp\u011bje tam, kde mnoh\u00e9 obecn\u00e9 platformy pro chatov\u00e1n\u00ed p\u0159es kamery zaost\u00e1vaj\u00ed.<\/p>\n<p>D\u00edky okam\u017eit\u00e9mu p\u0159\u00edstupu, glob\u00e1ln\u00edmu pokryt\u00ed a spravedliv\u00e9mu zku\u0161ebn\u00edmu syst\u00e9mu stoj\u00ed LuckyCrush za vyzkou\u0161en\u00ed pro ka\u017ed\u00e9ho, kdo m\u00e1 z\u00e1jem o rychl\u00e9, flirtuj\u00edc\u00ed a autentick\u00e9 online spojen\u00ed v roce 2025. Pokud v\u00e1s u\u017e nebav\u00ed nekone\u010dn\u00e9 swipov\u00e1n\u00ed a chcete za\u017e\u00edt skute\u010dnou chemii tv\u00e1\u0159\u00ed v tv\u00e1\u0159, je to jedna z nejlep\u0161\u00edch platforem sou\u010dasnosti.<\/p>","protected":false},"excerpt":{"rendered":"<p>In a world of endless swiping and shallow text chats, platforms like LuckyCrush are shaking up online dating and random video chat by focusing on live, one-on-one connections with strangers of the opposite sex. LuckyCrush isn\u2019t just another cam chat site\u2014it\u2019s a unique, gamified platform designed to pair men with women (and vice versa) from [&hellip;]<\/p>\n","protected":false},"author":6,"featured_media":0,"parent":0,"menu_order":0,"comment_status":"closed","ping_status":"closed","template":"","meta":{"footnotes":""},"class_list":["post-11954","page","type-page","status-publish","hentry"],"yoast_head":"<!-- This site is optimized with the Yoast SEO plugin v26.9 - https:\/\/yoast.com\/product\/yoast-seo-wordpress\/ -->\n<title>LuckyCrush - Live Video Chat with Random People - StrangerCam<\/title>\n<meta name=\"description\" content=\"Like LuckyCrush? Come chat with more than 5.000.000 strangers on Stranger Cam for Free! Turn on your cam and find new friends &amp; maby a match!\" \/>\n<meta name=\"robots\" content=\"index, follow, max-snippet:-1, max-image-preview:large, max-video-preview:-1\" \/>\n<link rel=\"canonical\" href=\"https:\/\/strangercam.com\/cs\/luckycrush\/\" \/>\n<meta property=\"og:locale\" content=\"cs_CZ\" \/>\n<meta property=\"og:type\" content=\"article\" \/>\n<meta property=\"og:title\" content=\"LuckyCrush - Live Video Chat with Random People - StrangerCam\" \/>\n<meta property=\"og:description\" content=\"Like LuckyCrush? Come chat with more than 5.000.000 strangers on Stranger Cam for Free! Turn on your cam and find new friends &amp; maby a match!\" \/>\n<meta property=\"og:url\" content=\"https:\/\/strangercam.com\/cs\/luckycrush\/\" \/>\n<meta property=\"og:site_name\" content=\"Strangercam\" \/>\n<meta property=\"article:publisher\" content=\"https:\/\/www.facebook.com\/strangercam\" \/>\n<meta property=\"article:modified_time\" content=\"2025-07-24T07:26:04+00:00\" \/>\n<meta property=\"og:image\" content=\"https:\/\/strangercam.com\/wp-content\/uploads\/2021\/10\/Untitled-2.png\" \/>\n\t<meta property=\"og:image:width\" content=\"800\" \/>\n\t<meta property=\"og:image:height\" content=\"532\" \/>\n\t<meta property=\"og:image:type\" content=\"image\/png\" \/>\n<meta name=\"twitter:card\" content=\"summary_large_image\" \/>\n<meta name=\"twitter:site\" content=\"@strangercamapp\" \/>\n<meta name=\"twitter:label1\" content=\"Odhadovan\u00e1 doba \u010dten\u00ed\" \/>\n\t<meta name=\"twitter:data1\" content=\"6 minut\" \/>\n<script type=\"application\/ld+json\" class=\"yoast-schema-graph\">{\"@context\":\"https:\/\/schema.org\",\"@graph\":[{\"@type\":\"WebPage\",\"@id\":\"https:\/\/strangercam.com\/luckycrush\/\",\"url\":\"https:\/\/strangercam.com\/luckycrush\/\",\"name\":\"LuckyCrush - Live Video Chat with Random People - StrangerCam\",\"isPartOf\":{\"@id\":\"https:\/\/strangercam.com\/#website\"},\"datePublished\":\"2025-07-24T07:21:22+00:00\",\"dateModified\":\"2025-07-24T07:26:04+00:00\",\"description\":\"Like LuckyCrush? Come chat with more than 5.000.000 strangers on Stranger Cam for Free! Turn on your cam and find new friends & maby a match!\",\"breadcrumb\":{\"@id\":\"https:\/\/strangercam.com\/luckycrush\/#breadcrumb\"},\"inLanguage\":\"cs\",\"potentialAction\":[{\"@type\":\"ReadAction\",\"target\":[\"https:\/\/strangercam.com\/luckycrush\/\"]}]},{\"@type\":\"BreadcrumbList\",\"@id\":\"https:\/\/strangercam.com\/luckycrush\/#breadcrumb\",\"itemListElement\":[{\"@type\":\"ListItem\",\"position\":1,\"name\":\"Home\",\"item\":\"https:\/\/strangercam.com\/\"},{\"@type\":\"ListItem\",\"position\":2,\"name\":\"LuckyCrush\"}]},{\"@type\":\"WebSite\",\"@id\":\"https:\/\/strangercam.com\/#website\",\"url\":\"https:\/\/strangercam.com\/\",\"name\":\"Strangercam\",\"description\":\"Random Video Chat with Strangers\",\"publisher\":{\"@id\":\"https:\/\/strangercam.com\/#organization\"},\"alternateName\":\"Strangercam.com\",\"potentialAction\":[{\"@type\":\"SearchAction\",\"target\":{\"@type\":\"EntryPoint\",\"urlTemplate\":\"https:\/\/strangercam.com\/?s={search_term_string}\"},\"query-input\":{\"@type\":\"PropertyValueSpecification\",\"valueRequired\":true,\"valueName\":\"search_term_string\"}}],\"inLanguage\":\"cs\"},{\"@type\":\"Organization\",\"@id\":\"https:\/\/strangercam.com\/#organization\",\"name\":\"Strangercam\",\"alternateName\":\"Strangercam.com\",\"url\":\"https:\/\/strangercam.com\/\",\"logo\":{\"@type\":\"ImageObject\",\"inLanguage\":\"cs\",\"@id\":\"https:\/\/strangercam.com\/#\/schema\/logo\/image\/\",\"url\":\"https:\/\/strangercam.com\/wp-content\/uploads\/2020\/11\/cropped-new-favicon-black.png\",\"contentUrl\":\"https:\/\/strangercam.com\/wp-content\/uploads\/2020\/11\/cropped-new-favicon-black.png\",\"width\":512,\"height\":512,\"caption\":\"Strangercam\"},\"image\":{\"@id\":\"https:\/\/strangercam.com\/#\/schema\/logo\/image\/\"},\"sameAs\":[\"https:\/\/www.facebook.com\/strangercam\",\"https:\/\/x.com\/strangercamapp\"]}]}<\/script>\n<!-- \/ Yoast SEO plugin. -->","yoast_head_json":{"title":"LuckyCrush - \u017div\u00fd videochat s n\u00e1hodn\u00fdmi lidmi - StrangerCam","description":"Jako LuckyCrush? Poj\u010fte si popov\u00eddat s v\u00edce ne\u017e 5 000 000 cizinci na Stranger Cam zdarma! Zapn\u011bte si kameru a najd\u011bte nov\u00e9 p\u0159\u00e1tele &amp; maby z\u00e1pas!","robots":{"index":"index","follow":"follow","max-snippet":"max-snippet:-1","max-image-preview":"max-image-preview:large","max-video-preview":"max-video-preview:-1"},"canonical":"https:\/\/strangercam.com\/cs\/luckycrush\/","og_locale":"cs_CZ","og_type":"article","og_title":"LuckyCrush - Live Video Chat with Random People - StrangerCam","og_description":"Like LuckyCrush? Come chat with more than 5.000.000 strangers on Stranger Cam for Free! Turn on your cam and find new friends & maby a match!","og_url":"https:\/\/strangercam.com\/cs\/luckycrush\/","og_site_name":"Strangercam","article_publisher":"https:\/\/www.facebook.com\/strangercam","article_modified_time":"2025-07-24T07:26:04+00:00","og_image":[{"width":800,"height":532,"url":"https:\/\/strangercam.com\/wp-content\/uploads\/2021\/10\/Untitled-2.png","type":"image\/png"}],"twitter_card":"summary_large_image","twitter_site":"@strangercamapp","twitter_misc":{"Odhadovan\u00e1 doba \u010dten\u00ed":"6 minut"},"schema":{"@context":"https:\/\/schema.org","@graph":[{"@type":"WebPage","@id":"https:\/\/strangercam.com\/luckycrush\/","url":"https:\/\/strangercam.com\/luckycrush\/","name":"LuckyCrush - \u017div\u00fd videochat s n\u00e1hodn\u00fdmi lidmi - StrangerCam","isPartOf":{"@id":"https:\/\/strangercam.com\/#website"},"datePublished":"2025-07-24T07:21:22+00:00","dateModified":"2025-07-24T07:26:04+00:00","description":"Jako LuckyCrush? Poj\u010fte si popov\u00eddat s v\u00edce ne\u017e 5 000 000 cizinci na Stranger Cam zdarma! Zapn\u011bte si kameru a najd\u011bte nov\u00e9 p\u0159\u00e1tele &amp; maby z\u00e1pas!","breadcrumb":{"@id":"https:\/\/strangercam.com\/luckycrush\/#breadcrumb"},"inLanguage":"cs","potentialAction":[{"@type":"ReadAction","target":["https:\/\/strangercam.com\/luckycrush\/"]}]},{"@type":"BreadcrumbList","@id":"https:\/\/strangercam.com\/luckycrush\/#breadcrumb","itemListElement":[{"@type":"ListItem","position":1,"name":"Home","item":"https:\/\/strangercam.com\/"},{"@type":"ListItem","position":2,"name":"LuckyCrush"}]},{"@type":"WebSite","@id":"https:\/\/strangercam.com\/#website","url":"https:\/\/strangercam.com\/","name":"Strangercam","description":"N\u00e1hodn\u00fd videochat s ciz\u00edmi lidmi","publisher":{"@id":"https:\/\/strangercam.com\/#organization"},"alternateName":"Strangercam.com","potentialAction":[{"@type":"SearchAction","target":{"@type":"EntryPoint","urlTemplate":"https:\/\/strangercam.com\/?s={search_term_string}"},"query-input":{"@type":"PropertyValueSpecification","valueRequired":true,"valueName":"search_term_string"}}],"inLanguage":"cs"},{"@type":"Organization","@id":"https:\/\/strangercam.com\/#organization","name":"Strangercam","alternateName":"Strangercam.com","url":"https:\/\/strangercam.com\/","logo":{"@type":"ImageObject","inLanguage":"cs","@id":"https:\/\/strangercam.com\/#\/schema\/logo\/image\/","url":"https:\/\/strangercam.com\/wp-content\/uploads\/2020\/11\/cropped-new-favicon-black.png","contentUrl":"https:\/\/strangercam.com\/wp-content\/uploads\/2020\/11\/cropped-new-favicon-black.png","width":512,"height":512,"caption":"Strangercam"},"image":{"@id":"https:\/\/strangercam.com\/#\/schema\/logo\/image\/"},"sameAs":["https:\/\/www.facebook.com\/strangercam","https:\/\/x.com\/strangercamapp"]}]}},"_links":{"self":[{"href":"https:\/\/strangercam.com\/cs\/wp-json\/wp\/v2\/pages\/11954","targetHints":{"allow":["GET"]}}],"collection":[{"href":"https:\/\/strangercam.com\/cs\/wp-json\/wp\/v2\/pages"}],"about":[{"href":"https:\/\/strangercam.com\/cs\/wp-json\/wp\/v2\/types\/page"}],"author":[{"embeddable":true,"href":"https:\/\/strangercam.com\/cs\/wp-json\/wp\/v2\/users\/6"}],"replies":[{"embeddable":true,"href":"https:\/\/strangercam.com\/cs\/wp-json\/wp\/v2\/comments?post=11954"}],"version-history":[{"count":1,"href":"https:\/\/strangercam.com\/cs\/wp-json\/wp\/v2\/pages\/11954\/revisions"}],"predecessor-version":[{"id":12919,"href":"https:\/\/strangercam.com\/cs\/wp-json\/wp\/v2\/pages\/11954\/revisions\/12919"}],"wp:attachment":[{"href":"https:\/\/strangercam.com\/cs\/wp-json\/wp\/v2\/media?parent=11954"}],"curies":[{"name":"wp","href":"https:\/\/api.w.org\/{rel}","templated":true}]}}