{"id":11922,"date":"2023-10-23T10:00:20","date_gmt":"2023-10-23T08:00:20","guid":{"rendered":"https:\/\/strangercam.com\/?page_id=11922"},"modified":"2023-10-23T12:31:54","modified_gmt":"2023-10-23T10:31:54","slug":"strangermeetup","status":"publish","type":"page","link":"https:\/\/strangercam.com\/cs\/strangermeetup\/","title":{"rendered":"StrangerMeetup"},"content":{"rendered":"<p>StrangerMeetup se v p\u0159epln\u011bn\u00e9 oblasti online setk\u00e1v\u00e1n\u00ed <a href=\"https:\/\/strangercam.com\/cs\/chatroulette\/\">chat<\/a> platformy jako obl\u00edbenou volbu pro ty, kte\u0159\u00ed se cht\u011bj\u00ed zapojit do anonymn\u00edch konverzac\u00ed. Na rozd\u00edl od mnoha platforem soci\u00e1ln\u00edch m\u00e9di\u00ed, kde dominuj\u00ed osobn\u00ed profily, historie a fotografie, nab\u00edz\u00ed StrangerMeetup nov\u00fd pohled. Zde je kladen d\u016fraz na interakci v re\u00e1ln\u00e9m \u010dase bez z\u00e1t\u011b\u017ee spojen\u00e9 s identitou, co\u017e z n\u00ed \u010din\u00ed atraktivn\u00ed <a href=\"https:\/\/strangercam.com\/cs\/mocospace\/\">prostor<\/a> pro ty, kte\u0159\u00ed up\u0159ednost\u0148uj\u00ed soukrom\u00ed nebo si prost\u011b cht\u011bj\u00ed odpo\u010dinout od obvykl\u00e9 online dynamiky.<\/p>\n<p>Podstatou platformy je zprost\u0159edkovat skute\u010dn\u00e1 spojen\u00ed mezi lidmi z r\u016fzn\u00fdch prost\u0159ed\u00ed. Jej\u00ed u\u017eivatelsky p\u0159\u00edv\u011btiv\u00e9 rozhran\u00ed a d\u016fraz na anonymitu znamenaj\u00ed, \u017ee se \u00fa\u010dastn\u00edci mohou pono\u0159it do konverzace bez obav, kter\u00e9 jsou \u010dasto spojeny s digit\u00e1ln\u00edmi interakcemi. P\u0159ita\u017elivost je jasn\u00e1: p\u0159\u00edle\u017eitost roz\u0161\u00ed\u0159it si obzory, u\u010dit se od ostatn\u00edch nebo si jen tak nez\u00e1vazn\u011b popov\u00eddat, a to v\u0161e v p\u0159\u00edjemn\u00e9m h\u00e1vu anonymity.<\/p>\n<p>Stejn\u011b jako v\u0161echny ostatn\u00ed platformy v\u0161ak ani StrangerMeetup nen\u00ed bez zvl\u00e1\u0161tnost\u00ed a funkc\u00ed. Pro ty, kte\u0159\u00ed s touto platformou za\u010d\u00ednaj\u00ed nebo ji cht\u011bj\u00ed vyzkou\u0161et, je z\u00e1sadn\u00ed pochopit jej\u00ed nuance, v\u00fdhody a potenci\u00e1ln\u00ed nev\u00fdhody. Digit\u00e1ln\u00ed v\u011bk p\u0159inesl nespo\u010det zp\u016fsob\u016f komunikace a platforma StrangerMeetup se svou kombinac\u00ed jednoduchosti a anonymity rozhodn\u011b prosazuje.<\/p>\n<h2>Co je StrangerMeetup?<\/h2>\n<p>StrangerMeetup je online chatovac\u00ed platforma, kter\u00e1 poskytuje u\u017eivatel\u016fm prostor pro anonymn\u00ed konverzace s jednotlivci z r\u016fzn\u00fdch \u010d\u00e1st\u00ed sv\u011bta. Na rozd\u00edl od b\u011b\u017en\u00fdch platforem soci\u00e1ln\u00edch m\u00e9di\u00ed, kde jsou \u010dasto v pop\u0159ed\u00ed osobn\u00ed \u00fadaje, fotografie a historie, se StrangerMeetup soust\u0159ed\u00ed na interakce v re\u00e1ln\u00e9m \u010dase bez ozna\u010den\u00ed osobn\u00ed identity. Tento d\u016fraz na anonymitu z n\u00ed \u010din\u00ed jedine\u010dn\u00e9 digit\u00e1ln\u00ed prost\u0159ed\u00ed, kter\u00e9 u\u017eivatel\u016fm umo\u017e\u0148uje komunikovat bez konven\u010dn\u00edch bari\u00e9r a obav spojen\u00fdch s jejich osobnostmi v re\u00e1ln\u00e9m sv\u011bt\u011b.<\/p>\n<p>Design platformy podporuje spont\u00e1nn\u00ed a skute\u010dn\u00e1 spojen\u00ed. D\u00edky u\u017eivatelsky p\u0159\u00edv\u011btiv\u00e9mu rozhran\u00ed mohou \u00fa\u010dastn\u00edci snadno zah\u00e1jit a udr\u017eovat konverzaci bez ohledu na sv\u00e9 technick\u00e9 schopnosti. D\u00edky tomu z\u016fst\u00e1v\u00e1 d\u016fraz kladen na v\u00fdm\u011bnu n\u00e1pad\u016f, p\u0159\u00edb\u011bh\u016f nebo neform\u00e1ln\u00ed konverzaci, co\u017e umo\u017e\u0148uje vytvo\u0159it bohatou mozaiku interakc\u00ed, kter\u00e9 mohou b\u00fdt pou\u010dn\u00e9 i z\u00e1bavn\u00e9.<\/p>\n<p>Slu\u017eba StrangerMeetup v podstat\u011b slou\u017e\u00ed jako modern\u00ed digit\u00e1ln\u00ed rendez-vous, kde se vzru\u0161en\u00ed ze setk\u00e1n\u00ed s n\u011bk\u00fdm nov\u00fdm spojuje s bezpe\u010dnost\u00ed a soukrom\u00edm online prost\u0159ed\u00ed. A\u0165 u\u017e u\u017eivatel\u00e9 hledaj\u00ed nov\u00e1 p\u0159\u00e1telstv\u00ed, nez\u00e1vazn\u00e9 chaty nebo mo\u017enost nahl\u00e9dnout do r\u016fzn\u00fdch perspektiv, houfn\u011b nav\u0161t\u011bvuj\u00ed StrangerMeetup kv\u016fli jedine\u010dn\u00e9 kombinaci anonymity a skute\u010dn\u00e9ho lidsk\u00e9ho kontaktu.<\/p>\n<h2>Funkce slu\u017eby StrangerMeetup<\/h2>\n<p>StrangerMeetup, se sv\u00fdm v\u00fdrazn\u00fdm postaven\u00edm v oblasti online chatovac\u00edch platforem, nab\u00edz\u00ed celou \u0159adu funkc\u00ed, kter\u00e9 ji odli\u0161uj\u00ed od jej\u00edch konkurent\u016f. Tyto funkce byly promy\u0161len\u011b navr\u017eeny tak, aby zvy\u0161ovaly u\u017eivatelsk\u00fd komfort a z\u00e1rove\u0148 up\u0159ednost\u0148ovaly anonymitu a snadn\u00e9 pou\u017e\u00edv\u00e1n\u00ed.<\/p>\n<ol>\n<li><strong>Anonymita u\u017eivatele:<\/strong> Z\u00e1kladem slu\u017eby StrangerMeetup je z\u00e1vazek anonymity u\u017eivatel\u016f. Na rozd\u00edl od mnoha jin\u00fdch platforem nevy\u017eaduje, aby u\u017eivatel\u00e9 poskytovali osobn\u00ed \u00fadaje nebo fotografie. D\u00edky tomu z\u016fst\u00e1vaj\u00ed konverzace soukrom\u00e9 a identita chr\u00e1n\u011bn\u00e1.<\/li>\n<li><strong>Chat v re\u00e1ln\u00e9m \u010dase:<\/strong> Platforma se m\u016f\u017ee pochlubit bezprobl\u00e9mov\u00fdm syst\u00e9mem chatu v re\u00e1ln\u00e9m \u010dase. U\u017eivatel\u00e9 se mohou do konverzac\u00ed pono\u0159it bez prodlev, co\u017e zaji\u0161\u0165uje plynul\u00fd a okam\u017eit\u00fd pr\u016fb\u011bh diskuz\u00ed.<\/li>\n<li><strong>Glob\u00e1ln\u00ed u\u017eivatelsk\u00e1 z\u00e1kladna:<\/strong> StrangerMeetup nab\u00edz\u00ed mo\u017enost nav\u00e1zat kontakt s lidmi z cel\u00e9ho sv\u011bta. Tento mezin\u00e1rodn\u00ed dosah umo\u017e\u0148uje u\u017eivatel\u016fm z\u00edskat p\u0159ehled o r\u016fzn\u00fdch kultur\u00e1ch, tradic\u00edch a perspektiv\u00e1ch.<\/li>\n<li><strong>U\u017eivatelsky p\u0159\u00edv\u011btiv\u00e9 rozhran\u00ed:<\/strong> Design platformy StrangerMeetup je intuitivn\u00ed a umo\u017e\u0148uje snadnou navigaci a pou\u017e\u00edv\u00e1n\u00ed i t\u011bm, kte\u0159\u00ed nejsou technicky zdatn\u00ed.<\/li>\n<li><strong>Bezpe\u010dnostn\u00ed opat\u0159en\u00ed:<\/strong> Platforma m\u00e1 implementov\u00e1no n\u011bkolik bezpe\u010dnostn\u00edch prvk\u016f. U\u017eivatel\u00e9 mohou nahl\u00e1sit nebo zablokovat jin\u00e9 osoby, kter\u00e9 se chovaj\u00ed nevhodn\u011b, \u010d\u00edm\u017e je zaji\u0161t\u011bno, \u017ee prost\u0159ed\u00ed chatu z\u016fstane respektovan\u00e9 a bezpe\u010dn\u00e9.<\/li>\n<li><strong>Soukrom\u00e9 chatovac\u00ed m\u00edstnosti:<\/strong> Krom\u011b n\u00e1hodn\u00fdch chatovac\u00edch p\u00e1r\u016f nab\u00edz\u00ed StrangerMeetup tak\u00e9 soukrom\u00e9 chatovac\u00ed m\u00edstnosti. Tato funkce umo\u017e\u0148uje u\u017eivatel\u016fm v\u00e9st soust\u0159ed\u011bn\u011bj\u0161\u00ed diskuse bez vyru\u0161ov\u00e1n\u00ed.<\/li>\n<li><strong>Kompatibilita s mobiln\u00edmi za\u0159\u00edzen\u00edmi:<\/strong> Proto\u017ee si uv\u011bdomujeme d\u016fle\u017eitost dostupnosti na cest\u00e1ch, je StrangerMeetup kompatibiln\u00ed s mobiln\u00edmi za\u0159\u00edzen\u00edmi, tak\u017ee u\u017eivatel\u00e9 mohou chatovat odkudkoli a kdykoli.<\/li>\n<\/ol>\n<table>\n<thead>\n<tr>\n<th>Funkce<\/th>\n<th>Popis<\/th>\n<\/tr>\n<\/thead>\n<tbody>\n<tr>\n<td>Anonymita u\u017eivatele<\/td>\n<td>Nen\u00ed t\u0159eba zad\u00e1vat osobn\u00ed \u00fadaje ani fotografie; zaji\u0161\u0165uje soukrom\u00e9 konverzace a chr\u00e1n\u011bnou identitu.<\/td>\n<\/tr>\n<tr>\n<td>Chat v re\u00e1ln\u00e9m \u010dase<\/td>\n<td>Bezprobl\u00e9mov\u00fd a okam\u017eit\u00fd syst\u00e9m chatu pro hladk\u00e9 diskuse.<\/td>\n<\/tr>\n<tr>\n<td>Glob\u00e1ln\u00ed u\u017eivatelsk\u00e1 z\u00e1kladna<\/td>\n<td>navazujte kontakty s lidmi z r\u016fzn\u00fdch prost\u0159ed\u00ed a kultur.<\/td>\n<\/tr>\n<tr>\n<td>U\u017eivatelsky p\u0159\u00edv\u011btiv\u00e9 rozhran\u00ed<\/td>\n<td>Intuitivn\u00ed design pro snadnou navigaci a pou\u017e\u00edv\u00e1n\u00ed.<\/td>\n<\/tr>\n<tr>\n<td>Bezpe\u010dnostn\u00ed opat\u0159en\u00ed<\/td>\n<td>mo\u017enost nahl\u00e1sit nebo zablokovat nevhodn\u00e9 chov\u00e1n\u00ed a zajistit tak bezpe\u010dn\u00e9 prost\u0159ed\u00ed chatu.<\/td>\n<\/tr>\n<tr>\n<td>Soukrom\u00e9 chatovac\u00ed m\u00edstnosti<\/td>\n<td>Zapojte se do c\u00edlen\u00fdch diskus\u00ed v soukrom\u00e9m chatu.<\/td>\n<\/tr>\n<tr>\n<td>Kompatibilita s mobiln\u00edmi za\u0159\u00edzen\u00edmi<\/td>\n<td>Chat na cest\u00e1ch s kompatibilitou na r\u016fzn\u00fdch mobiln\u00edch za\u0159\u00edzen\u00edch.<\/td>\n<\/tr>\n<\/tbody>\n<\/table>\n<h2>Tipy pro bezpe\u010dn\u00e9 pou\u017e\u00edv\u00e1n\u00ed slu\u017eby StrangerMeetup<\/h2>\n<p>Orientace v digit\u00e1ln\u00ed krajin\u011b online chatovac\u00edch platforem, jako je StrangerMeetup, vy\u017eaduje zv\u011bdavost i opatrnost. A\u010dkoli platforma up\u0159ednost\u0148uje anonymitu a nab\u00edz\u00ed funkce pro zv\u00fd\u0161en\u00ed bezpe\u010dnosti u\u017eivatel\u016f, jednotlivci mus\u00ed tak\u00e9 p\u0159ijmout osobn\u00ed opat\u0159en\u00ed k zaji\u0161t\u011bn\u00ed vlastn\u00ed bezpe\u010dnosti a pohody. Zde je n\u011bkolik rad, kter\u00e9 je t\u0159eba m\u00edt p\u0159i bezpe\u010dn\u00e9m pou\u017e\u00edv\u00e1n\u00ed StrangerMeetup na pam\u011bti:<\/p>\n<ol>\n<li><strong>St\u0159e\u017een\u00ed osobn\u00edch \u00fadaj\u016f:<\/strong> L\u00e1kadlo anonymity m\u016f\u017ee n\u011bkdy v\u00e9st ke sn\u00ed\u017een\u00ed ostrahy. Je nutn\u00e9 z\u016fstat obez\u0159etn\u00fd a nesd\u011blovat osobn\u00ed \u00fadaje, jako jsou skute\u010dn\u00e1 jm\u00e9na, adresy, telefonn\u00ed \u010d\u00edsla nebo finan\u010dn\u00ed informace.<\/li>\n<li><strong>Pou\u017eijte jedine\u010dn\u00e9 u\u017eivatelsk\u00e9 jm\u00e9no:<\/strong> Zvolte si u\u017eivatelsk\u00e9 jm\u00e9no, kter\u00e9 jste dosud nepou\u017e\u00edvali na jin\u00fdch platform\u00e1ch. D\u00edky tomu bude pro n\u011bkoho obt\u00ed\u017en\u011bj\u0161\u00ed vystopovat va\u0161e online aktivity nebo propojit va\u0161i identitu na StrangerMeetup s jin\u00fdmi online profily.<\/li>\n<li><strong>D\u016fv\u011b\u0159ujte sv\u00fdm instinkt\u016fm:<\/strong> Pokud v\u00e1m konverzace p\u0159ipad\u00e1 nep\u0159\u00edjemn\u00e1 nebo pokud se v\u00e1m n\u011b\u010d\u00ed chov\u00e1n\u00ed zd\u00e1 podez\u0159el\u00e9, d\u016fv\u011b\u0159ujte sv\u00fdm instinkt\u016fm. V\u017edy je v po\u0159\u00e1dku chat ukon\u010dit nebo u\u017eivatele zablokovat, pokud se nec\u00edt\u00edte dob\u0159e.<\/li>\n<li><strong>Pou\u017eijte funkci hl\u00e1\u0161en\u00ed:<\/strong> Pokud se setk\u00e1te s nevhodn\u00fdm chov\u00e1n\u00edm, pou\u017eijte funkci nahl\u00e1\u0161en\u00ed platformy. Pom\u016f\u017ee to nejen v\u00e1m, ale tak\u00e9 komunit\u011b t\u00edm, \u017ee upozorn\u00ed na potenci\u00e1ln\u00ed probl\u00e9my.<\/li>\n<li><strong>Vyvarujte se klik\u00e1n\u00ed na nezn\u00e1m\u00e9 odkazy:<\/strong> V chatovac\u00edch m\u00edstnostech mohou b\u00fdt n\u011bkdy sd\u00edleny \u0161kodliv\u00e9 odkazy. Je rozumn\u00e9 neklikat na odkazy od ciz\u00edch lid\u00ed, proto\u017ee mohou v\u00e9st na \u0161kodliv\u00e9 str\u00e1nky nebo st\u00e1hnout do va\u0161eho za\u0159\u00edzen\u00ed malware.<\/li>\n<li><strong>Sch\u016fzky v re\u00e1ln\u00e9m \u017eivot\u011b:<\/strong> Pokud se z jak\u00e9hokoli d\u016fvodu rozhodnete <a href=\"https:\/\/strangercam.com\/cs\/coomeet\/\">Seznamte se s<\/a> n\u011bkoho ze StrangerMeetup v re\u00e1ln\u00e9m \u017eivot\u011b, v\u017edy si vyberte ve\u0159ejn\u00e9 m\u00edsto, informujte o sch\u016fzce n\u011bkoho, komu d\u016fv\u011b\u0159ujete, a nejprve zajist\u011bte svou vlastn\u00ed bezpe\u010dnost.<\/li>\n<li><strong>Vzd\u011bl\u00e1vejte se:<\/strong> Seznamte se s pokyny a bezpe\u010dnostn\u00edmi opat\u0159en\u00edmi slu\u017eby StrangerMeetup. \u010c\u00edm v\u00edce budete v\u011bd\u011bt o z\u00e1sad\u00e1ch platformy, t\u00edm l\u00e9pe budete vybaveni pro jej\u00ed bezpe\u010dnou navigaci.<\/li>\n<li><strong>Z\u016fsta\u0148te aktualizov\u00e1ni:<\/strong> Pokud pou\u017e\u00edv\u00e1te mobiln\u00ed nebo desktopovou verzi aplikace StrangerMeetup, ujist\u011bte se, \u017ee je v\u017edy aktualizov\u00e1na na nejnov\u011bj\u0161\u00ed verzi. Aktualizace \u010dasto obsahuj\u00ed bezpe\u010dnostn\u00ed vylep\u0161en\u00ed.<\/li>\n<\/ol>\n<p>StrangerMeetup v podstat\u011b poskytuje jedine\u010dn\u00fd prostor pro anonymn\u00ed konverzace, ale je nezbytn\u00e9, aby u\u017eivatel\u00e9 kombinovali bezpe\u010dnostn\u00ed funkce platformy s osobn\u00ed ostra\u017eitost\u00ed. Vyv\u00e1\u017een\u00ed vzru\u0161en\u00ed ze setk\u00e1v\u00e1n\u00ed s nov\u00fdmi lidmi s v\u011bdom\u00edm digit\u00e1ln\u00ed bezpe\u010dnosti zajist\u00ed pozitivn\u00ed a bezpe\u010dnou zku\u0161enost.<\/p>\n<h2>Z\u00e1v\u011br<\/h2>\n<p>StrangerMeetup je pozoruhodn\u00fdm d\u016fkazem v\u00fdvoje lidsk\u00e9 interakce v digit\u00e1ln\u00edm v\u011bku. Nab\u00edz\u00ed <a href=\"https:\/\/strangercam.com\/cs\/chat-avenue\/\">avenue<\/a> pro anonymn\u00ed chatov\u00e1n\u00ed v re\u00e1ln\u00e9m \u010dase, p\u0159eklenuje propast mezi kulturami, ideologiemi a osobn\u00edmi zku\u0161enostmi z cel\u00e9ho sv\u011bta. Stejn\u011b jako u v\u0161ech digit\u00e1ln\u00edch platforem se v\u0161ak prol\u00edn\u00e1 s dvoj\u00ed v\u00fdzvou, a to zajistit bezpe\u010dnost a z\u00e1rove\u0148 zachovat podstatu <a href=\"https:\/\/strangercam.com\/cs\/chat4free\/\">zdarma<\/a> komunikace. Spojen\u00edm vrozen\u00fdch bezpe\u010dnostn\u00edch funkc\u00ed platformy s osobn\u00edmi preventivn\u00edmi opat\u0159en\u00edmi mohou u\u017eivatel\u00e9 vstoupit do sv\u011bta rozmanit\u00fdch interakc\u00ed a podpo\u0159it tak spojen\u00ed a porozum\u011bn\u00ed v jinak rozt\u0159\u00ed\u0161t\u011bn\u00e9m digit\u00e1ln\u00edm sv\u011bt\u011b. Souhrnn\u011b \u0159e\u010deno, slu\u017eba StrangerMeetup slou\u017e\u00ed nejen jako odraz propojenosti na\u0161eho globalizovan\u00e9ho sv\u011bta, ale tak\u00e9 zd\u016fraz\u0148uje neust\u00e1lou pot\u0159ebu ostra\u017eitosti v rozs\u00e1hl\u00e9 oblasti online interakc\u00ed.<\/p>","protected":false},"excerpt":{"rendered":"<p>StrangerMeetup has positioned itself in the crowded realm of online chat platforms as a popular choice for those looking to engage in anonymous conversations. Unlike many social media platforms where personal profiles, histories, and pictures dominate, StrangerMeetup offers a fresh perspective. Here, the emphasis is on real-time interaction without the baggage of identity, making it [&hellip;]<\/p>\n","protected":false},"author":6,"featured_media":559,"parent":0,"menu_order":0,"comment_status":"closed","ping_status":"closed","template":"","meta":{"footnotes":""},"class_list":["post-11922","page","type-page","status-publish","has-post-thumbnail","hentry"],"yoast_head":"<!-- This site is optimized with the Yoast SEO plugin v26.9 - https:\/\/yoast.com\/product\/yoast-seo-wordpress\/ -->\n<title>StrangerMeetup - Chat with strangers on StrangerCam.com<\/title>\n<meta name=\"description\" content=\"Like StrangerMeetup? Come chat with more than 5.000.000 strangers on Stranger Cam for Free! Turn on your cam and find new friends &amp; maby a match!\" \/>\n<meta name=\"robots\" content=\"index, follow, max-snippet:-1, max-image-preview:large, max-video-preview:-1\" \/>\n<link rel=\"canonical\" href=\"https:\/\/strangercam.com\/cs\/strangermeetup\/\" \/>\n<meta property=\"og:locale\" content=\"cs_CZ\" \/>\n<meta property=\"og:type\" content=\"article\" \/>\n<meta property=\"og:title\" content=\"StrangerMeetup - Chat with strangers on StrangerCam.com\" \/>\n<meta property=\"og:description\" content=\"Like StrangerMeetup? Come chat with more than 5.000.000 strangers on Stranger Cam for Free! Turn on your cam and find new friends &amp; maby a match!\" \/>\n<meta property=\"og:url\" content=\"https:\/\/strangercam.com\/cs\/strangermeetup\/\" \/>\n<meta property=\"og:site_name\" content=\"Strangercam\" \/>\n<meta property=\"article:publisher\" content=\"https:\/\/www.facebook.com\/strangercam\" \/>\n<meta property=\"article:modified_time\" content=\"2023-10-23T10:31:54+00:00\" \/>\n<meta property=\"og:image\" content=\"https:\/\/strangercam.com\/wp-content\/uploads\/2020\/11\/stranger-cam-1.png\" \/>\n\t<meta property=\"og:image:width\" content=\"800\" \/>\n\t<meta property=\"og:image:height\" content=\"800\" \/>\n\t<meta property=\"og:image:type\" content=\"image\/png\" \/>\n<meta name=\"twitter:card\" content=\"summary_large_image\" \/>\n<meta name=\"twitter:site\" content=\"@strangercamapp\" \/>\n<meta name=\"twitter:label1\" content=\"Odhadovan\u00e1 doba \u010dten\u00ed\" \/>\n\t<meta name=\"twitter:data1\" content=\"6 minut\" \/>\n<script type=\"application\/ld+json\" class=\"yoast-schema-graph\">{\"@context\":\"https:\/\/schema.org\",\"@graph\":[{\"@type\":\"WebPage\",\"@id\":\"https:\/\/strangercam.com\/strangermeetup\/\",\"url\":\"https:\/\/strangercam.com\/strangermeetup\/\",\"name\":\"StrangerMeetup - Chat with strangers on StrangerCam.com\",\"isPartOf\":{\"@id\":\"https:\/\/strangercam.com\/#website\"},\"primaryImageOfPage\":{\"@id\":\"https:\/\/strangercam.com\/strangermeetup\/#primaryimage\"},\"image\":{\"@id\":\"https:\/\/strangercam.com\/strangermeetup\/#primaryimage\"},\"thumbnailUrl\":\"https:\/\/strangercam.com\/wp-content\/uploads\/2020\/11\/stranger-cam-1.png\",\"datePublished\":\"2023-10-23T08:00:20+00:00\",\"dateModified\":\"2023-10-23T10:31:54+00:00\",\"description\":\"Like StrangerMeetup? Come chat with more than 5.000.000 strangers on Stranger Cam for Free! Turn on your cam and find new friends & maby a match!\",\"breadcrumb\":{\"@id\":\"https:\/\/strangercam.com\/strangermeetup\/#breadcrumb\"},\"inLanguage\":\"cs\",\"potentialAction\":[{\"@type\":\"ReadAction\",\"target\":[\"https:\/\/strangercam.com\/strangermeetup\/\"]}]},{\"@type\":\"ImageObject\",\"inLanguage\":\"cs\",\"@id\":\"https:\/\/strangercam.com\/strangermeetup\/#primaryimage\",\"url\":\"https:\/\/strangercam.com\/wp-content\/uploads\/2020\/11\/stranger-cam-1.png\",\"contentUrl\":\"https:\/\/strangercam.com\/wp-content\/uploads\/2020\/11\/stranger-cam-1.png\",\"width\":800,\"height\":800,\"caption\":\"stranger cam random video chat\"},{\"@type\":\"BreadcrumbList\",\"@id\":\"https:\/\/strangercam.com\/strangermeetup\/#breadcrumb\",\"itemListElement\":[{\"@type\":\"ListItem\",\"position\":1,\"name\":\"Home\",\"item\":\"https:\/\/strangercam.com\/\"},{\"@type\":\"ListItem\",\"position\":2,\"name\":\"StrangerMeetup\"}]},{\"@type\":\"WebSite\",\"@id\":\"https:\/\/strangercam.com\/#website\",\"url\":\"https:\/\/strangercam.com\/\",\"name\":\"Strangercam\",\"description\":\"Random Video Chat with Strangers\",\"publisher\":{\"@id\":\"https:\/\/strangercam.com\/#organization\"},\"alternateName\":\"Strangercam.com\",\"potentialAction\":[{\"@type\":\"SearchAction\",\"target\":{\"@type\":\"EntryPoint\",\"urlTemplate\":\"https:\/\/strangercam.com\/?s={search_term_string}\"},\"query-input\":{\"@type\":\"PropertyValueSpecification\",\"valueRequired\":true,\"valueName\":\"search_term_string\"}}],\"inLanguage\":\"cs\"},{\"@type\":\"Organization\",\"@id\":\"https:\/\/strangercam.com\/#organization\",\"name\":\"Strangercam\",\"alternateName\":\"Strangercam.com\",\"url\":\"https:\/\/strangercam.com\/\",\"logo\":{\"@type\":\"ImageObject\",\"inLanguage\":\"cs\",\"@id\":\"https:\/\/strangercam.com\/#\/schema\/logo\/image\/\",\"url\":\"https:\/\/strangercam.com\/wp-content\/uploads\/2020\/11\/cropped-new-favicon-black.png\",\"contentUrl\":\"https:\/\/strangercam.com\/wp-content\/uploads\/2020\/11\/cropped-new-favicon-black.png\",\"width\":512,\"height\":512,\"caption\":\"Strangercam\"},\"image\":{\"@id\":\"https:\/\/strangercam.com\/#\/schema\/logo\/image\/\"},\"sameAs\":[\"https:\/\/www.facebook.com\/strangercam\",\"https:\/\/x.com\/strangercamapp\"]}]}<\/script>\n<!-- \/ Yoast SEO plugin. -->","yoast_head_json":{"title":"StrangerMeetup - Chatujte s ciz\u00edmi lidmi na StrangerCam.com","description":"L\u00edb\u00ed se v\u00e1m slu\u017eba StrangerMeetup? Poj\u010fte si zdarma popov\u00eddat s v\u00edce ne\u017e 5 000 000 cizinci na Stranger Cam! Zapn\u011bte kameru a najd\u011bte nov\u00e9 p\u0159\u00e1tele &amp; maby z\u00e1pas!","robots":{"index":"index","follow":"follow","max-snippet":"max-snippet:-1","max-image-preview":"max-image-preview:large","max-video-preview":"max-video-preview:-1"},"canonical":"https:\/\/strangercam.com\/cs\/strangermeetup\/","og_locale":"cs_CZ","og_type":"article","og_title":"StrangerMeetup - Chat with strangers on StrangerCam.com","og_description":"Like StrangerMeetup? Come chat with more than 5.000.000 strangers on Stranger Cam for Free! Turn on your cam and find new friends & maby a match!","og_url":"https:\/\/strangercam.com\/cs\/strangermeetup\/","og_site_name":"Strangercam","article_publisher":"https:\/\/www.facebook.com\/strangercam","article_modified_time":"2023-10-23T10:31:54+00:00","og_image":[{"width":800,"height":800,"url":"https:\/\/strangercam.com\/wp-content\/uploads\/2020\/11\/stranger-cam-1.png","type":"image\/png"}],"twitter_card":"summary_large_image","twitter_site":"@strangercamapp","twitter_misc":{"Odhadovan\u00e1 doba \u010dten\u00ed":"6 minut"},"schema":{"@context":"https:\/\/schema.org","@graph":[{"@type":"WebPage","@id":"https:\/\/strangercam.com\/strangermeetup\/","url":"https:\/\/strangercam.com\/strangermeetup\/","name":"StrangerMeetup - Chatujte s ciz\u00edmi lidmi na StrangerCam.com","isPartOf":{"@id":"https:\/\/strangercam.com\/#website"},"primaryImageOfPage":{"@id":"https:\/\/strangercam.com\/strangermeetup\/#primaryimage"},"image":{"@id":"https:\/\/strangercam.com\/strangermeetup\/#primaryimage"},"thumbnailUrl":"https:\/\/strangercam.com\/wp-content\/uploads\/2020\/11\/stranger-cam-1.png","datePublished":"2023-10-23T08:00:20+00:00","dateModified":"2023-10-23T10:31:54+00:00","description":"L\u00edb\u00ed se v\u00e1m slu\u017eba StrangerMeetup? Poj\u010fte si zdarma popov\u00eddat s v\u00edce ne\u017e 5 000 000 cizinci na Stranger Cam! Zapn\u011bte kameru a najd\u011bte nov\u00e9 p\u0159\u00e1tele &amp; maby z\u00e1pas!","breadcrumb":{"@id":"https:\/\/strangercam.com\/strangermeetup\/#breadcrumb"},"inLanguage":"cs","potentialAction":[{"@type":"ReadAction","target":["https:\/\/strangercam.com\/strangermeetup\/"]}]},{"@type":"ImageObject","inLanguage":"cs","@id":"https:\/\/strangercam.com\/strangermeetup\/#primaryimage","url":"https:\/\/strangercam.com\/wp-content\/uploads\/2020\/11\/stranger-cam-1.png","contentUrl":"https:\/\/strangercam.com\/wp-content\/uploads\/2020\/11\/stranger-cam-1.png","width":800,"height":800,"caption":"stranger cam random video chat"},{"@type":"BreadcrumbList","@id":"https:\/\/strangercam.com\/strangermeetup\/#breadcrumb","itemListElement":[{"@type":"ListItem","position":1,"name":"Home","item":"https:\/\/strangercam.com\/"},{"@type":"ListItem","position":2,"name":"StrangerMeetup"}]},{"@type":"WebSite","@id":"https:\/\/strangercam.com\/#website","url":"https:\/\/strangercam.com\/","name":"Strangercam","description":"N\u00e1hodn\u00fd videochat s ciz\u00edmi lidmi","publisher":{"@id":"https:\/\/strangercam.com\/#organization"},"alternateName":"Strangercam.com","potentialAction":[{"@type":"SearchAction","target":{"@type":"EntryPoint","urlTemplate":"https:\/\/strangercam.com\/?s={search_term_string}"},"query-input":{"@type":"PropertyValueSpecification","valueRequired":true,"valueName":"search_term_string"}}],"inLanguage":"cs"},{"@type":"Organization","@id":"https:\/\/strangercam.com\/#organization","name":"Strangercam","alternateName":"Strangercam.com","url":"https:\/\/strangercam.com\/","logo":{"@type":"ImageObject","inLanguage":"cs","@id":"https:\/\/strangercam.com\/#\/schema\/logo\/image\/","url":"https:\/\/strangercam.com\/wp-content\/uploads\/2020\/11\/cropped-new-favicon-black.png","contentUrl":"https:\/\/strangercam.com\/wp-content\/uploads\/2020\/11\/cropped-new-favicon-black.png","width":512,"height":512,"caption":"Strangercam"},"image":{"@id":"https:\/\/strangercam.com\/#\/schema\/logo\/image\/"},"sameAs":["https:\/\/www.facebook.com\/strangercam","https:\/\/x.com\/strangercamapp"]}]}},"_links":{"self":[{"href":"https:\/\/strangercam.com\/cs\/wp-json\/wp\/v2\/pages\/11922","targetHints":{"allow":["GET"]}}],"collection":[{"href":"https:\/\/strangercam.com\/cs\/wp-json\/wp\/v2\/pages"}],"about":[{"href":"https:\/\/strangercam.com\/cs\/wp-json\/wp\/v2\/types\/page"}],"author":[{"embeddable":true,"href":"https:\/\/strangercam.com\/cs\/wp-json\/wp\/v2\/users\/6"}],"replies":[{"embeddable":true,"href":"https:\/\/strangercam.com\/cs\/wp-json\/wp\/v2\/comments?post=11922"}],"version-history":[{"count":0,"href":"https:\/\/strangercam.com\/cs\/wp-json\/wp\/v2\/pages\/11922\/revisions"}],"wp:featuredmedia":[{"embeddable":true,"href":"https:\/\/strangercam.com\/cs\/wp-json\/wp\/v2\/media\/559"}],"wp:attachment":[{"href":"https:\/\/strangercam.com\/cs\/wp-json\/wp\/v2\/media?parent=11922"}],"curies":[{"name":"wp","href":"https:\/\/api.w.org\/{rel}","templated":true}]}}