{"id":11273,"date":"2022-08-11T20:04:37","date_gmt":"2022-08-11T18:04:37","guid":{"rendered":"https:\/\/strangercam.com\/?page_id=11273"},"modified":"2023-08-21T11:40:07","modified_gmt":"2023-08-21T09:40:07","slug":"321chat","status":"publish","type":"page","link":"https:\/\/strangercam.com\/cs\/321chat\/","title":{"rendered":"321chat"},"content":{"rendered":"<p>V\u0161ichni zn\u00e1me ten pocit trapnosti, kdy\u017e jsme ve spole\u010dnosti a nikoho nezn\u00e1me. I kdy\u017e jsou kolem n\u00e1s dal\u0161\u00ed lid\u00e9, m\u016f\u017eeme m\u00edt pocit, \u017ee jsme v m\u00edstnosti sami. Ale co kdyby existoval zp\u016fsob, jak mluvit s ciz\u00edmi lidmi, kter\u00fd by nezahrnoval \u017e\u00e1dn\u00e9 trapasy ani stres?<\/p>\n<p>P\u0159edstavujeme <a href=\"https:\/\/strangercam.com\/cs\/strangermeetup\/\">321chat<\/a>, a <a href=\"https:\/\/strangercam.com\/cs\/chatroulette\/\">chat<\/a> kter\u00e1 v\u00e1m umo\u017en\u00ed spojit se s lidmi z cel\u00e9ho sv\u011bta. A\u0165 u\u017e hled\u00e1te nov\u00e9ho p\u0159\u00edtele, nebo si jen chcete popov\u00eddat o sv\u00fdch kon\u00ed\u010dc\u00edch, 321chat je pro v\u00e1s ide\u00e1ln\u00edm m\u00edstem.<\/p>\n<h2>Co je 321chat?<\/h2>\n<p>321chat je webov\u00e1 str\u00e1nka, kter\u00e1 poskytuje platformu pro chatov\u00e1n\u00ed s ciz\u00edmi lidmi. Webov\u00e9 str\u00e1nky jsou navr\u017eeny tak, aby usnad\u0148ovaly anonymn\u00ed konverzace mezi dv\u011bma lidmi.<\/p>\n<p>321chat nevy\u017eaduje \u017e\u00e1dnou registraci ani osobn\u00ed \u00fadaje. Sta\u010d\u00ed si jen vybrat u\u017eivatelsk\u00e9 jm\u00e9no a za\u010d\u00edt chatovat.<\/p>\n<p>Konverzace na 321chat jsou zcela anonymn\u00ed. To znamen\u00e1, \u017ee m\u016f\u017eete \u0159\u00edkat, co chcete, ani\u017e byste se museli ob\u00e1vat, \u017ee v\u00e1s n\u011bkdo odsoud\u00ed.<\/p>\n<p>321chat je skv\u011bl\u00fdm m\u00edstem, kde m\u016f\u017eete mluvit o v\u0161em. M\u016f\u017eete mluvit o sv\u00e9m dni, kon\u00ed\u010dc\u00edch, my\u0161lenk\u00e1ch a o \u010demkoli jin\u00e9m, o \u010dem chcete mluvit.<\/p>\n<p>Pokud se c\u00edt\u00edte osam\u011ble nebo si jen chcete s n\u011bk\u00fdm popov\u00eddat, 321chat je pro v\u00e1s ide\u00e1ln\u00edm m\u00edstem. M\u016f\u017eete zde naj\u00edt lidi, kte\u0159\u00ed maj\u00ed stejn\u00e9 z\u00e1jmy jako vy, a nav\u00e1zat nov\u00e9 vztahy.<\/p>\n<h2>Jak 321chat funguje?<\/h2>\n<p>321chat je webov\u00e1 str\u00e1nka, kter\u00e1 v\u00e1m umo\u017e\u0148uje chatovat s cizinci z cel\u00e9ho sv\u011bta.<\/p>\n<p>Chatovat m\u016f\u017eete za\u010d\u00edt zad\u00e1n\u00edm sv\u00e9ho jm\u00e9na a v\u00fdb\u011brem chatovac\u00ed m\u00edstnosti. Jakmile jste v chatovac\u00ed m\u00edstnosti, uvid\u00edte ostatn\u00ed u\u017eivatele v m\u00edstnosti a m\u016f\u017eete s nimi za\u010d\u00edt chatovat.<\/p>\n<p>Konverzace v aplikaci 321chat jsou anonymn\u00ed, co\u017e znamen\u00e1, \u017ee m\u016f\u017eete \u0159\u00edkat, co chcete, ani\u017e byste se museli ob\u00e1vat, \u017ee v\u00e1s n\u011bkdo odsoud\u00ed.<\/p>\n<p>321chat je skv\u011bl\u00fd zp\u016fsob, jak <a href=\"https:\/\/strangercam.com\/cs\/coomeet\/\">Seznamte se s<\/a> nov\u00e9 lidi a nov\u00e9 p\u0159\u00e1tele. Je to tak\u00e9 skv\u011bl\u00fd zp\u016fsob, jak poznat jin\u00e9 kultury a procvi\u010dit si angli\u010dtinu.<\/p>\n<h2>Jak za\u010d\u00edt konverzaci na 321chatu<\/h2>\n<p>Nav\u00e1z\u00e1n\u00ed konverzace na 321chat m\u016f\u017ee b\u00fdt snadn\u00e9, pokud v\u00edte, jak na to. Kl\u00ed\u010dem je b\u00fdt s\u00e1m sebou a neb\u00e1t se kl\u00e1st ot\u00e1zky.<\/p>\n<p>Kdy\u017e s n\u011bk\u00fdm za\u010d\u00edn\u00e1te chatovat, je d\u016fle\u017eit\u00e9 se p\u0159edstavit. D\u00edky tomu se s v\u00e1mi bude druh\u00e1 osoba c\u00edtit l\u00e9pe. Jakmile se p\u0159edstav\u00edte, m\u016f\u017eete se za\u010d\u00edt pt\u00e1t na ot\u00e1zky t\u00fdkaj\u00edc\u00ed se druh\u00e9 osoby.<\/p>\n<p>P\u0159i rozhovoru je tak\u00e9 d\u016fle\u017eit\u00e9 b\u00fdt aktivn\u00edm poslucha\u010dem. To znamen\u00e1, \u017ee byste m\u011bli v\u011bnovat pozornost tomu, co druh\u00e1 osoba \u0159\u00edk\u00e1, a sna\u017eit se zapojit do konverzace. Ne\u010dekejte jen na to, a\u017e na v\u00e1s p\u0159ijde \u0159ada!<\/p>\n<p>Pokud se v\u00e1m neda\u0159\u00ed vymyslet, co \u0159\u00edct, m\u016f\u017eete se druh\u00e9ho zeptat na jeho kon\u00ed\u010dky nebo z\u00e1jmy. Lid\u00e9 r\u00e1di mluv\u00ed o sob\u011b, tak\u017ee je to skv\u011bl\u00fd zp\u016fsob, jak nav\u00e1zat konverzaci.<\/p>\n<p>A nakonec se nezapome\u0148te bavit! Chatov\u00e1n\u00ed s ciz\u00edmi lidmi m\u016f\u017ee b\u00fdt skv\u011bl\u00fdm zp\u016fsobem, jak z\u00edskat nov\u00e9 p\u0159\u00e1tele, tak\u017ee se bavte a nebojte se b\u00fdt sami sebou.<\/p>\n<h2>Co d\u011blat, kdy\u017e se na 321chatu styd\u00edte?<\/h2>\n<p>Pokud se na 321chat styd\u00edte, nezoufejte! Existuje spousta v\u011bc\u00ed, kter\u00e9 m\u016f\u017eete ud\u011blat, abyste si tuto zku\u0161enost zp\u0159\u00edjemnili.<\/p>\n<p>Nejprve se zhluboka nadechn\u011bte a uvoln\u011bte se. Je d\u016fle\u017eit\u00e9 si uv\u011bdomit, \u017ee v\u0161ichni jsou tu jen proto, aby si pov\u00eddali a bavili se. Nen\u00ed t\u0159eba b\u00fdt nerv\u00f3zn\u00ed.<\/p>\n<p>Za druh\u00e9, za\u010dn\u011bte t\u00edm, \u017ee si budete pov\u00eddat s lidmi, kte\u0159\u00ed jsou ve stejn\u00e9 m\u00edstnosti jako vy. Tak se s nimi m\u016f\u017eete trochu sezn\u00e1mit, ne\u017e p\u0159ejdete k soukrom\u00fdm chat\u016fm.<\/p>\n<p>Za t\u0159et\u00ed, sna\u017ete se b\u00fdt sami sebou! Bu\u010fte p\u0159\u00e1tel\u0161t\u00ed a otev\u0159en\u00ed a lid\u00e9 v\u00e1m budou odpov\u00eddat. Nebojte se kl\u00e1st ot\u00e1zky nebo za\u010d\u00ednat konverzaci.<\/p>\n<p>Za \u010dtvrt\u00e9, pokud se n\u011bkdy budete c\u00edtit nep\u0159\u00edjemn\u011b, m\u016f\u017eete chatovac\u00ed m\u00edstnost prost\u011b opustit. Nikdo v\u00e1s nebude nutit, abyste z\u016fstali, pokud v\u00e1s to nebude bavit.<\/p>\n<p>Tak se do toho pus\u0165te a vyzkou\u0161ejte 321chat! Slibujeme, \u017ee se budete dob\u0159e bavit.<\/p>\n<h2>Jak\u00e9 jsou v\u00fdhody komunikace s ciz\u00edmi lidmi na 321chatu?<\/h2>\n<p>V\u0161ichni zn\u00e1me ten nep\u0159\u00edjemn\u00fd pocit, kdy\u017e se ocitneme ve spole\u010densk\u00e9 situaci, kde nikoho nezn\u00e1me. V lidsk\u00e9 p\u0159irozenosti je touha nav\u00e1zat kontakt s ostatn\u00edmi a n\u011bkdy je nejlep\u0161\u00edm zp\u016fsobem, jak toho dos\u00e1hnout, mluvit s ciz\u00edmi lidmi.<\/p>\n<p>Rozhovory s ciz\u00edmi lidmi na 321chat maj\u00ed n\u011bkolik v\u00fdhod. Jednak v\u00e1m to pom\u016f\u017ee procvi\u010dit si soci\u00e1ln\u00ed dovednosti. Pokud jste stydliv\u00ed nebo introvertn\u00ed, m\u016f\u017ee b\u00fdt rozhovor s ciz\u00edmi lidmi skv\u011bl\u00fdm zp\u016fsobem, jak si pos\u00edlit sebev\u011bdom\u00ed.<\/p>\n<p>M\u016f\u017ee v\u00e1m tak\u00e9 pomoci roz\u0161\u00ed\u0159it v\u00e1\u0161 soci\u00e1ln\u00ed okruh. Nikdy nev\u00edte, jestli na 321chat nepotk\u00e1te n\u011bkoho, kdo se stane va\u0161\u00edm dobr\u00fdm p\u0159\u00edtelem nebo dokonce n\u011bk\u00fdm v\u00edc.<\/p>\n<p>Rozhovory s ciz\u00edmi lidmi mohou b\u00fdt tak\u00e9 skv\u011bl\u00fdm zp\u016fsobem, jak se sezn\u00e1mit s nov\u00fdmi kulturami a zku\u0161enostmi. Budete p\u0159ekvapeni, kolik se toho o n\u011bkom m\u016f\u017eete dozv\u011bd\u011bt, kdy\u017e si s n\u00edm budete p\u00e1r minut pov\u00eddat.<\/p>\n<p>A\u017e se p\u0159\u00ed\u0161t\u011b ocitnete na 321chat, nebojte se za\u010d\u00edt konverzaci s n\u011bk\u00fdm nov\u00fdm. Mo\u017en\u00e1 zjist\u00edte, \u017ee je to to nejlep\u0161\u00ed rozhodnut\u00ed, kter\u00e9 jste kdy ud\u011blali!<\/p>\n<h2>V\u00fdhody a nev\u00fdhody 321chatu<\/h2>\n<p>Mezi v\u00fdhody slu\u017eby 321chat pat\u0159\u00ed, \u017ee se jedn\u00e1 o bezplatn\u00fd a bezpe\u010dn\u00fd chat, \u017ee m\u00e1 velkou u\u017eivatelskou z\u00e1kladnu a \u017ee je k dispozici v mnoha jazyc\u00edch. Krom\u011b toho 321chat poskytuje funkce, jako je skupinov\u00fd chat, vol\u00e1n\u00ed VoIP a sd\u00edlen\u00ed soubor\u016f.<\/p>\n<p>Mezi nev\u00fdhody slu\u017eby 321chat v\u0161ak pat\u0159\u00ed to, \u017ee m\u016f\u017ee b\u00fdt obt\u00ed\u017en\u00e9 naj\u00edt na webu p\u0159\u00e1tele a \u017ee m\u016f\u017ee b\u00fdt ob\u010das pomal\u00fd.<\/p>\n<h2>Jak co nejl\u00e9pe vyu\u017e\u00edt 321chat?<\/h2>\n<p>321chat je skv\u011bl\u00fd zp\u016fsob, jak nav\u00e1zat nov\u00e1 p\u0159\u00e1telstv\u00ed a spojit se s lidmi z cel\u00e9ho sv\u011bta. Je to tak\u00e9 skv\u011bl\u00fd zp\u016fsob, jak konverzovat s ciz\u00edmi lidmi, co\u017e m\u016f\u017ee b\u00fdt opravdu z\u00e1bavn\u00e9!<\/p>\n<p>Existuje n\u011bkolik v\u011bc\u00ed, kter\u00e9 m\u016f\u017eete ud\u011blat, abyste 321chat vyu\u017eili co nejl\u00e9pe:<\/p>\n<ol>\n<li>Pomoc\u00ed chatu m\u016f\u017eete v\u00e9st neform\u00e1ln\u00ed konverzaci s ciz\u00edmi lidmi. Je to skv\u011bl\u00fd zp\u016fsob, jak se o nich dozv\u011bd\u011bt v\u00edce a p\u0159\u00edpadn\u011b nav\u00e1zat p\u0159\u00e1telstv\u00ed.<\/li>\n<li>Pomoc\u00ed chatu m\u016f\u017eete vyhledat informace nebo radu. Pokud hled\u00e1te informace o n\u011bjak\u00e9m t\u00e9matu, m\u016f\u017eete je pomoc\u00ed chatu naj\u00edt rychleji a snadn\u011bji ne\u017e pomoc\u00ed vyhled\u00e1v\u00e1n\u00ed na internetu.<\/li>\n<li>Vyu\u017eijte chat jako p\u0159\u00edle\u017eitost k procvi\u010den\u00ed mluven\u00e9 angli\u010dtiny. Nikdy nev\u00edte, kdy budete muset pou\u017e\u00edt angli\u010dtinu p\u0159i pohovoru nebo konverzaci mimo 321chat!<\/li>\n<\/ol>\n<h2>Je jeho pou\u017e\u00edv\u00e1n\u00ed bezpe\u010dn\u00e9?<\/h2>\n<p>Nen\u00ed pochyb o tom, \u017ee mluvit s ciz\u00edmi lidmi na chatu je z\u00e1bavn\u00fd a vzru\u0161uj\u00edc\u00ed z\u00e1\u017eitek. Je v\u0161ak d\u016fle\u017eit\u00e9 m\u00edt na pam\u011bti, \u017ee je st\u00e1le nesm\u00edrn\u011b d\u016fle\u017eit\u00e9 db\u00e1t p\u0159i konverzaci na chatu zv\u00fd\u0161en\u00e9 opatrnosti.<\/p>\n<p>Jedn\u00edm z nejv\u011bt\u0161\u00edch bezpe\u010dnostn\u00edch probl\u00e9m\u016f p\u0159i pou\u017e\u00edv\u00e1n\u00ed chatu je kyber\u0161ikana. Kyber\u0161ikanou se rozum\u00ed jak\u00fdkoli typ online nebo offline obt\u011b\u017eov\u00e1n\u00ed, ke kter\u00e9mu doch\u00e1z\u00ed mezi lidmi, kte\u0159\u00ed se navz\u00e1jem znaj\u00ed. M\u016f\u017ee zahrnovat pos\u00edl\u00e1n\u00ed zra\u0148uj\u00edc\u00edch zpr\u00e1v, zesm\u011b\u0161\u0148ov\u00e1n\u00ed nebo zve\u0159ej\u0148ov\u00e1n\u00ed trapn\u00fdch fotografi\u00ed.<\/p>\n<p>Je d\u016fle\u017eit\u00e9 si uv\u011bdomit, \u017ee jedn\u00e1te s lidmi, kter\u00e9 nezn\u00e1te, na ve\u0159ejn\u00e9m prostranstv\u00ed. <a href=\"https:\/\/strangercam.com\/cs\/mocospace\/\">prostor<\/a>. To znamen\u00e1, \u017ee na v\u00e1s mohou b\u00fdt kdykoli na\u0161tvan\u00ed nebo rozzloben\u00ed. Pokud se c\u00edt\u00edte nep\u0159\u00edjemn\u011b nebo ohro\u017een\u011b, okam\u017eit\u011b s danou osobou p\u0159esta\u0148te komunikovat.<\/p>\n<h2>Preventivn\u00ed opat\u0159en\u00ed p\u0159i pou\u017e\u00edv\u00e1n\u00ed n\u00e1hodn\u00e9ho videochatu<\/h2>\n<p>Jedn\u00edm z nejlep\u0161\u00edch zp\u016fsob\u016f, jak se vyhnout napaden\u00ed nebo obt\u011b\u017eov\u00e1n\u00ed p\u0159i pou\u017e\u00edv\u00e1n\u00ed <a href=\"https:\/\/strangercam.com\/cs\/chathub\/\">n\u00e1hodn\u00fd videochat<\/a> je p\u0159ijmout proaktivn\u00ed opat\u0159en\u00ed. Zde je n\u011bkolik tip\u016f, kter\u00fdmi se m\u016f\u017eete \u0159\u00eddit:<\/p>\n<ol>\n<li>P\u0159i pou\u017e\u00edv\u00e1n\u00ed n\u00e1hodn\u00e9ho videochatu v\u017edy pou\u017e\u00edvejte VPN. VPN za\u0161ifruje va\u0161e data a ochr\u00e1n\u00ed je p\u0159ed t\u00edm, aby je vid\u011bl kdokoli jin\u00fd v s\u00edti. Vyhnete se tak p\u0159\u00edpadn\u00fdm \u00fatok\u016fm nebo obt\u011b\u017eov\u00e1n\u00ed.<\/li>\n<li>Pro ka\u017ed\u00fd n\u00e1hodn\u011b vytvo\u0159en\u00fd \u00fa\u010det videochatu pou\u017e\u00edvejte v\u017edy jin\u00e9 u\u017eivatelsk\u00e9 jm\u00e9no a heslo. Pokud v\u00e1s n\u011bkdo napadne nebo obt\u011b\u017euje, nebude m\u00edt p\u0159\u00edstup k va\u0161im ostatn\u00edm \u00fa\u010dt\u016fm s t\u00edmto u\u017eivatelsk\u00fdm jm\u00e9nem a heslem.<\/li>\n<li>Nesd\u011blujte ciz\u00edm lidem v n\u00e1hodn\u00e9m videochatu sv\u00e9 osobn\u00ed \u00fadaje, jako je cel\u00e9 jm\u00e9no nebo adresa. Pokud v\u00e1s n\u011bkdo napadne nebo obt\u011b\u017euje, bude o v\u00e1s moci t\u00edmto zp\u016fsobem zjistit v\u00edce informac\u00ed.<\/li>\n<\/ol>\n<p>Dodr\u017eov\u00e1n\u00edm t\u011bchto preventivn\u00edch opat\u0159en\u00ed si m\u016f\u017eete zajistit bezpe\u010dn\u00fd a p\u0159\u00edjemn\u00fd z\u00e1\u017eitek p\u0159i pou\u017e\u00edv\u00e1n\u00ed n\u00e1hodn\u00e9ho videochatu.<\/p>\n<h2>Z\u00e1v\u011br<\/h2>\n<p>321chat je skv\u011bl\u00fdm zdrojem informac\u00ed pro lidi, kte\u0159\u00ed hledaj\u00ed p\u0159\u00e1tele nebo nov\u00e9 p\u0159\u00e1tele. Chatovac\u00ed m\u00edstnost je otev\u0159en\u00e1 24 hodin denn\u011b, 7 dn\u00ed v t\u00fddnu a p\u0159ipojit se k n\u00ed m\u016f\u017eete zad\u00e1n\u00edm sv\u00e9ho m\u011bsta nebo zem\u011b a kliknut\u00edm na odkaz. Jakmile se p\u0159ihl\u00e1s\u00edte, za\u010dn\u011bte chatovat s k\u00fdmkoli, kdo vypad\u00e1 zaj\u00edmav\u011b! Nikdy nev\u00edte, jak\u00e1 p\u0159\u00e1telstv\u00ed m\u016f\u017eete t\u00edmto zp\u016fsobem nav\u00e1zat.<\/p>","protected":false},"excerpt":{"rendered":"<p>We all know that feeling of awkwardness when we&#8217;re in a social situation and we don&#8217;t know anyone. Even if there are other people around, it can feel like we&#8217;re the only ones in the room. But what if there was a way to talk to strangers that didn&#8217;t involve any of the awkwardness or [&hellip;]<\/p>\n","protected":false},"author":6,"featured_media":559,"parent":0,"menu_order":0,"comment_status":"closed","ping_status":"closed","template":"","meta":{"footnotes":""},"class_list":["post-11273","page","type-page","status-publish","has-post-thumbnail","hentry"],"yoast_head":"<!-- This site is optimized with the Yoast SEO plugin v27.4 - https:\/\/yoast.com\/product\/yoast-seo-wordpress\/ -->\n<title>321chat - Chat with strangers on StrangerCam.com<\/title>\n<meta name=\"description\" content=\"Like 321chat? Come chat with more than 5.000.000 strangers on Stranger Cam for Free! Turn on your cam and find new friends &amp; maby a match!\" \/>\n<meta name=\"robots\" content=\"index, follow, max-snippet:-1, max-image-preview:large, max-video-preview:-1\" \/>\n<link rel=\"canonical\" href=\"https:\/\/strangercam.com\/cs\/321chat\/\" \/>\n<meta property=\"og:locale\" content=\"cs_CZ\" \/>\n<meta property=\"og:type\" content=\"article\" \/>\n<meta property=\"og:title\" content=\"321chat - Chat with strangers on StrangerCam.com\" \/>\n<meta property=\"og:description\" content=\"Like 321chat? Come chat with more than 5.000.000 strangers on Stranger Cam for Free! Turn on your cam and find new friends &amp; maby a match!\" \/>\n<meta property=\"og:url\" content=\"https:\/\/strangercam.com\/cs\/321chat\/\" \/>\n<meta property=\"og:site_name\" content=\"Strangercam\" \/>\n<meta property=\"article:publisher\" content=\"https:\/\/www.facebook.com\/strangercam\" \/>\n<meta property=\"article:modified_time\" content=\"2023-08-21T09:40:07+00:00\" \/>\n<meta property=\"og:image\" content=\"https:\/\/strangercam.com\/wp-content\/uploads\/2020\/11\/stranger-cam-1.png\" \/>\n\t<meta property=\"og:image:width\" content=\"800\" \/>\n\t<meta property=\"og:image:height\" content=\"800\" \/>\n\t<meta property=\"og:image:type\" content=\"image\/png\" \/>\n<meta name=\"twitter:card\" content=\"summary_large_image\" \/>\n<meta name=\"twitter:site\" content=\"@strangercamapp\" \/>\n<meta name=\"twitter:label1\" content=\"Odhadovan\u00e1 doba \u010dten\u00ed\" \/>\n\t<meta name=\"twitter:data1\" content=\"7 minut\" \/>\n<script type=\"application\/ld+json\" class=\"yoast-schema-graph\">{\"@context\":\"https:\\\/\\\/schema.org\",\"@graph\":[{\"@type\":\"WebPage\",\"@id\":\"https:\\\/\\\/strangercam.com\\\/321chat\\\/\",\"url\":\"https:\\\/\\\/strangercam.com\\\/321chat\\\/\",\"name\":\"321chat - Chat with strangers on StrangerCam.com\",\"isPartOf\":{\"@id\":\"https:\\\/\\\/strangercam.com\\\/#website\"},\"primaryImageOfPage\":{\"@id\":\"https:\\\/\\\/strangercam.com\\\/321chat\\\/#primaryimage\"},\"image\":{\"@id\":\"https:\\\/\\\/strangercam.com\\\/321chat\\\/#primaryimage\"},\"thumbnailUrl\":\"https:\\\/\\\/strangercam.com\\\/wp-content\\\/uploads\\\/2020\\\/11\\\/stranger-cam-1.png\",\"datePublished\":\"2022-08-11T18:04:37+00:00\",\"dateModified\":\"2023-08-21T09:40:07+00:00\",\"description\":\"Like 321chat? Come chat with more than 5.000.000 strangers on Stranger Cam for Free! Turn on your cam and find new friends & maby a match!\",\"breadcrumb\":{\"@id\":\"https:\\\/\\\/strangercam.com\\\/321chat\\\/#breadcrumb\"},\"inLanguage\":\"cs\",\"potentialAction\":[{\"@type\":\"ReadAction\",\"target\":[\"https:\\\/\\\/strangercam.com\\\/321chat\\\/\"]}]},{\"@type\":\"ImageObject\",\"inLanguage\":\"cs\",\"@id\":\"https:\\\/\\\/strangercam.com\\\/321chat\\\/#primaryimage\",\"url\":\"https:\\\/\\\/strangercam.com\\\/wp-content\\\/uploads\\\/2020\\\/11\\\/stranger-cam-1.png\",\"contentUrl\":\"https:\\\/\\\/strangercam.com\\\/wp-content\\\/uploads\\\/2020\\\/11\\\/stranger-cam-1.png\",\"width\":800,\"height\":800,\"caption\":\"stranger cam random video chat\"},{\"@type\":\"BreadcrumbList\",\"@id\":\"https:\\\/\\\/strangercam.com\\\/321chat\\\/#breadcrumb\",\"itemListElement\":[{\"@type\":\"ListItem\",\"position\":1,\"name\":\"Home\",\"item\":\"https:\\\/\\\/strangercam.com\\\/\"},{\"@type\":\"ListItem\",\"position\":2,\"name\":\"321chat\"}]},{\"@type\":\"WebSite\",\"@id\":\"https:\\\/\\\/strangercam.com\\\/#website\",\"url\":\"https:\\\/\\\/strangercam.com\\\/\",\"name\":\"Strangercam\",\"description\":\"Random Video Chat with Strangers\",\"publisher\":{\"@id\":\"https:\\\/\\\/strangercam.com\\\/#organization\"},\"alternateName\":\"Strangercam.com\",\"potentialAction\":[{\"@type\":\"SearchAction\",\"target\":{\"@type\":\"EntryPoint\",\"urlTemplate\":\"https:\\\/\\\/strangercam.com\\\/?s={search_term_string}\"},\"query-input\":{\"@type\":\"PropertyValueSpecification\",\"valueRequired\":true,\"valueName\":\"search_term_string\"}}],\"inLanguage\":\"cs\"},{\"@type\":\"Organization\",\"@id\":\"https:\\\/\\\/strangercam.com\\\/#organization\",\"name\":\"Strangercam\",\"alternateName\":\"Strangercam.com\",\"url\":\"https:\\\/\\\/strangercam.com\\\/\",\"logo\":{\"@type\":\"ImageObject\",\"inLanguage\":\"cs\",\"@id\":\"https:\\\/\\\/strangercam.com\\\/#\\\/schema\\\/logo\\\/image\\\/\",\"url\":\"https:\\\/\\\/strangercam.com\\\/wp-content\\\/uploads\\\/2020\\\/11\\\/cropped-new-favicon-black.png\",\"contentUrl\":\"https:\\\/\\\/strangercam.com\\\/wp-content\\\/uploads\\\/2020\\\/11\\\/cropped-new-favicon-black.png\",\"width\":512,\"height\":512,\"caption\":\"Strangercam\"},\"image\":{\"@id\":\"https:\\\/\\\/strangercam.com\\\/#\\\/schema\\\/logo\\\/image\\\/\"},\"sameAs\":[\"https:\\\/\\\/www.facebook.com\\\/strangercam\",\"https:\\\/\\\/x.com\\\/strangercamapp\"]}]}<\/script>\n<!-- \/ Yoast SEO plugin. -->","yoast_head_json":{"title":"321chat - Chatujte s ciz\u00edmi lidmi na StrangerCam.com","description":"Jako 321chat? Poj\u010fte si zdarma popov\u00eddat s v\u00edce ne\u017e 5.000.000 cizinci na Stranger Cam! Zapn\u011bte kameru a najd\u011bte nov\u00e9 p\u0159\u00e1tele &amp; maby z\u00e1pas!","robots":{"index":"index","follow":"follow","max-snippet":"max-snippet:-1","max-image-preview":"max-image-preview:large","max-video-preview":"max-video-preview:-1"},"canonical":"https:\/\/strangercam.com\/cs\/321chat\/","og_locale":"cs_CZ","og_type":"article","og_title":"321chat - Chat with strangers on StrangerCam.com","og_description":"Like 321chat? Come chat with more than 5.000.000 strangers on Stranger Cam for Free! Turn on your cam and find new friends & maby a match!","og_url":"https:\/\/strangercam.com\/cs\/321chat\/","og_site_name":"Strangercam","article_publisher":"https:\/\/www.facebook.com\/strangercam","article_modified_time":"2023-08-21T09:40:07+00:00","og_image":[{"width":800,"height":800,"url":"https:\/\/strangercam.com\/wp-content\/uploads\/2020\/11\/stranger-cam-1.png","type":"image\/png"}],"twitter_card":"summary_large_image","twitter_site":"@strangercamapp","twitter_misc":{"Odhadovan\u00e1 doba \u010dten\u00ed":"7 minut"},"schema":{"@context":"https:\/\/schema.org","@graph":[{"@type":"WebPage","@id":"https:\/\/strangercam.com\/321chat\/","url":"https:\/\/strangercam.com\/321chat\/","name":"321chat - Chatujte s ciz\u00edmi lidmi na StrangerCam.com","isPartOf":{"@id":"https:\/\/strangercam.com\/#website"},"primaryImageOfPage":{"@id":"https:\/\/strangercam.com\/321chat\/#primaryimage"},"image":{"@id":"https:\/\/strangercam.com\/321chat\/#primaryimage"},"thumbnailUrl":"https:\/\/strangercam.com\/wp-content\/uploads\/2020\/11\/stranger-cam-1.png","datePublished":"2022-08-11T18:04:37+00:00","dateModified":"2023-08-21T09:40:07+00:00","description":"Jako 321chat? Poj\u010fte si zdarma popov\u00eddat s v\u00edce ne\u017e 5.000.000 cizinci na Stranger Cam! Zapn\u011bte kameru a najd\u011bte nov\u00e9 p\u0159\u00e1tele &amp; maby z\u00e1pas!","breadcrumb":{"@id":"https:\/\/strangercam.com\/321chat\/#breadcrumb"},"inLanguage":"cs","potentialAction":[{"@type":"ReadAction","target":["https:\/\/strangercam.com\/321chat\/"]}]},{"@type":"ImageObject","inLanguage":"cs","@id":"https:\/\/strangercam.com\/321chat\/#primaryimage","url":"https:\/\/strangercam.com\/wp-content\/uploads\/2020\/11\/stranger-cam-1.png","contentUrl":"https:\/\/strangercam.com\/wp-content\/uploads\/2020\/11\/stranger-cam-1.png","width":800,"height":800,"caption":"stranger cam random video chat"},{"@type":"BreadcrumbList","@id":"https:\/\/strangercam.com\/321chat\/#breadcrumb","itemListElement":[{"@type":"ListItem","position":1,"name":"Home","item":"https:\/\/strangercam.com\/"},{"@type":"ListItem","position":2,"name":"321chat"}]},{"@type":"WebSite","@id":"https:\/\/strangercam.com\/#website","url":"https:\/\/strangercam.com\/","name":"Strangercam","description":"N\u00e1hodn\u00fd videochat s ciz\u00edmi lidmi","publisher":{"@id":"https:\/\/strangercam.com\/#organization"},"alternateName":"Strangercam.com","potentialAction":[{"@type":"SearchAction","target":{"@type":"EntryPoint","urlTemplate":"https:\/\/strangercam.com\/?s={search_term_string}"},"query-input":{"@type":"PropertyValueSpecification","valueRequired":true,"valueName":"search_term_string"}}],"inLanguage":"cs"},{"@type":"Organization","@id":"https:\/\/strangercam.com\/#organization","name":"Strangercam","alternateName":"Strangercam.com","url":"https:\/\/strangercam.com\/","logo":{"@type":"ImageObject","inLanguage":"cs","@id":"https:\/\/strangercam.com\/#\/schema\/logo\/image\/","url":"https:\/\/strangercam.com\/wp-content\/uploads\/2020\/11\/cropped-new-favicon-black.png","contentUrl":"https:\/\/strangercam.com\/wp-content\/uploads\/2020\/11\/cropped-new-favicon-black.png","width":512,"height":512,"caption":"Strangercam"},"image":{"@id":"https:\/\/strangercam.com\/#\/schema\/logo\/image\/"},"sameAs":["https:\/\/www.facebook.com\/strangercam","https:\/\/x.com\/strangercamapp"]}]}},"_links":{"self":[{"href":"https:\/\/strangercam.com\/cs\/wp-json\/wp\/v2\/pages\/11273","targetHints":{"allow":["GET"]}}],"collection":[{"href":"https:\/\/strangercam.com\/cs\/wp-json\/wp\/v2\/pages"}],"about":[{"href":"https:\/\/strangercam.com\/cs\/wp-json\/wp\/v2\/types\/page"}],"author":[{"embeddable":true,"href":"https:\/\/strangercam.com\/cs\/wp-json\/wp\/v2\/users\/6"}],"replies":[{"embeddable":true,"href":"https:\/\/strangercam.com\/cs\/wp-json\/wp\/v2\/comments?post=11273"}],"version-history":[{"count":0,"href":"https:\/\/strangercam.com\/cs\/wp-json\/wp\/v2\/pages\/11273\/revisions"}],"wp:featuredmedia":[{"embeddable":true,"href":"https:\/\/strangercam.com\/cs\/wp-json\/wp\/v2\/media\/559"}],"wp:attachment":[{"href":"https:\/\/strangercam.com\/cs\/wp-json\/wp\/v2\/media?parent=11273"}],"curies":[{"name":"wp","href":"https:\/\/api.w.org\/{rel}","templated":true}]}}