{"id":11261,"date":"2022-08-11T20:01:47","date_gmt":"2022-08-11T18:01:47","guid":{"rendered":"https:\/\/strangercam.com\/?page_id=11261"},"modified":"2023-08-21T12:47:03","modified_gmt":"2023-08-21T10:47:03","slug":"yesichat","status":"publish","type":"page","link":"https:\/\/strangercam.com\/cs\/yesichat\/","title":{"rendered":"Yesichat"},"content":{"rendered":"<p>Pokud hled\u00e1te m\u00edsto, kde byste mohli <a href=\"https:\/\/strangercam.com\/cs\/chatroulette\/\">chat<\/a> s ciz\u00edmi lidmi online, jste na spr\u00e1vn\u00e9m m\u00edst\u011b! Yesichat je bezplatn\u00e1 chatovac\u00ed str\u00e1nka, kter\u00e1 v\u00e1m umo\u017e\u0148uje chatovat s cizinci, ani\u017e byste se museli registrovat. Sta\u010d\u00ed zadat u\u017eivatelsk\u00e9 jm\u00e9no a za\u010d\u00edt chatovat!<\/p>\n<h2>Co je yesichat?<\/h2>\n<p>Yesichat je webov\u00e1 str\u00e1nka chatu, kter\u00e1 v\u00e1m umo\u017e\u0148uje mluvit s ciz\u00edmi lidmi. Je to skv\u011bl\u00fd zp\u016fsob, jak <a href=\"https:\/\/strangercam.com\/cs\/coomeet\/\">Seznamte se s<\/a> nov\u00e9 lidi a nov\u00e9 p\u0159\u00e1tele. Pomoc\u00ed yesichat si m\u016f\u017eete tak\u00e9 naj\u00edt rande nebo si jen popov\u00eddat s n\u011bk\u00fdm, kdo v\u00e1s zaj\u00edm\u00e1.<\/p>\n<h2>Jak pou\u017e\u00edvat yesichat?<\/h2>\n<p>Yesichat je skv\u011bl\u00e1 platforma pro komunikaci s ciz\u00edmi lidmi. Je jednoduch\u00e1 a snadno pou\u017eiteln\u00e1 a je to skv\u011bl\u00fd zp\u016fsob, jak se spojit s lidmi z cel\u00e9ho sv\u011bta. Zde je n\u011bkolik tip\u016f, jak yesichat pou\u017e\u00edvat:<\/p>\n<ol>\n<li>Za\u010dn\u011bte vytvo\u0159en\u00edm profilu. To v\u00e1m pom\u016f\u017ee naj\u00edt lidi, se kter\u00fdmi m\u016f\u017eete chatovat a kte\u0159\u00ed maj\u00ed stejn\u00e9 z\u00e1jmy.<\/li>\n<li>Po vytvo\u0159en\u00ed profilu se pod\u00edvejte na r\u016fzn\u00e9 chatovac\u00ed m\u00edstnosti, kter\u00e9 jsou k dispozici. M\u016f\u017eete si vybrat, zda chcete chatovat ve ve\u0159ejn\u00e9 nebo soukrom\u00e9 m\u00edstnosti.<\/li>\n<li>Kdy\u017e jste v chatovac\u00ed m\u00edstnosti, chovejte se ohledupln\u011b k ostatn\u00edm u\u017eivatel\u016fm. Nezahlcujte m\u00edstnost zpr\u00e1vami a nechovejte se hrub\u011b nebo ur\u00e1\u017eliv\u011b.<\/li>\n<li>Yesichat je skv\u011bl\u00fdm m\u00edstem pro pozn\u00e1v\u00e1n\u00ed nov\u00fdch lid\u00ed a navazov\u00e1n\u00ed nov\u00fdch p\u0159\u00e1telstv\u00ed. U\u017e\u00edvejte si tedy \u010das str\u00e1ven\u00fd na str\u00e1nk\u00e1ch a nev\u00e1hejte n\u011bkoho oslovit, pokud si chcete popov\u00eddat!<\/li>\n<\/ol>\n<h2>V\u00fdhody pou\u017e\u00edv\u00e1n\u00ed yesichatu<\/h2>\n<p>Existuje spousta d\u016fvod\u016f, pro\u010d pou\u017e\u00edvat yesichat, kdy\u017e chcete mluvit s ciz\u00edmi lidmi online. Zaprv\u00e9 je to skv\u011bl\u00fd zp\u016fsob, jak se sezn\u00e1mit s nov\u00fdmi lidmi z cel\u00e9ho sv\u011bta. Pomoc\u00ed yesichat m\u016f\u017eete tak\u00e9 naj\u00edt nov\u00e9 p\u0159\u00e1tele, nebo dokonce potenci\u00e1ln\u00ed partnery.<\/p>\n<p>Dal\u0161\u00ed velkou v\u00fdhodou yesichatu je, \u017ee je zcela zdarma. Nemus\u00edte se ob\u00e1vat, \u017ee byste museli platit n\u011bjak\u00e9 poplatky nebo m\u011bs\u00ed\u010dn\u00ed p\u0159edplatn\u00e9. M\u016f\u017eete si jednodu\u0161e u\u017e\u00edvat chatov\u00e1n\u00ed s ciz\u00edmi lidmi bez jak\u00fdchkoli z\u00e1vazk\u016f.<\/p>\n<p>A kone\u010dn\u011b, yesichat je skv\u011bl\u00e1 platforma pro budov\u00e1n\u00ed vztah\u016f. A\u0165 u\u017e hled\u00e1te p\u0159\u00e1telstv\u00ed nebo l\u00e1sku, na yesichatu ji ur\u010dit\u011b najdete. Tak pro\u010d to nevyzkou\u0161et je\u0161t\u011b dnes?<\/p>\n<h2>Nev\u00fdhody pou\u017e\u00edv\u00e1n\u00ed yesichatu<\/h2>\n<p>Pokud hled\u00e1te aplikaci pro chatov\u00e1n\u00ed s ciz\u00edmi lidmi, mo\u017en\u00e1 byste si m\u011bli pou\u017e\u00edv\u00e1n\u00ed yesichatu dvakr\u00e1t rozmyslet. Aplikace m\u00e1 sice n\u011bkter\u00e9 funkce, kter\u00e9 mohou b\u00fdt v\u00fdhodn\u00e9, ale m\u00e1 tak\u00e9 n\u011bkolik nev\u00fdhod, kter\u00fdch byste si m\u011bli b\u00fdt v\u011bdomi.<\/p>\n<p>Jednou z nejv\u011bt\u0161\u00edch nev\u00fdhod yesichatu je, \u017ee nen\u00ed p\u0159\u00edli\u0161 bezpe\u010dn\u00fd. Aplikace nevy\u017eaduje, aby si u\u017eivatel\u00e9 vytvo\u0159ili \u00fa\u010det nebo se p\u0159ihl\u00e1sili, co\u017e znamen\u00e1, \u017ee se kdokoli m\u016f\u017ee p\u0159ipojit k chatovac\u00ed m\u00edstnosti a za\u010d\u00edt chatovat. To m\u016f\u017ee b\u00fdt problematick\u00e9, pokud se sna\u017e\u00edte udr\u017eet svou identitu v tajnosti nebo pokud se ob\u00e1v\u00e1te, \u017ee o v\u00e1s lid\u00e9 budou moci zjistit osobn\u00ed informace.<\/p>\n<p>Dal\u0161\u00ed nev\u00fdhodou yesichatu je, \u017ee nen\u00ed p\u0159\u00edli\u0161 soukrom\u00fd. V\u0161echny konverzace v aplikaci jsou ve\u0159ejn\u00e9 a m\u016f\u017ee je vid\u011bt ka\u017ed\u00fd, kdo se k chatu p\u0159ipoj\u00ed. To znamen\u00e1, \u017ee m\u016f\u017eete potenci\u00e1ln\u011b v\u00e9st citliv\u00e9 konverzace s lidmi, kter\u00e9 dob\u0159e nezn\u00e1te a kte\u0159\u00ed by v\u00e1s mohli zneu\u017e\u00edvat.<\/p>\n<p>A kone\u010dn\u011b, yesichat m\u016f\u017ee b\u00fdt pom\u011brn\u011b chybov\u00fd a nespolehliv\u00fd. Je zn\u00e1mo, \u017ee aplikace pad\u00e1 uprost\u0159ed konverzace, co\u017e m\u016f\u017ee b\u00fdt frustruj\u00edc\u00ed, pokud se sna\u017e\u00edte chatovat s n\u011bk\u00fdm d\u016fle\u017eit\u00fdm nebo pokud jste uprost\u0159ed v\u00e1\u0161niv\u00e9 diskuse.<\/p>\n<p>Celkov\u011b vzato, yesichat nen\u00ed velk\u00fd<\/p>\n<h2>Jak co nejl\u00e9pe vyu\u017e\u00edt yesichat<\/h2>\n<p>Pokud hled\u00e1te zp\u016fsob, jak se sezn\u00e1mit s nov\u00fdmi a zaj\u00edmav\u00fdmi lidmi, yesichat je skv\u011bl\u00e1 volba. Tato platforma s v\u00edce ne\u017e milionem u\u017eivatel\u016f po cel\u00e9m sv\u011bt\u011b nab\u00edz\u00ed bezpe\u010dn\u00e9 a z\u00e1bavn\u00e9 prost\u0159ed\u00ed pro chatov\u00e1n\u00ed s ciz\u00edmi lidmi z cel\u00e9ho sv\u011bta.<\/p>\n<p>Zde je n\u011bkolik tip\u016f, kter\u00e9 v\u00e1m pomohou co nejl\u00e9pe vyu\u017e\u00edt z\u00e1\u017eitek z je\u0161ichatu:<\/p>\n<ol>\n<li>Chovejte se zdvo\u0159ile a s respektem. To je kl\u00ed\u010dov\u00e9 v jak\u00e9mkoli prost\u0159ed\u00ed chatu, ale obzvl\u00e1\u0161\u0165 d\u016fle\u017eit\u00e9 je to p\u0159i komunikaci s ciz\u00edmi lidmi.<\/li>\n<li>Ptejte se a bu\u010fte zv\u011bdav\u00ed. Za\u010d\u00e1tky konverzace typu \"Jak\u00fd je v\u00e1\u0161 obl\u00edben\u00fd...\" nebo \"Pov\u011bzte mi o...\" mohou pomoci prolomit ledy a udr\u017eet zaj\u00edmavost.<\/li>\n<li>\u0158ekn\u011bte n\u011bco o sob\u011b. Je v po\u0159\u00e1dku b\u00fdt otev\u0159en\u00fd a up\u0159\u00edmn\u00fd ohledn\u011b toho, kdo jste, ale neprozrazujte p\u0159\u00edli\u0161 mnoho osobn\u00edch informac\u00ed.<\/li>\n<li>Bu\u010fte trp\u011bliv\u00ed a ch\u00e1pav\u00ed. Ka\u017ed\u00fd m\u00e1 jinou \u00farove\u0148 pohodl\u00ed, pokud jde o chatov\u00e1n\u00ed s ciz\u00edmi lidmi. Respektujte jejich hranice a netla\u010dte p\u0159\u00edli\u0161 na informace nebo d\u016fv\u011brnosti.<\/li>\n<li>Bavte se! Yesichat je skv\u011bl\u00fdm m\u00edstem pro pozn\u00e1v\u00e1n\u00ed nov\u00fdch lid\u00ed a navazov\u00e1n\u00ed nov\u00fdch p\u0159\u00e1telstv\u00ed. Tak se uvoln\u011bte, bavte se a uvid\u00edte, kam v\u00e1s konverzace zavede!<\/li>\n<\/ol>\n<h2>Pro\u010d je yesichat tak popul\u00e1rn\u00ed n\u00e1hodn\u00fd videochatovac\u00ed platforma?<\/h2>\n<p>Yesichat je obl\u00edbenou platformou pro n\u00e1hodn\u00fd videochat z mnoha d\u016fvod\u016f. Zaprv\u00e9 je tato platforma zcela zdarma. Za druh\u00e9, nejsou zde \u017e\u00e1dn\u00e9 po\u017eadavky na registraci nebo p\u0159ihl\u00e1\u0161en\u00ed - sta\u010d\u00ed zadat u\u017eivatelsk\u00e9 jm\u00e9no podle vlastn\u00edho v\u00fdb\u011bru a za\u010d\u00edt chatovat. Za t\u0159et\u00ed, rozhran\u00ed je u\u017eivatelsky velmi p\u0159\u00edv\u011btiv\u00e9 a snadno se v n\u011bm orientuje. Za \u010dtvrt\u00e9, yesichat nab\u00edz\u00ed \u0161irokou \u0161k\u00e1lu funkc\u00ed, kter\u00e9 zvy\u0161uj\u00ed u\u017eivatelsk\u00fd komfort, jako je nap\u0159\u00edklad mo\u017enost vytv\u00e1\u0159et chatovac\u00ed m\u00edstnosti, pos\u00edlat soukrom\u00e9 zpr\u00e1vy a sd\u00edlet medi\u00e1ln\u00ed soubory. A kone\u010dn\u011b, platforma m\u00e1 velkou a aktivn\u00ed komunitu u\u017eivatel\u016f, d\u00edky n\u00ed\u017e je snadn\u00e9 naj\u00edt lidi, se kter\u00fdmi lze chatovat.<\/p>\n<h2>Je jeho pou\u017e\u00edv\u00e1n\u00ed bezpe\u010dn\u00e9?<\/h2>\n<p>Talk With Strangers je popul\u00e1rn\u00ed online chatovac\u00ed aplikace, kter\u00e1 nab\u00edz\u00ed soukrom\u00e9 i skupinov\u00e9 chaty. Aplikace je k dispozici pro za\u0159\u00edzen\u00ed se syst\u00e9mem Android a iOS a je zdarma. P\u0159ed pou\u017eit\u00edm aplikace byste v\u0161ak m\u011bli p\u0159ijmout n\u011bkter\u00e1 opat\u0159en\u00ed.<\/p>\n<p>Talk With Strangers je p\u0159edev\u0161\u00edm platforma soci\u00e1ln\u00edch m\u00e9di\u00ed. Je tedy d\u016fle\u017eit\u00e9 m\u00edt na pam\u011bti, \u017ee to, co \u0159eknete v chatu, m\u016f\u017ee vid\u011bt ka\u017ed\u00fd, kdo nav\u0161t\u00edv\u00ed str\u00e1nku nebo aplikaci, kde se chat odehr\u00e1l. Slu\u017eba Talk With Strangers nav\u00edc nen\u00ed \u0161ifrovan\u00e1, tak\u017ee va\u0161e konverzace mohou b\u00fdt monitorov\u00e1ny nebo dokonce zachyceny. A kone\u010dn\u011b, Talk With Strangers nem\u00e1 zaveden\u00e9 z\u00e1sady ochrany osobn\u00edch \u00fadaj\u016f, tak\u017ee spole\u010dnost nem\u016f\u017ee zaru\u010dit, \u017ee va\u0161e konverzace z\u016fstanou d\u016fv\u011brn\u00e9.<\/p>\n<p>I kdy\u017e je tedy aplikace Talk With Strangers z\u00e1bavn\u00fdm a pohodln\u00fdm zp\u016fsobem komunikace s p\u0159\u00e1teli a rodinou, bu\u010fte p\u0159i jej\u00edm pou\u017e\u00edv\u00e1n\u00ed opatrn\u00ed.<\/p>\n<h2>Preventivn\u00ed opat\u0159en\u00ed p\u0159i pou\u017e\u00edv\u00e1n\u00ed n\u00e1hodn\u00e9ho videochatu<\/h2>\n<p>P\u0159i pou\u017eit\u00ed <a href=\"https:\/\/strangercam.com\/cs\/chathub\/\">n\u00e1hodn\u00fd videochat<\/a>, je d\u016fle\u017eit\u00e9 p\u0159ijmout preventivn\u00ed opat\u0159en\u00ed, abyste se nestali ob\u011bt\u00ed. Zde jsou \u010dty\u0159i tipy, kter\u00e9 v\u00e1s ochr\u00e1n\u00ed:<\/p>\n<ol>\n<li>P\u0159i p\u0159ipojov\u00e1n\u00ed k n\u00e1hodn\u00fdm videochat\u016fm pou\u017e\u00edvejte VPN. VPN pom\u016f\u017ee chr\u00e1nit va\u0161e soukrom\u00ed \u0161ifrov\u00e1n\u00edm provozu a skryt\u00edm va\u0161\u00ed polohy. S\u00edt\u011b VPN jsou k dispozici zdarma a lze je pou\u017e\u00edvat na stoln\u00edch i mobiln\u00edch za\u0159\u00edzen\u00edch.<\/li>\n<li>P\u0159i n\u00e1hodn\u00e9m v\u00fdb\u011bru pou\u017e\u00edvejte zdrav\u00fd rozum. <a href=\"https:\/\/strangercam.com\/cs\/rabbit-video-chat\/\">videochat<\/a>. Pokud se v\u00e1m n\u011bco zd\u00e1 p\u0159\u00edli\u0161 dobr\u00e9 na to, aby to byla pravda, pravd\u011bpodobn\u011b to pravda je. P\u0159i setk\u00e1n\u00ed s n\u011bk\u00fdm, s k\u00fdm jste se setkali, postupujte v\u017edy opatrn\u011b. <a href=\"https:\/\/strangercam.com\/cs\/chamet\/\">met<\/a> online prost\u0159ednictv\u00edm n\u00e1hodn\u00e9ho videochatu.<\/li>\n<li>P\u0159i pou\u017e\u00edv\u00e1n\u00ed n\u00e1hodn\u00e9ho videochatu si neust\u00e1le v\u0161\u00edmejte sv\u00e9ho okol\u00ed. Nesd\u011blujte osobn\u00ed \u00fadaje, jako je va\u0161e adresa nebo telefonn\u00ed \u010d\u00edslo, nikomu, s k\u00fdm se sezn\u00e1m\u00edte prost\u0159ednictv\u00edm slu\u017eby n\u00e1hodn\u00e9ho videochatu. p\u0159i sd\u011blov\u00e1n\u00ed osobn\u00edch \u00fadaj\u016f online bu\u010fte v\u017edy opatrn\u00ed.<\/li>\n<li>Jakoukoli podez\u0159elou \u010dinnost okam\u017eit\u011b nahlaste \u00fa\u0159ad\u016fm. Pokud m\u00e1te p\u0159i pou\u017e\u00edv\u00e1n\u00ed n\u00e1hodn\u00e9ho videochatu pocit, \u017ee v\u00e1m n\u011bkdo vyhro\u017euje nebo v\u00e1s jakkoli obt\u011b\u017euje, nahlaste to co nejd\u0159\u00edve \u00fa\u0159ad\u016fm!<\/li>\n<\/ol>\n<h2>Z\u00e1v\u011br<\/h2>\n<p>Pokud m\u00e1te z\u00e1jem poznat nov\u00e9 p\u0159\u00e1tele a pobavit se, pak je yesichat web pr\u00e1v\u011b pro v\u00e1s! Na yesichat m\u016f\u017eete chatovat s cizinci z cel\u00e9ho sv\u011bta v bezpe\u010dn\u00e9m a u\u017eivatelsky p\u0159\u00edv\u011btiv\u00e9m prost\u0159ed\u00ed. Na v\u00fdb\u011br m\u00e1te spoustu chatovac\u00edch m\u00edstnost\u00ed, tak\u017ee se ur\u010dit\u011b najde n\u011bjak\u00e1, kter\u00e1 bude vyhovovat va\u0161im z\u00e1jm\u016fm. Tak na co je\u0161t\u011b \u010dek\u00e1te? Zaregistrujte se a za\u010dn\u011bte chatovat s \u00fa\u017easn\u00fdmi lidmi!<\/p>","protected":false},"excerpt":{"rendered":"<p>If you&#8217;re looking for a place to chat with strangers online, you&#8217;ve come to the right place! Yesichat is a free chat site that allows you to chat with strangers without having to register. Simply enter a username and start chatting! What is yesichat? Yesichat is a chat website that allows you to talk with [&hellip;]<\/p>\n","protected":false},"author":6,"featured_media":559,"parent":0,"menu_order":0,"comment_status":"closed","ping_status":"closed","template":"","meta":{"footnotes":""},"class_list":["post-11261","page","type-page","status-publish","has-post-thumbnail","hentry"],"yoast_head":"<!-- This site is optimized with the Yoast SEO plugin v27.4 - https:\/\/yoast.com\/product\/yoast-seo-wordpress\/ -->\n<title>Yesichat - Chat with strangers on StrangerCam.com<\/title>\n<meta name=\"description\" content=\"Like Yesichat? Come chat with more than 5.000.000 strangers on Stranger Cam for Free! Turn on your cam and find new friends &amp; maby a match!\" \/>\n<meta name=\"robots\" content=\"index, follow, max-snippet:-1, max-image-preview:large, max-video-preview:-1\" \/>\n<link rel=\"canonical\" href=\"https:\/\/strangercam.com\/cs\/yesichat\/\" \/>\n<meta property=\"og:locale\" content=\"cs_CZ\" \/>\n<meta property=\"og:type\" content=\"article\" \/>\n<meta property=\"og:title\" content=\"Yesichat - Chat with strangers on StrangerCam.com\" \/>\n<meta property=\"og:description\" content=\"Like Yesichat? Come chat with more than 5.000.000 strangers on Stranger Cam for Free! Turn on your cam and find new friends &amp; maby a match!\" \/>\n<meta property=\"og:url\" content=\"https:\/\/strangercam.com\/cs\/yesichat\/\" \/>\n<meta property=\"og:site_name\" content=\"Strangercam\" \/>\n<meta property=\"article:publisher\" content=\"https:\/\/www.facebook.com\/strangercam\" \/>\n<meta property=\"article:modified_time\" content=\"2023-08-21T10:47:03+00:00\" \/>\n<meta property=\"og:image\" content=\"https:\/\/strangercam.com\/wp-content\/uploads\/2020\/11\/stranger-cam-1.png\" \/>\n\t<meta property=\"og:image:width\" content=\"800\" \/>\n\t<meta property=\"og:image:height\" content=\"800\" \/>\n\t<meta property=\"og:image:type\" content=\"image\/png\" \/>\n<meta name=\"twitter:card\" content=\"summary_large_image\" \/>\n<meta name=\"twitter:site\" content=\"@strangercamapp\" \/>\n<meta name=\"twitter:label1\" content=\"Odhadovan\u00e1 doba \u010dten\u00ed\" \/>\n\t<meta name=\"twitter:data1\" content=\"6 minut\" \/>\n<script type=\"application\/ld+json\" class=\"yoast-schema-graph\">{\"@context\":\"https:\\\/\\\/schema.org\",\"@graph\":[{\"@type\":\"WebPage\",\"@id\":\"https:\\\/\\\/strangercam.com\\\/yesichat\\\/\",\"url\":\"https:\\\/\\\/strangercam.com\\\/yesichat\\\/\",\"name\":\"Yesichat - Chat with strangers on StrangerCam.com\",\"isPartOf\":{\"@id\":\"https:\\\/\\\/strangercam.com\\\/#website\"},\"primaryImageOfPage\":{\"@id\":\"https:\\\/\\\/strangercam.com\\\/yesichat\\\/#primaryimage\"},\"image\":{\"@id\":\"https:\\\/\\\/strangercam.com\\\/yesichat\\\/#primaryimage\"},\"thumbnailUrl\":\"https:\\\/\\\/strangercam.com\\\/wp-content\\\/uploads\\\/2020\\\/11\\\/stranger-cam-1.png\",\"datePublished\":\"2022-08-11T18:01:47+00:00\",\"dateModified\":\"2023-08-21T10:47:03+00:00\",\"description\":\"Like Yesichat? Come chat with more than 5.000.000 strangers on Stranger Cam for Free! Turn on your cam and find new friends & maby a match!\",\"breadcrumb\":{\"@id\":\"https:\\\/\\\/strangercam.com\\\/yesichat\\\/#breadcrumb\"},\"inLanguage\":\"cs\",\"potentialAction\":[{\"@type\":\"ReadAction\",\"target\":[\"https:\\\/\\\/strangercam.com\\\/yesichat\\\/\"]}]},{\"@type\":\"ImageObject\",\"inLanguage\":\"cs\",\"@id\":\"https:\\\/\\\/strangercam.com\\\/yesichat\\\/#primaryimage\",\"url\":\"https:\\\/\\\/strangercam.com\\\/wp-content\\\/uploads\\\/2020\\\/11\\\/stranger-cam-1.png\",\"contentUrl\":\"https:\\\/\\\/strangercam.com\\\/wp-content\\\/uploads\\\/2020\\\/11\\\/stranger-cam-1.png\",\"width\":800,\"height\":800,\"caption\":\"stranger cam random video chat\"},{\"@type\":\"BreadcrumbList\",\"@id\":\"https:\\\/\\\/strangercam.com\\\/yesichat\\\/#breadcrumb\",\"itemListElement\":[{\"@type\":\"ListItem\",\"position\":1,\"name\":\"Home\",\"item\":\"https:\\\/\\\/strangercam.com\\\/\"},{\"@type\":\"ListItem\",\"position\":2,\"name\":\"Yesichat\"}]},{\"@type\":\"WebSite\",\"@id\":\"https:\\\/\\\/strangercam.com\\\/#website\",\"url\":\"https:\\\/\\\/strangercam.com\\\/\",\"name\":\"Strangercam\",\"description\":\"Random Video Chat with Strangers\",\"publisher\":{\"@id\":\"https:\\\/\\\/strangercam.com\\\/#organization\"},\"alternateName\":\"Strangercam.com\",\"potentialAction\":[{\"@type\":\"SearchAction\",\"target\":{\"@type\":\"EntryPoint\",\"urlTemplate\":\"https:\\\/\\\/strangercam.com\\\/?s={search_term_string}\"},\"query-input\":{\"@type\":\"PropertyValueSpecification\",\"valueRequired\":true,\"valueName\":\"search_term_string\"}}],\"inLanguage\":\"cs\"},{\"@type\":\"Organization\",\"@id\":\"https:\\\/\\\/strangercam.com\\\/#organization\",\"name\":\"Strangercam\",\"alternateName\":\"Strangercam.com\",\"url\":\"https:\\\/\\\/strangercam.com\\\/\",\"logo\":{\"@type\":\"ImageObject\",\"inLanguage\":\"cs\",\"@id\":\"https:\\\/\\\/strangercam.com\\\/#\\\/schema\\\/logo\\\/image\\\/\",\"url\":\"https:\\\/\\\/strangercam.com\\\/wp-content\\\/uploads\\\/2020\\\/11\\\/cropped-new-favicon-black.png\",\"contentUrl\":\"https:\\\/\\\/strangercam.com\\\/wp-content\\\/uploads\\\/2020\\\/11\\\/cropped-new-favicon-black.png\",\"width\":512,\"height\":512,\"caption\":\"Strangercam\"},\"image\":{\"@id\":\"https:\\\/\\\/strangercam.com\\\/#\\\/schema\\\/logo\\\/image\\\/\"},\"sameAs\":[\"https:\\\/\\\/www.facebook.com\\\/strangercam\",\"https:\\\/\\\/x.com\\\/strangercamapp\"]}]}<\/script>\n<!-- \/ Yoast SEO plugin. -->","yoast_head_json":{"title":"Yesichat - Chat s cizinci na StrangerCam.com","description":"Jako Yesichat? Poj\u010fte si popov\u00eddat s v\u00edce ne\u017e 5 000 000 cizinci na Stranger Cam zdarma! Zapn\u011bte kameru a najd\u011bte nov\u00e9 p\u0159\u00e1tele &amp; maby z\u00e1pas!","robots":{"index":"index","follow":"follow","max-snippet":"max-snippet:-1","max-image-preview":"max-image-preview:large","max-video-preview":"max-video-preview:-1"},"canonical":"https:\/\/strangercam.com\/cs\/yesichat\/","og_locale":"cs_CZ","og_type":"article","og_title":"Yesichat - Chat with strangers on StrangerCam.com","og_description":"Like Yesichat? Come chat with more than 5.000.000 strangers on Stranger Cam for Free! Turn on your cam and find new friends & maby a match!","og_url":"https:\/\/strangercam.com\/cs\/yesichat\/","og_site_name":"Strangercam","article_publisher":"https:\/\/www.facebook.com\/strangercam","article_modified_time":"2023-08-21T10:47:03+00:00","og_image":[{"width":800,"height":800,"url":"https:\/\/strangercam.com\/wp-content\/uploads\/2020\/11\/stranger-cam-1.png","type":"image\/png"}],"twitter_card":"summary_large_image","twitter_site":"@strangercamapp","twitter_misc":{"Odhadovan\u00e1 doba \u010dten\u00ed":"6 minut"},"schema":{"@context":"https:\/\/schema.org","@graph":[{"@type":"WebPage","@id":"https:\/\/strangercam.com\/yesichat\/","url":"https:\/\/strangercam.com\/yesichat\/","name":"Yesichat - Chat s cizinci na StrangerCam.com","isPartOf":{"@id":"https:\/\/strangercam.com\/#website"},"primaryImageOfPage":{"@id":"https:\/\/strangercam.com\/yesichat\/#primaryimage"},"image":{"@id":"https:\/\/strangercam.com\/yesichat\/#primaryimage"},"thumbnailUrl":"https:\/\/strangercam.com\/wp-content\/uploads\/2020\/11\/stranger-cam-1.png","datePublished":"2022-08-11T18:01:47+00:00","dateModified":"2023-08-21T10:47:03+00:00","description":"Jako Yesichat? Poj\u010fte si popov\u00eddat s v\u00edce ne\u017e 5 000 000 cizinci na Stranger Cam zdarma! Zapn\u011bte kameru a najd\u011bte nov\u00e9 p\u0159\u00e1tele &amp; maby z\u00e1pas!","breadcrumb":{"@id":"https:\/\/strangercam.com\/yesichat\/#breadcrumb"},"inLanguage":"cs","potentialAction":[{"@type":"ReadAction","target":["https:\/\/strangercam.com\/yesichat\/"]}]},{"@type":"ImageObject","inLanguage":"cs","@id":"https:\/\/strangercam.com\/yesichat\/#primaryimage","url":"https:\/\/strangercam.com\/wp-content\/uploads\/2020\/11\/stranger-cam-1.png","contentUrl":"https:\/\/strangercam.com\/wp-content\/uploads\/2020\/11\/stranger-cam-1.png","width":800,"height":800,"caption":"stranger cam random video chat"},{"@type":"BreadcrumbList","@id":"https:\/\/strangercam.com\/yesichat\/#breadcrumb","itemListElement":[{"@type":"ListItem","position":1,"name":"Home","item":"https:\/\/strangercam.com\/"},{"@type":"ListItem","position":2,"name":"Yesichat"}]},{"@type":"WebSite","@id":"https:\/\/strangercam.com\/#website","url":"https:\/\/strangercam.com\/","name":"Strangercam","description":"N\u00e1hodn\u00fd videochat s ciz\u00edmi lidmi","publisher":{"@id":"https:\/\/strangercam.com\/#organization"},"alternateName":"Strangercam.com","potentialAction":[{"@type":"SearchAction","target":{"@type":"EntryPoint","urlTemplate":"https:\/\/strangercam.com\/?s={search_term_string}"},"query-input":{"@type":"PropertyValueSpecification","valueRequired":true,"valueName":"search_term_string"}}],"inLanguage":"cs"},{"@type":"Organization","@id":"https:\/\/strangercam.com\/#organization","name":"Strangercam","alternateName":"Strangercam.com","url":"https:\/\/strangercam.com\/","logo":{"@type":"ImageObject","inLanguage":"cs","@id":"https:\/\/strangercam.com\/#\/schema\/logo\/image\/","url":"https:\/\/strangercam.com\/wp-content\/uploads\/2020\/11\/cropped-new-favicon-black.png","contentUrl":"https:\/\/strangercam.com\/wp-content\/uploads\/2020\/11\/cropped-new-favicon-black.png","width":512,"height":512,"caption":"Strangercam"},"image":{"@id":"https:\/\/strangercam.com\/#\/schema\/logo\/image\/"},"sameAs":["https:\/\/www.facebook.com\/strangercam","https:\/\/x.com\/strangercamapp"]}]}},"_links":{"self":[{"href":"https:\/\/strangercam.com\/cs\/wp-json\/wp\/v2\/pages\/11261","targetHints":{"allow":["GET"]}}],"collection":[{"href":"https:\/\/strangercam.com\/cs\/wp-json\/wp\/v2\/pages"}],"about":[{"href":"https:\/\/strangercam.com\/cs\/wp-json\/wp\/v2\/types\/page"}],"author":[{"embeddable":true,"href":"https:\/\/strangercam.com\/cs\/wp-json\/wp\/v2\/users\/6"}],"replies":[{"embeddable":true,"href":"https:\/\/strangercam.com\/cs\/wp-json\/wp\/v2\/comments?post=11261"}],"version-history":[{"count":0,"href":"https:\/\/strangercam.com\/cs\/wp-json\/wp\/v2\/pages\/11261\/revisions"}],"wp:featuredmedia":[{"embeddable":true,"href":"https:\/\/strangercam.com\/cs\/wp-json\/wp\/v2\/media\/559"}],"wp:attachment":[{"href":"https:\/\/strangercam.com\/cs\/wp-json\/wp\/v2\/media?parent=11261"}],"curies":[{"name":"wp","href":"https:\/\/api.w.org\/{rel}","templated":true}]}}