{"id":11248,"date":"2022-08-11T19:57:16","date_gmt":"2022-08-11T17:57:16","guid":{"rendered":"https:\/\/strangercam.com\/?page_id=11248"},"modified":"2023-08-21T12:38:41","modified_gmt":"2023-08-21T10:38:41","slug":"spinchat","status":"publish","type":"page","link":"https:\/\/strangercam.com\/cs\/spinchat\/","title":{"rendered":"Spinchat"},"content":{"rendered":"<p>Pokud se c\u00edt\u00edte osam\u011bl\u00ed nebo si chcete jen s n\u011bk\u00fdm popov\u00eddat, SpinChat je skv\u011bl\u00fdm m\u00edstem, kde to m\u016f\u017eete ud\u011blat. Tato str\u00e1nka <a href=\"https:\/\/strangercam.com\/cs\/chatroulette\/\">chat<\/a> na webu m\u016f\u017eete komunikovat s ciz\u00edmi lidmi po cel\u00e9m sv\u011bt\u011b a nikdy nev\u00edte, koho m\u016f\u017eete potkat. <a href=\"https:\/\/strangercam.com\/cs\/coomeet\/\">Seznamte se s<\/a>. Mo\u017en\u00e1 z\u00edsk\u00e1te nov\u00e9ho p\u0159\u00edtele nebo dokonce najdete sp\u0159\u00edzn\u011bnou du\u0161i. Tak pro\u010d to nezkusit?<\/p>\n<h2>Co je spinchat?<\/h2>\n<p>SpinChat je <a href=\"https:\/\/strangercam.com\/cs\/chathub\/\">n\u00e1hodn\u00fd videochat<\/a> web, kter\u00fd v\u00e1m umo\u017en\u00ed chatovat s cizinci z cel\u00e9ho sv\u011bta. Je to skv\u011bl\u00fd zp\u016fsob, jak poznat nov\u00e9 lidi a nav\u00e1zat nov\u00e1 p\u0159\u00e1telstv\u00ed. SpinChat m\u016f\u017eete vyu\u017e\u00edt tak\u00e9 k hled\u00e1n\u00ed l\u00e1sky nebo jen k z\u00e1bav\u011b.<\/p>\n<h2>Jak pou\u017e\u00edvat spinchat?<\/h2>\n<p>Pokud hled\u00e1te z\u00e1bavn\u00fd a snadn\u00fd zp\u016fsob, jak se sezn\u00e1mit s nov\u00fdmi lidmi, m\u011bli byste vyzkou\u0161et spinchat! Zde je n\u00e1vod, jak ho pou\u017e\u00edvat:<\/p>\n<ul>\n<li style=\"font-weight: 400;\" aria-level=\"1\">P\u0159ejd\u011bte na webov\u00e9 str\u00e1nky spinchatu a vytvo\u0159te si \u00fa\u010det.<\/li>\n<li style=\"font-weight: 400;\" aria-level=\"1\">Po p\u0159ihl\u00e1\u0161en\u00ed se zobraz\u00ed seznam v\u0161ech dostupn\u00fdch chatovac\u00edch m\u00edstnost\u00ed.<\/li>\n<li style=\"font-weight: 400;\" aria-level=\"1\">Vyberte si m\u00edstnost, kter\u00e1 v\u00e1s zaj\u00edm\u00e1, a za\u010dn\u011bte chatovat!<\/li>\n<li style=\"font-weight: 400;\" aria-level=\"1\">Chcete-li, aby to bylo zaj\u00edmav\u011bj\u0161\u00ed, zkuste pou\u017e\u00edt anonymn\u00ed re\u017eim, aby byla va\u0161e identita skryt\u00e1.<\/li>\n<li style=\"font-weight: 400;\" aria-level=\"1\">Bavte se a najd\u011bte si nov\u00e9 p\u0159\u00e1tele!<\/li>\n<\/ul>\n<h2>V\u00fdhody pou\u017e\u00edv\u00e1n\u00ed spinchatu<\/h2>\n<p>Pou\u017e\u00edv\u00e1n\u00ed spinchatu m\u00e1 mnoho v\u00fdhod, v\u010detn\u011b mo\u017enosti spojit se s lidmi z cel\u00e9ho sv\u011bta. D\u00edky spinchatu m\u016f\u017eete mluvit s ciz\u00edmi lidmi v bezpe\u010dn\u00e9m prost\u0159ed\u00ed. To m\u016f\u017ee b\u00fdt skv\u011bl\u00fd zp\u016fsob, jak si naj\u00edt nov\u00e9 p\u0159\u00e1tele nebo dokonce romantick\u00e9ho partnera. Krom\u011b toho je spinchat skv\u011bl\u00fdm zp\u016fsobem, jak poznat jin\u00e9 kultury a z\u00edskat p\u0159ehled o r\u016fzn\u00fdch \u010d\u00e1stech sv\u011bta.<\/p>\n<h2>Nebezpe\u010d\u00ed pou\u017e\u00edv\u00e1n\u00ed spinchatu<\/h2>\n<p>S pou\u017e\u00edv\u00e1n\u00edm spinchatu, soci\u00e1ln\u00ed s\u00edt\u011b, kter\u00e1 u\u017eivatel\u016fm umo\u017e\u0148uje komunikovat s ciz\u00edmi lidmi, je spojeno mnoho nebezpe\u010d\u00ed. N\u011bkter\u00e1 z t\u011bchto nebezpe\u010d\u00ed zahrnuj\u00ed:<\/p>\n<ul>\n<li style=\"font-weight: 400;\" aria-level=\"1\">Pred\u00e1to\u0159i: Existuj\u00ed pred\u00e1to\u0159i, kte\u0159\u00ed vyu\u017e\u00edvaj\u00ed spinchat k lovu d\u011bt\u00ed a zraniteln\u00fdch dosp\u011bl\u00fdch. Mohou p\u0159edst\u00edrat, \u017ee jsou n\u011bk\u00fdm, k\u00fdm nejsou, aby z\u00edskali va\u0161i d\u016fv\u011bru, a pak v\u00e1s citov\u011b nebo sexu\u00e1ln\u011b zneu\u017e\u00edvat.<\/li>\n<li style=\"font-weight: 400;\" aria-level=\"1\">Kyber\u0161ikana: Na spinchatu v\u00e1s m\u016f\u017ee kyber\u0161ikanovat n\u011bkdo, kdo v\u00e1s nem\u00e1 r\u00e1d nebo s v\u00e1mi nesouhlas\u00ed. To m\u016f\u017ee b\u00fdt velmi zra\u0148uj\u00edc\u00ed a zp\u016fsobit, \u017ee se budete c\u00edtit izolovan\u00ed.<\/li>\n<li style=\"font-weight: 400;\" aria-level=\"1\">Podvody a podvodn\u00e1 jedn\u00e1n\u00ed: Na spinchatu se vyskytuj\u00ed tak\u00e9 podvodn\u00edci, kte\u0159\u00ed se v\u00e1s sna\u017e\u00ed vyl\u00e1kat z pen\u011bz nebo osobn\u00edch \u00fadaj\u016f. Mohou se vyd\u00e1vat za n\u011bkoho jin\u00e9ho, aby z\u00edskali va\u0161i d\u016fv\u011bru, a pak v\u00e1s okradou.<\/li>\n<li style=\"font-weight: 400;\" aria-level=\"1\">Viry a malware: P\u0159i pou\u017e\u00edv\u00e1n\u00ed spinchatu si m\u016f\u017eete do po\u010d\u00edta\u010de ne\u00famysln\u011b st\u00e1hnout viry nebo malware. Ty mohou po\u0161kodit v\u00e1\u0161 po\u010d\u00edta\u010d a ohrozit va\u0161e osobn\u00ed \u00fadaje.<\/li>\n<li style=\"font-weight: 400;\" aria-level=\"1\">Z\u00e1vislost: N\u011bkte\u0159\u00ed lid\u00e9 se stanou na spinchatu z\u00e1visl\u00ed a tr\u00e1v\u00ed ve\u0161ker\u00fd \u010das chatov\u00e1n\u00edm s ciz\u00edmi lidmi, m\u00edsto aby d\u011blali produktivn\u011bj\u0161\u00ed v\u011bci. To m\u016f\u017ee v\u00e9st k probl\u00e9m\u016fm v re\u00e1ln\u00e9m \u017eivot\u011b, nap\u0159\u00edklad ke ztr\u00e1t\u011b pracovn\u00edch p\u0159\u00edle\u017eitost\u00ed nebo zanedb\u00e1v\u00e1n\u00ed p\u0159\u00e1tel a \u010dlen\u016f rodiny.<\/li>\n<\/ul>\n<h2>V\u00fdhody a nev\u00fdhody spinchatu<\/h2>\n<p>Pokud hled\u00e1te zp\u016fsob, jak se spojit s lidmi z cel\u00e9ho sv\u011bta, mo\u017en\u00e1 p\u0159em\u00fd\u0161l\u00edte, zda je SpinChat tou spr\u00e1vnou platformou pro v\u00e1s. V tomto p\u0159\u00edsp\u011bvku na blogu se pod\u00edv\u00e1me na v\u00fdhody a nev\u00fdhody pou\u017e\u00edv\u00e1n\u00ed SpinChatu, abyste se mohli sami rozhodnout, zda je pro v\u00e1s vhodn\u00fd.<\/p>\n<p>Pozitivn\u00ed je, \u017ee SpinChat nab\u00edz\u00ed skv\u011bl\u00fd zp\u016fsob, jak se spojit s lidmi ze v\u0161ech kout\u016f sv\u011bta. M\u016f\u017eete se p\u0159ipojit k chatovac\u00edm m\u00edstnostem na r\u016fzn\u00e1 t\u00e9mata nebo si zalo\u017eit vlastn\u00ed chatovac\u00ed m\u00edstnost a pozvat lidi, aby se k v\u00e1m p\u0159ipojili. Na platform\u011b m\u016f\u017eete tak\u00e9 pos\u00edlat soukrom\u00e9 zpr\u00e1vy ostatn\u00edm u\u017eivatel\u016fm.<\/p>\n<p>Dal\u0161\u00ed v\u00fdhodou slu\u017eby SpinChat je, \u017ee se jedn\u00e1 o bezplatnou platformu. Nemus\u00edte nic platit, abyste se mohli zaregistrovat nebo vyu\u017e\u00edvat funkce webu.<\/p>\n<p>Pou\u017e\u00edv\u00e1n\u00ed slu\u017eby SpinChat m\u00e1 v\u0161ak i n\u011bkter\u00e9 nev\u00fdhody. Jednou z nev\u00fdhod je, \u017ee str\u00e1nka nem\u00e1 \u017e\u00e1dn\u00e9 funkce, kter\u00e9 by v\u00e1m pomohly prov\u011b\u0159it lidi, se kter\u00fdmi mluv\u00edte. To znamen\u00e1, \u017ee m\u016f\u017eete nakonec mluvit s n\u011bk\u00fdm, kdo nen\u00ed t\u00edm, za koho se vyd\u00e1v\u00e1, nebo kdo m\u00e1 nekal\u00e9 \u00famysly.<\/p>\n<p>Dal\u0161\u00ed potenci\u00e1ln\u00ed nev\u00fdhodou je, \u017ee SpinChat nem\u00e1 aktivn\u00ed z\u00e1kaznickou podporu.<\/p>\n<h2>Jak co nejl\u00e9pe vyu\u017e\u00edt spinchat?<\/h2>\n<p>Pokud si chcete popov\u00eddat s ciz\u00edmi lidmi a naj\u00edt si nov\u00e9 p\u0159\u00e1tele, spinchat je skv\u011bl\u00fdm za\u010d\u00e1tkem. Zde je n\u011bkolik tip\u016f, kter\u00e9 v\u00e1m pomohou vyt\u011b\u017eit z t\u00e9to zku\u0161enosti co nejv\u00edce:<\/p>\n<ul>\n<li style=\"font-weight: 400;\" aria-level=\"1\">Bu\u010fte sami sebou - nemus\u00edte se p\u0159etva\u0159ovat ani se chovat jako n\u011bkdo, k\u00fdm nejste. Bu\u010fte sami sebou a mnohem sn\u00e1ze nav\u00e1\u017eete kontakt s ostatn\u00edmi.<\/li>\n<li style=\"font-weight: 400;\" aria-level=\"1\">Kladen\u00ed ot\u00e1zek - lid\u00e9 r\u00e1di mluv\u00ed o sob\u011b, tak\u017ee se ptejte na spoustu ot\u00e1zek, abyste rozproudili konverzaci.<\/li>\n<li style=\"font-weight: 400;\" aria-level=\"1\">Bu\u010fte uctiv\u00ed - nezapome\u0148te, \u017ee ka\u017ed\u00fd, s k\u00fdm chatujete, je skute\u010dn\u00fd \u010dlov\u011bk, stejn\u011b jako vy, tak\u017ee se k n\u011bmu chovejte s respektem a zdvo\u0159ile.<\/li>\n<li style=\"font-weight: 400;\" aria-level=\"1\">\u00a0Bavte se! - chatov\u00e1n\u00ed s nov\u00fdmi lidmi m\u016f\u017ee b\u00fdt p\u0159\u00edjemn\u00e9, tak\u017ee se uvoln\u011bte a bavte se!<\/li>\n<\/ul>\n<h2>O \u010dem diskutovat s ciz\u00edmi lidmi na videochatu?<\/h2>\n<p>V dne\u0161n\u00edm sv\u011bt\u011b je snadn\u00e9 c\u00edtit se odlou\u010den\u011b a osam\u011ble. D\u00edky v\u0161em technologi\u00edm, kter\u00e9 m\u00e1me na dosah ruky, je snadn\u00e9 proch\u00e1zet \u017eivotem, ani\u017e bychom se s n\u011bk\u00fdm skute\u010dn\u011b spojili na hlub\u0161\u00ed \u00farovni. Proto m\u016f\u017ee b\u00fdt videochat tak skv\u011bl\u00fdm zp\u016fsobem, jak se spojit s ostatn\u00edmi.<\/p>\n<p>Kdy\u017e mluv\u00edte s ciz\u00edmi lidmi na <a href=\"https:\/\/strangercam.com\/cs\/rabbit-video-chat\/\">videochat<\/a>, existuje nekone\u010dn\u00e9 mno\u017estv\u00ed mo\u017enost\u00ed zaj\u00edmav\u00e9 konverzace. A\u0165 u\u017e chcete mluvit o aktu\u00e1ln\u00edch ud\u00e1lostech, popkultu\u0159e nebo jen o sv\u00e9m ka\u017edodenn\u00edm \u017eivot\u011b, ur\u010dit\u011b si budete m\u00edt o \u010dem pov\u00eddat. A kdo v\u00ed? Mo\u017en\u00e1 si p\u0159i tom najdete nov\u00e9ho p\u0159\u00edtele.<\/p>\n<h2>Pro\u010d spinchat je tak popul\u00e1rn\u00ed n\u00e1hodn\u00fd video chatovac\u00ed platforma?<\/h2>\n<p>Existuje mnoho d\u016fvod\u016f, pro\u010d je spinchat tak obl\u00edbenou platformou pro n\u00e1hodn\u00fd videochat. Jedn\u00edm z nich je, \u017ee je zdarma. Dal\u0161\u00edm d\u016fvodem je, \u017ee se snadno pou\u017e\u00edv\u00e1 a nevy\u017eaduje \u017e\u00e1dnou registraci. A kone\u010dn\u011b poskytuje u\u017eivatel\u016fm skv\u011bl\u00fd zp\u016fsob, jak se sezn\u00e1mit s nov\u00fdmi lidmi a nav\u00e1zat nov\u00e1 p\u0159\u00e1telstv\u00ed.<\/p>\n<h2>Jak z\u016fstat v bezpe\u010d\u00ed na spinchatu<\/h2>\n<p>Spinchat je skv\u011bl\u00e1 platforma pro pozn\u00e1v\u00e1n\u00ed nov\u00fdch lid\u00ed a navazov\u00e1n\u00ed p\u0159\u00e1telstv\u00ed. Je v\u0161ak d\u016fle\u017eit\u00e9, abyste p\u0159i komunikaci s ciz\u00edmi lidmi online z\u016fstali v bezpe\u010d\u00ed. Zde je n\u011bkolik tip\u016f, kter\u00e9 v\u00e1m pomohou z\u016fstat na spinchatu v bezpe\u010d\u00ed:<\/p>\n<ul>\n<li style=\"font-weight: 400;\" aria-level=\"1\">Neposkytujte osobn\u00ed \u00fadaje. Pat\u0159\u00ed sem va\u0161e cel\u00e9 jm\u00e9no, adresa, telefonn\u00ed \u010d\u00edslo atd.<\/li>\n<li style=\"font-weight: 400;\" aria-level=\"1\">Pokud se kv\u016fli n\u011bkomu nec\u00edt\u00edte dob\u0159e, zablokujte ho a nahlaste moder\u00e1tor\u016fm.<\/li>\n<li style=\"font-weight: 400;\" aria-level=\"1\">Nesetk\u00e1vejte se s n\u011bk\u00fdm, koho jste <a href=\"https:\/\/strangercam.com\/cs\/chamet\/\">met<\/a> osobn\u011b online.<\/li>\n<li style=\"font-weight: 400;\" aria-level=\"1\">Pomoc\u00ed soukrom\u00fdch zpr\u00e1v m\u016f\u017eete komunikovat s lidmi, kter\u00e9 zn\u00e1te a kter\u00fdm d\u016fv\u011b\u0159ujete.<\/li>\n<\/ul>\n<p>Dodr\u017eov\u00e1n\u00edm t\u011bchto jednoduch\u00fdch bezpe\u010dnostn\u00edch tip\u016f si m\u016f\u017eete spinchat skv\u011ble u\u017e\u00edt a z\u00e1rove\u0148 z\u016fstat v bezpe\u010d\u00ed.<\/p>\n<h2>Z\u00e1v\u011br<\/h2>\n<p>Jednou z nejlep\u0161\u00edch v\u011bc\u00ed na soci\u00e1ln\u00edch s\u00edt\u00edch je mo\u017enost spojit se s podobn\u011b sm\u00fd\u0161lej\u00edc\u00edmi lidmi z cel\u00e9ho sv\u011bta. A\u0165 u\u017e hled\u00e1te p\u0159\u00e1telstv\u00ed, odbornou radu nebo si jen chcete s n\u011bk\u00fdm popov\u00eddat, existuje spousta komunit, kter\u00e9 v\u00e1m budou vyhovovat. Skv\u011bl\u00fdm p\u0159\u00edkladem je spinchat - platforma, kter\u00e1 u\u017eivatel\u016fm umo\u017e\u0148uje hovo\u0159it s ciz\u00edmi lidmi prost\u0159ednictv\u00edm videochatu. Pokud se n\u011bkdy c\u00edt\u00edte ztraceni a nev\u00edte, kam se obr\u00e1tit, vyzkou\u0161ejte spinchat!<\/p>","protected":false},"excerpt":{"rendered":"<p>If you&#8217;re feeling lonely or just want to talk to someone, SpinChat is a great place to do it. This chat site lets you talk to strangers all over the world, and you never know who you might meet. You might make a new friend, or even find your soulmate. So why not give it [&hellip;]<\/p>\n","protected":false},"author":6,"featured_media":559,"parent":0,"menu_order":0,"comment_status":"closed","ping_status":"closed","template":"","meta":{"footnotes":""},"class_list":["post-11248","page","type-page","status-publish","has-post-thumbnail","hentry"],"yoast_head":"<!-- This site is optimized with the Yoast SEO plugin v27.4 - https:\/\/yoast.com\/product\/yoast-seo-wordpress\/ -->\n<title>Spinchat - Chat with strangers on StrangerCam.com<\/title>\n<meta name=\"description\" content=\"Like Spinchat? Come chat with more than 5.000.000 strangers on Stranger Cam for Free! Turn on your cam and find new friends &amp; maby a match!\" \/>\n<meta name=\"robots\" content=\"index, follow, max-snippet:-1, max-image-preview:large, max-video-preview:-1\" \/>\n<link rel=\"canonical\" href=\"https:\/\/strangercam.com\/cs\/spinchat\/\" \/>\n<meta property=\"og:locale\" content=\"cs_CZ\" \/>\n<meta property=\"og:type\" content=\"article\" \/>\n<meta property=\"og:title\" content=\"Spinchat - Chat with strangers on StrangerCam.com\" \/>\n<meta property=\"og:description\" content=\"Like Spinchat? Come chat with more than 5.000.000 strangers on Stranger Cam for Free! Turn on your cam and find new friends &amp; maby a match!\" \/>\n<meta property=\"og:url\" content=\"https:\/\/strangercam.com\/cs\/spinchat\/\" \/>\n<meta property=\"og:site_name\" content=\"Strangercam\" \/>\n<meta property=\"article:publisher\" content=\"https:\/\/www.facebook.com\/strangercam\" \/>\n<meta property=\"article:modified_time\" content=\"2023-08-21T10:38:41+00:00\" \/>\n<meta property=\"og:image\" content=\"https:\/\/strangercam.com\/wp-content\/uploads\/2020\/11\/stranger-cam-1.png\" \/>\n\t<meta property=\"og:image:width\" content=\"800\" \/>\n\t<meta property=\"og:image:height\" content=\"800\" \/>\n\t<meta property=\"og:image:type\" content=\"image\/png\" \/>\n<meta name=\"twitter:card\" content=\"summary_large_image\" \/>\n<meta name=\"twitter:site\" content=\"@strangercamapp\" \/>\n<meta name=\"twitter:label1\" content=\"Odhadovan\u00e1 doba \u010dten\u00ed\" \/>\n\t<meta name=\"twitter:data1\" content=\"6 minut\" \/>\n<script type=\"application\/ld+json\" class=\"yoast-schema-graph\">{\"@context\":\"https:\\\/\\\/schema.org\",\"@graph\":[{\"@type\":\"WebPage\",\"@id\":\"https:\\\/\\\/strangercam.com\\\/spinchat\\\/\",\"url\":\"https:\\\/\\\/strangercam.com\\\/spinchat\\\/\",\"name\":\"Spinchat - Chat with strangers on StrangerCam.com\",\"isPartOf\":{\"@id\":\"https:\\\/\\\/strangercam.com\\\/#website\"},\"primaryImageOfPage\":{\"@id\":\"https:\\\/\\\/strangercam.com\\\/spinchat\\\/#primaryimage\"},\"image\":{\"@id\":\"https:\\\/\\\/strangercam.com\\\/spinchat\\\/#primaryimage\"},\"thumbnailUrl\":\"https:\\\/\\\/strangercam.com\\\/wp-content\\\/uploads\\\/2020\\\/11\\\/stranger-cam-1.png\",\"datePublished\":\"2022-08-11T17:57:16+00:00\",\"dateModified\":\"2023-08-21T10:38:41+00:00\",\"description\":\"Like Spinchat? Come chat with more than 5.000.000 strangers on Stranger Cam for Free! Turn on your cam and find new friends & maby a match!\",\"breadcrumb\":{\"@id\":\"https:\\\/\\\/strangercam.com\\\/spinchat\\\/#breadcrumb\"},\"inLanguage\":\"cs\",\"potentialAction\":[{\"@type\":\"ReadAction\",\"target\":[\"https:\\\/\\\/strangercam.com\\\/spinchat\\\/\"]}]},{\"@type\":\"ImageObject\",\"inLanguage\":\"cs\",\"@id\":\"https:\\\/\\\/strangercam.com\\\/spinchat\\\/#primaryimage\",\"url\":\"https:\\\/\\\/strangercam.com\\\/wp-content\\\/uploads\\\/2020\\\/11\\\/stranger-cam-1.png\",\"contentUrl\":\"https:\\\/\\\/strangercam.com\\\/wp-content\\\/uploads\\\/2020\\\/11\\\/stranger-cam-1.png\",\"width\":800,\"height\":800,\"caption\":\"stranger cam random video chat\"},{\"@type\":\"BreadcrumbList\",\"@id\":\"https:\\\/\\\/strangercam.com\\\/spinchat\\\/#breadcrumb\",\"itemListElement\":[{\"@type\":\"ListItem\",\"position\":1,\"name\":\"Home\",\"item\":\"https:\\\/\\\/strangercam.com\\\/\"},{\"@type\":\"ListItem\",\"position\":2,\"name\":\"Spinchat\"}]},{\"@type\":\"WebSite\",\"@id\":\"https:\\\/\\\/strangercam.com\\\/#website\",\"url\":\"https:\\\/\\\/strangercam.com\\\/\",\"name\":\"Strangercam\",\"description\":\"Random Video Chat with Strangers\",\"publisher\":{\"@id\":\"https:\\\/\\\/strangercam.com\\\/#organization\"},\"alternateName\":\"Strangercam.com\",\"potentialAction\":[{\"@type\":\"SearchAction\",\"target\":{\"@type\":\"EntryPoint\",\"urlTemplate\":\"https:\\\/\\\/strangercam.com\\\/?s={search_term_string}\"},\"query-input\":{\"@type\":\"PropertyValueSpecification\",\"valueRequired\":true,\"valueName\":\"search_term_string\"}}],\"inLanguage\":\"cs\"},{\"@type\":\"Organization\",\"@id\":\"https:\\\/\\\/strangercam.com\\\/#organization\",\"name\":\"Strangercam\",\"alternateName\":\"Strangercam.com\",\"url\":\"https:\\\/\\\/strangercam.com\\\/\",\"logo\":{\"@type\":\"ImageObject\",\"inLanguage\":\"cs\",\"@id\":\"https:\\\/\\\/strangercam.com\\\/#\\\/schema\\\/logo\\\/image\\\/\",\"url\":\"https:\\\/\\\/strangercam.com\\\/wp-content\\\/uploads\\\/2020\\\/11\\\/cropped-new-favicon-black.png\",\"contentUrl\":\"https:\\\/\\\/strangercam.com\\\/wp-content\\\/uploads\\\/2020\\\/11\\\/cropped-new-favicon-black.png\",\"width\":512,\"height\":512,\"caption\":\"Strangercam\"},\"image\":{\"@id\":\"https:\\\/\\\/strangercam.com\\\/#\\\/schema\\\/logo\\\/image\\\/\"},\"sameAs\":[\"https:\\\/\\\/www.facebook.com\\\/strangercam\",\"https:\\\/\\\/x.com\\\/strangercamapp\"]}]}<\/script>\n<!-- \/ Yoast SEO plugin. -->","yoast_head_json":{"title":"Spinchat - Chat s cizinci na StrangerCam.com","description":"Jako Spinchat? Poj\u010fte si zdarma popov\u00eddat s v\u00edce ne\u017e 5 000 000 cizinci na Stranger Cam! Zapn\u011bte si kameru a najd\u011bte nov\u00e9 p\u0159\u00e1tele &amp; maby z\u00e1pas!","robots":{"index":"index","follow":"follow","max-snippet":"max-snippet:-1","max-image-preview":"max-image-preview:large","max-video-preview":"max-video-preview:-1"},"canonical":"https:\/\/strangercam.com\/cs\/spinchat\/","og_locale":"cs_CZ","og_type":"article","og_title":"Spinchat - Chat with strangers on StrangerCam.com","og_description":"Like Spinchat? Come chat with more than 5.000.000 strangers on Stranger Cam for Free! Turn on your cam and find new friends & maby a match!","og_url":"https:\/\/strangercam.com\/cs\/spinchat\/","og_site_name":"Strangercam","article_publisher":"https:\/\/www.facebook.com\/strangercam","article_modified_time":"2023-08-21T10:38:41+00:00","og_image":[{"width":800,"height":800,"url":"https:\/\/strangercam.com\/wp-content\/uploads\/2020\/11\/stranger-cam-1.png","type":"image\/png"}],"twitter_card":"summary_large_image","twitter_site":"@strangercamapp","twitter_misc":{"Odhadovan\u00e1 doba \u010dten\u00ed":"6 minut"},"schema":{"@context":"https:\/\/schema.org","@graph":[{"@type":"WebPage","@id":"https:\/\/strangercam.com\/spinchat\/","url":"https:\/\/strangercam.com\/spinchat\/","name":"Spinchat - Chat s cizinci na StrangerCam.com","isPartOf":{"@id":"https:\/\/strangercam.com\/#website"},"primaryImageOfPage":{"@id":"https:\/\/strangercam.com\/spinchat\/#primaryimage"},"image":{"@id":"https:\/\/strangercam.com\/spinchat\/#primaryimage"},"thumbnailUrl":"https:\/\/strangercam.com\/wp-content\/uploads\/2020\/11\/stranger-cam-1.png","datePublished":"2022-08-11T17:57:16+00:00","dateModified":"2023-08-21T10:38:41+00:00","description":"Jako Spinchat? Poj\u010fte si zdarma popov\u00eddat s v\u00edce ne\u017e 5 000 000 cizinci na Stranger Cam! Zapn\u011bte si kameru a najd\u011bte nov\u00e9 p\u0159\u00e1tele &amp; maby z\u00e1pas!","breadcrumb":{"@id":"https:\/\/strangercam.com\/spinchat\/#breadcrumb"},"inLanguage":"cs","potentialAction":[{"@type":"ReadAction","target":["https:\/\/strangercam.com\/spinchat\/"]}]},{"@type":"ImageObject","inLanguage":"cs","@id":"https:\/\/strangercam.com\/spinchat\/#primaryimage","url":"https:\/\/strangercam.com\/wp-content\/uploads\/2020\/11\/stranger-cam-1.png","contentUrl":"https:\/\/strangercam.com\/wp-content\/uploads\/2020\/11\/stranger-cam-1.png","width":800,"height":800,"caption":"stranger cam random video chat"},{"@type":"BreadcrumbList","@id":"https:\/\/strangercam.com\/spinchat\/#breadcrumb","itemListElement":[{"@type":"ListItem","position":1,"name":"Home","item":"https:\/\/strangercam.com\/"},{"@type":"ListItem","position":2,"name":"Spinchat"}]},{"@type":"WebSite","@id":"https:\/\/strangercam.com\/#website","url":"https:\/\/strangercam.com\/","name":"Strangercam","description":"N\u00e1hodn\u00fd videochat s ciz\u00edmi lidmi","publisher":{"@id":"https:\/\/strangercam.com\/#organization"},"alternateName":"Strangercam.com","potentialAction":[{"@type":"SearchAction","target":{"@type":"EntryPoint","urlTemplate":"https:\/\/strangercam.com\/?s={search_term_string}"},"query-input":{"@type":"PropertyValueSpecification","valueRequired":true,"valueName":"search_term_string"}}],"inLanguage":"cs"},{"@type":"Organization","@id":"https:\/\/strangercam.com\/#organization","name":"Strangercam","alternateName":"Strangercam.com","url":"https:\/\/strangercam.com\/","logo":{"@type":"ImageObject","inLanguage":"cs","@id":"https:\/\/strangercam.com\/#\/schema\/logo\/image\/","url":"https:\/\/strangercam.com\/wp-content\/uploads\/2020\/11\/cropped-new-favicon-black.png","contentUrl":"https:\/\/strangercam.com\/wp-content\/uploads\/2020\/11\/cropped-new-favicon-black.png","width":512,"height":512,"caption":"Strangercam"},"image":{"@id":"https:\/\/strangercam.com\/#\/schema\/logo\/image\/"},"sameAs":["https:\/\/www.facebook.com\/strangercam","https:\/\/x.com\/strangercamapp"]}]}},"_links":{"self":[{"href":"https:\/\/strangercam.com\/cs\/wp-json\/wp\/v2\/pages\/11248","targetHints":{"allow":["GET"]}}],"collection":[{"href":"https:\/\/strangercam.com\/cs\/wp-json\/wp\/v2\/pages"}],"about":[{"href":"https:\/\/strangercam.com\/cs\/wp-json\/wp\/v2\/types\/page"}],"author":[{"embeddable":true,"href":"https:\/\/strangercam.com\/cs\/wp-json\/wp\/v2\/users\/6"}],"replies":[{"embeddable":true,"href":"https:\/\/strangercam.com\/cs\/wp-json\/wp\/v2\/comments?post=11248"}],"version-history":[{"count":0,"href":"https:\/\/strangercam.com\/cs\/wp-json\/wp\/v2\/pages\/11248\/revisions"}],"wp:featuredmedia":[{"embeddable":true,"href":"https:\/\/strangercam.com\/cs\/wp-json\/wp\/v2\/media\/559"}],"wp:attachment":[{"href":"https:\/\/strangercam.com\/cs\/wp-json\/wp\/v2\/media?parent=11248"}],"curies":[{"name":"wp","href":"https:\/\/api.w.org\/{rel}","templated":true}]}}