{"id":11235,"date":"2022-08-11T19:54:01","date_gmt":"2022-08-11T17:54:01","guid":{"rendered":"https:\/\/strangercam.com\/?page_id=11235"},"modified":"2023-10-23T09:41:42","modified_gmt":"2023-10-23T07:41:42","slug":"datova-cesta","status":"publish","type":"page","link":"https:\/\/strangercam.com\/cs\/dateway\/","title":{"rendered":"Dateway"},"content":{"rendered":"<p>V dne\u0161n\u00edm sv\u011bt\u011b m\u016f\u017ee b\u00fdt obt\u00ed\u017en\u00e9. <a href=\"https:\/\/strangercam.com\/cs\/coomeet\/\">Seznamte se s<\/a> nov\u00e9 lidi a navazovat kontakty. Vzhledem k nabit\u00e9mu rozvrhu v\u0161ech lid\u00ed je t\u011b\u017ek\u00e9 naj\u00edt si \u010das na spole\u010densk\u00e9 akce. Na\u0161t\u011bst\u00ed nyn\u00ed existuj\u00ed online platformy, kter\u00e9 s t\u00edm mohou pomoci, jako nap\u0159\u00edklad Dateway.<\/p>\n<p>Dateway je aplikace, kter\u00e1 v\u00e1m umo\u017en\u00ed <a href=\"https:\/\/strangercam.com\/cs\/chatroulette\/\">chat<\/a> s cizinci z cel\u00e9ho sv\u011bta. Je to skv\u011bl\u00fd zp\u016fsob, jak se sezn\u00e1mit s nov\u00fdmi lidmi a poznat r\u016fzn\u00e9 kultury. Nikdy nev\u00edte, koho na Dateway potk\u00e1te - tak na co je\u0161t\u011b \u010dek\u00e1te? Zkuste to je\u0161t\u011b dnes!<\/p>\n<h2>Co je dateway?<\/h2>\n<p>Dateway je platforma soci\u00e1ln\u00edch m\u00e9di\u00ed, kter\u00e1 u\u017eivatel\u016fm umo\u017e\u0148uje spojit se s lidmi z cel\u00e9ho sv\u011bta. Platforma poskytuje u\u017eivatel\u016fm bezpe\u010dn\u00e9 prost\u0159ed\u00ed pro vz\u00e1jemnou komunikaci. Dateway nab\u00edz\u00ed tak\u00e9 \u0159adu funkc\u00ed, jako je videochat a zas\u00edl\u00e1n\u00ed zpr\u00e1v, kter\u00e9 u\u017eivatel\u016fm usnad\u0148uj\u00ed vz\u00e1jemn\u00e9 spojen\u00ed.<\/p>\n<h2>Jak\u00e9 jsou v\u00fdhody komunikace s ciz\u00edmi lidmi na dateway?<\/h2>\n<p>Komunikace s ciz\u00edmi lidmi na datov\u00e9 s\u00edti m\u00e1 mnoho v\u00fdhod. M\u016f\u017eete se tak sezn\u00e1mit s nov\u00fdmi lidmi, naj\u00edt si nov\u00e9 p\u0159\u00e1tele a poznat r\u016fzn\u00e9 kultury a \u017eivotn\u00ed styly. M\u016f\u017ee v\u00e1m tak\u00e9 pomoci zlep\u0161it va\u0161e komunika\u010dn\u00ed dovednosti a pos\u00edlit va\u0161e sebev\u011bdom\u00ed. Rozhovory s ciz\u00edmi lidmi mohou b\u00fdt skv\u011bl\u00fdm zp\u016fsobem, jak se dozv\u011bd\u011bt v\u00edce o sob\u011b a o sv\u011bt\u011b kolem v\u00e1s.<\/p>\n<h2>Jak zah\u00e1jit konverzaci na dateway?<\/h2>\n<p>Pokud hled\u00e1te zp\u016fsob, jak za\u010d\u00edt konverzaci na dateway, jste na spr\u00e1vn\u00e9m m\u00edst\u011b. D\u00e1me v\u00e1m n\u011bkolik tip\u016f, jak prolomit ledy a rozproudit konverzaci.<\/p>\n<p>Nejprve se pod\u00edvejte na profil dan\u00e9 osoby a zjist\u011bte, zda v\u00e1s na n\u011bm n\u011bco zaujalo. Pokud vid\u00edte n\u011bco, co m\u00e1te spole\u010dn\u00e9ho, zmi\u0148te to v \u00favodn\u00ed zpr\u00e1v\u011b. Nap\u0159\u00edklad: \"Vid\u011bl jsem, \u017ee jsi fanou\u0161ek skupiny The Beatles. J\u00e1 jsem tak\u00e9 jejich velk\u00fd fanou\u0161ek!\" Je to skv\u011bl\u00fd zp\u016fsob, jak za\u010d\u00edt konverzaci, proto\u017ee ukazuje, \u017ee m\u00e1te n\u011bco spole\u010dn\u00e9ho.<\/p>\n<p>Dal\u0161\u00edm skv\u011bl\u00fdm zp\u016fsobem, jak za\u010d\u00edt konverzaci, je polo\u017eit ot\u00e1zku. M\u016f\u017ee se t\u00fdkat \u010dehokoli, co v\u00e1s zaj\u00edm\u00e1. Nap\u0159\u00edklad: \"Cht\u011bl jsem se zeptat, jestli byste mi mohl doporu\u010dit n\u011bjakou dobrou knihu o rand\u011bn\u00ed?\". D\u00e1te t\u00edm najevo, \u017ee m\u00e1te z\u00e1jem poznat druhou osobu a jste ochotni se zapojit do diskuse.<\/p>\n<p>A kone\u010dn\u011b, nebojte se b\u00fdt sami sebou! Nejhor\u0161\u00ed, co se m\u016f\u017ee st\u00e1t, je, \u017ee druh\u00e1 osoba nebude reagovat. Ale i kdy\u017e se to stane, nen\u00ed to konec sv\u011bta. Najdete si n\u011bkoho jin\u00e9ho, kdo bude m\u00edt z\u00e1jem si s v\u00e1mi popov\u00eddat. Tak\u017ee jd\u011bte ven a za\u010dn\u011bte<\/p>\n<h2>O \u010dem se d\u00e1 na dateway mluvit?<\/h2>\n<p>Pokud jde o online seznamov\u00e1n\u00ed, na Dateway se m\u016f\u017eete bavit o mnoha v\u011bcech. D\u016fle\u017eit\u00e9 je, aby konverzace plynula a abyste se vyhnuli trapn\u00e9mu ml\u010den\u00ed. Zde je n\u011bkolik v\u011bc\u00ed, o kter\u00fdch m\u016f\u017eete na Dateway mluvit:<\/p>\n<p>Va\u0161e kon\u00ed\u010dky a z\u00e1jmy: To je skv\u011bl\u00fd zp\u016fsob, jak zjistit, zda m\u00e1te s druhou osobou n\u011bjak\u00e9 spole\u010dn\u00e9 z\u00e1jmy. Rozhovor o va\u0161ich kon\u00ed\u010dc\u00edch a z\u00e1jmech m\u016f\u017ee tak\u00e9 pomoci prolomit ledy a zah\u00e1jit konverzaci.<\/p>\n<p>Va\u0161e pr\u00e1ce nebo studium: To je dal\u0161\u00ed skv\u011bl\u00e9 t\u00e9ma pro rozhovor na Dateway. M\u016f\u017ee v\u00e1m pomoci zjistit, zda m\u00e1te s druhou osobou n\u011bjakou spole\u010dnou \u0159e\u010d. Pov\u00edd\u00e1n\u00ed o va\u0161\u00ed pr\u00e1ci nebo studiu m\u016f\u017ee tak\u00e9 pomoci udr\u017eet konverzaci v chodu.<\/p>\n<p>Va\u0161e rodina a p\u0159\u00e1tel\u00e9: Je to skv\u011bl\u00fd zp\u016fsob, jak se s druhou osobou l\u00e9pe sezn\u00e1mit. Pov\u00edd\u00e1n\u00ed o va\u0161\u00ed rodin\u011b a p\u0159\u00e1tel\u00edch m\u016f\u017ee pomoci nav\u00e1zat s druhou osobou kontakt.<\/p>\n<p>Va\u0161e sny a touhy: Je to skv\u011bl\u00fd zp\u016fsob, jak druh\u00e9ho motivovat a inspirovat. Mluvit o sv\u00fdch snech a aspirac\u00edch m\u016f\u017ee tak\u00e9 pomoci udr\u017eet konverzaci v chodu.<\/p>\n<h2>Jak ukon\u010dit konverzaci na dateway?<\/h2>\n<p>Pokud jste na dateway a chcete ukon\u010dit konverzaci, m\u016f\u017eete ud\u011blat n\u011bkolik v\u011bc\u00ed. Zaprv\u00e9 m\u016f\u017eete zkusit odm\u00edtnout dal\u0161\u00ed pozv\u00e1n\u00ed k chatu. Pokud druh\u00e1 osoba trv\u00e1 na sv\u00e9m, m\u016f\u017eete b\u00fdt p\u0159\u00edm\u00ed a \u0159\u00edct, \u017ee nem\u00e1te z\u00e1jem o rozhovor. Pokud bude osoba p\u0159\u00edli\u0161 neodbytn\u00e1, m\u016f\u017eete ji tak\u00e9 zablokovat.<\/p>\n<h2>Jak\u00e9 jsou z\u00e1sady a z\u00e1sady pro komunikaci s ciz\u00edmi lidmi na datov\u00e9 s\u00edti?<\/h2>\n<p>P\u0159i komunikaci s ciz\u00edmi lidmi na datov\u00e9 s\u00edti je d\u016fle\u017eit\u00e9 si uv\u011bdomit n\u011bkolik z\u00e1kladn\u00edch z\u00e1sad \"co d\u011blat\" a \"co ned\u011blat\". Zaprv\u00e9 se ujist\u011bte, \u017ee jste v bezpe\u010d\u00ed, a nesd\u011blujte osob\u011b, se kterou hovo\u0159\u00edte, \u017e\u00e1dn\u00e9 osobn\u00ed \u00fadaje. Za druh\u00e9, respektujte druhou osobu a jej\u00ed osobn\u00ed hranice. A kone\u010dn\u011b, pokud se konverzace vyv\u00edj\u00ed dob\u0159e, postupujte p\u0159im\u011b\u0159en\u011b pomalu, abyste na druh\u00e9ho nevystupovali p\u0159\u00edli\u0161 d\u016frazn\u011b.<\/p>\n<h2>Pro\u010d je dateway tak popul\u00e1rn\u00ed n\u00e1hodn\u00e1 platforma pro videochatov\u00e1n\u00ed?<\/h2>\n<p>Existuje mnoho d\u016fvod\u016f, pro\u010d <a href=\"https:\/\/strangercam.com\/cs\/echat\/\">EChat<\/a> je tak obl\u00edbenou platformou pro n\u00e1hodn\u00fd videochat. Za prv\u00e9, je zcela zdarma. Nemus\u00edte si zakl\u00e1dat \u00fa\u010det ani nic podobn\u00e9ho. Sta\u010d\u00ed otev\u0159\u00edt aplikaci a za\u010d\u00edt chatovat. Dal\u0161\u00edm d\u016fvodem je, \u017ee se velmi snadno pou\u017e\u00edv\u00e1. Rozhran\u00ed je jednoduch\u00e9 a p\u0159ehledn\u00e9. A kone\u010dn\u011b, v ka\u017ed\u00e9m okam\u017eiku jsou online v\u017edy tis\u00edce lid\u00ed, tak\u017ee se nikdy nebudete nudit.<\/p>\n<h2>Jak funguje slu\u017eba dateway?<\/h2>\n<p>Na tuto ot\u00e1zku neexistuje jednozna\u010dn\u00e1 odpov\u011b\u010f, proto\u017ee Dateway lze pou\u017e\u00edt mnoha r\u016fzn\u00fdmi zp\u016fsoby. N\u011bkte\u0159\u00ed lid\u00e9 ji pou\u017e\u00edvaj\u00ed k seznamov\u00e1n\u00ed a navazov\u00e1n\u00ed p\u0159\u00e1telstv\u00ed, jin\u00ed ji pou\u017e\u00edvaj\u00ed k hled\u00e1n\u00ed potenci\u00e1ln\u00edch romantick\u00fdch partner\u016f. Bez ohledu na to, jak ji pou\u017e\u00edv\u00e1te, je v\u0161ak Dateway navr\u017eena tak, aby v\u00e1m pomohla nav\u00e1zat kontakt s ostatn\u00edmi, kte\u0159\u00ed sd\u00edlej\u00ed va\u0161e z\u00e1jmy a hodnoty.<\/p>\n<h2>Jak z\u016fstat v bezpe\u010d\u00ed p\u0159i pou\u017e\u00edv\u00e1n\u00ed libovoln\u00e9 platformy pro videochat?<\/h2>\n<p>Co se t\u00fd\u010de bezpe\u010dnosti na internetu, jednou z nejd\u016fle\u017eit\u011bj\u0161\u00edch v\u011bc\u00ed, kterou je t\u0159eba si zapamatovat, je nikdy se nesetk\u00e1vat s n\u011bk\u00fdm, koho jste <a href=\"https:\/\/strangercam.com\/cs\/chamet\/\">met<\/a> osobn\u011b online. P\u0159esto\u017ee existuje spousta zp\u016fsob\u016f, jak z\u016fstat v bezpe\u010d\u00ed p\u0159i pou\u017e\u00edv\u00e1n\u00ed <a href=\"https:\/\/strangercam.com\/cs\/chathub\/\">n\u00e1hodn\u00fd videochat<\/a> platformy, jako je Dateway, jsou tak\u00e9 spojena ur\u010dit\u00e1 rizika.<\/p>\n<p>Nejlep\u0161\u00ed zp\u016fsob, jak z\u016fstat v bezpe\u010d\u00ed p\u0159i pou\u017e\u00edv\u00e1n\u00ed jak\u00e9koli n\u00e1hodn\u00e9 platformy pro videochat, je ujistit se, \u017ee nikdy nikomu neposkytnete osobn\u00ed \u00fadaje. To se t\u00fdk\u00e1 va\u0161eho cel\u00e9ho jm\u00e9na, adresy, telefonn\u00edho \u010d\u00edsla nebo dokonce \u00fa\u010dt\u016f na soci\u00e1ln\u00edch s\u00edt\u00edch. D\u016fle\u017eit\u00e9 je tak\u00e9 nikdy nesouhlasit s osobn\u00edm setk\u00e1n\u00edm s n\u011bk\u00fdm, s k\u00fdm se sezn\u00e1m\u00edte online.<\/p>\n<p>Pokud se rozhodnete sej\u00edt s n\u011bk\u00fdm, s k\u00fdm jste se sezn\u00e1mili online, ujist\u011bte se, \u017ee to ud\u011bl\u00e1te na ve\u0159ejn\u00e9m m\u00edst\u011b a \u017ee jste \u0159ekli p\u0159\u00edteli nebo \u010dlenovi rodiny, kam jdete. Nikdy necho\u010fte sami a v\u017edy m\u011bjte pl\u00e1n \u00faniku, pokud se nebudete c\u00edtit bezpe\u010dn\u011b.<\/p>\n<p>N\u00e1hodn\u00e9 platformy pro videochat mohou b\u00fdt z\u00e1bavn\u00e9, ale je d\u016fle\u017eit\u00e9 v\u017edy up\u0159ednost\u0148ovat svou bezpe\u010dnost. Dodr\u017eov\u00e1n\u00edm t\u011bchto jednoduch\u00fdch rad si m\u016f\u017eete zajistit bezpe\u010dn\u00fd a p\u0159\u00edjemn\u00fd z\u00e1\u017eitek.<\/p>\n<h2>Z\u00e1v\u011br<\/h2>\n<p>Pokud hled\u00e1te z\u00e1bavn\u00fd a snadn\u00fd zp\u016fsob, jak se sezn\u00e1mit s nov\u00fdmi lidmi, doporu\u010duji pou\u017e\u00edt aplikaci Dateway. Je to skv\u011bl\u00fd zp\u016fsob, jak se spojit s lidmi z cel\u00e9ho sv\u011bta, a nikdy nev\u00edte, koho m\u016f\u017eete potkat. Tak\u017ee si aplikaci st\u00e1hn\u011bte, vytvo\u0159te si profil a za\u010dn\u011bte si pov\u00eddat s nezn\u00e1m\u00fdmi lidmi je\u0161t\u011b dnes!<\/p>","protected":false},"excerpt":{"rendered":"<p>In today&#8217;s world, it can be difficult to meet new people and form connections. With everyone&#8217;s schedules being so busy, it&#8217;s hard to find the time to go out and socialize. Thankfully, there are now online platforms that can help with this, such as Dateway. Dateway is a app that allows you to chat with [&hellip;]<\/p>\n","protected":false},"author":6,"featured_media":559,"parent":0,"menu_order":0,"comment_status":"closed","ping_status":"closed","template":"","meta":{"footnotes":""},"class_list":["post-11235","page","type-page","status-publish","has-post-thumbnail","hentry"],"yoast_head":"<!-- This site is optimized with the Yoast SEO plugin v27.4 - https:\/\/yoast.com\/product\/yoast-seo-wordpress\/ -->\n<title>Dateway - Chat with strangers on StrangerCam.com<\/title>\n<meta name=\"description\" content=\"Like Dateway? Come chat with more than 5.000.000 strangers on Stranger Cam for Free! Turn on your cam and find new friends &amp; maby a match!\" \/>\n<meta name=\"robots\" content=\"index, follow, max-snippet:-1, max-image-preview:large, max-video-preview:-1\" \/>\n<link rel=\"canonical\" href=\"https:\/\/strangercam.com\/cs\/datova-cesta\/\" \/>\n<meta property=\"og:locale\" content=\"cs_CZ\" \/>\n<meta property=\"og:type\" content=\"article\" \/>\n<meta property=\"og:title\" content=\"Dateway - Chat with strangers on StrangerCam.com\" \/>\n<meta property=\"og:description\" content=\"Like Dateway? Come chat with more than 5.000.000 strangers on Stranger Cam for Free! Turn on your cam and find new friends &amp; maby a match!\" \/>\n<meta property=\"og:url\" content=\"https:\/\/strangercam.com\/cs\/datova-cesta\/\" \/>\n<meta property=\"og:site_name\" content=\"Strangercam\" \/>\n<meta property=\"article:publisher\" content=\"https:\/\/www.facebook.com\/strangercam\" \/>\n<meta property=\"article:modified_time\" content=\"2023-10-23T07:41:42+00:00\" \/>\n<meta property=\"og:image\" content=\"https:\/\/strangercam.com\/wp-content\/uploads\/2020\/11\/stranger-cam-1.png\" \/>\n\t<meta property=\"og:image:width\" content=\"800\" \/>\n\t<meta property=\"og:image:height\" content=\"800\" \/>\n\t<meta property=\"og:image:type\" content=\"image\/png\" \/>\n<meta name=\"twitter:card\" content=\"summary_large_image\" \/>\n<meta name=\"twitter:site\" content=\"@strangercamapp\" \/>\n<meta name=\"twitter:label1\" content=\"Odhadovan\u00e1 doba \u010dten\u00ed\" \/>\n\t<meta name=\"twitter:data1\" content=\"6 minut\" \/>\n<script type=\"application\/ld+json\" class=\"yoast-schema-graph\">{\"@context\":\"https:\\\/\\\/schema.org\",\"@graph\":[{\"@type\":\"WebPage\",\"@id\":\"https:\\\/\\\/strangercam.com\\\/dateway\\\/\",\"url\":\"https:\\\/\\\/strangercam.com\\\/dateway\\\/\",\"name\":\"Dateway - Chat with strangers on StrangerCam.com\",\"isPartOf\":{\"@id\":\"https:\\\/\\\/strangercam.com\\\/#website\"},\"primaryImageOfPage\":{\"@id\":\"https:\\\/\\\/strangercam.com\\\/dateway\\\/#primaryimage\"},\"image\":{\"@id\":\"https:\\\/\\\/strangercam.com\\\/dateway\\\/#primaryimage\"},\"thumbnailUrl\":\"https:\\\/\\\/strangercam.com\\\/wp-content\\\/uploads\\\/2020\\\/11\\\/stranger-cam-1.png\",\"datePublished\":\"2022-08-11T17:54:01+00:00\",\"dateModified\":\"2023-10-23T07:41:42+00:00\",\"description\":\"Like Dateway? Come chat with more than 5.000.000 strangers on Stranger Cam for Free! Turn on your cam and find new friends & maby a match!\",\"breadcrumb\":{\"@id\":\"https:\\\/\\\/strangercam.com\\\/dateway\\\/#breadcrumb\"},\"inLanguage\":\"cs\",\"potentialAction\":[{\"@type\":\"ReadAction\",\"target\":[\"https:\\\/\\\/strangercam.com\\\/dateway\\\/\"]}]},{\"@type\":\"ImageObject\",\"inLanguage\":\"cs\",\"@id\":\"https:\\\/\\\/strangercam.com\\\/dateway\\\/#primaryimage\",\"url\":\"https:\\\/\\\/strangercam.com\\\/wp-content\\\/uploads\\\/2020\\\/11\\\/stranger-cam-1.png\",\"contentUrl\":\"https:\\\/\\\/strangercam.com\\\/wp-content\\\/uploads\\\/2020\\\/11\\\/stranger-cam-1.png\",\"width\":800,\"height\":800,\"caption\":\"stranger cam random video chat\"},{\"@type\":\"BreadcrumbList\",\"@id\":\"https:\\\/\\\/strangercam.com\\\/dateway\\\/#breadcrumb\",\"itemListElement\":[{\"@type\":\"ListItem\",\"position\":1,\"name\":\"Home\",\"item\":\"https:\\\/\\\/strangercam.com\\\/\"},{\"@type\":\"ListItem\",\"position\":2,\"name\":\"Dateway\"}]},{\"@type\":\"WebSite\",\"@id\":\"https:\\\/\\\/strangercam.com\\\/#website\",\"url\":\"https:\\\/\\\/strangercam.com\\\/\",\"name\":\"Strangercam\",\"description\":\"Random Video Chat with Strangers\",\"publisher\":{\"@id\":\"https:\\\/\\\/strangercam.com\\\/#organization\"},\"alternateName\":\"Strangercam.com\",\"potentialAction\":[{\"@type\":\"SearchAction\",\"target\":{\"@type\":\"EntryPoint\",\"urlTemplate\":\"https:\\\/\\\/strangercam.com\\\/?s={search_term_string}\"},\"query-input\":{\"@type\":\"PropertyValueSpecification\",\"valueRequired\":true,\"valueName\":\"search_term_string\"}}],\"inLanguage\":\"cs\"},{\"@type\":\"Organization\",\"@id\":\"https:\\\/\\\/strangercam.com\\\/#organization\",\"name\":\"Strangercam\",\"alternateName\":\"Strangercam.com\",\"url\":\"https:\\\/\\\/strangercam.com\\\/\",\"logo\":{\"@type\":\"ImageObject\",\"inLanguage\":\"cs\",\"@id\":\"https:\\\/\\\/strangercam.com\\\/#\\\/schema\\\/logo\\\/image\\\/\",\"url\":\"https:\\\/\\\/strangercam.com\\\/wp-content\\\/uploads\\\/2020\\\/11\\\/cropped-new-favicon-black.png\",\"contentUrl\":\"https:\\\/\\\/strangercam.com\\\/wp-content\\\/uploads\\\/2020\\\/11\\\/cropped-new-favicon-black.png\",\"width\":512,\"height\":512,\"caption\":\"Strangercam\"},\"image\":{\"@id\":\"https:\\\/\\\/strangercam.com\\\/#\\\/schema\\\/logo\\\/image\\\/\"},\"sameAs\":[\"https:\\\/\\\/www.facebook.com\\\/strangercam\",\"https:\\\/\\\/x.com\\\/strangercamapp\"]}]}<\/script>\n<!-- \/ Yoast SEO plugin. -->","yoast_head_json":{"title":"Dateway - Chat s cizinci na StrangerCam.com","description":"Jako Dateway? Poj\u010fte si zdarma popov\u00eddat s v\u00edce ne\u017e 5 000 000 cizinci na Stranger Cam! Zapn\u011bte si kameru a najd\u011bte nov\u00e9 p\u0159\u00e1tele &amp; maby z\u00e1pas!","robots":{"index":"index","follow":"follow","max-snippet":"max-snippet:-1","max-image-preview":"max-image-preview:large","max-video-preview":"max-video-preview:-1"},"canonical":"https:\/\/strangercam.com\/cs\/datova-cesta\/","og_locale":"cs_CZ","og_type":"article","og_title":"Dateway - Chat with strangers on StrangerCam.com","og_description":"Like Dateway? Come chat with more than 5.000.000 strangers on Stranger Cam for Free! Turn on your cam and find new friends & maby a match!","og_url":"https:\/\/strangercam.com\/cs\/datova-cesta\/","og_site_name":"Strangercam","article_publisher":"https:\/\/www.facebook.com\/strangercam","article_modified_time":"2023-10-23T07:41:42+00:00","og_image":[{"width":800,"height":800,"url":"https:\/\/strangercam.com\/wp-content\/uploads\/2020\/11\/stranger-cam-1.png","type":"image\/png"}],"twitter_card":"summary_large_image","twitter_site":"@strangercamapp","twitter_misc":{"Odhadovan\u00e1 doba \u010dten\u00ed":"6 minut"},"schema":{"@context":"https:\/\/schema.org","@graph":[{"@type":"WebPage","@id":"https:\/\/strangercam.com\/dateway\/","url":"https:\/\/strangercam.com\/dateway\/","name":"Dateway - Chat s cizinci na StrangerCam.com","isPartOf":{"@id":"https:\/\/strangercam.com\/#website"},"primaryImageOfPage":{"@id":"https:\/\/strangercam.com\/dateway\/#primaryimage"},"image":{"@id":"https:\/\/strangercam.com\/dateway\/#primaryimage"},"thumbnailUrl":"https:\/\/strangercam.com\/wp-content\/uploads\/2020\/11\/stranger-cam-1.png","datePublished":"2022-08-11T17:54:01+00:00","dateModified":"2023-10-23T07:41:42+00:00","description":"Jako Dateway? Poj\u010fte si zdarma popov\u00eddat s v\u00edce ne\u017e 5 000 000 cizinci na Stranger Cam! Zapn\u011bte si kameru a najd\u011bte nov\u00e9 p\u0159\u00e1tele &amp; maby z\u00e1pas!","breadcrumb":{"@id":"https:\/\/strangercam.com\/dateway\/#breadcrumb"},"inLanguage":"cs","potentialAction":[{"@type":"ReadAction","target":["https:\/\/strangercam.com\/dateway\/"]}]},{"@type":"ImageObject","inLanguage":"cs","@id":"https:\/\/strangercam.com\/dateway\/#primaryimage","url":"https:\/\/strangercam.com\/wp-content\/uploads\/2020\/11\/stranger-cam-1.png","contentUrl":"https:\/\/strangercam.com\/wp-content\/uploads\/2020\/11\/stranger-cam-1.png","width":800,"height":800,"caption":"stranger cam random video chat"},{"@type":"BreadcrumbList","@id":"https:\/\/strangercam.com\/dateway\/#breadcrumb","itemListElement":[{"@type":"ListItem","position":1,"name":"Home","item":"https:\/\/strangercam.com\/"},{"@type":"ListItem","position":2,"name":"Dateway"}]},{"@type":"WebSite","@id":"https:\/\/strangercam.com\/#website","url":"https:\/\/strangercam.com\/","name":"Strangercam","description":"N\u00e1hodn\u00fd videochat s ciz\u00edmi lidmi","publisher":{"@id":"https:\/\/strangercam.com\/#organization"},"alternateName":"Strangercam.com","potentialAction":[{"@type":"SearchAction","target":{"@type":"EntryPoint","urlTemplate":"https:\/\/strangercam.com\/?s={search_term_string}"},"query-input":{"@type":"PropertyValueSpecification","valueRequired":true,"valueName":"search_term_string"}}],"inLanguage":"cs"},{"@type":"Organization","@id":"https:\/\/strangercam.com\/#organization","name":"Strangercam","alternateName":"Strangercam.com","url":"https:\/\/strangercam.com\/","logo":{"@type":"ImageObject","inLanguage":"cs","@id":"https:\/\/strangercam.com\/#\/schema\/logo\/image\/","url":"https:\/\/strangercam.com\/wp-content\/uploads\/2020\/11\/cropped-new-favicon-black.png","contentUrl":"https:\/\/strangercam.com\/wp-content\/uploads\/2020\/11\/cropped-new-favicon-black.png","width":512,"height":512,"caption":"Strangercam"},"image":{"@id":"https:\/\/strangercam.com\/#\/schema\/logo\/image\/"},"sameAs":["https:\/\/www.facebook.com\/strangercam","https:\/\/x.com\/strangercamapp"]}]}},"_links":{"self":[{"href":"https:\/\/strangercam.com\/cs\/wp-json\/wp\/v2\/pages\/11235","targetHints":{"allow":["GET"]}}],"collection":[{"href":"https:\/\/strangercam.com\/cs\/wp-json\/wp\/v2\/pages"}],"about":[{"href":"https:\/\/strangercam.com\/cs\/wp-json\/wp\/v2\/types\/page"}],"author":[{"embeddable":true,"href":"https:\/\/strangercam.com\/cs\/wp-json\/wp\/v2\/users\/6"}],"replies":[{"embeddable":true,"href":"https:\/\/strangercam.com\/cs\/wp-json\/wp\/v2\/comments?post=11235"}],"version-history":[{"count":0,"href":"https:\/\/strangercam.com\/cs\/wp-json\/wp\/v2\/pages\/11235\/revisions"}],"wp:featuredmedia":[{"embeddable":true,"href":"https:\/\/strangercam.com\/cs\/wp-json\/wp\/v2\/media\/559"}],"wp:attachment":[{"href":"https:\/\/strangercam.com\/cs\/wp-json\/wp\/v2\/media?parent=11235"}],"curies":[{"name":"wp","href":"https:\/\/api.w.org\/{rel}","templated":true}]}}