{"id":11221,"date":"2022-08-11T16:07:53","date_gmt":"2022-08-11T14:07:53","guid":{"rendered":"https:\/\/strangercam.com\/?page_id=11221"},"modified":"2023-08-21T12:24:42","modified_gmt":"2023-08-21T10:24:42","slug":"meetme","status":"publish","type":"page","link":"https:\/\/strangercam.com\/cs\/meetme\/","title":{"rendered":"Meetme"},"content":{"rendered":"<p>Pokud hled\u00e1te nov\u00fd zp\u016fsob, jak <a href=\"https:\/\/strangercam.com\/cs\/coomeet\/\">Seznamte se s<\/a> lid\u00e9 a <a href=\"https:\/\/strangercam.com\/cs\/flingster\/\">flirt<\/a> s ciz\u00edmi lidmi, pak byste se m\u011bli pod\u00edvat na meetme. Tato aplikace v\u00e1m umo\u017en\u00ed spojit se s lidmi ve va\u0161em okol\u00ed, kte\u0159\u00ed tak\u00e9 hledaj\u00ed nov\u00e9 p\u0159\u00e1tele nebo romantick\u00e9ho partnera. M\u016f\u017eete <a href=\"https:\/\/strangercam.com\/cs\/chatroulette\/\">chat<\/a> s nimi, sd\u00edlejte fotografie a z\u00e1jmy, a pokud m\u00e1te oba z\u00e1jem, m\u016f\u017eete se i osobn\u011b setkat. Tak pro\u010d to nezkusit? Nikdy nev\u00edte, koho m\u016f\u017eete potkat!<\/p>\n<h2>Co je meetme?<\/h2>\n<p>Meetme je <a href=\"https:\/\/strangercam.com\/cs\/chathub\/\">n\u00e1hodn\u00fd videochat<\/a> str\u00e1nky, kter\u00e9 v\u00e1m umo\u017en\u00ed pozn\u00e1vat nov\u00e9 lidi a flirtovat s ciz\u00edmi lidmi. Je to skv\u011bl\u00fd zp\u016fsob, jak poznat nov\u00e9 p\u0159\u00e1tele nebo potenci\u00e1ln\u00ed partnery. Pomoc\u00ed meetme m\u016f\u017eete tak\u00e9 naj\u00edt lidi s podobn\u00fdmi z\u00e1jmy nebo za\u010d\u00edt konverzaci s n\u011bk\u00fdm, kdo v\u00e1s zaj\u00edm\u00e1.<\/p>\n<h2>Jak pou\u017e\u00edvat meetme<\/h2>\n<p>Pokud hled\u00e1te nov\u00fd zp\u016fsob, jak se sezn\u00e1mit s lidmi a flirtovat s ciz\u00edmi lidmi, m\u011bli byste vyzkou\u0161et slu\u017ebu meetme. Je to skv\u011bl\u00fd zp\u016fsob, jak se sezn\u00e1mit s nov\u00fdmi lidmi a p\u0159\u00edpadn\u011b naj\u00edt l\u00e1sku. Zde je n\u00e1vod, jak meetme pou\u017e\u00edvat:<\/p>\n<ul>\n<li style=\"font-weight: 400;\" aria-level=\"1\">Nejprve si vytvo\u0159te profil registrac\u00ed pomoc\u00ed e-mailov\u00e9 adresy nebo p\u0159ipojen\u00edm \u00fa\u010dtu na Facebooku. Nezapome\u0148te p\u0159idat fotografii a n\u011bkolik z\u00e1kladn\u00edch informac\u00ed o sob\u011b, aby v\u00e1s lid\u00e9 mohli poznat.<\/li>\n<li style=\"font-weight: 400;\" aria-level=\"1\">Po vytvo\u0159en\u00ed profilu za\u010dn\u011bte proch\u00e1zet profily ostatn\u00edch u\u017eivatel\u016f. A\u017e najdete n\u011bkoho, kdo v\u00e1s zaujme, po\u0161lete mu zpr\u00e1vu a zjist\u011bte, zda m\u00e1 z\u00e1jem o chatov\u00e1n\u00ed.<\/li>\n<li style=\"font-weight: 400;\" aria-level=\"1\">Pokud si s n\u011bk\u00fdm padnete do oka, m\u016f\u017eete s n\u00edm za\u010d\u00edt flirtovat. M\u016f\u017ee to b\u00fdt cokoli od pos\u00edl\u00e1n\u00ed kompliment\u016f a\u017e po hrav\u00e9 \u0161k\u00e1dlen\u00ed. Prost\u011b se bavte a uvid\u00edte, kam to povede!<\/li>\n<li style=\"font-weight: 400;\" aria-level=\"1\">Pokud se zd\u00e1, \u017ee se v\u011bci vyv\u00edjej\u00ed dob\u0159e, m\u016f\u017eete doty\u010dn\u00e9ho pozvat na rande. P\u0159ed osobn\u00edm setk\u00e1n\u00edm se ujist\u011bte, \u017ee jste oba na stejn\u00e9 vln\u011b ohledn\u011b toho, co hled\u00e1te.<\/li>\n<li style=\"font-weight: 400;\" aria-level=\"1\">A je to! Pomoc\u00ed meetme se m\u016f\u017eete seznamovat s nov\u00fdmi lidmi a flirtovat s ciz\u00edmi lidmi v bezpe\u010dn\u00e9m a z\u00e1bavn\u00e9m prost\u0159ed\u00ed.<\/li>\n<\/ul>\n<h2>V\u00fdhody a nev\u00fdhody meetme<\/h2>\n<p>Aplikace meetme m\u00e1 dobr\u00e9 i \u0161patn\u00e9 str\u00e1nky. Na jedn\u00e9 stran\u011b m\u016f\u017ee b\u00fdt skv\u011bl\u00fdm zp\u016fsobem, jak se sezn\u00e1mit s nov\u00fdmi lidmi a z\u00edskat nov\u00e9 p\u0159\u00e1tele. Na druhou stranu je zde tak\u00e9 mo\u017enost sezn\u00e1mit se s nebezpe\u010dn\u00fdmi cizinci. P\u0159ed pou\u017eit\u00edm t\u00e9to aplikace je d\u016fle\u017eit\u00e9 si uv\u011bdomit klady i z\u00e1pory.<\/p>\n<p>Na meetme je dobr\u00e9 to, \u017ee m\u016f\u017eete mluvit s lidmi z cel\u00e9ho sv\u011bta. M\u00e1te tak mo\u017enost poznat r\u016fzn\u00e9 kultury a nav\u00e1zat nov\u00e1 p\u0159\u00e1telstv\u00ed. Na meetme m\u016f\u017eete tak\u00e9 flirtovat s lidmi, co\u017e m\u016f\u017ee b\u00fdt z\u00e1bavn\u00e9, pokud jste nezadan\u00ed a hled\u00e1te partnera.<\/p>\n<p>Nev\u00fdhodou meetme je, \u017ee se m\u016f\u017eete setkat s nebezpe\u010dn\u00fdmi cizinci. Proto\u017ee hovo\u0159\u00edte s lidmi, kter\u00e9 nezn\u00e1te, je d\u016fle\u017eit\u00e9 d\u00e1vat si pozor na to, jak\u00e9 informace sd\u00edl\u00edte. Nikdy byste nem\u011bli sd\u011blovat sv\u00e9 osobn\u00ed \u00fadaje nebo souhlasit s osobn\u00edm setk\u00e1n\u00edm, pokud si nejste naprosto jisti, \u017ee je doty\u010dn\u00e1 osoba bezpe\u010dn\u00e1.<\/p>\n<p>Celkov\u011b m\u016f\u017ee b\u00fdt meetme skv\u011bl\u00fdm zp\u016fsobem, jak se sezn\u00e1mit s nov\u00fdmi lidmi a pobavit se. P\u0159ed pou\u017eit\u00edm t\u00e9to aplikace je v\u0161ak d\u016fle\u017eit\u00e9 uv\u011bdomit si rizika.<\/p>\n<h2>Pro\u010d je meetme tak popul\u00e1rn\u00ed platforma pro n\u00e1hodn\u00fd videochat?<\/h2>\n<p>Existuje mnoho d\u016fvod\u016f, pro\u010d je meetme tak obl\u00edbenou platformou pro n\u00e1hodn\u00fd videochat. Zaprv\u00e9, je neuv\u011b\u0159iteln\u011b jednoduch\u00e1 na pou\u017e\u00edv\u00e1n\u00ed. Nemus\u00edte si zakl\u00e1dat \u00fa\u010det ani nic podobn\u00e9ho. Sta\u010d\u00ed otev\u0159\u00edt aplikaci a za\u010d\u00edt chatovat s lidmi z cel\u00e9ho sv\u011bta.<\/p>\n<p>Dal\u0161\u00edm d\u016fvodem, pro\u010d je slu\u017eba meetme tak obl\u00edben\u00e1, je jej\u00ed anonymita. P\u0159i jej\u00edm pou\u017e\u00edv\u00e1n\u00ed nemus\u00edte uv\u00e1d\u011bt sv\u00e9 jm\u00e9no ani \u017e\u00e1dn\u00e9 osobn\u00ed \u00fadaje. D\u00edky tomu je to skv\u011bl\u00e1 platforma pro lidi, kte\u0159\u00ed cht\u011bj\u00ed chatovat s ciz\u00edmi lidmi, ani\u017e by o sob\u011b prozradili p\u0159\u00edli\u0161 mnoho.<\/p>\n<p>A kone\u010dn\u011b, slu\u017eba meetme je obl\u00edben\u00e1, proto\u017ee je to skv\u011bl\u00fd zp\u016fsob, jak se sezn\u00e1mit s nov\u00fdmi lidmi a naj\u00edt si nov\u00e9 p\u0159\u00e1tele. M\u016f\u017eete si pov\u00eddat s lidmi z cel\u00e9ho sv\u011bta a l\u00e9pe se s nimi sezn\u00e1mit. A\u0165 u\u017e hled\u00e1te nov\u00e9ho p\u0159\u00edtele nebo potenci\u00e1ln\u00edho romantick\u00e9ho partnera, meetme je skv\u011bl\u00fdm m\u00edstem, kde za\u010d\u00edt.<\/p>\n<h2>Jak co nejl\u00e9pe vyu\u017e\u00edt meetme?<\/h2>\n<p>Pokud hled\u00e1te l\u00e1sku nebo jen dobrou z\u00e1bavu, s meetme neud\u011bl\u00e1te chybu. Tato soci\u00e1ln\u00ed s\u00ed\u0165 v\u00e1m umo\u017en\u00ed pozn\u00e1vat nov\u00e9 lidi a flirtovat s nezn\u00e1m\u00fdmi lidmi v bezpe\u010dn\u00e9m a z\u00e1bavn\u00e9m prost\u0159ed\u00ed. Zde je n\u011bkolik tip\u016f, kter\u00e9 v\u00e1m pomohou vyt\u011b\u017eit z meetme maximum:<\/p>\n<ol>\n<li style=\"font-weight: 400;\" aria-level=\"1\">Vypl\u0148te sv\u016fj profil. \u010c\u00edm v\u00edce informac\u00ed o sob\u011b poskytnete, t\u00edm snadn\u011bji v\u00e1s ostatn\u00ed najdou a nav\u00e1\u017eou s v\u00e1mi kontakt. Nezapome\u0148te p\u0159ipojit aktu\u00e1ln\u00ed fotografii, aby lid\u00e9 vid\u011bli, jak vypad\u00e1te.<\/li>\n<li style=\"font-weight: 400;\" aria-level=\"1\">Pou\u017eijte funkci vyhled\u00e1v\u00e1n\u00ed. meetme m\u00e1 skv\u011blou funkci vyhled\u00e1v\u00e1n\u00ed, kter\u00e1 v\u00e1m umo\u017en\u00ed naj\u00edt lidi se stejn\u00fdmi z\u00e1jmy, kte\u0159\u00ed \u017eij\u00ed ve va\u0161em okol\u00ed. Pomoc\u00ed funkce vyhled\u00e1v\u00e1n\u00ed najd\u011bte potenci\u00e1ln\u00ed prot\u011bj\u0161ky a za\u010dn\u011bte s nimi chatovat.<\/li>\n<li style=\"font-weight: 400;\" aria-level=\"1\">Nebojte se flirtovat. Flirtov\u00e1n\u00ed je skv\u011bl\u00fd zp\u016fsob, jak n\u011bkoho l\u00e9pe poznat. Pokud se c\u00edt\u00edte odv\u00e1\u017en\u011b, zkuste n\u011bkomu poslat soukromou zpr\u00e1vu nebo s n\u00edm flirtovat ve ve\u0159ejn\u00fdch chatovac\u00edch m\u00edstnostech. Jen nezapome\u0148te db\u00e1t na slu\u0161n\u00e9 chov\u00e1n\u00ed a udr\u017eovat v\u011bci v odleh\u010den\u00e9m duchu, aby se nikdo nec\u00edtil nep\u0159\u00edjemn\u011b.<\/li>\n<li style=\"font-weight: 400;\" aria-level=\"1\">Osobn\u00ed setk\u00e1n\u00ed. Jakmile se s n\u011bk\u00fdm dob\u0159e sezn\u00e1m\u00edte online, je \u010das p\u0159ej\u00edt do offline re\u017eimu a sej\u00edt se osobn\u011b. Setk\u00e1n\u00ed<\/li>\n<\/ol>\n<h2>Co o\u010dek\u00e1vat p\u0159i pou\u017e\u00edv\u00e1n\u00ed n\u00e1hodn\u00e9 platformy pro videochat?<\/h2>\n<p>P\u0159i pou\u017e\u00edv\u00e1n\u00ed n\u00e1hodn\u00e9 videochatov\u00e9 platformy, jako je meetme, m\u016f\u017eete o\u010dek\u00e1vat, \u017ee se sezn\u00e1m\u00edte s nov\u00fdmi lidmi z cel\u00e9ho sv\u011bta. Budete si s nimi moci pov\u00eddat a l\u00e9pe je poznat. Mo\u017en\u00e1 se v\u00e1m dokonce stane, \u017ee s nimi budete flirtovat!<\/p>\n<h2>V\u00fdhody pou\u017e\u00edv\u00e1n\u00ed n\u00e1hodn\u00e9ho videochatu<\/h2>\n<p>Pou\u017e\u00edv\u00e1n\u00ed n\u00e1hodn\u00fdch videochatov\u00fdch slu\u017eeb, jako je meetme, m\u00e1 spoustu v\u00fdhod. Za prv\u00e9 je to skv\u011bl\u00fd zp\u016fsob, jak se sezn\u00e1mit s nov\u00fdmi lidmi z cel\u00e9ho sv\u011bta. Nikdy nev\u00edte, koho potk\u00e1te a odkud poch\u00e1z\u00ed, co\u017e m\u016f\u017ee v\u00e9st k zaj\u00edmav\u00fdm rozhovor\u016fm.<\/p>\n<p>Dal\u0161\u00ed v\u00fdhodou je, \u017ee je to skv\u011bl\u00fd zp\u016fsob, jak si procvi\u010dit soci\u00e1ln\u00ed dovednosti. Pokud jste stydliv\u00ed nebo neum\u00edte p\u0159\u00edli\u0161 dob\u0159e mluvit s lidmi, m\u016f\u017ee b\u00fdt n\u00e1hodn\u00fd videochat skv\u011bl\u00fdm zp\u016fsobem, jak si je procvi\u010dit. D\u00edky online chatu se tak\u00e9 m\u016f\u017eete nau\u010dit v\u00edce o \u0159e\u010di t\u011bla a o tom, jak \u010d\u00edst ostatn\u00ed lidi.<\/p>\n<p>A kone\u010dn\u011b, n\u00e1hodn\u00fd videochat m\u016f\u017ee b\u00fdt velmi z\u00e1bavn\u00fd. Je to skv\u011bl\u00fd zp\u016fsob, jak zab\u00edt \u010das a poznat nov\u00e9 a zaj\u00edmav\u00e9 lidi. Pokud tedy hled\u00e1te n\u011bjakou z\u00e1bavu, pro\u010d to nezkusit?<\/p>\n<h2>Je jeho pou\u017e\u00edv\u00e1n\u00ed bezpe\u010dn\u00e9?<\/h2>\n<p>Existuje spousta lid\u00ed, kte\u0159\u00ed hledaj\u00ed l\u00e1sku, spole\u010dnost, a dokonce i jen spojen\u00ed. Je ale opravdu bezpe\u010dn\u00e9 sezn\u00e1mit se s n\u011bk\u00fdm online a flirtovat s n\u00edm? Sezn\u00e1men\u00ed s n\u011bk\u00fdm online s sebou nese spoustu rizik, ale tak\u00e9 spoustu odm\u011bn. Mus\u00edte b\u00fdt jen opatrn\u00ed a pou\u017e\u00edvat sv\u016fj nejlep\u0161\u00ed \u00fasudek.<\/p>\n<p>Pokud hled\u00e1te l\u00e1sku, m\u016f\u017ee b\u00fdt sezn\u00e1men\u00ed online skv\u011bl\u00fdm zp\u016fsobem, jak naj\u00edt sp\u0159\u00edzn\u011bnou du\u0161i. Mus\u00edte si v\u0161ak d\u00e1vat pozor na to, s k\u00fdm mluv\u00edte a kolik toho o sob\u011b prozrad\u00edte. Je d\u016fle\u017eit\u00e9 si uv\u011bdomit, \u017ee ne ka\u017ed\u00fd je t\u00edm, za koho se na internetu vyd\u00e1v\u00e1. Existuje spousta pred\u00e1tor\u016f, kte\u0159\u00ed cht\u011bj\u00ed lidi zneu\u017e\u00edt. Proto si mus\u00edte d\u00e1vat pozor na to, s k\u00fdm mluv\u00edte, a ujistit se, \u017ee o sob\u011b neprozrazujete p\u0159\u00edli\u0161 mnoho.<\/p>\n<p>Pokud hled\u00e1te jen zn\u00e1most, m\u016f\u017ee b\u00fdt sezn\u00e1men\u00ed online skv\u011bl\u00fdm zp\u016fsobem, jak z\u00edskat to, co chcete. Op\u011bt si ale mus\u00edte d\u00e1vat pozor na to, s k\u00fdm se bav\u00edte a kolik toho o sob\u011b prozrad\u00edte.<\/p>\n<h2>Jak z\u016fstat na meetme v bezpe\u010d\u00ed<\/h2>\n<p>Pokud se chce\u0161 sezn\u00e1mit s nov\u00fdmi lidmi a mo\u017en\u00e1 i flirtovat s ciz\u00edmi, je meetme skv\u011blou volbou. Je v\u0161ak d\u016fle\u017eit\u00e9, abyste p\u0159i pou\u017e\u00edv\u00e1n\u00ed t\u00e9to nebo jak\u00e9koli jin\u00e9 seznamovac\u00ed aplikace z\u016fstali v bezpe\u010d\u00ed. Zde je n\u011bkolik tip\u016f, kter\u00e9 v\u00e1m pomohou z\u016fstat p\u0159i pou\u017e\u00edv\u00e1n\u00ed meetme v bezpe\u010d\u00ed:<\/p>\n<ul>\n<li style=\"font-weight: 400;\" aria-level=\"1\">Neposkytujte p\u0159\u00edli\u0161 mnoho osobn\u00edch informac\u00ed. Kdy\u017e se s n\u011bk\u00fdm seznamujete poprv\u00e9, je lep\u0161\u00ed nechat si v\u011bci, jako je va\u0161e adresa a telefonn\u00ed \u010d\u00edslo, pro sebe.<\/li>\n<li style=\"font-weight: 400;\" aria-level=\"1\">Bu\u010fte obez\u0159etn\u00ed, s k\u00fdm se osobn\u011b setk\u00e1te. Pokud se rozhodnete setkat s n\u011bk\u00fdm z meetme osobn\u011b, nezapome\u0148te to ud\u011blat na ve\u0159ejn\u00e9m m\u00edst\u011b a informujte p\u0159\u00edtele nebo \u010dlena rodiny, kde budete.<\/li>\n<li style=\"font-weight: 400;\" aria-level=\"1\">Nepos\u00edlejte \u017e\u00e1dn\u00e9 pen\u00edze ani d\u00e1rky n\u011bkomu, komu jste <a href=\"https:\/\/strangercam.com\/cs\/chamet\/\">met<\/a> online, bez ohledu na to, jak dob\u0159e si mysl\u00edte, \u017ee je zn\u00e1te.<\/li>\n<li style=\"font-weight: 400;\" aria-level=\"1\">D\u016fv\u011b\u0159ujte sv\u00fdm instinkt\u016fm. Pokud se v\u00e1m n\u011bco nezd\u00e1, nev\u00e1hejte u\u017eivatele zablokovat nebo nahl\u00e1sit.<\/li>\n<\/ul>\n<h2>Z\u00e1v\u011br<\/h2>\n<p>Pokud hled\u00e1te nov\u00fd zp\u016fsob seznamov\u00e1n\u00ed a flirtov\u00e1n\u00ed s ciz\u00edmi lidmi, pak by pro v\u00e1s aplikace MeetMe mohla b\u00fdt tou pravou. D\u00edky sv\u00e9mu snadno pou\u017eiteln\u00e9mu rozhran\u00ed a skv\u011bl\u00fdm funkc\u00edm rozhodn\u011b stoj\u00ed za vyzkou\u0161en\u00ed. Kdo v\u00ed, t\u0159eba pr\u00e1v\u011b na MeetMe najdete sv\u00e9 p\u0159\u00ed\u0161t\u00ed rande nebo zn\u00e1most!<\/p>","protected":false},"excerpt":{"rendered":"<p>If you&#8217;re looking for a new way to meet people and flirt with strangers, then you should check out meetme. This app allows you to connect with people near you who are also looking for new friends or a romantic partner. You can chat with them, share photos and interests, and even meet up in [&hellip;]<\/p>\n","protected":false},"author":6,"featured_media":559,"parent":0,"menu_order":0,"comment_status":"closed","ping_status":"closed","template":"","meta":{"footnotes":""},"class_list":["post-11221","page","type-page","status-publish","has-post-thumbnail","hentry"],"yoast_head":"<!-- This site is optimized with the Yoast SEO plugin v26.9 - https:\/\/yoast.com\/product\/yoast-seo-wordpress\/ -->\n<title>Meetme - Chat with strangers on StrangerCam.com<\/title>\n<meta name=\"description\" content=\"Like Meetme? Come chat with more than 5.000.000 strangers on Stranger Cam for Free! Turn on your cam and find new friends &amp; maby a match!\" \/>\n<meta name=\"robots\" content=\"index, follow, max-snippet:-1, max-image-preview:large, max-video-preview:-1\" \/>\n<link rel=\"canonical\" href=\"https:\/\/strangercam.com\/cs\/meetme\/\" \/>\n<meta property=\"og:locale\" content=\"cs_CZ\" \/>\n<meta property=\"og:type\" content=\"article\" \/>\n<meta property=\"og:title\" content=\"Meetme - Chat with strangers on StrangerCam.com\" \/>\n<meta property=\"og:description\" content=\"Like Meetme? Come chat with more than 5.000.000 strangers on Stranger Cam for Free! Turn on your cam and find new friends &amp; maby a match!\" \/>\n<meta property=\"og:url\" content=\"https:\/\/strangercam.com\/cs\/meetme\/\" \/>\n<meta property=\"og:site_name\" content=\"Strangercam\" \/>\n<meta property=\"article:publisher\" content=\"https:\/\/www.facebook.com\/strangercam\" \/>\n<meta property=\"article:modified_time\" content=\"2023-08-21T10:24:42+00:00\" \/>\n<meta property=\"og:image\" content=\"https:\/\/strangercam.com\/wp-content\/uploads\/2020\/11\/stranger-cam-1.png\" \/>\n\t<meta property=\"og:image:width\" content=\"800\" \/>\n\t<meta property=\"og:image:height\" content=\"800\" \/>\n\t<meta property=\"og:image:type\" content=\"image\/png\" \/>\n<meta name=\"twitter:card\" content=\"summary_large_image\" \/>\n<meta name=\"twitter:site\" content=\"@strangercamapp\" \/>\n<meta name=\"twitter:label1\" content=\"Odhadovan\u00e1 doba \u010dten\u00ed\" \/>\n\t<meta name=\"twitter:data1\" content=\"7 minut\" \/>\n<script type=\"application\/ld+json\" class=\"yoast-schema-graph\">{\"@context\":\"https:\/\/schema.org\",\"@graph\":[{\"@type\":\"WebPage\",\"@id\":\"https:\/\/strangercam.com\/meetme\/\",\"url\":\"https:\/\/strangercam.com\/meetme\/\",\"name\":\"Meetme - Chat with strangers on StrangerCam.com\",\"isPartOf\":{\"@id\":\"https:\/\/strangercam.com\/#website\"},\"primaryImageOfPage\":{\"@id\":\"https:\/\/strangercam.com\/meetme\/#primaryimage\"},\"image\":{\"@id\":\"https:\/\/strangercam.com\/meetme\/#primaryimage\"},\"thumbnailUrl\":\"https:\/\/strangercam.com\/wp-content\/uploads\/2020\/11\/stranger-cam-1.png\",\"datePublished\":\"2022-08-11T14:07:53+00:00\",\"dateModified\":\"2023-08-21T10:24:42+00:00\",\"description\":\"Like Meetme? Come chat with more than 5.000.000 strangers on Stranger Cam for Free! Turn on your cam and find new friends & maby a match!\",\"breadcrumb\":{\"@id\":\"https:\/\/strangercam.com\/meetme\/#breadcrumb\"},\"inLanguage\":\"cs\",\"potentialAction\":[{\"@type\":\"ReadAction\",\"target\":[\"https:\/\/strangercam.com\/meetme\/\"]}]},{\"@type\":\"ImageObject\",\"inLanguage\":\"cs\",\"@id\":\"https:\/\/strangercam.com\/meetme\/#primaryimage\",\"url\":\"https:\/\/strangercam.com\/wp-content\/uploads\/2020\/11\/stranger-cam-1.png\",\"contentUrl\":\"https:\/\/strangercam.com\/wp-content\/uploads\/2020\/11\/stranger-cam-1.png\",\"width\":800,\"height\":800,\"caption\":\"stranger cam random video chat\"},{\"@type\":\"BreadcrumbList\",\"@id\":\"https:\/\/strangercam.com\/meetme\/#breadcrumb\",\"itemListElement\":[{\"@type\":\"ListItem\",\"position\":1,\"name\":\"Home\",\"item\":\"https:\/\/strangercam.com\/\"},{\"@type\":\"ListItem\",\"position\":2,\"name\":\"Meetme\"}]},{\"@type\":\"WebSite\",\"@id\":\"https:\/\/strangercam.com\/#website\",\"url\":\"https:\/\/strangercam.com\/\",\"name\":\"Strangercam\",\"description\":\"Random Video Chat with Strangers\",\"publisher\":{\"@id\":\"https:\/\/strangercam.com\/#organization\"},\"alternateName\":\"Strangercam.com\",\"potentialAction\":[{\"@type\":\"SearchAction\",\"target\":{\"@type\":\"EntryPoint\",\"urlTemplate\":\"https:\/\/strangercam.com\/?s={search_term_string}\"},\"query-input\":{\"@type\":\"PropertyValueSpecification\",\"valueRequired\":true,\"valueName\":\"search_term_string\"}}],\"inLanguage\":\"cs\"},{\"@type\":\"Organization\",\"@id\":\"https:\/\/strangercam.com\/#organization\",\"name\":\"Strangercam\",\"alternateName\":\"Strangercam.com\",\"url\":\"https:\/\/strangercam.com\/\",\"logo\":{\"@type\":\"ImageObject\",\"inLanguage\":\"cs\",\"@id\":\"https:\/\/strangercam.com\/#\/schema\/logo\/image\/\",\"url\":\"https:\/\/strangercam.com\/wp-content\/uploads\/2020\/11\/cropped-new-favicon-black.png\",\"contentUrl\":\"https:\/\/strangercam.com\/wp-content\/uploads\/2020\/11\/cropped-new-favicon-black.png\",\"width\":512,\"height\":512,\"caption\":\"Strangercam\"},\"image\":{\"@id\":\"https:\/\/strangercam.com\/#\/schema\/logo\/image\/\"},\"sameAs\":[\"https:\/\/www.facebook.com\/strangercam\",\"https:\/\/x.com\/strangercamapp\"]}]}<\/script>\n<!-- \/ Yoast SEO plugin. -->","yoast_head_json":{"title":"Meetme - Chat s cizinci na StrangerCam.com","description":"Jako Meetme? Poj\u010fte si zdarma popov\u00eddat s v\u00edce ne\u017e 5 000 000 cizinci na Stranger Cam! Zapn\u011bte si kameru a najd\u011bte nov\u00e9 p\u0159\u00e1tele &amp; maby z\u00e1pas!","robots":{"index":"index","follow":"follow","max-snippet":"max-snippet:-1","max-image-preview":"max-image-preview:large","max-video-preview":"max-video-preview:-1"},"canonical":"https:\/\/strangercam.com\/cs\/meetme\/","og_locale":"cs_CZ","og_type":"article","og_title":"Meetme - Chat with strangers on StrangerCam.com","og_description":"Like Meetme? Come chat with more than 5.000.000 strangers on Stranger Cam for Free! Turn on your cam and find new friends & maby a match!","og_url":"https:\/\/strangercam.com\/cs\/meetme\/","og_site_name":"Strangercam","article_publisher":"https:\/\/www.facebook.com\/strangercam","article_modified_time":"2023-08-21T10:24:42+00:00","og_image":[{"width":800,"height":800,"url":"https:\/\/strangercam.com\/wp-content\/uploads\/2020\/11\/stranger-cam-1.png","type":"image\/png"}],"twitter_card":"summary_large_image","twitter_site":"@strangercamapp","twitter_misc":{"Odhadovan\u00e1 doba \u010dten\u00ed":"7 minut"},"schema":{"@context":"https:\/\/schema.org","@graph":[{"@type":"WebPage","@id":"https:\/\/strangercam.com\/meetme\/","url":"https:\/\/strangercam.com\/meetme\/","name":"Meetme - Chat s cizinci na StrangerCam.com","isPartOf":{"@id":"https:\/\/strangercam.com\/#website"},"primaryImageOfPage":{"@id":"https:\/\/strangercam.com\/meetme\/#primaryimage"},"image":{"@id":"https:\/\/strangercam.com\/meetme\/#primaryimage"},"thumbnailUrl":"https:\/\/strangercam.com\/wp-content\/uploads\/2020\/11\/stranger-cam-1.png","datePublished":"2022-08-11T14:07:53+00:00","dateModified":"2023-08-21T10:24:42+00:00","description":"Jako Meetme? Poj\u010fte si zdarma popov\u00eddat s v\u00edce ne\u017e 5 000 000 cizinci na Stranger Cam! Zapn\u011bte si kameru a najd\u011bte nov\u00e9 p\u0159\u00e1tele &amp; maby z\u00e1pas!","breadcrumb":{"@id":"https:\/\/strangercam.com\/meetme\/#breadcrumb"},"inLanguage":"cs","potentialAction":[{"@type":"ReadAction","target":["https:\/\/strangercam.com\/meetme\/"]}]},{"@type":"ImageObject","inLanguage":"cs","@id":"https:\/\/strangercam.com\/meetme\/#primaryimage","url":"https:\/\/strangercam.com\/wp-content\/uploads\/2020\/11\/stranger-cam-1.png","contentUrl":"https:\/\/strangercam.com\/wp-content\/uploads\/2020\/11\/stranger-cam-1.png","width":800,"height":800,"caption":"stranger cam random video chat"},{"@type":"BreadcrumbList","@id":"https:\/\/strangercam.com\/meetme\/#breadcrumb","itemListElement":[{"@type":"ListItem","position":1,"name":"Home","item":"https:\/\/strangercam.com\/"},{"@type":"ListItem","position":2,"name":"Meetme"}]},{"@type":"WebSite","@id":"https:\/\/strangercam.com\/#website","url":"https:\/\/strangercam.com\/","name":"Strangercam","description":"N\u00e1hodn\u00fd videochat s ciz\u00edmi lidmi","publisher":{"@id":"https:\/\/strangercam.com\/#organization"},"alternateName":"Strangercam.com","potentialAction":[{"@type":"SearchAction","target":{"@type":"EntryPoint","urlTemplate":"https:\/\/strangercam.com\/?s={search_term_string}"},"query-input":{"@type":"PropertyValueSpecification","valueRequired":true,"valueName":"search_term_string"}}],"inLanguage":"cs"},{"@type":"Organization","@id":"https:\/\/strangercam.com\/#organization","name":"Strangercam","alternateName":"Strangercam.com","url":"https:\/\/strangercam.com\/","logo":{"@type":"ImageObject","inLanguage":"cs","@id":"https:\/\/strangercam.com\/#\/schema\/logo\/image\/","url":"https:\/\/strangercam.com\/wp-content\/uploads\/2020\/11\/cropped-new-favicon-black.png","contentUrl":"https:\/\/strangercam.com\/wp-content\/uploads\/2020\/11\/cropped-new-favicon-black.png","width":512,"height":512,"caption":"Strangercam"},"image":{"@id":"https:\/\/strangercam.com\/#\/schema\/logo\/image\/"},"sameAs":["https:\/\/www.facebook.com\/strangercam","https:\/\/x.com\/strangercamapp"]}]}},"_links":{"self":[{"href":"https:\/\/strangercam.com\/cs\/wp-json\/wp\/v2\/pages\/11221","targetHints":{"allow":["GET"]}}],"collection":[{"href":"https:\/\/strangercam.com\/cs\/wp-json\/wp\/v2\/pages"}],"about":[{"href":"https:\/\/strangercam.com\/cs\/wp-json\/wp\/v2\/types\/page"}],"author":[{"embeddable":true,"href":"https:\/\/strangercam.com\/cs\/wp-json\/wp\/v2\/users\/6"}],"replies":[{"embeddable":true,"href":"https:\/\/strangercam.com\/cs\/wp-json\/wp\/v2\/comments?post=11221"}],"version-history":[{"count":0,"href":"https:\/\/strangercam.com\/cs\/wp-json\/wp\/v2\/pages\/11221\/revisions"}],"wp:featuredmedia":[{"embeddable":true,"href":"https:\/\/strangercam.com\/cs\/wp-json\/wp\/v2\/media\/559"}],"wp:attachment":[{"href":"https:\/\/strangercam.com\/cs\/wp-json\/wp\/v2\/media?parent=11221"}],"curies":[{"name":"wp","href":"https:\/\/api.w.org\/{rel}","templated":true}]}}