{"id":11208,"date":"2022-08-11T16:02:32","date_gmt":"2022-08-11T14:02:32","guid":{"rendered":"https:\/\/strangercam.com\/?page_id=11208"},"modified":"2023-08-21T12:24:41","modified_gmt":"2023-08-21T10:24:41","slug":"epikchat","status":"publish","type":"page","link":"https:\/\/strangercam.com\/cs\/epikchat\/","title":{"rendered":"Epikchat"},"content":{"rendered":"<p>Epikchat je nov\u00e1 aplikace pro soci\u00e1ln\u00ed s\u00edt\u011b a seznamov\u00e1n\u00ed, kter\u00e1 umo\u017e\u0148uje <a href=\"https:\/\/strangercam.com\/cs\/coomeet\/\">Seznamte se s<\/a> nov\u00e9 lidi a flirtovat s ciz\u00edmi lidmi. Aplikace je v sou\u010dasn\u00e9 dob\u011b k dispozici pro za\u0159\u00edzen\u00ed se syst\u00e9mem iOS a Android.<\/p>\n<h2>Co je Epikchat?<\/h2>\n<p>Epikchat je \u017eiv\u00e9 video <a href=\"https:\/\/strangercam.com\/cs\/chathub\/\">chat<\/a> platforma, kter\u00e1 u\u017eivatel\u016fm umo\u017e\u0148uje vz\u00e1jemn\u00e9 propojen\u00ed v re\u00e1ln\u00e9m \u010dase. Epikchat poskytuje jedine\u010dn\u00fd a pohodln\u00fd zp\u016fsob, jak spolu lid\u00e9 mohou komunikovat a p\u0159\u00edjemn\u011b tr\u00e1vit \u010das.<\/p>\n<h2>Jak pou\u017e\u00edvat Epikchat<\/h2>\n<p>Prvn\u00edm krokem je vytvo\u0159en\u00ed \u00fa\u010dtu u Epikchat. To m\u016f\u017eete ud\u011blat tak, \u017ee p\u0159ejdete na jejich webov\u00e9 str\u00e1nky a kliknete na tla\u010d\u00edtko \"Zaregistrovat se\". Jakmile si vytvo\u0159\u00edte \u00fa\u010det, budete muset ov\u011b\u0159it svou e-mailovou adresu. Jakmile bude va\u0161e e-mailov\u00e1 adresa ov\u011b\u0159ena, budete se moci p\u0159ihl\u00e1sit ke sv\u00e9mu \u00fa\u010dtu.<\/p>\n<p>Po p\u0159ihl\u00e1\u0161en\u00ed se zobraz\u00ed seznam v\u0161ech dostupn\u00fdch chatovac\u00edch m\u00edstnost\u00ed. M\u016f\u017eete se p\u0159ipojit k n\u011bkter\u00e9 z t\u011bchto chatovac\u00edch m\u00edstnost\u00ed nebo si m\u016f\u017eete vytvo\u0159it vlastn\u00ed chatovac\u00ed m\u00edstnost. Pokud se rozhodnete vytvo\u0159it si vlastn\u00ed chatovac\u00ed m\u00edstnost, budete si muset zvolit n\u00e1zev m\u00edstnosti a heslo. Jakmile si zvol\u00edte jm\u00e9no a heslo pro svou m\u00edstnost, budete moci pozvat dal\u0161\u00ed lidi, aby se k va\u0161\u00ed m\u00edstnosti p\u0159ipojili.<\/p>\n<h2>V\u00fdhody a nev\u00fdhody pou\u017e\u00edv\u00e1n\u00ed Epikchat<\/h2>\n<p>Existuje mnoho d\u016fvod\u016f, pro\u010d lid\u00e9 pou\u017e\u00edvaj\u00edEpikchat. N\u011bkte\u0159\u00ed ji pou\u017e\u00edvaj\u00ed, aby se sezn\u00e1mili s nov\u00fdmi p\u0159\u00e1teli, n\u011bkte\u0159\u00ed ji pou\u017e\u00edvaj\u00ed k flirtov\u00e1n\u00ed s ciz\u00edmi lidmi a n\u011bkte\u0159\u00ed ji pou\u017e\u00edvaj\u00ed, aby si na\u0161li rande. Pou\u017e\u00edv\u00e1n\u00edEpikchat m\u00e1 v\u0161ak i n\u011bkter\u00e9 nev\u00fdhody. Zde jsou n\u011bkter\u00e9 v\u00fdhody a nev\u00fdhody pou\u017e\u00edv\u00e1n\u00ed Epikchat:<\/p>\n<h4>Klady:<\/h4>\n<ul>\n<li style=\"font-weight: 400;\" aria-level=\"1\">M\u016f\u017eete se sezn\u00e1mit s nov\u00fdmi lidmi z cel\u00e9ho sv\u011bta.<\/li>\n<li style=\"font-weight: 400;\" aria-level=\"1\">Je to skv\u011bl\u00fd zp\u016fsob, jak si procvi\u010dit flirtovac\u00ed dovednosti.<\/li>\n<li style=\"font-weight: 400;\" aria-level=\"1\">P\u0159i konverzaci s lidmi z r\u016fzn\u00fdch zem\u00ed se m\u016f\u017eete dozv\u011bd\u011bt n\u011bco o jin\u00fdch kultur\u00e1ch.<\/li>\n<li style=\"font-weight: 400;\" aria-level=\"1\">Je to skv\u011bl\u00fd zp\u016fsob, jak z\u00edskat nov\u00e9 p\u0159\u00e1tele.<\/li>\n<\/ul>\n<h4>Nev\u00fdhody:<\/h4>\n<ul>\n<li style=\"font-weight: 400;\" aria-level=\"1\">N\u011bkte\u0159\u00ed lid\u00e9 pou\u017e\u00edvaj\u00ed Epikchat ke kyber\u0161ikan\u011b.<\/li>\n<li style=\"font-weight: 400;\" aria-level=\"1\">P\u0159i chatov\u00e1n\u00ed s ciz\u00edmi lidmi se m\u016f\u017eete setkat s nevhodn\u00fdm obsahem.<\/li>\n<li style=\"font-weight: 400;\" aria-level=\"1\">Pokud nastaven\u00ed ochrany osobn\u00edch \u00fadaj\u016f nepou\u017e\u00edv\u00e1te spr\u00e1vn\u011b, mohou b\u00fdt va\u0161e osobn\u00ed \u00fadaje ohro\u017eeny.<\/li>\n<\/ul>\n<h2>Co m\u016f\u017eete o\u010dek\u00e1vat p\u0159i pou\u017e\u00edv\u00e1n\u00ed Epikchat<\/h2>\n<p>Epikchat je nov\u00e1 soci\u00e1ln\u00ed s\u00ed\u0165, kter\u00e1 v\u00e1m umo\u017en\u00ed pozn\u00e1vat nov\u00e9 lidi a flirtovat s nimi. Je to skv\u011bl\u00fd zp\u016fsob, jak si naj\u00edt nov\u00e9 p\u0159\u00e1tele a mo\u017en\u00e1 i l\u00e1sku. P\u0159i pou\u017e\u00edv\u00e1n\u00ed t\u00e9to str\u00e1nky byste v\u0161ak m\u011bli po\u010d\u00edtat s n\u011bkter\u00fdmi v\u011bcmi.<\/p>\n<p>Nejprve si mus\u00edte vytvo\u0159it profil. Ten bude obsahovat va\u0161e jm\u00e9no, v\u011bk, pohlav\u00ed a z\u00e1jmy. M\u016f\u017eete tak\u00e9 nahr\u00e1t svou fotografii. Po vytvo\u0159en\u00ed profilu m\u016f\u017eete za\u010d\u00edt vyhled\u00e1vat dal\u0161\u00ed \u010dleny.<\/p>\n<p>\u010cleny m\u016f\u017eete vyhled\u00e1vat podle jejich polohy, v\u011bku nebo z\u00e1jm\u016f. Jakmile najdete n\u011bkoho, s k\u00fdm chcete chatovat, m\u016f\u017eete mu poslat zpr\u00e1vu. Pokud je doty\u010dn\u00fd online, m\u016f\u017eete s n\u00edm chatovat v re\u00e1ln\u00e9m \u010dase. Pokud nejsou online, m\u016f\u017eete jim st\u00e1le pos\u00edlat zpr\u00e1vy, ale nebudou moci odpov\u00eddat, dokud se znovu nep\u0159ihl\u00e1s\u00ed.<\/p>\n<p>Epikchat je skv\u011bl\u00fd zp\u016fsob, jak se sezn\u00e1mit s nov\u00fdmi lidmi a flirtovat s nimi. P\u0159i pou\u017e\u00edv\u00e1n\u00ed t\u00e9to str\u00e1nky byste v\u0161ak m\u011bli po\u010d\u00edtat s n\u011bkter\u00fdmi v\u011bcmi. Tak se do toho pus\u0165te a vytvo\u0159te si profil je\u0161t\u011b dnes a za\u010dn\u011bte si pov\u00eddat s nov\u00fdmi p\u0159\u00e1teli!<\/p>\n<h2>Pro\u010d je Epikchat tak popul\u00e1rn\u00ed n\u00e1hodn\u00e1 platforma pro videochatov\u00e1n\u00ed?<\/h2>\n<p>Epikchat je obl\u00edbenou platformou pro n\u00e1hodn\u00fd videochat z mnoha d\u016fvod\u016f. Zaprv\u00e9, jej\u00ed pou\u017e\u00edv\u00e1n\u00ed je neuv\u011b\u0159iteln\u011b snadn\u00e9. Pot\u0159ebujete pouze webovou kameru a p\u0159ipojen\u00ed k internetu a m\u016f\u017eete za\u010d\u00edt chatovat s ciz\u00edmi lidmi z cel\u00e9ho sv\u011bta. Zadruh\u00e9, str\u00e1nka m\u00e1 velmi aktivn\u00ed komunitu u\u017eivatel\u016f, kte\u0159\u00ed si v\u017edy r\u00e1di popov\u00eddaj\u00ed a zaflirtuj\u00ed s nov\u00fdmi lidmi. A kone\u010dn\u011b, Epikchat je zcela zdarma, tak\u017ee m\u016f\u017eete chatovat, jak dlouho chcete, ani\u017e byste se museli ob\u00e1vat jak\u00fdchkoli poplatk\u016f.<\/p>\n<h2>Epikchat vs jin\u00e9 platformy pro n\u00e1hodn\u00fd videochat<\/h2>\n<p>Epikchat je nov\u00e1 platforma pro n\u00e1hodn\u00fd videochat, kter\u00e1 rychle z\u00edsk\u00e1v\u00e1 na popularit\u011b. A\u010dkoli existuje mnoho dal\u0161\u00edch podobn\u00fdch platforem, Epikchat m\u00e1 n\u011bkolik funkc\u00ed, kter\u00e9 ji odli\u0161uj\u00ed od konkurence.<\/p>\n<p>P\u0159edev\u0161\u00edm je Epikchat zcela zdarma. Pro p\u0159\u00edstup ke v\u0161em funkc\u00edm nejsou vy\u017eadov\u00e1ny \u017e\u00e1dn\u00e9 skryt\u00e9 poplatky ani placen\u00e9 \u010dlenstv\u00ed. D\u00edky tomu je velmi atraktivn\u00ed pro u\u017eivatele, kte\u0159\u00ed hledaj\u00ed mo\u017enost \u0161etrnou k rozpo\u010dtu.<\/p>\n<p>Za druh\u00e9, Epikchat m\u00e1 mnohem \u010dist\u0161\u00ed a u\u017eivatelsky p\u0159\u00edv\u011btiv\u011bj\u0161\u00ed rozhran\u00ed ne\u017e v\u011bt\u0161ina ostatn\u00edch chatovac\u00edch platforem. Design je elegantn\u00ed a modern\u00ed a navigace je snadno pochopiteln\u00e1. D\u00edky tomu je ide\u00e1ln\u00ed pro u\u017eivatele, kte\u0159\u00ed cht\u011bj\u00ed bezprobl\u00e9mov\u00e9 pou\u017e\u00edv\u00e1n\u00ed.<\/p>\n<p>A kone\u010dn\u011b, Epikchat nab\u00edz\u00ed jedine\u010dnou funkci \u201cflirtov\u00e1n\u00ed\u201d, kter\u00e1 u\u017eivatel\u016fm umo\u017e\u0148uje anonymn\u011b pos\u00edlat flirtuj\u00edc\u00ed zpr\u00e1vy ciz\u00edm lidem. Pokud se p\u0159\u00edjemci konverzace l\u00edb\u00ed, m\u016f\u017ee se rozhodnout odhalit svou identitu. To m\u016f\u017ee v\u00e9st k z\u00e1bavn\u00fdm a zaj\u00edmav\u00fdm interakc\u00edm!<\/p>\n<h2>V\u00fdhody pou\u017e\u00edv\u00e1n\u00ed libovoln\u00e9 platformy pro videochat<\/h2>\n<p>Pou\u017e\u00edv\u00e1n\u00ed libovoln\u00e9 platformy pro videochat m\u00e1 mnoho v\u00fdhod. Nejd\u016fle\u017eit\u011bj\u0161\u00ed v\u00fdhodou je, \u017ee v\u00e1m pom\u016f\u017ee spojit se s lidmi z cel\u00e9ho sv\u011bta. Na t\u011bchto platform\u00e1ch m\u016f\u017eete z\u00edskat nov\u00e9 p\u0159\u00e1tele, nau\u010dit se nov\u00e9 kultury a jazyky, a dokonce naj\u00edt l\u00e1sku.<\/p>\n<p>Dal\u0161\u00ed velkou v\u00fdhodou je, \u017ee si na t\u011bchto platform\u00e1ch m\u016f\u017eete u\u017e\u00edt spoustu z\u00e1bavy. M\u016f\u017eete hr\u00e1t hry, sd\u00edlet fotografie a videa a obecn\u011b se bavit. Na t\u011bchto platform\u00e1ch je tak\u00e9 mnoho p\u0159\u00edle\u017eitost\u00ed, jak se sezn\u00e1mit s nov\u00fdmi lidmi a flirtovat s nimi. Pokud tedy hled\u00e1te z\u00e1bavn\u00fd a snadn\u00fd zp\u016fsob, jak se sezn\u00e1mit s nov\u00fdmi lidmi, ur\u010dit\u011b byste m\u011bli vyzkou\u0161et n\u011bkterou z n\u00e1hodn\u00fdch platforem pro videochat.<\/p>\n<h2>Jak z\u016fstat v bezpe\u010d\u00ed p\u0159i pou\u017e\u00edv\u00e1n\u00ed Epikchat<\/h2>\n<p>Pokud se chcete sezn\u00e1mit s nov\u00fdmi lidmi a flirtovat s ciz\u00edmi, Epikchat je skv\u011bl\u00e1 volba. Abyste v\u0161ak p\u0159i pou\u017e\u00edv\u00e1n\u00ed aplikace z\u016fstali v bezpe\u010d\u00ed, m\u011bli byste m\u00edt na pam\u011bti n\u011bkolik v\u011bc\u00ed.<\/p>\n<p>P\u0159edev\u0161\u00edm nikdy neposkytujte osobn\u00ed \u00fadaje n\u011bkomu, koho nezn\u00e1te. To se t\u00fdk\u00e1 va\u0161eho cel\u00e9ho jm\u00e9na, adresy, telefonn\u00edho \u010d\u00edsla, e-mailov\u00e9 adresy nebo jin\u00fdch citliv\u00fdch \u00fadaj\u016f. Rovn\u011b\u017e byste se m\u011bli vyvarovat sd\u00edlen\u00ed jak\u00fdchkoli fotografi\u00ed nebo vide\u00ed, kter\u00e9 by mohly b\u00fdt pou\u017eity k va\u0161\u00ed identifikaci.<\/p>\n<p>Dal\u0161\u00ed d\u016fle\u017eitou bezpe\u010dnostn\u00ed radou je nikdy se osobn\u011b nesetkat s n\u011bk\u00fdm, koho jste poznali online. Pokud se rozhodnete s n\u011bk\u00fdm sej\u00edt, ujist\u011bte se, \u017ee se tak d\u011bje na ve\u0159ejn\u00e9m m\u00edst\u011b, a vezm\u011bte s sebou p\u0159\u00edtele nebo \u010dlena rodiny. Nikdy necho\u010fte sami s n\u011bk\u00fdm, koho nezn\u00e1te.<\/p>\n<p>A nakonec, pokud se p\u0159i pou\u017e\u00edv\u00e1n\u00ed aplikace Epikchat budete c\u00edtit nep\u0159\u00edjemn\u011b nebo nebezpe\u010dn\u011b, nezapome\u0148te u\u017eivatele nahl\u00e1sit moder\u00e1tor\u016fm aplikace. Ti p\u0159ijmou p\u0159\u00edslu\u0161n\u00e1 opat\u0159en\u00ed, aby v\u00e1s ochr\u00e1nili.<\/p>\n<p>Dodr\u017eov\u00e1n\u00edm t\u011bchto jednoduch\u00fdch bezpe\u010dnostn\u00edch rad si m\u016f\u017eete u\u017e\u00edt skv\u011blou z\u00e1bavu p\u0159i pou\u017e\u00edv\u00e1n\u00ed Epikchat, ani\u017e byste se vystavovali riziku.<\/p>\n<h2>Alternativy k Epikchat<\/h2>\n<p>Pokud hled\u00e1te alternativu k Epikchat, m\u00e1te k dispozici spoustu mo\u017enost\u00ed. Zde je n\u011bkolik na\u0161ich obl\u00edben\u00fdch:<\/p>\n<ol>\n<li><a href=\"https:\/\/strangercam.com\/cs\/chatroulette\/\">Chatroulette<\/a>: Tento web je velmi podobn\u00fd webu Epikchat a umo\u017e\u0148uje chatovat s n\u00e1hodn\u00fdmi cizinci z cel\u00e9ho sv\u011bta. M\u00e1 v\u0161ak i n\u011bkter\u00e9 dal\u0161\u00ed funkce, nap\u0159\u00edklad mo\u017enost filtrovat v\u00fdsledky podle zem\u011b nebo pohlav\u00ed.<\/li>\n<li><a href=\"https:\/\/strangercam.com\/cs\/omegle\/\">Omegle<\/a>: Omegle je dal\u0161\u00ed popul\u00e1rn\u00ed chatovac\u00ed str\u00e1nka, kter\u00e1 nab\u00edz\u00ed podobn\u00e9 zku\u0161enosti jako Epikchat. Jedn\u00edm z jedine\u010dn\u00fdch rys\u016f t\u00e9to str\u00e1nky v\u0161ak je, \u017ee krom\u011b videochatu m\u00e1 tak\u00e9 sekci pro textov\u00fd chat.<\/li>\n<li>TinyChat: TinyChat je nov\u011bj\u0161\u00ed mo\u017enost, kter\u00e1 se v posledn\u00edch letech stala pom\u011brn\u011b popul\u00e1rn\u00ed. Nab\u00edz\u00ed jednoduch\u00e9 rozhran\u00ed a umo\u017e\u0148uje vytv\u00e1\u0159et \u201cm\u00edstnosti\u201d pro skupinov\u00e9 chaty a\u017e s 12 lidmi. Na TinyChatu se tak\u00e9 m\u016f\u017eete p\u0159ipojit k ve\u0159ejn\u00fdm m\u00edstnostem a sezn\u00e1mit se s nov\u00fdmi lidmi.<\/li>\n<\/ol>\n<h2>Z\u00e1v\u011br<\/h2>\n<p>Epikchat je skv\u011bl\u00fd zp\u016fsob, jak se sezn\u00e1mit s nov\u00fdmi lidmi a flirtovat s nezn\u00e1m\u00fdmi. Jeho pou\u017e\u00edv\u00e1n\u00ed je snadn\u00e9 a m\u016f\u017eete se spojit s lidmi z cel\u00e9ho sv\u011bta. Pokud hled\u00e1te z\u00e1bavn\u00fd zp\u016fsob, jak se sezn\u00e1mit s nov\u00fdmi lidmi, Epikchat rozhodn\u011b stoj\u00ed za vyzkou\u0161en\u00ed.<\/p>","protected":false},"excerpt":{"rendered":"<p>Epikchat is a new social networking and dating app that lets you meet new people and flirt with strangers. The app is currently available for iOS and Android devices. What is Epikchat? Epikchat is a live video chat platform that allows users to connect with each other in real time. Epikchat provides a unique and [&hellip;]<\/p>\n","protected":false},"author":6,"featured_media":559,"parent":0,"menu_order":0,"comment_status":"closed","ping_status":"closed","template":"","meta":{"footnotes":""},"class_list":["post-11208","page","type-page","status-publish","has-post-thumbnail","hentry"],"yoast_head":"<!-- This site is optimized with the Yoast SEO plugin v27.4 - https:\/\/yoast.com\/product\/yoast-seo-wordpress\/ -->\n<title>Epikchat - Chat with strangers on StrangerCam.com<\/title>\n<meta name=\"description\" content=\"Like Epikchat? Come chat with more than 5.000.000 strangers on Stranger Cam for Free! Turn on your cam and find new friends &amp; maby a match!\" \/>\n<meta name=\"robots\" content=\"index, follow, max-snippet:-1, max-image-preview:large, max-video-preview:-1\" \/>\n<link rel=\"canonical\" href=\"https:\/\/strangercam.com\/cs\/epikchat\/\" \/>\n<meta property=\"og:locale\" content=\"cs_CZ\" \/>\n<meta property=\"og:type\" content=\"article\" \/>\n<meta property=\"og:title\" content=\"Epikchat - Chat with strangers on StrangerCam.com\" \/>\n<meta property=\"og:description\" content=\"Like Epikchat? Come chat with more than 5.000.000 strangers on Stranger Cam for Free! Turn on your cam and find new friends &amp; maby a match!\" \/>\n<meta property=\"og:url\" content=\"https:\/\/strangercam.com\/cs\/epikchat\/\" \/>\n<meta property=\"og:site_name\" content=\"Strangercam\" \/>\n<meta property=\"article:publisher\" content=\"https:\/\/www.facebook.com\/strangercam\" \/>\n<meta property=\"article:modified_time\" content=\"2023-08-21T10:24:41+00:00\" \/>\n<meta property=\"og:image\" content=\"https:\/\/strangercam.com\/wp-content\/uploads\/2020\/11\/stranger-cam-1.png\" \/>\n\t<meta property=\"og:image:width\" content=\"800\" \/>\n\t<meta property=\"og:image:height\" content=\"800\" \/>\n\t<meta property=\"og:image:type\" content=\"image\/png\" \/>\n<meta name=\"twitter:card\" content=\"summary_large_image\" \/>\n<meta name=\"twitter:site\" content=\"@strangercamapp\" \/>\n<meta name=\"twitter:label1\" content=\"Odhadovan\u00e1 doba \u010dten\u00ed\" \/>\n\t<meta name=\"twitter:data1\" content=\"6 minut\" \/>\n<script type=\"application\/ld+json\" class=\"yoast-schema-graph\">{\"@context\":\"https:\\\/\\\/schema.org\",\"@graph\":[{\"@type\":\"WebPage\",\"@id\":\"https:\\\/\\\/strangercam.com\\\/epikchat\\\/\",\"url\":\"https:\\\/\\\/strangercam.com\\\/epikchat\\\/\",\"name\":\"Epikchat - Chat with strangers on StrangerCam.com\",\"isPartOf\":{\"@id\":\"https:\\\/\\\/strangercam.com\\\/#website\"},\"primaryImageOfPage\":{\"@id\":\"https:\\\/\\\/strangercam.com\\\/epikchat\\\/#primaryimage\"},\"image\":{\"@id\":\"https:\\\/\\\/strangercam.com\\\/epikchat\\\/#primaryimage\"},\"thumbnailUrl\":\"https:\\\/\\\/strangercam.com\\\/wp-content\\\/uploads\\\/2020\\\/11\\\/stranger-cam-1.png\",\"datePublished\":\"2022-08-11T14:02:32+00:00\",\"dateModified\":\"2023-08-21T10:24:41+00:00\",\"description\":\"Like Epikchat? Come chat with more than 5.000.000 strangers on Stranger Cam for Free! Turn on your cam and find new friends & maby a match!\",\"breadcrumb\":{\"@id\":\"https:\\\/\\\/strangercam.com\\\/epikchat\\\/#breadcrumb\"},\"inLanguage\":\"cs\",\"potentialAction\":[{\"@type\":\"ReadAction\",\"target\":[\"https:\\\/\\\/strangercam.com\\\/epikchat\\\/\"]}]},{\"@type\":\"ImageObject\",\"inLanguage\":\"cs\",\"@id\":\"https:\\\/\\\/strangercam.com\\\/epikchat\\\/#primaryimage\",\"url\":\"https:\\\/\\\/strangercam.com\\\/wp-content\\\/uploads\\\/2020\\\/11\\\/stranger-cam-1.png\",\"contentUrl\":\"https:\\\/\\\/strangercam.com\\\/wp-content\\\/uploads\\\/2020\\\/11\\\/stranger-cam-1.png\",\"width\":800,\"height\":800,\"caption\":\"stranger cam random video chat\"},{\"@type\":\"BreadcrumbList\",\"@id\":\"https:\\\/\\\/strangercam.com\\\/epikchat\\\/#breadcrumb\",\"itemListElement\":[{\"@type\":\"ListItem\",\"position\":1,\"name\":\"Home\",\"item\":\"https:\\\/\\\/strangercam.com\\\/\"},{\"@type\":\"ListItem\",\"position\":2,\"name\":\"Epikchat\"}]},{\"@type\":\"WebSite\",\"@id\":\"https:\\\/\\\/strangercam.com\\\/#website\",\"url\":\"https:\\\/\\\/strangercam.com\\\/\",\"name\":\"Strangercam\",\"description\":\"Random Video Chat with Strangers\",\"publisher\":{\"@id\":\"https:\\\/\\\/strangercam.com\\\/#organization\"},\"alternateName\":\"Strangercam.com\",\"potentialAction\":[{\"@type\":\"SearchAction\",\"target\":{\"@type\":\"EntryPoint\",\"urlTemplate\":\"https:\\\/\\\/strangercam.com\\\/?s={search_term_string}\"},\"query-input\":{\"@type\":\"PropertyValueSpecification\",\"valueRequired\":true,\"valueName\":\"search_term_string\"}}],\"inLanguage\":\"cs\"},{\"@type\":\"Organization\",\"@id\":\"https:\\\/\\\/strangercam.com\\\/#organization\",\"name\":\"Strangercam\",\"alternateName\":\"Strangercam.com\",\"url\":\"https:\\\/\\\/strangercam.com\\\/\",\"logo\":{\"@type\":\"ImageObject\",\"inLanguage\":\"cs\",\"@id\":\"https:\\\/\\\/strangercam.com\\\/#\\\/schema\\\/logo\\\/image\\\/\",\"url\":\"https:\\\/\\\/strangercam.com\\\/wp-content\\\/uploads\\\/2020\\\/11\\\/cropped-new-favicon-black.png\",\"contentUrl\":\"https:\\\/\\\/strangercam.com\\\/wp-content\\\/uploads\\\/2020\\\/11\\\/cropped-new-favicon-black.png\",\"width\":512,\"height\":512,\"caption\":\"Strangercam\"},\"image\":{\"@id\":\"https:\\\/\\\/strangercam.com\\\/#\\\/schema\\\/logo\\\/image\\\/\"},\"sameAs\":[\"https:\\\/\\\/www.facebook.com\\\/strangercam\",\"https:\\\/\\\/x.com\\\/strangercamapp\"]}]}<\/script>\n<!-- \/ Yoast SEO plugin. -->","yoast_head_json":{"title":"Epikchat - Chat s cizinci na StrangerCam.com","description":"Jako Epikchat? Poj\u010fte si zdarma popov\u00eddat s v\u00edce ne\u017e 5 000 000 cizinci na Stranger Cam! Zapn\u011bte si kameru a najd\u011bte nov\u00e9 p\u0159\u00e1tele &amp; maby z\u00e1pas!","robots":{"index":"index","follow":"follow","max-snippet":"max-snippet:-1","max-image-preview":"max-image-preview:large","max-video-preview":"max-video-preview:-1"},"canonical":"https:\/\/strangercam.com\/cs\/epikchat\/","og_locale":"cs_CZ","og_type":"article","og_title":"Epikchat - Chat with strangers on StrangerCam.com","og_description":"Like Epikchat? Come chat with more than 5.000.000 strangers on Stranger Cam for Free! Turn on your cam and find new friends & maby a match!","og_url":"https:\/\/strangercam.com\/cs\/epikchat\/","og_site_name":"Strangercam","article_publisher":"https:\/\/www.facebook.com\/strangercam","article_modified_time":"2023-08-21T10:24:41+00:00","og_image":[{"width":800,"height":800,"url":"https:\/\/strangercam.com\/wp-content\/uploads\/2020\/11\/stranger-cam-1.png","type":"image\/png"}],"twitter_card":"summary_large_image","twitter_site":"@strangercamapp","twitter_misc":{"Odhadovan\u00e1 doba \u010dten\u00ed":"6 minut"},"schema":{"@context":"https:\/\/schema.org","@graph":[{"@type":"WebPage","@id":"https:\/\/strangercam.com\/epikchat\/","url":"https:\/\/strangercam.com\/epikchat\/","name":"Epikchat - Chat s cizinci na StrangerCam.com","isPartOf":{"@id":"https:\/\/strangercam.com\/#website"},"primaryImageOfPage":{"@id":"https:\/\/strangercam.com\/epikchat\/#primaryimage"},"image":{"@id":"https:\/\/strangercam.com\/epikchat\/#primaryimage"},"thumbnailUrl":"https:\/\/strangercam.com\/wp-content\/uploads\/2020\/11\/stranger-cam-1.png","datePublished":"2022-08-11T14:02:32+00:00","dateModified":"2023-08-21T10:24:41+00:00","description":"Jako Epikchat? Poj\u010fte si zdarma popov\u00eddat s v\u00edce ne\u017e 5 000 000 cizinci na Stranger Cam! Zapn\u011bte si kameru a najd\u011bte nov\u00e9 p\u0159\u00e1tele &amp; maby z\u00e1pas!","breadcrumb":{"@id":"https:\/\/strangercam.com\/epikchat\/#breadcrumb"},"inLanguage":"cs","potentialAction":[{"@type":"ReadAction","target":["https:\/\/strangercam.com\/epikchat\/"]}]},{"@type":"ImageObject","inLanguage":"cs","@id":"https:\/\/strangercam.com\/epikchat\/#primaryimage","url":"https:\/\/strangercam.com\/wp-content\/uploads\/2020\/11\/stranger-cam-1.png","contentUrl":"https:\/\/strangercam.com\/wp-content\/uploads\/2020\/11\/stranger-cam-1.png","width":800,"height":800,"caption":"stranger cam random video chat"},{"@type":"BreadcrumbList","@id":"https:\/\/strangercam.com\/epikchat\/#breadcrumb","itemListElement":[{"@type":"ListItem","position":1,"name":"Home","item":"https:\/\/strangercam.com\/"},{"@type":"ListItem","position":2,"name":"Epikchat"}]},{"@type":"WebSite","@id":"https:\/\/strangercam.com\/#website","url":"https:\/\/strangercam.com\/","name":"Strangercam","description":"N\u00e1hodn\u00fd videochat s ciz\u00edmi lidmi","publisher":{"@id":"https:\/\/strangercam.com\/#organization"},"alternateName":"Strangercam.com","potentialAction":[{"@type":"SearchAction","target":{"@type":"EntryPoint","urlTemplate":"https:\/\/strangercam.com\/?s={search_term_string}"},"query-input":{"@type":"PropertyValueSpecification","valueRequired":true,"valueName":"search_term_string"}}],"inLanguage":"cs"},{"@type":"Organization","@id":"https:\/\/strangercam.com\/#organization","name":"Strangercam","alternateName":"Strangercam.com","url":"https:\/\/strangercam.com\/","logo":{"@type":"ImageObject","inLanguage":"cs","@id":"https:\/\/strangercam.com\/#\/schema\/logo\/image\/","url":"https:\/\/strangercam.com\/wp-content\/uploads\/2020\/11\/cropped-new-favicon-black.png","contentUrl":"https:\/\/strangercam.com\/wp-content\/uploads\/2020\/11\/cropped-new-favicon-black.png","width":512,"height":512,"caption":"Strangercam"},"image":{"@id":"https:\/\/strangercam.com\/#\/schema\/logo\/image\/"},"sameAs":["https:\/\/www.facebook.com\/strangercam","https:\/\/x.com\/strangercamapp"]}]}},"_links":{"self":[{"href":"https:\/\/strangercam.com\/cs\/wp-json\/wp\/v2\/pages\/11208","targetHints":{"allow":["GET"]}}],"collection":[{"href":"https:\/\/strangercam.com\/cs\/wp-json\/wp\/v2\/pages"}],"about":[{"href":"https:\/\/strangercam.com\/cs\/wp-json\/wp\/v2\/types\/page"}],"author":[{"embeddable":true,"href":"https:\/\/strangercam.com\/cs\/wp-json\/wp\/v2\/users\/6"}],"replies":[{"embeddable":true,"href":"https:\/\/strangercam.com\/cs\/wp-json\/wp\/v2\/comments?post=11208"}],"version-history":[{"count":0,"href":"https:\/\/strangercam.com\/cs\/wp-json\/wp\/v2\/pages\/11208\/revisions"}],"wp:featuredmedia":[{"embeddable":true,"href":"https:\/\/strangercam.com\/cs\/wp-json\/wp\/v2\/media\/559"}],"wp:attachment":[{"href":"https:\/\/strangercam.com\/cs\/wp-json\/wp\/v2\/media?parent=11208"}],"curies":[{"name":"wp","href":"https:\/\/api.w.org\/{rel}","templated":true}]}}