{"id":11194,"date":"2022-08-11T15:50:53","date_gmt":"2022-08-11T13:50:53","guid":{"rendered":"https:\/\/strangercam.com\/?page_id=11194"},"modified":"2023-08-21T11:40:39","modified_gmt":"2023-08-21T09:40:39","slug":"camskip","status":"publish","type":"page","link":"https:\/\/strangercam.com\/cs\/camskip\/","title":{"rendered":"Camskip"},"content":{"rendered":"<p>P\u0159\u00e1li jste si n\u011bkdy, abyste mohli p\u0159esko\u010dit v\u0161echny ty \u0159e\u010di a p\u0159ej\u00edt k z\u00e1bavn\u00e9 \u010d\u00e1sti setk\u00e1n\u00ed s nov\u00fdmi lidmi? Tak na to te\u010f existuje aplikace! Camskip je nov\u00e1 seznamovac\u00ed aplikace, kter\u00e1 v\u00e1m to umo\u017en\u00ed. <a href=\"https:\/\/strangercam.com\/cs\/coomeet\/\">Seznamte se s<\/a> nov\u00e9 lidi a <a href=\"https:\/\/strangercam.com\/cs\/flingster\/\">flirt<\/a> s ciz\u00edmi lidmi, a to bez probl\u00e9m\u016f.<\/p>\n<h2>Co je camskip?<\/h2>\n<p>camskip je nov\u00fd n\u00e1hodn\u00fd <a href=\"https:\/\/strangercam.com\/cs\/chatroulette\/\">chat<\/a> platforma, kter\u00e1 v\u00e1m umo\u017en\u00ed pozn\u00e1vat nov\u00e9 lidi a flirtovat s ciz\u00edmi lidmi. Platforma si mezi u\u017eivateli z\u00edsk\u00e1v\u00e1 st\u00e1le v\u011bt\u0161\u00ed oblibu. Koncept platformy je jednoduch\u00fd: m\u016f\u017eete se bu\u010f p\u0159ipojit k existuj\u00edc\u00ed chatovac\u00ed m\u00edstnosti, nebo si vytvo\u0159it vlastn\u00ed a pozvat do n\u00ed dal\u0161\u00ed lidi. Jakmile jste v chatovac\u00ed m\u00edstnosti, m\u016f\u017eete za\u010d\u00edt flirtovat s ostatn\u00edmi u\u017eivateli. Pokud v\u00e1s n\u011bkdo zaujme, m\u016f\u017eete si ho p\u0159idat do seznamu p\u0159\u00e1tel a pokra\u010dovat s n\u00edm v chatu.<\/p>\n<h2>Jak pou\u017e\u00edvat camskip<\/h2>\n<p>Pokud se chcete sezn\u00e1mit s nov\u00fdmi lidmi a flirtovat s cizinci, camskip je pro v\u00e1s ide\u00e1ln\u00ed platformou. Zde je stru\u010dn\u00fd n\u00e1vod, jak camskip pou\u017e\u00edvat:<\/p>\n<ol>\n<li>Zaregistrujte se k bezplatn\u00e9mu \u00fa\u010dtu. Mus\u00edte zadat platnou e-mailovou adresu a vytvo\u0159it si u\u017eivatelsk\u00e9 jm\u00e9no a heslo.<\/li>\n<li>Po p\u0159ihl\u00e1\u0161en\u00ed m\u016f\u017eete za\u010d\u00edt chatovat s k\u00fdmkoli, kdo je online. Chcete-li tak u\u010dinit, jednodu\u0161e klikn\u011bte na tla\u010d\u00edtko \u201cChat\u201d v horn\u00ed \u010d\u00e1sti str\u00e1nky.<\/li>\n<li>Pokud uvid\u00edte n\u011bkoho, kdo se v\u00e1m l\u00edb\u00ed, m\u016f\u017eete mu poslat soukromou zpr\u00e1vu kliknut\u00edm na tla\u010d\u00edtko \"Zpr\u00e1va\".<\/li>\n<li>Chcete-li s n\u011bk\u00fdm flirtovat, klikn\u011bte na tla\u010d\u00edtko \u201cFlirt\u201d. T\u00edm mu po\u0161lete flirtovac\u00ed zpr\u00e1vu, kterou m\u016f\u017ee p\u0159ijmout nebo odm\u00edtnout.<\/li>\n<li>Pokud chcete postoupit na dal\u0161\u00ed \u00farove\u0148, m\u016f\u017eete si je p\u0159idat do seznamu p\u0159\u00e1tel kliknut\u00edm na tla\u010d\u00edtko \u201cP\u0159idat p\u0159\u00edtele\u201d. T\u00edmto zp\u016fsobem s nimi m\u016f\u017eete chatovat, kdykoli jsou online.<\/li>\n<\/ol>\n<h2>V\u00fdhody a nev\u00fdhody camskip<\/h2>\n<p>Camming m\u00e1 sv\u00e9 klady i z\u00e1pory. K pozitivn\u00edm aspekt\u016fm pat\u0159\u00ed mo\u017enost vyd\u011bl\u00e1vat pen\u00edze z domova, flexibilita pracovat, kdy chcete, a mo\u017enost spojit se s lidmi z cel\u00e9ho sv\u011bta. Nev\u00fdhodou je, \u017ee camming m\u016f\u017ee b\u00fdt zna\u010dn\u011b n\u00e1vykov\u00fd a p\u0159i neopatrn\u00e9m zach\u00e1zen\u00ed m\u016f\u017ee v\u00e9st k finan\u010dn\u00edm pot\u00ed\u017e\u00edm.<\/p>\n<p>Camskip m\u00e1 oproti jin\u00fdm zp\u016fsob\u016fm online komunikace \u0159adu v\u00fdhod. Asi nejzjevn\u011bj\u0161\u00ed v\u00fdhodou je, \u017ee je zdarma. To znamen\u00e1, \u017ee ka\u017ed\u00fd, kdo m\u00e1 p\u0159ipojen\u00ed k internetu, m\u016f\u017ee camskip pou\u017e\u00edvat, ani\u017e by musel platit jak\u00e9koli poplatky.<\/p>\n<p>Dal\u0161\u00ed v\u00fdhodou camskipu je, \u017ee u\u017eivatel\u016fm poskytuje intimn\u011bj\u0161\u00ed formu komunikace ne\u017e jin\u00e9 metody, jako jsou chaty nebo f\u00f3ra. Je to proto, \u017ee u\u017eivatel\u00e9 si p\u0159i hovoru vid\u00ed do tv\u00e1\u0159e. To m\u016f\u017ee pomoci budovat d\u016fv\u011bru a vztah mezi u\u017eivateli.<\/p>\n<p>S camskipem jsou v\u0161ak spojeny i n\u011bkter\u00e9 nev\u00fdhody. Jednou z nich je, \u017ee m\u016f\u017ee b\u00fdt pom\u011brn\u011b obt\u00ed\u017en\u00e9 naj\u00edt lidi, se kter\u00fdmi chcete na camskipu mluvit. Str\u00e1nka toti\u017e spol\u00e9h\u00e1 na to, \u017ee se u\u017eivatel\u00e9 navz\u00e1jem vyhled\u00e1vaj\u00ed pomoc\u00ed kl\u00ed\u010dov\u00fdch slov a zna\u010dek. V d\u016fsledku toho m\u016f\u017ee b\u00fdt pom\u011brn\u011b obt\u00ed\u017en\u00e9 naj\u00edt na camskipu n\u011bkoho, kdo m\u00e1 stejn\u00e9 z\u00e1jmy jako vy.<\/p>\n<h2>Co m\u016f\u017eete o\u010dek\u00e1vat p\u0159i pou\u017e\u00edv\u00e1n\u00ed camskip<\/h2>\n<p>P\u0159i pou\u017e\u00edv\u00e1n\u00ed camskipu m\u016f\u017eete o\u010dek\u00e1vat, \u017ee potk\u00e1te nov\u00e9 lidi z cel\u00e9ho sv\u011bta. Budete si s nimi moci pov\u00eddat a flirtovat. Mo\u017en\u00e1 se dokonce ocitnete ve vztahu s n\u011bk\u00fdm, koho jste poznali na camskip.<\/p>\n<h2>Pro\u010d camskip je tak popul\u00e1rn\u00ed n\u00e1hodn\u00fd videochatovac\u00ed platforma?<\/h2>\n<p>Od sv\u00e9ho spu\u0161t\u011bn\u00ed na za\u010d\u00e1tku roku 2020 se camskip stal jednou z nejobl\u00edben\u011bj\u0161\u00edch platforem pro n\u00e1hodn\u00fd videochat na internetu. Existuje n\u011bkolik kl\u00ed\u010dov\u00fdch d\u016fvod\u016f, pro\u010d je camskip tak popul\u00e1rn\u00ed:<\/p>\n<ul>\n<li style=\"font-weight: 400;\" aria-level=\"1\">Camskip je zcela zdarma - nejsou zde \u017e\u00e1dn\u00e9 skryt\u00e9 poplatky.<\/li>\n<li style=\"font-weight: 400;\" aria-level=\"1\">Pou\u017eit\u00ed Camskip je velmi snadn\u00e9 - pot\u0159ebujete pouze webovou kameru a p\u0159ipojen\u00ed k internetu.<\/li>\n<li style=\"font-weight: 400;\" aria-level=\"1\">Camskip nab\u00edz\u00ed velk\u00e9 mno\u017estv\u00ed funkc\u00ed, v\u010detn\u011b mo\u017enosti seznamovat se s nov\u00fdmi lidmi a flirtovat s ciz\u00edmi lidmi.<\/li>\n<li style=\"font-weight: 400;\" aria-level=\"1\">Camskip je k dispozici ve v\u00edce jazyc\u00edch, tak\u017ee si ho mohou u\u017e\u00edvat u\u017eivatel\u00e9 z cel\u00e9ho sv\u011bta.<\/li>\n<li style=\"font-weight: 400;\" aria-level=\"1\">Camskip neust\u00e1le p\u0159id\u00e1v\u00e1 nov\u00e9 funkce a zlep\u0161uje u\u017eivatelsk\u00e9 prost\u0159ed\u00ed.<\/li>\n<\/ul>\n<p>Pokud hled\u00e1te z\u00e1bavn\u00fd a snadn\u00fd zp\u016fsob, jak se sezn\u00e1mit s nov\u00fdmi lidmi a flirtovat s ciz\u00edmi, pak camskip rozhodn\u011b stoj\u00ed za vyzkou\u0161en\u00ed!<\/p>\n<h2>Jak co nejl\u00e9pe vyu\u017e\u00edt camskip<\/h2>\n<p>Nen\u00ed pochyb o tom, \u017ee camskip je skv\u011bl\u00fd zp\u016fsob, jak poznat nov\u00e9 lidi a flirtovat s ciz\u00edmi lidmi. Pokud v\u0161ak chcete tuto soci\u00e1ln\u00ed s\u00ed\u0165 vyu\u017e\u00edt opravdu naplno, m\u011bli byste m\u00edt na pam\u011bti n\u011bkolik v\u011bc\u00ed.<\/p>\n<p>P\u0159edev\u0161\u00edm nezapome\u0148te na bezpe\u010dnost. Neposkytujte osobn\u00ed \u00fadaje nikomu, koho nezn\u00e1te, a d\u00e1vejte si pozor na to, co \u0159\u00edk\u00e1te v chatovac\u00edch m\u00edstnostech. Nikdy nev\u00edte, kdo m\u016f\u017ee \u010d\u00edhat na druh\u00e9m konci.<\/p>\n<p>Za druh\u00e9, vyu\u017eijte v\u0161echny funkce, kter\u00e9 camskip nab\u00edz\u00ed. Pomoc\u00ed funkce vyhled\u00e1v\u00e1n\u00ed m\u016f\u017eete naj\u00edt lidi s podobn\u00fdmi z\u00e1jmy, p\u0159ipojit se ke skupin\u00e1m a \u00fa\u010dastnit se diskus\u00ed. \u010c\u00edm v\u00edce budete komunikovat s ostatn\u00edmi, t\u00edm v\u011bt\u0161\u00ed je pravd\u011bpodobnost, \u017ee najdete n\u011bkoho v\u00fdjime\u010dn\u00e9ho.<\/p>\n<p>A kone\u010dn\u011b, bavte se! Flirtov\u00e1n\u00ed a seznamov\u00e1n\u00ed s nov\u00fdmi lidmi m\u016f\u017ee b\u00fdt velmi z\u00e1bavn\u00e9, tak\u017ee se neberte p\u0159\u00edli\u0161 v\u00e1\u017en\u011b. Uvoln\u011bte se a u\u017eijte si to, a ur\u010dit\u011b se budete dob\u0159e bavit.<\/p>\n<h2>Jak\u00e9 lidi m\u016f\u017eete o\u010dek\u00e1vat na libovoln\u00e9 platform\u011b pro videochat?.<\/h2>\n<p>Lid\u00e9, se kter\u00fdmi se setk\u00e1te na ka\u017ed\u00e9 <a href=\"https:\/\/strangercam.com\/cs\/chathub\/\">n\u00e1hodn\u00fd videochat<\/a> platforma bude sm\u00ed\u0161en\u00e1. N\u011bkte\u0159\u00ed budou p\u0159\u00e1tel\u0161t\u00ed a otev\u0159en\u00ed, zat\u00edmco jin\u00ed budou zdr\u017eenliv\u011bj\u0161\u00ed. M\u016f\u017eete se tak\u00e9 setkat s lidmi z r\u016fzn\u00fdch spole\u010densk\u00fdch vrstev, v\u010detn\u011b r\u016fzn\u00fdch kultur a prost\u0159ed\u00ed.<\/p>\n<p>Pokud hled\u00e1te l\u00e1sku nebo jen trochu z\u00e1bavy, ur\u010dit\u011b ji najdete na n\u00e1hodn\u00e9 platform\u011b videochatu, jako je camskip. Nikdy nev\u00edte, koho na t\u011bchto platform\u00e1ch potk\u00e1te - m\u016f\u017ee to b\u00fdt \u00fapln\u011b ciz\u00ed \u010dlov\u011bk odkudkoli na sv\u011bt\u011b. Jedno je ale jist\u00e9: p\u0159i flirtov\u00e1n\u00ed a chatov\u00e1n\u00ed s nov\u00fdmi lidmi na camskip si u\u017eijete spoustu z\u00e1bavy.<\/p>\n<h2>Je jeho pou\u017e\u00edv\u00e1n\u00ed bezpe\u010dn\u00e9?<\/h2>\n<p>Pokud uva\u017eujete o pou\u017eit\u00ed slu\u017eby CamSkip k seznamov\u00e1n\u00ed s nov\u00fdmi lidmi a flirtov\u00e1n\u00ed s ciz\u00edmi lidmi, mo\u017en\u00e1 v\u00e1s zaj\u00edm\u00e1, zda je jej\u00ed pou\u017e\u00edv\u00e1n\u00ed bezpe\u010dn\u00e9. I kdy\u017e neexistuje \u017e\u00e1dn\u00e1 z\u00e1ruka, \u017ee budete m\u00edt s pou\u017e\u00edv\u00e1n\u00edm t\u00e9to str\u00e1nky pozitivn\u00ed zku\u0161enosti, m\u016f\u017eete ud\u011blat n\u011bkolik v\u011bc\u00ed, kter\u00e9 v\u00e1m pomohou zajistit bezpe\u010dnost. Nejprve v\u011bnujte trochu \u010dasu p\u0159e\u010dten\u00ed bezpe\u010dnostn\u00edch tip\u016f webu. Tyto tipy v\u00e1m pomohou vyhnout se potenci\u00e1ln\u011b nebezpe\u010dn\u00fdm oblastem a ujistit se, \u017ee jste si v\u011bdomi toho, jak z\u016fstat p\u0159i pou\u017e\u00edv\u00e1n\u00ed webu v bezpe\u010d\u00ed. Krom\u011b toho dbejte na to, abyste s ciz\u00edmi lidmi chatovali pouze na ve\u0159ejn\u00fdch m\u00edstech. Sn\u00ed\u017e\u00edte tak riziko, \u017ee se setk\u00e1te s n\u011bk\u00fdm, kdo nemus\u00ed b\u00fdt tak d\u016fv\u011bryhodn\u00fd, jak byste si p\u0159\u00e1li. A nakonec d\u016fv\u011b\u0159ujte sv\u00e9mu instinktu. Pokud v\u00e1m na osob\u011b, se kterou chatujete, n\u011bco nesed\u00ed, je pravd\u011bpodobn\u011b nejlep\u0161\u00ed p\u0159ej\u00edt k n\u011bkomu jin\u00e9mu. Dodr\u017eov\u00e1n\u00edm t\u011bchto jednoduch\u00fdch bezpe\u010dnostn\u00edch rad m\u016f\u017eete p\u0159isp\u011bt k tomu, aby va\u0161e zku\u0161enosti s pou\u017e\u00edv\u00e1n\u00edm slu\u017eby CamSkip byly pozitivn\u00ed.<\/p>\n<h2>Preventivn\u00ed opat\u0159en\u00ed p\u0159i pou\u017e\u00edv\u00e1n\u00ed n\u00e1hodn\u00e9ho videochatu<\/h2>\n<p>P\u0159i pou\u017e\u00edv\u00e1n\u00ed n\u00e1hodn\u00e9ho videochatu m\u016f\u017eete p\u0159ijmout ur\u010dit\u00e1 opat\u0159en\u00ed, abyste p\u0159ede\u0161li negativn\u00edm zku\u0161enostem. Zaprv\u00e9, ujist\u011bte se, \u017ee se spojujete pouze s lidmi, kter\u00e9 zn\u00e1te a kter\u00fdm d\u016fv\u011b\u0159ujete. Pokud osobu, se kterou se chcete spojit, nezn\u00e1te, nezapome\u0148te si ji nejprve prov\u011b\u0159it. Zadruh\u00e9 se vyvarujte sd\u00edlen\u00ed jak\u00fdchkoli osobn\u00edch \u00fadaj\u016f nebo zapojen\u00ed do jak\u00fdchkoli \u010dinnost\u00ed, kter\u00e9 by mohly v\u00e9st ke kr\u00e1de\u017ei identity nebo podvodu. A kone\u010dn\u011b, p\u0159i prvn\u00edm osobn\u00edm setk\u00e1n\u00ed bu\u010fte v\u017edy obez\u0159etn\u00ed. Pokud je to mo\u017en\u00e9, sejd\u011bte se na ve\u0159ejn\u00e9m m\u00edst\u011b a vezm\u011bte n\u011bkoho s sebou. Dodr\u017eov\u00e1n\u00edm t\u011bchto jednoduch\u00fdch rad m\u016f\u017eete zajistit, \u017ee va\u0161e zku\u0161enosti s n\u00e1hodn\u00fdm videochatem budou pozitivn\u00ed.<\/p>\n<h2>Alternativa k camskip<\/h2>\n<p>Existuje mnoho alternativ k camskip. A\u0165 u\u017e hled\u00e1te flirtuj\u00edc\u00ed z\u00e1\u017eitek, nebo se jen chcete sezn\u00e1mit s nov\u00fdmi lidmi, je tu pro v\u00e1s mo\u017enost. Zde jsou n\u011bkter\u00e9 z nejlep\u0161\u00edch alternativ camskipu:<\/p>\n<ol>\n<li><a href=\"https:\/\/strangercam.com\/cs\/omegle\/\">Omegle<\/a>: Tento web je podobn\u00fd camskipu, proto\u017ee v\u00e1m umo\u017e\u0148uje chatovat s ciz\u00edmi lidmi. M\u00e1 v\u0161ak tak\u00e9 sekci, kde m\u016f\u017eete s lidmi flirtovat. D\u00edky tomu je skv\u011bl\u00e1 pro ty, kte\u0159\u00ed hledaj\u00ed flirtov\u00e1n\u00ed.<\/li>\n<li>Chatrandom: Tato str\u00e1nka je podobn\u00e1 camskipu v tom, \u017ee v\u00e1m umo\u017e\u0148uje chatovat s ciz\u00edmi lidmi. M\u00e1 v\u0161ak tak\u00e9 sekci, kde m\u016f\u017eete s lidmi flirtovat. D\u00edky tomu je skv\u011bl\u00e1 pro ty, kte\u0159\u00ed hledaj\u00ed flirtov\u00e1n\u00ed.<\/li>\n<li>DirtyRoulette: Tato str\u00e1nka je podobn\u00e1 camskip v tom, \u017ee v\u00e1m umo\u017e\u0148uje chatovat s ciz\u00edmi lidmi. M\u00e1 v\u0161ak tak\u00e9 sekci, kde m\u016f\u017eete s lidmi flirtovat. D\u00edky tomu je skv\u011bl\u00e1 pro ty, kte\u0159\u00ed hledaj\u00ed v\u00edce flirtu.<\/li>\n<\/ol>\n<h2>Z\u00e1v\u011br<\/h2>\n<p>Pokud hled\u00e1te nov\u00fd zp\u016fsob, jak se sezn\u00e1mit s lidmi a flirtovat s ciz\u00edmi lidmi, camskip rozhodn\u011b stoj\u00ed za vyzkou\u0161en\u00ed. Aplikace je zdarma a snadno se ovl\u00e1d\u00e1, tak\u017ee je skv\u011blou volbou pro ka\u017ed\u00e9ho, kdo je zv\u011bdav\u00fd na online seznamov\u00e1n\u00ed nebo si chce jednodu\u0161e pov\u00eddat s lidmi z cel\u00e9ho sv\u011bta. A\u0165 u\u017e hled\u00e1te p\u0159\u00e1telstv\u00ed nebo n\u011bco v\u00edc, camskip v\u00e1m pom\u016f\u017ee nav\u00e1zat kontakt s podobn\u011b sm\u00fd\u0161lej\u00edc\u00edmi lidmi v bezpe\u010dn\u00e9m a z\u00e1bavn\u00e9m prost\u0159ed\u00ed. Tak pro\u010d to nezkusit je\u0161t\u011b dnes?<\/p>","protected":false},"excerpt":{"rendered":"<p>Have you ever wished you could just skip past all the small talk and get to the fun part of meeting new people? Well, now there&#8217;s an app for that! Camskip is a new dating app that allows you to do just that &#8211; meet new people and flirt with strangers, without all the hassle. [&hellip;]<\/p>\n","protected":false},"author":6,"featured_media":559,"parent":0,"menu_order":0,"comment_status":"closed","ping_status":"closed","template":"","meta":{"footnotes":""},"class_list":["post-11194","page","type-page","status-publish","has-post-thumbnail","hentry"],"yoast_head":"<!-- This site is optimized with the Yoast SEO plugin v26.9 - https:\/\/yoast.com\/product\/yoast-seo-wordpress\/ -->\n<title>Camskip - Chat with strangers on StrangerCam.com<\/title>\n<meta name=\"description\" content=\"Like Camskip? Come chat with more than 5.000.000 strangers on Stranger Cam for Free! Turn on your cam and find new friends &amp; maby a match!\" \/>\n<meta name=\"robots\" content=\"index, follow, max-snippet:-1, max-image-preview:large, max-video-preview:-1\" \/>\n<link rel=\"canonical\" href=\"https:\/\/strangercam.com\/cs\/camskip\/\" \/>\n<meta property=\"og:locale\" content=\"cs_CZ\" \/>\n<meta property=\"og:type\" content=\"article\" \/>\n<meta property=\"og:title\" content=\"Camskip - Chat with strangers on StrangerCam.com\" \/>\n<meta property=\"og:description\" content=\"Like Camskip? Come chat with more than 5.000.000 strangers on Stranger Cam for Free! Turn on your cam and find new friends &amp; maby a match!\" \/>\n<meta property=\"og:url\" content=\"https:\/\/strangercam.com\/cs\/camskip\/\" \/>\n<meta property=\"og:site_name\" content=\"Strangercam\" \/>\n<meta property=\"article:publisher\" content=\"https:\/\/www.facebook.com\/strangercam\" \/>\n<meta property=\"article:modified_time\" content=\"2023-08-21T09:40:39+00:00\" \/>\n<meta property=\"og:image\" content=\"https:\/\/strangercam.com\/wp-content\/uploads\/2020\/11\/stranger-cam-1.png\" \/>\n\t<meta property=\"og:image:width\" content=\"800\" \/>\n\t<meta property=\"og:image:height\" content=\"800\" \/>\n\t<meta property=\"og:image:type\" content=\"image\/png\" \/>\n<meta name=\"twitter:card\" content=\"summary_large_image\" \/>\n<meta name=\"twitter:site\" content=\"@strangercamapp\" \/>\n<meta name=\"twitter:label1\" content=\"Odhadovan\u00e1 doba \u010dten\u00ed\" \/>\n\t<meta name=\"twitter:data1\" content=\"7 minut\" \/>\n<script type=\"application\/ld+json\" class=\"yoast-schema-graph\">{\"@context\":\"https:\/\/schema.org\",\"@graph\":[{\"@type\":\"WebPage\",\"@id\":\"https:\/\/strangercam.com\/camskip\/\",\"url\":\"https:\/\/strangercam.com\/camskip\/\",\"name\":\"Camskip - Chat with strangers on StrangerCam.com\",\"isPartOf\":{\"@id\":\"https:\/\/strangercam.com\/#website\"},\"primaryImageOfPage\":{\"@id\":\"https:\/\/strangercam.com\/camskip\/#primaryimage\"},\"image\":{\"@id\":\"https:\/\/strangercam.com\/camskip\/#primaryimage\"},\"thumbnailUrl\":\"https:\/\/strangercam.com\/wp-content\/uploads\/2020\/11\/stranger-cam-1.png\",\"datePublished\":\"2022-08-11T13:50:53+00:00\",\"dateModified\":\"2023-08-21T09:40:39+00:00\",\"description\":\"Like Camskip? Come chat with more than 5.000.000 strangers on Stranger Cam for Free! Turn on your cam and find new friends & maby a match!\",\"breadcrumb\":{\"@id\":\"https:\/\/strangercam.com\/camskip\/#breadcrumb\"},\"inLanguage\":\"cs\",\"potentialAction\":[{\"@type\":\"ReadAction\",\"target\":[\"https:\/\/strangercam.com\/camskip\/\"]}]},{\"@type\":\"ImageObject\",\"inLanguage\":\"cs\",\"@id\":\"https:\/\/strangercam.com\/camskip\/#primaryimage\",\"url\":\"https:\/\/strangercam.com\/wp-content\/uploads\/2020\/11\/stranger-cam-1.png\",\"contentUrl\":\"https:\/\/strangercam.com\/wp-content\/uploads\/2020\/11\/stranger-cam-1.png\",\"width\":800,\"height\":800,\"caption\":\"stranger cam random video chat\"},{\"@type\":\"BreadcrumbList\",\"@id\":\"https:\/\/strangercam.com\/camskip\/#breadcrumb\",\"itemListElement\":[{\"@type\":\"ListItem\",\"position\":1,\"name\":\"Home\",\"item\":\"https:\/\/strangercam.com\/\"},{\"@type\":\"ListItem\",\"position\":2,\"name\":\"Camskip\"}]},{\"@type\":\"WebSite\",\"@id\":\"https:\/\/strangercam.com\/#website\",\"url\":\"https:\/\/strangercam.com\/\",\"name\":\"Strangercam\",\"description\":\"Random Video Chat with Strangers\",\"publisher\":{\"@id\":\"https:\/\/strangercam.com\/#organization\"},\"alternateName\":\"Strangercam.com\",\"potentialAction\":[{\"@type\":\"SearchAction\",\"target\":{\"@type\":\"EntryPoint\",\"urlTemplate\":\"https:\/\/strangercam.com\/?s={search_term_string}\"},\"query-input\":{\"@type\":\"PropertyValueSpecification\",\"valueRequired\":true,\"valueName\":\"search_term_string\"}}],\"inLanguage\":\"cs\"},{\"@type\":\"Organization\",\"@id\":\"https:\/\/strangercam.com\/#organization\",\"name\":\"Strangercam\",\"alternateName\":\"Strangercam.com\",\"url\":\"https:\/\/strangercam.com\/\",\"logo\":{\"@type\":\"ImageObject\",\"inLanguage\":\"cs\",\"@id\":\"https:\/\/strangercam.com\/#\/schema\/logo\/image\/\",\"url\":\"https:\/\/strangercam.com\/wp-content\/uploads\/2020\/11\/cropped-new-favicon-black.png\",\"contentUrl\":\"https:\/\/strangercam.com\/wp-content\/uploads\/2020\/11\/cropped-new-favicon-black.png\",\"width\":512,\"height\":512,\"caption\":\"Strangercam\"},\"image\":{\"@id\":\"https:\/\/strangercam.com\/#\/schema\/logo\/image\/\"},\"sameAs\":[\"https:\/\/www.facebook.com\/strangercam\",\"https:\/\/x.com\/strangercamapp\"]}]}<\/script>\n<!-- \/ Yoast SEO plugin. -->","yoast_head_json":{"title":"Camskip - Chat s cizinci na StrangerCam.com","description":"Jako Camskip? Poj\u010fte si zdarma popov\u00eddat s v\u00edce ne\u017e 5 000 000 cizinci na Stranger Cam! Zapn\u011bte si kameru a najd\u011bte nov\u00e9 p\u0159\u00e1tele &amp; maby z\u00e1pas!","robots":{"index":"index","follow":"follow","max-snippet":"max-snippet:-1","max-image-preview":"max-image-preview:large","max-video-preview":"max-video-preview:-1"},"canonical":"https:\/\/strangercam.com\/cs\/camskip\/","og_locale":"cs_CZ","og_type":"article","og_title":"Camskip - Chat with strangers on StrangerCam.com","og_description":"Like Camskip? Come chat with more than 5.000.000 strangers on Stranger Cam for Free! Turn on your cam and find new friends & maby a match!","og_url":"https:\/\/strangercam.com\/cs\/camskip\/","og_site_name":"Strangercam","article_publisher":"https:\/\/www.facebook.com\/strangercam","article_modified_time":"2023-08-21T09:40:39+00:00","og_image":[{"width":800,"height":800,"url":"https:\/\/strangercam.com\/wp-content\/uploads\/2020\/11\/stranger-cam-1.png","type":"image\/png"}],"twitter_card":"summary_large_image","twitter_site":"@strangercamapp","twitter_misc":{"Odhadovan\u00e1 doba \u010dten\u00ed":"7 minut"},"schema":{"@context":"https:\/\/schema.org","@graph":[{"@type":"WebPage","@id":"https:\/\/strangercam.com\/camskip\/","url":"https:\/\/strangercam.com\/camskip\/","name":"Camskip - Chat s cizinci na StrangerCam.com","isPartOf":{"@id":"https:\/\/strangercam.com\/#website"},"primaryImageOfPage":{"@id":"https:\/\/strangercam.com\/camskip\/#primaryimage"},"image":{"@id":"https:\/\/strangercam.com\/camskip\/#primaryimage"},"thumbnailUrl":"https:\/\/strangercam.com\/wp-content\/uploads\/2020\/11\/stranger-cam-1.png","datePublished":"2022-08-11T13:50:53+00:00","dateModified":"2023-08-21T09:40:39+00:00","description":"Jako Camskip? Poj\u010fte si zdarma popov\u00eddat s v\u00edce ne\u017e 5 000 000 cizinci na Stranger Cam! Zapn\u011bte si kameru a najd\u011bte nov\u00e9 p\u0159\u00e1tele &amp; maby z\u00e1pas!","breadcrumb":{"@id":"https:\/\/strangercam.com\/camskip\/#breadcrumb"},"inLanguage":"cs","potentialAction":[{"@type":"ReadAction","target":["https:\/\/strangercam.com\/camskip\/"]}]},{"@type":"ImageObject","inLanguage":"cs","@id":"https:\/\/strangercam.com\/camskip\/#primaryimage","url":"https:\/\/strangercam.com\/wp-content\/uploads\/2020\/11\/stranger-cam-1.png","contentUrl":"https:\/\/strangercam.com\/wp-content\/uploads\/2020\/11\/stranger-cam-1.png","width":800,"height":800,"caption":"stranger cam random video chat"},{"@type":"BreadcrumbList","@id":"https:\/\/strangercam.com\/camskip\/#breadcrumb","itemListElement":[{"@type":"ListItem","position":1,"name":"Home","item":"https:\/\/strangercam.com\/"},{"@type":"ListItem","position":2,"name":"Camskip"}]},{"@type":"WebSite","@id":"https:\/\/strangercam.com\/#website","url":"https:\/\/strangercam.com\/","name":"Strangercam","description":"N\u00e1hodn\u00fd videochat s ciz\u00edmi lidmi","publisher":{"@id":"https:\/\/strangercam.com\/#organization"},"alternateName":"Strangercam.com","potentialAction":[{"@type":"SearchAction","target":{"@type":"EntryPoint","urlTemplate":"https:\/\/strangercam.com\/?s={search_term_string}"},"query-input":{"@type":"PropertyValueSpecification","valueRequired":true,"valueName":"search_term_string"}}],"inLanguage":"cs"},{"@type":"Organization","@id":"https:\/\/strangercam.com\/#organization","name":"Strangercam","alternateName":"Strangercam.com","url":"https:\/\/strangercam.com\/","logo":{"@type":"ImageObject","inLanguage":"cs","@id":"https:\/\/strangercam.com\/#\/schema\/logo\/image\/","url":"https:\/\/strangercam.com\/wp-content\/uploads\/2020\/11\/cropped-new-favicon-black.png","contentUrl":"https:\/\/strangercam.com\/wp-content\/uploads\/2020\/11\/cropped-new-favicon-black.png","width":512,"height":512,"caption":"Strangercam"},"image":{"@id":"https:\/\/strangercam.com\/#\/schema\/logo\/image\/"},"sameAs":["https:\/\/www.facebook.com\/strangercam","https:\/\/x.com\/strangercamapp"]}]}},"_links":{"self":[{"href":"https:\/\/strangercam.com\/cs\/wp-json\/wp\/v2\/pages\/11194","targetHints":{"allow":["GET"]}}],"collection":[{"href":"https:\/\/strangercam.com\/cs\/wp-json\/wp\/v2\/pages"}],"about":[{"href":"https:\/\/strangercam.com\/cs\/wp-json\/wp\/v2\/types\/page"}],"author":[{"embeddable":true,"href":"https:\/\/strangercam.com\/cs\/wp-json\/wp\/v2\/users\/6"}],"replies":[{"embeddable":true,"href":"https:\/\/strangercam.com\/cs\/wp-json\/wp\/v2\/comments?post=11194"}],"version-history":[{"count":0,"href":"https:\/\/strangercam.com\/cs\/wp-json\/wp\/v2\/pages\/11194\/revisions"}],"wp:featuredmedia":[{"embeddable":true,"href":"https:\/\/strangercam.com\/cs\/wp-json\/wp\/v2\/media\/559"}],"wp:attachment":[{"href":"https:\/\/strangercam.com\/cs\/wp-json\/wp\/v2\/media?parent=11194"}],"curies":[{"name":"wp","href":"https:\/\/api.w.org\/{rel}","templated":true}]}}