{"id":11180,"date":"2022-08-11T15:28:24","date_gmt":"2022-08-11T13:28:24","guid":{"rendered":"https:\/\/strangercam.com\/?page_id=11180"},"modified":"2023-08-21T12:46:37","modified_gmt":"2023-08-21T10:46:37","slug":"randomskip","status":"publish","type":"page","link":"https:\/\/strangercam.com\/cs\/randomskip\/","title":{"rendered":"Randomskip"},"content":{"rendered":"<p>Existuje mnoho lid\u00ed, kte\u0159\u00ed hledaj\u00ed zp\u016fsoby, jak <a href=\"https:\/\/strangercam.com\/cs\/coomeet\/\">Seznamte se s<\/a> nov\u00e9 lidi a <a href=\"https:\/\/strangercam.com\/cs\/flingster\/\">flirt<\/a> s ciz\u00edmi lidmi. Existuje mnoho webov\u00fdch str\u00e1nek a aplikac\u00ed, kter\u00e9 v\u00e1m s t\u00edm mohou pomoci, ale v\u0161echny maj\u00ed sv\u00e1 vlastn\u00ed pravidla a p\u0159edpisy. S randomskip m\u016f\u017eete pozn\u00e1vat nov\u00e9 lidi a flirtovat s ciz\u00edmi lidmi bez jak\u00fdchkoli omezen\u00ed!<\/p>\n<h2>Co je randomskip?<\/h2>\n<p>Randomskip je nov\u00e1 webov\u00e1 str\u00e1nka, kter\u00e1 v\u00e1m umo\u017en\u00ed poznat nov\u00e9 lidi a flirtovat s ciz\u00edmi lidmi. Str\u00e1nka je zdarma a m\u016f\u017eete si na n\u00ed vytvo\u0159it vlastn\u00ed profil a seznamovat se s nov\u00fdmi lidmi.<\/p>\n<h2>Jak pou\u017e\u00edvat randomskip<\/h2>\n<p>Pokud se chcete sezn\u00e1mit s nov\u00fdmi lidmi a flirtovat s ciz\u00edmi lidmi, pak je pro v\u00e1s randomskip ide\u00e1ln\u00edm m\u00edstem! Zde se dozv\u00edte, jak na\u0161e str\u00e1nky vyu\u017e\u00edt ve sv\u016fj prosp\u011bch.<\/p>\n<p>Nejprve si vytvo\u0159te profil, kter\u00fd bude obsahovat z\u00e1kladn\u00ed informace o v\u00e1s. Nezapome\u0148te p\u0159ipojit fotografii, aby ostatn\u00ed u\u017eivatel\u00e9 vid\u011bli, jak vypad\u00e1te. Pak m\u016f\u017eete za\u010d\u00edt chatovat, Randomskip v\u00e1m najde prot\u011bj\u0161ek.<\/p>\n<h2>Flirtovat s ciz\u00edmi lidmi na randomskip<\/h2>\n<p>Chcete do sv\u00e9ho \u017eivota vn\u00e9st trochu vzru\u0161en\u00ed? Pro\u010d neflirtovat s ciz\u00edmi lidmi na randomskip? Je to skv\u011bl\u00fd zp\u016fsob, jak poznat nov\u00e9 lidi a u\u017e\u00edt si trochu z\u00e1bavy. Nav\u00edc nikdy nev\u00edte, kam to m\u016f\u017ee v\u00e9st. Tak do toho a zkuste to. Kdo v\u00ed, t\u0159eba pr\u00e1v\u011b najdete sv\u016fj dokonal\u00fd prot\u011bj\u0161ek.<\/p>\n<h2>V\u00fdhody a nev\u00fdhody randomskip<\/h2>\n<p>Existuje spousta zp\u016fsob\u016f, jak se sezn\u00e1mit s nov\u00fdmi lidmi a flirtovat s ciz\u00edmi, ale ne v\u0161echny jsou stejn\u00e9. Randomskip je nov\u00e1 aplikace, kter\u00e1 se sna\u017e\u00ed tento proces u\u010dinit z\u00e1bavn\u011bj\u0161\u00edm a efektivn\u011bj\u0161\u00edm t\u00edm, \u017ee umo\u017e\u0148uje u\u017eivatel\u016fm proch\u00e1zet profily, dokud nenajdou prot\u011bj\u0161ek. Funguje to ale skute\u010dn\u011b? Pod\u00edvejme se na v\u00fdhody a nev\u00fdhody pou\u017e\u00edv\u00e1n\u00ed aplikace Randomskip.<\/p>\n<h4>PROS:<\/h4>\n<ul>\n<li style=\"font-weight: 400;\" aria-level=\"1\">B\u011bhem kr\u00e1tk\u00e9 doby se m\u016f\u017eete sezn\u00e1mit s mnoha nov\u00fdmi lidmi.<\/li>\n<li style=\"font-weight: 400;\" aria-level=\"1\">Je to skv\u011bl\u00fd zp\u016fsob, jak si procvi\u010dit flirtovac\u00ed dovednosti.<\/li>\n<li style=\"font-weight: 400;\" aria-level=\"1\">Je k dispozici zdarma.<\/li>\n<\/ul>\n<h4>Z\u00c1PORY:<\/h4>\n<ul>\n<li style=\"font-weight: 400;\" aria-level=\"1\">N\u011bkte\u0159\u00ed lid\u00e9 mohou tento koncept pova\u017eovat za povrchn\u00ed nebo d\u011btinsk\u00fd.<\/li>\n<li style=\"font-weight: 400;\" aria-level=\"1\">P\u0159i rozhodov\u00e1n\u00ed, zda n\u011bkoho p\u0159esko\u010dit, m\u00e1te k dispozici pouze omezen\u00e9 mno\u017estv\u00ed informac\u00ed.<\/li>\n<\/ul>\n<h2>Jak co nejl\u00e9pe vyu\u017e\u00edt randomskip?<\/h2>\n<p>Pokud se chcete sezn\u00e1mit s nov\u00fdmi lidmi a flirtovat s ciz\u00edmi, pak je pro v\u00e1s randomskip ide\u00e1ln\u00edm m\u00edstem! Zde je n\u011bkolik tip\u016f, jak ze sv\u00e9 zku\u0161enosti vyt\u011b\u017eit co nejv\u00edce:<\/p>\n<ul>\n<li style=\"font-weight: 400;\" aria-level=\"1\">Bu\u010fte otev\u0159en\u00ed a p\u0159\u00e1tel\u0161t\u00ed. Nebojte se nav\u00e1zat rozhovor s n\u011bk\u00fdm, koho nezn\u00e1te.<\/li>\n<li style=\"font-weight: 400;\" aria-level=\"1\">Bu\u010fte sami sebou. Nechte vyniknout svou osobnost a ur\u010dit\u011b upout\u00e1te pozornost.<\/li>\n<li style=\"font-weight: 400;\" aria-level=\"1\">Pou\u017eijte <a href=\"https:\/\/strangercam.com\/cs\/chatroulette\/\">chat<\/a> funkce, kter\u00e1 umo\u017e\u0148uje l\u00e9pe poznat lidi. Flirtov\u00e1n\u00ed je z\u00e1bavn\u00e9, ale je\u0161t\u011b z\u00e1bavn\u011bj\u0161\u00ed je, kdy\u017e se s flirtuj\u00edc\u00ed osobou m\u016f\u017eete skute\u010dn\u011b bavit!<\/li>\n<li style=\"font-weight: 400;\" aria-level=\"1\">Bavte se! M\u00e1 to b\u00fdt z\u00e1bava, tak si to u\u017eijte!<\/li>\n<\/ul>\n<h2>Pro\u010d je randomskip tak popul\u00e1rn\u00ed n\u00e1hodn\u00e1 platforma pro videochatov\u00e1n\u00ed?<\/h2>\n<p>Existuje \u0159ada d\u016fvod\u016f, pro\u010d se randomskip stal tak popul\u00e1rn\u00ed platformou pro n\u00e1hodn\u00fd videochat. V prvn\u00ed \u0159ad\u011b je jej\u00ed pou\u017e\u00edv\u00e1n\u00ed neuv\u011b\u0159iteln\u011b snadn\u00e9. Pot\u0159ebujete pouze webovou kameru a p\u0159ipojen\u00ed k internetu a m\u016f\u017eete za\u010d\u00edt.<\/p>\n<p>Dal\u0161\u00edm d\u016fvodem jeho popularity je, \u017ee nab\u00edz\u00ed jedine\u010dnou p\u0159\u00edle\u017eitost sezn\u00e1mit se s nov\u00fdmi lidmi a flirtovat s ciz\u00edmi lidmi. Nikdy nev\u00edte, koho na randomskipu potk\u00e1te, a o to v\u00edc je to vzru\u0161uj\u00edc\u00ed.<\/p>\n<p>Platforma je zcela zdarma. Nemus\u00edte se starat o placen\u00ed \u017e\u00e1dn\u00fdch poplatk\u016f ani p\u0159edplatn\u00e9ho; jednodu\u0161e si u\u017eijte setk\u00e1v\u00e1n\u00ed s nov\u00fdmi lidmi z cel\u00e9ho sv\u011bta.<\/p>\n<h2>Je jeho pou\u017e\u00edv\u00e1n\u00ed bezpe\u010dn\u00e9?<\/h2>\n<p>Pokud uva\u017eujete o pou\u017eit\u00ed aplikace randomskip k seznamov\u00e1n\u00ed s nov\u00fdmi lidmi a flirtov\u00e1n\u00ed s ciz\u00edmi lidmi, mo\u017en\u00e1 v\u00e1s zaj\u00edm\u00e1, zda je jej\u00ed pou\u017e\u00edv\u00e1n\u00ed bezpe\u010dn\u00e9. I kdy\u017e neexistuje \u017e\u00e1dn\u00e1 z\u00e1ruka, \u017ee se p\u0159i pou\u017e\u00edv\u00e1n\u00ed aplikace nesetk\u00e1te s nebezpe\u010d\u00edm, m\u016f\u017eete p\u0159ijmout n\u011bkter\u00e1 opat\u0159en\u00ed, kter\u00e1 v\u00e1m pomohou zajistit bezpe\u010dnost. Za prv\u00e9, chatujte pouze s lidmi, se kter\u00fdmi se c\u00edt\u00edte dob\u0159e a kter\u00fdm d\u016fv\u011b\u0159ujete. Pokud se kv\u016fli n\u011bkomu nec\u00edt\u00edte dob\u0159e, zablokujte ho a nahlaste ho spr\u00e1vc\u016fm aplikace. Nezapome\u0148te tak\u00e9 informovat p\u0159\u00edtele nebo \u010dlena rodiny o tom, kdy a kde se budete s lidmi z aplikace setk\u00e1vat. P\u0159ijet\u00edm t\u011bchto opat\u0159en\u00ed m\u016f\u017eete p\u0159isp\u011bt k tomu, \u017ee va\u0161e zku\u0161enosti s pou\u017e\u00edv\u00e1n\u00edm aplikace randomskip budou bezpe\u010dn\u00e9 a pozitivn\u00ed.<\/p>\n<h2>Alternativy rondomskip<\/h2>\n<p>Pokud hled\u00e1te alternativu k rondomskip, existuje spousta dal\u0161\u00edch zp\u016fsob\u016f, jak se sezn\u00e1mit s nov\u00fdmi lidmi a flirtovat s cizinci. Zde je n\u011bkolik na\u0161ich obl\u00edben\u00fdch:<\/p>\n<ol>\n<li>Chatrandom<\/li>\n<\/ol>\n<p>Chatrandom je jedn\u00edm z nejobl\u00edben\u011bj\u0161\u00edch chatovac\u00edch server\u016f na internetu a je ide\u00e1ln\u00ed pro pozn\u00e1v\u00e1n\u00ed nov\u00fdch lid\u00ed a flirtov\u00e1n\u00ed s cizinci. Str\u00e1nka m\u00e1 miliony u\u017eivatel\u016f z cel\u00e9ho sv\u011bta, tak\u017ee ur\u010dit\u011b najdete n\u011bkoho, s k\u00fdm si m\u016f\u017eete pov\u00eddat, a\u0165 u\u017e jste kdekoli.<\/p>\n<ol start=\"2\">\n<li><a href=\"https:\/\/strangercam.com\/cs\/omegle\/\">Omegle<\/a><\/li>\n<\/ol>\n<p>Omegle je dal\u0161\u00ed popul\u00e1rn\u00ed chatovac\u00ed str\u00e1nka, kter\u00e1 je ide\u00e1ln\u00ed pro pozn\u00e1v\u00e1n\u00ed nov\u00fdch lid\u00ed a flirtov\u00e1n\u00ed s cizinci. Str\u00e1nka m\u00e1 miliony u\u017eivatel\u016f z cel\u00e9ho sv\u011bta, tak\u017ee ur\u010dit\u011b najdete n\u011bkoho, s k\u00fdm si m\u016f\u017eete pov\u00eddat, a\u0165 u\u017e jste kdekoli.<\/p>\n<ol start=\"3\">\n<li><a href=\"https:\/\/strangercam.com\/cs\/camsurf\/\">Camsurf<\/a><\/li>\n<\/ol>\n<p>Camsurf je webkamerov\u00fd chat, kter\u00fd je ide\u00e1ln\u00ed pro pozn\u00e1v\u00e1n\u00ed nov\u00fdch lid\u00ed a flirtov\u00e1n\u00ed s cizinci. Str\u00e1nka m\u00e1 miliony u\u017eivatel\u016f z cel\u00e9ho sv\u011bta, tak\u017ee ur\u010dit\u011b najdete n\u011bkoho, s k\u00fdm si m\u016f\u017eete pov\u00eddat, a\u0165 u\u017e jste kdekoli.<\/p>\n<h2>Z\u00e1v\u011br<\/h2>\n<p>Pokud se chcete sezn\u00e1mit s nov\u00fdmi lidmi a flirtovat s nezn\u00e1m\u00fdmi, nen\u00ed lep\u0161\u00ed m\u00edsto ne\u017e randomskip.com. D\u00edky tis\u00edc\u016fm u\u017eivatel\u016f, kte\u0159\u00ed jsou v danou chv\u00edli online, ur\u010dit\u011b najdete n\u011bkoho zaj\u00edmav\u00e9ho, s k\u00fdm si budete moci pov\u00eddat, a\u0165 u\u017e m\u00e1te jak\u00e9koli z\u00e1jmy. Tak na co je\u0161t\u011b \u010dek\u00e1te? Zaregistrujte se je\u0161t\u011b dnes a za\u010dn\u011bte pozn\u00e1vat nov\u00e9 lidi!<\/p>","protected":false},"excerpt":{"rendered":"<p>There are many people who are looking for ways to meet new people and flirt with strangers. There are a lot of websites and apps that can help you with this, but they all have their own set of rules and regulations. With randomskip, you can meet new people and flirt with strangers without any [&hellip;]<\/p>\n","protected":false},"author":6,"featured_media":559,"parent":0,"menu_order":0,"comment_status":"closed","ping_status":"closed","template":"","meta":{"footnotes":""},"class_list":["post-11180","page","type-page","status-publish","has-post-thumbnail","hentry"],"yoast_head":"<!-- This site is optimized with the Yoast SEO plugin v26.9 - https:\/\/yoast.com\/product\/yoast-seo-wordpress\/ -->\n<title>Randomskip - Chat with strangers on StrangerCam.com<\/title>\n<meta name=\"description\" content=\"Like Randomskip? Come chat with more than 5.000.000 strangers on Stranger Cam for Free! Turn on your cam and find new friends &amp; maby a match!\" \/>\n<meta name=\"robots\" content=\"index, follow, max-snippet:-1, max-image-preview:large, max-video-preview:-1\" \/>\n<link rel=\"canonical\" href=\"https:\/\/strangercam.com\/cs\/randomskip\/\" \/>\n<meta property=\"og:locale\" content=\"cs_CZ\" \/>\n<meta property=\"og:type\" content=\"article\" \/>\n<meta property=\"og:title\" content=\"Randomskip - Chat with strangers on StrangerCam.com\" \/>\n<meta property=\"og:description\" content=\"Like Randomskip? Come chat with more than 5.000.000 strangers on Stranger Cam for Free! Turn on your cam and find new friends &amp; maby a match!\" \/>\n<meta property=\"og:url\" content=\"https:\/\/strangercam.com\/cs\/randomskip\/\" \/>\n<meta property=\"og:site_name\" content=\"Strangercam\" \/>\n<meta property=\"article:publisher\" content=\"https:\/\/www.facebook.com\/strangercam\" \/>\n<meta property=\"article:modified_time\" content=\"2023-08-21T10:46:37+00:00\" \/>\n<meta property=\"og:image\" content=\"https:\/\/strangercam.com\/wp-content\/uploads\/2020\/11\/stranger-cam-1.png\" \/>\n\t<meta property=\"og:image:width\" content=\"800\" \/>\n\t<meta property=\"og:image:height\" content=\"800\" \/>\n\t<meta property=\"og:image:type\" content=\"image\/png\" \/>\n<meta name=\"twitter:card\" content=\"summary_large_image\" \/>\n<meta name=\"twitter:site\" content=\"@strangercamapp\" \/>\n<meta name=\"twitter:label1\" content=\"Odhadovan\u00e1 doba \u010dten\u00ed\" \/>\n\t<meta name=\"twitter:data1\" content=\"5 minut\" \/>\n<script type=\"application\/ld+json\" class=\"yoast-schema-graph\">{\"@context\":\"https:\/\/schema.org\",\"@graph\":[{\"@type\":\"WebPage\",\"@id\":\"https:\/\/strangercam.com\/randomskip\/\",\"url\":\"https:\/\/strangercam.com\/randomskip\/\",\"name\":\"Randomskip - Chat with strangers on StrangerCam.com\",\"isPartOf\":{\"@id\":\"https:\/\/strangercam.com\/#website\"},\"primaryImageOfPage\":{\"@id\":\"https:\/\/strangercam.com\/randomskip\/#primaryimage\"},\"image\":{\"@id\":\"https:\/\/strangercam.com\/randomskip\/#primaryimage\"},\"thumbnailUrl\":\"https:\/\/strangercam.com\/wp-content\/uploads\/2020\/11\/stranger-cam-1.png\",\"datePublished\":\"2022-08-11T13:28:24+00:00\",\"dateModified\":\"2023-08-21T10:46:37+00:00\",\"description\":\"Like Randomskip? Come chat with more than 5.000.000 strangers on Stranger Cam for Free! Turn on your cam and find new friends & maby a match!\",\"breadcrumb\":{\"@id\":\"https:\/\/strangercam.com\/randomskip\/#breadcrumb\"},\"inLanguage\":\"cs\",\"potentialAction\":[{\"@type\":\"ReadAction\",\"target\":[\"https:\/\/strangercam.com\/randomskip\/\"]}]},{\"@type\":\"ImageObject\",\"inLanguage\":\"cs\",\"@id\":\"https:\/\/strangercam.com\/randomskip\/#primaryimage\",\"url\":\"https:\/\/strangercam.com\/wp-content\/uploads\/2020\/11\/stranger-cam-1.png\",\"contentUrl\":\"https:\/\/strangercam.com\/wp-content\/uploads\/2020\/11\/stranger-cam-1.png\",\"width\":800,\"height\":800,\"caption\":\"stranger cam random video chat\"},{\"@type\":\"BreadcrumbList\",\"@id\":\"https:\/\/strangercam.com\/randomskip\/#breadcrumb\",\"itemListElement\":[{\"@type\":\"ListItem\",\"position\":1,\"name\":\"Home\",\"item\":\"https:\/\/strangercam.com\/\"},{\"@type\":\"ListItem\",\"position\":2,\"name\":\"Randomskip\"}]},{\"@type\":\"WebSite\",\"@id\":\"https:\/\/strangercam.com\/#website\",\"url\":\"https:\/\/strangercam.com\/\",\"name\":\"Strangercam\",\"description\":\"Random Video Chat with Strangers\",\"publisher\":{\"@id\":\"https:\/\/strangercam.com\/#organization\"},\"alternateName\":\"Strangercam.com\",\"potentialAction\":[{\"@type\":\"SearchAction\",\"target\":{\"@type\":\"EntryPoint\",\"urlTemplate\":\"https:\/\/strangercam.com\/?s={search_term_string}\"},\"query-input\":{\"@type\":\"PropertyValueSpecification\",\"valueRequired\":true,\"valueName\":\"search_term_string\"}}],\"inLanguage\":\"cs\"},{\"@type\":\"Organization\",\"@id\":\"https:\/\/strangercam.com\/#organization\",\"name\":\"Strangercam\",\"alternateName\":\"Strangercam.com\",\"url\":\"https:\/\/strangercam.com\/\",\"logo\":{\"@type\":\"ImageObject\",\"inLanguage\":\"cs\",\"@id\":\"https:\/\/strangercam.com\/#\/schema\/logo\/image\/\",\"url\":\"https:\/\/strangercam.com\/wp-content\/uploads\/2020\/11\/cropped-new-favicon-black.png\",\"contentUrl\":\"https:\/\/strangercam.com\/wp-content\/uploads\/2020\/11\/cropped-new-favicon-black.png\",\"width\":512,\"height\":512,\"caption\":\"Strangercam\"},\"image\":{\"@id\":\"https:\/\/strangercam.com\/#\/schema\/logo\/image\/\"},\"sameAs\":[\"https:\/\/www.facebook.com\/strangercam\",\"https:\/\/x.com\/strangercamapp\"]}]}<\/script>\n<!-- \/ Yoast SEO plugin. -->","yoast_head_json":{"title":"Randomskip - Chat s cizinci na StrangerCam.com","description":"Jako Randomskip? Poj\u010fte si zdarma popov\u00eddat s v\u00edce ne\u017e 5 000 000 cizinci na Stranger Cam! Zapn\u011bte si kameru a najd\u011bte nov\u00e9 p\u0159\u00e1tele &amp; maby z\u00e1pas!","robots":{"index":"index","follow":"follow","max-snippet":"max-snippet:-1","max-image-preview":"max-image-preview:large","max-video-preview":"max-video-preview:-1"},"canonical":"https:\/\/strangercam.com\/cs\/randomskip\/","og_locale":"cs_CZ","og_type":"article","og_title":"Randomskip - Chat with strangers on StrangerCam.com","og_description":"Like Randomskip? Come chat with more than 5.000.000 strangers on Stranger Cam for Free! Turn on your cam and find new friends & maby a match!","og_url":"https:\/\/strangercam.com\/cs\/randomskip\/","og_site_name":"Strangercam","article_publisher":"https:\/\/www.facebook.com\/strangercam","article_modified_time":"2023-08-21T10:46:37+00:00","og_image":[{"width":800,"height":800,"url":"https:\/\/strangercam.com\/wp-content\/uploads\/2020\/11\/stranger-cam-1.png","type":"image\/png"}],"twitter_card":"summary_large_image","twitter_site":"@strangercamapp","twitter_misc":{"Odhadovan\u00e1 doba \u010dten\u00ed":"5 minut"},"schema":{"@context":"https:\/\/schema.org","@graph":[{"@type":"WebPage","@id":"https:\/\/strangercam.com\/randomskip\/","url":"https:\/\/strangercam.com\/randomskip\/","name":"Randomskip - Chat s cizinci na StrangerCam.com","isPartOf":{"@id":"https:\/\/strangercam.com\/#website"},"primaryImageOfPage":{"@id":"https:\/\/strangercam.com\/randomskip\/#primaryimage"},"image":{"@id":"https:\/\/strangercam.com\/randomskip\/#primaryimage"},"thumbnailUrl":"https:\/\/strangercam.com\/wp-content\/uploads\/2020\/11\/stranger-cam-1.png","datePublished":"2022-08-11T13:28:24+00:00","dateModified":"2023-08-21T10:46:37+00:00","description":"Jako Randomskip? Poj\u010fte si zdarma popov\u00eddat s v\u00edce ne\u017e 5 000 000 cizinci na Stranger Cam! Zapn\u011bte si kameru a najd\u011bte nov\u00e9 p\u0159\u00e1tele &amp; maby z\u00e1pas!","breadcrumb":{"@id":"https:\/\/strangercam.com\/randomskip\/#breadcrumb"},"inLanguage":"cs","potentialAction":[{"@type":"ReadAction","target":["https:\/\/strangercam.com\/randomskip\/"]}]},{"@type":"ImageObject","inLanguage":"cs","@id":"https:\/\/strangercam.com\/randomskip\/#primaryimage","url":"https:\/\/strangercam.com\/wp-content\/uploads\/2020\/11\/stranger-cam-1.png","contentUrl":"https:\/\/strangercam.com\/wp-content\/uploads\/2020\/11\/stranger-cam-1.png","width":800,"height":800,"caption":"stranger cam random video chat"},{"@type":"BreadcrumbList","@id":"https:\/\/strangercam.com\/randomskip\/#breadcrumb","itemListElement":[{"@type":"ListItem","position":1,"name":"Home","item":"https:\/\/strangercam.com\/"},{"@type":"ListItem","position":2,"name":"Randomskip"}]},{"@type":"WebSite","@id":"https:\/\/strangercam.com\/#website","url":"https:\/\/strangercam.com\/","name":"Strangercam","description":"N\u00e1hodn\u00fd videochat s ciz\u00edmi lidmi","publisher":{"@id":"https:\/\/strangercam.com\/#organization"},"alternateName":"Strangercam.com","potentialAction":[{"@type":"SearchAction","target":{"@type":"EntryPoint","urlTemplate":"https:\/\/strangercam.com\/?s={search_term_string}"},"query-input":{"@type":"PropertyValueSpecification","valueRequired":true,"valueName":"search_term_string"}}],"inLanguage":"cs"},{"@type":"Organization","@id":"https:\/\/strangercam.com\/#organization","name":"Strangercam","alternateName":"Strangercam.com","url":"https:\/\/strangercam.com\/","logo":{"@type":"ImageObject","inLanguage":"cs","@id":"https:\/\/strangercam.com\/#\/schema\/logo\/image\/","url":"https:\/\/strangercam.com\/wp-content\/uploads\/2020\/11\/cropped-new-favicon-black.png","contentUrl":"https:\/\/strangercam.com\/wp-content\/uploads\/2020\/11\/cropped-new-favicon-black.png","width":512,"height":512,"caption":"Strangercam"},"image":{"@id":"https:\/\/strangercam.com\/#\/schema\/logo\/image\/"},"sameAs":["https:\/\/www.facebook.com\/strangercam","https:\/\/x.com\/strangercamapp"]}]}},"_links":{"self":[{"href":"https:\/\/strangercam.com\/cs\/wp-json\/wp\/v2\/pages\/11180","targetHints":{"allow":["GET"]}}],"collection":[{"href":"https:\/\/strangercam.com\/cs\/wp-json\/wp\/v2\/pages"}],"about":[{"href":"https:\/\/strangercam.com\/cs\/wp-json\/wp\/v2\/types\/page"}],"author":[{"embeddable":true,"href":"https:\/\/strangercam.com\/cs\/wp-json\/wp\/v2\/users\/6"}],"replies":[{"embeddable":true,"href":"https:\/\/strangercam.com\/cs\/wp-json\/wp\/v2\/comments?post=11180"}],"version-history":[{"count":0,"href":"https:\/\/strangercam.com\/cs\/wp-json\/wp\/v2\/pages\/11180\/revisions"}],"wp:featuredmedia":[{"embeddable":true,"href":"https:\/\/strangercam.com\/cs\/wp-json\/wp\/v2\/media\/559"}],"wp:attachment":[{"href":"https:\/\/strangercam.com\/cs\/wp-json\/wp\/v2\/media?parent=11180"}],"curies":[{"name":"wp","href":"https:\/\/api.w.org\/{rel}","templated":true}]}}