{"id":11167,"date":"2022-08-11T15:18:17","date_gmt":"2022-08-11T13:18:17","guid":{"rendered":"https:\/\/strangercam.com\/?page_id=11167"},"modified":"2023-08-21T12:48:49","modified_gmt":"2023-08-21T10:48:49","slug":"chatu-v-ulicich","status":"publish","type":"page","link":"https:\/\/strangercam.com\/cs\/ulive-chat\/","title":{"rendered":"Ulive Chat"},"content":{"rendered":"<p>V dne\u0161n\u00ed dob\u011b soci\u00e1ln\u00edho odcizen\u00ed m\u016f\u017ee b\u00fdt t\u011b\u017ek\u00e9 naj\u00edt zp\u016fsob, jak nav\u00e1zat kontakt s ostatn\u00edmi. Existuje v\u0161ak jedno m\u00edsto, kde si v\u017edy m\u016f\u017eete popov\u00eddat s ciz\u00edmi lidmi: ulive-chat. Na ulive-chatu m\u016f\u017eete <a href=\"https:\/\/strangercam.com\/cs\/chatroulette\/\">chat<\/a> s lidmi z cel\u00e9ho sv\u011bta o v\u0161em mo\u017en\u00e9m. Tak poj\u010fte d\u00e1l a za\u010dn\u011bte <a href=\"https:\/\/strangercam.com\/cs\/chatingly\/\">chatov\u00e1n\u00ed<\/a>!<\/p>\n<h2>Co je ulive chat?<\/h2>\n<p>ulive-chat je nov\u00e1 platforma soci\u00e1ln\u00edch m\u00e9di\u00ed, kter\u00e1 umo\u017e\u0148uje u\u017eivatel\u016fm navazovat kontakty prost\u0159ednictv\u00edm kr\u00e1tk\u00fdch, 10sekundov\u00fdch rozhovor\u016f. <a href=\"https:\/\/strangercam.com\/cs\/rabbit-video-chat\/\">video<\/a> chaty. Je to skv\u011bl\u00fd zp\u016fsob, jak <a href=\"https:\/\/strangercam.com\/cs\/coomeet\/\">Seznamte se s<\/a> nov\u00e9 lidi a p\u0159\u00e1tele z cel\u00e9ho sv\u011bta. Pomoc\u00ed ulive-chatu m\u016f\u017eete mluvit o \u010demkoli, a\u0165 u\u017e jde o v\u00e1\u0161 obl\u00edben\u00fd televizn\u00ed po\u0159ad, nejnov\u011bj\u0161\u00ed zpr\u00e1vy nebo jen o to, co v\u00e1s tr\u00e1p\u00ed.<\/p>\n<h2>Jak spustit chat na ulive chatu<\/h2>\n<p>Pokud se c\u00edt\u00edte osam\u011ble a chcete si s n\u011bk\u00fdm popov\u00eddat, ulive-chat je skv\u011bl\u00e1 mo\u017enost. Jedn\u00e1 se o chatovac\u00ed slu\u017ebu, kter\u00e1 v\u00e1s spoj\u00ed s lidmi z cel\u00e9ho sv\u011bta, tak\u017ee si m\u016f\u017eete naj\u00edt nov\u00e9 p\u0159\u00e1tele a poznat nov\u00e9 kultury. Zde je n\u00e1vod, jak za\u010d\u00edt chatovat na ulive-chat:<\/p>\n<ol>\n<li>P\u0159ejd\u011bte na webov\u00e9 str\u00e1nky ulive-chat a vytvo\u0159te si \u00fa\u010det.<\/li>\n<li>Po p\u0159ihl\u00e1\u0161en\u00ed klikn\u011bte na tla\u010d\u00edtko \"Za\u010d\u00edt chatovat\".<\/li>\n<li>Zobraz\u00ed se seznam osob, kter\u00e9 jsou pr\u00e1v\u011b online. Vyberte si n\u011bkoho, s k\u00fdm chcete chatovat, a klikn\u011bte na jeho jm\u00e9no.<\/li>\n<li>Otev\u0159e se nov\u00e9 okno chatu. Za\u010dn\u011bte chatovat se sv\u00fdm nov\u00fdm p\u0159\u00edtelem!<\/li>\n<\/ol>\n<h2>O \u010dem mluvit s ciz\u00edmi lidmi na ulive chatu<\/h2>\n<p>Pokud hled\u00e1te n\u011bco, o \u010dem byste si mohli pov\u00eddat s ciz\u00edmi lidmi na ulive-chatu, zde je n\u011bkolik n\u00e1pad\u016f:<\/p>\n<ul>\n<li style=\"font-weight: 400;\" aria-level=\"1\">P\u0159edstavte se a zeptejte se druh\u00e9 osoby, jak se jmenuje?<\/li>\n<li style=\"font-weight: 400;\" aria-level=\"1\">Odkud jsou?<\/li>\n<li style=\"font-weight: 400;\" aria-level=\"1\">\u010c\u00edm se \u017eiv\u00ed?<\/li>\n<li style=\"font-weight: 400;\" aria-level=\"1\">Jak\u00e9 jsou jejich kon\u00ed\u010dky?<\/li>\n<li style=\"font-weight: 400;\" aria-level=\"1\">Maj\u00ed n\u011bjak\u00e1 dom\u00e1c\u00ed zv\u00ed\u0159ata?<\/li>\n<li style=\"font-weight: 400;\" aria-level=\"1\">Jak\u00e1 je jejich obl\u00edben\u00e1 hudba\/film\/televizn\u00ed po\u0159ad?<\/li>\n<li style=\"font-weight: 400;\" aria-level=\"1\">Jak\u00fd byl nejlep\u0161\u00ed den v jejich \u017eivot\u011b?<\/li>\n<li style=\"font-weight: 400;\" aria-level=\"1\">Z \u010deho maj\u00ed nejv\u011bt\u0161\u00ed strach?<\/li>\n<li style=\"font-weight: 400;\" aria-level=\"1\">Jak\u00fd je jejich nejv\u011bt\u0161\u00ed \u00fasp\u011bch?<\/li>\n<li style=\"font-weight: 400;\" aria-level=\"1\">Maj\u00ed n\u011bjak\u00e9 zvl\u00e1\u0161tn\u00ed nad\u00e1n\u00ed?<\/li>\n<li style=\"font-weight: 400;\" aria-level=\"1\">Jakou nejlep\u0161\u00ed radu kdy dostali?<\/li>\n<\/ul>\n<h2>V\u00fdhody a nev\u00fdhody chatu ulive<\/h2>\n<p>ulive-chat je soci\u00e1ln\u00ed s\u00ed\u0165, kter\u00e1 umo\u017e\u0148uje u\u017eivatel\u016fm komunikovat v re\u00e1ln\u00e9m \u010dase. Str\u00e1nka existuje ji\u017e n\u011bkolik let a z\u00edskala si v\u011brn\u00e9 u\u017eivatele. Stejn\u011b jako v\u0161echny soci\u00e1ln\u00ed s\u00edt\u011b v\u0161ak i pou\u017e\u00edv\u00e1n\u00ed ulive-chatu m\u00e1 sv\u00e1 pro a proti.<\/p>\n<p>Mezi v\u00fdhody pou\u017e\u00edv\u00e1n\u00ed ulive-chat pat\u0159\u00ed n\u00e1sleduj\u00edc\u00ed:<\/p>\n<ul>\n<li style=\"font-weight: 400;\" aria-level=\"1\">Str\u00e1nky se snadno pou\u017e\u00edvaj\u00ed a naviguj\u00ed.<\/li>\n<li style=\"font-weight: 400;\" aria-level=\"1\">U\u017eivatel\u00e9 spolu mohou komunikovat v re\u00e1ln\u00e9m \u010dase.<\/li>\n<li style=\"font-weight: 400;\" aria-level=\"1\">Str\u00e1nky maj\u00ed v\u011brn\u00e9 u\u017eivatele.<\/li>\n<li style=\"font-weight: 400;\" aria-level=\"1\">Str\u00e1nka je <a href=\"https:\/\/strangercam.com\/cs\/chat4free\/\">zdarma<\/a> k pou\u017eit\u00ed.<\/li>\n<\/ul>\n<p>Mezi nev\u00fdhody pou\u017e\u00edv\u00e1n\u00ed ulive-chat pat\u0159\u00ed n\u00e1sleduj\u00edc\u00ed:<\/p>\n<ul>\n<li style=\"font-weight: 400;\" aria-level=\"1\">N\u011bkte\u0159\u00ed u\u017eivatel\u00e9 hl\u00e1sili, \u017ee web je ob\u010das poruchov\u00fd a pomal\u00fd.<\/li>\n<li style=\"font-weight: 400;\" aria-level=\"1\">Neexistuje \u017e\u00e1dn\u00fd zp\u016fsob, jak ov\u011b\u0159it toto\u017enost ostatn\u00edch u\u017eivatel\u016f, tak\u017ee existuje mo\u017enost podvodu nebo podvodn\u00e9ho jedn\u00e1n\u00ed.<\/li>\n<li style=\"font-weight: 400;\" aria-level=\"1\">N\u011bkte\u0159\u00ed u\u017eivatel\u00e9 si st\u011b\u017euj\u00ed, \u017ee rozhran\u00ed webu nen\u00ed tak u\u017eivatelsky p\u0159\u00edv\u011btiv\u00e9, jak by mohlo b\u00fdt.<\/li>\n<\/ul>\n<h2>Pro\u010d ulive chat je tak popul\u00e1rn\u00ed n\u00e1hodn\u00fd video chatovac\u00ed platforma?<\/h2>\n<p>ulive-chat je obl\u00edben\u00e1 platforma pro n\u00e1hodn\u00fd videochat z mnoha d\u016fvod\u016f. Zaprv\u00e9 se snadno pou\u017e\u00edv\u00e1 a nevy\u017eaduje \u017e\u00e1dnou registraci. Za druh\u00e9 nab\u00edz\u00ed \u0161irokou \u0161k\u00e1lu funkc\u00ed, kter\u00e9 u\u017eivatel\u016fm umo\u017e\u0148uj\u00ed p\u0159izp\u016fsobit si sv\u00e9 z\u00e1\u017eitky. A kone\u010dn\u011b m\u00e1 silnou komunitu u\u017eivatel\u016f, kte\u0159\u00ed jsou v\u017edy ochotni pomoci nov\u00e1\u010dk\u016fm.<\/p>\n<h2>Jak ukon\u010dit chat na ulive chatu<\/h2>\n<p>Pokud jste s n\u011bk\u00fdm na ulive-chatu skon\u010dili, jednodu\u0161e klikn\u011bte na tla\u010d\u00edtko \"ukon\u010dit chat\". T\u00edm konverzaci ukon\u010d\u00edte a vr\u00e1t\u00edte se na hlavn\u00ed str\u00e1nku ulive-chatu.<\/p>\n<h2>V\u00fdhody mluven\u00ed s ciz\u00edmi lidmi na ulive chatu<\/h2>\n<p>V\u0161ichni zn\u00e1me r\u010den\u00ed: \u201cS ciz\u00edmi lidmi je dobr\u00e9 mluvit.\u201d A je na n\u011bm hodn\u011b pravdy. Mluvit s ciz\u00edmi lidmi m\u016f\u017ee b\u00fdt skv\u011bl\u00fd zp\u016fsob, jak vystoupit z komfortn\u00ed z\u00f3ny a poznat nov\u00e9 lidi. Ale co kdy\u017e si nejste jisti, jak za\u010d\u00edt konverzaci s ciz\u00edm \u010dlov\u011bkem? V tom p\u0159\u00edpad\u011b p\u0159ich\u00e1z\u00ed na \u0159adu ulive-chat.<\/p>\n<p>ulive-chat je webov\u00e1 str\u00e1nka, kter\u00e1 v\u00e1m umo\u017e\u0148uje chatovat s ciz\u00edmi lidmi z cel\u00e9ho sv\u011bta. Je to skv\u011bl\u00fd zp\u016fsob, jak si procvi\u010dit soci\u00e1ln\u00ed dovednosti a poznat lidi z r\u016fzn\u00fdch kultur. A co je nejlep\u0161\u00ed, je zcela zdarma!<\/p>\n<p>Tak pro\u010d to nezkusit? Mo\u017en\u00e1 zjist\u00edte, \u017ee mluvit s ciz\u00edmi lidmi je v\u011bt\u0161\u00ed z\u00e1bava, ne\u017e jste si mysleli!<\/p>\n<h2>Jak co nejl\u00e9pe vyu\u017e\u00edt ulive chat?<\/h2>\n<p>ulive-chat je skv\u011blou platformou pro konverzaci s ciz\u00edmi lidmi a navazov\u00e1n\u00ed nov\u00fdch p\u0159\u00e1telstv\u00ed. Zde je n\u011bkolik tip\u016f, jak z ulive-chatu vyt\u011b\u017eit maximum:<\/p>\n<ol>\n<li>Bu\u010fte otev\u0159en\u00ed a p\u0159\u00e1tel\u0161t\u00ed. Nikdo nechce mluvit s nevrl\u00fdm \u010dlov\u011bkem, proto se usm\u00edvejte a bu\u010fte p\u0159ipraveni na konverzaci.<\/li>\n<li>Nebojte se za\u010d\u00edt konverzaci. M\u016f\u017ee b\u00fdt t\u011b\u017ek\u00e9 prolomit ledy, ale nezapome\u0148te, \u017ee v\u0161ichni ostatn\u00ed jsou na stejn\u00e9 lodi. Prost\u011b pozdravte a uvid\u00edte, kam v\u00e1s konverzace zavede.<\/li>\n<li>Ptejte se. Lid\u00e9 r\u00e1di mluv\u00ed o sob\u011b, proto se ptejte na spoustu v\u011bc\u00ed, abyste druh\u00e9ho p\u0159im\u011bli mluvit. Dozv\u00edte se tak o n\u011bm spoustu zaj\u00edmav\u00fdch v\u011bc\u00ed.<\/li>\n<li>Bu\u010fte aktivn\u00edm poslucha\u010dem. Opravdu v\u011bnujte pozornost tomu, co druh\u00e1 osoba \u0159\u00edk\u00e1, a rychle si s n\u00ed vybudujete vztah.<\/li>\n<li>U\u017eijte si to! Rozhovor s ciz\u00edmi lidmi m\u016f\u017ee b\u00fdt velmi z\u00e1bavn\u00fd, proto se uvoln\u011bte a u\u017eijte si ho.<\/li>\n<\/ol>\n<h2>Rizika mluven\u00ed s ciz\u00edmi lidmi na ulive chatu<\/h2>\n<p>Kdy\u017e s n\u011bk\u00fdm mluv\u00edte na ulive-chatu, nikdy si nejste \u00fapln\u011b jist\u00ed, kdo to je. M\u016f\u017ee to b\u00fdt kdokoli, odkudkoli na sv\u011bt\u011b, a vy nev\u00edte, jak\u00e9 jsou jeho z\u00e1m\u011bry. I kdy\u017e je skv\u011bl\u00e9 pozn\u00e1vat nov\u00e9 lidi a v\u00e9st z\u00e1bavn\u00e9 rozhovory, mus\u00edte si b\u00fdt v\u011bdomi rizik spojen\u00fdch s komunikac\u00ed s ciz\u00edmi lidmi online. Zde je n\u011bkolik v\u011bc\u00ed, kter\u00e9 je t\u0159eba m\u00edt na pam\u011bti:<\/p>\n<ol>\n<li>Nev\u00edte, kdo to je. Osoba, se kterou mluv\u00edte, m\u016f\u017ee o sv\u00e9 identit\u011b lh\u00e1t. M\u016f\u017ee se vyd\u00e1vat za n\u011bkoho, k\u00fdm nen\u00ed, nebo m\u016f\u017ee pou\u017e\u00edvat fale\u0161nou profilovou fotografii. Bu\u010fte opatrn\u00ed p\u0159i sd\u00edlen\u00ed osobn\u00edch informac\u00ed s n\u011bk\u00fdm, koho nezn\u00e1te.<\/li>\n<li>Mohli by se v\u00e1s pokusit podv\u00e9st. Bohu\u017eel existuj\u00ed lid\u00e9, kte\u0159\u00ed se sna\u017e\u00ed zneu\u017e\u00edt ostatn\u00ed t\u00edm, \u017ee je podvedou a p\u0159inut\u00ed je poslat pen\u00edze nebo sd\u00edlet osobn\u00ed \u00fadaje. Pokud v\u00e1s n\u011bkdo na ulive-chatu po\u017e\u00e1d\u00e1 o pen\u00edze nebo \u010d\u00edslo va\u0161\u00ed kreditn\u00ed karty, m\u011bjte se na pozoru!<\/li>\n<li>Mohli byste o sob\u011b prozradit p\u0159\u00edli\u0161 mnoho. Kdy\u017e mluv\u00edte s n\u011bk\u00fdm, koho nezn\u00e1te, je snadn\u00e9 nechat se vt\u00e1hnout do rozhovoru a prozradit v\u00edc, ne\u017e jste zam\u00fd\u0161leli. D\u00e1vejte si pozor na to, co sd\u00edl\u00edte, a neprozrazujte.<\/li>\n<\/ol>\n<h2>Je jeho pou\u017e\u00edv\u00e1n\u00ed bezpe\u010dn\u00e9?<\/h2>\n<p>Pokud v\u00e1s zaj\u00edm\u00e1, zda je bezpe\u010dn\u00e9 pou\u017e\u00edvat ulive-chat ke komunikaci s ciz\u00edmi lidmi, odpov\u011b\u010f zn\u00ed: z\u00e1le\u017e\u00ed na tom. P\u0159esto\u017ee ulive-chat m\u00e1 n\u011bkter\u00e1 bezpe\u010dnostn\u00ed opat\u0159en\u00ed, jako je nap\u0159\u00edklad povolen\u00ed pou\u017e\u00edvat str\u00e1nky pouze u\u017eivatel\u016fm star\u0161\u00edm 18 let, v\u017edy existuje riziko, kdy\u017e hovo\u0159\u00edte s lidmi, kter\u00e9 nezn\u00e1te online.<\/p>\n<p>Pokud se v\u0161ak budete \u0159\u00eddit zdrav\u00fdm rozumem a p\u0159ijmete n\u011bkter\u00e1 z\u00e1kladn\u00ed opat\u0159en\u00ed, jako je nap\u0159\u00edklad nesd\u011blov\u00e1n\u00ed osobn\u00edch \u00fadaj\u016f nebo osobn\u00ed setk\u00e1n\u00ed s ciz\u00edmi lidmi, m\u011bli byste b\u00fdt v bezpe\u010d\u00ed. Pokud jste si v\u011bdomi rizik, m\u016f\u017ee b\u00fdt pou\u017e\u00edv\u00e1n\u00ed ulive-chatu ke komunikaci s ciz\u00edmi lidmi z\u00e1bavnou a zaj\u00edmavou zku\u0161enost\u00ed.<\/p>\n<h2>Z\u00e1v\u011br<\/h2>\n<p>Pokud hled\u00e1te z\u00e1bavn\u00fd a snadn\u00fd zp\u016fsob, jak se spojit s nov\u00fdmi lidmi, pak ulive-chat rozhodn\u011b stoj\u00ed za vyzkou\u0161en\u00ed. Nejlep\u0161\u00ed na n\u011bm je, \u017ee na ulive-chatu nejsou \u017e\u00e1dn\u00ed ciz\u00ed lid\u00e9 - v\u0161ichni si tam pov\u00eddaj\u00ed a bav\u00ed se. Tak do toho a zkuste to - mo\u017en\u00e1 si najdete nov\u00e9 p\u0159\u00e1tele.<\/p>","protected":false},"excerpt":{"rendered":"<p>In these days of social distancing, it can be hard to find ways to connect with others. But there&#8217;s one place you can always go to talk with strangers: ulive-chat. On ulive-chat, you can chat with people from all over the world about anything and everything. So come on in and start chatting! What is [&hellip;]<\/p>\n","protected":false},"author":6,"featured_media":559,"parent":0,"menu_order":0,"comment_status":"closed","ping_status":"closed","template":"","meta":{"footnotes":""},"class_list":["post-11167","page","type-page","status-publish","has-post-thumbnail","hentry"],"yoast_head":"<!-- This site is optimized with the Yoast SEO plugin v27.4 - https:\/\/yoast.com\/product\/yoast-seo-wordpress\/ -->\n<title>Ulive Chat - Chat with strangers on StrangerCam.com<\/title>\n<meta name=\"description\" content=\"Like Ulive Chat? Come chat with more than 5.000.000 strangers on Stranger Cam for Free! Turn on your cam and find new friends &amp; maby a match!\" \/>\n<meta name=\"robots\" content=\"index, follow, max-snippet:-1, max-image-preview:large, max-video-preview:-1\" \/>\n<link rel=\"canonical\" href=\"https:\/\/strangercam.com\/cs\/chatu-v-ulicich\/\" \/>\n<meta property=\"og:locale\" content=\"cs_CZ\" \/>\n<meta property=\"og:type\" content=\"article\" \/>\n<meta property=\"og:title\" content=\"Ulive Chat - Chat with strangers on StrangerCam.com\" \/>\n<meta property=\"og:description\" content=\"Like Ulive Chat? Come chat with more than 5.000.000 strangers on Stranger Cam for Free! Turn on your cam and find new friends &amp; maby a match!\" \/>\n<meta property=\"og:url\" content=\"https:\/\/strangercam.com\/cs\/chatu-v-ulicich\/\" \/>\n<meta property=\"og:site_name\" content=\"Strangercam\" \/>\n<meta property=\"article:publisher\" content=\"https:\/\/www.facebook.com\/strangercam\" \/>\n<meta property=\"article:modified_time\" content=\"2023-08-21T10:48:49+00:00\" \/>\n<meta property=\"og:image\" content=\"https:\/\/strangercam.com\/wp-content\/uploads\/2020\/11\/stranger-cam-1.png\" \/>\n\t<meta property=\"og:image:width\" content=\"800\" \/>\n\t<meta property=\"og:image:height\" content=\"800\" \/>\n\t<meta property=\"og:image:type\" content=\"image\/png\" \/>\n<meta name=\"twitter:card\" content=\"summary_large_image\" \/>\n<meta name=\"twitter:site\" content=\"@strangercamapp\" \/>\n<meta name=\"twitter:label1\" content=\"Odhadovan\u00e1 doba \u010dten\u00ed\" \/>\n\t<meta name=\"twitter:data1\" content=\"6 minut\" \/>\n<script type=\"application\/ld+json\" class=\"yoast-schema-graph\">{\"@context\":\"https:\\\/\\\/schema.org\",\"@graph\":[{\"@type\":\"WebPage\",\"@id\":\"https:\\\/\\\/strangercam.com\\\/ulive-chat\\\/\",\"url\":\"https:\\\/\\\/strangercam.com\\\/ulive-chat\\\/\",\"name\":\"Ulive Chat - Chat with strangers on StrangerCam.com\",\"isPartOf\":{\"@id\":\"https:\\\/\\\/strangercam.com\\\/#website\"},\"primaryImageOfPage\":{\"@id\":\"https:\\\/\\\/strangercam.com\\\/ulive-chat\\\/#primaryimage\"},\"image\":{\"@id\":\"https:\\\/\\\/strangercam.com\\\/ulive-chat\\\/#primaryimage\"},\"thumbnailUrl\":\"https:\\\/\\\/strangercam.com\\\/wp-content\\\/uploads\\\/2020\\\/11\\\/stranger-cam-1.png\",\"datePublished\":\"2022-08-11T13:18:17+00:00\",\"dateModified\":\"2023-08-21T10:48:49+00:00\",\"description\":\"Like Ulive Chat? Come chat with more than 5.000.000 strangers on Stranger Cam for Free! Turn on your cam and find new friends & maby a match!\",\"breadcrumb\":{\"@id\":\"https:\\\/\\\/strangercam.com\\\/ulive-chat\\\/#breadcrumb\"},\"inLanguage\":\"cs\",\"potentialAction\":[{\"@type\":\"ReadAction\",\"target\":[\"https:\\\/\\\/strangercam.com\\\/ulive-chat\\\/\"]}]},{\"@type\":\"ImageObject\",\"inLanguage\":\"cs\",\"@id\":\"https:\\\/\\\/strangercam.com\\\/ulive-chat\\\/#primaryimage\",\"url\":\"https:\\\/\\\/strangercam.com\\\/wp-content\\\/uploads\\\/2020\\\/11\\\/stranger-cam-1.png\",\"contentUrl\":\"https:\\\/\\\/strangercam.com\\\/wp-content\\\/uploads\\\/2020\\\/11\\\/stranger-cam-1.png\",\"width\":800,\"height\":800,\"caption\":\"stranger cam random video chat\"},{\"@type\":\"BreadcrumbList\",\"@id\":\"https:\\\/\\\/strangercam.com\\\/ulive-chat\\\/#breadcrumb\",\"itemListElement\":[{\"@type\":\"ListItem\",\"position\":1,\"name\":\"Home\",\"item\":\"https:\\\/\\\/strangercam.com\\\/\"},{\"@type\":\"ListItem\",\"position\":2,\"name\":\"Ulive Chat\"}]},{\"@type\":\"WebSite\",\"@id\":\"https:\\\/\\\/strangercam.com\\\/#website\",\"url\":\"https:\\\/\\\/strangercam.com\\\/\",\"name\":\"Strangercam\",\"description\":\"Random Video Chat with Strangers\",\"publisher\":{\"@id\":\"https:\\\/\\\/strangercam.com\\\/#organization\"},\"alternateName\":\"Strangercam.com\",\"potentialAction\":[{\"@type\":\"SearchAction\",\"target\":{\"@type\":\"EntryPoint\",\"urlTemplate\":\"https:\\\/\\\/strangercam.com\\\/?s={search_term_string}\"},\"query-input\":{\"@type\":\"PropertyValueSpecification\",\"valueRequired\":true,\"valueName\":\"search_term_string\"}}],\"inLanguage\":\"cs\"},{\"@type\":\"Organization\",\"@id\":\"https:\\\/\\\/strangercam.com\\\/#organization\",\"name\":\"Strangercam\",\"alternateName\":\"Strangercam.com\",\"url\":\"https:\\\/\\\/strangercam.com\\\/\",\"logo\":{\"@type\":\"ImageObject\",\"inLanguage\":\"cs\",\"@id\":\"https:\\\/\\\/strangercam.com\\\/#\\\/schema\\\/logo\\\/image\\\/\",\"url\":\"https:\\\/\\\/strangercam.com\\\/wp-content\\\/uploads\\\/2020\\\/11\\\/cropped-new-favicon-black.png\",\"contentUrl\":\"https:\\\/\\\/strangercam.com\\\/wp-content\\\/uploads\\\/2020\\\/11\\\/cropped-new-favicon-black.png\",\"width\":512,\"height\":512,\"caption\":\"Strangercam\"},\"image\":{\"@id\":\"https:\\\/\\\/strangercam.com\\\/#\\\/schema\\\/logo\\\/image\\\/\"},\"sameAs\":[\"https:\\\/\\\/www.facebook.com\\\/strangercam\",\"https:\\\/\\\/x.com\\\/strangercamapp\"]}]}<\/script>\n<!-- \/ Yoast SEO plugin. -->","yoast_head_json":{"title":"Ulive Chat - Chat s cizinci na StrangerCam.com","description":"Jako Ulive Chat? Poj\u010fte si zdarma popov\u00eddat s v\u00edce ne\u017e 5 000 000 cizinci na Stranger Cam! Zapn\u011bte si kameru a najd\u011bte nov\u00e9 p\u0159\u00e1tele &amp; maby z\u00e1pas!","robots":{"index":"index","follow":"follow","max-snippet":"max-snippet:-1","max-image-preview":"max-image-preview:large","max-video-preview":"max-video-preview:-1"},"canonical":"https:\/\/strangercam.com\/cs\/chatu-v-ulicich\/","og_locale":"cs_CZ","og_type":"article","og_title":"Ulive Chat - Chat with strangers on StrangerCam.com","og_description":"Like Ulive Chat? Come chat with more than 5.000.000 strangers on Stranger Cam for Free! Turn on your cam and find new friends & maby a match!","og_url":"https:\/\/strangercam.com\/cs\/chatu-v-ulicich\/","og_site_name":"Strangercam","article_publisher":"https:\/\/www.facebook.com\/strangercam","article_modified_time":"2023-08-21T10:48:49+00:00","og_image":[{"width":800,"height":800,"url":"https:\/\/strangercam.com\/wp-content\/uploads\/2020\/11\/stranger-cam-1.png","type":"image\/png"}],"twitter_card":"summary_large_image","twitter_site":"@strangercamapp","twitter_misc":{"Odhadovan\u00e1 doba \u010dten\u00ed":"6 minut"},"schema":{"@context":"https:\/\/schema.org","@graph":[{"@type":"WebPage","@id":"https:\/\/strangercam.com\/ulive-chat\/","url":"https:\/\/strangercam.com\/ulive-chat\/","name":"Ulive Chat - Chat s cizinci na StrangerCam.com","isPartOf":{"@id":"https:\/\/strangercam.com\/#website"},"primaryImageOfPage":{"@id":"https:\/\/strangercam.com\/ulive-chat\/#primaryimage"},"image":{"@id":"https:\/\/strangercam.com\/ulive-chat\/#primaryimage"},"thumbnailUrl":"https:\/\/strangercam.com\/wp-content\/uploads\/2020\/11\/stranger-cam-1.png","datePublished":"2022-08-11T13:18:17+00:00","dateModified":"2023-08-21T10:48:49+00:00","description":"Jako Ulive Chat? Poj\u010fte si zdarma popov\u00eddat s v\u00edce ne\u017e 5 000 000 cizinci na Stranger Cam! Zapn\u011bte si kameru a najd\u011bte nov\u00e9 p\u0159\u00e1tele &amp; maby z\u00e1pas!","breadcrumb":{"@id":"https:\/\/strangercam.com\/ulive-chat\/#breadcrumb"},"inLanguage":"cs","potentialAction":[{"@type":"ReadAction","target":["https:\/\/strangercam.com\/ulive-chat\/"]}]},{"@type":"ImageObject","inLanguage":"cs","@id":"https:\/\/strangercam.com\/ulive-chat\/#primaryimage","url":"https:\/\/strangercam.com\/wp-content\/uploads\/2020\/11\/stranger-cam-1.png","contentUrl":"https:\/\/strangercam.com\/wp-content\/uploads\/2020\/11\/stranger-cam-1.png","width":800,"height":800,"caption":"stranger cam random video chat"},{"@type":"BreadcrumbList","@id":"https:\/\/strangercam.com\/ulive-chat\/#breadcrumb","itemListElement":[{"@type":"ListItem","position":1,"name":"Home","item":"https:\/\/strangercam.com\/"},{"@type":"ListItem","position":2,"name":"Ulive Chat"}]},{"@type":"WebSite","@id":"https:\/\/strangercam.com\/#website","url":"https:\/\/strangercam.com\/","name":"Strangercam","description":"N\u00e1hodn\u00fd videochat s ciz\u00edmi lidmi","publisher":{"@id":"https:\/\/strangercam.com\/#organization"},"alternateName":"Strangercam.com","potentialAction":[{"@type":"SearchAction","target":{"@type":"EntryPoint","urlTemplate":"https:\/\/strangercam.com\/?s={search_term_string}"},"query-input":{"@type":"PropertyValueSpecification","valueRequired":true,"valueName":"search_term_string"}}],"inLanguage":"cs"},{"@type":"Organization","@id":"https:\/\/strangercam.com\/#organization","name":"Strangercam","alternateName":"Strangercam.com","url":"https:\/\/strangercam.com\/","logo":{"@type":"ImageObject","inLanguage":"cs","@id":"https:\/\/strangercam.com\/#\/schema\/logo\/image\/","url":"https:\/\/strangercam.com\/wp-content\/uploads\/2020\/11\/cropped-new-favicon-black.png","contentUrl":"https:\/\/strangercam.com\/wp-content\/uploads\/2020\/11\/cropped-new-favicon-black.png","width":512,"height":512,"caption":"Strangercam"},"image":{"@id":"https:\/\/strangercam.com\/#\/schema\/logo\/image\/"},"sameAs":["https:\/\/www.facebook.com\/strangercam","https:\/\/x.com\/strangercamapp"]}]}},"_links":{"self":[{"href":"https:\/\/strangercam.com\/cs\/wp-json\/wp\/v2\/pages\/11167","targetHints":{"allow":["GET"]}}],"collection":[{"href":"https:\/\/strangercam.com\/cs\/wp-json\/wp\/v2\/pages"}],"about":[{"href":"https:\/\/strangercam.com\/cs\/wp-json\/wp\/v2\/types\/page"}],"author":[{"embeddable":true,"href":"https:\/\/strangercam.com\/cs\/wp-json\/wp\/v2\/users\/6"}],"replies":[{"embeddable":true,"href":"https:\/\/strangercam.com\/cs\/wp-json\/wp\/v2\/comments?post=11167"}],"version-history":[{"count":0,"href":"https:\/\/strangercam.com\/cs\/wp-json\/wp\/v2\/pages\/11167\/revisions"}],"wp:featuredmedia":[{"embeddable":true,"href":"https:\/\/strangercam.com\/cs\/wp-json\/wp\/v2\/media\/559"}],"wp:attachment":[{"href":"https:\/\/strangercam.com\/cs\/wp-json\/wp\/v2\/media?parent=11167"}],"curies":[{"name":"wp","href":"https:\/\/api.w.org\/{rel}","templated":true}]}}