{"id":11154,"date":"2022-08-11T15:12:40","date_gmt":"2022-08-11T13:12:40","guid":{"rendered":"https:\/\/strangercam.com\/?page_id=11154"},"modified":"2023-08-21T12:24:41","modified_gmt":"2023-08-21T10:24:41","slug":"chatride","status":"publish","type":"page","link":"https:\/\/strangercam.com\/cs\/chatride\/","title":{"rendered":"Chatride"},"content":{"rendered":"<p>N\u00e1hodn\u00e9 video <a href=\"https:\/\/strangercam.com\/cs\/chatroulette\/\">chat<\/a> je nov\u00fdm trendem a Chatride je jednou z nejobl\u00edben\u011bj\u0161\u00edch platforem pro n\u00e1hodn\u00fd videochat. Pokud chcete v\u011bd\u011bt v\u0161echny podrobnosti o Chatride pokra\u010dujte ve \u010dten\u00ed, Zde v tomto \u010dl\u00e1nku se chyst\u00e1me pokr\u00fdt v\u0161echny podrobnosti, kter\u00e9 pot\u0159ebujete v\u011bd\u011bt p\u0159ed pou\u017eit\u00edm t\u00e9to platformy.<\/p>\n<h2>Co je chatride?<\/h2>\n<p>Chatride je nov\u00fd zp\u016fsob chatov\u00e1n\u00ed s p\u0159\u00e1teli a rodinou. Je to skv\u011bl\u00fd zp\u016fsob, jak z\u016fstat ve spojen\u00ed s bl\u00edzk\u00fdmi, a\u0165 u\u017e jste bl\u00edzko, nebo daleko. Pomoc\u00ed slu\u017eby Chatride m\u016f\u017eete chatovat s k\u00fdmkoli na sv\u011bt\u011b, pokud m\u00e1 p\u0159ipojen\u00ed k internetu. Pot\u0159ebujete pouze webov\u00fd prohl\u00ed\u017ee\u010d a \u00fa\u010det u slu\u017eby Chatride. jakmile se p\u0159ihl\u00e1s\u00edte, m\u016f\u017eete ihned za\u010d\u00edt chatovat. Sta\u010d\u00ed napsat zpr\u00e1vu a stisknout tla\u010d\u00edtko odeslat. Va\u0161e zpr\u00e1va se zobraz\u00ed v okn\u011b chatu, aby ji v\u0161ichni vid\u011bli. Do chatu m\u016f\u017eete tak\u00e9 p\u0159idat sv\u00e9 p\u0159\u00e1tele a rodinu, aby se mohli zapojit do konverzace. Tak na co je\u0161t\u011b \u010dek\u00e1te? Za\u010dn\u011bte chatovat se sv\u00fdmi bl\u00edzk\u00fdmi je\u0161t\u011b dnes!<\/p>\n<h2>Jak\u00e9 jsou v\u00fdhody chatride?<\/h2>\n<p>Mezi v\u00fdhody modelu Chatride pat\u0159\u00ed:<\/p>\n<ul>\n<li style=\"font-weight: 400;\" aria-level=\"1\">Je to skv\u011bl\u00fd zp\u016fsob, jak <a href=\"https:\/\/strangercam.com\/cs\/coomeet\/\">Seznamte se s<\/a> nov\u00e9 lidi z cel\u00e9ho sv\u011bta.<\/li>\n<li style=\"font-weight: 400;\" aria-level=\"1\">M\u016f\u017eete se sezn\u00e1mit s r\u016fzn\u00fdmi kulturami a \u017eivotn\u00edmi styly.<\/li>\n<li style=\"font-weight: 400;\" aria-level=\"1\">Sv\u00e9 jazykov\u00e9 dovednosti si m\u016f\u017eete procvi\u010dit s rodil\u00fdmi mluv\u010d\u00edmi.<\/li>\n<li style=\"font-weight: 400;\" aria-level=\"1\">Je to z\u00e1bavn\u00fd a snadn\u00fd zp\u016fsob, jak si naj\u00edt nov\u00e9 p\u0159\u00e1tele.<\/li>\n<\/ul>\n<h2>Jak pou\u017e\u00edvat chatride?<\/h2>\n<p>Chatride je nov\u00fd a revolu\u010dn\u00ed zp\u016fsob, jak chatovat s n\u00e1hodn\u00fdmi lidmi po cel\u00e9m sv\u011bt\u011b. Zde je stru\u010dn\u00fd n\u00e1vod, jak Chatride pou\u017e\u00edvat:<\/p>\n<ul>\n<li style=\"font-weight: 400;\" aria-level=\"1\">Nejprve si st\u00e1hn\u011bte aplikaci z obchodu s aplikacemi (je k dispozici pro iPhone i Android).<\/li>\n<li style=\"font-weight: 400;\" aria-level=\"1\">Po instalaci aplikace ji otev\u0159ete a vytvo\u0159te si \u00fa\u010det. Budete muset zadat sv\u00e9 jm\u00e9no, e-mailovou adresu a heslo.<\/li>\n<li style=\"font-weight: 400;\" aria-level=\"1\">Po p\u0159ihl\u00e1\u0161en\u00ed m\u016f\u017eete za\u010d\u00edt chatovat s n\u00e1hodn\u00fdmi lidmi. Chatride v\u00e1m najde nejlep\u0161\u00edho partnera na z\u00e1klad\u011b<\/li>\n<\/ul>\n<h2>Tipy, jak za\u010d\u00edt na chatride?<\/h2>\n<p>Zde je n\u011bkolik tip\u016f, jak za\u010d\u00edt:<\/p>\n<ol>\n<li style=\"font-weight: 400;\" aria-level=\"1\">Pou\u017eijte vyhled\u00e1vac\u00ed panel: Vyhled\u00e1vac\u00ed li\u0161ta je na Chatride va\u0161\u00edm nejlep\u0161\u00edm p\u0159\u00edtelem. M\u016f\u017eete ji pou\u017e\u00edt k nalezen\u00ed lid\u00ed s podobn\u00fdmi z\u00e1jmy jako vy nebo k vyhled\u00e1n\u00ed t\u00e9mat, kter\u00e1 v\u00e1s zaj\u00edmaj\u00ed.<\/li>\n<li style=\"font-weight: 400;\" aria-level=\"1\">Spojte se s lidmi: Chatride je p\u0159edev\u0161\u00edm o spojen\u00ed s lidmi, tak\u017ee se nesty\u010fte, oslovte n\u011bkoho a za\u010dn\u011bte si s n\u00edm pov\u00eddat. Nikdy nev\u00edte, koho potk\u00e1te!<\/li>\n<li style=\"font-weight: 400;\" aria-level=\"1\">Skupiny Join: Skupiny jsou skv\u011bl\u00fdm zp\u016fsobem, jak se sezn\u00e1mit s nov\u00fdmi lidmi a naj\u00edt podobn\u011b sm\u00fd\u0161lej\u00edc\u00ed jedince. Pokud existuje skupina, kter\u00e1 v\u00e1s zaj\u00edm\u00e1, p\u0159idejte se k n\u00ed a za\u010dn\u011bte si pov\u00eddat!<\/li>\n<li style=\"font-weight: 400;\" aria-level=\"1\">Pou\u017e\u00edvejte chatovac\u00ed m\u00edstnosti: Chatovac\u00ed m\u00edstnosti na webu Chatride jsou skv\u011bl\u00fdm m\u00edstem pro setk\u00e1v\u00e1n\u00ed s nov\u00fdmi lidmi a z\u00e1bavnou konverzaci. Tak se do toho pus\u0165te a pono\u0159te se!<\/li>\n<li style=\"font-weight: 400;\" aria-level=\"1\">Bavte se! To je nejd\u016fle\u017eit\u011bj\u0161\u00ed rada ze v\u0161ech.<\/li>\n<\/ol>\n<h2>V\u00fdhody a nev\u00fdhody chatride<\/h2>\n<h4>Klady:<\/h4>\n<ul>\n<li style=\"font-weight: 400;\" aria-level=\"1\">Zdarma ke sta\u017een\u00ed a pou\u017eit\u00ed<\/li>\n<li style=\"font-weight: 400;\" aria-level=\"1\">M\u016f\u017eete se spojit s lidmi z cel\u00e9ho sv\u011bta<\/li>\n<li style=\"font-weight: 400;\" aria-level=\"1\">Kvalita videa a zvuku je dobr\u00e1<\/li>\n<li style=\"font-weight: 400;\" aria-level=\"1\">M\u00e1 \u0159adu funkc\u00ed, jako jsou textov\u00e9, hlasov\u00e9 a jin\u00e9. <a href=\"https:\/\/strangercam.com\/cs\/american-random-video-call\/\">videohovor<\/a>, skupinov\u00fd chat atd.<\/li>\n<\/ul>\n<h4>Nev\u00fdhody:<\/h4>\n<ol>\n<li style=\"font-weight: 400;\" aria-level=\"1\">Aplikace m\u016f\u017ee b\u00fdt ob\u010das poruchov\u00e1<\/li>\n<li style=\"font-weight: 400;\" aria-level=\"1\">P\u0159ipojen\u00ed lze snadno ztratit<\/li>\n<\/ol>\n<h2>Chatride vs. jin\u00e9 komunika\u010dn\u00ed platformy<\/h2>\n<p>Existuje mnoho komunika\u010dn\u00edch platforem, ale Chatride je rozhodn\u011b jednou z nejlep\u0161\u00edch. Tady je d\u016fvod:<\/p>\n<ul>\n<li style=\"font-weight: 400;\" aria-level=\"1\">Chatride je u\u017eivatelsky velmi p\u0159\u00edv\u011btiv\u00fd. Nemus\u00edte b\u00fdt technick\u00fd expert, abyste jej mohli pou\u017e\u00edvat - ka\u017ed\u00fd jej m\u016f\u017ee vz\u00edt do ruky a za\u010d\u00edt chatovat b\u011bhem n\u011bkolika minut.<\/li>\n<li style=\"font-weight: 400;\" aria-level=\"1\">Chatride je zcela zdarma. Neexistuj\u00ed \u017e\u00e1dn\u00e9 skryt\u00e9 n\u00e1klady ani poplatky za p\u0159edplatn\u00e9 - m\u016f\u017eete chatovat, jak dlouho chcete, ani\u017e byste se museli ob\u00e1vat o svou pen\u011b\u017eenku.<\/li>\n<li style=\"font-weight: 400;\" aria-level=\"1\">Chatride je extr\u00e9mn\u011b rychl\u00fd a spolehliv\u00fd. P\u0159i pou\u017e\u00edv\u00e1n\u00ed Chatride se nikdy nebudete muset ob\u00e1vat zpo\u017ed\u011bn\u00ed nebo probl\u00e9m\u016f s p\u0159ipojen\u00edm.<\/li>\n<li style=\"font-weight: 400;\" aria-level=\"1\">Chatride nab\u00edz\u00ed velk\u00fd v\u00fdb\u011br funkc\u00ed a mo\u017enost\u00ed. A\u0165 u\u017e hled\u00e1te skupinov\u00fd chat nebo soukrom\u00e9 zpr\u00e1vy, Chatride v\u00e1m je poskytne.<\/li>\n<li style=\"font-weight: 400;\" aria-level=\"1\">Chatride je neust\u00e1le aktualizov\u00e1n o nov\u00e9 funkce a vylep\u0161en\u00ed. T\u00fdm, kter\u00fd stoj\u00ed za Chatride, neust\u00e1le pracuje na tom, aby platforma byla co nejlep\u0161\u00ed.<\/li>\n<\/ul>\n<p>Pokud hled\u00e1te komunika\u010dn\u00ed platformu, kter\u00e1 spl\u0148uje v\u0161echny po\u017eadavky, pak u\u017e nehledejte nic jin\u00e9ho ne\u017e Chatride!<\/p>\n<h2>Pro\u010d Chatride je tak popul\u00e1rn\u00ed n\u00e1hodn\u00fd videochatovac\u00ed platforma?<\/h2>\n<p>Existuje mnoho d\u016fvod\u016f, pro\u010d je Chatride tak obl\u00edbenou platformou pro n\u00e1hodn\u00fd videochat. Za prv\u00e9, je zcela zdarma. Nemus\u00edte si zakl\u00e1dat \u00fa\u010det ani platit \u017e\u00e1dn\u00e9 poplatky, abyste mohli za\u010d\u00edt chatovat.<\/p>\n<p>Dal\u0161\u00edm d\u016fvodem je, \u017ee Chatride se neuv\u011b\u0159iteln\u011b snadno pou\u017e\u00edv\u00e1. Jedin\u00e9, co mus\u00edte ud\u011blat, je p\u0159ej\u00edt na webov\u00e9 str\u00e1nky a kliknout na tla\u010d\u00edtko \u201cza\u010d\u00edt chatovat\u201d. Okam\u017eit\u011b se spoj\u00edte s n\u00e1hodn\u00fdm cizincem odkudkoli na sv\u011bt\u011b.<\/p>\n<p>Rozhran\u00ed chatu je tak\u00e9 u\u017eivatelsky velmi p\u0159\u00edv\u011btiv\u00e9. Snadno v n\u011bm m\u016f\u017eete ps\u00e1t zpr\u00e1vy nebo dokonce pos\u00edlat emotikony a n\u00e1lepky. Pokud chcete vid\u011bt osobu, se kterou mluv\u00edte, m\u016f\u017eete n\u011bkolika kliknut\u00edmi zapnout funkci webov\u00e9 kamery.<\/p>\n<p>Kone\u010dn\u011b, Chatride je jedn\u00edm z nejobl\u00edben\u011bj\u0161\u00edch n\u00e1hodn\u00fdch chatovac\u00edch platforem, proto\u017ee nab\u00edz\u00ed velk\u00e9 mno\u017estv\u00ed funkc\u00ed. Krom\u011b textov\u00fdch a <a href=\"https:\/\/strangercam.com\/cs\/rabbit-video-chat\/\">videochat<\/a>, m\u016f\u017eete tak\u00e9 hr\u00e1t hry, sd\u00edlet fotografie a dokonce pou\u017e\u00edvat hlasov\u00fd chat. Na Chatride si ka\u017ed\u00fd najde n\u011bco pro sebe!<\/p>\n<h2>Je jeho pou\u017e\u00edv\u00e1n\u00ed bezpe\u010dn\u00e9?<\/h2>\n<p>Pokud jde o online chatov\u00e1n\u00ed, chcete se ujistit, \u017ee pou\u017e\u00edv\u00e1te bezpe\u010dnou platformu. Chatride je skv\u011blou volbou pro ty, kte\u0159\u00ed hledaj\u00ed bezpe\u010dn\u00fd zp\u016fsob online chatu. Str\u00e1nky pou\u017e\u00edvaj\u00ed k ochran\u011b va\u0161ich informac\u00ed \u0161ifrov\u00e1n\u00ed SSL a v\u0161echny chatovac\u00ed m\u00edstnosti jsou moderov\u00e1ny zam\u011bstnanci. M\u016f\u017eete si tak\u00e9 nastavit osobn\u00ed profil, aby v\u00e1s mohli kontaktovat pouze lid\u00e9, kter\u00e9 zn\u00e1te.<\/p>\n<h2>Jak b\u00fdt v bezpe\u010d\u00ed p\u0159i pou\u017e\u00edv\u00e1n\u00ed libovoln\u00e9 platformy pro videochat?<\/h2>\n<p>V\u011bt\u0161ina <a href=\"https:\/\/strangercam.com\/cs\/chathub\/\">n\u00e1hodn\u00fd videochat<\/a> platformy jsou bezpe\u010dn\u00e9. Existuje v\u0161ak n\u011bkolik v\u011bc\u00ed, kter\u00e9 m\u016f\u017eete ud\u011blat, abyste zajistili svou bezpe\u010dnost p\u0159i pou\u017e\u00edv\u00e1n\u00ed t\u011bchto platforem. Zde je n\u011bkolik tip\u016f:<\/p>\n<ul>\n<li style=\"font-weight: 400;\" aria-level=\"1\">Vyvarujte se sd\u00edlen\u00ed osobn\u00edch \u00fadaj\u016f s k\u00fdmkoli, s k\u00fdm se sezn\u00e1m\u00edte na n\u00e1hodn\u00e9 platform\u011b videochatu. To zahrnuje va\u0161e cel\u00e9 jm\u00e9no, adresu, telefonn\u00ed \u010d\u00edslo, e-mailovou adresu atd.<\/li>\n<li style=\"font-weight: 400;\" aria-level=\"1\">Pokud v\u00e1s n\u011bkdo, s k\u00fdm se sezn\u00e1m\u00edte na n\u00e1hodn\u00e9 platform\u011b videochatu, po\u017e\u00e1d\u00e1 o osobn\u00ed \u00fadaje, neposkytujte mu je.<\/li>\n<li style=\"font-weight: 400;\" aria-level=\"1\">Nesetk\u00e1vejte se osobn\u011b s nik\u00fdm, koho potk\u00e1te na n\u00e1hodn\u00e9 platform\u011b pro videochat.<\/li>\n<li style=\"font-weight: 400;\" aria-level=\"1\">Nepos\u00edlejte pen\u00edze nikomu, koho potk\u00e1te na n\u00e1hodn\u00e9 platform\u011b videochatu.<\/li>\n<li style=\"font-weight: 400;\" aria-level=\"1\">Pokud v\u00e1s n\u011bkdo, s k\u00fdm se sezn\u00e1m\u00edte na n\u00e1hodn\u00e9m videochatu, po\u017e\u00e1d\u00e1 o pen\u00edze, ned\u00e1vejte mu je.<\/li>\n<\/ul>\n<h2>Z\u00e1v\u011br<\/h2>\n<p>Celkov\u011b je Chatride skv\u011bl\u00fd zp\u016fsob, jak z\u016fstat ve spojen\u00ed s p\u0159\u00e1teli a rodinou po cel\u00e9m sv\u011bt\u011b. Nejlep\u0161\u00ed na tom je, \u017ee je zdarma, tak\u017ee se nemus\u00edte ob\u00e1vat utr\u00e1cet \u017e\u00e1dn\u00e9 pen\u00edze. M\u016f\u017eete tak\u00e9 vytv\u00e1\u0159et skupinov\u00e9 chaty, tak\u017ee m\u016f\u017eete z\u016fstat v kontaktu s v\u00edce lidmi najednou. Tak na co je\u0161t\u011b \u010dek\u00e1te? Pus\u0165te se do toho a st\u00e1hn\u011bte si Chatride je\u0161t\u011b dnes!<\/p>","protected":false},"excerpt":{"rendered":"<p>Random video chat is the new trend, and Chatride is one of the most popular random video chatting platform. If you want to know all the details about Chatride keep on reading, Here in this article we are going to cover the all details which you need to know before using this platform. What is [&hellip;]<\/p>\n","protected":false},"author":6,"featured_media":559,"parent":0,"menu_order":0,"comment_status":"closed","ping_status":"closed","template":"","meta":{"footnotes":""},"class_list":["post-11154","page","type-page","status-publish","has-post-thumbnail","hentry"],"yoast_head":"<!-- This site is optimized with the Yoast SEO plugin v27.4 - https:\/\/yoast.com\/product\/yoast-seo-wordpress\/ -->\n<title>Chatride - Chat with strangers on StrangerCam.com<\/title>\n<meta name=\"description\" content=\"Like Chatride? Come chat with more than 5.000.000 strangers on Stranger Cam for Free! Turn on your cam and find new friends &amp; maby a match!\" \/>\n<meta name=\"robots\" content=\"index, follow, max-snippet:-1, max-image-preview:large, max-video-preview:-1\" \/>\n<link rel=\"canonical\" href=\"https:\/\/strangercam.com\/cs\/chatride\/\" \/>\n<meta property=\"og:locale\" content=\"cs_CZ\" \/>\n<meta property=\"og:type\" content=\"article\" \/>\n<meta property=\"og:title\" content=\"Chatride - Chat with strangers on StrangerCam.com\" \/>\n<meta property=\"og:description\" content=\"Like Chatride? Come chat with more than 5.000.000 strangers on Stranger Cam for Free! Turn on your cam and find new friends &amp; maby a match!\" \/>\n<meta property=\"og:url\" content=\"https:\/\/strangercam.com\/cs\/chatride\/\" \/>\n<meta property=\"og:site_name\" content=\"Strangercam\" \/>\n<meta property=\"article:publisher\" content=\"https:\/\/www.facebook.com\/strangercam\" \/>\n<meta property=\"article:modified_time\" content=\"2023-08-21T10:24:41+00:00\" \/>\n<meta property=\"og:image\" content=\"https:\/\/strangercam.com\/wp-content\/uploads\/2020\/11\/stranger-cam-1.png\" \/>\n\t<meta property=\"og:image:width\" content=\"800\" \/>\n\t<meta property=\"og:image:height\" content=\"800\" \/>\n\t<meta property=\"og:image:type\" content=\"image\/png\" \/>\n<meta name=\"twitter:card\" content=\"summary_large_image\" \/>\n<meta name=\"twitter:site\" content=\"@strangercamapp\" \/>\n<meta name=\"twitter:label1\" content=\"Odhadovan\u00e1 doba \u010dten\u00ed\" \/>\n\t<meta name=\"twitter:data1\" content=\"5 minut\" \/>\n<script type=\"application\/ld+json\" class=\"yoast-schema-graph\">{\"@context\":\"https:\\\/\\\/schema.org\",\"@graph\":[{\"@type\":\"WebPage\",\"@id\":\"https:\\\/\\\/strangercam.com\\\/chatride\\\/\",\"url\":\"https:\\\/\\\/strangercam.com\\\/chatride\\\/\",\"name\":\"Chatride - Chat with strangers on StrangerCam.com\",\"isPartOf\":{\"@id\":\"https:\\\/\\\/strangercam.com\\\/#website\"},\"primaryImageOfPage\":{\"@id\":\"https:\\\/\\\/strangercam.com\\\/chatride\\\/#primaryimage\"},\"image\":{\"@id\":\"https:\\\/\\\/strangercam.com\\\/chatride\\\/#primaryimage\"},\"thumbnailUrl\":\"https:\\\/\\\/strangercam.com\\\/wp-content\\\/uploads\\\/2020\\\/11\\\/stranger-cam-1.png\",\"datePublished\":\"2022-08-11T13:12:40+00:00\",\"dateModified\":\"2023-08-21T10:24:41+00:00\",\"description\":\"Like Chatride? Come chat with more than 5.000.000 strangers on Stranger Cam for Free! Turn on your cam and find new friends & maby a match!\",\"breadcrumb\":{\"@id\":\"https:\\\/\\\/strangercam.com\\\/chatride\\\/#breadcrumb\"},\"inLanguage\":\"cs\",\"potentialAction\":[{\"@type\":\"ReadAction\",\"target\":[\"https:\\\/\\\/strangercam.com\\\/chatride\\\/\"]}]},{\"@type\":\"ImageObject\",\"inLanguage\":\"cs\",\"@id\":\"https:\\\/\\\/strangercam.com\\\/chatride\\\/#primaryimage\",\"url\":\"https:\\\/\\\/strangercam.com\\\/wp-content\\\/uploads\\\/2020\\\/11\\\/stranger-cam-1.png\",\"contentUrl\":\"https:\\\/\\\/strangercam.com\\\/wp-content\\\/uploads\\\/2020\\\/11\\\/stranger-cam-1.png\",\"width\":800,\"height\":800,\"caption\":\"stranger cam random video chat\"},{\"@type\":\"BreadcrumbList\",\"@id\":\"https:\\\/\\\/strangercam.com\\\/chatride\\\/#breadcrumb\",\"itemListElement\":[{\"@type\":\"ListItem\",\"position\":1,\"name\":\"Home\",\"item\":\"https:\\\/\\\/strangercam.com\\\/\"},{\"@type\":\"ListItem\",\"position\":2,\"name\":\"Chatride\"}]},{\"@type\":\"WebSite\",\"@id\":\"https:\\\/\\\/strangercam.com\\\/#website\",\"url\":\"https:\\\/\\\/strangercam.com\\\/\",\"name\":\"Strangercam\",\"description\":\"Random Video Chat with Strangers\",\"publisher\":{\"@id\":\"https:\\\/\\\/strangercam.com\\\/#organization\"},\"alternateName\":\"Strangercam.com\",\"potentialAction\":[{\"@type\":\"SearchAction\",\"target\":{\"@type\":\"EntryPoint\",\"urlTemplate\":\"https:\\\/\\\/strangercam.com\\\/?s={search_term_string}\"},\"query-input\":{\"@type\":\"PropertyValueSpecification\",\"valueRequired\":true,\"valueName\":\"search_term_string\"}}],\"inLanguage\":\"cs\"},{\"@type\":\"Organization\",\"@id\":\"https:\\\/\\\/strangercam.com\\\/#organization\",\"name\":\"Strangercam\",\"alternateName\":\"Strangercam.com\",\"url\":\"https:\\\/\\\/strangercam.com\\\/\",\"logo\":{\"@type\":\"ImageObject\",\"inLanguage\":\"cs\",\"@id\":\"https:\\\/\\\/strangercam.com\\\/#\\\/schema\\\/logo\\\/image\\\/\",\"url\":\"https:\\\/\\\/strangercam.com\\\/wp-content\\\/uploads\\\/2020\\\/11\\\/cropped-new-favicon-black.png\",\"contentUrl\":\"https:\\\/\\\/strangercam.com\\\/wp-content\\\/uploads\\\/2020\\\/11\\\/cropped-new-favicon-black.png\",\"width\":512,\"height\":512,\"caption\":\"Strangercam\"},\"image\":{\"@id\":\"https:\\\/\\\/strangercam.com\\\/#\\\/schema\\\/logo\\\/image\\\/\"},\"sameAs\":[\"https:\\\/\\\/www.facebook.com\\\/strangercam\",\"https:\\\/\\\/x.com\\\/strangercamapp\"]}]}<\/script>\n<!-- \/ Yoast SEO plugin. -->","yoast_head_json":{"title":"Chatride - Chat s cizinci na StrangerCam.com","description":"Jako Chatride? Poj\u010fte si zdarma popov\u00eddat s v\u00edce ne\u017e 5 000 000 cizinci na Stranger Cam! Zapn\u011bte si kameru a najd\u011bte nov\u00e9 p\u0159\u00e1tele &amp; maby z\u00e1pas!","robots":{"index":"index","follow":"follow","max-snippet":"max-snippet:-1","max-image-preview":"max-image-preview:large","max-video-preview":"max-video-preview:-1"},"canonical":"https:\/\/strangercam.com\/cs\/chatride\/","og_locale":"cs_CZ","og_type":"article","og_title":"Chatride - Chat with strangers on StrangerCam.com","og_description":"Like Chatride? Come chat with more than 5.000.000 strangers on Stranger Cam for Free! Turn on your cam and find new friends & maby a match!","og_url":"https:\/\/strangercam.com\/cs\/chatride\/","og_site_name":"Strangercam","article_publisher":"https:\/\/www.facebook.com\/strangercam","article_modified_time":"2023-08-21T10:24:41+00:00","og_image":[{"width":800,"height":800,"url":"https:\/\/strangercam.com\/wp-content\/uploads\/2020\/11\/stranger-cam-1.png","type":"image\/png"}],"twitter_card":"summary_large_image","twitter_site":"@strangercamapp","twitter_misc":{"Odhadovan\u00e1 doba \u010dten\u00ed":"5 minut"},"schema":{"@context":"https:\/\/schema.org","@graph":[{"@type":"WebPage","@id":"https:\/\/strangercam.com\/chatride\/","url":"https:\/\/strangercam.com\/chatride\/","name":"Chatride - Chat s cizinci na StrangerCam.com","isPartOf":{"@id":"https:\/\/strangercam.com\/#website"},"primaryImageOfPage":{"@id":"https:\/\/strangercam.com\/chatride\/#primaryimage"},"image":{"@id":"https:\/\/strangercam.com\/chatride\/#primaryimage"},"thumbnailUrl":"https:\/\/strangercam.com\/wp-content\/uploads\/2020\/11\/stranger-cam-1.png","datePublished":"2022-08-11T13:12:40+00:00","dateModified":"2023-08-21T10:24:41+00:00","description":"Jako Chatride? Poj\u010fte si zdarma popov\u00eddat s v\u00edce ne\u017e 5 000 000 cizinci na Stranger Cam! Zapn\u011bte si kameru a najd\u011bte nov\u00e9 p\u0159\u00e1tele &amp; maby z\u00e1pas!","breadcrumb":{"@id":"https:\/\/strangercam.com\/chatride\/#breadcrumb"},"inLanguage":"cs","potentialAction":[{"@type":"ReadAction","target":["https:\/\/strangercam.com\/chatride\/"]}]},{"@type":"ImageObject","inLanguage":"cs","@id":"https:\/\/strangercam.com\/chatride\/#primaryimage","url":"https:\/\/strangercam.com\/wp-content\/uploads\/2020\/11\/stranger-cam-1.png","contentUrl":"https:\/\/strangercam.com\/wp-content\/uploads\/2020\/11\/stranger-cam-1.png","width":800,"height":800,"caption":"stranger cam random video chat"},{"@type":"BreadcrumbList","@id":"https:\/\/strangercam.com\/chatride\/#breadcrumb","itemListElement":[{"@type":"ListItem","position":1,"name":"Home","item":"https:\/\/strangercam.com\/"},{"@type":"ListItem","position":2,"name":"Chatride"}]},{"@type":"WebSite","@id":"https:\/\/strangercam.com\/#website","url":"https:\/\/strangercam.com\/","name":"Strangercam","description":"N\u00e1hodn\u00fd videochat s ciz\u00edmi lidmi","publisher":{"@id":"https:\/\/strangercam.com\/#organization"},"alternateName":"Strangercam.com","potentialAction":[{"@type":"SearchAction","target":{"@type":"EntryPoint","urlTemplate":"https:\/\/strangercam.com\/?s={search_term_string}"},"query-input":{"@type":"PropertyValueSpecification","valueRequired":true,"valueName":"search_term_string"}}],"inLanguage":"cs"},{"@type":"Organization","@id":"https:\/\/strangercam.com\/#organization","name":"Strangercam","alternateName":"Strangercam.com","url":"https:\/\/strangercam.com\/","logo":{"@type":"ImageObject","inLanguage":"cs","@id":"https:\/\/strangercam.com\/#\/schema\/logo\/image\/","url":"https:\/\/strangercam.com\/wp-content\/uploads\/2020\/11\/cropped-new-favicon-black.png","contentUrl":"https:\/\/strangercam.com\/wp-content\/uploads\/2020\/11\/cropped-new-favicon-black.png","width":512,"height":512,"caption":"Strangercam"},"image":{"@id":"https:\/\/strangercam.com\/#\/schema\/logo\/image\/"},"sameAs":["https:\/\/www.facebook.com\/strangercam","https:\/\/x.com\/strangercamapp"]}]}},"_links":{"self":[{"href":"https:\/\/strangercam.com\/cs\/wp-json\/wp\/v2\/pages\/11154","targetHints":{"allow":["GET"]}}],"collection":[{"href":"https:\/\/strangercam.com\/cs\/wp-json\/wp\/v2\/pages"}],"about":[{"href":"https:\/\/strangercam.com\/cs\/wp-json\/wp\/v2\/types\/page"}],"author":[{"embeddable":true,"href":"https:\/\/strangercam.com\/cs\/wp-json\/wp\/v2\/users\/6"}],"replies":[{"embeddable":true,"href":"https:\/\/strangercam.com\/cs\/wp-json\/wp\/v2\/comments?post=11154"}],"version-history":[{"count":0,"href":"https:\/\/strangercam.com\/cs\/wp-json\/wp\/v2\/pages\/11154\/revisions"}],"wp:featuredmedia":[{"embeddable":true,"href":"https:\/\/strangercam.com\/cs\/wp-json\/wp\/v2\/media\/559"}],"wp:attachment":[{"href":"https:\/\/strangercam.com\/cs\/wp-json\/wp\/v2\/media?parent=11154"}],"curies":[{"name":"wp","href":"https:\/\/api.w.org\/{rel}","templated":true}]}}