{"id":11142,"date":"2022-08-11T15:06:21","date_gmt":"2022-08-11T13:06:21","guid":{"rendered":"https:\/\/strangercam.com\/?page_id=11142"},"modified":"2023-08-21T11:40:39","modified_gmt":"2023-08-21T09:40:39","slug":"camki","status":"publish","type":"page","link":"https:\/\/strangercam.com\/cs\/camki\/","title":{"rendered":"Camki"},"content":{"rendered":"<p>Dnes je k dispozici mnoho platforem pro online chatov\u00e1n\u00ed. Mezi nimi je Camki spolehliv\u00e1 online chatovac\u00ed platforma, kter\u00e1 sv\u00fdm u\u017eivatel\u016fm nab\u00edz\u00ed r\u016fzn\u00e9 funkce. Mezi tyto funkce pat\u0159\u00ed podpora audio a video hovor\u016f, zas\u00edl\u00e1n\u00ed rychl\u00fdch zpr\u00e1v, sd\u00edlen\u00ed soubor\u016f atd.<\/p>\n<h2>Co je Camki?<\/h2>\n<p>Camki je nov\u00e1 online chatovac\u00ed platforma, kter\u00e1 v posledn\u00ed dob\u011b z\u00edsk\u00e1v\u00e1 na popularit\u011b. Je to spolehliv\u00e1 a u\u017eivatelsky p\u0159\u00edv\u011btiv\u00e1 platforma, kter\u00e1 sv\u00fdm u\u017eivatel\u016fm nab\u00edz\u00ed mnoho funkc\u00ed. Camki je skv\u011bl\u00fdm m\u00edstem, kde se m\u016f\u017eete spojit s p\u0159\u00e1teli a rodinn\u00fdmi p\u0159\u00edslu\u0161n\u00edky, jako\u017e i <a href=\"https:\/\/strangercam.com\/cs\/coomeet\/\">Seznamte se s<\/a> nov\u00e9 lidi z cel\u00e9ho sv\u011bta. Platforma je ide\u00e1ln\u00ed tak\u00e9 pro firmy, proto\u017ee jim umo\u017e\u0148uje komunikovat se z\u00e1kazn\u00edky a klienty v re\u00e1ln\u00e9m \u010dase.<\/p>\n<h2>Jak pou\u017e\u00edvat Camki?<\/h2>\n<p>Pokud hled\u00e1te spolehlivou platformu pro online chatov\u00e1n\u00ed, Camki je ide\u00e1ln\u00ed volbou. Camki se snadno pou\u017e\u00edv\u00e1 a nab\u00edz\u00ed \u0159adu funkc\u00ed, kter\u00e9 z n\u00ed \u010din\u00ed skv\u011blou volbu pro online chatov\u00e1n\u00ed. Zde je n\u011bkolik tip\u016f, jak Camki pou\u017e\u00edvat:<\/p>\n<ul>\n<li style=\"font-weight: 400;\" aria-level=\"1\">Chcete-li za\u010d\u00edt pou\u017e\u00edvat Camki, zaregistrujte si bezplatn\u00fd \u00fa\u010det. Budete muset zadat sv\u00e9 jm\u00e9no, e-mailovou adresu a vytvo\u0159it si heslo.<\/li>\n<li style=\"font-weight: 400;\" aria-level=\"1\">Po vytvo\u0159en\u00ed \u00fa\u010dtu se p\u0159ihlaste a klikn\u011bte na tla\u010d\u00edtko \"Vytvo\u0159it pokoj\".<\/li>\n<li style=\"font-weight: 400;\" aria-level=\"1\">Zadejte n\u00e1zev m\u00edstnosti a heslo (nepovinn\u00e9).<\/li>\n<li style=\"font-weight: 400;\" aria-level=\"1\">Chcete-li zah\u00e1jit chatov\u00e1n\u00ed, klikn\u011bte na tla\u010d\u00edtko \u201cZah\u00e1jit chatov\u00e1n\u00ed\u201d. M\u016f\u017eete tak\u00e9 pou\u017e\u00edt webovou aplikaciCamki a <a href=\"https:\/\/strangercam.com\/cs\/chathub\/\">chat<\/a> s n\u00e1hodn\u00fdmi cizinci.<\/li>\n<\/ul>\n<h2>V\u00fdhody pou\u017eit\u00ed Camki<\/h2>\n<p>Pou\u017e\u00edv\u00e1n\u00ed slu\u017eby Camki jako platformy pro online chatov\u00e1n\u00ed m\u00e1 mnoho v\u00fdhod. Zde je jen n\u011bkolik d\u016fvod\u016f, pro\u010d je pro v\u00e1s Camki tou nejlep\u0161\u00ed volbou:<\/p>\n<ol>\n<li style=\"font-weight: 400;\" aria-level=\"1\">Camki je u\u017eivatelsky velmi p\u0159\u00edv\u011btiv\u00fd a snadno se pou\u017e\u00edv\u00e1. Pro za\u010d\u00e1tek nepot\u0159ebujete \u017e\u00e1dn\u00e9 zvl\u00e1\u0161tn\u00ed technick\u00e9 dovednosti - sta\u010d\u00ed se p\u0159ihl\u00e1sit a za\u010d\u00edt chatovat!<\/li>\n<li style=\"font-weight: 400;\" aria-level=\"1\">Camki je zcela bezpe\u010dn\u00fd a d\u016fv\u011brn\u00fd. V\u0161echny va\u0161e konverzace jsou soukrom\u00e9 a nikdy nebudou sd\u00edleny s nik\u00fdm jin\u00fdm.<\/li>\n<li style=\"font-weight: 400;\" aria-level=\"1\">Camki je zcela zdarma. Neexistuj\u00ed \u017e\u00e1dn\u00e9 skryt\u00e9 n\u00e1klady nebo poplatky - m\u016f\u017eete chatovat tak dlouho, jak chcete, ani\u017e byste utratili jedin\u00fd cent.<\/li>\n<li style=\"font-weight: 400;\" aria-level=\"1\">Camki nab\u00edz\u00ed velk\u00fd v\u00fdb\u011br funkc\u00ed a mo\u017enost\u00ed, tak\u017ee si m\u016f\u017eete p\u0159izp\u016fsobit prost\u0159ed\u00ed chatu sv\u00fdm pot\u0159eb\u00e1m. M\u016f\u017eete si vybrat z r\u016fzn\u00fdch avatar\u016f, pozad\u00ed a p\u00edsem, a dokonce m\u016f\u017eete do chat\u016f p\u0159id\u00e1vat speci\u00e1ln\u00ed efekty.<\/li>\n<li style=\"font-weight: 400;\" aria-level=\"1\">Camki se neust\u00e1le roz\u0161i\u0159uje a zlep\u0161uje. Neust\u00e1le p\u0159id\u00e1v\u00e1me nov\u00e9 funkce a prov\u00e1d\u00edme vylep\u0161en\u00ed na z\u00e1klad\u011b zp\u011btn\u00e9 vazby od na\u0161ich u\u017eivatel\u016f. M\u016f\u017eete si tedy b\u00fdt jisti, \u017ee Camki v\u00e1m v\u017edy poskytne nejlep\u0161\u00ed mo\u017en\u00fd z\u00e1\u017eitek z chatu.<\/li>\n<\/ol>\n<h2>Nev\u00fdhody pou\u017e\u00edv\u00e1n\u00ed Camki<\/h2>\n<p>Existuje n\u011bkolik nev\u00fdhod pou\u017e\u00edv\u00e1n\u00ed Camki, kter\u00e9 by si u\u017eivatel\u00e9 m\u011bli uv\u011bdomit. Za prv\u00e9, platforma nen\u00ed tak bezpe\u010dn\u00e1 jako n\u011bkter\u00e9 jin\u00e9 mo\u017enosti. To znamen\u00e1, \u017ee va\u0161e konverzace mohou b\u00fdt n\u00e1chyln\u00e9 k hackersk\u00e9mu \u00fatoku nebo odposlechu. Krom\u011b toho Camki nem\u00e1 ve srovn\u00e1n\u00ed s jin\u00fdmi platformami mnoho funkc\u00ed, tak\u017ee se m\u016f\u017ee st\u00e1t, \u017ee budete omezeni v tom, co m\u016f\u017eete d\u011blat.<\/p>\n<h2>V\u00fdznamn\u00e9 vlastnosti Camki<\/h2>\n<p>Pokud hled\u00e1te spolehlivou platformu pro online chatov\u00e1n\u00ed, Camki je ide\u00e1ln\u00ed volbou. Nab\u00edz\u00ed \u0159adu funkc\u00ed, d\u00edky kter\u00fdm se odli\u0161uje od ostatn\u00edch chatovac\u00edch platforem. Zde jsou n\u011bkter\u00e9 z nejv\u00fdznamn\u011bj\u0161\u00edch funkc\u00ed Camki:<\/p>\n<ul>\n<li style=\"font-weight: 400;\" aria-level=\"1\">Camki je u\u017eivatelsky velmi p\u0159\u00edv\u011btiv\u00fd a snadno se pou\u017e\u00edv\u00e1. Dokonce i kdy\u017e nejste obezn\u00e1meni s chatovac\u00edmi platformami, budete schopni zjistit, jak pou\u017e\u00edvat Camki b\u011bhem n\u011bkolika minut.<\/li>\n<li style=\"font-weight: 400;\" aria-level=\"1\">Camki nab\u00edz\u00ed vysokou \u00farove\u0148 zabezpe\u010den\u00ed a soukrom\u00ed. V\u0161echny va\u0161e konverzace a chaty jsou chr\u00e1n\u011bny a nikdo k nim nebude m\u00edt p\u0159\u00edstup, pokud mu k tomu ned\u00e1te svolen\u00ed.<\/li>\n<li style=\"font-weight: 400;\" aria-level=\"1\">Camki je skv\u011blou platformou pro navazov\u00e1n\u00ed kontakt\u016f a pozn\u00e1v\u00e1n\u00ed nov\u00fdch lid\u00ed. M\u016f\u017eete zde naj\u00edt lidi s podobn\u00fdmi z\u00e1jmy jako vy a snadno se s nimi spojit.<\/li>\n<li style=\"font-weight: 400;\" aria-level=\"1\">Camki nab\u00edz\u00ed tak\u00e9 \u0159adu funkc\u00ed, kter\u00e9 v\u00e1m umo\u017en\u00ed p\u0159izp\u016fsobit si prost\u0159ed\u00ed chatu. M\u016f\u017eete nap\u0159\u00edklad zm\u011bnit velikost p\u00edsma, barvu a pozad\u00ed okna chatu, aby bylo v\u00edce osobn\u00ed.<\/li>\n<\/ul>\n<p>Pokud hled\u00e1te spolehlivou a funk\u010dn\u011b bohatou platformu pro online chat, Camki je ide\u00e1ln\u00ed volbou!<\/p>\n<h2>Jak co nejl\u00e9pe vyu\u017e\u00edt Camki?<\/h2>\n<p>Pokud hled\u00e1te spolehlivou online chatovac\u00ed platformu, Camki rozhodn\u011b stoj\u00ed za vyzkou\u0161en\u00ed. D\u00edky sv\u00e9mu snadno pou\u017eiteln\u00e9mu rozhran\u00ed a \u0161irok\u00e9 \u0161k\u00e1le funkc\u00ed umo\u017e\u0148uje Camki snadno z\u016fstat ve spojen\u00ed s p\u0159\u00e1teli a \u010dleny rodiny bez ohledu na to, kde se na sv\u011bt\u011b nach\u00e1zej\u00ed. Zde je n\u011bkolik tip\u016f, jak slu\u017ebu Camki co nejl\u00e9pe vyu\u017e\u00edt:<\/p>\n<ol>\n<li style=\"font-weight: 400;\" aria-level=\"1\">Pomoc\u00ed funkce vyhled\u00e1v\u00e1n\u00ed m\u016f\u017eete naj\u00edt lidi, kter\u00e9 zn\u00e1te nebo se s nimi chcete setkat. Lidi m\u016f\u017eete vyhled\u00e1vat podle jejich u\u017eivatelsk\u00e9ho jm\u00e9na, e-mailov\u00e9 adresy nebo dokonce podle jejich polohy.<\/li>\n<li style=\"font-weight: 400;\" aria-level=\"1\">Jakmile najdete n\u011bkoho, s k\u00fdm chcete chatovat, jednodu\u0161e klikn\u011bte na jeho jm\u00e9no a za\u010dn\u011bte chatovat. Camki tak\u00e9 umo\u017e\u0148uje uskute\u010d\u0148ovat videohovory, tak\u017ee si m\u016f\u017eete skute\u010dn\u011b p\u0159ipadat, jako byste mluvili tv\u00e1\u0159\u00ed v tv\u00e1\u0159, a\u0165 u\u017e jste kdekoli.<\/li>\n<li style=\"font-weight: 400;\" aria-level=\"1\">Nezapome\u0148te vyu\u017e\u00edt dal\u0161\u00ed funkce za\u0159\u00edzen\u00ed Camki, jako je skupinov\u00fd chat a sd\u00edlen\u00ed soubor\u016f. Ty se mohou hodit, kdy\u017e pracujete na projektu s p\u0159\u00e1teli nebo pot\u0159ebujete rychle a snadno sd\u00edlet velk\u00fd soubor.<\/li>\n<li style=\"font-weight: 400;\" aria-level=\"1\">A v neposledn\u00ed \u0159ad\u011b si to u\u017eijte! Camki je skv\u011bl\u00fd zp\u016fsob, jak z\u016fstat ve spojen\u00ed s lidmi, na kter\u00fdch v\u00e1m z\u00e1le\u017e\u00ed, tak\u017ee se p\u0159i jeho pou\u017e\u00edv\u00e1n\u00ed nezapome\u0148te bavit.<\/li>\n<\/ol>\n<h2>Je jeho pou\u017e\u00edv\u00e1n\u00ed bezpe\u010dn\u00e9?<\/h2>\n<p>Pokud jde o platformy pro online chatov\u00e1n\u00ed, v\u017edy je zde ot\u00e1zka bezpe\u010dnosti. Je bezpe\u010dn\u00e9 pou\u017e\u00edvat Camki? Odpov\u011b\u010f zn\u00ed ano! Camki je spolehliv\u00e1 online chatovac\u00ed platforma, kter\u00e1 bere bezpe\u010dnost a ochranu soukrom\u00ed v\u00e1\u017en\u011b. V\u0161echny chaty na Camki jsou \u0161ifrov\u00e1ny end-to-end, co\u017e znamen\u00e1, \u017ee zpr\u00e1vy si m\u016f\u017ee p\u0159e\u010d\u00edst pouze odes\u00edlatel a p\u0159\u00edjemce. Krom\u011b toho Camki neshroma\u017e\u010fuje ani neukl\u00e1d\u00e1 \u017e\u00e1dn\u00e9 \u00fadaje o u\u017eivatel\u00edch. M\u016f\u017eete si tedy b\u00fdt jisti, \u017ee va\u0161e konverzace jsou soukrom\u00e9 a bezpe\u010dn\u00e9.<\/p>\n<h2>Preventivn\u00ed opat\u0159en\u00ed p\u0159i pou\u017e\u00edv\u00e1n\u00ed Camki<\/h2>\n<p>V\u0161ichni v\u00edme, jak je d\u016fle\u017eit\u00e9 b\u00fdt opatrn\u00fd p\u0159i pou\u017e\u00edv\u00e1n\u00ed soci\u00e1ln\u00edch m\u00e9di\u00ed a dal\u0161\u00edch online platforem. Tot\u00e9\u017e plat\u00ed i pro online chatovac\u00ed platformu Camki. Zde je n\u011bkolik preventivn\u00edch opat\u0159en\u00ed, kter\u00e1 byste m\u011bli p\u0159i pou\u017e\u00edv\u00e1n\u00ed slu\u017eby Camki p\u0159ijmout:<\/p>\n<ol>\n<li style=\"font-weight: 400;\" aria-level=\"1\">Nesd\u00edlejte sv\u00e9 osobn\u00ed \u00fadaje s nik\u00fdm na Camki. To zahrnuje va\u0161e cel\u00e9 jm\u00e9no, adresu, telefonn\u00ed \u010d\u00edslo, e-mailovou adresu atd.<\/li>\n<li style=\"font-weight: 400;\" aria-level=\"1\">D\u00e1vejte si pozor na odkazy, na kter\u00e9 klik\u00e1te p\u0159i pou\u017e\u00edv\u00e1n\u00ed Camki. N\u011bkter\u00e9 odkazy mohou b\u00fdt \u0161kodliv\u00e9 a mohly by v\u00e1s zav\u00e9st na phishingov\u00e9 webov\u00e9 str\u00e1nky nebo st\u00e1hnout do va\u0161eho za\u0159\u00edzen\u00ed malware.<\/li>\n<li style=\"font-weight: 400;\" aria-level=\"1\">Neprov\u00e1d\u011bjte na Camki \u017e\u00e1dnou nez\u00e1konnou \u010dinnost. To zahrnuje sd\u00edlen\u00ed materi\u00e1l\u016f chr\u00e1n\u011bn\u00fdch autorsk\u00fdmi pr\u00e1vy nebo kyber\u0161ikanu.<\/li>\n<li style=\"font-weight: 400;\" aria-level=\"1\">Pokud na Camki naraz\u00edte na jakoukoli podez\u0159elou aktivitu, okam\u017eit\u011b ji nahlaste spr\u00e1vc\u016fm platformy.<\/li>\n<\/ol>\n<p>Dodr\u017eov\u00e1n\u00edm t\u011bchto jednoduch\u00fdch pokyn\u016f si m\u016f\u017eete zajistit bezpe\u010dn\u00fd a p\u0159\u00edjemn\u00fd z\u00e1\u017eitek p\u0159i pou\u017e\u00edv\u00e1n\u00ed Camki!<\/p>\n<h2>Alternativy k Camki<\/h2>\n<p>Pokud jde o online platformy pro n\u00e1hodn\u00fd videochat, Camki je jednou z nejspolehliv\u011bj\u0161\u00edch mo\u017enost\u00ed. K dispozici jsou v\u0161ak i dal\u0161\u00ed platformy, kter\u00e9 nab\u00edzej\u00ed podobn\u00e9 funkce a vlastnosti. Zde jsou n\u011bkter\u00e9 alternativy k Camki, kter\u00e9 mo\u017en\u00e1 budete cht\u00edt zv\u00e1\u017eit:<\/p>\n<p><a href=\"https:\/\/strangercam.com\/cs\/omegle\/\">Omegle<\/a>: Omegle je jednou z nejzn\u00e1m\u011bj\u0161\u00edch platforem pro n\u00e1hodn\u00fd videochat. Nab\u00edz\u00ed \u0159adu funkc\u00ed, v\u010detn\u011b textov\u00fdch a video chat\u016f, a je k dispozici na r\u016fzn\u00fdch za\u0159\u00edzen\u00edch.<\/p>\n<p><a href=\"https:\/\/strangercam.com\/cs\/chatroulette\/\">Chatroulette<\/a>: Chatroulette je dal\u0161\u00ed obl\u00edben\u00e1 platforma pro videochat, kter\u00e1 v\u00e1m umo\u017en\u00ed spojit se s lidmi z cel\u00e9ho sv\u011bta. Nab\u00edz\u00ed \u0159adu funkc\u00ed, v\u010detn\u011b mo\u017enosti chatovat s lidmi z konkr\u00e9tn\u00edch zem\u00ed.<\/p>\n<p><a href=\"https:\/\/strangercam.com\/cs\/bazoocam\/\">Bazoocam<\/a>: Bazoocam je dal\u0161\u00ed platforma pro n\u00e1hodn\u00fd videochat, kter\u00e1 nab\u00edz\u00ed \u0159adu funkc\u00ed, v\u010detn\u011b mo\u017enosti chatovat s lidmi z konkr\u00e9tn\u00edch zem\u00ed.<\/p>\n<h2>Z\u00e1v\u011br<\/h2>\n<p>Douf\u00e1me, \u017ee se v\u00e1m n\u00e1\u0161 \u010dl\u00e1nek o Camki, spolehliv\u00e9 online chatovac\u00ed platform\u011b, l\u00edbil. A\u0165 u\u017e hled\u00e1te nov\u00fd zp\u016fsob komunikace se sv\u00fdmi p\u0159\u00e1teli, nebo jste jen zv\u011bdav\u00ed, co Camki nab\u00edz\u00ed, mysl\u00edme, \u017ee v\u00e1s jej\u00ed funkce zaujmou. M\u00e1te-li jak\u00e9koli dotazy nebo p\u0159ipom\u00ednky, nev\u00e1hejte je zanechat v n\u00ed\u017ee uveden\u00e9 \u010d\u00e1sti.<\/p>","protected":false},"excerpt":{"rendered":"<p>There are many online chatting platforms available today. Among them, Camki is a reliable online chatting platform that offers various features to its users. Some of these features include audio and video call support, instant messaging, file sharing, etc. What is Camki? Camki is a new online chatting platform that has been gaining popularity lately. [&hellip;]<\/p>\n","protected":false},"author":6,"featured_media":559,"parent":0,"menu_order":0,"comment_status":"closed","ping_status":"closed","template":"","meta":{"footnotes":""},"class_list":["post-11142","page","type-page","status-publish","has-post-thumbnail","hentry"],"yoast_head":"<!-- This site is optimized with the Yoast SEO plugin v27.4 - https:\/\/yoast.com\/product\/yoast-seo-wordpress\/ -->\n<title>Camki - Chat with strangers on StrangerCam.com<\/title>\n<meta name=\"description\" content=\"Like Camki? Come chat with more than 5.000.000 strangers on Stranger Cam for Free! Turn on your cam and find new friends &amp; maby a match!\" \/>\n<meta name=\"robots\" content=\"index, follow, max-snippet:-1, max-image-preview:large, max-video-preview:-1\" \/>\n<link rel=\"canonical\" href=\"https:\/\/strangercam.com\/cs\/camki\/\" \/>\n<meta property=\"og:locale\" content=\"cs_CZ\" \/>\n<meta property=\"og:type\" content=\"article\" \/>\n<meta property=\"og:title\" content=\"Camki - Chat with strangers on StrangerCam.com\" \/>\n<meta property=\"og:description\" content=\"Like Camki? Come chat with more than 5.000.000 strangers on Stranger Cam for Free! Turn on your cam and find new friends &amp; maby a match!\" \/>\n<meta property=\"og:url\" content=\"https:\/\/strangercam.com\/cs\/camki\/\" \/>\n<meta property=\"og:site_name\" content=\"Strangercam\" \/>\n<meta property=\"article:publisher\" content=\"https:\/\/www.facebook.com\/strangercam\" \/>\n<meta property=\"article:modified_time\" content=\"2023-08-21T09:40:39+00:00\" \/>\n<meta property=\"og:image\" content=\"https:\/\/strangercam.com\/wp-content\/uploads\/2020\/11\/stranger-cam-1.png\" \/>\n\t<meta property=\"og:image:width\" content=\"800\" \/>\n\t<meta property=\"og:image:height\" content=\"800\" \/>\n\t<meta property=\"og:image:type\" content=\"image\/png\" \/>\n<meta name=\"twitter:card\" content=\"summary_large_image\" \/>\n<meta name=\"twitter:site\" content=\"@strangercamapp\" \/>\n<meta name=\"twitter:label1\" content=\"Odhadovan\u00e1 doba \u010dten\u00ed\" \/>\n\t<meta name=\"twitter:data1\" content=\"6 minut\" \/>\n<script type=\"application\/ld+json\" class=\"yoast-schema-graph\">{\"@context\":\"https:\\\/\\\/schema.org\",\"@graph\":[{\"@type\":\"WebPage\",\"@id\":\"https:\\\/\\\/strangercam.com\\\/camki\\\/\",\"url\":\"https:\\\/\\\/strangercam.com\\\/camki\\\/\",\"name\":\"Camki - Chat with strangers on StrangerCam.com\",\"isPartOf\":{\"@id\":\"https:\\\/\\\/strangercam.com\\\/#website\"},\"primaryImageOfPage\":{\"@id\":\"https:\\\/\\\/strangercam.com\\\/camki\\\/#primaryimage\"},\"image\":{\"@id\":\"https:\\\/\\\/strangercam.com\\\/camki\\\/#primaryimage\"},\"thumbnailUrl\":\"https:\\\/\\\/strangercam.com\\\/wp-content\\\/uploads\\\/2020\\\/11\\\/stranger-cam-1.png\",\"datePublished\":\"2022-08-11T13:06:21+00:00\",\"dateModified\":\"2023-08-21T09:40:39+00:00\",\"description\":\"Like Camki? Come chat with more than 5.000.000 strangers on Stranger Cam for Free! Turn on your cam and find new friends & maby a match!\",\"breadcrumb\":{\"@id\":\"https:\\\/\\\/strangercam.com\\\/camki\\\/#breadcrumb\"},\"inLanguage\":\"cs\",\"potentialAction\":[{\"@type\":\"ReadAction\",\"target\":[\"https:\\\/\\\/strangercam.com\\\/camki\\\/\"]}]},{\"@type\":\"ImageObject\",\"inLanguage\":\"cs\",\"@id\":\"https:\\\/\\\/strangercam.com\\\/camki\\\/#primaryimage\",\"url\":\"https:\\\/\\\/strangercam.com\\\/wp-content\\\/uploads\\\/2020\\\/11\\\/stranger-cam-1.png\",\"contentUrl\":\"https:\\\/\\\/strangercam.com\\\/wp-content\\\/uploads\\\/2020\\\/11\\\/stranger-cam-1.png\",\"width\":800,\"height\":800,\"caption\":\"stranger cam random video chat\"},{\"@type\":\"BreadcrumbList\",\"@id\":\"https:\\\/\\\/strangercam.com\\\/camki\\\/#breadcrumb\",\"itemListElement\":[{\"@type\":\"ListItem\",\"position\":1,\"name\":\"Home\",\"item\":\"https:\\\/\\\/strangercam.com\\\/\"},{\"@type\":\"ListItem\",\"position\":2,\"name\":\"Camki\"}]},{\"@type\":\"WebSite\",\"@id\":\"https:\\\/\\\/strangercam.com\\\/#website\",\"url\":\"https:\\\/\\\/strangercam.com\\\/\",\"name\":\"Strangercam\",\"description\":\"Random Video Chat with Strangers\",\"publisher\":{\"@id\":\"https:\\\/\\\/strangercam.com\\\/#organization\"},\"alternateName\":\"Strangercam.com\",\"potentialAction\":[{\"@type\":\"SearchAction\",\"target\":{\"@type\":\"EntryPoint\",\"urlTemplate\":\"https:\\\/\\\/strangercam.com\\\/?s={search_term_string}\"},\"query-input\":{\"@type\":\"PropertyValueSpecification\",\"valueRequired\":true,\"valueName\":\"search_term_string\"}}],\"inLanguage\":\"cs\"},{\"@type\":\"Organization\",\"@id\":\"https:\\\/\\\/strangercam.com\\\/#organization\",\"name\":\"Strangercam\",\"alternateName\":\"Strangercam.com\",\"url\":\"https:\\\/\\\/strangercam.com\\\/\",\"logo\":{\"@type\":\"ImageObject\",\"inLanguage\":\"cs\",\"@id\":\"https:\\\/\\\/strangercam.com\\\/#\\\/schema\\\/logo\\\/image\\\/\",\"url\":\"https:\\\/\\\/strangercam.com\\\/wp-content\\\/uploads\\\/2020\\\/11\\\/cropped-new-favicon-black.png\",\"contentUrl\":\"https:\\\/\\\/strangercam.com\\\/wp-content\\\/uploads\\\/2020\\\/11\\\/cropped-new-favicon-black.png\",\"width\":512,\"height\":512,\"caption\":\"Strangercam\"},\"image\":{\"@id\":\"https:\\\/\\\/strangercam.com\\\/#\\\/schema\\\/logo\\\/image\\\/\"},\"sameAs\":[\"https:\\\/\\\/www.facebook.com\\\/strangercam\",\"https:\\\/\\\/x.com\\\/strangercamapp\"]}]}<\/script>\n<!-- \/ Yoast SEO plugin. -->","yoast_head_json":{"title":"Camki - Chat s cizinci na StrangerCam.com","description":"Jako Camki? Poj\u010fte si zdarma popov\u00eddat s v\u00edce ne\u017e 5 000 000 cizinci na Stranger Cam! Zapn\u011bte si kameru a najd\u011bte nov\u00e9 p\u0159\u00e1tele &amp; maby z\u00e1pas!","robots":{"index":"index","follow":"follow","max-snippet":"max-snippet:-1","max-image-preview":"max-image-preview:large","max-video-preview":"max-video-preview:-1"},"canonical":"https:\/\/strangercam.com\/cs\/camki\/","og_locale":"cs_CZ","og_type":"article","og_title":"Camki - Chat with strangers on StrangerCam.com","og_description":"Like Camki? Come chat with more than 5.000.000 strangers on Stranger Cam for Free! Turn on your cam and find new friends & maby a match!","og_url":"https:\/\/strangercam.com\/cs\/camki\/","og_site_name":"Strangercam","article_publisher":"https:\/\/www.facebook.com\/strangercam","article_modified_time":"2023-08-21T09:40:39+00:00","og_image":[{"width":800,"height":800,"url":"https:\/\/strangercam.com\/wp-content\/uploads\/2020\/11\/stranger-cam-1.png","type":"image\/png"}],"twitter_card":"summary_large_image","twitter_site":"@strangercamapp","twitter_misc":{"Odhadovan\u00e1 doba \u010dten\u00ed":"6 minut"},"schema":{"@context":"https:\/\/schema.org","@graph":[{"@type":"WebPage","@id":"https:\/\/strangercam.com\/camki\/","url":"https:\/\/strangercam.com\/camki\/","name":"Camki - Chat s cizinci na StrangerCam.com","isPartOf":{"@id":"https:\/\/strangercam.com\/#website"},"primaryImageOfPage":{"@id":"https:\/\/strangercam.com\/camki\/#primaryimage"},"image":{"@id":"https:\/\/strangercam.com\/camki\/#primaryimage"},"thumbnailUrl":"https:\/\/strangercam.com\/wp-content\/uploads\/2020\/11\/stranger-cam-1.png","datePublished":"2022-08-11T13:06:21+00:00","dateModified":"2023-08-21T09:40:39+00:00","description":"Jako Camki? Poj\u010fte si zdarma popov\u00eddat s v\u00edce ne\u017e 5 000 000 cizinci na Stranger Cam! Zapn\u011bte si kameru a najd\u011bte nov\u00e9 p\u0159\u00e1tele &amp; maby z\u00e1pas!","breadcrumb":{"@id":"https:\/\/strangercam.com\/camki\/#breadcrumb"},"inLanguage":"cs","potentialAction":[{"@type":"ReadAction","target":["https:\/\/strangercam.com\/camki\/"]}]},{"@type":"ImageObject","inLanguage":"cs","@id":"https:\/\/strangercam.com\/camki\/#primaryimage","url":"https:\/\/strangercam.com\/wp-content\/uploads\/2020\/11\/stranger-cam-1.png","contentUrl":"https:\/\/strangercam.com\/wp-content\/uploads\/2020\/11\/stranger-cam-1.png","width":800,"height":800,"caption":"stranger cam random video chat"},{"@type":"BreadcrumbList","@id":"https:\/\/strangercam.com\/camki\/#breadcrumb","itemListElement":[{"@type":"ListItem","position":1,"name":"Home","item":"https:\/\/strangercam.com\/"},{"@type":"ListItem","position":2,"name":"Camki"}]},{"@type":"WebSite","@id":"https:\/\/strangercam.com\/#website","url":"https:\/\/strangercam.com\/","name":"Strangercam","description":"N\u00e1hodn\u00fd videochat s ciz\u00edmi lidmi","publisher":{"@id":"https:\/\/strangercam.com\/#organization"},"alternateName":"Strangercam.com","potentialAction":[{"@type":"SearchAction","target":{"@type":"EntryPoint","urlTemplate":"https:\/\/strangercam.com\/?s={search_term_string}"},"query-input":{"@type":"PropertyValueSpecification","valueRequired":true,"valueName":"search_term_string"}}],"inLanguage":"cs"},{"@type":"Organization","@id":"https:\/\/strangercam.com\/#organization","name":"Strangercam","alternateName":"Strangercam.com","url":"https:\/\/strangercam.com\/","logo":{"@type":"ImageObject","inLanguage":"cs","@id":"https:\/\/strangercam.com\/#\/schema\/logo\/image\/","url":"https:\/\/strangercam.com\/wp-content\/uploads\/2020\/11\/cropped-new-favicon-black.png","contentUrl":"https:\/\/strangercam.com\/wp-content\/uploads\/2020\/11\/cropped-new-favicon-black.png","width":512,"height":512,"caption":"Strangercam"},"image":{"@id":"https:\/\/strangercam.com\/#\/schema\/logo\/image\/"},"sameAs":["https:\/\/www.facebook.com\/strangercam","https:\/\/x.com\/strangercamapp"]}]}},"_links":{"self":[{"href":"https:\/\/strangercam.com\/cs\/wp-json\/wp\/v2\/pages\/11142","targetHints":{"allow":["GET"]}}],"collection":[{"href":"https:\/\/strangercam.com\/cs\/wp-json\/wp\/v2\/pages"}],"about":[{"href":"https:\/\/strangercam.com\/cs\/wp-json\/wp\/v2\/types\/page"}],"author":[{"embeddable":true,"href":"https:\/\/strangercam.com\/cs\/wp-json\/wp\/v2\/users\/6"}],"replies":[{"embeddable":true,"href":"https:\/\/strangercam.com\/cs\/wp-json\/wp\/v2\/comments?post=11142"}],"version-history":[{"count":0,"href":"https:\/\/strangercam.com\/cs\/wp-json\/wp\/v2\/pages\/11142\/revisions"}],"wp:featuredmedia":[{"embeddable":true,"href":"https:\/\/strangercam.com\/cs\/wp-json\/wp\/v2\/media\/559"}],"wp:attachment":[{"href":"https:\/\/strangercam.com\/cs\/wp-json\/wp\/v2\/media?parent=11142"}],"curies":[{"name":"wp","href":"https:\/\/api.w.org\/{rel}","templated":true}]}}