{"id":11129,"date":"2022-08-11T14:56:49","date_gmt":"2022-08-11T12:56:49","guid":{"rendered":"https:\/\/strangercam.com\/?page_id=11129"},"modified":"2023-08-21T12:38:21","modified_gmt":"2023-08-21T10:38:21","slug":"roulette-chat","status":"publish","type":"page","link":"https:\/\/strangercam.com\/cs\/roulette-chat\/","title":{"rendered":"Roulette Chat"},"content":{"rendered":"<p><a href=\"https:\/\/strangercam.com\/cs\/chathub\/\">Chat<\/a> ruleta je jedine\u010dn\u00e1 chatovac\u00ed slu\u017eba, kter\u00e1 v\u00e1m umo\u017en\u00ed spojit se s lidmi z cel\u00e9ho sv\u011bta. Slu\u017eba je zcela zdarma a nejsou zde \u017e\u00e1dn\u00e9 skryt\u00e9 poplatky. Slu\u017ebu m\u016f\u017eete vyu\u017e\u00edt k chatov\u00e1n\u00ed s ciz\u00edmi lidmi, nav\u00e1z\u00e1n\u00ed nov\u00fdch p\u0159\u00e1telstv\u00ed nebo dokonce k nalezen\u00ed rande!<\/p>\n<h2>Co je to chat s ruletou?<\/h2>\n<p>Roulette-chat je typ online chatu, kter\u00fd u\u017eivatel\u016fm umo\u017e\u0148uje n\u00e1hodn\u00e9 spojen\u00ed s ostatn\u00edmi. Je podobn\u00fd tradi\u010dn\u00ed chatovac\u00ed m\u00edstnosti, ale je dopln\u011bn o mo\u017enost vid\u011bt osobu, se kterou hovo\u0159\u00edte. M\u016f\u017ee to b\u00fdt skv\u011bl\u00fd zp\u016fsob, jak <a href=\"https:\/\/strangercam.com\/cs\/coomeet\/\">Seznamte se s<\/a> nov\u00e9 lidi nebo si jen popov\u00eddat s n\u011bk\u00fdm, s k\u00fdm byste norm\u00e1ln\u011b nemluvili.<\/p>\n<h2>V\u00fdhody chatu s ruletou<\/h2>\n<p>Roulette-chat-roulette m\u00e1 mnoho v\u00fdhod. Pro za\u010d\u00e1tek je to skv\u011bl\u00fd zp\u016fsob, jak poznat nov\u00e9 lidi z cel\u00e9ho sv\u011bta. D\u00edky chatov\u00e1n\u00ed s lidmi z r\u016fzn\u00fdch zem\u00ed m\u016f\u017eete tak\u00e9 poznat r\u016fzn\u00e9 kultury a \u017eivotn\u00ed styly. Krom\u011b toho je to skv\u011bl\u00fd zp\u016fsob, jak nav\u00e1zat nov\u00e1 p\u0159\u00e1telstv\u00ed a dokonce naj\u00edt l\u00e1sku.<\/p>\n<h2>Jak naj\u00edt nejlep\u0161\u00ed ruletu chatovac\u00ed m\u00edstnost<\/h2>\n<p>Pokud chcete naj\u00edt nejlep\u0161\u00ed ruletu, m\u011bli byste m\u00edt na pam\u011bti n\u011bkolik v\u011bc\u00ed. P\u0159edev\u0161\u00edm se ujist\u011bte, \u017ee je chatovac\u00ed m\u00edstnost dob\u0159e moderovan\u00e1. T\u00edm zajist\u00edte, \u017ee konverzace budou prob\u00edhat s respektem a slu\u0161n\u011b. Za druh\u00e9, hledejte chatovac\u00ed m\u00edstnost, kter\u00e1 m\u00e1 dobrou pov\u011bst. Tu lze zjistit p\u0159e\u010dten\u00edm recenz\u00ed nebo dotazov\u00e1n\u00edm se v jin\u00fdch chatovac\u00edch m\u00edstnostech. A nakonec se ujist\u011bte, \u017ee v\u00e1mi vybran\u00e1 chatovac\u00ed m\u00edstnost m\u00e1 dobr\u00fd v\u00fdb\u011br her a funkc\u00ed. T\u00edm zajist\u00edte, \u017ee budete m\u00edt co d\u011blat a nebudete se nudit.<\/p>\n<h2>Jak co nejl\u00e9pe vyu\u017e\u00edt chatu v rulet\u011b<\/h2>\n<p>Existuje spousta zp\u016fsob\u016f, jak si u\u017e\u00edt ruletu a vyt\u011b\u017eit z n\u00ed maximum. Zde je n\u011bkolik tip\u016f:<\/p>\n<ol>\n<li style=\"font-weight: 400;\" aria-level=\"1\">Seznamte se s ostatn\u00edmi u\u017eivateli. V\u011bnujte n\u011bjak\u00fd \u010das prohl\u00ed\u017een\u00ed profil\u016f ostatn\u00edch u\u017eivatel\u016f a zjist\u011bte o nich n\u011bco bli\u017e\u0161\u00edho. To v\u00e1m usnadn\u00ed nav\u00e1z\u00e1n\u00ed konverzace.<\/li>\n<li style=\"font-weight: 400;\" aria-level=\"1\">Bu\u010fte p\u0159\u00e1tel\u0161t\u00ed a p\u0159\u00edstupn\u00ed. Nebojte se s n\u011bk\u00fdm nav\u00e1zat rozhovor. V\u0161ichni si tu cht\u011bj\u00ed pov\u00eddat a bavit se, tak bu\u010fte sami sebou!<\/li>\n<li style=\"font-weight: 400;\" aria-level=\"1\">Pou\u017e\u00edvejte funkce chatu. Roulette-chat nab\u00edz\u00ed spoustu funkc\u00ed, kter\u00e9 v\u00e1m mohou zp\u0159\u00edjemnit hran\u00ed. Vyu\u017eijte je!<\/li>\n<li style=\"font-weight: 400;\" aria-level=\"1\">Z\u016fsta\u0148te chv\u00edli pobl\u00ed\u017e a pov\u00eddejte si. \u010c\u00edm v\u00edce budete chatovat, t\u00edm v\u00edce pozn\u00e1te ostatn\u00ed u\u017eivatele a t\u00edm v\u00edce se budete bavit.<\/li>\n<li style=\"font-weight: 400;\" aria-level=\"1\">Bavte se! O to v rulet\u011b jde, tak\u017ee se uvoln\u011bte a bavte se!<\/li>\n<\/ol>\n<h2>Pro\u010d je roulette-chat tak popul\u00e1rn\u00ed n\u00e1hodn\u00e1 platforma pro videochatov\u00e1n\u00ed?<\/h2>\n<p>Existuje mnoho d\u016fvod\u016f, pro\u010d je roulette-chat tak popul\u00e1rn\u00ed jako platforma pro n\u00e1hodn\u00fd videochat. Zaprv\u00e9, jej\u00ed pou\u017e\u00edv\u00e1n\u00ed je neuv\u011b\u0159iteln\u011b snadn\u00e9. Nemus\u00edte si zakl\u00e1dat \u00fa\u010det ani stahovat \u017e\u00e1dn\u00fd software. Sta\u010d\u00ed otev\u0159\u00edt webov\u00e9 str\u00e1nky a za\u010d\u00edt chatovat.<\/p>\n<p>Za druh\u00e9, ruleta-chat je zcela zdarma. Za chat s n\u00e1hodn\u00fdmi cizinci nemus\u00edte nic platit. Neexistuj\u00ed \u017e\u00e1dn\u00e9 skryt\u00e9 poplatky ani pl\u00e1ny p\u0159edplatn\u00e9ho.<\/p>\n<p>Za t\u0159et\u00ed, <a href=\"https:\/\/strangercam.com\/cs\/chatroulette\/\">chatroulette<\/a> funkce je velmi jedine\u010dn\u00e1 a zaj\u00edmav\u00e1. Od ostatn\u00edch chatovac\u00edch platforem se li\u0161\u00ed t\u00edm, \u017ee nikdy nev\u00edte, s k\u00fdm budete mluvit p\u0159\u00ed\u0161t\u011b. Tento prvek p\u0159ekvapen\u00ed \u010din\u00ed z\u00e1\u017eitek vzru\u0161uj\u00edc\u00ed a z\u00e1bavn\u011bj\u0161\u00ed.<\/p>\n<p>Za \u010dtvrt\u00e9, ruleta-chat m\u00e1 velkou u\u017eivatelskou z\u00e1kladnu. V ka\u017ed\u00e9m okam\u017eiku jsou zde online tis\u00edce lid\u00ed, tak\u017ee si ur\u010dit\u011b najdete n\u011bkoho, s k\u00fdm si m\u016f\u017eete popov\u00eddat, a\u0165 u\u017e se p\u0159ihl\u00e1s\u00edte kdykoli.<\/p>\n<p>A kone\u010dn\u011b, ruleta-chat je k dispozici v mnoha r\u016fzn\u00fdch jazyc\u00edch. D\u00edky tomu je p\u0159\u00edstupn\u00e1 lidem z cel\u00e9ho sv\u011bta. Bez ohledu na to, jak\u00fdm jazykem mluv\u00edte, na roulette-chatu najdete n\u011bkoho, s k\u00fdm m\u016f\u017eete chatovat.<\/p>\n<h2>Je jeho pou\u017e\u00edv\u00e1n\u00ed bezpe\u010dn\u00e9?<\/h2>\n<p>Pokud v\u00e1s zaj\u00edm\u00e1, zda je bezpe\u010dn\u00e9 pou\u017e\u00edvat chat s ruletou, odpov\u011b\u010f zn\u00ed ano - pokud pou\u017e\u00edv\u00e1te renomovan\u00e9 str\u00e1nky. Nicm\u00e9n\u011b s jakoukoli online aktivitou jsou v\u017edy spojena ur\u010dit\u00e1 rizika, tak\u017ee je d\u016fle\u017eit\u00e9 si jich b\u00fdt v\u011bdom a podniknout kroky na svou ochranu. Pokud jde o chat s ruletou, hlavn\u00ed rizika se t\u00fdkaj\u00ed kr\u00e1de\u017ee identity a podvod\u016f. Ke kr\u00e1de\u017ei identity m\u016f\u017ee doj\u00edt, pokud se n\u011bkdo dostane k va\u0161im osobn\u00edm \u00fadaj\u016fm, jako je va\u0161e jm\u00e9no, adresa a datum narozen\u00ed. K podvodu m\u016f\u017ee doj\u00edt, pokud v\u00e1s n\u011bkdo podvede a donut\u00ed v\u00e1s prozradit sv\u00e9 finan\u010dn\u00ed \u00fadaje nebo poslat pen\u00edze n\u011bkomu, koho nezn\u00e1te.<\/p>\n<h2>Jak b\u00fdt v bezpe\u010d\u00ed p\u0159i pou\u017e\u00edv\u00e1n\u00ed n\u00e1hodn\u00e9 aplikace pro videochat?<\/h2>\n<p>P\u0159i pou\u017e\u00edv\u00e1n\u00ed jak\u00e9koli aplikace pro n\u00e1hodn\u00fd videochat byste m\u011bli p\u0159ijmout ur\u010dit\u00e1 bezpe\u010dnostn\u00ed opat\u0159en\u00ed, abyste se ochr\u00e1nili. Zde je n\u011bkolik tip\u016f, jak b\u00fdt p\u0159i pou\u017e\u00edv\u00e1n\u00ed roulette-chatu v bezpe\u010d\u00ed:<\/p>\n<ol>\n<li style=\"font-weight: 400;\" aria-level=\"1\">Nikdy neposkytujte osobn\u00ed \u00fadaje n\u011bkomu, koho nezn\u00e1te. Pat\u0159\u00ed sem va\u0161e cel\u00e9 jm\u00e9no, adresa, telefonn\u00ed \u010d\u00edslo, e-mailov\u00e1 adresa atd.<\/li>\n<li style=\"font-weight: 400;\" aria-level=\"1\">Pokud v\u00e1s n\u011bkdo po\u017e\u00e1d\u00e1 o pen\u00edze nebo osobn\u00ed finan\u010dn\u00ed \u00fadaje, okam\u017eit\u011b konverzaci ukon\u010dete a nahlaste ji moder\u00e1tor\u016fm aplikace.<\/li>\n<li style=\"font-weight: 400;\" aria-level=\"1\">D\u00e1vejte si pozor na podvodn\u00edky a podvodnice, kte\u0159\u00ed se sna\u017e\u00ed nal\u00e1kat lidi t\u00edm, \u017ee se vyd\u00e1vaj\u00ed za n\u011bkoho, k\u00fdm nejsou. Pokud se v\u00e1m n\u011bkdo zd\u00e1 p\u0159\u00edli\u0161 dobr\u00fd na to, aby to byla pravda, pravd\u011bpodobn\u011b to tak je.<\/li>\n<li style=\"font-weight: 400;\" aria-level=\"1\">Udr\u017eujte nastaven\u00ed ochrany osobn\u00edch \u00fadaj\u016f aktu\u00e1ln\u00ed a nastaven\u00e9 na nejvy\u0161\u0161\u00ed mo\u017enou \u00farove\u0148. T\u00edm zabr\u00e1n\u00edte ciz\u00edm osob\u00e1m v p\u0159\u00edstupu k va\u0161im osobn\u00edm \u00fadaj\u016fm.<\/li>\n<li style=\"font-weight: 400;\" aria-level=\"1\">V\u017edy pou\u017e\u00edvejte renomovanou a d\u016fv\u011bryhodnou aplikaci pro n\u00e1hodn\u00fd videochat, jako je Roulette-Chat, kter\u00e1 m\u00e1 zavedena p\u0159\u00edsn\u00e1 bezpe\u010dnostn\u00ed opat\u0159en\u00ed na ochranu sv\u00fdch u\u017eivatel\u016f.<\/li>\n<\/ol>\n<h2>Alternativy k rulet\u011b chat<\/h2>\n<p>Na internetu je k dispozici mnoho alternativ k rulet\u011b-chat. N\u011bkter\u00e9 z t\u011bchto alternativ jsou:<\/p>\n<ol>\n<li style=\"font-weight: 400;\" aria-level=\"1\"><a href=\"https:\/\/strangercam.com\/cs\/omegle\/\">Omegle<\/a>: Jedn\u00e1 se o popul\u00e1rn\u00ed chatroulette str\u00e1nky s miliony u\u017eivatel\u016f. Je zdarma a m\u016f\u017eete na n\u00ed chatovat s cizinci z cel\u00e9ho sv\u011bta.<\/li>\n<li style=\"font-weight: 400;\" aria-level=\"1\">Chatrandom: Tato str\u00e1nka je podobn\u00e1 str\u00e1nce Omegle a m\u00e1 tak\u00e9 miliony u\u017eivatel\u016f. Je tak\u00e9 zdarma a m\u016f\u017eete na n\u00ed chatovat s cizinci z cel\u00e9ho sv\u011bta.<\/li>\n<li style=\"font-weight: 400;\" aria-level=\"1\"><a href=\"https:\/\/strangercam.com\/cs\/bazookamera\/\">Bazoocam<\/a>: Jedn\u00e1 se o francouzsk\u00e9 chatroulette str\u00e1nky s tis\u00edci u\u017eivatel\u016f. Je zdarma a m\u016f\u017eete chatovat s cizinci z Francie a dal\u0161\u00edch francouzsky mluv\u00edc\u00edch zem\u00ed.<\/li>\n<li style=\"font-weight: 400;\" aria-level=\"1\">Camsurf: Jedn\u00e1 se o popul\u00e1rn\u00ed chatroulette str\u00e1nky s miliony u\u017eivatel\u016f z cel\u00e9ho sv\u011bta. Jej\u00ed pou\u017e\u00edv\u00e1n\u00ed je zdarma a m\u016f\u017eete na n\u00ed chatovat s ciz\u00edmi lidmi z cel\u00e9ho sv\u011bta.<\/li>\n<li style=\"font-weight: 400;\" aria-level=\"1\">Tinychat: Tato str\u00e1nka je podobn\u00e1 chatroulette a m\u00e1 tis\u00edce u\u017eivatel\u016f z cel\u00e9ho sv\u011bta. Jej\u00ed pou\u017e\u00edv\u00e1n\u00ed je zdarma a m\u016f\u017eete na n\u00ed chatovat s ciz\u00edmi lidmi z cel\u00e9ho sv\u011bta.<\/li>\n<\/ol>\n<h2>Z\u00e1v\u011br<\/h2>\n<p>Roulette chat je skv\u011bl\u00fd zp\u016fsob, jak poznat nov\u00e9 lidi a pobavit se. Je snadn\u00e9 za\u010d\u00edt a je tu spousta lid\u00ed, se kter\u00fdmi m\u016f\u017eete chatovat. A\u0165 u\u017e hled\u00e1te v\u00e1\u017en\u00fd vztah, nebo jen nez\u00e1vaznou z\u00e1bavu, ruleta chat je skv\u011bl\u00e1 volba.<\/p>","protected":false},"excerpt":{"rendered":"<p>Chat roulette is a unique chat service that allows you to connect with people from all over the world. The service is completely free, and there are no hidden fees or charges. You can use the service to chat with strangers, make new friends, or even find a date! What is roulette chat? Roulette-chat is [&hellip;]<\/p>\n","protected":false},"author":6,"featured_media":559,"parent":0,"menu_order":0,"comment_status":"closed","ping_status":"closed","template":"","meta":{"footnotes":""},"class_list":["post-11129","page","type-page","status-publish","has-post-thumbnail","hentry"],"yoast_head":"<!-- This site is optimized with the Yoast SEO plugin v26.9 - https:\/\/yoast.com\/product\/yoast-seo-wordpress\/ -->\n<title>Roulette Chat - Chat with strangers on StrangerCam.com<\/title>\n<meta name=\"description\" content=\"Like Roulette Chat? Come chat with more than 5.000.000 strangers on Stranger Cam for Free! Turn on your cam and find new friends &amp; maby a match!\" \/>\n<meta name=\"robots\" content=\"index, follow, max-snippet:-1, max-image-preview:large, max-video-preview:-1\" \/>\n<link rel=\"canonical\" href=\"https:\/\/strangercam.com\/cs\/roulette-chat\/\" \/>\n<meta property=\"og:locale\" content=\"cs_CZ\" \/>\n<meta property=\"og:type\" content=\"article\" \/>\n<meta property=\"og:title\" content=\"Roulette Chat - Chat with strangers on StrangerCam.com\" \/>\n<meta property=\"og:description\" content=\"Like Roulette Chat? Come chat with more than 5.000.000 strangers on Stranger Cam for Free! Turn on your cam and find new friends &amp; maby a match!\" \/>\n<meta property=\"og:url\" content=\"https:\/\/strangercam.com\/cs\/roulette-chat\/\" \/>\n<meta property=\"og:site_name\" content=\"Strangercam\" \/>\n<meta property=\"article:publisher\" content=\"https:\/\/www.facebook.com\/strangercam\" \/>\n<meta property=\"article:modified_time\" content=\"2023-08-21T10:38:21+00:00\" \/>\n<meta property=\"og:image\" content=\"https:\/\/strangercam.com\/wp-content\/uploads\/2020\/11\/stranger-cam-1.png\" \/>\n\t<meta property=\"og:image:width\" content=\"800\" \/>\n\t<meta property=\"og:image:height\" content=\"800\" \/>\n\t<meta property=\"og:image:type\" content=\"image\/png\" \/>\n<meta name=\"twitter:card\" content=\"summary_large_image\" \/>\n<meta name=\"twitter:site\" content=\"@strangercamapp\" \/>\n<meta name=\"twitter:label1\" content=\"Odhadovan\u00e1 doba \u010dten\u00ed\" \/>\n\t<meta name=\"twitter:data1\" content=\"5 minut\" \/>\n<script type=\"application\/ld+json\" class=\"yoast-schema-graph\">{\"@context\":\"https:\/\/schema.org\",\"@graph\":[{\"@type\":\"WebPage\",\"@id\":\"https:\/\/strangercam.com\/roulette-chat\/\",\"url\":\"https:\/\/strangercam.com\/roulette-chat\/\",\"name\":\"Roulette Chat - Chat with strangers on StrangerCam.com\",\"isPartOf\":{\"@id\":\"https:\/\/strangercam.com\/#website\"},\"primaryImageOfPage\":{\"@id\":\"https:\/\/strangercam.com\/roulette-chat\/#primaryimage\"},\"image\":{\"@id\":\"https:\/\/strangercam.com\/roulette-chat\/#primaryimage\"},\"thumbnailUrl\":\"https:\/\/strangercam.com\/wp-content\/uploads\/2020\/11\/stranger-cam-1.png\",\"datePublished\":\"2022-08-11T12:56:49+00:00\",\"dateModified\":\"2023-08-21T10:38:21+00:00\",\"description\":\"Like Roulette Chat? Come chat with more than 5.000.000 strangers on Stranger Cam for Free! Turn on your cam and find new friends & maby a match!\",\"breadcrumb\":{\"@id\":\"https:\/\/strangercam.com\/roulette-chat\/#breadcrumb\"},\"inLanguage\":\"cs\",\"potentialAction\":[{\"@type\":\"ReadAction\",\"target\":[\"https:\/\/strangercam.com\/roulette-chat\/\"]}]},{\"@type\":\"ImageObject\",\"inLanguage\":\"cs\",\"@id\":\"https:\/\/strangercam.com\/roulette-chat\/#primaryimage\",\"url\":\"https:\/\/strangercam.com\/wp-content\/uploads\/2020\/11\/stranger-cam-1.png\",\"contentUrl\":\"https:\/\/strangercam.com\/wp-content\/uploads\/2020\/11\/stranger-cam-1.png\",\"width\":800,\"height\":800,\"caption\":\"stranger cam random video chat\"},{\"@type\":\"BreadcrumbList\",\"@id\":\"https:\/\/strangercam.com\/roulette-chat\/#breadcrumb\",\"itemListElement\":[{\"@type\":\"ListItem\",\"position\":1,\"name\":\"Home\",\"item\":\"https:\/\/strangercam.com\/\"},{\"@type\":\"ListItem\",\"position\":2,\"name\":\"Roulette Chat\"}]},{\"@type\":\"WebSite\",\"@id\":\"https:\/\/strangercam.com\/#website\",\"url\":\"https:\/\/strangercam.com\/\",\"name\":\"Strangercam\",\"description\":\"Random Video Chat with Strangers\",\"publisher\":{\"@id\":\"https:\/\/strangercam.com\/#organization\"},\"alternateName\":\"Strangercam.com\",\"potentialAction\":[{\"@type\":\"SearchAction\",\"target\":{\"@type\":\"EntryPoint\",\"urlTemplate\":\"https:\/\/strangercam.com\/?s={search_term_string}\"},\"query-input\":{\"@type\":\"PropertyValueSpecification\",\"valueRequired\":true,\"valueName\":\"search_term_string\"}}],\"inLanguage\":\"cs\"},{\"@type\":\"Organization\",\"@id\":\"https:\/\/strangercam.com\/#organization\",\"name\":\"Strangercam\",\"alternateName\":\"Strangercam.com\",\"url\":\"https:\/\/strangercam.com\/\",\"logo\":{\"@type\":\"ImageObject\",\"inLanguage\":\"cs\",\"@id\":\"https:\/\/strangercam.com\/#\/schema\/logo\/image\/\",\"url\":\"https:\/\/strangercam.com\/wp-content\/uploads\/2020\/11\/cropped-new-favicon-black.png\",\"contentUrl\":\"https:\/\/strangercam.com\/wp-content\/uploads\/2020\/11\/cropped-new-favicon-black.png\",\"width\":512,\"height\":512,\"caption\":\"Strangercam\"},\"image\":{\"@id\":\"https:\/\/strangercam.com\/#\/schema\/logo\/image\/\"},\"sameAs\":[\"https:\/\/www.facebook.com\/strangercam\",\"https:\/\/x.com\/strangercamapp\"]}]}<\/script>\n<!-- \/ Yoast SEO plugin. -->","yoast_head_json":{"title":"Roulette Chat - Chat s cizinci na StrangerCam.com","description":"Jako Roulette Chat? Poj\u010fte si zdarma popov\u00eddat s v\u00edce ne\u017e 5 000 000 cizinci na Stranger Cam! Zapn\u011bte si kameru a najd\u011bte nov\u00e9 p\u0159\u00e1tele &amp; maby z\u00e1pas!","robots":{"index":"index","follow":"follow","max-snippet":"max-snippet:-1","max-image-preview":"max-image-preview:large","max-video-preview":"max-video-preview:-1"},"canonical":"https:\/\/strangercam.com\/cs\/roulette-chat\/","og_locale":"cs_CZ","og_type":"article","og_title":"Roulette Chat - Chat with strangers on StrangerCam.com","og_description":"Like Roulette Chat? Come chat with more than 5.000.000 strangers on Stranger Cam for Free! Turn on your cam and find new friends & maby a match!","og_url":"https:\/\/strangercam.com\/cs\/roulette-chat\/","og_site_name":"Strangercam","article_publisher":"https:\/\/www.facebook.com\/strangercam","article_modified_time":"2023-08-21T10:38:21+00:00","og_image":[{"width":800,"height":800,"url":"https:\/\/strangercam.com\/wp-content\/uploads\/2020\/11\/stranger-cam-1.png","type":"image\/png"}],"twitter_card":"summary_large_image","twitter_site":"@strangercamapp","twitter_misc":{"Odhadovan\u00e1 doba \u010dten\u00ed":"5 minut"},"schema":{"@context":"https:\/\/schema.org","@graph":[{"@type":"WebPage","@id":"https:\/\/strangercam.com\/roulette-chat\/","url":"https:\/\/strangercam.com\/roulette-chat\/","name":"Roulette Chat - Chat s cizinci na StrangerCam.com","isPartOf":{"@id":"https:\/\/strangercam.com\/#website"},"primaryImageOfPage":{"@id":"https:\/\/strangercam.com\/roulette-chat\/#primaryimage"},"image":{"@id":"https:\/\/strangercam.com\/roulette-chat\/#primaryimage"},"thumbnailUrl":"https:\/\/strangercam.com\/wp-content\/uploads\/2020\/11\/stranger-cam-1.png","datePublished":"2022-08-11T12:56:49+00:00","dateModified":"2023-08-21T10:38:21+00:00","description":"Jako Roulette Chat? Poj\u010fte si zdarma popov\u00eddat s v\u00edce ne\u017e 5 000 000 cizinci na Stranger Cam! Zapn\u011bte si kameru a najd\u011bte nov\u00e9 p\u0159\u00e1tele &amp; maby z\u00e1pas!","breadcrumb":{"@id":"https:\/\/strangercam.com\/roulette-chat\/#breadcrumb"},"inLanguage":"cs","potentialAction":[{"@type":"ReadAction","target":["https:\/\/strangercam.com\/roulette-chat\/"]}]},{"@type":"ImageObject","inLanguage":"cs","@id":"https:\/\/strangercam.com\/roulette-chat\/#primaryimage","url":"https:\/\/strangercam.com\/wp-content\/uploads\/2020\/11\/stranger-cam-1.png","contentUrl":"https:\/\/strangercam.com\/wp-content\/uploads\/2020\/11\/stranger-cam-1.png","width":800,"height":800,"caption":"stranger cam random video chat"},{"@type":"BreadcrumbList","@id":"https:\/\/strangercam.com\/roulette-chat\/#breadcrumb","itemListElement":[{"@type":"ListItem","position":1,"name":"Home","item":"https:\/\/strangercam.com\/"},{"@type":"ListItem","position":2,"name":"Roulette Chat"}]},{"@type":"WebSite","@id":"https:\/\/strangercam.com\/#website","url":"https:\/\/strangercam.com\/","name":"Strangercam","description":"N\u00e1hodn\u00fd videochat s ciz\u00edmi lidmi","publisher":{"@id":"https:\/\/strangercam.com\/#organization"},"alternateName":"Strangercam.com","potentialAction":[{"@type":"SearchAction","target":{"@type":"EntryPoint","urlTemplate":"https:\/\/strangercam.com\/?s={search_term_string}"},"query-input":{"@type":"PropertyValueSpecification","valueRequired":true,"valueName":"search_term_string"}}],"inLanguage":"cs"},{"@type":"Organization","@id":"https:\/\/strangercam.com\/#organization","name":"Strangercam","alternateName":"Strangercam.com","url":"https:\/\/strangercam.com\/","logo":{"@type":"ImageObject","inLanguage":"cs","@id":"https:\/\/strangercam.com\/#\/schema\/logo\/image\/","url":"https:\/\/strangercam.com\/wp-content\/uploads\/2020\/11\/cropped-new-favicon-black.png","contentUrl":"https:\/\/strangercam.com\/wp-content\/uploads\/2020\/11\/cropped-new-favicon-black.png","width":512,"height":512,"caption":"Strangercam"},"image":{"@id":"https:\/\/strangercam.com\/#\/schema\/logo\/image\/"},"sameAs":["https:\/\/www.facebook.com\/strangercam","https:\/\/x.com\/strangercamapp"]}]}},"_links":{"self":[{"href":"https:\/\/strangercam.com\/cs\/wp-json\/wp\/v2\/pages\/11129","targetHints":{"allow":["GET"]}}],"collection":[{"href":"https:\/\/strangercam.com\/cs\/wp-json\/wp\/v2\/pages"}],"about":[{"href":"https:\/\/strangercam.com\/cs\/wp-json\/wp\/v2\/types\/page"}],"author":[{"embeddable":true,"href":"https:\/\/strangercam.com\/cs\/wp-json\/wp\/v2\/users\/6"}],"replies":[{"embeddable":true,"href":"https:\/\/strangercam.com\/cs\/wp-json\/wp\/v2\/comments?post=11129"}],"version-history":[{"count":0,"href":"https:\/\/strangercam.com\/cs\/wp-json\/wp\/v2\/pages\/11129\/revisions"}],"wp:featuredmedia":[{"embeddable":true,"href":"https:\/\/strangercam.com\/cs\/wp-json\/wp\/v2\/media\/559"}],"wp:attachment":[{"href":"https:\/\/strangercam.com\/cs\/wp-json\/wp\/v2\/media?parent=11129"}],"curies":[{"name":"wp","href":"https:\/\/api.w.org\/{rel}","templated":true}]}}