{"id":11108,"date":"2022-08-11T14:46:42","date_gmt":"2022-08-11T12:46:42","guid":{"rendered":"https:\/\/strangercam.com\/?page_id=11108"},"modified":"2023-08-21T11:40:39","modified_gmt":"2023-08-21T09:40:39","slug":"camround","status":"publish","type":"page","link":"https:\/\/strangercam.com\/cs\/camround\/","title":{"rendered":"Camround"},"content":{"rendered":"<p>V dne\u0161n\u00edm sv\u011bt\u011b je snadn\u00e9 c\u00edtit se osam\u011ble a m\u00edt pocit, \u017ee si nem\u00e1te s k\u00fdm promluvit. Pokud hled\u00e1te zp\u016fsob, jak <a href=\"https:\/\/strangercam.com\/cs\/coomeet\/\">Seznamte se s<\/a> nov\u00e9 lidi a navazovat p\u0159\u00e1telstv\u00ed, Camround je pro v\u00e1s ide\u00e1ln\u00ed aplikac\u00ed! Camround je aplikace pro soci\u00e1ln\u00ed s\u00edt\u011b, kter\u00e1 v\u00e1s spoj\u00ed s n\u00e1hodn\u00fdmi lidmi z cel\u00e9ho sv\u011bta.<\/p>\n<h2>Co je Camround?<\/h2>\n<p>Camround je nov\u00e1 soci\u00e1ln\u00ed s\u00ed\u0165, kter\u00e1 v\u00e1m pom\u016f\u017ee poznat n\u00e1hodn\u00e9 lidi a naj\u00edt si nov\u00e9 p\u0159\u00e1tele. Jej\u00ed pou\u017e\u00edv\u00e1n\u00ed je jednoduch\u00e9; sta\u010d\u00ed se zaregistrovat a za\u010d\u00edt chatovat s lidmi z cel\u00e9ho sv\u011bta. Camround je skv\u011bl\u00fd zp\u016fsob, jak se sezn\u00e1mit s nov\u00fdmi lidmi, poznat r\u016fzn\u00e9 kultury a z\u00edskat nov\u00e9 p\u0159\u00e1tele.<\/p>\n<h2>Jak Camround funguje?<\/h2>\n<p>Camround je soci\u00e1ln\u00ed s\u00ed\u0165, kter\u00e1 spojuje lidi z cel\u00e9ho sv\u011bta. Jej\u00ed pou\u017e\u00edv\u00e1n\u00ed je jednoduch\u00e9 - sta\u010d\u00ed se zaregistrovat a za\u010d\u00edt chatovat! M\u016f\u017eete se sezn\u00e1mit s nov\u00fdmi p\u0159\u00e1teli, poznat nov\u00e9 kultury a mo\u017en\u00e1 dokonce naj\u00edt l\u00e1sku!<\/p>\n<h2>V\u00fdhody a nev\u00fdhody Camround<\/h2>\n<p>Pokud hled\u00e1te nov\u00fd zp\u016fsob, jak se sezn\u00e1mit s lidmi a nav\u00e1zat p\u0159\u00e1telstv\u00ed, mo\u017en\u00e1 p\u0159em\u00fd\u0161l\u00edte, zda je pro v\u00e1s Camround tou spr\u00e1vnou volbou. V tomto p\u0159\u00edsp\u011bvku na blogu probereme n\u011bkter\u00e9 v\u00fdhody a nev\u00fdhody pou\u017e\u00edv\u00e1n\u00ed slu\u017eby Camround, abyste se mohli sami rozhodnout, zda je pro v\u00e1s vhodn\u00e1.<\/p>\n<h4>Klady:<\/h4>\n<ul>\n<li style=\"font-weight: 400;\" aria-level=\"1\">Camround je skv\u011bl\u00fd zp\u016fsob, jak poznat nov\u00e9 lidi z cel\u00e9ho sv\u011bta. M\u016f\u017eete se spojit s lidmi, kte\u0159\u00ed maj\u00ed stejn\u00e9 z\u00e1jmy, a nikdy nev\u00edte, koho potk\u00e1te!<\/li>\n<li style=\"font-weight: 400;\" aria-level=\"1\">Je to z\u00e1bavn\u00fd a snadn\u00fd zp\u016fsob, jak se socializovat online. M\u016f\u017eete snadno nav\u00e1zat konverzaci s lidmi a nen\u00ed zde \u017e\u00e1dn\u00fd tlak na osobn\u00ed setk\u00e1n\u00ed, pokud je\u0161t\u011b nejste p\u0159ipraveni.<\/li>\n<li style=\"font-weight: 400;\" aria-level=\"1\">Camround je zdarma, tak\u017ee si jej m\u016f\u017eete nez\u00e1vazn\u011b vyzkou\u0161et.<\/li>\n<\/ul>\n<h4>Nev\u00fdhody:<\/h4>\n<ul>\n<li style=\"font-weight: 400;\" aria-level=\"1\">Proto\u017ee Camround je n\u00e1hodn\u00fd <a href=\"https:\/\/strangercam.com\/cs\/chatroulette\/\">chat<\/a> v\u017edy existuje mo\u017enost, \u017ee naraz\u00edte na nevhodn\u00e9 chov\u00e1n\u00ed nebo pred\u00e1tory. Pokud si ned\u00e1te pozor, m\u016f\u017eete se dostat do nebezpe\u010dn\u00e9 situace.<\/li>\n<li style=\"font-weight: 400;\" aria-level=\"1\">Pokud si ned\u00e1te pozor, m\u016f\u017eete na Camround ztratit spoustu \u010dasu. Je snadn\u00e9 nechat se vt\u00e1hnout do n\u011bkolikahodinov\u00e9ho chatov\u00e1n\u00ed, ani\u017e byste n\u011b\u010deho dos\u00e1hli.<\/li>\n<\/ul>\n<h2>V\u00fdznamn\u00e9 vlastnosti Camround<\/h2>\n<p>Jednou z v\u00fdznamn\u00fdch funkc\u00ed slu\u017eby Camround je, \u017ee v\u00e1m pom\u016f\u017ee sezn\u00e1mit se s n\u00e1hodn\u00fdmi lidmi a nav\u00e1zat nov\u00e1 p\u0159\u00e1telstv\u00ed. Jedn\u00e1 se o soci\u00e1ln\u00ed s\u00ed\u0165, kter\u00e1 v\u00e1m umo\u017en\u00ed spojit se s lidmi z cel\u00e9ho sv\u011bta. Nejlep\u0161\u00ed na Camround je, \u017ee je zcela zdarma!<\/p>\n<p>Dal\u0161\u00ed skv\u011blou vlastnost\u00ed programu Camround je, \u017ee v\u00e1m poskytne p\u0159\u00edle\u017eitost poznat r\u016fzn\u00e9 kultury. M\u016f\u017eete komunikovat s lidmi z r\u016fzn\u00fdch \u010d\u00e1st\u00ed sv\u011bta a pozn\u00e1vat jejich zvyky a tradice. Je to skv\u011bl\u00fd zp\u016fsob, jak si roz\u0161\u00ed\u0159it obzory a l\u00e9pe porozum\u011bt sv\u011btu kolem sebe.<\/p>\n<p>Camround je tak\u00e9 skv\u011bl\u00fd zp\u016fsob, jak udr\u017eovat kontakt se star\u00fdmi p\u0159\u00e1teli. M\u016f\u017eete se znovu spojit se star\u00fdmi spolu\u017e\u00e1ky, nebo dokonce naj\u00edt nov\u00e9 p\u0159\u00e1tele, kte\u0159\u00ed maj\u00ed stejn\u00e9 z\u00e1jmy jako vy. D\u00edky slu\u017eb\u011b Camround m\u016f\u017eete snadno z\u016fstat ve spojen\u00ed s lidmi, na kter\u00fdch v\u00e1m nejv\u00edce z\u00e1le\u017e\u00ed.<\/p>\n<p>Tak na co \u010dek\u00e1te? Zaregistrujte se na Camround je\u0161t\u011b dnes a za\u010dn\u011bte pozn\u00e1vat nov\u00e9 lidi z cel\u00e9ho sv\u011bta!<\/p>\n<h2>Jak co nejl\u00e9pe vyu\u017e\u00edt Camround?<\/h2>\n<p>Pokud se chcete sezn\u00e1mit s nov\u00fdmi p\u0159\u00e1teli a n\u00e1hodn\u00fdmi lidmi, Camround je pro v\u00e1s ide\u00e1ln\u00edm m\u00edstem! Zde je n\u011bkolik tip\u016f, jak ze sv\u00e9 zku\u0161enosti vyt\u011b\u017eit co nejv\u00edce:<\/p>\n<ul>\n<li style=\"font-weight: 400;\" aria-level=\"1\">Bu\u010fte sami sebou! Nejlep\u0161\u00edm zp\u016fsobem, jak si naj\u00edt p\u0159\u00e1tele, je b\u00fdt s\u00e1m sebou a umo\u017enit ostatn\u00edm, aby poznali va\u0161e skute\u010dn\u00e9 j\u00e1.<\/li>\n<li style=\"font-weight: 400;\" aria-level=\"1\">Bu\u010fte otev\u0159eni setk\u00e1v\u00e1n\u00ed s nov\u00fdmi lidmi. Nebojte se nav\u00e1zat rozhovor s n\u011bk\u00fdm, koho nezn\u00e1te.<\/li>\n<li style=\"font-weight: 400;\" aria-level=\"1\">Zapojte se do d\u011bn\u00ed v komunit\u011b. V komunit\u011b Camround se v\u017edy d\u011bj\u00ed z\u00e1bavn\u00e9 v\u011bci, tak se zapojte a p\u0159idejte se k z\u00e1bav\u011b!<\/li>\n<li style=\"font-weight: 400;\" aria-level=\"1\">Bu\u010fte uctiv\u00ed. Nezapome\u0148te respektovat ostatn\u00ed a jejich n\u00e1zory, i kdy\u017e s nimi nesouhlas\u00edte.<\/li>\n<li style=\"font-weight: 400;\" aria-level=\"1\">Bavte se! Seznamov\u00e1n\u00ed s nov\u00fdmi p\u0159\u00e1teli by m\u011blo b\u00fdt p\u0159\u00edjemn\u00e9, tak\u017ee se nezapome\u0148te uvolnit a bavit!<\/li>\n<\/ul>\n<h2>Pro\u010d Camround je tak popul\u00e1rn\u00ed n\u00e1hodn\u00fd videochatovac\u00ed platforma?<\/h2>\n<p><a href=\"https:\/\/strangercam.com\/cs\/chathub\/\">N\u00e1hodn\u00fd videochat<\/a> platformy jako Camround jsou st\u00e1le popul\u00e1rn\u011bj\u0161\u00ed, proto\u017ee lid\u00e9 hledaj\u00ed nov\u00e9 zp\u016fsoby, jak se spojit s ostatn\u00edmi online. Existuje \u0159ada d\u016fvod\u016f, pro\u010d je Camround tak popul\u00e1rn\u00ed, v\u010detn\u011b mo\u017enosti pozn\u00e1vat nov\u00e9 lidi z cel\u00e9ho sv\u011bta a skute\u010dnosti, \u017ee je zdarma.<\/p>\n<p>Jednou z nejlep\u0161\u00edch v\u011bc\u00ed na Camround je to, \u017ee u\u017eivatel\u016fm d\u00e1v\u00e1 p\u0159\u00edle\u017eitost poznat nov\u00e9 lidi z cel\u00e9ho sv\u011bta. Bez ohledu na to, kde se nach\u00e1z\u00edte, se m\u016f\u017eete p\u0159ihl\u00e1sit a za\u010d\u00edt chatovat s n\u011bk\u00fdm nov\u00fdm. Je to skv\u011bl\u00fd zp\u016fsob, jak si naj\u00edt nov\u00e9 p\u0159\u00e1tele a roz\u0161\u00ed\u0159it sv\u016fj spole\u010densk\u00fd okruh.<\/p>\n<p>Dal\u0161\u00edm d\u016fvodem, pro\u010d je Camround tak obl\u00edben\u00fd, je to, \u017ee je zdarma. Za registraci nebo chat nemus\u00edte nic platit, co\u017e ji \u010din\u00ed p\u0159\u00edstupnou pro ka\u017ed\u00e9ho. To tak\u00e9 znamen\u00e1, \u017ee zde nejsou \u017e\u00e1dn\u00e9 reklamy, tak\u017ee si konverzace m\u016f\u017eete u\u017e\u00edvat bez jak\u00e9hokoli p\u0159eru\u0161ov\u00e1n\u00ed.<\/p>\n<p>Pokud hled\u00e1te z\u00e1bavn\u00fd a snadn\u00fd zp\u016fsob, jak se sezn\u00e1mit s nov\u00fdmi lidmi, pak Camround rozhodn\u011b stoj\u00ed za vyzkou\u0161en\u00ed.<\/p>\n<h2>Co o\u010dek\u00e1vat p\u0159i pou\u017e\u00edv\u00e1n\u00ed n\u00e1hodn\u00e9 platformy pro videochat?<\/h2>\n<p>N\u00e1hodn\u00fd v\u00fdb\u011br <a href=\"https:\/\/strangercam.com\/cs\/rabbit-video-chat\/\">videochat<\/a> platforma m\u016f\u017ee b\u00fdt skv\u011bl\u00fdm zp\u016fsobem, jak poznat nov\u00e9 lidi a nav\u00e1zat nov\u00e1 p\u0159\u00e1telstv\u00ed. P\u0159i pou\u017e\u00edv\u00e1n\u00ed takov\u00e9 platformy byste v\u0161ak m\u011bli m\u00edt na pam\u011bti n\u011bkter\u00e9 v\u011bci.<\/p>\n<p>Zaprv\u00e9, nezapome\u0148te, \u017ee ne ka\u017ed\u00fd, koho potk\u00e1te na n\u00e1hodn\u00e9 platform\u011b videochatu, je t\u00edm, za koho se vyd\u00e1v\u00e1. Existuj\u00ed podvodn\u00edci a pred\u00e1to\u0159i, kte\u0159\u00ed tyto platformy vyu\u017e\u00edvaj\u00ed k lovu nic netu\u0161\u00edc\u00edch u\u017eivatel\u016f. P\u0159i komunikaci s k\u00fdmkoli, koho potk\u00e1te na n\u00e1hodn\u00e9 platform\u011b pro videochat, nezapome\u0148te pou\u017e\u00edvat zdrav\u00fd rozum a bu\u010fte obez\u0159etn\u00ed.<\/p>\n<p>Zadruh\u00e9 si uv\u011bdomte, \u017ee n\u011bkte\u0159\u00ed lid\u00e9, kter\u00e9 potk\u00e1te na n\u00e1hodn\u00e9 platform\u011b videochatu, nemus\u00ed m\u00edt z\u00e1jem s v\u00e1mi mluvit. Pokud se v\u00e1m n\u011bkdo zd\u00e1 nezaj\u00edmav\u00fd nebo nereaguje, neberte si to osobn\u011b; prost\u011b p\u0159ejd\u011bte k n\u011bkomu jin\u00e9mu.<\/p>\n<p>A kone\u010dn\u011b, nikomu, s k\u00fdm se sezn\u00e1m\u00edte na n\u00e1hodn\u00e9 platform\u011b videochatu, nepos\u00edlejte osobn\u00ed \u00fadaje ani pen\u00edze.<\/p>\n<h2>Je jeho pou\u017e\u00edv\u00e1n\u00ed bezpe\u010dn\u00e9?<\/h2>\n<p>Pokud jde o bezpe\u010dnost online, spole\u010dnost Camround p\u0159ij\u00edm\u00e1 opat\u0159en\u00ed, aby zajistila ochranu sv\u00fdch u\u017eivatel\u016f p\u0159ed podvodn\u00edky a podvodn\u00edky. Str\u00e1nka pou\u017e\u00edv\u00e1 ov\u011b\u0159ovac\u00ed syst\u00e9my k potvrzen\u00ed toto\u017enosti sv\u00fdch \u010dlen\u016f a m\u00e1 tak\u00e9 p\u0159\u00edsnou antispamovou politiku. Krom\u011b toho Camround nab\u00edz\u00ed bezpe\u010dn\u00fd re\u017eim pro u\u017eivatele, kte\u0159\u00ed cht\u011bj\u00ed omezit sv\u00e9 interakce pouze na ty, kte\u0159\u00ed byli na webu ov\u011b\u0159eni.<\/p>\n<h2>Alternativy k Camround<\/h2>\n<p>Hled\u00e1te n\u011bjak\u00e9 alternativy k Camround? Zde je n\u011bkolik dal\u0161\u00edch zp\u016fsob\u016f, jak se sezn\u00e1mit s n\u00e1hodn\u00fdmi lidmi a naj\u00edt si nov\u00e9 p\u0159\u00e1tele:<\/p>\n<ul>\n<li style=\"font-weight: 400;\" aria-level=\"1\">Cam4 - Cam4 je web, kter\u00fd v\u00e1m umo\u017e\u0148uje videochatovat s n\u00e1hodn\u00fdmi lidmi. Je velmi podobn\u00e1 slu\u017eb\u011b Camround, jen nem\u00e1 stejn\u00e9 funkce.<\/li>\n<li style=\"font-weight: 400;\" aria-level=\"1\"><a href=\"https:\/\/strangercam.com\/cs\/omegle\/\">Omegle<\/a> je dal\u0161\u00ed web, kter\u00fd umo\u017e\u0148uje videochat s n\u00e1hodn\u00fdmi lidmi. Nem\u00e1 tolik funkc\u00ed jako Camround, ale st\u00e1le je to skv\u011bl\u00e1 mo\u017enost.<\/li>\n<li style=\"font-weight: 400;\" aria-level=\"1\">Chaturbate: Chaturbate je platforma pro \u017eiv\u00e9 webov\u00e9 kamery s miliony u\u017eivatel\u016f.<\/li>\n<\/ul>\n<h2>Z\u00e1v\u011br<\/h2>\n<p>Camround je skv\u011bl\u00e1 aplikace pro navazov\u00e1n\u00ed nov\u00fdch p\u0159\u00e1telstv\u00ed a setk\u00e1v\u00e1n\u00ed s n\u00e1hodn\u00fdmi lidmi. Snadno se pou\u017e\u00edv\u00e1 a je zdarma, tak\u017ee v\u00e1m nic nebr\u00e1n\u00ed ji vyzkou\u0161et. A\u0165 u\u017e hled\u00e1te n\u011bkoho na chat, nebo se chcete s n\u011bk\u00fdm setkat osobn\u011b, Camround rozhodn\u011b stoj\u00ed za vyzkou\u0161en\u00ed.<\/p>","protected":false},"excerpt":{"rendered":"<p>In today&#8217;s world, it&#8217;s easy to feel alone and like you don&#8217;t have anyone to talk to. If you&#8217;re looking for a way to meet new people and make friends, Camround is the perfect app for you! Camround is a social networking app that connects you with random people from all over the world. What [&hellip;]<\/p>\n","protected":false},"author":6,"featured_media":559,"parent":0,"menu_order":0,"comment_status":"closed","ping_status":"closed","template":"","meta":{"footnotes":""},"class_list":["post-11108","page","type-page","status-publish","has-post-thumbnail","hentry"],"yoast_head":"<!-- This site is optimized with the Yoast SEO plugin v27.4 - https:\/\/yoast.com\/product\/yoast-seo-wordpress\/ -->\n<title>Camround - Chat with strangers on StrangerCam.com<\/title>\n<meta name=\"description\" content=\"Like Camround? Come chat with more than 5.000.000 strangers on Stranger Cam for Free! Turn on your cam and find new friends &amp; maby a match!\" \/>\n<meta name=\"robots\" content=\"index, follow, max-snippet:-1, max-image-preview:large, max-video-preview:-1\" \/>\n<link rel=\"canonical\" href=\"https:\/\/strangercam.com\/cs\/camround\/\" \/>\n<meta property=\"og:locale\" content=\"cs_CZ\" \/>\n<meta property=\"og:type\" content=\"article\" \/>\n<meta property=\"og:title\" content=\"Camround - Chat with strangers on StrangerCam.com\" \/>\n<meta property=\"og:description\" content=\"Like Camround? Come chat with more than 5.000.000 strangers on Stranger Cam for Free! Turn on your cam and find new friends &amp; maby a match!\" \/>\n<meta property=\"og:url\" content=\"https:\/\/strangercam.com\/cs\/camround\/\" \/>\n<meta property=\"og:site_name\" content=\"Strangercam\" \/>\n<meta property=\"article:publisher\" content=\"https:\/\/www.facebook.com\/strangercam\" \/>\n<meta property=\"article:modified_time\" content=\"2023-08-21T09:40:39+00:00\" \/>\n<meta property=\"og:image\" content=\"https:\/\/strangercam.com\/wp-content\/uploads\/2020\/11\/stranger-cam-1.png\" \/>\n\t<meta property=\"og:image:width\" content=\"800\" \/>\n\t<meta property=\"og:image:height\" content=\"800\" \/>\n\t<meta property=\"og:image:type\" content=\"image\/png\" \/>\n<meta name=\"twitter:card\" content=\"summary_large_image\" \/>\n<meta name=\"twitter:site\" content=\"@strangercamapp\" \/>\n<meta name=\"twitter:label1\" content=\"Odhadovan\u00e1 doba \u010dten\u00ed\" \/>\n\t<meta name=\"twitter:data1\" content=\"6 minut\" \/>\n<script type=\"application\/ld+json\" class=\"yoast-schema-graph\">{\"@context\":\"https:\\\/\\\/schema.org\",\"@graph\":[{\"@type\":\"WebPage\",\"@id\":\"https:\\\/\\\/strangercam.com\\\/camround\\\/\",\"url\":\"https:\\\/\\\/strangercam.com\\\/camround\\\/\",\"name\":\"Camround - Chat with strangers on StrangerCam.com\",\"isPartOf\":{\"@id\":\"https:\\\/\\\/strangercam.com\\\/#website\"},\"primaryImageOfPage\":{\"@id\":\"https:\\\/\\\/strangercam.com\\\/camround\\\/#primaryimage\"},\"image\":{\"@id\":\"https:\\\/\\\/strangercam.com\\\/camround\\\/#primaryimage\"},\"thumbnailUrl\":\"https:\\\/\\\/strangercam.com\\\/wp-content\\\/uploads\\\/2020\\\/11\\\/stranger-cam-1.png\",\"datePublished\":\"2022-08-11T12:46:42+00:00\",\"dateModified\":\"2023-08-21T09:40:39+00:00\",\"description\":\"Like Camround? Come chat with more than 5.000.000 strangers on Stranger Cam for Free! Turn on your cam and find new friends & maby a match!\",\"breadcrumb\":{\"@id\":\"https:\\\/\\\/strangercam.com\\\/camround\\\/#breadcrumb\"},\"inLanguage\":\"cs\",\"potentialAction\":[{\"@type\":\"ReadAction\",\"target\":[\"https:\\\/\\\/strangercam.com\\\/camround\\\/\"]}]},{\"@type\":\"ImageObject\",\"inLanguage\":\"cs\",\"@id\":\"https:\\\/\\\/strangercam.com\\\/camround\\\/#primaryimage\",\"url\":\"https:\\\/\\\/strangercam.com\\\/wp-content\\\/uploads\\\/2020\\\/11\\\/stranger-cam-1.png\",\"contentUrl\":\"https:\\\/\\\/strangercam.com\\\/wp-content\\\/uploads\\\/2020\\\/11\\\/stranger-cam-1.png\",\"width\":800,\"height\":800,\"caption\":\"stranger cam random video chat\"},{\"@type\":\"BreadcrumbList\",\"@id\":\"https:\\\/\\\/strangercam.com\\\/camround\\\/#breadcrumb\",\"itemListElement\":[{\"@type\":\"ListItem\",\"position\":1,\"name\":\"Home\",\"item\":\"https:\\\/\\\/strangercam.com\\\/\"},{\"@type\":\"ListItem\",\"position\":2,\"name\":\"Camround\"}]},{\"@type\":\"WebSite\",\"@id\":\"https:\\\/\\\/strangercam.com\\\/#website\",\"url\":\"https:\\\/\\\/strangercam.com\\\/\",\"name\":\"Strangercam\",\"description\":\"Random Video Chat with Strangers\",\"publisher\":{\"@id\":\"https:\\\/\\\/strangercam.com\\\/#organization\"},\"alternateName\":\"Strangercam.com\",\"potentialAction\":[{\"@type\":\"SearchAction\",\"target\":{\"@type\":\"EntryPoint\",\"urlTemplate\":\"https:\\\/\\\/strangercam.com\\\/?s={search_term_string}\"},\"query-input\":{\"@type\":\"PropertyValueSpecification\",\"valueRequired\":true,\"valueName\":\"search_term_string\"}}],\"inLanguage\":\"cs\"},{\"@type\":\"Organization\",\"@id\":\"https:\\\/\\\/strangercam.com\\\/#organization\",\"name\":\"Strangercam\",\"alternateName\":\"Strangercam.com\",\"url\":\"https:\\\/\\\/strangercam.com\\\/\",\"logo\":{\"@type\":\"ImageObject\",\"inLanguage\":\"cs\",\"@id\":\"https:\\\/\\\/strangercam.com\\\/#\\\/schema\\\/logo\\\/image\\\/\",\"url\":\"https:\\\/\\\/strangercam.com\\\/wp-content\\\/uploads\\\/2020\\\/11\\\/cropped-new-favicon-black.png\",\"contentUrl\":\"https:\\\/\\\/strangercam.com\\\/wp-content\\\/uploads\\\/2020\\\/11\\\/cropped-new-favicon-black.png\",\"width\":512,\"height\":512,\"caption\":\"Strangercam\"},\"image\":{\"@id\":\"https:\\\/\\\/strangercam.com\\\/#\\\/schema\\\/logo\\\/image\\\/\"},\"sameAs\":[\"https:\\\/\\\/www.facebook.com\\\/strangercam\",\"https:\\\/\\\/x.com\\\/strangercamapp\"]}]}<\/script>\n<!-- \/ Yoast SEO plugin. -->","yoast_head_json":{"title":"Camround - Chat s cizinci na StrangerCam.com","description":"Jako Camround? Poj\u010fte si zdarma popov\u00eddat s v\u00edce ne\u017e 5 000 000 cizinci na Stranger Cam! Zapn\u011bte si kameru a najd\u011bte nov\u00e9 p\u0159\u00e1tele &amp; maby z\u00e1pas!","robots":{"index":"index","follow":"follow","max-snippet":"max-snippet:-1","max-image-preview":"max-image-preview:large","max-video-preview":"max-video-preview:-1"},"canonical":"https:\/\/strangercam.com\/cs\/camround\/","og_locale":"cs_CZ","og_type":"article","og_title":"Camround - Chat with strangers on StrangerCam.com","og_description":"Like Camround? Come chat with more than 5.000.000 strangers on Stranger Cam for Free! Turn on your cam and find new friends & maby a match!","og_url":"https:\/\/strangercam.com\/cs\/camround\/","og_site_name":"Strangercam","article_publisher":"https:\/\/www.facebook.com\/strangercam","article_modified_time":"2023-08-21T09:40:39+00:00","og_image":[{"width":800,"height":800,"url":"https:\/\/strangercam.com\/wp-content\/uploads\/2020\/11\/stranger-cam-1.png","type":"image\/png"}],"twitter_card":"summary_large_image","twitter_site":"@strangercamapp","twitter_misc":{"Odhadovan\u00e1 doba \u010dten\u00ed":"6 minut"},"schema":{"@context":"https:\/\/schema.org","@graph":[{"@type":"WebPage","@id":"https:\/\/strangercam.com\/camround\/","url":"https:\/\/strangercam.com\/camround\/","name":"Camround - Chat s cizinci na StrangerCam.com","isPartOf":{"@id":"https:\/\/strangercam.com\/#website"},"primaryImageOfPage":{"@id":"https:\/\/strangercam.com\/camround\/#primaryimage"},"image":{"@id":"https:\/\/strangercam.com\/camround\/#primaryimage"},"thumbnailUrl":"https:\/\/strangercam.com\/wp-content\/uploads\/2020\/11\/stranger-cam-1.png","datePublished":"2022-08-11T12:46:42+00:00","dateModified":"2023-08-21T09:40:39+00:00","description":"Jako Camround? Poj\u010fte si zdarma popov\u00eddat s v\u00edce ne\u017e 5 000 000 cizinci na Stranger Cam! Zapn\u011bte si kameru a najd\u011bte nov\u00e9 p\u0159\u00e1tele &amp; maby z\u00e1pas!","breadcrumb":{"@id":"https:\/\/strangercam.com\/camround\/#breadcrumb"},"inLanguage":"cs","potentialAction":[{"@type":"ReadAction","target":["https:\/\/strangercam.com\/camround\/"]}]},{"@type":"ImageObject","inLanguage":"cs","@id":"https:\/\/strangercam.com\/camround\/#primaryimage","url":"https:\/\/strangercam.com\/wp-content\/uploads\/2020\/11\/stranger-cam-1.png","contentUrl":"https:\/\/strangercam.com\/wp-content\/uploads\/2020\/11\/stranger-cam-1.png","width":800,"height":800,"caption":"stranger cam random video chat"},{"@type":"BreadcrumbList","@id":"https:\/\/strangercam.com\/camround\/#breadcrumb","itemListElement":[{"@type":"ListItem","position":1,"name":"Home","item":"https:\/\/strangercam.com\/"},{"@type":"ListItem","position":2,"name":"Camround"}]},{"@type":"WebSite","@id":"https:\/\/strangercam.com\/#website","url":"https:\/\/strangercam.com\/","name":"Strangercam","description":"N\u00e1hodn\u00fd videochat s ciz\u00edmi lidmi","publisher":{"@id":"https:\/\/strangercam.com\/#organization"},"alternateName":"Strangercam.com","potentialAction":[{"@type":"SearchAction","target":{"@type":"EntryPoint","urlTemplate":"https:\/\/strangercam.com\/?s={search_term_string}"},"query-input":{"@type":"PropertyValueSpecification","valueRequired":true,"valueName":"search_term_string"}}],"inLanguage":"cs"},{"@type":"Organization","@id":"https:\/\/strangercam.com\/#organization","name":"Strangercam","alternateName":"Strangercam.com","url":"https:\/\/strangercam.com\/","logo":{"@type":"ImageObject","inLanguage":"cs","@id":"https:\/\/strangercam.com\/#\/schema\/logo\/image\/","url":"https:\/\/strangercam.com\/wp-content\/uploads\/2020\/11\/cropped-new-favicon-black.png","contentUrl":"https:\/\/strangercam.com\/wp-content\/uploads\/2020\/11\/cropped-new-favicon-black.png","width":512,"height":512,"caption":"Strangercam"},"image":{"@id":"https:\/\/strangercam.com\/#\/schema\/logo\/image\/"},"sameAs":["https:\/\/www.facebook.com\/strangercam","https:\/\/x.com\/strangercamapp"]}]}},"_links":{"self":[{"href":"https:\/\/strangercam.com\/cs\/wp-json\/wp\/v2\/pages\/11108","targetHints":{"allow":["GET"]}}],"collection":[{"href":"https:\/\/strangercam.com\/cs\/wp-json\/wp\/v2\/pages"}],"about":[{"href":"https:\/\/strangercam.com\/cs\/wp-json\/wp\/v2\/types\/page"}],"author":[{"embeddable":true,"href":"https:\/\/strangercam.com\/cs\/wp-json\/wp\/v2\/users\/6"}],"replies":[{"embeddable":true,"href":"https:\/\/strangercam.com\/cs\/wp-json\/wp\/v2\/comments?post=11108"}],"version-history":[{"count":0,"href":"https:\/\/strangercam.com\/cs\/wp-json\/wp\/v2\/pages\/11108\/revisions"}],"wp:featuredmedia":[{"embeddable":true,"href":"https:\/\/strangercam.com\/cs\/wp-json\/wp\/v2\/media\/559"}],"wp:attachment":[{"href":"https:\/\/strangercam.com\/cs\/wp-json\/wp\/v2\/media?parent=11108"}],"curies":[{"name":"wp","href":"https:\/\/api.w.org\/{rel}","templated":true}]}}