{"id":11074,"date":"2022-07-25T15:08:03","date_gmt":"2022-07-25T13:08:03","guid":{"rendered":"https:\/\/strangercam.com\/?page_id=11074"},"modified":"2023-08-21T12:24:41","modified_gmt":"2023-08-21T10:24:41","slug":"chatliv","status":"publish","type":"page","link":"https:\/\/strangercam.com\/cs\/chatliv\/","title":{"rendered":"Chatliv"},"content":{"rendered":"<p>V dne\u0161n\u00ed dob\u011b je snadn\u011bj\u0161\u00ed ne\u017e kdy jindy nav\u00e1zat kontakt s lidmi z cel\u00e9ho sv\u011bta. Sta\u010d\u00ed p\u00e1r kliknut\u00ed a m\u016f\u017eete si do seznamu p\u0159\u00e1tel p\u0159idat n\u011bkoho nov\u00e9ho - bez ohledu na to, kde \u017eije. Chatliv je n\u00e1hodn\u00e9 video <a href=\"https:\/\/strangercam.com\/cs\/chathub\/\">chat<\/a> platformu, kter\u00e1 usnad\u0148uje <a href=\"https:\/\/strangercam.com\/cs\/coomeet\/\">Seznamte se s<\/a> nov\u00e9 lidi a p\u0159\u00e1tele z cel\u00e9ho sv\u011bta.<\/p>\n<h2>Co je Chatliv?<\/h2>\n<p>Chatliv je nov\u00e1 platforma pro videochat, kter\u00e1 je ide\u00e1ln\u00ed pro navazov\u00e1n\u00ed nov\u00fdch p\u0159\u00e1telstv\u00ed. Nejlep\u0161\u00ed na Chatliv je, \u017ee je zcela n\u00e1hodn\u00e1, tak\u017ee nikdy nev\u00edte, koho potk\u00e1te. A\u0165 u\u017e hled\u00e1te nov\u00e9ho nejlep\u0161\u00edho p\u0159\u00edtele nebo jen n\u011bkoho, s k\u00fdm byste si mohli popov\u00eddat, Chatliv je pro v\u00e1s ide\u00e1ln\u00edm m\u00edstem.<\/p>\n<h2>Jak pou\u017e\u00edvat Chatliv<\/h2>\n<p>Pokud hled\u00e1te nov\u00fd zp\u016fsob, jak si naj\u00edt p\u0159\u00e1tele, je Chatliv skv\u011blou volbou. Tato platforma pro n\u00e1hodn\u00fd videochat v\u00e1m umo\u017en\u00ed spojit se s lidmi z cel\u00e9ho sv\u011bta. Zde je n\u00e1vod, jak ji pou\u017e\u00edvat:<\/p>\n<ol>\n<li style=\"font-weight: 400;\" aria-level=\"1\">P\u0159ejd\u011bte na webov\u00e9 str\u00e1nky Chatliv a vytvo\u0159te si \u00fa\u010det. Budete muset zadat sv\u00e9 jm\u00e9no, e-mailovou adresu a heslo.<\/li>\n<li style=\"font-weight: 400;\" aria-level=\"1\">Po p\u0159ihl\u00e1\u0161en\u00ed se zobraz\u00ed seznam online u\u017eivatel\u016f. Kliknut\u00edm na jm\u00e9no u\u017eivatele si vyberte n\u011bkoho, s k\u00fdm chcete chatovat.<\/li>\n<li style=\"font-weight: 400;\" aria-level=\"1\">Pot\u00e9 budete p\u0159esm\u011brov\u00e1ni do soukrom\u00e9 chatovac\u00ed m\u00edstnosti, kde se m\u016f\u017eete vz\u00e1jemn\u011b sezn\u00e1mit. A\u017e budete p\u0159ipraveni, kliknut\u00edm na tla\u010d\u00edtko \u201cVideohovor\u201d zah\u00e1j\u00edte videochat.<\/li>\n<li style=\"font-weight: 400;\" aria-level=\"1\">A je to! M\u016f\u017eete pokra\u010dovat v chatu, jak dlouho chcete, nebo kdykoli p\u0159ej\u00edt k jin\u00e9mu u\u017eivateli.<\/li>\n<\/ol>\n<p>Chatliv je skv\u011bl\u00fd zp\u016fsob, jak se sezn\u00e1mit s nov\u00fdmi lidmi a naj\u00edt si p\u0159\u00e1tele z cel\u00e9ho sv\u011bta. Tak to zkuste je\u0161t\u011b dnes!<\/p>\n<h2>Pro\u010d Chatliv je tak popul\u00e1rn\u00ed n\u00e1hodn\u00fd videochatovac\u00ed platforma?<\/h2>\n<p>Existuje mnoho d\u016fvod\u016f, pro\u010d je Chatliv tak obl\u00edbenou platformou pro n\u00e1hodn\u00fd videochat. Za prv\u00e9 je to skv\u011bl\u00fd zp\u016fsob, jak poznat nov\u00e9 lidi z cel\u00e9ho sv\u011bta. M\u016f\u017eete chatovat s lidmi z r\u016fzn\u00fdch zem\u00ed a pozn\u00e1vat jejich kulturu. Krom\u011b toho Chatliv poskytuje snadn\u00fd a pohodln\u00fd zp\u016fsob, jak z\u016fstat v kontaktu s p\u0159\u00e1teli a \u010dleny rodiny, kte\u0159\u00ed \u017eij\u00ed daleko. Platforma nav\u00edc nab\u00edz\u00ed bezpe\u010dn\u00e9 prost\u0159ed\u00ed pro vz\u00e1jemnou komunikaci u\u017eivatel\u016f. A kone\u010dn\u011b, Chatliv je bezplatn\u00e1 slu\u017eba, kter\u00e1 nevy\u017eaduje \u017e\u00e1dnou registraci ani poplatky.<\/p>\n<h2>V\u00fdhody Chatliv<\/h2>\n<p>Pokud hled\u00e1te z\u00e1bavn\u00fd a snadn\u00fd zp\u016fsob, jak naj\u00edt nov\u00e9 p\u0159\u00e1tele, Chatliv je pro v\u00e1s ide\u00e1ln\u00ed platformou. D\u00edky funkci n\u00e1hodn\u00e9ho videochatu se m\u016f\u017eete spojit s lidmi z cel\u00e9ho sv\u011bta a chatovat s nimi v re\u00e1ln\u00e9m \u010dase. Je to nejen skv\u011bl\u00fd zp\u016fsob, jak se sezn\u00e1mit s nov\u00fdmi lidmi, ale m\u016f\u017eete se tak\u00e9 dozv\u011bd\u011bt n\u011bco o r\u016fzn\u00fdch kultur\u00e1ch a \u017eivotn\u00edch stylech. Tak na co je\u0161t\u011b \u010dek\u00e1te? Vyzkou\u0161ejte Chatliv je\u0161t\u011b dnes!<\/p>\n<h2>Nev\u00fdhody Chatliv<\/h2>\n<p>Platforma Chatliv m\u00e1 \u0159adu nev\u00fdhod, kter\u00e9 je t\u0159eba p\u0159ed jej\u00edm pou\u017eit\u00edm zv\u00e1\u017eit. Zaprv\u00e9, str\u00e1nka je k dispozici pouze v angli\u010dtin\u011b, co\u017e m\u016f\u017ee omezit jej\u00ed p\u0159ita\u017elivost pro u\u017eivatele v jin\u00fdch zem\u00edch. Za druh\u00e9, str\u00e1nka vy\u017eaduje webovou kameru a mikrofon, k nim\u017e nebudou m\u00edt p\u0159\u00edstup v\u0161ichni u\u017eivatel\u00e9. A kone\u010dn\u011b, str\u00e1nka m\u00e1 \u0159adu funkc\u00ed, kter\u00e9 k p\u0159\u00edstupu vy\u017eaduj\u00ed pr\u00e9miov\u00e9 \u010dlenstv\u00ed, co\u017e by ji mohlo u\u010dinit m\u00e9n\u011b atraktivn\u00ed pro u\u017eivatele, kte\u0159\u00ed hledaj\u00ed pouze bezplatnou platformu pro videochat.<\/p>\n<h2>Jak co nejl\u00e9pe vyu\u017e\u00edt Chatliv?<\/h2>\n<p>Pokud hled\u00e1te z\u00e1bavn\u00fd a snadn\u00fd zp\u016fsob, jak se sezn\u00e1mit s nov\u00fdmi lidmi, ur\u010dit\u011b byste m\u011bli vyzkou\u0161et Chatliv. Zde je n\u011bkolik tip\u016f, jak tuto platformu pro n\u00e1hodn\u00fd videochat co nejl\u00e9pe vyu\u017e\u00edt:<\/p>\n<ol>\n<li style=\"font-weight: 400;\" aria-level=\"1\">Bu\u010fte sami sebou - To je pravd\u011bpodobn\u011b nejd\u016fle\u017eit\u011bj\u0161\u00ed rada. Bu\u010fte sami sebou, uvoln\u011bte se a ostatn\u00ed p\u0159ijde samo.<\/li>\n<li style=\"font-weight: 400;\" aria-level=\"1\">Nebojte se nav\u00e1zat konverzaci - nav\u00e1zat konverzaci s n\u011bk\u00fdm, koho nezn\u00e1te, m\u016f\u017ee b\u00fdt skli\u010duj\u00edc\u00ed, ale jd\u011bte do toho! Je pravd\u011bpodobn\u00e9, \u017ee je stejn\u011b nerv\u00f3zn\u00ed jako vy.<\/li>\n<li style=\"font-weight: 400;\" aria-level=\"1\">Kladen\u00ed ot\u00e1zek - Poznejte osobu, se kterou mluv\u00edte, t\u00edm, \u017ee se j\u00ed budete pt\u00e1t na jej\u00ed osobu.<\/li>\n<li style=\"font-weight: 400;\" aria-level=\"1\">Bavte se! - Nakonec je Chatliv p\u0159edev\u0161\u00edm o z\u00e1bav\u011b a pozn\u00e1v\u00e1n\u00ed nov\u00fdch lid\u00ed. Tak\u017ee se uvoln\u011bte a u\u017e\u00edvejte si!<\/li>\n<\/ol>\n<h2>Je pou\u017eit\u00ed Chatliv bezpe\u010dn\u00e9?<\/h2>\n<p>Chatliv je bezpe\u010dn\u00e1 platforma pro navazov\u00e1n\u00ed nov\u00fdch kontakt\u016f a p\u0159\u00e1telstv\u00ed. Str\u00e1nky maj\u00ed p\u0159\u00edsn\u00e9 z\u00e1sady na ochranu soukrom\u00ed a bezpe\u010dnosti u\u017eivatel\u016f a p\u0159ij\u00edmaj\u00ed opat\u0159en\u00ed, kter\u00e1 zaji\u0161\u0165uj\u00ed, aby v\u0161echny interakce mezi u\u017eivateli byly uctiv\u00e9 a pozitivn\u00ed. U\u017eivatel\u00e9 mohou nahl\u00e1sit jak\u00e9koli ur\u00e1\u017eliv\u00e9 nebo nevhodn\u00e9 chov\u00e1n\u00ed a Chatliv podnikne kroky k pro\u0161et\u0159en\u00ed a \u0159e\u0161en\u00ed jak\u00fdchkoli probl\u00e9m\u016f.<\/p>\n<h2>Alternativy k Chatliv<\/h2>\n<p>Existuje mnoho alternativ k Chatliv. Pokud hled\u00e1te n\u00e1hodnou platformu pro videochat a chcete si naj\u00edt nov\u00e9 p\u0159\u00e1tele, zde jsou n\u011bkter\u00e9 z na\u0161ich nejlep\u0161\u00edch tip\u016f:<\/p>\n<ol>\n<li style=\"font-weight: 400;\" aria-level=\"1\"><a href=\"https:\/\/strangercam.com\/cs\/omegle\/\">Omegle<\/a>: Tato platforma existuje ji\u017e \u0159adu let a je jednou z nejobl\u00edben\u011bj\u0161\u00edch platforem pro n\u00e1hodn\u00fd chat. Jej\u00ed pou\u017e\u00edv\u00e1n\u00ed je jednoduch\u00e9 a m\u016f\u017eete se na n\u00ed spojit s lidmi z cel\u00e9ho sv\u011bta.<\/li>\n<li style=\"font-weight: 400;\" aria-level=\"1\"><a href=\"https:\/\/strangercam.com\/cs\/chatroulette\/\">Chatroulette<\/a>: Dal\u0161\u00ed zn\u00e1m\u00e1 mo\u017enost, Chatroulette, je podobn\u00e1 Omegle, proto\u017ee se jedn\u00e1 o n\u00e1hodnou chatovac\u00ed platformu, kde se m\u016f\u017eete spojit s lidmi z cel\u00e9ho sv\u011bta.<\/li>\n<li style=\"font-weight: 400;\" aria-level=\"1\">Tinychat: Tinychat se trochu li\u0161\u00ed od ostatn\u00edch dvou mo\u017enost\u00ed, proto\u017ee se v\u00edce zam\u011b\u0159uje na skupinov\u00fd chat. M\u016f\u017eete vytv\u00e1\u0159et ve\u0159ejn\u00e9 m\u00edstnosti nebo se k nim p\u0159ipojit, p\u0159\u00edpadn\u011b zah\u00e1jit soukromou konverzaci s p\u0159\u00e1teli.<\/li>\n<li style=\"font-weight: 400;\" aria-level=\"1\">Fruzo: Fruzo je dal\u0161\u00ed mo\u017enost\u00ed, kter\u00e1 se zam\u011b\u0159uje na propojen\u00ed lid\u00ed prost\u0159ednictv\u00edm videochatu. Odli\u0161uje se v\u0161ak t\u00edm, \u017ee se m\u016f\u017eete spojit i s lidmi na z\u00e1klad\u011b z\u00e1jm\u016f, tak\u017ee je snaz\u0161\u00ed naj\u00edt n\u011bkoho, s k\u00fdm m\u016f\u017eete chatovat a kdo sd\u00edl\u00ed va\u0161e kon\u00ed\u010dky nebo v\u00e1\u0161n\u011b.<\/li>\n<li style=\"font-weight: 400;\" aria-level=\"1\">Chatible: Chatible je nov\u011bj\u0161\u00ed mo\u017enost, kter\u00e1 je st\u00e1le obl\u00edben\u011bj\u0161\u00ed. Je podobn\u00e1 ostatn\u00edm platform\u00e1m v<\/li>\n<\/ol>\n<h2>Z\u00e1v\u011br<\/h2>\n<p>Pokud hled\u00e1te nov\u00fd zp\u016fsob, jak si naj\u00edt p\u0159\u00e1tele, Chatliv m\u016f\u017ee b\u00fdt skv\u011blou volbou. Jedn\u00e1 se o platformu pro n\u00e1hodn\u00fd videochat, kter\u00e1 v\u00e1m umo\u017en\u00ed spojit se s lidmi z cel\u00e9ho sv\u011bta. M\u016f\u017eete s nimi chatovat o \u010demkoli a nikdy nev\u00edte, koho potk\u00e1te a jak\u00e9 zaj\u00edmav\u00e9 rozhovory spolu povedete. Pokud se tedy c\u00edt\u00edte osam\u011bl\u00ed nebo se jen chcete sezn\u00e1mit s nov\u00fdmi lidmi, vyzkou\u0161ejte Chatliv.<\/p>","protected":false},"excerpt":{"rendered":"<p>In this day and age, it&#8217;s easier than ever to connect with people from all over the world. With just a few clicks, you can add someone new to your list of friends &#8211; no matter where they live. Chatliv is a random video chat platform that makes it easy to meet new people and [&hellip;]<\/p>\n","protected":false},"author":6,"featured_media":559,"parent":0,"menu_order":0,"comment_status":"closed","ping_status":"closed","template":"","meta":{"footnotes":""},"class_list":["post-11074","page","type-page","status-publish","has-post-thumbnail","hentry"],"yoast_head":"<!-- This site is optimized with the Yoast SEO plugin v27.4 - https:\/\/yoast.com\/product\/yoast-seo-wordpress\/ -->\n<title>Chatliv - Video Chat for Free on StrangerCam.com<\/title>\n<meta name=\"description\" content=\"Chat with random strangers like Chatliv! Come chat with more than 5.000.000 strangers on Strangercam.com for Free!\" \/>\n<meta name=\"robots\" content=\"index, follow, max-snippet:-1, max-image-preview:large, max-video-preview:-1\" \/>\n<link rel=\"canonical\" href=\"https:\/\/strangercam.com\/cs\/chatliv\/\" \/>\n<meta property=\"og:locale\" content=\"cs_CZ\" \/>\n<meta property=\"og:type\" content=\"article\" \/>\n<meta property=\"og:title\" content=\"Chatliv - Video Chat for Free on StrangerCam.com\" \/>\n<meta property=\"og:description\" content=\"Chat with random strangers like Chatliv! Come chat with more than 5.000.000 strangers on Strangercam.com for Free!\" \/>\n<meta property=\"og:url\" content=\"https:\/\/strangercam.com\/cs\/chatliv\/\" \/>\n<meta property=\"og:site_name\" content=\"Strangercam\" \/>\n<meta property=\"article:publisher\" content=\"https:\/\/www.facebook.com\/strangercam\" \/>\n<meta property=\"article:modified_time\" content=\"2023-08-21T10:24:41+00:00\" \/>\n<meta property=\"og:image\" content=\"https:\/\/strangercam.com\/wp-content\/uploads\/2020\/11\/stranger-cam-1.png\" \/>\n\t<meta property=\"og:image:width\" content=\"800\" \/>\n\t<meta property=\"og:image:height\" content=\"800\" \/>\n\t<meta property=\"og:image:type\" content=\"image\/png\" \/>\n<meta name=\"twitter:card\" content=\"summary_large_image\" \/>\n<meta name=\"twitter:site\" content=\"@strangercamapp\" \/>\n<meta name=\"twitter:label1\" content=\"Odhadovan\u00e1 doba \u010dten\u00ed\" \/>\n\t<meta name=\"twitter:data1\" content=\"5 minut\" \/>\n<script type=\"application\/ld+json\" class=\"yoast-schema-graph\">{\"@context\":\"https:\\\/\\\/schema.org\",\"@graph\":[{\"@type\":\"WebPage\",\"@id\":\"https:\\\/\\\/strangercam.com\\\/chatliv\\\/\",\"url\":\"https:\\\/\\\/strangercam.com\\\/chatliv\\\/\",\"name\":\"Chatliv - Video Chat for Free on StrangerCam.com\",\"isPartOf\":{\"@id\":\"https:\\\/\\\/strangercam.com\\\/#website\"},\"primaryImageOfPage\":{\"@id\":\"https:\\\/\\\/strangercam.com\\\/chatliv\\\/#primaryimage\"},\"image\":{\"@id\":\"https:\\\/\\\/strangercam.com\\\/chatliv\\\/#primaryimage\"},\"thumbnailUrl\":\"https:\\\/\\\/strangercam.com\\\/wp-content\\\/uploads\\\/2020\\\/11\\\/stranger-cam-1.png\",\"datePublished\":\"2022-07-25T13:08:03+00:00\",\"dateModified\":\"2023-08-21T10:24:41+00:00\",\"description\":\"Chat with random strangers like Chatliv! Come chat with more than 5.000.000 strangers on Strangercam.com for Free!\",\"breadcrumb\":{\"@id\":\"https:\\\/\\\/strangercam.com\\\/chatliv\\\/#breadcrumb\"},\"inLanguage\":\"cs\",\"potentialAction\":[{\"@type\":\"ReadAction\",\"target\":[\"https:\\\/\\\/strangercam.com\\\/chatliv\\\/\"]}]},{\"@type\":\"ImageObject\",\"inLanguage\":\"cs\",\"@id\":\"https:\\\/\\\/strangercam.com\\\/chatliv\\\/#primaryimage\",\"url\":\"https:\\\/\\\/strangercam.com\\\/wp-content\\\/uploads\\\/2020\\\/11\\\/stranger-cam-1.png\",\"contentUrl\":\"https:\\\/\\\/strangercam.com\\\/wp-content\\\/uploads\\\/2020\\\/11\\\/stranger-cam-1.png\",\"width\":800,\"height\":800,\"caption\":\"stranger cam random video chat\"},{\"@type\":\"BreadcrumbList\",\"@id\":\"https:\\\/\\\/strangercam.com\\\/chatliv\\\/#breadcrumb\",\"itemListElement\":[{\"@type\":\"ListItem\",\"position\":1,\"name\":\"Home\",\"item\":\"https:\\\/\\\/strangercam.com\\\/\"},{\"@type\":\"ListItem\",\"position\":2,\"name\":\"Chatliv\"}]},{\"@type\":\"WebSite\",\"@id\":\"https:\\\/\\\/strangercam.com\\\/#website\",\"url\":\"https:\\\/\\\/strangercam.com\\\/\",\"name\":\"Strangercam\",\"description\":\"Random Video Chat with Strangers\",\"publisher\":{\"@id\":\"https:\\\/\\\/strangercam.com\\\/#organization\"},\"alternateName\":\"Strangercam.com\",\"potentialAction\":[{\"@type\":\"SearchAction\",\"target\":{\"@type\":\"EntryPoint\",\"urlTemplate\":\"https:\\\/\\\/strangercam.com\\\/?s={search_term_string}\"},\"query-input\":{\"@type\":\"PropertyValueSpecification\",\"valueRequired\":true,\"valueName\":\"search_term_string\"}}],\"inLanguage\":\"cs\"},{\"@type\":\"Organization\",\"@id\":\"https:\\\/\\\/strangercam.com\\\/#organization\",\"name\":\"Strangercam\",\"alternateName\":\"Strangercam.com\",\"url\":\"https:\\\/\\\/strangercam.com\\\/\",\"logo\":{\"@type\":\"ImageObject\",\"inLanguage\":\"cs\",\"@id\":\"https:\\\/\\\/strangercam.com\\\/#\\\/schema\\\/logo\\\/image\\\/\",\"url\":\"https:\\\/\\\/strangercam.com\\\/wp-content\\\/uploads\\\/2020\\\/11\\\/cropped-new-favicon-black.png\",\"contentUrl\":\"https:\\\/\\\/strangercam.com\\\/wp-content\\\/uploads\\\/2020\\\/11\\\/cropped-new-favicon-black.png\",\"width\":512,\"height\":512,\"caption\":\"Strangercam\"},\"image\":{\"@id\":\"https:\\\/\\\/strangercam.com\\\/#\\\/schema\\\/logo\\\/image\\\/\"},\"sameAs\":[\"https:\\\/\\\/www.facebook.com\\\/strangercam\",\"https:\\\/\\\/x.com\\\/strangercamapp\"]}]}<\/script>\n<!-- \/ Yoast SEO plugin. -->","yoast_head_json":{"title":"Chatliv - Video chat zdarma na StrangerCam.com","description":"Chatujte s n\u00e1hodn\u00fdmi cizinci jako Chatliv! Poj\u010fte chatovat s v\u00edce ne\u017e 5 000 000 cizinci na Strangercam.com zdarma!","robots":{"index":"index","follow":"follow","max-snippet":"max-snippet:-1","max-image-preview":"max-image-preview:large","max-video-preview":"max-video-preview:-1"},"canonical":"https:\/\/strangercam.com\/cs\/chatliv\/","og_locale":"cs_CZ","og_type":"article","og_title":"Chatliv - Video Chat for Free on StrangerCam.com","og_description":"Chat with random strangers like Chatliv! Come chat with more than 5.000.000 strangers on Strangercam.com for Free!","og_url":"https:\/\/strangercam.com\/cs\/chatliv\/","og_site_name":"Strangercam","article_publisher":"https:\/\/www.facebook.com\/strangercam","article_modified_time":"2023-08-21T10:24:41+00:00","og_image":[{"width":800,"height":800,"url":"https:\/\/strangercam.com\/wp-content\/uploads\/2020\/11\/stranger-cam-1.png","type":"image\/png"}],"twitter_card":"summary_large_image","twitter_site":"@strangercamapp","twitter_misc":{"Odhadovan\u00e1 doba \u010dten\u00ed":"5 minut"},"schema":{"@context":"https:\/\/schema.org","@graph":[{"@type":"WebPage","@id":"https:\/\/strangercam.com\/chatliv\/","url":"https:\/\/strangercam.com\/chatliv\/","name":"Chatliv - Video chat zdarma na StrangerCam.com","isPartOf":{"@id":"https:\/\/strangercam.com\/#website"},"primaryImageOfPage":{"@id":"https:\/\/strangercam.com\/chatliv\/#primaryimage"},"image":{"@id":"https:\/\/strangercam.com\/chatliv\/#primaryimage"},"thumbnailUrl":"https:\/\/strangercam.com\/wp-content\/uploads\/2020\/11\/stranger-cam-1.png","datePublished":"2022-07-25T13:08:03+00:00","dateModified":"2023-08-21T10:24:41+00:00","description":"Chatujte s n\u00e1hodn\u00fdmi cizinci jako Chatliv! Poj\u010fte chatovat s v\u00edce ne\u017e 5 000 000 cizinci na Strangercam.com zdarma!","breadcrumb":{"@id":"https:\/\/strangercam.com\/chatliv\/#breadcrumb"},"inLanguage":"cs","potentialAction":[{"@type":"ReadAction","target":["https:\/\/strangercam.com\/chatliv\/"]}]},{"@type":"ImageObject","inLanguage":"cs","@id":"https:\/\/strangercam.com\/chatliv\/#primaryimage","url":"https:\/\/strangercam.com\/wp-content\/uploads\/2020\/11\/stranger-cam-1.png","contentUrl":"https:\/\/strangercam.com\/wp-content\/uploads\/2020\/11\/stranger-cam-1.png","width":800,"height":800,"caption":"stranger cam random video chat"},{"@type":"BreadcrumbList","@id":"https:\/\/strangercam.com\/chatliv\/#breadcrumb","itemListElement":[{"@type":"ListItem","position":1,"name":"Home","item":"https:\/\/strangercam.com\/"},{"@type":"ListItem","position":2,"name":"Chatliv"}]},{"@type":"WebSite","@id":"https:\/\/strangercam.com\/#website","url":"https:\/\/strangercam.com\/","name":"Strangercam","description":"N\u00e1hodn\u00fd videochat s ciz\u00edmi lidmi","publisher":{"@id":"https:\/\/strangercam.com\/#organization"},"alternateName":"Strangercam.com","potentialAction":[{"@type":"SearchAction","target":{"@type":"EntryPoint","urlTemplate":"https:\/\/strangercam.com\/?s={search_term_string}"},"query-input":{"@type":"PropertyValueSpecification","valueRequired":true,"valueName":"search_term_string"}}],"inLanguage":"cs"},{"@type":"Organization","@id":"https:\/\/strangercam.com\/#organization","name":"Strangercam","alternateName":"Strangercam.com","url":"https:\/\/strangercam.com\/","logo":{"@type":"ImageObject","inLanguage":"cs","@id":"https:\/\/strangercam.com\/#\/schema\/logo\/image\/","url":"https:\/\/strangercam.com\/wp-content\/uploads\/2020\/11\/cropped-new-favicon-black.png","contentUrl":"https:\/\/strangercam.com\/wp-content\/uploads\/2020\/11\/cropped-new-favicon-black.png","width":512,"height":512,"caption":"Strangercam"},"image":{"@id":"https:\/\/strangercam.com\/#\/schema\/logo\/image\/"},"sameAs":["https:\/\/www.facebook.com\/strangercam","https:\/\/x.com\/strangercamapp"]}]}},"_links":{"self":[{"href":"https:\/\/strangercam.com\/cs\/wp-json\/wp\/v2\/pages\/11074","targetHints":{"allow":["GET"]}}],"collection":[{"href":"https:\/\/strangercam.com\/cs\/wp-json\/wp\/v2\/pages"}],"about":[{"href":"https:\/\/strangercam.com\/cs\/wp-json\/wp\/v2\/types\/page"}],"author":[{"embeddable":true,"href":"https:\/\/strangercam.com\/cs\/wp-json\/wp\/v2\/users\/6"}],"replies":[{"embeddable":true,"href":"https:\/\/strangercam.com\/cs\/wp-json\/wp\/v2\/comments?post=11074"}],"version-history":[{"count":0,"href":"https:\/\/strangercam.com\/cs\/wp-json\/wp\/v2\/pages\/11074\/revisions"}],"wp:featuredmedia":[{"embeddable":true,"href":"https:\/\/strangercam.com\/cs\/wp-json\/wp\/v2\/media\/559"}],"wp:attachment":[{"href":"https:\/\/strangercam.com\/cs\/wp-json\/wp\/v2\/media?parent=11074"}],"curies":[{"name":"wp","href":"https:\/\/api.w.org\/{rel}","templated":true}]}}