{"id":10182,"date":"2022-05-30T14:44:10","date_gmt":"2022-05-30T12:44:10","guid":{"rendered":"https:\/\/strangercam.com\/?page_id=10182"},"modified":"2023-08-21T12:24:41","modified_gmt":"2023-08-21T10:24:41","slug":"funyo","status":"publish","type":"page","link":"https:\/\/strangercam.com\/cs\/funyo\/","title":{"rendered":"Funyo"},"content":{"rendered":"<p>FunYo v\u00e1m pomoc\u00ed fotoapar\u00e1tu pom\u016f\u017ee spojit n\u00e1hodn\u00e9 lidi z cel\u00e9ho sv\u011bta. Nen\u00ed t\u0159eba se registrovat a FunYo je zcela zdarma! Slu\u017eba je jednoduch\u00e1 na pou\u017e\u00edv\u00e1n\u00ed a poskytujeme zaj\u00edmav\u00e9 funkce, jako je mo\u017enost komunikovat s jednotlivci v ur\u010den\u00fdch zem\u00edch nebo jen s jednotlivci z jin\u00fdch zem\u00ed. <a href=\"https:\/\/strangercam.com\/cs\/video-chat-s-divkami\/\">d\u00edvky<\/a>.<\/p>\n<h3>Hlavn\u00ed funkce aplikace Funyo Dating App<\/h3>\n<p>N\u00ed\u017ee jsme popsali v\u0161echny podrobnosti, kter\u00e9 byste m\u011bli v\u011bd\u011bt o Funyo chodit s n\u011bk\u00fdm aplikace:<\/p>\n<h4>Funyo je aplikace, kter\u00e1 v\u00e1m umo\u017en\u00ed chatovat s n\u00e1hodn\u00fdmi cizinci.<\/h4>\n<p>Voln\u00fd n\u00e1hodn\u00fd v\u00fdb\u011br <a href=\"https:\/\/strangercam.com\/cs\/chatroulette\/\">chat<\/a> na Funyo je ide\u00e1ln\u00edm zp\u016fsobem, jak nav\u00e1zat kontakt s nov\u00fdmi lidmi z cel\u00e9ho sv\u011bta. Vytvo\u0159ili jsme jednoduch\u00fd syst\u00e9m, kter\u00fd se soust\u0159ed\u00ed na to, aby pro v\u00e1s v\u0161echny bylo jednoduch\u00e9 propojit se s webkamerov\u00fdmi chaty, kter\u00e9 pr\u00e1v\u011b prob\u00edhaj\u00ed! N\u00e1hodn\u00fd chat, d\u00edvky z webov\u00fdch kamer a gay chat jsou t\u0159i inteligentn\u00ed zp\u016fsoby, jak <a href=\"https:\/\/strangercam.com\/cs\/bazookamera\/\">cam<\/a> mluvit s ciz\u00edmi lidmi. Ka\u017ed\u00fd <a href=\"https:\/\/strangercam.com\/cs\/chathub\/\">n\u00e1hodn\u00fd videochat<\/a> syst\u00e9m v\u00e1s propoj\u00ed se stovkami dal\u0161\u00edch lid\u00ed, kte\u0159\u00ed \u017eiv\u011b vys\u00edlaj\u00ed sv\u00e9 webov\u00e9 kamery a hledaj\u00ed <a href=\"https:\/\/strangercam.com\/cs\/coomeet\/\">Seznamte se s<\/a> nov\u00e9 lidi, jako jste vy. Za\u010dn\u011bte se st\u00fdkat je\u0161t\u011b dnes s m\u00f3dn\u00edmi a z\u00e1bavn\u00fdmi webkamerov\u00fdmi konverzacemi Funyo!<\/p>\n<h4>Chat s d\u00edvkami zdarma<\/h4>\n<p>M\u00e1te u\u017e dost toho, \u017ee mus\u00edte platit skryt\u00e9 poplatky, abyste mohli mluvit s n\u00e1dhern\u00fdmi kamerov\u00fdmi d\u00edvkami online? Funyo m\u00e1 pro v\u00e1s odpov\u011b\u010f s bezplatn\u00fdmi d\u00edv\u010d\u00edmi webkamerami pro ka\u017ed\u00e9ho! V na\u0161\u00ed sekci cam girls m\u016f\u017eete zdarma prozkoumat velk\u00fd v\u00fdb\u011br fantastick\u00fdch \u017eiv\u00fdch kamer a videohovor\u016f s d\u00edvkami na nekone\u010dn\u011b dlouhou dobu. Objevte d\u00edvky z cel\u00e9ho sv\u011bta, kter\u00e9 vys\u00edlaj\u00ed sv\u00e9 webkamery v r\u016fzn\u00fdch kategori\u00edch, a za\u010dn\u011bte s nimi chatovat zdarma pr\u00e1v\u011b te\u010f!<\/p>\n<h4>Gay chat zdarma<\/h4>\n<p>S online gay videohovory zdarma Funyo m\u016f\u017eete naj\u00edt tis\u00edce mu\u017e\u016f, kte\u0159\u00ed pr\u00e1v\u011b te\u010f ukazuj\u00ed sv\u00e9 webkamery! N\u00e1hodn\u00fd homosexu\u00e1ln\u00ed chat v\u00e1s na rozd\u00edl od b\u011b\u017en\u00e9ho chatu n\u00e1hodn\u00fdch osob spojuje pouze s mu\u017ei. Gayov\u00e9, bisexu\u00e1ln\u00ed a zv\u00eddav\u00ed mu\u017ei z cel\u00e9ho sv\u011bta jsou p\u0159ipraveni se s v\u00e1mi setkat. V\u011bt\u0161ina gay kamerov\u00fdch str\u00e1nek vy\u017eaduje pro p\u0159\u00edstup k gay kamer\u00e1m platbu, ale na Funyo v\u00e1s spoj\u00edme se skute\u010dn\u00fdmi lidmi, tak\u017ee si m\u016f\u017eete gay kameru na webkamerov\u00fd chat a m\u00edt trochu radosti.<\/p>\n<h3>Z\u00e1v\u011br<\/h3>\n<p>Chatrandom ud\u011blal oproti Funyo velk\u00fd skok v po\u010dtu u\u017eivatel\u016f, proto\u017ee na Funyo je online v\u00edce lid\u00ed. Takto to dopadlo ze stejn\u00e9ho d\u016fvodu. Ale i na Funyo je st\u00e1le dost jednotlivc\u016f, aby bylo zaj\u00edmav\u00e9 ho nav\u0161t\u011bvovat. Tak\u017ee p\u0159ejd\u011bte na www.funyo.com a za\u010dn\u011bte si u\u017e\u00edvat ka\u017ed\u00fd kousek sv\u00e9ho \u017eivota.<\/p>","protected":false},"excerpt":{"rendered":"<p>Using your camera, FunYo helps to connect random people from all over the world. There is no need to register, and FunYo is completely free to use! The service is simple to use, and we provide exciting features such as the option to interact with individuals in specified countries or just with girls. Main Features [&hellip;]<\/p>\n","protected":false},"author":6,"featured_media":559,"parent":0,"menu_order":0,"comment_status":"closed","ping_status":"closed","template":"","meta":{"footnotes":""},"class_list":["post-10182","page","type-page","status-publish","has-post-thumbnail","hentry"],"yoast_head":"<!-- This site is optimized with the Yoast SEO plugin v26.9 - https:\/\/yoast.com\/product\/yoast-seo-wordpress\/ -->\n<title>Funyo - Chat Roulette Anonymously - Cam on StrangerCam.com<\/title>\n<meta name=\"description\" content=\"Like Funyo? Come chat with more than 5.000.000 strangers on Stranger Cam for Free! Turn on your cam and find new friends &amp; maby a match!\" \/>\n<meta name=\"robots\" content=\"index, follow, max-snippet:-1, max-image-preview:large, max-video-preview:-1\" \/>\n<link rel=\"canonical\" href=\"https:\/\/strangercam.com\/cs\/funyo\/\" \/>\n<meta property=\"og:locale\" content=\"cs_CZ\" \/>\n<meta property=\"og:type\" content=\"article\" \/>\n<meta property=\"og:title\" content=\"Funyo - Chat Roulette Anonymously - Cam on StrangerCam.com\" \/>\n<meta property=\"og:description\" content=\"Like Funyo? Come chat with more than 5.000.000 strangers on Stranger Cam for Free! Turn on your cam and find new friends &amp; maby a match!\" \/>\n<meta property=\"og:url\" content=\"https:\/\/strangercam.com\/cs\/funyo\/\" \/>\n<meta property=\"og:site_name\" content=\"Strangercam\" \/>\n<meta property=\"article:publisher\" content=\"https:\/\/www.facebook.com\/strangercam\" \/>\n<meta property=\"article:modified_time\" content=\"2023-08-21T10:24:41+00:00\" \/>\n<meta property=\"og:image\" content=\"https:\/\/strangercam.com\/wp-content\/uploads\/2020\/11\/stranger-cam-1.png\" \/>\n\t<meta property=\"og:image:width\" content=\"800\" \/>\n\t<meta property=\"og:image:height\" content=\"800\" \/>\n\t<meta property=\"og:image:type\" content=\"image\/png\" \/>\n<meta name=\"twitter:card\" content=\"summary_large_image\" \/>\n<meta name=\"twitter:site\" content=\"@strangercamapp\" \/>\n<meta name=\"twitter:label1\" content=\"Odhadovan\u00e1 doba \u010dten\u00ed\" \/>\n\t<meta name=\"twitter:data1\" content=\"2 minuty\" \/>\n<script type=\"application\/ld+json\" class=\"yoast-schema-graph\">{\"@context\":\"https:\/\/schema.org\",\"@graph\":[{\"@type\":\"WebPage\",\"@id\":\"https:\/\/strangercam.com\/funyo\/\",\"url\":\"https:\/\/strangercam.com\/funyo\/\",\"name\":\"Funyo - Chat Roulette Anonymously - Cam on StrangerCam.com\",\"isPartOf\":{\"@id\":\"https:\/\/strangercam.com\/#website\"},\"primaryImageOfPage\":{\"@id\":\"https:\/\/strangercam.com\/funyo\/#primaryimage\"},\"image\":{\"@id\":\"https:\/\/strangercam.com\/funyo\/#primaryimage\"},\"thumbnailUrl\":\"https:\/\/strangercam.com\/wp-content\/uploads\/2020\/11\/stranger-cam-1.png\",\"datePublished\":\"2022-05-30T12:44:10+00:00\",\"dateModified\":\"2023-08-21T10:24:41+00:00\",\"description\":\"Like Funyo? Come chat with more than 5.000.000 strangers on Stranger Cam for Free! Turn on your cam and find new friends & maby a match!\",\"breadcrumb\":{\"@id\":\"https:\/\/strangercam.com\/funyo\/#breadcrumb\"},\"inLanguage\":\"cs\",\"potentialAction\":[{\"@type\":\"ReadAction\",\"target\":[\"https:\/\/strangercam.com\/funyo\/\"]}]},{\"@type\":\"ImageObject\",\"inLanguage\":\"cs\",\"@id\":\"https:\/\/strangercam.com\/funyo\/#primaryimage\",\"url\":\"https:\/\/strangercam.com\/wp-content\/uploads\/2020\/11\/stranger-cam-1.png\",\"contentUrl\":\"https:\/\/strangercam.com\/wp-content\/uploads\/2020\/11\/stranger-cam-1.png\",\"width\":800,\"height\":800,\"caption\":\"stranger cam random video chat\"},{\"@type\":\"BreadcrumbList\",\"@id\":\"https:\/\/strangercam.com\/funyo\/#breadcrumb\",\"itemListElement\":[{\"@type\":\"ListItem\",\"position\":1,\"name\":\"Home\",\"item\":\"https:\/\/strangercam.com\/\"},{\"@type\":\"ListItem\",\"position\":2,\"name\":\"Funyo\"}]},{\"@type\":\"WebSite\",\"@id\":\"https:\/\/strangercam.com\/#website\",\"url\":\"https:\/\/strangercam.com\/\",\"name\":\"Strangercam\",\"description\":\"Random Video Chat with Strangers\",\"publisher\":{\"@id\":\"https:\/\/strangercam.com\/#organization\"},\"alternateName\":\"Strangercam.com\",\"potentialAction\":[{\"@type\":\"SearchAction\",\"target\":{\"@type\":\"EntryPoint\",\"urlTemplate\":\"https:\/\/strangercam.com\/?s={search_term_string}\"},\"query-input\":{\"@type\":\"PropertyValueSpecification\",\"valueRequired\":true,\"valueName\":\"search_term_string\"}}],\"inLanguage\":\"cs\"},{\"@type\":\"Organization\",\"@id\":\"https:\/\/strangercam.com\/#organization\",\"name\":\"Strangercam\",\"alternateName\":\"Strangercam.com\",\"url\":\"https:\/\/strangercam.com\/\",\"logo\":{\"@type\":\"ImageObject\",\"inLanguage\":\"cs\",\"@id\":\"https:\/\/strangercam.com\/#\/schema\/logo\/image\/\",\"url\":\"https:\/\/strangercam.com\/wp-content\/uploads\/2020\/11\/cropped-new-favicon-black.png\",\"contentUrl\":\"https:\/\/strangercam.com\/wp-content\/uploads\/2020\/11\/cropped-new-favicon-black.png\",\"width\":512,\"height\":512,\"caption\":\"Strangercam\"},\"image\":{\"@id\":\"https:\/\/strangercam.com\/#\/schema\/logo\/image\/\"},\"sameAs\":[\"https:\/\/www.facebook.com\/strangercam\",\"https:\/\/x.com\/strangercamapp\"]}]}<\/script>\n<!-- \/ Yoast SEO plugin. -->","yoast_head_json":{"title":"Funyo - Anonymn\u00ed chat - Cam on StrangerCam.com","description":"Jako Funyo? Poj\u010fte si zdarma popov\u00eddat s v\u00edce ne\u017e 5 000 000 cizinci na Stranger Cam! Zapn\u011bte si kameru a najd\u011bte nov\u00e9 p\u0159\u00e1tele &amp; maby z\u00e1pas!","robots":{"index":"index","follow":"follow","max-snippet":"max-snippet:-1","max-image-preview":"max-image-preview:large","max-video-preview":"max-video-preview:-1"},"canonical":"https:\/\/strangercam.com\/cs\/funyo\/","og_locale":"cs_CZ","og_type":"article","og_title":"Funyo - Chat Roulette Anonymously - Cam on StrangerCam.com","og_description":"Like Funyo? Come chat with more than 5.000.000 strangers on Stranger Cam for Free! Turn on your cam and find new friends & maby a match!","og_url":"https:\/\/strangercam.com\/cs\/funyo\/","og_site_name":"Strangercam","article_publisher":"https:\/\/www.facebook.com\/strangercam","article_modified_time":"2023-08-21T10:24:41+00:00","og_image":[{"width":800,"height":800,"url":"https:\/\/strangercam.com\/wp-content\/uploads\/2020\/11\/stranger-cam-1.png","type":"image\/png"}],"twitter_card":"summary_large_image","twitter_site":"@strangercamapp","twitter_misc":{"Odhadovan\u00e1 doba \u010dten\u00ed":"2 minuty"},"schema":{"@context":"https:\/\/schema.org","@graph":[{"@type":"WebPage","@id":"https:\/\/strangercam.com\/funyo\/","url":"https:\/\/strangercam.com\/funyo\/","name":"Funyo - Anonymn\u00ed chat - Cam on StrangerCam.com","isPartOf":{"@id":"https:\/\/strangercam.com\/#website"},"primaryImageOfPage":{"@id":"https:\/\/strangercam.com\/funyo\/#primaryimage"},"image":{"@id":"https:\/\/strangercam.com\/funyo\/#primaryimage"},"thumbnailUrl":"https:\/\/strangercam.com\/wp-content\/uploads\/2020\/11\/stranger-cam-1.png","datePublished":"2022-05-30T12:44:10+00:00","dateModified":"2023-08-21T10:24:41+00:00","description":"Jako Funyo? Poj\u010fte si zdarma popov\u00eddat s v\u00edce ne\u017e 5 000 000 cizinci na Stranger Cam! Zapn\u011bte si kameru a najd\u011bte nov\u00e9 p\u0159\u00e1tele &amp; maby z\u00e1pas!","breadcrumb":{"@id":"https:\/\/strangercam.com\/funyo\/#breadcrumb"},"inLanguage":"cs","potentialAction":[{"@type":"ReadAction","target":["https:\/\/strangercam.com\/funyo\/"]}]},{"@type":"ImageObject","inLanguage":"cs","@id":"https:\/\/strangercam.com\/funyo\/#primaryimage","url":"https:\/\/strangercam.com\/wp-content\/uploads\/2020\/11\/stranger-cam-1.png","contentUrl":"https:\/\/strangercam.com\/wp-content\/uploads\/2020\/11\/stranger-cam-1.png","width":800,"height":800,"caption":"stranger cam random video chat"},{"@type":"BreadcrumbList","@id":"https:\/\/strangercam.com\/funyo\/#breadcrumb","itemListElement":[{"@type":"ListItem","position":1,"name":"Home","item":"https:\/\/strangercam.com\/"},{"@type":"ListItem","position":2,"name":"Funyo"}]},{"@type":"WebSite","@id":"https:\/\/strangercam.com\/#website","url":"https:\/\/strangercam.com\/","name":"Strangercam","description":"N\u00e1hodn\u00fd videochat s ciz\u00edmi lidmi","publisher":{"@id":"https:\/\/strangercam.com\/#organization"},"alternateName":"Strangercam.com","potentialAction":[{"@type":"SearchAction","target":{"@type":"EntryPoint","urlTemplate":"https:\/\/strangercam.com\/?s={search_term_string}"},"query-input":{"@type":"PropertyValueSpecification","valueRequired":true,"valueName":"search_term_string"}}],"inLanguage":"cs"},{"@type":"Organization","@id":"https:\/\/strangercam.com\/#organization","name":"Strangercam","alternateName":"Strangercam.com","url":"https:\/\/strangercam.com\/","logo":{"@type":"ImageObject","inLanguage":"cs","@id":"https:\/\/strangercam.com\/#\/schema\/logo\/image\/","url":"https:\/\/strangercam.com\/wp-content\/uploads\/2020\/11\/cropped-new-favicon-black.png","contentUrl":"https:\/\/strangercam.com\/wp-content\/uploads\/2020\/11\/cropped-new-favicon-black.png","width":512,"height":512,"caption":"Strangercam"},"image":{"@id":"https:\/\/strangercam.com\/#\/schema\/logo\/image\/"},"sameAs":["https:\/\/www.facebook.com\/strangercam","https:\/\/x.com\/strangercamapp"]}]}},"_links":{"self":[{"href":"https:\/\/strangercam.com\/cs\/wp-json\/wp\/v2\/pages\/10182","targetHints":{"allow":["GET"]}}],"collection":[{"href":"https:\/\/strangercam.com\/cs\/wp-json\/wp\/v2\/pages"}],"about":[{"href":"https:\/\/strangercam.com\/cs\/wp-json\/wp\/v2\/types\/page"}],"author":[{"embeddable":true,"href":"https:\/\/strangercam.com\/cs\/wp-json\/wp\/v2\/users\/6"}],"replies":[{"embeddable":true,"href":"https:\/\/strangercam.com\/cs\/wp-json\/wp\/v2\/comments?post=10182"}],"version-history":[{"count":0,"href":"https:\/\/strangercam.com\/cs\/wp-json\/wp\/v2\/pages\/10182\/revisions"}],"wp:featuredmedia":[{"embeddable":true,"href":"https:\/\/strangercam.com\/cs\/wp-json\/wp\/v2\/media\/559"}],"wp:attachment":[{"href":"https:\/\/strangercam.com\/cs\/wp-json\/wp\/v2\/media?parent=10182"}],"curies":[{"name":"wp","href":"https:\/\/api.w.org\/{rel}","templated":true}]}}