{"id":10160,"date":"2022-05-30T14:40:58","date_gmt":"2022-05-30T12:40:58","guid":{"rendered":"https:\/\/strangercam.com\/?page_id=10160"},"modified":"2023-08-21T11:40:39","modified_gmt":"2023-08-21T09:40:39","slug":"chateek","status":"publish","type":"page","link":"https:\/\/strangercam.com\/cs\/chateek\/","title":{"rendered":"Chateek"},"content":{"rendered":"<p>Lid\u00e9 spolu mohou zdarma hovo\u0159it p\u0159es internet, i kdy\u017e bydl\u00ed tis\u00edce kilometr\u016f od sebe. Jak se ale rozhodnout, kterou webovou str\u00e1nku nav\u0161t\u00edvit? Jak\u00e9 n\u00e1stroje v\u00e1m pomohou sezn\u00e1mit se s d\u00edvkami, kluky, a dokonce i s milostn\u00fdmi vztahy na d\u00e1lku, krom\u011b toho, \u017ee se stanete b\u00e1je\u010dn\u00fdmi p\u0159\u00e1teli?<\/p>\n<p>Seznamov\u00e1n\u00ed p\u0159es internet je z\u00e1bavn\u00fd zp\u016fsob, jak se sezn\u00e1mit s nov\u00fdmi lidmi a za\u010d\u00edt ihned komunikovat. Chateek dot come p\u0159i\u0161el s nejlep\u0161\u00edm seznamem bezpe\u010dn\u00fdch a zabezpe\u010den\u00fdch webov\u00fdch str\u00e1nek. Na\u0161e webov\u00e9 str\u00e1nky v\u00e1m umo\u017en\u00ed nav\u00e1zat kontakt s vysoce vzd\u011blan\u00fdmi a slu\u0161n\u00fdmi n\u00e1hodn\u00fdmi lidmi. Toto video <a href=\"https:\/\/strangercam.com\/cs\/chathub\/\">chat<\/a> v\u00e1m umo\u017en\u00ed vybrat si osobu a mluvit s n\u00ed v re\u00e1ln\u00e9m \u010dase. Takov\u00e9 sezn\u00e1men\u00ed je docela zaj\u00edmav\u00e9, proto\u017ee internetov\u00e1 diskuse umo\u017e\u0148uje mluvit o \u010demkoli, co si vyberete.<\/p>\n<h3>\u0160ir\u0161\u00ed okruh u\u017eivatel\u016f - k dispozici je \u0161irok\u00e1 \u0161k\u00e1la chat\u016f, kter\u00e9 vyhovuj\u00ed preferenc\u00edm ka\u017ed\u00e9ho.<\/h3>\n<p>Chateek.com je v prvn\u00ed \u0159ad\u011b nejlep\u0161\u00edm m\u00edstem pro nav\u00e1z\u00e1n\u00ed nov\u00e9ho vztahu, rande nebo dokonce bl\u00e1znivou l\u00e1sku! M\u016f\u017eete podstatn\u011b obohatit sv\u016fj \u017eivot, pokud m\u00e1te k dispozici v\u0161e, co si m\u016f\u017eete p\u0159\u00e1t pro interaktivn\u00ed konverzaci na internetu. Jednoduch\u00e9 textov\u00e9 konverzace ji\u017e nejsou obl\u00edben\u00e9, proto\u017ee interakce mezi partnery je na \u0161patn\u00e9 \u00farovni. Nicm\u00e9n\u011b ve videochatu se st\u00e1le vid\u00edte a \u00fa\u010dastn\u00edte se skute\u010dn\u00e9ho dialogu. Nen\u00ed nad to komunikovat prost\u0159ednictv\u00edm videochatu s n\u011bk\u00fdm, kdo je vzd\u00e1len tis\u00edce kilometr\u016f.<\/p>\n<p>Mezi nejobl\u00edben\u011bj\u0161\u00ed videohovory pat\u0159\u00ed ty, kter\u00e9 si m\u016f\u017eete prohl\u00e9dnout na na\u0161ich webov\u00fdch str\u00e1nk\u00e1ch:<\/p>\n<ul>\n<li><a href=\"https:\/\/strangercam.com\/cs\/chatroulette\/\">ChatRoulette<\/a>.<\/li>\n<li><a href=\"https:\/\/strangercam.com\/cs\/omegle\/\">Omegle<\/a> je aplikace pro videochat.<\/li>\n<li>Chatroulette v ru\u0161tin\u011b.<\/li>\n<li><a href=\"https:\/\/strangercam.com\/cs\/bazookamera\/\">bazookamera<\/a>.<\/li>\n<li>ChatRandom.<\/li>\n<li>Camzap.<\/li>\n<li><a href=\"https:\/\/strangercam.com\/cs\/coomeet\/\">Coomeet<\/a>.<\/li>\n<li>Nap\u0159\u00edklad Wowchat.<\/li>\n<\/ul>\n<h3>Webov\u00e9 str\u00e1nky pro rychl\u00e9 videokonference, kter\u00e9 spojuj\u00ed lidi dohromady<\/h3>\n<p>\u0158\u00edk\u00e1 se mu instantn\u00ed chat, proto\u017ee m\u016f\u017eete za\u010d\u00edt mluvit hned. V na\u0161ich online diskus\u00edch se m\u016f\u017eete s n\u011bk\u00fdm sezn\u00e1mit za co nejkrat\u0161\u00ed dobu. Takov\u00e9 namlouv\u00e1n\u00ed obvykle kon\u010d\u00ed sd\u00edlen\u00edm kontaktn\u00edch \u00fadaj\u016f, jako jsou Skype, ICQ, telefonn\u00ed \u010d\u00edsla a odkazy na profily na soci\u00e1ln\u00edch s\u00edt\u00edch. Nav\u00edc je zde velk\u00e1 \u0161ance na osobn\u00ed setk\u00e1n\u00ed. Videochaty v\u0161ak n\u011bkdy mohou ohrozit va\u0161e soukrom\u00ed.<\/p>\n<h3>Jak pou\u017e\u00edvat platformu Chateek dot Com?<\/h3>\n<p>Nyn\u00ed sta\u010d\u00ed zapnout webovou kameru a m\u016f\u017eete se pono\u0159it do skv\u011bl\u00e9 komunikace. A to je pravda, proto\u017ee nejen\u017ee je zde mo\u017en\u00e1 romantika, ale pak i seznamov\u00e1n\u00ed s lidmi v zahrani\u010d\u00ed. Jedn\u00e1 se o typ internetov\u00e9 seznamky.<\/p>\n<h3>Z\u00e1v\u011br<\/h3>\n<p>Chateek dot com je nejlep\u0161\u00ed platforma, kter\u00e1 v\u00e1m nab\u00edz\u00ed naj\u00edt ty spr\u00e1vn\u00e9 lidi na v\u00edce platform\u00e1ch.<\/p>","protected":false},"excerpt":{"rendered":"<p>People can speak with one another for free over the internet, even if they reside thousands of kilometers apart. But how do you decide which website to visit? What tools will help you meet girls, guys, and even long-distance love relationships in addition to becoming wonderful friends? Internet dating is a fun way to meet [&hellip;]<\/p>\n","protected":false},"author":6,"featured_media":559,"parent":0,"menu_order":0,"comment_status":"closed","ping_status":"closed","template":"","meta":{"footnotes":""},"class_list":["post-10160","page","type-page","status-publish","has-post-thumbnail","hentry"],"yoast_head":"<!-- This site is optimized with the Yoast SEO plugin v26.9 - https:\/\/yoast.com\/product\/yoast-seo-wordpress\/ -->\n<title>Chateek - Chat Roulette Anonymously - Cam on StrangerCam.com<\/title>\n<meta name=\"description\" content=\"Like Chateek? Come chat with more than 5.000.000 strangers on Stranger Cam for Free! Turn on your cam and find new friends &amp; maby a match!\" \/>\n<meta name=\"robots\" content=\"index, follow, max-snippet:-1, max-image-preview:large, max-video-preview:-1\" \/>\n<link rel=\"canonical\" href=\"https:\/\/strangercam.com\/cs\/chateek\/\" \/>\n<meta property=\"og:locale\" content=\"cs_CZ\" \/>\n<meta property=\"og:type\" content=\"article\" \/>\n<meta property=\"og:title\" content=\"Chateek - Chat Roulette Anonymously - Cam on StrangerCam.com\" \/>\n<meta property=\"og:description\" content=\"Like Chateek? Come chat with more than 5.000.000 strangers on Stranger Cam for Free! Turn on your cam and find new friends &amp; maby a match!\" \/>\n<meta property=\"og:url\" content=\"https:\/\/strangercam.com\/cs\/chateek\/\" \/>\n<meta property=\"og:site_name\" content=\"Strangercam\" \/>\n<meta property=\"article:publisher\" content=\"https:\/\/www.facebook.com\/strangercam\" \/>\n<meta property=\"article:modified_time\" content=\"2023-08-21T09:40:39+00:00\" \/>\n<meta property=\"og:image\" content=\"https:\/\/strangercam.com\/wp-content\/uploads\/2020\/11\/stranger-cam-1.png\" \/>\n\t<meta property=\"og:image:width\" content=\"800\" \/>\n\t<meta property=\"og:image:height\" content=\"800\" \/>\n\t<meta property=\"og:image:type\" content=\"image\/png\" \/>\n<meta name=\"twitter:card\" content=\"summary_large_image\" \/>\n<meta name=\"twitter:site\" content=\"@strangercamapp\" \/>\n<meta name=\"twitter:label1\" content=\"Odhadovan\u00e1 doba \u010dten\u00ed\" \/>\n\t<meta name=\"twitter:data1\" content=\"2 minuty\" \/>\n<script type=\"application\/ld+json\" class=\"yoast-schema-graph\">{\"@context\":\"https:\/\/schema.org\",\"@graph\":[{\"@type\":\"WebPage\",\"@id\":\"https:\/\/strangercam.com\/chateek\/\",\"url\":\"https:\/\/strangercam.com\/chateek\/\",\"name\":\"Chateek - Chat Roulette Anonymously - Cam on StrangerCam.com\",\"isPartOf\":{\"@id\":\"https:\/\/strangercam.com\/#website\"},\"primaryImageOfPage\":{\"@id\":\"https:\/\/strangercam.com\/chateek\/#primaryimage\"},\"image\":{\"@id\":\"https:\/\/strangercam.com\/chateek\/#primaryimage\"},\"thumbnailUrl\":\"https:\/\/strangercam.com\/wp-content\/uploads\/2020\/11\/stranger-cam-1.png\",\"datePublished\":\"2022-05-30T12:40:58+00:00\",\"dateModified\":\"2023-08-21T09:40:39+00:00\",\"description\":\"Like Chateek? Come chat with more than 5.000.000 strangers on Stranger Cam for Free! Turn on your cam and find new friends & maby a match!\",\"breadcrumb\":{\"@id\":\"https:\/\/strangercam.com\/chateek\/#breadcrumb\"},\"inLanguage\":\"cs\",\"potentialAction\":[{\"@type\":\"ReadAction\",\"target\":[\"https:\/\/strangercam.com\/chateek\/\"]}]},{\"@type\":\"ImageObject\",\"inLanguage\":\"cs\",\"@id\":\"https:\/\/strangercam.com\/chateek\/#primaryimage\",\"url\":\"https:\/\/strangercam.com\/wp-content\/uploads\/2020\/11\/stranger-cam-1.png\",\"contentUrl\":\"https:\/\/strangercam.com\/wp-content\/uploads\/2020\/11\/stranger-cam-1.png\",\"width\":800,\"height\":800,\"caption\":\"stranger cam random video chat\"},{\"@type\":\"BreadcrumbList\",\"@id\":\"https:\/\/strangercam.com\/chateek\/#breadcrumb\",\"itemListElement\":[{\"@type\":\"ListItem\",\"position\":1,\"name\":\"Home\",\"item\":\"https:\/\/strangercam.com\/\"},{\"@type\":\"ListItem\",\"position\":2,\"name\":\"Chateek\"}]},{\"@type\":\"WebSite\",\"@id\":\"https:\/\/strangercam.com\/#website\",\"url\":\"https:\/\/strangercam.com\/\",\"name\":\"Strangercam\",\"description\":\"Random Video Chat with Strangers\",\"publisher\":{\"@id\":\"https:\/\/strangercam.com\/#organization\"},\"alternateName\":\"Strangercam.com\",\"potentialAction\":[{\"@type\":\"SearchAction\",\"target\":{\"@type\":\"EntryPoint\",\"urlTemplate\":\"https:\/\/strangercam.com\/?s={search_term_string}\"},\"query-input\":{\"@type\":\"PropertyValueSpecification\",\"valueRequired\":true,\"valueName\":\"search_term_string\"}}],\"inLanguage\":\"cs\"},{\"@type\":\"Organization\",\"@id\":\"https:\/\/strangercam.com\/#organization\",\"name\":\"Strangercam\",\"alternateName\":\"Strangercam.com\",\"url\":\"https:\/\/strangercam.com\/\",\"logo\":{\"@type\":\"ImageObject\",\"inLanguage\":\"cs\",\"@id\":\"https:\/\/strangercam.com\/#\/schema\/logo\/image\/\",\"url\":\"https:\/\/strangercam.com\/wp-content\/uploads\/2020\/11\/cropped-new-favicon-black.png\",\"contentUrl\":\"https:\/\/strangercam.com\/wp-content\/uploads\/2020\/11\/cropped-new-favicon-black.png\",\"width\":512,\"height\":512,\"caption\":\"Strangercam\"},\"image\":{\"@id\":\"https:\/\/strangercam.com\/#\/schema\/logo\/image\/\"},\"sameAs\":[\"https:\/\/www.facebook.com\/strangercam\",\"https:\/\/x.com\/strangercamapp\"]}]}<\/script>\n<!-- \/ Yoast SEO plugin. -->","yoast_head_json":{"title":"Chateek - Anonymn\u00ed chatov\u00e1n\u00ed - Cam on StrangerCam.com","description":"Jako Chateek? Poj\u010fte si zdarma popov\u00eddat s v\u00edce ne\u017e 5 000 000 cizinci na Stranger Cam! Zapn\u011bte si kameru a najd\u011bte nov\u00e9 p\u0159\u00e1tele &amp; maby z\u00e1pas!","robots":{"index":"index","follow":"follow","max-snippet":"max-snippet:-1","max-image-preview":"max-image-preview:large","max-video-preview":"max-video-preview:-1"},"canonical":"https:\/\/strangercam.com\/cs\/chateek\/","og_locale":"cs_CZ","og_type":"article","og_title":"Chateek - Chat Roulette Anonymously - Cam on StrangerCam.com","og_description":"Like Chateek? Come chat with more than 5.000.000 strangers on Stranger Cam for Free! Turn on your cam and find new friends & maby a match!","og_url":"https:\/\/strangercam.com\/cs\/chateek\/","og_site_name":"Strangercam","article_publisher":"https:\/\/www.facebook.com\/strangercam","article_modified_time":"2023-08-21T09:40:39+00:00","og_image":[{"width":800,"height":800,"url":"https:\/\/strangercam.com\/wp-content\/uploads\/2020\/11\/stranger-cam-1.png","type":"image\/png"}],"twitter_card":"summary_large_image","twitter_site":"@strangercamapp","twitter_misc":{"Odhadovan\u00e1 doba \u010dten\u00ed":"2 minuty"},"schema":{"@context":"https:\/\/schema.org","@graph":[{"@type":"WebPage","@id":"https:\/\/strangercam.com\/chateek\/","url":"https:\/\/strangercam.com\/chateek\/","name":"Chateek - Anonymn\u00ed chatov\u00e1n\u00ed - Cam on StrangerCam.com","isPartOf":{"@id":"https:\/\/strangercam.com\/#website"},"primaryImageOfPage":{"@id":"https:\/\/strangercam.com\/chateek\/#primaryimage"},"image":{"@id":"https:\/\/strangercam.com\/chateek\/#primaryimage"},"thumbnailUrl":"https:\/\/strangercam.com\/wp-content\/uploads\/2020\/11\/stranger-cam-1.png","datePublished":"2022-05-30T12:40:58+00:00","dateModified":"2023-08-21T09:40:39+00:00","description":"Jako Chateek? Poj\u010fte si zdarma popov\u00eddat s v\u00edce ne\u017e 5 000 000 cizinci na Stranger Cam! Zapn\u011bte si kameru a najd\u011bte nov\u00e9 p\u0159\u00e1tele &amp; maby z\u00e1pas!","breadcrumb":{"@id":"https:\/\/strangercam.com\/chateek\/#breadcrumb"},"inLanguage":"cs","potentialAction":[{"@type":"ReadAction","target":["https:\/\/strangercam.com\/chateek\/"]}]},{"@type":"ImageObject","inLanguage":"cs","@id":"https:\/\/strangercam.com\/chateek\/#primaryimage","url":"https:\/\/strangercam.com\/wp-content\/uploads\/2020\/11\/stranger-cam-1.png","contentUrl":"https:\/\/strangercam.com\/wp-content\/uploads\/2020\/11\/stranger-cam-1.png","width":800,"height":800,"caption":"stranger cam random video chat"},{"@type":"BreadcrumbList","@id":"https:\/\/strangercam.com\/chateek\/#breadcrumb","itemListElement":[{"@type":"ListItem","position":1,"name":"Home","item":"https:\/\/strangercam.com\/"},{"@type":"ListItem","position":2,"name":"Chateek"}]},{"@type":"WebSite","@id":"https:\/\/strangercam.com\/#website","url":"https:\/\/strangercam.com\/","name":"Strangercam","description":"N\u00e1hodn\u00fd videochat s ciz\u00edmi lidmi","publisher":{"@id":"https:\/\/strangercam.com\/#organization"},"alternateName":"Strangercam.com","potentialAction":[{"@type":"SearchAction","target":{"@type":"EntryPoint","urlTemplate":"https:\/\/strangercam.com\/?s={search_term_string}"},"query-input":{"@type":"PropertyValueSpecification","valueRequired":true,"valueName":"search_term_string"}}],"inLanguage":"cs"},{"@type":"Organization","@id":"https:\/\/strangercam.com\/#organization","name":"Strangercam","alternateName":"Strangercam.com","url":"https:\/\/strangercam.com\/","logo":{"@type":"ImageObject","inLanguage":"cs","@id":"https:\/\/strangercam.com\/#\/schema\/logo\/image\/","url":"https:\/\/strangercam.com\/wp-content\/uploads\/2020\/11\/cropped-new-favicon-black.png","contentUrl":"https:\/\/strangercam.com\/wp-content\/uploads\/2020\/11\/cropped-new-favicon-black.png","width":512,"height":512,"caption":"Strangercam"},"image":{"@id":"https:\/\/strangercam.com\/#\/schema\/logo\/image\/"},"sameAs":["https:\/\/www.facebook.com\/strangercam","https:\/\/x.com\/strangercamapp"]}]}},"_links":{"self":[{"href":"https:\/\/strangercam.com\/cs\/wp-json\/wp\/v2\/pages\/10160","targetHints":{"allow":["GET"]}}],"collection":[{"href":"https:\/\/strangercam.com\/cs\/wp-json\/wp\/v2\/pages"}],"about":[{"href":"https:\/\/strangercam.com\/cs\/wp-json\/wp\/v2\/types\/page"}],"author":[{"embeddable":true,"href":"https:\/\/strangercam.com\/cs\/wp-json\/wp\/v2\/users\/6"}],"replies":[{"embeddable":true,"href":"https:\/\/strangercam.com\/cs\/wp-json\/wp\/v2\/comments?post=10160"}],"version-history":[{"count":0,"href":"https:\/\/strangercam.com\/cs\/wp-json\/wp\/v2\/pages\/10160\/revisions"}],"wp:featuredmedia":[{"embeddable":true,"href":"https:\/\/strangercam.com\/cs\/wp-json\/wp\/v2\/media\/559"}],"wp:attachment":[{"href":"https:\/\/strangercam.com\/cs\/wp-json\/wp\/v2\/media?parent=10160"}],"curies":[{"name":"wp","href":"https:\/\/api.w.org\/{rel}","templated":true}]}}