{"id":10138,"date":"2022-05-30T14:33:56","date_gmt":"2022-05-30T12:33:56","guid":{"rendered":"https:\/\/strangercam.com\/?page_id=10138"},"modified":"2023-08-21T12:24:42","modified_gmt":"2023-08-21T10:24:42","slug":"omega","status":"publish","type":"page","link":"https:\/\/strangercam.com\/cs\/omega\/","title":{"rendered":"Omega"},"content":{"rendered":"<p>Omega je nov\u00fd a vylep\u0161en\u00fd <a href=\"https:\/\/strangercam.com\/cs\/omegle\/\">Omegle<\/a> \u017ee stejn\u011b jako <a href=\"https:\/\/strangercam.com\/cs\/ometv\/\">OmeTv<\/a>, LivU, DODO, Chamet, HOLLA a Facha. Umo\u017e\u0148uje v\u00e1m tak\u00e9 komunikovat a navazovat nov\u00e1 p\u0159\u00e1telstv\u00ed s jednotlivci z cel\u00e9ho sv\u011bta v hlasov\u00fdch konverzac\u00edch, n\u00e1hodn\u00fdch videohovorech a p\u0159i <a href=\"https:\/\/strangercam.com\/cs\/chatroulette\/\">chat<\/a>, a zas\u00edl\u00e1n\u00ed zpr\u00e1v osobn\u011b. Omega, nov\u00fd a vylep\u0161en\u00fd Omegle, v\u00e1s spoj\u00ed s obrovsk\u00fdm mno\u017estv\u00edm lid\u00ed z v\u00edce ne\u017e 100 zem\u00ed pouh\u00fdm jedn\u00edm klepnut\u00edm. Spont\u00e1nn\u00ed setk\u00e1n\u00ed roz\u0161\u00ed\u0159\u00ed v\u00e1\u0161 soci\u00e1ln\u00ed okruh, zat\u00edmco n\u00e1hodn\u00e9 videohovory a konverzace lidi sbl\u00ed\u017e\u00ed.<\/p>\n<p>Automatick\u00fd syst\u00e9m ochrany um\u011bl\u00e9 inteligence Omega zabezpe\u010d\u00ed v\u0161echny va\u0161e \u017eiv\u00e9 videokonverzace a \u017eiv\u00e9 chatov\u00e9 relace a zajist\u00ed, \u017ee se nesetk\u00e1te s \u017e\u00e1dn\u00fdm poru\u0161en\u00edm nebo nep\u0159ijateln\u00fdm chov\u00e1n\u00edm.<\/p>\n<h3>Hlavn\u00ed rysy Omega's Best Dating Platform<\/h3>\n<p>N\u00ed\u017ee jsou uvedeny n\u011bkter\u00e9 z nejlep\u0161\u00edch funkc\u00ed Omega nejlep\u0161\u00ed chodit s n\u011bk\u00fdm platformy:<\/p>\n<ul>\n<li>Live Talk a Live Video Chat. Platforma umo\u017e\u0148uje komunikovat s jakoukoli osobou online.<\/li>\n<li>DM. Na platform\u011b Omega m\u016f\u017eete tak\u00e9 p\u0159\u00edmo chatovat se sv\u00fdmi p\u0159\u00e1teli online.<\/li>\n<li>Filtr regionu a pohlav\u00ed. Pokud chcete komunikovat a <a href=\"https:\/\/strangercam.com\/cs\/coomeet\/\">Seznamte se s<\/a> konkr\u00e9tn\u00ed osoby, filtr v\u00e1m m\u016f\u017ee pomoci z\u00edskat p\u0159\u00edstup k t\u011bm spr\u00e1vn\u00fdm lidem.<\/li>\n<li>D\u00e1rky. Pokud chcete druh\u00e9 osob\u011b projevit opravdovou n\u00e1klonnost, m\u016f\u017eete ji obdarovat online.<\/li>\n<\/ul>\n<h3>Pro\u010d byste m\u011bli pou\u017e\u00edvat platformu Omega pro seznamovac\u00ed \u00fa\u010dely?<\/h3>\n<p>N\u00ed\u017ee jsou uvedeny n\u011bkter\u00e9 z hlavn\u00edch d\u016fvod\u016f, kter\u00e9 n\u00e1s odli\u0161uj\u00ed od ostatn\u00edch existuj\u00edc\u00edch aplikac\u00ed online:<\/p>\n<ul>\n<li>Seznamte se s nov\u00fdmi lidmi z cel\u00e9ho sv\u011bta v n\u00e1hodn\u00e9m videochatu v re\u00e1ln\u00e9m \u010dase!<\/li>\n<li>Pro jednotlivce, kte\u0159\u00ed r\u00e1di navazuj\u00ed nov\u00e9 zn\u00e1mosti s ciz\u00edmi lidmi, vytv\u00e1\u0159\u00edme p\u0159\u00edjemnou, bezpe\u010dnou a zdravou online komunitu.<\/li>\n<li>Ve skupin\u011b Omega - nov\u00e9 a vylep\u0161en\u00e9 Omegle si m\u016f\u017eete p\u0159es FaceTime pov\u00eddat s \u00fapln\u011b ciz\u00edmi lidmi z cel\u00e9ho sv\u011bta, z nich\u017e ka\u017ed\u00fd m\u00e1 sv\u00e9 vlastn\u00ed \u00fa\u017easn\u00e9 p\u0159\u00edb\u011bhy a z\u00e1\u017eitky.<\/li>\n<li>Ka\u017ed\u00e1 n\u00e1hodn\u00e1 videokonference na m\u00edru je hodnotn\u00e1 a cenn\u00e1, s mo\u017enost\u00ed vytvo\u0159en\u00ed nov\u00e9ho celo\u017eivotn\u00edho pouta.<\/li>\n<li>M\u016f\u017eete se tak\u00e9 znovu spojit se star\u00fdmi p\u0159\u00e1teli prost\u0159ednictv\u00edm osobn\u00edch zpr\u00e1v a n\u00e1hodn\u00fdch online videokonferenc\u00ed.<\/li>\n<li>N\u00e1hodn\u011b vybran\u00e9 z\u00e1pasy v\u00e1m umo\u017en\u00ed nav\u00e1zat nov\u00e9 kontakty prost\u0159ednictv\u00edm \u017eiv\u00fdch diskus\u00ed, poznat r\u016fzn\u00e9 kultury a roz\u0161\u00ed\u0159it si obzory.<\/li>\n<li>Z\u00e1kaznick\u00e1 podpora platformy je tak\u00e9 pom\u011brn\u011b citliv\u00e1. Na ka\u017edou st\u00ed\u017enost reaguj\u00ed b\u011bhem n\u011bkolika minut. T\u00fdm zaji\u0161\u0165uje, abyste m\u011bli na platform\u011b skv\u011bl\u00e9 zku\u0161enosti bez jak\u00e9hokoli rozru\u0161en\u00ed nebo strachu. Up\u0159\u00edmn\u011b douf\u00e1me, \u017ee se v\u00e1m bude l\u00edbit vyu\u017eit\u00ed Omega, nejv\u011bt\u0161\u00edho <a href=\"https:\/\/strangercam.com\/cs\/chathub\/\">n\u00e1hodn\u00fd videochat<\/a> a n\u00e1stroj pro \u017eiv\u00fd chat k dispozici!<\/li>\n<\/ul>\n<h3>Z\u00e1v\u011br<\/h3>\n<p>Omega je p\u0159\u00edjemn\u00e1 platforma, kter\u00e1 pom\u00e1h\u00e1 p\u0159i komunikaci s tou spr\u00e1vnou osobou a p\u0159i hled\u00e1n\u00ed sp\u0159\u00edzn\u011bn\u00e9 du\u0161e, d\u00edky n\u00ed\u017e se budete c\u00edtit povznesen\u011b a d\u016fle\u017eit\u011b na cel\u00e9m sv\u011bt\u011b.<\/p>","protected":false},"excerpt":{"rendered":"<p>Omega is a new and improved Omegle that, like OmeTv, LivU, DODO, Chamet, HOLLA, and Facha. It also enables you to communicate and make some new friends with individuals all over the world in voice conversations, random video chat, and messaging in person to person. Omega, the new and improved Omegle, will link you with [&hellip;]<\/p>\n","protected":false},"author":6,"featured_media":559,"parent":0,"menu_order":0,"comment_status":"closed","ping_status":"closed","template":"","meta":{"footnotes":""},"class_list":["post-10138","page","type-page","status-publish","has-post-thumbnail","hentry"],"yoast_head":"<!-- This site is optimized with the Yoast SEO plugin v26.9 - https:\/\/yoast.com\/product\/yoast-seo-wordpress\/ -->\n<title>Omega - Chat Roulette Anonymously - Cam on StrangerCam.com<\/title>\n<meta name=\"description\" content=\"Like Omega? Come chat with more than 5.000.000 strangers on Stranger Cam for Free! Turn on your cam and find new friends &amp; maby a match!\" \/>\n<meta name=\"robots\" content=\"index, follow, max-snippet:-1, max-image-preview:large, max-video-preview:-1\" \/>\n<link rel=\"canonical\" href=\"https:\/\/strangercam.com\/cs\/omega\/\" \/>\n<meta property=\"og:locale\" content=\"cs_CZ\" \/>\n<meta property=\"og:type\" content=\"article\" \/>\n<meta property=\"og:title\" content=\"Omega - Chat Roulette Anonymously - Cam on StrangerCam.com\" \/>\n<meta property=\"og:description\" content=\"Like Omega? Come chat with more than 5.000.000 strangers on Stranger Cam for Free! Turn on your cam and find new friends &amp; maby a match!\" \/>\n<meta property=\"og:url\" content=\"https:\/\/strangercam.com\/cs\/omega\/\" \/>\n<meta property=\"og:site_name\" content=\"Strangercam\" \/>\n<meta property=\"article:publisher\" content=\"https:\/\/www.facebook.com\/strangercam\" \/>\n<meta property=\"article:modified_time\" content=\"2023-08-21T10:24:42+00:00\" \/>\n<meta property=\"og:image\" content=\"https:\/\/strangercam.com\/wp-content\/uploads\/2020\/11\/stranger-cam-1.png\" \/>\n\t<meta property=\"og:image:width\" content=\"800\" \/>\n\t<meta property=\"og:image:height\" content=\"800\" \/>\n\t<meta property=\"og:image:type\" content=\"image\/png\" \/>\n<meta name=\"twitter:card\" content=\"summary_large_image\" \/>\n<meta name=\"twitter:site\" content=\"@strangercamapp\" \/>\n<meta name=\"twitter:label1\" content=\"Odhadovan\u00e1 doba \u010dten\u00ed\" \/>\n\t<meta name=\"twitter:data1\" content=\"2 minuty\" \/>\n<script type=\"application\/ld+json\" class=\"yoast-schema-graph\">{\"@context\":\"https:\/\/schema.org\",\"@graph\":[{\"@type\":\"WebPage\",\"@id\":\"https:\/\/strangercam.com\/omega\/\",\"url\":\"https:\/\/strangercam.com\/omega\/\",\"name\":\"Omega - Chat Roulette Anonymously - Cam on StrangerCam.com\",\"isPartOf\":{\"@id\":\"https:\/\/strangercam.com\/#website\"},\"primaryImageOfPage\":{\"@id\":\"https:\/\/strangercam.com\/omega\/#primaryimage\"},\"image\":{\"@id\":\"https:\/\/strangercam.com\/omega\/#primaryimage\"},\"thumbnailUrl\":\"https:\/\/strangercam.com\/wp-content\/uploads\/2020\/11\/stranger-cam-1.png\",\"datePublished\":\"2022-05-30T12:33:56+00:00\",\"dateModified\":\"2023-08-21T10:24:42+00:00\",\"description\":\"Like Omega? Come chat with more than 5.000.000 strangers on Stranger Cam for Free! Turn on your cam and find new friends & maby a match!\",\"breadcrumb\":{\"@id\":\"https:\/\/strangercam.com\/omega\/#breadcrumb\"},\"inLanguage\":\"cs\",\"potentialAction\":[{\"@type\":\"ReadAction\",\"target\":[\"https:\/\/strangercam.com\/omega\/\"]}]},{\"@type\":\"ImageObject\",\"inLanguage\":\"cs\",\"@id\":\"https:\/\/strangercam.com\/omega\/#primaryimage\",\"url\":\"https:\/\/strangercam.com\/wp-content\/uploads\/2020\/11\/stranger-cam-1.png\",\"contentUrl\":\"https:\/\/strangercam.com\/wp-content\/uploads\/2020\/11\/stranger-cam-1.png\",\"width\":800,\"height\":800,\"caption\":\"stranger cam random video chat\"},{\"@type\":\"BreadcrumbList\",\"@id\":\"https:\/\/strangercam.com\/omega\/#breadcrumb\",\"itemListElement\":[{\"@type\":\"ListItem\",\"position\":1,\"name\":\"Home\",\"item\":\"https:\/\/strangercam.com\/\"},{\"@type\":\"ListItem\",\"position\":2,\"name\":\"Omega\"}]},{\"@type\":\"WebSite\",\"@id\":\"https:\/\/strangercam.com\/#website\",\"url\":\"https:\/\/strangercam.com\/\",\"name\":\"Strangercam\",\"description\":\"Random Video Chat with Strangers\",\"publisher\":{\"@id\":\"https:\/\/strangercam.com\/#organization\"},\"alternateName\":\"Strangercam.com\",\"potentialAction\":[{\"@type\":\"SearchAction\",\"target\":{\"@type\":\"EntryPoint\",\"urlTemplate\":\"https:\/\/strangercam.com\/?s={search_term_string}\"},\"query-input\":{\"@type\":\"PropertyValueSpecification\",\"valueRequired\":true,\"valueName\":\"search_term_string\"}}],\"inLanguage\":\"cs\"},{\"@type\":\"Organization\",\"@id\":\"https:\/\/strangercam.com\/#organization\",\"name\":\"Strangercam\",\"alternateName\":\"Strangercam.com\",\"url\":\"https:\/\/strangercam.com\/\",\"logo\":{\"@type\":\"ImageObject\",\"inLanguage\":\"cs\",\"@id\":\"https:\/\/strangercam.com\/#\/schema\/logo\/image\/\",\"url\":\"https:\/\/strangercam.com\/wp-content\/uploads\/2020\/11\/cropped-new-favicon-black.png\",\"contentUrl\":\"https:\/\/strangercam.com\/wp-content\/uploads\/2020\/11\/cropped-new-favicon-black.png\",\"width\":512,\"height\":512,\"caption\":\"Strangercam\"},\"image\":{\"@id\":\"https:\/\/strangercam.com\/#\/schema\/logo\/image\/\"},\"sameAs\":[\"https:\/\/www.facebook.com\/strangercam\",\"https:\/\/x.com\/strangercamapp\"]}]}<\/script>\n<!-- \/ Yoast SEO plugin. -->","yoast_head_json":{"title":"Omega - Anonymn\u00ed chat - Cam on StrangerCam.com","description":"Jako Omega? Poj\u010fte si zdarma popov\u00eddat s v\u00edce ne\u017e 5 000 000 cizinci na Stranger Cam! Zapn\u011bte si kameru a najd\u011bte nov\u00e9 p\u0159\u00e1tele &amp; maby z\u00e1pas!","robots":{"index":"index","follow":"follow","max-snippet":"max-snippet:-1","max-image-preview":"max-image-preview:large","max-video-preview":"max-video-preview:-1"},"canonical":"https:\/\/strangercam.com\/cs\/omega\/","og_locale":"cs_CZ","og_type":"article","og_title":"Omega - Chat Roulette Anonymously - Cam on StrangerCam.com","og_description":"Like Omega? Come chat with more than 5.000.000 strangers on Stranger Cam for Free! Turn on your cam and find new friends & maby a match!","og_url":"https:\/\/strangercam.com\/cs\/omega\/","og_site_name":"Strangercam","article_publisher":"https:\/\/www.facebook.com\/strangercam","article_modified_time":"2023-08-21T10:24:42+00:00","og_image":[{"width":800,"height":800,"url":"https:\/\/strangercam.com\/wp-content\/uploads\/2020\/11\/stranger-cam-1.png","type":"image\/png"}],"twitter_card":"summary_large_image","twitter_site":"@strangercamapp","twitter_misc":{"Odhadovan\u00e1 doba \u010dten\u00ed":"2 minuty"},"schema":{"@context":"https:\/\/schema.org","@graph":[{"@type":"WebPage","@id":"https:\/\/strangercam.com\/omega\/","url":"https:\/\/strangercam.com\/omega\/","name":"Omega - Anonymn\u00ed chat - Cam on StrangerCam.com","isPartOf":{"@id":"https:\/\/strangercam.com\/#website"},"primaryImageOfPage":{"@id":"https:\/\/strangercam.com\/omega\/#primaryimage"},"image":{"@id":"https:\/\/strangercam.com\/omega\/#primaryimage"},"thumbnailUrl":"https:\/\/strangercam.com\/wp-content\/uploads\/2020\/11\/stranger-cam-1.png","datePublished":"2022-05-30T12:33:56+00:00","dateModified":"2023-08-21T10:24:42+00:00","description":"Jako Omega? Poj\u010fte si zdarma popov\u00eddat s v\u00edce ne\u017e 5 000 000 cizinci na Stranger Cam! Zapn\u011bte si kameru a najd\u011bte nov\u00e9 p\u0159\u00e1tele &amp; maby z\u00e1pas!","breadcrumb":{"@id":"https:\/\/strangercam.com\/omega\/#breadcrumb"},"inLanguage":"cs","potentialAction":[{"@type":"ReadAction","target":["https:\/\/strangercam.com\/omega\/"]}]},{"@type":"ImageObject","inLanguage":"cs","@id":"https:\/\/strangercam.com\/omega\/#primaryimage","url":"https:\/\/strangercam.com\/wp-content\/uploads\/2020\/11\/stranger-cam-1.png","contentUrl":"https:\/\/strangercam.com\/wp-content\/uploads\/2020\/11\/stranger-cam-1.png","width":800,"height":800,"caption":"stranger cam random video chat"},{"@type":"BreadcrumbList","@id":"https:\/\/strangercam.com\/omega\/#breadcrumb","itemListElement":[{"@type":"ListItem","position":1,"name":"Home","item":"https:\/\/strangercam.com\/"},{"@type":"ListItem","position":2,"name":"Omega"}]},{"@type":"WebSite","@id":"https:\/\/strangercam.com\/#website","url":"https:\/\/strangercam.com\/","name":"Strangercam","description":"N\u00e1hodn\u00fd videochat s ciz\u00edmi lidmi","publisher":{"@id":"https:\/\/strangercam.com\/#organization"},"alternateName":"Strangercam.com","potentialAction":[{"@type":"SearchAction","target":{"@type":"EntryPoint","urlTemplate":"https:\/\/strangercam.com\/?s={search_term_string}"},"query-input":{"@type":"PropertyValueSpecification","valueRequired":true,"valueName":"search_term_string"}}],"inLanguage":"cs"},{"@type":"Organization","@id":"https:\/\/strangercam.com\/#organization","name":"Strangercam","alternateName":"Strangercam.com","url":"https:\/\/strangercam.com\/","logo":{"@type":"ImageObject","inLanguage":"cs","@id":"https:\/\/strangercam.com\/#\/schema\/logo\/image\/","url":"https:\/\/strangercam.com\/wp-content\/uploads\/2020\/11\/cropped-new-favicon-black.png","contentUrl":"https:\/\/strangercam.com\/wp-content\/uploads\/2020\/11\/cropped-new-favicon-black.png","width":512,"height":512,"caption":"Strangercam"},"image":{"@id":"https:\/\/strangercam.com\/#\/schema\/logo\/image\/"},"sameAs":["https:\/\/www.facebook.com\/strangercam","https:\/\/x.com\/strangercamapp"]}]}},"_links":{"self":[{"href":"https:\/\/strangercam.com\/cs\/wp-json\/wp\/v2\/pages\/10138","targetHints":{"allow":["GET"]}}],"collection":[{"href":"https:\/\/strangercam.com\/cs\/wp-json\/wp\/v2\/pages"}],"about":[{"href":"https:\/\/strangercam.com\/cs\/wp-json\/wp\/v2\/types\/page"}],"author":[{"embeddable":true,"href":"https:\/\/strangercam.com\/cs\/wp-json\/wp\/v2\/users\/6"}],"replies":[{"embeddable":true,"href":"https:\/\/strangercam.com\/cs\/wp-json\/wp\/v2\/comments?post=10138"}],"version-history":[{"count":0,"href":"https:\/\/strangercam.com\/cs\/wp-json\/wp\/v2\/pages\/10138\/revisions"}],"wp:featuredmedia":[{"embeddable":true,"href":"https:\/\/strangercam.com\/cs\/wp-json\/wp\/v2\/media\/559"}],"wp:attachment":[{"href":"https:\/\/strangercam.com\/cs\/wp-json\/wp\/v2\/media?parent=10138"}],"curies":[{"name":"wp","href":"https:\/\/api.w.org\/{rel}","templated":true}]}}