{"id":10116,"date":"2022-05-30T14:29:33","date_gmt":"2022-05-30T12:29:33","guid":{"rendered":"https:\/\/strangercam.com\/?page_id=10116"},"modified":"2023-08-21T12:39:40","modified_gmt":"2023-08-21T10:39:40","slug":"stickam","status":"publish","type":"page","link":"https:\/\/strangercam.com\/cs\/stickam\/","title":{"rendered":"Stickam"},"content":{"rendered":"<p>Spole\u010dnost Stickam byla zalo\u017eena v roce 2005 jako str\u00e1nka pro sd\u00edlen\u00ed \u017eiv\u00fdch vide\u00ed. Stickam umo\u017e\u0148oval u\u017eivatel\u016fm nahr\u00e1vat fotografie, zvuky, <a href=\"https:\/\/strangercam.com\/cs\/rabbit-video-chat\/\">video<\/a>, a co je nejd\u016fle\u017eit\u011bj\u0161\u00ed, <a href=\"https:\/\/strangercam.com\/cs\/mili\/\">\u017eiv\u011b<\/a> streamovat videokonference. Webov\u00e9 str\u00e1nky se rychle rozrostly o \u017eiv\u00e9 po\u0159ady a vytvo\u0159en\u00fd obsah z MTV, G4 TV, CBS Radio, NATPE, CES a \u0159ady dal\u0161\u00edch stanic, stejn\u011b jako \u017eiv\u00e9 koncerty a vystoupen\u00ed r\u016fzn\u00fdch kapel a celebrit.<\/p>\n<p>Stickam umo\u017e\u0148uje jednotlivc\u016fm krom\u011b vys\u00edl\u00e1n\u00ed \u017eiv\u00e9ho videa za\u010dlenit sv\u00e9 streamovan\u00e9 kamerov\u00e9 kan\u00e1ly do jin\u00fdch web\u016f prost\u0159ednictv\u00edm p\u0159ehr\u00e1va\u010de Flash. Mo\u017enost \u201cp\u0159ilepit\u201d vys\u00edl\u00e1n\u00ed webov\u00e9 kamery na jinou str\u00e1nku dostala n\u00e1zev \u201cStickam\u201d.\u201d<\/p>\n<h2>Jak Stickam funguje?<\/h2>\n<p>U\u017eivatel m\u016f\u017ee pou\u017e\u00edt slu\u017ebu Live <a href=\"https:\/\/strangercam.com\/cs\/chatroulette\/\">Chat<\/a> vys\u00edlat p\u0159enosy z jejich webov\u00fdch kamer p\u0159es internet. U\u017eivatel m\u011bl kontrolu nad t\u00edm, kdo m\u016f\u017ee vid\u011bt jeho \u017eiv\u00fd p\u0159enos. V m\u00edstnosti s re\u00e1ln\u00fdm streamem bylo sedm kamerov\u00fdch pozic. Nejv\u011bt\u0161\u00ed <a href=\"https:\/\/strangercam.com\/cs\/1v1-chat\/\">jeden<\/a> byl pro tv\u016frce chatu. Zb\u00fdvaj\u00edc\u00edch \u0161est m\u00edst bylo vyhrazeno dal\u0161\u00edm \u0161esti lidem, kte\u0159\u00ed vys\u00edlali \u017eiv\u011b p\u0159es webkameru. U\u017eivatel\u00e9 mohli tak\u00e9 vyu\u017e\u00edvat \u017eiv\u00fd chat ke komunikaci prost\u0159ednictv\u00edm chatovac\u00edho pole, kter\u00e9 bylo toto\u017en\u00e9 s t\u00edm, kter\u00e9 lze naj\u00edt na b\u011b\u017en\u00fdch chatovac\u00edch str\u00e1nk\u00e1ch. Lid\u00e9, kte\u0159\u00ed se chovali neuk\u00e1zn\u011bn\u011b nebo vyhro\u017eovali, mohli b\u00fdt hlavn\u00edm u\u017eivatelem \u201cvykopnuti\u201d nebo zak\u00e1z\u00e1ni. Hlavn\u00ed u\u017eivatel mohl tak\u00e9 jmenovat moder\u00e1tory, co\u017e byly d\u016fv\u011bryhodn\u00e9 osoby, kter\u00e9 mohly odstranit u\u017eivatele, pokud toho hlavn\u00ed u\u017eivatel nebyl schopen.<\/p>\n<h2>Hlavn\u00ed funkce webov\u00fdch str\u00e1nek<\/h2>\n<p>N\u00e1sleduj\u00ed n\u011bkter\u00e9 z hlavn\u00edch funkc\u00ed platformy Stickam:<\/p>\n<h3>Aktivace \u00fa\u010dtu<\/h3>\n<p>B\u011bhem n\u011bkolika minut mohl kdokoli \u201cp\u0159ej\u00edt na \u017eiv\u00e9 vys\u00edl\u00e1n\u00ed\u201d na Stickam a streamovat videostreamy ze sv\u00fdch po\u010d\u00edta\u010d\u016f, iPhon\u016f nebo iPad\u016f. Stickam lze tak\u00e9 pou\u017e\u00edt k p\u0159enosu HD a komer\u010dn\u00edch vys\u00edlac\u00edch proud\u016f p\u0159ipojen\u00edm HD a dal\u0161\u00edch vys\u00edlac\u00edch proud\u016f. <a href=\"https:\/\/strangercam.com\/cs\/camzey\/\">va\u010dky<\/a>, procesory a zvukov\u00e9 vstupy.<\/p>\n<h3>P\u0159ihl\u00e1\u0161en\u00ed k soci\u00e1ln\u00edm m\u00e9di\u00edm<\/h3>\n<p>Spole\u010dnost Stickam debutovala se sv\u00fdm syst\u00e9mem soci\u00e1ln\u00edho p\u0159ihla\u0161ov\u00e1n\u00ed na veletrhu VidCon 2012, kde spolupracovala se spole\u010dnost\u00ed Maker Studios na \u017eiv\u00e9m vys\u00edl\u00e1n\u00ed akce. Vys\u00edlatel\u00e9 na Stickam mohou pou\u017e\u00edvat Linkedin, Facebook, Instagram, Tumblr, Google, Myspace nebo Gmail, aby umo\u017enili sv\u00fdm p\u0159\u00e1tel\u016fm a fanou\u0161k\u016fm vstup do diskusn\u00edch f\u00f3r. Vys\u00edlatel\u00e9 mohou po\u010det lid\u00ed ve sv\u00fdch m\u00edstnostech je\u0161t\u011b v\u00edce omezit.<\/p>\n<h3>Program pro VIP<\/h3>\n<p>Stickam m\u011bl takov\u00fd VIP u\u017eivatelsk\u00fd program od srpna 2012. Ti, kte\u0159\u00ed se do VIP programu zapojili, z\u00edskali p\u0159\u00edstup bez reklam, m\u00edsto na kart\u011b \"kdo je na\u017eivo\", 25 minc\u00ed z trhu s remixy a odznak Premium na profilov\u00e9 fotografii.<\/p>\n<h3>Rozhran\u00ed API pro streamov\u00e1n\u00ed<\/h3>\n<p>V roce 2008 spole\u010dnost nab\u00eddla tak\u00e9 StreamAPI (d\u0159\u00edve Stickam API), \u0159e\u0161en\u00ed white label. StreamAPI byla white label spole\u010dnost, kter\u00e1 umo\u017e\u0148ovala z\u00e1kazn\u00edk\u016fm vlo\u017eit \u017eiv\u00e9 vys\u00edl\u00e1n\u00ed do jejich aplikace nebo webov\u00e9 str\u00e1nky, ani\u017e by vy\u017eadovala znalosti programov\u00e1n\u00ed.<\/p>\n<h2>Z\u00e1v\u011br<\/h2>\n<p>Stickam je spolehliv\u00e1 a vysoce kvalitn\u00ed platforma pro navazov\u00e1n\u00ed p\u0159\u00e1telstv\u00ed online.<\/p>","protected":false},"excerpt":{"rendered":"<p>Stickam was established in 2005 as a live-streaming video-sharing site. Stickam allowed users to upload photos, audio, video, and, most importantly, live stream video conferencing. The website quickly grew to incorporate live shows and created content from MTV, G4 TV, CBS Radio, NATPE, CES, and a variety of other outlets, as well as live concerts [&hellip;]<\/p>\n","protected":false},"author":6,"featured_media":559,"parent":0,"menu_order":0,"comment_status":"closed","ping_status":"closed","template":"","meta":{"footnotes":""},"class_list":["post-10116","page","type-page","status-publish","has-post-thumbnail","hentry"],"yoast_head":"<!-- This site is optimized with the Yoast SEO plugin v26.9 - https:\/\/yoast.com\/product\/yoast-seo-wordpress\/ -->\n<title>Stickam - Chat Roulette Anonymously - Cam on StrangerCam.com<\/title>\n<meta name=\"description\" content=\"Like Stickam? Come chat with more than 5.000.000 strangers on Stranger Cam for Free! Turn on your cam and find new friends &amp; maby a match!\" \/>\n<meta name=\"robots\" content=\"index, follow, max-snippet:-1, max-image-preview:large, max-video-preview:-1\" \/>\n<link rel=\"canonical\" href=\"https:\/\/strangercam.com\/cs\/stickam\/\" \/>\n<meta property=\"og:locale\" content=\"cs_CZ\" \/>\n<meta property=\"og:type\" content=\"article\" \/>\n<meta property=\"og:title\" content=\"Stickam - Chat Roulette Anonymously - Cam on StrangerCam.com\" \/>\n<meta property=\"og:description\" content=\"Like Stickam? Come chat with more than 5.000.000 strangers on Stranger Cam for Free! Turn on your cam and find new friends &amp; maby a match!\" \/>\n<meta property=\"og:url\" content=\"https:\/\/strangercam.com\/cs\/stickam\/\" \/>\n<meta property=\"og:site_name\" content=\"Strangercam\" \/>\n<meta property=\"article:publisher\" content=\"https:\/\/www.facebook.com\/strangercam\" \/>\n<meta property=\"article:modified_time\" content=\"2023-08-21T10:39:40+00:00\" \/>\n<meta property=\"og:image\" content=\"https:\/\/strangercam.com\/wp-content\/uploads\/2020\/11\/stranger-cam-1.png\" \/>\n\t<meta property=\"og:image:width\" content=\"800\" \/>\n\t<meta property=\"og:image:height\" content=\"800\" \/>\n\t<meta property=\"og:image:type\" content=\"image\/png\" \/>\n<meta name=\"twitter:card\" content=\"summary_large_image\" \/>\n<meta name=\"twitter:site\" content=\"@strangercamapp\" \/>\n<meta name=\"twitter:label1\" content=\"Odhadovan\u00e1 doba \u010dten\u00ed\" \/>\n\t<meta name=\"twitter:data1\" content=\"2 minuty\" \/>\n<script type=\"application\/ld+json\" class=\"yoast-schema-graph\">{\"@context\":\"https:\/\/schema.org\",\"@graph\":[{\"@type\":\"WebPage\",\"@id\":\"https:\/\/strangercam.com\/stickam\/\",\"url\":\"https:\/\/strangercam.com\/stickam\/\",\"name\":\"Stickam - Chat Roulette Anonymously - Cam on StrangerCam.com\",\"isPartOf\":{\"@id\":\"https:\/\/strangercam.com\/#website\"},\"primaryImageOfPage\":{\"@id\":\"https:\/\/strangercam.com\/stickam\/#primaryimage\"},\"image\":{\"@id\":\"https:\/\/strangercam.com\/stickam\/#primaryimage\"},\"thumbnailUrl\":\"https:\/\/strangercam.com\/wp-content\/uploads\/2020\/11\/stranger-cam-1.png\",\"datePublished\":\"2022-05-30T12:29:33+00:00\",\"dateModified\":\"2023-08-21T10:39:40+00:00\",\"description\":\"Like Stickam? Come chat with more than 5.000.000 strangers on Stranger Cam for Free! Turn on your cam and find new friends & maby a match!\",\"breadcrumb\":{\"@id\":\"https:\/\/strangercam.com\/stickam\/#breadcrumb\"},\"inLanguage\":\"cs\",\"potentialAction\":[{\"@type\":\"ReadAction\",\"target\":[\"https:\/\/strangercam.com\/stickam\/\"]}]},{\"@type\":\"ImageObject\",\"inLanguage\":\"cs\",\"@id\":\"https:\/\/strangercam.com\/stickam\/#primaryimage\",\"url\":\"https:\/\/strangercam.com\/wp-content\/uploads\/2020\/11\/stranger-cam-1.png\",\"contentUrl\":\"https:\/\/strangercam.com\/wp-content\/uploads\/2020\/11\/stranger-cam-1.png\",\"width\":800,\"height\":800,\"caption\":\"stranger cam random video chat\"},{\"@type\":\"BreadcrumbList\",\"@id\":\"https:\/\/strangercam.com\/stickam\/#breadcrumb\",\"itemListElement\":[{\"@type\":\"ListItem\",\"position\":1,\"name\":\"Home\",\"item\":\"https:\/\/strangercam.com\/\"},{\"@type\":\"ListItem\",\"position\":2,\"name\":\"Stickam\"}]},{\"@type\":\"WebSite\",\"@id\":\"https:\/\/strangercam.com\/#website\",\"url\":\"https:\/\/strangercam.com\/\",\"name\":\"Strangercam\",\"description\":\"Random Video Chat with Strangers\",\"publisher\":{\"@id\":\"https:\/\/strangercam.com\/#organization\"},\"alternateName\":\"Strangercam.com\",\"potentialAction\":[{\"@type\":\"SearchAction\",\"target\":{\"@type\":\"EntryPoint\",\"urlTemplate\":\"https:\/\/strangercam.com\/?s={search_term_string}\"},\"query-input\":{\"@type\":\"PropertyValueSpecification\",\"valueRequired\":true,\"valueName\":\"search_term_string\"}}],\"inLanguage\":\"cs\"},{\"@type\":\"Organization\",\"@id\":\"https:\/\/strangercam.com\/#organization\",\"name\":\"Strangercam\",\"alternateName\":\"Strangercam.com\",\"url\":\"https:\/\/strangercam.com\/\",\"logo\":{\"@type\":\"ImageObject\",\"inLanguage\":\"cs\",\"@id\":\"https:\/\/strangercam.com\/#\/schema\/logo\/image\/\",\"url\":\"https:\/\/strangercam.com\/wp-content\/uploads\/2020\/11\/cropped-new-favicon-black.png\",\"contentUrl\":\"https:\/\/strangercam.com\/wp-content\/uploads\/2020\/11\/cropped-new-favicon-black.png\",\"width\":512,\"height\":512,\"caption\":\"Strangercam\"},\"image\":{\"@id\":\"https:\/\/strangercam.com\/#\/schema\/logo\/image\/\"},\"sameAs\":[\"https:\/\/www.facebook.com\/strangercam\",\"https:\/\/x.com\/strangercamapp\"]}]}<\/script>\n<!-- \/ Yoast SEO plugin. -->","yoast_head_json":{"title":"Stickam - Anonymn\u00ed chat - Cam on StrangerCam.com","description":"Jako Stickam? Poj\u010fte si zdarma popov\u00eddat s v\u00edce ne\u017e 5 000 000 cizinci na Stranger Cam! Zapn\u011bte si kameru a najd\u011bte nov\u00e9 p\u0159\u00e1tele &amp; maby z\u00e1pas!","robots":{"index":"index","follow":"follow","max-snippet":"max-snippet:-1","max-image-preview":"max-image-preview:large","max-video-preview":"max-video-preview:-1"},"canonical":"https:\/\/strangercam.com\/cs\/stickam\/","og_locale":"cs_CZ","og_type":"article","og_title":"Stickam - Chat Roulette Anonymously - Cam on StrangerCam.com","og_description":"Like Stickam? Come chat with more than 5.000.000 strangers on Stranger Cam for Free! Turn on your cam and find new friends & maby a match!","og_url":"https:\/\/strangercam.com\/cs\/stickam\/","og_site_name":"Strangercam","article_publisher":"https:\/\/www.facebook.com\/strangercam","article_modified_time":"2023-08-21T10:39:40+00:00","og_image":[{"width":800,"height":800,"url":"https:\/\/strangercam.com\/wp-content\/uploads\/2020\/11\/stranger-cam-1.png","type":"image\/png"}],"twitter_card":"summary_large_image","twitter_site":"@strangercamapp","twitter_misc":{"Odhadovan\u00e1 doba \u010dten\u00ed":"2 minuty"},"schema":{"@context":"https:\/\/schema.org","@graph":[{"@type":"WebPage","@id":"https:\/\/strangercam.com\/stickam\/","url":"https:\/\/strangercam.com\/stickam\/","name":"Stickam - Anonymn\u00ed chat - Cam on StrangerCam.com","isPartOf":{"@id":"https:\/\/strangercam.com\/#website"},"primaryImageOfPage":{"@id":"https:\/\/strangercam.com\/stickam\/#primaryimage"},"image":{"@id":"https:\/\/strangercam.com\/stickam\/#primaryimage"},"thumbnailUrl":"https:\/\/strangercam.com\/wp-content\/uploads\/2020\/11\/stranger-cam-1.png","datePublished":"2022-05-30T12:29:33+00:00","dateModified":"2023-08-21T10:39:40+00:00","description":"Jako Stickam? Poj\u010fte si zdarma popov\u00eddat s v\u00edce ne\u017e 5 000 000 cizinci na Stranger Cam! Zapn\u011bte si kameru a najd\u011bte nov\u00e9 p\u0159\u00e1tele &amp; maby z\u00e1pas!","breadcrumb":{"@id":"https:\/\/strangercam.com\/stickam\/#breadcrumb"},"inLanguage":"cs","potentialAction":[{"@type":"ReadAction","target":["https:\/\/strangercam.com\/stickam\/"]}]},{"@type":"ImageObject","inLanguage":"cs","@id":"https:\/\/strangercam.com\/stickam\/#primaryimage","url":"https:\/\/strangercam.com\/wp-content\/uploads\/2020\/11\/stranger-cam-1.png","contentUrl":"https:\/\/strangercam.com\/wp-content\/uploads\/2020\/11\/stranger-cam-1.png","width":800,"height":800,"caption":"stranger cam random video chat"},{"@type":"BreadcrumbList","@id":"https:\/\/strangercam.com\/stickam\/#breadcrumb","itemListElement":[{"@type":"ListItem","position":1,"name":"Home","item":"https:\/\/strangercam.com\/"},{"@type":"ListItem","position":2,"name":"Stickam"}]},{"@type":"WebSite","@id":"https:\/\/strangercam.com\/#website","url":"https:\/\/strangercam.com\/","name":"Strangercam","description":"N\u00e1hodn\u00fd videochat s ciz\u00edmi lidmi","publisher":{"@id":"https:\/\/strangercam.com\/#organization"},"alternateName":"Strangercam.com","potentialAction":[{"@type":"SearchAction","target":{"@type":"EntryPoint","urlTemplate":"https:\/\/strangercam.com\/?s={search_term_string}"},"query-input":{"@type":"PropertyValueSpecification","valueRequired":true,"valueName":"search_term_string"}}],"inLanguage":"cs"},{"@type":"Organization","@id":"https:\/\/strangercam.com\/#organization","name":"Strangercam","alternateName":"Strangercam.com","url":"https:\/\/strangercam.com\/","logo":{"@type":"ImageObject","inLanguage":"cs","@id":"https:\/\/strangercam.com\/#\/schema\/logo\/image\/","url":"https:\/\/strangercam.com\/wp-content\/uploads\/2020\/11\/cropped-new-favicon-black.png","contentUrl":"https:\/\/strangercam.com\/wp-content\/uploads\/2020\/11\/cropped-new-favicon-black.png","width":512,"height":512,"caption":"Strangercam"},"image":{"@id":"https:\/\/strangercam.com\/#\/schema\/logo\/image\/"},"sameAs":["https:\/\/www.facebook.com\/strangercam","https:\/\/x.com\/strangercamapp"]}]}},"_links":{"self":[{"href":"https:\/\/strangercam.com\/cs\/wp-json\/wp\/v2\/pages\/10116","targetHints":{"allow":["GET"]}}],"collection":[{"href":"https:\/\/strangercam.com\/cs\/wp-json\/wp\/v2\/pages"}],"about":[{"href":"https:\/\/strangercam.com\/cs\/wp-json\/wp\/v2\/types\/page"}],"author":[{"embeddable":true,"href":"https:\/\/strangercam.com\/cs\/wp-json\/wp\/v2\/users\/6"}],"replies":[{"embeddable":true,"href":"https:\/\/strangercam.com\/cs\/wp-json\/wp\/v2\/comments?post=10116"}],"version-history":[{"count":0,"href":"https:\/\/strangercam.com\/cs\/wp-json\/wp\/v2\/pages\/10116\/revisions"}],"wp:featuredmedia":[{"embeddable":true,"href":"https:\/\/strangercam.com\/cs\/wp-json\/wp\/v2\/media\/559"}],"wp:attachment":[{"href":"https:\/\/strangercam.com\/cs\/wp-json\/wp\/v2\/media?parent=10116"}],"curies":[{"name":"wp","href":"https:\/\/api.w.org\/{rel}","templated":true}]}}