{"id":10096,"date":"2022-05-30T14:20:25","date_gmt":"2022-05-30T12:20:25","guid":{"rendered":"https:\/\/strangercam.com\/?page_id=10096"},"modified":"2023-08-21T12:42:59","modified_gmt":"2023-08-21T10:42:59","slug":"tandoo","status":"publish","type":"page","link":"https:\/\/strangercam.com\/cs\/tandoo\/","title":{"rendered":"Tandoo"},"content":{"rendered":"<p>Tandoo je <a href=\"https:\/\/strangercam.com\/cs\/chat4free\/\">zdarma<\/a> online dru\u017estvo <a href=\"https:\/\/strangercam.com\/cs\/mili\/\">\u017eiv\u011b<\/a> video <a href=\"https:\/\/strangercam.com\/cs\/chatroulette\/\">chat<\/a> aplikace, kter\u00e1 umo\u017e\u0148uje <a href=\"https:\/\/strangercam.com\/cs\/coomeet\/\">Seznamte se s<\/a> nov\u00e9 lidi z cel\u00e9ho sv\u011bta! Cizince m\u016f\u017eete kontaktovat prost\u0159ednictv\u00edm po\u0161ty, hlasov\u00e9ho chatu nebo e-mailu. <a href=\"https:\/\/strangercam.com\/cs\/rabbit-video-chat\/\">videochat<\/a>. Je\u0161t\u011b v\u00edce pot\u011b\u0161en\u00ed v\u00e1m p\u0159inese \u00fa\u010dast na mal\u00fdch hr\u00e1ch a ve\u010d\u00edrc\u00edch! Ka\u017ed\u00e1 akce je p\u0159ipravena na pov\u00edd\u00e1n\u00ed a navazov\u00e1n\u00ed nov\u00fdch zn\u00e1most\u00ed. Join n\u00e1s pr\u00e1v\u011b te\u010f pro za\u017eit\u00ed obrovsk\u00e9 z\u00e1bavy a \u0161t\u011bst\u00ed.<\/p>\n<h3>Hlavn\u00ed funkce Tandoo.Com<\/h3>\n<p>N\u00ed\u017ee uv\u00e1d\u00edme hlavn\u00ed vlastnosti Tandoo.Com:<\/p>\n<ul>\n<li>Videochat v re\u00e1ln\u00e9m \u010dase: D\u00edky exkluzivn\u00ed funkci videochatu a audiochatu m\u016f\u017eete s kamar\u00e1dy komunikovat tv\u00e1\u0159\u00ed v tv\u00e1\u0159. K dispozici m\u00e1me tak\u00e9 tlumo\u010den\u00ed v re\u00e1ln\u00e9m \u010dase, kter\u00e9 pom\u00e1h\u00e1 odstra\u0148ovat jazykov\u00e9 bari\u00e9ry. Podporov\u00e1na jsou tak\u00e9 zkr\u00e1\u0161lovac\u00ed vylep\u0161en\u00ed a efekty.<\/li>\n<li>Hlasov\u00fd chat, kter\u00fd je jednoduch\u00fd: Sd\u00edlet sv\u00e9 srdce a du\u0161i s lidmi je jednodu\u0161\u0161\u00ed a m\u00e9n\u011b stresuj\u00edc\u00ed, kdy\u017e pou\u017e\u00edv\u00e1te hlasov\u00fd chat.<\/li>\n<li>Absolutn\u00ed skute\u010dn\u00ed jednotlivci: Tandoo nem\u00e1 \u017e\u00e1dn\u00e9 podvodn\u00e9 u\u017eivatele. V\u011b\u0159\u00edme, \u017ee se v\u00e1m bude l\u00e9pe navazovat nov\u00e1 p\u0159\u00e1telstv\u00ed. Pe\u010dliv\u011b filtrujeme kvalitn\u00ed u\u017eivatele a jejich profily podrobujeme na\u0161emu procesu ov\u011b\u0159ov\u00e1n\u00ed.<\/li>\n<li>P\u0159\u00e1telstv\u00ed z cel\u00e9ho sv\u011bta: Najd\u011bte nov\u00e9 zn\u00e1m\u00e9 ve sv\u00e9m okol\u00ed nebo vyhledejte lidi s podobn\u00fdmi z\u00e1jmy ve vzd\u00e1len\u00fdch m\u00edstech a zem\u00edch.<\/li>\n<li>Vlo\u017ete n\u00e1hodn\u00e9 doporu\u010den\u00ed: Nej\u00fa\u010dinn\u011bj\u0161\u00ed metoda navazov\u00e1n\u00ed nov\u00fdch zn\u00e1most\u00ed. Vyberte si mezi telefonn\u00ed nebo videokonferenc\u00ed a sejd\u011bte se s p\u0159\u00e1teli ve voln\u00e9m \u010dase a popov\u00eddejte si.<\/li>\n<li>Joining Party Room je spousta z\u00e1bavy.: Join n\u00e1s v re\u00e1ln\u00e9m \u010dase! Zdarma m\u016f\u017eete sledovat \u017eiv\u00fd p\u0159enos a chatovat a\u017e s 5 u\u017eivateli sou\u010dasn\u011b!<\/li>\n<li>Mal\u00e9 hry na hran\u00ed: S kamar\u00e1dem budete m\u00edt soukromou chatovac\u00ed m\u00edstnost a textovou konverzaci. Rozd\u00e1vejte kamar\u00e1d\u016fm d\u00e1rky a hrajte Tajnou pravdu, abyste je l\u00e9pe poznali!<\/li>\n<\/ul>\n<h3>Hlavn\u00ed slu\u017eby nab\u00edzen\u00e9 spole\u010dnost\u00ed Tandoo.Com<\/h3>\n<p>N\u00e1sleduj\u00ed n\u011bkter\u00e9 z nejlep\u0161\u00edch slu\u017eeb, kter\u00e9 platforma nab\u00edz\u00ed:<\/p>\n<ul>\n<li>Tandoo umo\u017e\u0148uje v\u00e9st osobn\u00ed konverzace s u\u017eivateli po cel\u00e9m sv\u011bt\u011b.<\/li>\n<li>K dispozici je videochat i hlasov\u00fd chat.<\/li>\n<li>Najd\u011bte si kamar\u00e1dy s podobn\u00fdmi z\u00e1jmy po cel\u00e9m sv\u011bt\u011b.<\/li>\n<li>N\u00e1hodn\u011b si vyb\u00edrejte a nechte se p\u0159ekvapit, koho potk\u00e1te.<\/li>\n<li>Diskutujte o sv\u00fdch n\u00e1padech se skupinou osob.<\/li>\n<\/ul>\n<h3>Z\u00e1v\u011br<\/h3>\n<p>To je jeden z nejlep\u0161\u00edch platforem pro chodit s n\u011bk\u00fdm spr\u00e1vnou osobu str\u00e1vit nejlep\u0161\u00ed \u010das. S nezn\u00e1m\u00fdmi lidmi se m\u016f\u017eete spojit prost\u0159ednictv\u00edm po\u0161ty, hlasov\u00e9ho chatu nebo videochatu. Je\u0161t\u011b v\u011bt\u0161\u00ed pot\u011b\u0161en\u00ed si m\u016f\u017eete dop\u0159\u00e1t zapojen\u00edm do jednoduch\u00fdch her a po\u0159\u00e1d\u00e1n\u00edm ve\u010d\u00edrk\u016f! Ka\u017ed\u00e1 funkce je nastavena tak, abyste si mohli pov\u00eddat a navazovat nov\u00e9 zn\u00e1mosti. Join n\u00e1s pr\u00e1v\u011b te\u010f!<\/p>","protected":false},"excerpt":{"rendered":"<p>Tandoo is a free online cooperative live video chat application that lets you meet new people from all around the world! Strangers can be contacted via mail, voice chat, or video chat. Have even more pleasure by participating in small games and attending parties! Every function is set up for chatting and making new acquaintances. [&hellip;]<\/p>\n","protected":false},"author":6,"featured_media":559,"parent":0,"menu_order":0,"comment_status":"closed","ping_status":"closed","template":"","meta":{"footnotes":""},"class_list":["post-10096","page","type-page","status-publish","has-post-thumbnail","hentry"],"yoast_head":"<!-- This site is optimized with the Yoast SEO plugin v26.9 - https:\/\/yoast.com\/product\/yoast-seo-wordpress\/ -->\n<title>Tandoo - Chat Roulette Anonymously - Cam on StrangerCam.com<\/title>\n<meta name=\"description\" content=\"Like Tandoo? Come chat with more than 5.000.000 strangers on Stranger Cam for Free! Turn on your cam and find new friends &amp; maby a match!\" \/>\n<meta name=\"robots\" content=\"index, follow, max-snippet:-1, max-image-preview:large, max-video-preview:-1\" \/>\n<link rel=\"canonical\" href=\"https:\/\/strangercam.com\/cs\/tandoo\/\" \/>\n<meta property=\"og:locale\" content=\"cs_CZ\" \/>\n<meta property=\"og:type\" content=\"article\" \/>\n<meta property=\"og:title\" content=\"Tandoo - Chat Roulette Anonymously - Cam on StrangerCam.com\" \/>\n<meta property=\"og:description\" content=\"Like Tandoo? Come chat with more than 5.000.000 strangers on Stranger Cam for Free! Turn on your cam and find new friends &amp; maby a match!\" \/>\n<meta property=\"og:url\" content=\"https:\/\/strangercam.com\/cs\/tandoo\/\" \/>\n<meta property=\"og:site_name\" content=\"Strangercam\" \/>\n<meta property=\"article:publisher\" content=\"https:\/\/www.facebook.com\/strangercam\" \/>\n<meta property=\"article:modified_time\" content=\"2023-08-21T10:42:59+00:00\" \/>\n<meta property=\"og:image\" content=\"https:\/\/strangercam.com\/wp-content\/uploads\/2020\/11\/stranger-cam-1.png\" \/>\n\t<meta property=\"og:image:width\" content=\"800\" \/>\n\t<meta property=\"og:image:height\" content=\"800\" \/>\n\t<meta property=\"og:image:type\" content=\"image\/png\" \/>\n<meta name=\"twitter:card\" content=\"summary_large_image\" \/>\n<meta name=\"twitter:site\" content=\"@strangercamapp\" \/>\n<meta name=\"twitter:label1\" content=\"Odhadovan\u00e1 doba \u010dten\u00ed\" \/>\n\t<meta name=\"twitter:data1\" content=\"2 minuty\" \/>\n<script type=\"application\/ld+json\" class=\"yoast-schema-graph\">{\"@context\":\"https:\/\/schema.org\",\"@graph\":[{\"@type\":\"WebPage\",\"@id\":\"https:\/\/strangercam.com\/tandoo\/\",\"url\":\"https:\/\/strangercam.com\/tandoo\/\",\"name\":\"Tandoo - Chat Roulette Anonymously - Cam on StrangerCam.com\",\"isPartOf\":{\"@id\":\"https:\/\/strangercam.com\/#website\"},\"primaryImageOfPage\":{\"@id\":\"https:\/\/strangercam.com\/tandoo\/#primaryimage\"},\"image\":{\"@id\":\"https:\/\/strangercam.com\/tandoo\/#primaryimage\"},\"thumbnailUrl\":\"https:\/\/strangercam.com\/wp-content\/uploads\/2020\/11\/stranger-cam-1.png\",\"datePublished\":\"2022-05-30T12:20:25+00:00\",\"dateModified\":\"2023-08-21T10:42:59+00:00\",\"description\":\"Like Tandoo? Come chat with more than 5.000.000 strangers on Stranger Cam for Free! Turn on your cam and find new friends & maby a match!\",\"breadcrumb\":{\"@id\":\"https:\/\/strangercam.com\/tandoo\/#breadcrumb\"},\"inLanguage\":\"cs\",\"potentialAction\":[{\"@type\":\"ReadAction\",\"target\":[\"https:\/\/strangercam.com\/tandoo\/\"]}]},{\"@type\":\"ImageObject\",\"inLanguage\":\"cs\",\"@id\":\"https:\/\/strangercam.com\/tandoo\/#primaryimage\",\"url\":\"https:\/\/strangercam.com\/wp-content\/uploads\/2020\/11\/stranger-cam-1.png\",\"contentUrl\":\"https:\/\/strangercam.com\/wp-content\/uploads\/2020\/11\/stranger-cam-1.png\",\"width\":800,\"height\":800,\"caption\":\"stranger cam random video chat\"},{\"@type\":\"BreadcrumbList\",\"@id\":\"https:\/\/strangercam.com\/tandoo\/#breadcrumb\",\"itemListElement\":[{\"@type\":\"ListItem\",\"position\":1,\"name\":\"Home\",\"item\":\"https:\/\/strangercam.com\/\"},{\"@type\":\"ListItem\",\"position\":2,\"name\":\"Tandoo\"}]},{\"@type\":\"WebSite\",\"@id\":\"https:\/\/strangercam.com\/#website\",\"url\":\"https:\/\/strangercam.com\/\",\"name\":\"Strangercam\",\"description\":\"Random Video Chat with Strangers\",\"publisher\":{\"@id\":\"https:\/\/strangercam.com\/#organization\"},\"alternateName\":\"Strangercam.com\",\"potentialAction\":[{\"@type\":\"SearchAction\",\"target\":{\"@type\":\"EntryPoint\",\"urlTemplate\":\"https:\/\/strangercam.com\/?s={search_term_string}\"},\"query-input\":{\"@type\":\"PropertyValueSpecification\",\"valueRequired\":true,\"valueName\":\"search_term_string\"}}],\"inLanguage\":\"cs\"},{\"@type\":\"Organization\",\"@id\":\"https:\/\/strangercam.com\/#organization\",\"name\":\"Strangercam\",\"alternateName\":\"Strangercam.com\",\"url\":\"https:\/\/strangercam.com\/\",\"logo\":{\"@type\":\"ImageObject\",\"inLanguage\":\"cs\",\"@id\":\"https:\/\/strangercam.com\/#\/schema\/logo\/image\/\",\"url\":\"https:\/\/strangercam.com\/wp-content\/uploads\/2020\/11\/cropped-new-favicon-black.png\",\"contentUrl\":\"https:\/\/strangercam.com\/wp-content\/uploads\/2020\/11\/cropped-new-favicon-black.png\",\"width\":512,\"height\":512,\"caption\":\"Strangercam\"},\"image\":{\"@id\":\"https:\/\/strangercam.com\/#\/schema\/logo\/image\/\"},\"sameAs\":[\"https:\/\/www.facebook.com\/strangercam\",\"https:\/\/x.com\/strangercamapp\"]}]}<\/script>\n<!-- \/ Yoast SEO plugin. -->","yoast_head_json":{"title":"Tandoo - Anonymn\u00ed chat - Cam on StrangerCam.com","description":"Jako Tandoo? Poj\u010fte si zdarma popov\u00eddat s v\u00edce ne\u017e 5 000 000 cizinci na Stranger Cam! Zapn\u011bte kameru a najd\u011bte nov\u00e9 p\u0159\u00e1tele &amp; maby z\u00e1pas!","robots":{"index":"index","follow":"follow","max-snippet":"max-snippet:-1","max-image-preview":"max-image-preview:large","max-video-preview":"max-video-preview:-1"},"canonical":"https:\/\/strangercam.com\/cs\/tandoo\/","og_locale":"cs_CZ","og_type":"article","og_title":"Tandoo - Chat Roulette Anonymously - Cam on StrangerCam.com","og_description":"Like Tandoo? Come chat with more than 5.000.000 strangers on Stranger Cam for Free! Turn on your cam and find new friends & maby a match!","og_url":"https:\/\/strangercam.com\/cs\/tandoo\/","og_site_name":"Strangercam","article_publisher":"https:\/\/www.facebook.com\/strangercam","article_modified_time":"2023-08-21T10:42:59+00:00","og_image":[{"width":800,"height":800,"url":"https:\/\/strangercam.com\/wp-content\/uploads\/2020\/11\/stranger-cam-1.png","type":"image\/png"}],"twitter_card":"summary_large_image","twitter_site":"@strangercamapp","twitter_misc":{"Odhadovan\u00e1 doba \u010dten\u00ed":"2 minuty"},"schema":{"@context":"https:\/\/schema.org","@graph":[{"@type":"WebPage","@id":"https:\/\/strangercam.com\/tandoo\/","url":"https:\/\/strangercam.com\/tandoo\/","name":"Tandoo - Anonymn\u00ed chat - Cam on StrangerCam.com","isPartOf":{"@id":"https:\/\/strangercam.com\/#website"},"primaryImageOfPage":{"@id":"https:\/\/strangercam.com\/tandoo\/#primaryimage"},"image":{"@id":"https:\/\/strangercam.com\/tandoo\/#primaryimage"},"thumbnailUrl":"https:\/\/strangercam.com\/wp-content\/uploads\/2020\/11\/stranger-cam-1.png","datePublished":"2022-05-30T12:20:25+00:00","dateModified":"2023-08-21T10:42:59+00:00","description":"Jako Tandoo? Poj\u010fte si zdarma popov\u00eddat s v\u00edce ne\u017e 5 000 000 cizinci na Stranger Cam! Zapn\u011bte kameru a najd\u011bte nov\u00e9 p\u0159\u00e1tele &amp; maby z\u00e1pas!","breadcrumb":{"@id":"https:\/\/strangercam.com\/tandoo\/#breadcrumb"},"inLanguage":"cs","potentialAction":[{"@type":"ReadAction","target":["https:\/\/strangercam.com\/tandoo\/"]}]},{"@type":"ImageObject","inLanguage":"cs","@id":"https:\/\/strangercam.com\/tandoo\/#primaryimage","url":"https:\/\/strangercam.com\/wp-content\/uploads\/2020\/11\/stranger-cam-1.png","contentUrl":"https:\/\/strangercam.com\/wp-content\/uploads\/2020\/11\/stranger-cam-1.png","width":800,"height":800,"caption":"stranger cam random video chat"},{"@type":"BreadcrumbList","@id":"https:\/\/strangercam.com\/tandoo\/#breadcrumb","itemListElement":[{"@type":"ListItem","position":1,"name":"Home","item":"https:\/\/strangercam.com\/"},{"@type":"ListItem","position":2,"name":"Tandoo"}]},{"@type":"WebSite","@id":"https:\/\/strangercam.com\/#website","url":"https:\/\/strangercam.com\/","name":"Strangercam","description":"N\u00e1hodn\u00fd videochat s ciz\u00edmi lidmi","publisher":{"@id":"https:\/\/strangercam.com\/#organization"},"alternateName":"Strangercam.com","potentialAction":[{"@type":"SearchAction","target":{"@type":"EntryPoint","urlTemplate":"https:\/\/strangercam.com\/?s={search_term_string}"},"query-input":{"@type":"PropertyValueSpecification","valueRequired":true,"valueName":"search_term_string"}}],"inLanguage":"cs"},{"@type":"Organization","@id":"https:\/\/strangercam.com\/#organization","name":"Strangercam","alternateName":"Strangercam.com","url":"https:\/\/strangercam.com\/","logo":{"@type":"ImageObject","inLanguage":"cs","@id":"https:\/\/strangercam.com\/#\/schema\/logo\/image\/","url":"https:\/\/strangercam.com\/wp-content\/uploads\/2020\/11\/cropped-new-favicon-black.png","contentUrl":"https:\/\/strangercam.com\/wp-content\/uploads\/2020\/11\/cropped-new-favicon-black.png","width":512,"height":512,"caption":"Strangercam"},"image":{"@id":"https:\/\/strangercam.com\/#\/schema\/logo\/image\/"},"sameAs":["https:\/\/www.facebook.com\/strangercam","https:\/\/x.com\/strangercamapp"]}]}},"_links":{"self":[{"href":"https:\/\/strangercam.com\/cs\/wp-json\/wp\/v2\/pages\/10096","targetHints":{"allow":["GET"]}}],"collection":[{"href":"https:\/\/strangercam.com\/cs\/wp-json\/wp\/v2\/pages"}],"about":[{"href":"https:\/\/strangercam.com\/cs\/wp-json\/wp\/v2\/types\/page"}],"author":[{"embeddable":true,"href":"https:\/\/strangercam.com\/cs\/wp-json\/wp\/v2\/users\/6"}],"replies":[{"embeddable":true,"href":"https:\/\/strangercam.com\/cs\/wp-json\/wp\/v2\/comments?post=10096"}],"version-history":[{"count":0,"href":"https:\/\/strangercam.com\/cs\/wp-json\/wp\/v2\/pages\/10096\/revisions"}],"wp:featuredmedia":[{"embeddable":true,"href":"https:\/\/strangercam.com\/cs\/wp-json\/wp\/v2\/media\/559"}],"wp:attachment":[{"href":"https:\/\/strangercam.com\/cs\/wp-json\/wp\/v2\/media?parent=10096"}],"curies":[{"name":"wp","href":"https:\/\/api.w.org\/{rel}","templated":true}]}}