{"id":10047,"date":"2022-05-30T13:54:47","date_gmt":"2022-05-30T11:54:47","guid":{"rendered":"https:\/\/strangercam.com\/?page_id=10047"},"modified":"2023-08-21T12:24:42","modified_gmt":"2023-08-21T10:24:42","slug":"livu","status":"publish","type":"page","link":"https:\/\/strangercam.com\/cs\/livu\/","title":{"rendered":"Livu"},"content":{"rendered":"<p>\u00da\u010delem Livu je spojit novou glob\u00e1ln\u00ed komunitu t\u00edm, \u017ee umo\u017en\u00ed jednotlivc\u016fm smyslupln\u011b se zapojit nap\u0159\u00ed\u010d kulturami, jazyky a hranicemi v bezpe\u010dn\u00e9m prost\u0159ed\u00ed. Livu je slu\u017eba pracuj\u00edc\u00ed v re\u00e1ln\u00e9m \u010dase <a href=\"https:\/\/strangercam.com\/cs\/rabbit-video-chat\/\">video<\/a> <a href=\"https:\/\/strangercam.com\/cs\/chatingly\/\">chatov\u00e1n\u00ed<\/a> platforma, kter\u00e1 spojuje jednotlivce pouh\u00fdm stisknut\u00edm tla\u010d\u00edtka a umo\u017e\u0148uje jim zaj\u00edmavou a smysluplnou online soci\u00e1ln\u00ed interakci. LivU poskytuje videokonference, p\u00e1rov\u00e1n\u00ed vide\u00ed a textov\u00e9 komunikace. <a href=\"https:\/\/strangercam.com\/cs\/chatroulette\/\">Chat<\/a> aby se na\u0161i u\u017eivatel\u00e9 mohli spojit se sv\u00fdmi p\u0159\u00e1teli a porozum\u011bt jim zp\u016fsobem, kter\u00fd jim nejl\u00e9pe vyhovuje.<\/p>\n<h3>Komunikace s lidmi na online platform\u011b pohodln\u00fdm zp\u016fsobem<\/h3>\n<p>Pomoc\u00ed smartphonu se syst\u00e9mem Android m\u016f\u017eete zobrazit r\u016fzn\u00e9 u\u017eivatele a p\u0159ech\u00e1zet od jednoho k druh\u00e9mu. <a href=\"https:\/\/strangercam.com\/cs\/nextcam\/\">dal\u0161\u00ed<\/a>, konverzovat pouze s t\u011bmi, se kter\u00fdmi chcete konverzovat. S n\u011bk\u00fdm m\u016f\u017eete pokra\u010dovat v konverzaci, pokud s n\u00edm m\u00e1te spojen\u00ed. Pokud v\u00e1s v\u0161ak n\u011bkdo irituje nebo s n\u00edm prost\u011b nechcete komunikovat, m\u016f\u017eete rychle p\u0159ej\u00edt k dal\u0161\u00ed osob\u011b. M\u016f\u017eete si vybrat, zda chcete mluvit pouze s mu\u017ei, pouze se \u017eenami nebo s ob\u011bma.<\/p>\n<h3>Funkce rozmaz\u00e1n\u00ed - u\u017eijte si zaj\u00edmavou funkci aplikace Livu<\/h3>\n<p>Pokud nen\u00ed fotoapar\u00e1t telefonu vycentrov\u00e1n na v\u00e1\u0161 obli\u010dej, zobraz\u00ed se obraz rozmazan\u00fd, co\u017e je neobvykl\u00e1 bezpe\u010dnostn\u00ed funkce, kterou LivU poskytuje ve v\u00fdchoz\u00edm nastaven\u00ed. Tato funkce zaji\u0161\u0165uje, \u017ee nebudete nuceni \u010d\u00edst potenci\u00e1ln\u011b ur\u00e1\u017eliv\u00fd materi\u00e1l. LivU je z\u00e1bavn\u00e1 technologie, kter\u00e1 v\u00e1m umo\u017en\u00ed nav\u00e1zat nov\u00e1 p\u0159\u00e1telstv\u00ed, zapojit se do podn\u011btn\u00fdch konverzac\u00ed a p\u0159\u00edpadn\u011b z\u00edskat nov\u00e9 p\u0159\u00e1tele.<\/p>\n<h3>Vysoce bezpe\u010dn\u00e1 a zabezpe\u010den\u00e1 aplikace pro u\u017eivatele v tomto vysoce vysp\u011bl\u00e9m technologick\u00e9m sv\u011bt\u011b<\/h3>\n<p>V\u00e1\u017e\u00edme si va\u0161\u00ed bezpe\u010dnosti a d\u016fv\u011brnosti a sna\u017e\u00edme se poskytovat bezpe\u010dn\u00e9 produkty a slu\u017eby. Krom\u011b pravideln\u00fdch bezpe\u010dnostn\u00edch audit\u016f si cen\u00edme p\u0159\u00edsp\u011bvk\u016f cel\u00e9 bezpe\u010dnostn\u00ed komunity a v\u00edt\u00e1me jak\u00e1koli hl\u00e1\u0161en\u00ed o potenci\u00e1ln\u00edch bezpe\u010dnostn\u00edch probl\u00e9mech, kter\u00e1 jsou p\u0159edkl\u00e1d\u00e1na organizovan\u011b, ve spolupr\u00e1ci a transparentn\u011b.<\/p>\n<h3>Jak na LivU n\u011bkoho objev\u00edte?<\/h3>\n<p>Chcete-li za\u010d\u00edt, p\u0159ihlaste se do aplikace, vyberte mo\u017enost \"Hledat\" a stiskn\u011bte tla\u010d\u00edtko . Z\u00edsk\u00e1te mo\u017enost komunikovat s lidmi z cel\u00e9ho sv\u011bta. Na obrazovce uvid\u00edte p\u0159ezd\u00edvky v\u0161ech ostatn\u00edch \u010dlen\u016f, jejich v\u011bk a zem\u011b pobytu.<\/p>\n<p>Pokud se v\u00e1m osoba l\u00edb\u00ed, m\u016f\u017eete p\u0159ejet prstem vedle a naj\u00edt jinou mo\u017enost. Na t\u00e9to platform\u011b nen\u00ed nutn\u00e9 se s nik\u00fdm spokojit. Respektujeme va\u0161i volbu. Proto jsme cel\u00fd proces filtrov\u00e1n\u00ed a objevov\u00e1n\u00ed n\u011bkoho ud\u011blali co nejpohodln\u011bj\u0161\u00ed.<\/p>\n<h3>Z\u00e1v\u011br<\/h3>\n<p>LivU je <a href=\"https:\/\/strangercam.com\/cs\/coomeet\/\">videochat<\/a> aplikace, kter\u00e1 v\u00e1m umo\u017en\u00ed v\u00e9st skute\u010dn\u011b n\u00e1hodn\u00e9 videochaty s mnoha dal\u0161\u00edmi lidmi z cel\u00e9ho sv\u011bta.<\/p>","protected":false},"excerpt":{"rendered":"<p>Livu&#8217;s purpose is to bring a new global community together by allowing individuals to engage meaningfully across cultures, languages, and boundaries in a safe and secure environment. Livu is a real-time video chatting platform that connects individuals with only a press of a button, allowing them to have an interesting and meaningful online social interaction. [&hellip;]<\/p>\n","protected":false},"author":6,"featured_media":559,"parent":0,"menu_order":0,"comment_status":"closed","ping_status":"closed","template":"","meta":{"footnotes":""},"class_list":["post-10047","page","type-page","status-publish","has-post-thumbnail","hentry"],"yoast_head":"<!-- This site is optimized with the Yoast SEO plugin v26.9 - https:\/\/yoast.com\/product\/yoast-seo-wordpress\/ -->\n<title>Livu - Chat Roulette Anonymously - Cam on StrangerCam.com<\/title>\n<meta name=\"description\" content=\"Like Livu? Come chat with more than 5.000.000 strangers on Stranger Cam for Free! Turn on your cam and find new friends &amp; maby a match!\" \/>\n<meta name=\"robots\" content=\"index, follow, max-snippet:-1, max-image-preview:large, max-video-preview:-1\" \/>\n<link rel=\"canonical\" href=\"https:\/\/strangercam.com\/cs\/livu\/\" \/>\n<meta property=\"og:locale\" content=\"cs_CZ\" \/>\n<meta property=\"og:type\" content=\"article\" \/>\n<meta property=\"og:title\" content=\"Livu - Chat Roulette Anonymously - Cam on StrangerCam.com\" \/>\n<meta property=\"og:description\" content=\"Like Livu? Come chat with more than 5.000.000 strangers on Stranger Cam for Free! Turn on your cam and find new friends &amp; maby a match!\" \/>\n<meta property=\"og:url\" content=\"https:\/\/strangercam.com\/cs\/livu\/\" \/>\n<meta property=\"og:site_name\" content=\"Strangercam\" \/>\n<meta property=\"article:publisher\" content=\"https:\/\/www.facebook.com\/strangercam\" \/>\n<meta property=\"article:modified_time\" content=\"2023-08-21T10:24:42+00:00\" \/>\n<meta property=\"og:image\" content=\"https:\/\/strangercam.com\/wp-content\/uploads\/2020\/11\/stranger-cam-1.png\" \/>\n\t<meta property=\"og:image:width\" content=\"800\" \/>\n\t<meta property=\"og:image:height\" content=\"800\" \/>\n\t<meta property=\"og:image:type\" content=\"image\/png\" \/>\n<meta name=\"twitter:card\" content=\"summary_large_image\" \/>\n<meta name=\"twitter:site\" content=\"@strangercamapp\" \/>\n<meta name=\"twitter:label1\" content=\"Odhadovan\u00e1 doba \u010dten\u00ed\" \/>\n\t<meta name=\"twitter:data1\" content=\"2 minuty\" \/>\n<script type=\"application\/ld+json\" class=\"yoast-schema-graph\">{\"@context\":\"https:\/\/schema.org\",\"@graph\":[{\"@type\":\"WebPage\",\"@id\":\"https:\/\/strangercam.com\/livu\/\",\"url\":\"https:\/\/strangercam.com\/livu\/\",\"name\":\"Livu - Chat Roulette Anonymously - Cam on StrangerCam.com\",\"isPartOf\":{\"@id\":\"https:\/\/strangercam.com\/#website\"},\"primaryImageOfPage\":{\"@id\":\"https:\/\/strangercam.com\/livu\/#primaryimage\"},\"image\":{\"@id\":\"https:\/\/strangercam.com\/livu\/#primaryimage\"},\"thumbnailUrl\":\"https:\/\/strangercam.com\/wp-content\/uploads\/2020\/11\/stranger-cam-1.png\",\"datePublished\":\"2022-05-30T11:54:47+00:00\",\"dateModified\":\"2023-08-21T10:24:42+00:00\",\"description\":\"Like Livu? Come chat with more than 5.000.000 strangers on Stranger Cam for Free! Turn on your cam and find new friends & maby a match!\",\"breadcrumb\":{\"@id\":\"https:\/\/strangercam.com\/livu\/#breadcrumb\"},\"inLanguage\":\"cs\",\"potentialAction\":[{\"@type\":\"ReadAction\",\"target\":[\"https:\/\/strangercam.com\/livu\/\"]}]},{\"@type\":\"ImageObject\",\"inLanguage\":\"cs\",\"@id\":\"https:\/\/strangercam.com\/livu\/#primaryimage\",\"url\":\"https:\/\/strangercam.com\/wp-content\/uploads\/2020\/11\/stranger-cam-1.png\",\"contentUrl\":\"https:\/\/strangercam.com\/wp-content\/uploads\/2020\/11\/stranger-cam-1.png\",\"width\":800,\"height\":800,\"caption\":\"stranger cam random video chat\"},{\"@type\":\"BreadcrumbList\",\"@id\":\"https:\/\/strangercam.com\/livu\/#breadcrumb\",\"itemListElement\":[{\"@type\":\"ListItem\",\"position\":1,\"name\":\"Home\",\"item\":\"https:\/\/strangercam.com\/\"},{\"@type\":\"ListItem\",\"position\":2,\"name\":\"Livu\"}]},{\"@type\":\"WebSite\",\"@id\":\"https:\/\/strangercam.com\/#website\",\"url\":\"https:\/\/strangercam.com\/\",\"name\":\"Strangercam\",\"description\":\"Random Video Chat with Strangers\",\"publisher\":{\"@id\":\"https:\/\/strangercam.com\/#organization\"},\"alternateName\":\"Strangercam.com\",\"potentialAction\":[{\"@type\":\"SearchAction\",\"target\":{\"@type\":\"EntryPoint\",\"urlTemplate\":\"https:\/\/strangercam.com\/?s={search_term_string}\"},\"query-input\":{\"@type\":\"PropertyValueSpecification\",\"valueRequired\":true,\"valueName\":\"search_term_string\"}}],\"inLanguage\":\"cs\"},{\"@type\":\"Organization\",\"@id\":\"https:\/\/strangercam.com\/#organization\",\"name\":\"Strangercam\",\"alternateName\":\"Strangercam.com\",\"url\":\"https:\/\/strangercam.com\/\",\"logo\":{\"@type\":\"ImageObject\",\"inLanguage\":\"cs\",\"@id\":\"https:\/\/strangercam.com\/#\/schema\/logo\/image\/\",\"url\":\"https:\/\/strangercam.com\/wp-content\/uploads\/2020\/11\/cropped-new-favicon-black.png\",\"contentUrl\":\"https:\/\/strangercam.com\/wp-content\/uploads\/2020\/11\/cropped-new-favicon-black.png\",\"width\":512,\"height\":512,\"caption\":\"Strangercam\"},\"image\":{\"@id\":\"https:\/\/strangercam.com\/#\/schema\/logo\/image\/\"},\"sameAs\":[\"https:\/\/www.facebook.com\/strangercam\",\"https:\/\/x.com\/strangercamapp\"]}]}<\/script>\n<!-- \/ Yoast SEO plugin. -->","yoast_head_json":{"title":"Livu - Anonymn\u00ed chat - Cam on StrangerCam.com","description":"Jako Livu? Poj\u010fte si zdarma popov\u00eddat s v\u00edce ne\u017e 5 000 000 cizinci na Stranger Cam! Zapn\u011bte si kameru a najd\u011bte nov\u00e9 p\u0159\u00e1tele &amp; maby z\u00e1pas!","robots":{"index":"index","follow":"follow","max-snippet":"max-snippet:-1","max-image-preview":"max-image-preview:large","max-video-preview":"max-video-preview:-1"},"canonical":"https:\/\/strangercam.com\/cs\/livu\/","og_locale":"cs_CZ","og_type":"article","og_title":"Livu - Chat Roulette Anonymously - Cam on StrangerCam.com","og_description":"Like Livu? Come chat with more than 5.000.000 strangers on Stranger Cam for Free! Turn on your cam and find new friends & maby a match!","og_url":"https:\/\/strangercam.com\/cs\/livu\/","og_site_name":"Strangercam","article_publisher":"https:\/\/www.facebook.com\/strangercam","article_modified_time":"2023-08-21T10:24:42+00:00","og_image":[{"width":800,"height":800,"url":"https:\/\/strangercam.com\/wp-content\/uploads\/2020\/11\/stranger-cam-1.png","type":"image\/png"}],"twitter_card":"summary_large_image","twitter_site":"@strangercamapp","twitter_misc":{"Odhadovan\u00e1 doba \u010dten\u00ed":"2 minuty"},"schema":{"@context":"https:\/\/schema.org","@graph":[{"@type":"WebPage","@id":"https:\/\/strangercam.com\/livu\/","url":"https:\/\/strangercam.com\/livu\/","name":"Livu - Anonymn\u00ed chat - Cam on StrangerCam.com","isPartOf":{"@id":"https:\/\/strangercam.com\/#website"},"primaryImageOfPage":{"@id":"https:\/\/strangercam.com\/livu\/#primaryimage"},"image":{"@id":"https:\/\/strangercam.com\/livu\/#primaryimage"},"thumbnailUrl":"https:\/\/strangercam.com\/wp-content\/uploads\/2020\/11\/stranger-cam-1.png","datePublished":"2022-05-30T11:54:47+00:00","dateModified":"2023-08-21T10:24:42+00:00","description":"Jako Livu? Poj\u010fte si zdarma popov\u00eddat s v\u00edce ne\u017e 5 000 000 cizinci na Stranger Cam! Zapn\u011bte si kameru a najd\u011bte nov\u00e9 p\u0159\u00e1tele &amp; maby z\u00e1pas!","breadcrumb":{"@id":"https:\/\/strangercam.com\/livu\/#breadcrumb"},"inLanguage":"cs","potentialAction":[{"@type":"ReadAction","target":["https:\/\/strangercam.com\/livu\/"]}]},{"@type":"ImageObject","inLanguage":"cs","@id":"https:\/\/strangercam.com\/livu\/#primaryimage","url":"https:\/\/strangercam.com\/wp-content\/uploads\/2020\/11\/stranger-cam-1.png","contentUrl":"https:\/\/strangercam.com\/wp-content\/uploads\/2020\/11\/stranger-cam-1.png","width":800,"height":800,"caption":"stranger cam random video chat"},{"@type":"BreadcrumbList","@id":"https:\/\/strangercam.com\/livu\/#breadcrumb","itemListElement":[{"@type":"ListItem","position":1,"name":"Home","item":"https:\/\/strangercam.com\/"},{"@type":"ListItem","position":2,"name":"Livu"}]},{"@type":"WebSite","@id":"https:\/\/strangercam.com\/#website","url":"https:\/\/strangercam.com\/","name":"Strangercam","description":"N\u00e1hodn\u00fd videochat s ciz\u00edmi lidmi","publisher":{"@id":"https:\/\/strangercam.com\/#organization"},"alternateName":"Strangercam.com","potentialAction":[{"@type":"SearchAction","target":{"@type":"EntryPoint","urlTemplate":"https:\/\/strangercam.com\/?s={search_term_string}"},"query-input":{"@type":"PropertyValueSpecification","valueRequired":true,"valueName":"search_term_string"}}],"inLanguage":"cs"},{"@type":"Organization","@id":"https:\/\/strangercam.com\/#organization","name":"Strangercam","alternateName":"Strangercam.com","url":"https:\/\/strangercam.com\/","logo":{"@type":"ImageObject","inLanguage":"cs","@id":"https:\/\/strangercam.com\/#\/schema\/logo\/image\/","url":"https:\/\/strangercam.com\/wp-content\/uploads\/2020\/11\/cropped-new-favicon-black.png","contentUrl":"https:\/\/strangercam.com\/wp-content\/uploads\/2020\/11\/cropped-new-favicon-black.png","width":512,"height":512,"caption":"Strangercam"},"image":{"@id":"https:\/\/strangercam.com\/#\/schema\/logo\/image\/"},"sameAs":["https:\/\/www.facebook.com\/strangercam","https:\/\/x.com\/strangercamapp"]}]}},"_links":{"self":[{"href":"https:\/\/strangercam.com\/cs\/wp-json\/wp\/v2\/pages\/10047","targetHints":{"allow":["GET"]}}],"collection":[{"href":"https:\/\/strangercam.com\/cs\/wp-json\/wp\/v2\/pages"}],"about":[{"href":"https:\/\/strangercam.com\/cs\/wp-json\/wp\/v2\/types\/page"}],"author":[{"embeddable":true,"href":"https:\/\/strangercam.com\/cs\/wp-json\/wp\/v2\/users\/6"}],"replies":[{"embeddable":true,"href":"https:\/\/strangercam.com\/cs\/wp-json\/wp\/v2\/comments?post=10047"}],"version-history":[{"count":0,"href":"https:\/\/strangercam.com\/cs\/wp-json\/wp\/v2\/pages\/10047\/revisions"}],"wp:featuredmedia":[{"embeddable":true,"href":"https:\/\/strangercam.com\/cs\/wp-json\/wp\/v2\/media\/559"}],"wp:attachment":[{"href":"https:\/\/strangercam.com\/cs\/wp-json\/wp\/v2\/media?parent=10047"}],"curies":[{"name":"wp","href":"https:\/\/api.w.org\/{rel}","templated":true}]}}