{"id":1004,"date":"2021-01-10T16:44:29","date_gmt":"2021-01-10T14:44:29","guid":{"rendered":"https:\/\/strangercam.com\/?page_id=1004"},"modified":"2023-08-21T12:24:41","modified_gmt":"2023-08-21T10:24:41","slug":"emerald-chat","status":"publish","type":"page","link":"https:\/\/strangercam.com\/cs\/emerald-chat\/","title":{"rendered":"Emerald Chat"},"content":{"rendered":"<p>V\u011bt\u0161ina lid\u00ed m\u00e1 dnes n\u00e1ro\u010dn\u00fd \u017eivotn\u00ed styl, aby dos\u00e1hla sv\u00fdch c\u00edl\u016f. V d\u016fsledku toho je pro n\u011b obt\u00ed\u017en\u00e9 naj\u00edt si nov\u00e9 p\u0159\u00e1tele, se kter\u00fdmi by mohli sd\u00edlet sv\u00e9 emoce a dal\u0161\u00ed v\u011bci. D\u00edky technologi\u00edm, kter\u00e9 se ka\u017ed\u00fdm dnem rychle rozv\u00edjej\u00ed, se st\u00e1v\u00e1 snadn\u00fdm procesem navazov\u00e1n\u00ed kontakt\u016f s ciz\u00edmi lidmi, kter\u00e9 mohou pomoci budovat nov\u00e9 vztahy. V dne\u0161n\u00ed dob\u011b existuj\u00ed webov\u00e9 platformy a mobiln\u00ed aplikace, jejich\u017e c\u00edlem je naplnit o\u010dek\u00e1v\u00e1n\u00ed u\u017eivatel\u016f, kte\u0159\u00ed cht\u011bj\u00ed <a href=\"https:\/\/strangercam.com\/cs\/chatroulette\/\">chat<\/a> s ostatn\u00edmi snadno. Sou\u010dasn\u011b je nutn\u00e9 je hodnotit s vysokou pozornost\u00ed, abyste si vybrali ten spr\u00e1vn\u00fd.<\/p>\n<h2>Webov\u00e1 platforma Emerald pro setk\u00e1v\u00e1n\u00ed s nov\u00fdmi lidmi<\/h2>\n<p>Emerald je webov\u00e1 platforma ur\u010den\u00e1 k rychl\u00e9mu seznamov\u00e1n\u00ed s nov\u00fdmi lidmi online. Platforma umo\u017e\u0148uje u\u017eivatel\u016fm co nejd\u0159\u00edve naj\u00edt zaj\u00edmav\u00e9 osoby z r\u016fzn\u00fdch oblast\u00ed \u017eivota. Nab\u00edz\u00ed zp\u016fsoby, jak nav\u00e1zat kontakt s lidmi, kte\u0159\u00ed maj\u00ed podobn\u00e9 z\u00e1jmy. Ka\u017ed\u00fd, kdo chce chatovat s nezn\u00e1m\u00fdmi, m\u016f\u017ee tuto platformu vyu\u017e\u00edt, proto\u017ee nab\u00edz\u00ed ty nejlep\u0161\u00ed funkce. Ve skute\u010dnosti je platforma t\u00edm prav\u00fdm m\u00edstem pro ty, kte\u0159\u00ed cht\u011bj\u00ed v jednoduch\u00fdch kroc\u00edch identifikovat svou zvl\u00e1\u0161tn\u00ed osobu. Z\u00e1rove\u0148 by si u\u017eivatel\u00e9 m\u011bli p\u0159ed zah\u00e1jen\u00edm chat\u016f pe\u010dliv\u011b p\u0159e\u010d\u00edst pokyny.<\/p>\n<h2>Jak to funguje?<\/h2>\n<p>EmeraldChat je \u00fadajn\u011b alternativou k <a href=\"https:\/\/strangercam.com\/cs\/omegle\/\">Omegle<\/a> a jeho u\u017eivatelsk\u00e9 rozhran\u00ed je v podstat\u011b stejn\u00e9. Stejn\u011b jako Omegle nevy\u017eaduje k registraci p\u0159\u00edli\u0161 mnoho informac\u00ed a m\u016f\u017eete spustit <a href=\"https:\/\/strangercam.com\/cs\/videochat-s-cizimi-lidmi\/\">videochat s ciz\u00edmi lidmi<\/a> voln\u011b.<\/p>\n<p>Chcete-li zah\u00e1jit videochat s ciz\u00edmi lidmi, mus\u00edte p\u0159ej\u00edt na domovskou str\u00e1nku a kliknout na tla\u010d\u00edtko Start. Pot\u00e9 vyberte pohlav\u00ed mu\u017e-\u017eena, dal\u0161\u00ed pot\u00e9 budete vyzv\u00e1ni k v\u00fdb\u011bru jedn\u00e9 z mo\u017enost\u00ed z<\/p>\n<ul>\n<li>Jeden na jednoho Textov\u00fd chat<\/li>\n<li><a href=\"https:\/\/strangercam.com\/cs\/rabbit-video-chat\/\">Videochat<\/a><\/li>\n<li>Skupinov\u00fd chat<\/li>\n<\/ul>\n<h3>Jeden na jednoho Textov\u00fd chat:<\/h3>\n<p>V chatu jeden na jednoho m\u00e1te mo\u017enost chatovat pouze s jednou osobou a tuto osobu si m\u016f\u017eete vybrat z 13 r\u016fzn\u00fdch hashtag\u016f a po kliknut\u00ed na hashtag va\u0161eho z\u00e1jmu v\u00e1m Emerald najde shodu a pot\u00e9 m\u016f\u017eete za\u010d\u00edt chatovat s touto osobou.<\/p>\n<h3>Videochat<\/h3>\n<p>V textov\u00e9m chatu jeden na jednoho m\u016f\u017eete chatovat pouze s jednou osobou. Pokud chcete druhou osobu vid\u011bt prost\u0159ednictv\u00edm webov\u00e9 kamery, mus\u00edte vybrat mo\u017enost videochatu. Mnoho lid\u00ed d\u00e1v\u00e1 t\u00e9to mo\u017enosti p\u0159ednost a chce videochatovat s ciz\u00edmi lidmi. Pr\u00e1v\u011b zde m\u016f\u017eete naj\u00edt dobr\u00e9 p\u0159\u00e1tele nebo romantiku nebo si m\u016f\u017eete u\u017e\u00edt v\u010dasnou spole\u010dnost. P\u0159i pou\u017e\u00edv\u00e1n\u00ed videochatu by m\u011bl b\u00fdt \u010dlov\u011bk opatrn\u011bj\u0161\u00ed a nikdy by nem\u011bl sd\u011blovat \u017e\u00e1dn\u00e9 osobn\u00ed informace nebo podobn\u00e9 seetk\u00e1n\u00ed ciz\u00edm lidem, proto\u017ee mnoho online podvodn\u00edk\u016f v\u017edy hled\u00e1 nevinn\u00e9 lidi, kter\u00e9 by mohli podv\u00e9st.<\/p>\n<h3>Skupinov\u00fd chat<\/h3>\n<p>Funkce skupinov\u00e9ho chatu Emerald poskytuj\u00ed u\u017eivatel\u016fm mo\u017enost p\u0159ipojit se k r\u016fzn\u00fdm skupin\u00e1m se spole\u010dn\u00fdmi z\u00e1jmy. U\u017eivatel\u00e9 se mohou p\u0159ipojit ke skupinov\u00e9mu chatu v\u00fdb\u011brem hashtag\u016f, kter\u00e9 je zaj\u00edmaj\u00ed.<\/p>\n<h2>Jak\u00e9 funkce jsou k dispozici ve webov\u00e9 platform\u011b Emerald?<\/h2>\n<p>Webov\u00e1 platforma umo\u017e\u0148uje u\u017eivatel\u016fm v\u00e9st konverzace pomoc\u00ed textov\u00fdch zpr\u00e1v a videochat\u016f pro zaji\u0161t\u011bn\u00ed lep\u0161\u00edho z\u00e1\u017eitku. Krom\u011b toho webov\u00e1 platforma smaragdov\u00e9ho chatu umo\u017e\u0148uje u\u017eivatel\u016fm bez pot\u00ed\u017e\u00ed sd\u00edlet fotografie a medi\u00e1ln\u00ed soubory. U\u017eivatel\u00e9 mohou na t\u00e9to platform\u011b dokonce filtrovat shody podle pohlav\u00ed a m\u00edsta, kdy\u017e cht\u011bj\u00ed <a href=\"https:\/\/strangercam.com\/cs\/coomeet\/\">Seznamte se s<\/a> nov\u00ed lid\u00e9. Proces registrace je jednoduch\u00fd a umo\u017e\u0148uje hledat dobr\u00e9 p\u0159\u00e1tele z r\u016fzn\u00fdch \u010d\u00e1st\u00ed sv\u011bta. Vzhledem k tomu, \u017ee webov\u00e1 platforma je zdarma, umo\u017e\u0148uje \u010dlov\u011bku spojit se s ostatn\u00edmi co nejd\u0159\u00edve.<\/p>\n<h2>Funkce nab\u00edzen\u00e9 aplikac\u00ed smaragdov\u00fd chat<\/h2>\n<p>Aplikace je v sou\u010dasn\u00e9 dob\u011b ve f\u00e1zi v\u00fdvoje a bude obsahovat jedine\u010dn\u00e9 funkce. Mezi n\u011b pat\u0159\u00ed odleh\u010den\u00ed, p\u0159izp\u016fsoben\u00ed, \u010dast\u00e9 aktualizace, moderov\u00e1n\u00ed na pln\u00fd \u00favazek a vynikaj\u00edc\u00ed podpora. Bude fungovat na v\u0161ech mobiln\u00edch za\u0159\u00edzen\u00edch, co\u017e u\u017eivatel\u016fm umo\u017en\u00ed volat s ostatn\u00edmi vysokou rychlost\u00ed. Ti, kte\u0159\u00ed se cht\u011bj\u00ed dozv\u011bd\u011bt v\u00edce podrobnost\u00ed, mohou nav\u0161t\u00edvit ofici\u00e1ln\u00ed webov\u00e9 str\u00e1nky, kter\u00e9 mohou pomoci za\u010d\u00edt hledat n\u011bkoho, kdo m\u00e1 vynikaj\u00edc\u00ed vlastnosti. Smaragdov\u00e1 webov\u00e1 platforma chatu umo\u017e\u0148uje uskute\u010dniteln\u00e9 zp\u016fsoby, jak budovat nov\u00e9 vztahy na r\u016fzn\u00fdch m\u00edstech, aby bylo mo\u017en\u00e9 sd\u00edlet v\u0161e v bezpe\u010dn\u00e9m prost\u0159ed\u00ed. Na druhou stranu je nutn\u00e9 si p\u0159ed pou\u017eit\u00edm platformy \u0159\u00e1dn\u011b p\u0159e\u010d\u00edst podm\u00ednky.<\/p>\n<h2>Stanoven\u00ed cen<\/h2>\n<p>Emerald je ciz\u00ed aplikace pro videochat, kter\u00e1 nab\u00edz\u00ed sv\u00e9 z\u00e1kladn\u00ed slu\u017eby zdarma. V\u017edy si v\u0161ak m\u016f\u017eete zakoupit jej\u00ed \u010dlenstv\u00ed a vyu\u017e\u00edvat n\u011bkter\u00e9 dal\u0161\u00ed v\u00fdhody. Nab\u00edz\u00ed dva typy \u010dlensk\u00fdch program\u016f.<\/p>\n<ul>\n<li>Zlat\u00e9 \u010dlenstv\u00ed Emerald<\/li>\n<li>Smaragdov\u00e1 s\u00ed\u0148 sl\u00e1vy<\/li>\n<\/ul>\n<h3>Zlat\u00e9 \u010dlenstv\u00ed Emerald<\/h3>\n<p>U\u017eivatel\u00e9 Emerald si mohou p\u0159edplatit zlat\u00e9 \u010dlenstv\u00ed za 3,89$ m\u011bs\u00ed\u010dn\u011b. Zlat\u00ed \u010dlenov\u00e9 Emerald mohou vyu\u017e\u00edvat mnoho pr\u00e9miov\u00fdch funkc\u00ed v\u010detn\u011b filtr\u016f podle pohlav\u00ed a modr\u00e9ho za\u0161krtnut\u00ed u jmen u\u017eivatel\u016f.<\/p>\n<h3>Smaragdov\u00e1 s\u00ed\u0148 sl\u00e1vy<\/h3>\n<p>U\u017eivatel\u00e9 Emerald se mohou dostat do Emerald s\u00edn\u011b sl\u00e1vy, pokud zaplat\u00ed 8,89$ m\u011bs\u00ed\u010dn\u011b. Profil u\u017eivatel\u016f Emerald Hall of Fame se objev\u00ed v nejlep\u0161\u00edch v\u00fdsledc\u00edch a z\u00edsk\u00e1 mnoho \u017e\u00e1dost\u00ed o p\u0159\u00e1telstv\u00ed a nakonec i mnoho \u0161anc\u00ed t chatovat s lidmi po cel\u00e9m sv\u011bt\u011b.<\/p>\n<h2>Je jeho pou\u017e\u00edv\u00e1n\u00ed bezpe\u010dn\u00e9?<\/h2>\n<p>Mnoho lid\u00ed nyn\u00ed pou\u017e\u00edv\u00e1 aplikace pro videochat, aby si na\u0161li nov\u00e9 p\u0159\u00e1tele, romantiku nebo zabili \u010das. Mnoho ciz\u00edch aplikac\u00ed pro videochat v\u0161ak nen\u00ed v\u016fbec bezpe\u010dn\u00fdch, bu\u010f jsou pln\u00e9 online podvodn\u00edk\u016f a nevhodn\u00e9ho obsahu, nebo je v nich ohro\u017eeno soukrom\u00ed. EmeraldChat se prohla\u0161uje za alternativu Omegle a okop\u00edrovan\u00e9ho Omegle ve v\u0161em, ale tady se zd\u00e1, \u017ee chyb\u00ed. Proto\u017ee nevy\u017eaduje mobiln\u00ed aplikaci Emerald je st\u00e1le ve f\u00e1zi v\u00fdvoje, p\u0159esto ji m\u016f\u017eete pou\u017e\u00edvat a m\u00e1 stejn\u011b u\u017eivatelsky p\u0159\u00edv\u011btiv\u00fd ovl\u00e1dac\u00ed panel jako jej\u00ed webov\u00e9 str\u00e1nky.<\/p>","protected":false},"excerpt":{"rendered":"<p>Most people are having a busy lifestyle today to accomplish their goals. As a result, they find it difficult to make new friends for sharing their emotions and other things. With technologies are growing fast day by day, it becomes a simple process to connect with strangers easily that can help build new relationships. Nowadays, [&hellip;]<\/p>\n","protected":false},"author":6,"featured_media":559,"parent":0,"menu_order":0,"comment_status":"closed","ping_status":"closed","template":"","meta":{"footnotes":""},"class_list":["post-1004","page","type-page","status-publish","has-post-thumbnail","hentry"],"yoast_head":"<!-- This site is optimized with the Yoast SEO plugin v26.9 - https:\/\/yoast.com\/product\/yoast-seo-wordpress\/ -->\n<title>Emerald Chat - Cam with Strangers on StrangerCam.com<\/title>\n<meta name=\"description\" content=\"Like Emerald Chat? Come chat with more than 5.000.000 strangers on Stranger Cam for Free! Turn on your cam and find new friends!\" \/>\n<meta name=\"robots\" content=\"index, follow, max-snippet:-1, max-image-preview:large, max-video-preview:-1\" \/>\n<link rel=\"canonical\" href=\"https:\/\/strangercam.com\/cs\/emerald-chat\/\" \/>\n<meta property=\"og:locale\" content=\"cs_CZ\" \/>\n<meta property=\"og:type\" content=\"article\" \/>\n<meta property=\"og:title\" content=\"Emerald Chat - Cam with Strangers on StrangerCam.com\" \/>\n<meta property=\"og:description\" content=\"Like Emerald Chat? Come chat with more than 5.000.000 strangers on Stranger Cam for Free! Turn on your cam and find new friends!\" \/>\n<meta property=\"og:url\" content=\"https:\/\/strangercam.com\/cs\/emerald-chat\/\" \/>\n<meta property=\"og:site_name\" content=\"Strangercam\" \/>\n<meta property=\"article:publisher\" content=\"https:\/\/www.facebook.com\/strangercam\" \/>\n<meta property=\"article:modified_time\" content=\"2023-08-21T10:24:41+00:00\" \/>\n<meta property=\"og:image\" content=\"https:\/\/strangercam.com\/wp-content\/uploads\/2020\/11\/stranger-cam-1.png\" \/>\n\t<meta property=\"og:image:width\" content=\"800\" \/>\n\t<meta property=\"og:image:height\" content=\"800\" \/>\n\t<meta property=\"og:image:type\" content=\"image\/png\" \/>\n<meta name=\"twitter:card\" content=\"summary_large_image\" \/>\n<meta name=\"twitter:site\" content=\"@strangercamapp\" \/>\n<meta name=\"twitter:label1\" content=\"Odhadovan\u00e1 doba \u010dten\u00ed\" \/>\n\t<meta name=\"twitter:data1\" content=\"5 minut\" \/>\n<script type=\"application\/ld+json\" class=\"yoast-schema-graph\">{\"@context\":\"https:\/\/schema.org\",\"@graph\":[{\"@type\":\"WebPage\",\"@id\":\"https:\/\/strangercam.com\/emerald-chat\/\",\"url\":\"https:\/\/strangercam.com\/emerald-chat\/\",\"name\":\"Emerald Chat - Cam with Strangers on StrangerCam.com\",\"isPartOf\":{\"@id\":\"https:\/\/strangercam.com\/#website\"},\"primaryImageOfPage\":{\"@id\":\"https:\/\/strangercam.com\/emerald-chat\/#primaryimage\"},\"image\":{\"@id\":\"https:\/\/strangercam.com\/emerald-chat\/#primaryimage\"},\"thumbnailUrl\":\"https:\/\/strangercam.com\/wp-content\/uploads\/2020\/11\/stranger-cam-1.png\",\"datePublished\":\"2021-01-10T14:44:29+00:00\",\"dateModified\":\"2023-08-21T10:24:41+00:00\",\"description\":\"Like Emerald Chat? Come chat with more than 5.000.000 strangers on Stranger Cam for Free! Turn on your cam and find new friends!\",\"breadcrumb\":{\"@id\":\"https:\/\/strangercam.com\/emerald-chat\/#breadcrumb\"},\"inLanguage\":\"cs\",\"potentialAction\":[{\"@type\":\"ReadAction\",\"target\":[\"https:\/\/strangercam.com\/emerald-chat\/\"]}]},{\"@type\":\"ImageObject\",\"inLanguage\":\"cs\",\"@id\":\"https:\/\/strangercam.com\/emerald-chat\/#primaryimage\",\"url\":\"https:\/\/strangercam.com\/wp-content\/uploads\/2020\/11\/stranger-cam-1.png\",\"contentUrl\":\"https:\/\/strangercam.com\/wp-content\/uploads\/2020\/11\/stranger-cam-1.png\",\"width\":800,\"height\":800,\"caption\":\"stranger cam random video chat\"},{\"@type\":\"BreadcrumbList\",\"@id\":\"https:\/\/strangercam.com\/emerald-chat\/#breadcrumb\",\"itemListElement\":[{\"@type\":\"ListItem\",\"position\":1,\"name\":\"Home\",\"item\":\"https:\/\/strangercam.com\/\"},{\"@type\":\"ListItem\",\"position\":2,\"name\":\"Emerald Chat\"}]},{\"@type\":\"WebSite\",\"@id\":\"https:\/\/strangercam.com\/#website\",\"url\":\"https:\/\/strangercam.com\/\",\"name\":\"Strangercam\",\"description\":\"Random Video Chat with Strangers\",\"publisher\":{\"@id\":\"https:\/\/strangercam.com\/#organization\"},\"alternateName\":\"Strangercam.com\",\"potentialAction\":[{\"@type\":\"SearchAction\",\"target\":{\"@type\":\"EntryPoint\",\"urlTemplate\":\"https:\/\/strangercam.com\/?s={search_term_string}\"},\"query-input\":{\"@type\":\"PropertyValueSpecification\",\"valueRequired\":true,\"valueName\":\"search_term_string\"}}],\"inLanguage\":\"cs\"},{\"@type\":\"Organization\",\"@id\":\"https:\/\/strangercam.com\/#organization\",\"name\":\"Strangercam\",\"alternateName\":\"Strangercam.com\",\"url\":\"https:\/\/strangercam.com\/\",\"logo\":{\"@type\":\"ImageObject\",\"inLanguage\":\"cs\",\"@id\":\"https:\/\/strangercam.com\/#\/schema\/logo\/image\/\",\"url\":\"https:\/\/strangercam.com\/wp-content\/uploads\/2020\/11\/cropped-new-favicon-black.png\",\"contentUrl\":\"https:\/\/strangercam.com\/wp-content\/uploads\/2020\/11\/cropped-new-favicon-black.png\",\"width\":512,\"height\":512,\"caption\":\"Strangercam\"},\"image\":{\"@id\":\"https:\/\/strangercam.com\/#\/schema\/logo\/image\/\"},\"sameAs\":[\"https:\/\/www.facebook.com\/strangercam\",\"https:\/\/x.com\/strangercamapp\"]}]}<\/script>\n<!-- \/ Yoast SEO plugin. -->","yoast_head_json":{"title":"Emerald Chat - Kamera s cizinci na StrangerCam.com","description":"Jako Emerald Chat? Poj\u010fte si zdarma popov\u00eddat s v\u00edce ne\u017e 5 000 000 cizinci na Stranger Cam! Zapn\u011bte si kameru a najd\u011bte si nov\u00e9 p\u0159\u00e1tele!","robots":{"index":"index","follow":"follow","max-snippet":"max-snippet:-1","max-image-preview":"max-image-preview:large","max-video-preview":"max-video-preview:-1"},"canonical":"https:\/\/strangercam.com\/cs\/emerald-chat\/","og_locale":"cs_CZ","og_type":"article","og_title":"Emerald Chat - Cam with Strangers on StrangerCam.com","og_description":"Like Emerald Chat? Come chat with more than 5.000.000 strangers on Stranger Cam for Free! Turn on your cam and find new friends!","og_url":"https:\/\/strangercam.com\/cs\/emerald-chat\/","og_site_name":"Strangercam","article_publisher":"https:\/\/www.facebook.com\/strangercam","article_modified_time":"2023-08-21T10:24:41+00:00","og_image":[{"width":800,"height":800,"url":"https:\/\/strangercam.com\/wp-content\/uploads\/2020\/11\/stranger-cam-1.png","type":"image\/png"}],"twitter_card":"summary_large_image","twitter_site":"@strangercamapp","twitter_misc":{"Odhadovan\u00e1 doba \u010dten\u00ed":"5 minut"},"schema":{"@context":"https:\/\/schema.org","@graph":[{"@type":"WebPage","@id":"https:\/\/strangercam.com\/emerald-chat\/","url":"https:\/\/strangercam.com\/emerald-chat\/","name":"Emerald Chat - Kamera s cizinci na StrangerCam.com","isPartOf":{"@id":"https:\/\/strangercam.com\/#website"},"primaryImageOfPage":{"@id":"https:\/\/strangercam.com\/emerald-chat\/#primaryimage"},"image":{"@id":"https:\/\/strangercam.com\/emerald-chat\/#primaryimage"},"thumbnailUrl":"https:\/\/strangercam.com\/wp-content\/uploads\/2020\/11\/stranger-cam-1.png","datePublished":"2021-01-10T14:44:29+00:00","dateModified":"2023-08-21T10:24:41+00:00","description":"Jako Emerald Chat? Poj\u010fte si zdarma popov\u00eddat s v\u00edce ne\u017e 5 000 000 cizinci na Stranger Cam! Zapn\u011bte si kameru a najd\u011bte si nov\u00e9 p\u0159\u00e1tele!","breadcrumb":{"@id":"https:\/\/strangercam.com\/emerald-chat\/#breadcrumb"},"inLanguage":"cs","potentialAction":[{"@type":"ReadAction","target":["https:\/\/strangercam.com\/emerald-chat\/"]}]},{"@type":"ImageObject","inLanguage":"cs","@id":"https:\/\/strangercam.com\/emerald-chat\/#primaryimage","url":"https:\/\/strangercam.com\/wp-content\/uploads\/2020\/11\/stranger-cam-1.png","contentUrl":"https:\/\/strangercam.com\/wp-content\/uploads\/2020\/11\/stranger-cam-1.png","width":800,"height":800,"caption":"stranger cam random video chat"},{"@type":"BreadcrumbList","@id":"https:\/\/strangercam.com\/emerald-chat\/#breadcrumb","itemListElement":[{"@type":"ListItem","position":1,"name":"Home","item":"https:\/\/strangercam.com\/"},{"@type":"ListItem","position":2,"name":"Emerald Chat"}]},{"@type":"WebSite","@id":"https:\/\/strangercam.com\/#website","url":"https:\/\/strangercam.com\/","name":"Strangercam","description":"N\u00e1hodn\u00fd videochat s ciz\u00edmi lidmi","publisher":{"@id":"https:\/\/strangercam.com\/#organization"},"alternateName":"Strangercam.com","potentialAction":[{"@type":"SearchAction","target":{"@type":"EntryPoint","urlTemplate":"https:\/\/strangercam.com\/?s={search_term_string}"},"query-input":{"@type":"PropertyValueSpecification","valueRequired":true,"valueName":"search_term_string"}}],"inLanguage":"cs"},{"@type":"Organization","@id":"https:\/\/strangercam.com\/#organization","name":"Strangercam","alternateName":"Strangercam.com","url":"https:\/\/strangercam.com\/","logo":{"@type":"ImageObject","inLanguage":"cs","@id":"https:\/\/strangercam.com\/#\/schema\/logo\/image\/","url":"https:\/\/strangercam.com\/wp-content\/uploads\/2020\/11\/cropped-new-favicon-black.png","contentUrl":"https:\/\/strangercam.com\/wp-content\/uploads\/2020\/11\/cropped-new-favicon-black.png","width":512,"height":512,"caption":"Strangercam"},"image":{"@id":"https:\/\/strangercam.com\/#\/schema\/logo\/image\/"},"sameAs":["https:\/\/www.facebook.com\/strangercam","https:\/\/x.com\/strangercamapp"]}]}},"_links":{"self":[{"href":"https:\/\/strangercam.com\/cs\/wp-json\/wp\/v2\/pages\/1004","targetHints":{"allow":["GET"]}}],"collection":[{"href":"https:\/\/strangercam.com\/cs\/wp-json\/wp\/v2\/pages"}],"about":[{"href":"https:\/\/strangercam.com\/cs\/wp-json\/wp\/v2\/types\/page"}],"author":[{"embeddable":true,"href":"https:\/\/strangercam.com\/cs\/wp-json\/wp\/v2\/users\/6"}],"replies":[{"embeddable":true,"href":"https:\/\/strangercam.com\/cs\/wp-json\/wp\/v2\/comments?post=1004"}],"version-history":[{"count":0,"href":"https:\/\/strangercam.com\/cs\/wp-json\/wp\/v2\/pages\/1004\/revisions"}],"wp:featuredmedia":[{"embeddable":true,"href":"https:\/\/strangercam.com\/cs\/wp-json\/wp\/v2\/media\/559"}],"wp:attachment":[{"href":"https:\/\/strangercam.com\/cs\/wp-json\/wp\/v2\/media?parent=1004"}],"curies":[{"name":"wp","href":"https:\/\/api.w.org\/{rel}","templated":true}]}}