{"id":10021,"date":"2022-05-30T13:39:35","date_gmt":"2022-05-30T11:39:35","guid":{"rendered":"https:\/\/strangercam.com\/?page_id=10021"},"modified":"2023-08-21T12:38:00","modified_gmt":"2023-08-21T10:38:00","slug":"randochat","status":"publish","type":"page","link":"https:\/\/strangercam.com\/cs\/randochat\/","title":{"rendered":"Randochat"},"content":{"rendered":"<p>RandoChat je n\u00e1hodn\u00fd <a href=\"https:\/\/strangercam.com\/cs\/chatroulette\/\">chat<\/a> program, kter\u00fd umo\u017e\u0148uje <a href=\"https:\/\/strangercam.com\/cs\/coomeet\/\">Seznamte se s<\/a> nov\u00e9 lidi anonymn\u011b. Nen\u00ed t\u0159eba zakl\u00e1dat \u00fa\u010det ani se p\u0159ihla\u0161ovat. Jedin\u00fdm klepnut\u00edm m\u016f\u017eete zah\u00e1jit konverzaci mezi \u010dty\u0159ma o\u010dima. Webov\u00e9 str\u00e1nky nab\u00edzej\u00ed snadno pou\u017eitelnou platformu pro interakci s nov\u00fdmi lidmi online. Slu\u017eba Randochat nab\u00edz\u00ed slu\u017eby z\u00e1kaznick\u00e9 podpory nejvy\u0161\u0161\u00ed kvality.<\/p>\n<h3>Jak pou\u017e\u00edvat aplikaci Randochat Dating App?<\/h3>\n<p>M\u016f\u017eete pou\u017e\u00edvat aplikaci pro chytr\u00e9 telefony, kter\u00e1 v\u00e1m umo\u017en\u00ed komunikovat s ostatn\u00edmi u\u017eivateli, kte\u0159\u00ed se do syst\u00e9mu p\u0159ihl\u00e1sili. U\u017eivatel\u00e9 nemus\u00ed platit \u017e\u00e1dn\u00e9 poplatky za vyu\u017e\u00edv\u00e1n\u00ed zaj\u00edmav\u00fdch funkc\u00ed webu. Je zcela <a href=\"https:\/\/strangercam.com\/cs\/chat4free\/\">zdarma<\/a> pro u\u017eivatele. Nen\u00ed t\u0159eba se registrovat. Tento bal\u00ed\u010dek funguje podobn\u011b jako standardn\u00ed slu\u017eba SMS a umo\u017e\u0148uje p\u0159en\u00e1\u0161et text i obr\u00e1zky. D\u00edky n\u00e1hodnosti tohoto syst\u00e9mu je jeho pou\u017e\u00edv\u00e1n\u00ed velmi z\u00e1bavn\u00e9.<\/p>\n<h3>Hlavn\u00ed funkce webov\u00e9 str\u00e1nky Randochat<\/h3>\n<p>N\u00ed\u017ee jsou uvedeny n\u011bkter\u00e9 z hlavn\u00edch funkc\u00ed modelu Randochat:<\/p>\n<ul>\n<li>Ud\u011blejte si z RandoChatu sv\u00e9ho kamar\u00e1da. Komunikujte s nov\u00fdmi lidmi a z\u00e1rove\u0148 <a href=\"https:\/\/strangercam.com\/cs\/chatingly\/\">chatov\u00e1n\u00ed<\/a> anonymn\u011b! Jedn\u00e1 se o zcela bezplatnou slu\u017ebu.<\/li>\n<li>Neuchov\u00e1v\u00e1n\u00ed dat. Va\u0161e konverzace se na na\u0161ich serverech uchov\u00e1vaj\u00ed pouze po omezenou dobu a po odesl\u00e1n\u00ed va\u0161emu kamar\u00e1dovi v chatu budou odstran\u011bny.<\/li>\n<li>Chcete-li pou\u017e\u00edvat tento software, mus\u00ed v\u00e1m b\u00fdt alespo\u0148 18 let. nenahr\u00e1vejte \u017e\u00e1dn\u00fd nevhodn\u00fd obsah, jako je nahota, rasistick\u00fd nebo ur\u00e1\u017eliv\u00fd materi\u00e1l. Pokud dojde k poru\u0161en\u00ed na\u0161ich podm\u00ednek, m\u016f\u017ee b\u00fdt v\u00e1\u0161 \u00fa\u010det na dobu neur\u010ditou pozastaven.<\/li>\n<li>Zabezpe\u010den\u00ed dat. Znalost zp\u016fsobu, jak\u00fdm v\u00fdvoj\u00e1\u0159i z\u00edsk\u00e1vaj\u00ed a sd\u00edlej\u00ed va\u0161e data, je prvn\u00edm krokem k zabezpe\u010den\u00ed. Postupy ochrany osobn\u00edch \u00fadaj\u016f a d\u016fv\u011brnosti se mohou li\u0161it v z\u00e1vislosti na tom, jak web pou\u017e\u00edv\u00e1te, kde ho <a href=\"https:\/\/strangercam.com\/cs\/mili\/\">\u017eiv\u011b<\/a>a kolik je v\u00e1m let. Tyto informace poskytl v\u00fdvoj\u00e1\u0159, kter\u00fd je m\u016f\u017ee v budoucnu aktualizovat.<\/li>\n<li>Nedojde ke sd\u00edlen\u00ed \u00fadaj\u016f s t\u0159et\u00edmi stranami. Webov\u00e9 str\u00e1nky neposkytnou \u00fadaje inzerent\u016fm, kte\u0159\u00ed je mohou pou\u017e\u00edt k r\u016fzn\u00fdm \u00fa\u010del\u016fm. V\u00edce informac\u00ed o u\u010din\u011bn\u00fdch prohl\u00e1\u0161en\u00edch o sd\u00edlen\u00ed se m\u016f\u017eete dozv\u011bd\u011bt, kdy\u017e se spoj\u00edte se z\u00e1kaznickou podporou.<\/li>\n<li>Tyto typy dat m\u016f\u017ee tato aplikace shroma\u017e\u010fovat. To znamen\u00e1, \u017ee tato webov\u00e1 str\u00e1nka nesd\u00edl\u00ed ani neukl\u00e1d\u00e1 \u017e\u00e1dn\u00e9 va\u0161e osobn\u00ed \u00fadaje, fotografie ani videa. P\u0159i p\u0159enosu jsou data \u0161ifrov\u00e1na.<\/li>\n<li>Odstran\u011bn\u00ed \u00fadaj\u016f. Pokud se v\u00e1m \u00fadaje zve\u0159ejn\u011bn\u00e9 online nel\u00edb\u00ed, m\u016f\u017eete po\u017e\u00e1dat o jejich odstran\u011bn\u00ed.<\/li>\n<\/ul>\n<h3>Z\u00e1v\u011br<\/h3>\n<p>Za\u0159\u00edzen\u00ed Randochat p\u0159edstavuje vynikaj\u00edc\u00ed platformu pro komunikaci se spr\u00e1vn\u00fdmi lidmi online. M\u016f\u017eete pou\u017e\u00edt filtry pro osloven\u00ed osoby, kterou mo\u017en\u00e1 zbo\u017e\u0148ujete, a str\u00e1vit spolu skv\u011bl\u00fd \u010das.<\/p>","protected":false},"excerpt":{"rendered":"<p>RandoChat is a random chat program that allows you to meet new people anonymously. There is no need to establish an account or log in. With a single tap, you may start a one-on-one conversation. The website offers an easy-to-use platform for interacting with new people online. The Randochat offers the highest quality customer support [&hellip;]<\/p>\n","protected":false},"author":6,"featured_media":559,"parent":0,"menu_order":0,"comment_status":"closed","ping_status":"closed","template":"","meta":{"footnotes":""},"class_list":["post-10021","page","type-page","status-publish","has-post-thumbnail","hentry"],"yoast_head":"<!-- This site is optimized with the Yoast SEO plugin v26.9 - https:\/\/yoast.com\/product\/yoast-seo-wordpress\/ -->\n<title>Randochat - Chat Roulette Anonymously - Cam on StrangerCam.com<\/title>\n<meta name=\"description\" content=\"Like Randochat? Come chat with more than 5.000.000 strangers on Stranger Cam for Free! Turn on your cam and find new friends &amp; maby a match!\" \/>\n<meta name=\"robots\" content=\"index, follow, max-snippet:-1, max-image-preview:large, max-video-preview:-1\" \/>\n<link rel=\"canonical\" href=\"https:\/\/strangercam.com\/cs\/randochat\/\" \/>\n<meta property=\"og:locale\" content=\"cs_CZ\" \/>\n<meta property=\"og:type\" content=\"article\" \/>\n<meta property=\"og:title\" content=\"Randochat - Chat Roulette Anonymously - Cam on StrangerCam.com\" \/>\n<meta property=\"og:description\" content=\"Like Randochat? Come chat with more than 5.000.000 strangers on Stranger Cam for Free! Turn on your cam and find new friends &amp; maby a match!\" \/>\n<meta property=\"og:url\" content=\"https:\/\/strangercam.com\/cs\/randochat\/\" \/>\n<meta property=\"og:site_name\" content=\"Strangercam\" \/>\n<meta property=\"article:publisher\" content=\"https:\/\/www.facebook.com\/strangercam\" \/>\n<meta property=\"article:modified_time\" content=\"2023-08-21T10:38:00+00:00\" \/>\n<meta property=\"og:image\" content=\"https:\/\/strangercam.com\/wp-content\/uploads\/2020\/11\/stranger-cam-1.png\" \/>\n\t<meta property=\"og:image:width\" content=\"800\" \/>\n\t<meta property=\"og:image:height\" content=\"800\" \/>\n\t<meta property=\"og:image:type\" content=\"image\/png\" \/>\n<meta name=\"twitter:card\" content=\"summary_large_image\" \/>\n<meta name=\"twitter:site\" content=\"@strangercamapp\" \/>\n<meta name=\"twitter:label1\" content=\"Odhadovan\u00e1 doba \u010dten\u00ed\" \/>\n\t<meta name=\"twitter:data1\" content=\"2 minuty\" \/>\n<script type=\"application\/ld+json\" class=\"yoast-schema-graph\">{\"@context\":\"https:\/\/schema.org\",\"@graph\":[{\"@type\":\"WebPage\",\"@id\":\"https:\/\/strangercam.com\/randochat\/\",\"url\":\"https:\/\/strangercam.com\/randochat\/\",\"name\":\"Randochat - Chat Roulette Anonymously - Cam on StrangerCam.com\",\"isPartOf\":{\"@id\":\"https:\/\/strangercam.com\/#website\"},\"primaryImageOfPage\":{\"@id\":\"https:\/\/strangercam.com\/randochat\/#primaryimage\"},\"image\":{\"@id\":\"https:\/\/strangercam.com\/randochat\/#primaryimage\"},\"thumbnailUrl\":\"https:\/\/strangercam.com\/wp-content\/uploads\/2020\/11\/stranger-cam-1.png\",\"datePublished\":\"2022-05-30T11:39:35+00:00\",\"dateModified\":\"2023-08-21T10:38:00+00:00\",\"description\":\"Like Randochat? Come chat with more than 5.000.000 strangers on Stranger Cam for Free! Turn on your cam and find new friends & maby a match!\",\"breadcrumb\":{\"@id\":\"https:\/\/strangercam.com\/randochat\/#breadcrumb\"},\"inLanguage\":\"cs\",\"potentialAction\":[{\"@type\":\"ReadAction\",\"target\":[\"https:\/\/strangercam.com\/randochat\/\"]}]},{\"@type\":\"ImageObject\",\"inLanguage\":\"cs\",\"@id\":\"https:\/\/strangercam.com\/randochat\/#primaryimage\",\"url\":\"https:\/\/strangercam.com\/wp-content\/uploads\/2020\/11\/stranger-cam-1.png\",\"contentUrl\":\"https:\/\/strangercam.com\/wp-content\/uploads\/2020\/11\/stranger-cam-1.png\",\"width\":800,\"height\":800,\"caption\":\"stranger cam random video chat\"},{\"@type\":\"BreadcrumbList\",\"@id\":\"https:\/\/strangercam.com\/randochat\/#breadcrumb\",\"itemListElement\":[{\"@type\":\"ListItem\",\"position\":1,\"name\":\"Home\",\"item\":\"https:\/\/strangercam.com\/\"},{\"@type\":\"ListItem\",\"position\":2,\"name\":\"Randochat\"}]},{\"@type\":\"WebSite\",\"@id\":\"https:\/\/strangercam.com\/#website\",\"url\":\"https:\/\/strangercam.com\/\",\"name\":\"Strangercam\",\"description\":\"Random Video Chat with Strangers\",\"publisher\":{\"@id\":\"https:\/\/strangercam.com\/#organization\"},\"alternateName\":\"Strangercam.com\",\"potentialAction\":[{\"@type\":\"SearchAction\",\"target\":{\"@type\":\"EntryPoint\",\"urlTemplate\":\"https:\/\/strangercam.com\/?s={search_term_string}\"},\"query-input\":{\"@type\":\"PropertyValueSpecification\",\"valueRequired\":true,\"valueName\":\"search_term_string\"}}],\"inLanguage\":\"cs\"},{\"@type\":\"Organization\",\"@id\":\"https:\/\/strangercam.com\/#organization\",\"name\":\"Strangercam\",\"alternateName\":\"Strangercam.com\",\"url\":\"https:\/\/strangercam.com\/\",\"logo\":{\"@type\":\"ImageObject\",\"inLanguage\":\"cs\",\"@id\":\"https:\/\/strangercam.com\/#\/schema\/logo\/image\/\",\"url\":\"https:\/\/strangercam.com\/wp-content\/uploads\/2020\/11\/cropped-new-favicon-black.png\",\"contentUrl\":\"https:\/\/strangercam.com\/wp-content\/uploads\/2020\/11\/cropped-new-favicon-black.png\",\"width\":512,\"height\":512,\"caption\":\"Strangercam\"},\"image\":{\"@id\":\"https:\/\/strangercam.com\/#\/schema\/logo\/image\/\"},\"sameAs\":[\"https:\/\/www.facebook.com\/strangercam\",\"https:\/\/x.com\/strangercamapp\"]}]}<\/script>\n<!-- \/ Yoast SEO plugin. -->","yoast_head_json":{"title":"Randochat - Anonymn\u00ed chat - Cam on StrangerCam.com","description":"Jako Randochat? Poj\u010fte si zdarma popov\u00eddat s v\u00edce ne\u017e 5 000 000 cizinci na Stranger Cam! Zapn\u011bte si kameru a najd\u011bte nov\u00e9 p\u0159\u00e1tele &amp; maby z\u00e1pas!","robots":{"index":"index","follow":"follow","max-snippet":"max-snippet:-1","max-image-preview":"max-image-preview:large","max-video-preview":"max-video-preview:-1"},"canonical":"https:\/\/strangercam.com\/cs\/randochat\/","og_locale":"cs_CZ","og_type":"article","og_title":"Randochat - Chat Roulette Anonymously - Cam on StrangerCam.com","og_description":"Like Randochat? Come chat with more than 5.000.000 strangers on Stranger Cam for Free! Turn on your cam and find new friends & maby a match!","og_url":"https:\/\/strangercam.com\/cs\/randochat\/","og_site_name":"Strangercam","article_publisher":"https:\/\/www.facebook.com\/strangercam","article_modified_time":"2023-08-21T10:38:00+00:00","og_image":[{"width":800,"height":800,"url":"https:\/\/strangercam.com\/wp-content\/uploads\/2020\/11\/stranger-cam-1.png","type":"image\/png"}],"twitter_card":"summary_large_image","twitter_site":"@strangercamapp","twitter_misc":{"Odhadovan\u00e1 doba \u010dten\u00ed":"2 minuty"},"schema":{"@context":"https:\/\/schema.org","@graph":[{"@type":"WebPage","@id":"https:\/\/strangercam.com\/randochat\/","url":"https:\/\/strangercam.com\/randochat\/","name":"Randochat - Anonymn\u00ed chat - Cam on StrangerCam.com","isPartOf":{"@id":"https:\/\/strangercam.com\/#website"},"primaryImageOfPage":{"@id":"https:\/\/strangercam.com\/randochat\/#primaryimage"},"image":{"@id":"https:\/\/strangercam.com\/randochat\/#primaryimage"},"thumbnailUrl":"https:\/\/strangercam.com\/wp-content\/uploads\/2020\/11\/stranger-cam-1.png","datePublished":"2022-05-30T11:39:35+00:00","dateModified":"2023-08-21T10:38:00+00:00","description":"Jako Randochat? Poj\u010fte si zdarma popov\u00eddat s v\u00edce ne\u017e 5 000 000 cizinci na Stranger Cam! Zapn\u011bte si kameru a najd\u011bte nov\u00e9 p\u0159\u00e1tele &amp; maby z\u00e1pas!","breadcrumb":{"@id":"https:\/\/strangercam.com\/randochat\/#breadcrumb"},"inLanguage":"cs","potentialAction":[{"@type":"ReadAction","target":["https:\/\/strangercam.com\/randochat\/"]}]},{"@type":"ImageObject","inLanguage":"cs","@id":"https:\/\/strangercam.com\/randochat\/#primaryimage","url":"https:\/\/strangercam.com\/wp-content\/uploads\/2020\/11\/stranger-cam-1.png","contentUrl":"https:\/\/strangercam.com\/wp-content\/uploads\/2020\/11\/stranger-cam-1.png","width":800,"height":800,"caption":"stranger cam random video chat"},{"@type":"BreadcrumbList","@id":"https:\/\/strangercam.com\/randochat\/#breadcrumb","itemListElement":[{"@type":"ListItem","position":1,"name":"Home","item":"https:\/\/strangercam.com\/"},{"@type":"ListItem","position":2,"name":"Randochat"}]},{"@type":"WebSite","@id":"https:\/\/strangercam.com\/#website","url":"https:\/\/strangercam.com\/","name":"Strangercam","description":"N\u00e1hodn\u00fd videochat s ciz\u00edmi lidmi","publisher":{"@id":"https:\/\/strangercam.com\/#organization"},"alternateName":"Strangercam.com","potentialAction":[{"@type":"SearchAction","target":{"@type":"EntryPoint","urlTemplate":"https:\/\/strangercam.com\/?s={search_term_string}"},"query-input":{"@type":"PropertyValueSpecification","valueRequired":true,"valueName":"search_term_string"}}],"inLanguage":"cs"},{"@type":"Organization","@id":"https:\/\/strangercam.com\/#organization","name":"Strangercam","alternateName":"Strangercam.com","url":"https:\/\/strangercam.com\/","logo":{"@type":"ImageObject","inLanguage":"cs","@id":"https:\/\/strangercam.com\/#\/schema\/logo\/image\/","url":"https:\/\/strangercam.com\/wp-content\/uploads\/2020\/11\/cropped-new-favicon-black.png","contentUrl":"https:\/\/strangercam.com\/wp-content\/uploads\/2020\/11\/cropped-new-favicon-black.png","width":512,"height":512,"caption":"Strangercam"},"image":{"@id":"https:\/\/strangercam.com\/#\/schema\/logo\/image\/"},"sameAs":["https:\/\/www.facebook.com\/strangercam","https:\/\/x.com\/strangercamapp"]}]}},"_links":{"self":[{"href":"https:\/\/strangercam.com\/cs\/wp-json\/wp\/v2\/pages\/10021","targetHints":{"allow":["GET"]}}],"collection":[{"href":"https:\/\/strangercam.com\/cs\/wp-json\/wp\/v2\/pages"}],"about":[{"href":"https:\/\/strangercam.com\/cs\/wp-json\/wp\/v2\/types\/page"}],"author":[{"embeddable":true,"href":"https:\/\/strangercam.com\/cs\/wp-json\/wp\/v2\/users\/6"}],"replies":[{"embeddable":true,"href":"https:\/\/strangercam.com\/cs\/wp-json\/wp\/v2\/comments?post=10021"}],"version-history":[{"count":0,"href":"https:\/\/strangercam.com\/cs\/wp-json\/wp\/v2\/pages\/10021\/revisions"}],"wp:featuredmedia":[{"embeddable":true,"href":"https:\/\/strangercam.com\/cs\/wp-json\/wp\/v2\/media\/559"}],"wp:attachment":[{"href":"https:\/\/strangercam.com\/cs\/wp-json\/wp\/v2\/media?parent=10021"}],"curies":[{"name":"wp","href":"https:\/\/api.w.org\/{rel}","templated":true}]}}